{"id":4838,"date":"2020-06-05T08:29:00","date_gmt":"2020-06-05T06:29:00","guid":{"rendered":"http:\/\/localhost\/ins-test\/?post_type=product&#038;p=4838"},"modified":"2026-02-17T09:25:50","modified_gmt":"2026-02-17T08:25:50","slug":"pelmatojulus-ligulatus-gelbgebaenderter-tausendfuesser","status":"publish","type":"product","link":"https:\/\/insektenliebe.com\/de\/shop\/produkt\/pelmatojulus-ligulatus-gelbgebaenderter-tausendfuesser\/","title":{"rendered":"Pelmatojulus ligulatus \"Gelbgeb\u00e4nderter Tausendf\u00fc\u00dfer\""},"content":{"rendered":"<h3><span style=\"color: #99cc33\">Kurzbeschreibung:<\/span><\/h3>\n<p class=\"font_8\">Pelmatojulus ligulatus z\u00e4hlt mit seinen bis zu 14 cm L\u00e4nge zu den mittelgro\u00dfen Arten. Sein Verbreitungsgebiet erstreckt sich von Benin \u00fcber Togo bis Nigeria. Hier bewohnt er haupts\u00e4chlich sekund\u00e4re Regenw\u00e4lder. P. ligulatus ist f\u00fcr Anf\u00e4nger nur bedingt geeignet, da ein paar Erfahrungswerte in der Haltung von Vorteil sind. Es sollte stets gen\u00fcgend wei\u00dffaules Holz und Laub angeboten werden. Wer sicherstellen kann, dass er immer gen\u00fcgend auf Vorrat hat, wird mit dieser Art sehr gl\u00fccklich werden. Nachzucht sind uns schon \u00f6fters gelungen. Die Tiere sind mit etwa 2 Jahren geschlechtsreif.<\/p>\n<p class=\"font_8\">Bei Pelmatojulus ligulatus handelt es sich um eine, mit 15 mm Breite, recht kr\u00e4ftige Art. Der vordere Abschnitt der Doppelsegmente ist oberhalb der Wehrdr\u00fcsen gelb bis gelb-orange gef\u00e4rbt, der hintere ist dunkelbraun bis fast schwarz. Sein gesamter K\u00f6rper ist auff\u00e4llig gl\u00e4nzend. Das Kopf-, sowie das Analsegment sind dunkelbraun gef\u00e4rbt. Die Antennen von P. ligulatus sind rot und seine Beine rotbraun und recht kurz. Bei adulten M\u00e4nnchen kann man Sohlenpolster an den Tarsen erkennen.<\/p>\n<p class=\"font_8\">Pelmatojulus ligulatus kann in einem Becken mit einer Mindestgrundfl\u00e4che von 30 x 40 cm gehalten werden.<\/p>\n<p class=\"font_8\">Das Substrat sollte mindestens 10 cm hoch eingef\u00fcllt werden und mit einer Laubschicht bedeckt sein. Laub und wei\u00dffaules Holz bilden die Hauptnahrung von P. ligulatus, seltener wird auch Zusatzfutter in Form von Bl\u00fcten, Gem\u00fcse, Proteine angenommen. Die Temperatur im Terrarium sollte bei 25-28\u00b0C liegen, die Luftfeuchtigkeit immer um die 90% betragen. Auf Kletterm\u00f6glichkeiten kann verzichtet werden, da die Art so gut wie nie klettert. H\u00f6hlen in Form von Rindenst\u00fccken, Kokos- oder Nussschalen und \u00e4hnlichem k\u00f6nnen angeboten werden und werden auch gerne genutzt. Die Tiere sind d\u00e4mmerungs- und nachtaktiv, weshalb auf eine zus\u00e4tzliche Beleuchtung verzichtet werden kann.<\/p>\n","protected":false},"excerpt":{"rendered":"<p>Auff\u00e4llig gelbgeb\u00e4nderter Tausendf\u00fc\u00dfer!<\/p>\n","protected":false},"featured_media":4868,"template":"","meta":{"_acf_changed":false},"product-supplier":[],"product_brand":[],"product_cat":[144],"product_tag":[],"lce-checkout-addons":[1202],"class_list":{"0":"post-4838","1":"product","2":"type-product","3":"status-publish","4":"has-post-thumbnail","6":"product_cat-tausendfuesser","7":"product_shipping_class-animal-shipping","8":"pa_herkunft-nigeria","9":"pa_kontinent-afrika","10":"lce-checkout-addons-winterverpackung","12":"first","13":"outofstock","14":"taxable","15":"shipping-taxable","16":"purchasable","17":"product-type-simple"},"acf":[],"yoast_head":"<!-- This site is optimized with the Yoast SEO plugin v27.3 - https:\/\/yoast.com\/product\/yoast-seo-wordpress\/ -->\n<title>Pelmatojulus ligulatus &quot;Gelbgeb\u00e4nderter Tausendf\u00fc\u00dfer&quot; - Insektenliebe<\/title>\n<meta name=\"description\" content=\"G\u00fcnstige Pelmatojulus ligulatus online kaufen. Ein wundersch\u00f6n gelbgeb\u00e4nderter Tausendf\u00fc\u00dfer den man hier direkt beim Z\u00fcchter kaufen kann.\" \/>\n<meta name=\"robots\" content=\"index, follow, max-snippet:-1, max-image-preview:large, max-video-preview:-1\" \/>\n<link rel=\"canonical\" href=\"https:\/\/insektenliebe.com\/de\/shop\/produkt\/pelmatojulus-ligulatus-gelbgebaenderter-tausendfuesser\/\" \/>\n<meta property=\"og:locale\" content=\"de_DE\" \/>\n<meta property=\"og:type\" content=\"article\" \/>\n<meta property=\"og:title\" content=\"Pelmatojulus ligulatus &quot;Gelbgeb\u00e4nderter Tausendf\u00fc\u00dfer&quot; - Insektenliebe\" \/>\n<meta property=\"og:description\" content=\"G\u00fcnstige Pelmatojulus ligulatus online kaufen. Ein wundersch\u00f6n gelbgeb\u00e4nderter Tausendf\u00fc\u00dfer den man hier direkt beim Z\u00fcchter kaufen kann.\" \/>\n<meta property=\"og:url\" content=\"https:\/\/insektenliebe.com\/de\/shop\/produkt\/pelmatojulus-ligulatus-gelbgebaenderter-tausendfuesser\/\" \/>\n<meta property=\"og:site_name\" content=\"Insektenliebe\" \/>\n<meta property=\"article:modified_time\" content=\"2026-02-17T08:25:50+00:00\" \/>\n<meta property=\"og:image\" content=\"https:\/\/insektenliebe.com\/wp-content\/uploads\/2025\/05\/Pelmatojulus-ligulatus-3-2.jpg\" \/>\n\t<meta property=\"og:image:width\" content=\"820\" \/>\n\t<meta property=\"og:image:height\" content=\"820\" \/>\n\t<meta property=\"og:image:type\" content=\"image\/jpeg\" \/>\n<meta name=\"twitter:card\" content=\"summary_large_image\" \/>\n<meta name=\"twitter:label1\" content=\"Gesch\u00e4tzte Lesezeit\" \/>\n\t<meta name=\"twitter:data1\" content=\"2\u00a0Minuten\" \/>\n<script type=\"application\/ld+json\" class=\"yoast-schema-graph\">{\"@context\":\"https:\\\/\\\/schema.org\",\"@graph\":[{\"@type\":\"WebPage\",\"@id\":\"https:\\\/\\\/insektenliebe.com\\\/de\\\/shop\\\/produkt\\\/pelmatojulus-ligulatus-gelbgebaenderter-tausendfuesser\\\/\",\"url\":\"https:\\\/\\\/insektenliebe.com\\\/de\\\/shop\\\/produkt\\\/pelmatojulus-ligulatus-gelbgebaenderter-tausendfuesser\\\/\",\"name\":\"Pelmatojulus ligulatus \\\"Gelbgeb\u00e4nderter Tausendf\u00fc\u00dfer\\\" - Insektenliebe\",\"isPartOf\":{\"@id\":\"https:\\\/\\\/insektenliebe.com\\\/de\\\/#website\"},\"primaryImageOfPage\":{\"@id\":\"https:\\\/\\\/insektenliebe.com\\\/de\\\/shop\\\/produkt\\\/pelmatojulus-ligulatus-gelbgebaenderter-tausendfuesser\\\/#primaryimage\"},\"image\":{\"@id\":\"https:\\\/\\\/insektenliebe.com\\\/de\\\/shop\\\/produkt\\\/pelmatojulus-ligulatus-gelbgebaenderter-tausendfuesser\\\/#primaryimage\"},\"thumbnailUrl\":\"https:\\\/\\\/insektenliebe.com\\\/wp-content\\\/uploads\\\/2025\\\/05\\\/Pelmatojulus-ligulatus-3-2.jpg\",\"datePublished\":\"2020-06-05T06:29:00+00:00\",\"dateModified\":\"2026-02-17T08:25:50+00:00\",\"description\":\"G\u00fcnstige Pelmatojulus ligulatus online kaufen. Ein wundersch\u00f6n gelbgeb\u00e4nderter Tausendf\u00fc\u00dfer den man hier direkt beim Z\u00fcchter kaufen kann.\",\"breadcrumb\":{\"@id\":\"https:\\\/\\\/insektenliebe.com\\\/de\\\/shop\\\/produkt\\\/pelmatojulus-ligulatus-gelbgebaenderter-tausendfuesser\\\/#breadcrumb\"},\"inLanguage\":\"de\",\"potentialAction\":[{\"@type\":\"ReadAction\",\"target\":[\"https:\\\/\\\/insektenliebe.com\\\/de\\\/shop\\\/produkt\\\/pelmatojulus-ligulatus-gelbgebaenderter-tausendfuesser\\\/\"]}]},{\"@type\":\"ImageObject\",\"inLanguage\":\"de\",\"@id\":\"https:\\\/\\\/insektenliebe.com\\\/de\\\/shop\\\/produkt\\\/pelmatojulus-ligulatus-gelbgebaenderter-tausendfuesser\\\/#primaryimage\",\"url\":\"https:\\\/\\\/insektenliebe.com\\\/wp-content\\\/uploads\\\/2025\\\/05\\\/Pelmatojulus-ligulatus-3-2.jpg\",\"contentUrl\":\"https:\\\/\\\/insektenliebe.com\\\/wp-content\\\/uploads\\\/2025\\\/05\\\/Pelmatojulus-ligulatus-3-2.jpg\",\"width\":820,\"height\":820,\"caption\":\"Pelmatojulus-ligulatus-3-2.jpg\"},{\"@type\":\"BreadcrumbList\",\"@id\":\"https:\\\/\\\/insektenliebe.com\\\/de\\\/shop\\\/produkt\\\/pelmatojulus-ligulatus-gelbgebaenderter-tausendfuesser\\\/#breadcrumb\",\"itemListElement\":[{\"@type\":\"ListItem\",\"position\":1,\"name\":\"Startseite\",\"item\":\"https:\\\/\\\/insektenliebe.com\\\/de\\\/\"},{\"@type\":\"ListItem\",\"position\":2,\"name\":\"Shop\",\"item\":\"https:\\\/\\\/insektenliebe.com\\\/de\\\/shop\\\/\"},{\"@type\":\"ListItem\",\"position\":3,\"name\":\"Pelmatojulus ligulatus &#8222;Gelbgeb\u00e4nderter Tausendf\u00fc\u00dfer&#8220;\"}]},{\"@type\":\"WebSite\",\"@id\":\"https:\\\/\\\/insektenliebe.com\\\/de\\\/#website\",\"url\":\"https:\\\/\\\/insektenliebe.com\\\/de\\\/\",\"name\":\"Insektenliebe\",\"description\":\"Dein Zuhause f\u00fcr die kleinen Lebewesen\",\"publisher\":{\"@id\":\"https:\\\/\\\/insektenliebe.com\\\/de\\\/#organization\"},\"potentialAction\":[{\"@type\":\"SearchAction\",\"target\":{\"@type\":\"EntryPoint\",\"urlTemplate\":\"https:\\\/\\\/insektenliebe.com\\\/de\\\/?s={search_term_string}\"},\"query-input\":{\"@type\":\"PropertyValueSpecification\",\"valueRequired\":true,\"valueName\":\"search_term_string\"}}],\"inLanguage\":\"de\"},{\"@type\":\"Organization\",\"@id\":\"https:\\\/\\\/insektenliebe.com\\\/de\\\/#organization\",\"name\":\"Insektenliebe\",\"url\":\"https:\\\/\\\/insektenliebe.com\\\/de\\\/\",\"logo\":{\"@type\":\"ImageObject\",\"inLanguage\":\"de\",\"@id\":\"https:\\\/\\\/insektenliebe.com\\\/de\\\/#\\\/schema\\\/logo\\\/image\\\/\",\"url\":\"https:\\\/\\\/insektenliebe.com\\\/wp-content\\\/uploads\\\/2025\\\/03\\\/logo-white.png\",\"contentUrl\":\"https:\\\/\\\/insektenliebe.com\\\/wp-content\\\/uploads\\\/2025\\\/03\\\/logo-white.png\",\"width\":288,\"height\":188,\"caption\":\"Insektenliebe\"},\"image\":{\"@id\":\"https:\\\/\\\/insektenliebe.com\\\/de\\\/#\\\/schema\\\/logo\\\/image\\\/\"}}]}<\/script>\n<!-- \/ Yoast SEO plugin. -->","yoast_head_json":{"title":"Pelmatojulus ligulatus \"Gelbgeb\u00e4nderter Tausendf\u00fc\u00dfer\" - Insektenliebe","description":"G\u00fcnstige Pelmatojulus ligulatus online kaufen. Ein wundersch\u00f6n gelbgeb\u00e4nderter Tausendf\u00fc\u00dfer den man hier direkt beim Z\u00fcchter kaufen kann.","robots":{"index":"index","follow":"follow","max-snippet":"max-snippet:-1","max-image-preview":"max-image-preview:large","max-video-preview":"max-video-preview:-1"},"canonical":"https:\/\/insektenliebe.com\/de\/shop\/produkt\/pelmatojulus-ligulatus-gelbgebaenderter-tausendfuesser\/","og_locale":"de_DE","og_type":"article","og_title":"Pelmatojulus ligulatus \"Gelbgeb\u00e4nderter Tausendf\u00fc\u00dfer\" - Insektenliebe","og_description":"G\u00fcnstige Pelmatojulus ligulatus online kaufen. Ein wundersch\u00f6n gelbgeb\u00e4nderter Tausendf\u00fc\u00dfer den man hier direkt beim Z\u00fcchter kaufen kann.","og_url":"https:\/\/insektenliebe.com\/de\/shop\/produkt\/pelmatojulus-ligulatus-gelbgebaenderter-tausendfuesser\/","og_site_name":"Insektenliebe","article_modified_time":"2026-02-17T08:25:50+00:00","og_image":[{"width":820,"height":820,"url":"https:\/\/insektenliebe.com\/wp-content\/uploads\/2025\/05\/Pelmatojulus-ligulatus-3-2.jpg","type":"image\/jpeg"}],"twitter_card":"summary_large_image","twitter_misc":{"Gesch\u00e4tzte Lesezeit":"2\u00a0Minuten"},"schema":{"@context":"https:\/\/schema.org","@graph":[{"@type":"WebPage","@id":"https:\/\/insektenliebe.com\/de\/shop\/produkt\/pelmatojulus-ligulatus-gelbgebaenderter-tausendfuesser\/","url":"https:\/\/insektenliebe.com\/de\/shop\/produkt\/pelmatojulus-ligulatus-gelbgebaenderter-tausendfuesser\/","name":"Pelmatojulus ligulatus \"Gelbgeb\u00e4nderter Tausendf\u00fc\u00dfer\" - Insektenliebe","isPartOf":{"@id":"https:\/\/insektenliebe.com\/de\/#website"},"primaryImageOfPage":{"@id":"https:\/\/insektenliebe.com\/de\/shop\/produkt\/pelmatojulus-ligulatus-gelbgebaenderter-tausendfuesser\/#primaryimage"},"image":{"@id":"https:\/\/insektenliebe.com\/de\/shop\/produkt\/pelmatojulus-ligulatus-gelbgebaenderter-tausendfuesser\/#primaryimage"},"thumbnailUrl":"https:\/\/insektenliebe.com\/wp-content\/uploads\/2025\/05\/Pelmatojulus-ligulatus-3-2.jpg","datePublished":"2020-06-05T06:29:00+00:00","dateModified":"2026-02-17T08:25:50+00:00","description":"G\u00fcnstige Pelmatojulus ligulatus online kaufen. Ein wundersch\u00f6n gelbgeb\u00e4nderter Tausendf\u00fc\u00dfer den man hier direkt beim Z\u00fcchter kaufen kann.","breadcrumb":{"@id":"https:\/\/insektenliebe.com\/de\/shop\/produkt\/pelmatojulus-ligulatus-gelbgebaenderter-tausendfuesser\/#breadcrumb"},"inLanguage":"de","potentialAction":[{"@type":"ReadAction","target":["https:\/\/insektenliebe.com\/de\/shop\/produkt\/pelmatojulus-ligulatus-gelbgebaenderter-tausendfuesser\/"]}]},{"@type":"ImageObject","inLanguage":"de","@id":"https:\/\/insektenliebe.com\/de\/shop\/produkt\/pelmatojulus-ligulatus-gelbgebaenderter-tausendfuesser\/#primaryimage","url":"https:\/\/insektenliebe.com\/wp-content\/uploads\/2025\/05\/Pelmatojulus-ligulatus-3-2.jpg","contentUrl":"https:\/\/insektenliebe.com\/wp-content\/uploads\/2025\/05\/Pelmatojulus-ligulatus-3-2.jpg","width":820,"height":820,"caption":"Pelmatojulus-ligulatus-3-2.jpg"},{"@type":"BreadcrumbList","@id":"https:\/\/insektenliebe.com\/de\/shop\/produkt\/pelmatojulus-ligulatus-gelbgebaenderter-tausendfuesser\/#breadcrumb","itemListElement":[{"@type":"ListItem","position":1,"name":"Startseite","item":"https:\/\/insektenliebe.com\/de\/"},{"@type":"ListItem","position":2,"name":"Shop","item":"https:\/\/insektenliebe.com\/de\/shop\/"},{"@type":"ListItem","position":3,"name":"Pelmatojulus ligulatus &#8222;Gelbgeb\u00e4nderter Tausendf\u00fc\u00dfer&#8220;"}]},{"@type":"WebSite","@id":"https:\/\/insektenliebe.com\/de\/#website","url":"https:\/\/insektenliebe.com\/de\/","name":"Insektenliebe","description":"Dein Zuhause f\u00fcr die kleinen Lebewesen","publisher":{"@id":"https:\/\/insektenliebe.com\/de\/#organization"},"potentialAction":[{"@type":"SearchAction","target":{"@type":"EntryPoint","urlTemplate":"https:\/\/insektenliebe.com\/de\/?s={search_term_string}"},"query-input":{"@type":"PropertyValueSpecification","valueRequired":true,"valueName":"search_term_string"}}],"inLanguage":"de"},{"@type":"Organization","@id":"https:\/\/insektenliebe.com\/de\/#organization","name":"Insektenliebe","url":"https:\/\/insektenliebe.com\/de\/","logo":{"@type":"ImageObject","inLanguage":"de","@id":"https:\/\/insektenliebe.com\/de\/#\/schema\/logo\/image\/","url":"https:\/\/insektenliebe.com\/wp-content\/uploads\/2025\/03\/logo-white.png","contentUrl":"https:\/\/insektenliebe.com\/wp-content\/uploads\/2025\/03\/logo-white.png","width":288,"height":188,"caption":"Insektenliebe"},"image":{"@id":"https:\/\/insektenliebe.com\/de\/#\/schema\/logo\/image\/"}}]}},"_links":{"self":[{"href":"https:\/\/insektenliebe.com\/de\/wp-json\/wp\/v2\/product\/4838","targetHints":{"allow":["GET"]}}],"collection":[{"href":"https:\/\/insektenliebe.com\/de\/wp-json\/wp\/v2\/product"}],"about":[{"href":"https:\/\/insektenliebe.com\/de\/wp-json\/wp\/v2\/types\/product"}],"wp:featuredmedia":[{"embeddable":true,"href":"https:\/\/insektenliebe.com\/de\/wp-json\/wp\/v2\/media\/4868"}],"wp:attachment":[{"href":"https:\/\/insektenliebe.com\/de\/wp-json\/wp\/v2\/media?parent=4838"}],"wp:term":[{"taxonomy":"product-supplier","embeddable":true,"href":"https:\/\/insektenliebe.com\/de\/wp-json\/wp\/v2\/product-supplier?post=4838"},{"taxonomy":"product_brand","embeddable":true,"href":"https:\/\/insektenliebe.com\/de\/wp-json\/wp\/v2\/product_brand?post=4838"},{"taxonomy":"product_cat","embeddable":true,"href":"https:\/\/insektenliebe.com\/de\/wp-json\/wp\/v2\/product_cat?post=4838"},{"taxonomy":"product_tag","embeddable":true,"href":"https:\/\/insektenliebe.com\/de\/wp-json\/wp\/v2\/product_tag?post=4838"},{"taxonomy":"lce-checkout-addons","embeddable":true,"href":"https:\/\/insektenliebe.com\/de\/wp-json\/wp\/v2\/lce-checkout-addons?post=4838"}],"curies":[{"name":"wp","href":"https:\/\/api.w.org\/{rel}","templated":true}]}}