{"id":4814,"date":"2020-05-28T05:49:29","date_gmt":"2020-05-28T05:49:29","guid":{"rendered":"http:\/\/localhost\/ins-test\/?post_type=product&#038;p=4814"},"modified":"2026-03-09T16:43:26","modified_gmt":"2026-03-09T15:43:26","slug":"loewenzahnblueten","status":"publish","type":"product","link":"https:\/\/insektenliebe.com\/de\/shop\/produkt\/loewenzahnblueten\/","title":{"rendered":"L\u00f6wenzahnbl\u00fcten"},"content":{"rendered":"<h3><span class=\"s1\" style=\"color: #99cc33;\">L\u00f6wenzahnbl\u00fcten \u2013 Nat\u00fcrliche Bl\u00fctenpower f\u00fcr deine Wirbellosen<\/span><\/h3>\n<p class=\"p1\"><span class=\"s1\"><strong>L\u00f6wenzahnbl\u00fcten<\/strong> sind ein hervorragendes Naturfutter f\u00fcr viele Wirbellose im Terrarium. Sie enthalten eine Vielzahl an Mineralstoffen, Spurenelementen, Bitterstoffen und Vitaminen. Dadurch stellen sie eine wertvolle Erg\u00e4nzung f\u00fcr die Ern\u00e4hrung von <\/span><span class=\"s2\">Asseln, Tausendf\u00fc\u00dfern und Schaben<\/span><span class=\"s1\"> dar.<\/span><\/p>\n<p class=\"p1\"><span class=\"s1\">Auch in der Natur geh\u00f6ren abgestorbene Bl\u00fcten zum nat\u00fcrlichen Nahrungsspektrum vieler Zersetzer. Sobald Bl\u00fcten auf den Boden fallen, beginnen zahlreiche Wirbellose damit, das organische Material zu zersetzen und zu verwerten. Genau dieses nat\u00fcrliche Verhalten kannst du mit <strong>L\u00f6wenzahnbl\u00fcten<\/strong> auch im Terrarium unterst\u00fctzen.<\/span><\/p>\n<p class=\"p1\"><span class=\"s1\">Die getrockneten Bl\u00fcten lassen sich einfach auf das Substrat legen. Dort nehmen die Tiere sie nach und nach auf und verwerten sie als zus\u00e4tzliche Nahrungsquelle. Gleichzeitig bringen die Bl\u00fcten mehr Abwechslung in den Speiseplan deiner Terrarienbewohner.<\/span><\/p>\n<p class=\"p1\"><span class=\"s1\">Besonders in bioaktiven Terrarien mit einer aktiven Bodenpolizei sind <strong>L\u00f6wenzahnbl\u00fcten<\/strong> eine sinnvolle Erg\u00e4nzung. Sie liefern zus\u00e4tzliche N\u00e4hrstoffe und unterst\u00fctzen gleichzeitig ein naturnahes Gleichgewicht im Bodensubstrat.<\/span><\/p>\n<p class=\"p1\"><span class=\"s1\">Durch ihre nat\u00fcrlichen Inhaltsstoffe und ihren aromatischen Geruch werden <strong>L\u00f6wenzahnbl\u00fcten<\/strong> von vielen Wirbellosen sehr gut angenommen. So kannst du deine Tiere nicht nur abwechslungsreich f\u00fcttern, sondern gleichzeitig ein St\u00fcck Natur in dein Terrarium bringen.<\/span><\/p>\n","protected":false},"excerpt":{"rendered":"<p>Eine willkommene und abwechslungsreiche Futterzugabe f\u00fcr alle Tausendf\u00fcsser, Asseln und Schaben.<\/p>\n","protected":false},"featured_media":4861,"template":"","meta":{"_acf_changed":false},"product-supplier":[],"product_brand":[],"product_cat":[129],"product_tag":[],"lce-checkout-addons":[],"class_list":{"0":"post-4814","1":"product","2":"type-product","3":"status-publish","4":"has-post-thumbnail","6":"product_cat-futter-kalzium","7":"product_shipping_class-equipment-shipping","9":"first","10":"outofstock","11":"taxable","12":"shipping-taxable","13":"purchasable","14":"product-type-simple"},"acf":[],"yoast_head":"<!-- This site is optimized with the Yoast SEO plugin v27.3 - https:\/\/yoast.com\/product\/yoast-seo-wordpress\/ -->\n<title>L\u00f6wenzahnbl\u00fcten - Insektenliebe<\/title>\n<meta name=\"description\" content=\"Getrocknete L\u00f6wenzahnbl\u00fcten f\u00fcr Asseln, Tausendf\u00fc\u00dfer und Schaben \u2013 nat\u00fcrliches Zusatzfutter mit Mineralstoffen, Vitaminen und Bitterstoffen.\" \/>\n<meta name=\"robots\" content=\"index, follow, max-snippet:-1, max-image-preview:large, max-video-preview:-1\" \/>\n<link rel=\"canonical\" href=\"https:\/\/insektenliebe.com\/de\/shop\/produkt\/loewenzahnblueten\/\" \/>\n<meta property=\"og:locale\" content=\"de_DE\" \/>\n<meta property=\"og:type\" content=\"article\" \/>\n<meta property=\"og:title\" content=\"L\u00f6wenzahnbl\u00fcten - Insektenliebe\" \/>\n<meta property=\"og:description\" content=\"Getrocknete L\u00f6wenzahnbl\u00fcten f\u00fcr Asseln, Tausendf\u00fc\u00dfer und Schaben \u2013 nat\u00fcrliches Zusatzfutter mit Mineralstoffen, Vitaminen und Bitterstoffen.\" \/>\n<meta property=\"og:url\" content=\"https:\/\/insektenliebe.com\/de\/shop\/produkt\/loewenzahnblueten\/\" \/>\n<meta property=\"og:site_name\" content=\"Insektenliebe\" \/>\n<meta property=\"article:modified_time\" content=\"2026-03-09T15:43:26+00:00\" \/>\n<meta property=\"og:image\" content=\"https:\/\/insektenliebe.com\/wp-content\/uploads\/2025\/05\/loewenzahn-1-2.jpg\" \/>\n\t<meta property=\"og:image:width\" content=\"820\" \/>\n\t<meta property=\"og:image:height\" content=\"820\" \/>\n\t<meta property=\"og:image:type\" content=\"image\/jpeg\" \/>\n<meta name=\"twitter:card\" content=\"summary_large_image\" \/>\n<meta name=\"twitter:label1\" content=\"Gesch\u00e4tzte Lesezeit\" \/>\n\t<meta name=\"twitter:data1\" content=\"2\u00a0Minuten\" \/>\n<script type=\"application\/ld+json\" class=\"yoast-schema-graph\">{\"@context\":\"https:\\\/\\\/schema.org\",\"@graph\":[{\"@type\":\"WebPage\",\"@id\":\"https:\\\/\\\/insektenliebe.com\\\/de\\\/shop\\\/produkt\\\/loewenzahnblueten\\\/\",\"url\":\"https:\\\/\\\/insektenliebe.com\\\/de\\\/shop\\\/produkt\\\/loewenzahnblueten\\\/\",\"name\":\"L\u00f6wenzahnbl\u00fcten - Insektenliebe\",\"isPartOf\":{\"@id\":\"https:\\\/\\\/insektenliebe.com\\\/de\\\/#website\"},\"primaryImageOfPage\":{\"@id\":\"https:\\\/\\\/insektenliebe.com\\\/de\\\/shop\\\/produkt\\\/loewenzahnblueten\\\/#primaryimage\"},\"image\":{\"@id\":\"https:\\\/\\\/insektenliebe.com\\\/de\\\/shop\\\/produkt\\\/loewenzahnblueten\\\/#primaryimage\"},\"thumbnailUrl\":\"https:\\\/\\\/insektenliebe.com\\\/wp-content\\\/uploads\\\/2025\\\/05\\\/loewenzahn-1-2.jpg\",\"datePublished\":\"2020-05-28T05:49:29+00:00\",\"dateModified\":\"2026-03-09T15:43:26+00:00\",\"description\":\"Getrocknete L\u00f6wenzahnbl\u00fcten f\u00fcr Asseln, Tausendf\u00fc\u00dfer und Schaben \u2013 nat\u00fcrliches Zusatzfutter mit Mineralstoffen, Vitaminen und Bitterstoffen.\",\"breadcrumb\":{\"@id\":\"https:\\\/\\\/insektenliebe.com\\\/de\\\/shop\\\/produkt\\\/loewenzahnblueten\\\/#breadcrumb\"},\"inLanguage\":\"de\",\"potentialAction\":[{\"@type\":\"ReadAction\",\"target\":[\"https:\\\/\\\/insektenliebe.com\\\/de\\\/shop\\\/produkt\\\/loewenzahnblueten\\\/\"]}]},{\"@type\":\"ImageObject\",\"inLanguage\":\"de\",\"@id\":\"https:\\\/\\\/insektenliebe.com\\\/de\\\/shop\\\/produkt\\\/loewenzahnblueten\\\/#primaryimage\",\"url\":\"https:\\\/\\\/insektenliebe.com\\\/wp-content\\\/uploads\\\/2025\\\/05\\\/loewenzahn-1-2.jpg\",\"contentUrl\":\"https:\\\/\\\/insektenliebe.com\\\/wp-content\\\/uploads\\\/2025\\\/05\\\/loewenzahn-1-2.jpg\",\"width\":820,\"height\":820,\"caption\":\"loewenzahn-1-2.jpg\"},{\"@type\":\"BreadcrumbList\",\"@id\":\"https:\\\/\\\/insektenliebe.com\\\/de\\\/shop\\\/produkt\\\/loewenzahnblueten\\\/#breadcrumb\",\"itemListElement\":[{\"@type\":\"ListItem\",\"position\":1,\"name\":\"Startseite\",\"item\":\"https:\\\/\\\/insektenliebe.com\\\/de\\\/\"},{\"@type\":\"ListItem\",\"position\":2,\"name\":\"Shop\",\"item\":\"https:\\\/\\\/insektenliebe.com\\\/de\\\/shop\\\/\"},{\"@type\":\"ListItem\",\"position\":3,\"name\":\"L\u00f6wenzahnbl\u00fcten\"}]},{\"@type\":\"WebSite\",\"@id\":\"https:\\\/\\\/insektenliebe.com\\\/de\\\/#website\",\"url\":\"https:\\\/\\\/insektenliebe.com\\\/de\\\/\",\"name\":\"Insektenliebe\",\"description\":\"Dein Zuhause f\u00fcr die kleinen Lebewesen\",\"publisher\":{\"@id\":\"https:\\\/\\\/insektenliebe.com\\\/de\\\/#organization\"},\"potentialAction\":[{\"@type\":\"SearchAction\",\"target\":{\"@type\":\"EntryPoint\",\"urlTemplate\":\"https:\\\/\\\/insektenliebe.com\\\/de\\\/?s={search_term_string}\"},\"query-input\":{\"@type\":\"PropertyValueSpecification\",\"valueRequired\":true,\"valueName\":\"search_term_string\"}}],\"inLanguage\":\"de\"},{\"@type\":\"Organization\",\"@id\":\"https:\\\/\\\/insektenliebe.com\\\/de\\\/#organization\",\"name\":\"Insektenliebe\",\"url\":\"https:\\\/\\\/insektenliebe.com\\\/de\\\/\",\"logo\":{\"@type\":\"ImageObject\",\"inLanguage\":\"de\",\"@id\":\"https:\\\/\\\/insektenliebe.com\\\/de\\\/#\\\/schema\\\/logo\\\/image\\\/\",\"url\":\"https:\\\/\\\/insektenliebe.com\\\/wp-content\\\/uploads\\\/2025\\\/03\\\/logo-white.png\",\"contentUrl\":\"https:\\\/\\\/insektenliebe.com\\\/wp-content\\\/uploads\\\/2025\\\/03\\\/logo-white.png\",\"width\":288,\"height\":188,\"caption\":\"Insektenliebe\"},\"image\":{\"@id\":\"https:\\\/\\\/insektenliebe.com\\\/de\\\/#\\\/schema\\\/logo\\\/image\\\/\"}}]}<\/script>\n<!-- \/ Yoast SEO plugin. -->","yoast_head_json":{"title":"L\u00f6wenzahnbl\u00fcten - Insektenliebe","description":"Getrocknete L\u00f6wenzahnbl\u00fcten f\u00fcr Asseln, Tausendf\u00fc\u00dfer und Schaben \u2013 nat\u00fcrliches Zusatzfutter mit Mineralstoffen, Vitaminen und Bitterstoffen.","robots":{"index":"index","follow":"follow","max-snippet":"max-snippet:-1","max-image-preview":"max-image-preview:large","max-video-preview":"max-video-preview:-1"},"canonical":"https:\/\/insektenliebe.com\/de\/shop\/produkt\/loewenzahnblueten\/","og_locale":"de_DE","og_type":"article","og_title":"L\u00f6wenzahnbl\u00fcten - Insektenliebe","og_description":"Getrocknete L\u00f6wenzahnbl\u00fcten f\u00fcr Asseln, Tausendf\u00fc\u00dfer und Schaben \u2013 nat\u00fcrliches Zusatzfutter mit Mineralstoffen, Vitaminen und Bitterstoffen.","og_url":"https:\/\/insektenliebe.com\/de\/shop\/produkt\/loewenzahnblueten\/","og_site_name":"Insektenliebe","article_modified_time":"2026-03-09T15:43:26+00:00","og_image":[{"width":820,"height":820,"url":"https:\/\/insektenliebe.com\/wp-content\/uploads\/2025\/05\/loewenzahn-1-2.jpg","type":"image\/jpeg"}],"twitter_card":"summary_large_image","twitter_misc":{"Gesch\u00e4tzte Lesezeit":"2\u00a0Minuten"},"schema":{"@context":"https:\/\/schema.org","@graph":[{"@type":"WebPage","@id":"https:\/\/insektenliebe.com\/de\/shop\/produkt\/loewenzahnblueten\/","url":"https:\/\/insektenliebe.com\/de\/shop\/produkt\/loewenzahnblueten\/","name":"L\u00f6wenzahnbl\u00fcten - Insektenliebe","isPartOf":{"@id":"https:\/\/insektenliebe.com\/de\/#website"},"primaryImageOfPage":{"@id":"https:\/\/insektenliebe.com\/de\/shop\/produkt\/loewenzahnblueten\/#primaryimage"},"image":{"@id":"https:\/\/insektenliebe.com\/de\/shop\/produkt\/loewenzahnblueten\/#primaryimage"},"thumbnailUrl":"https:\/\/insektenliebe.com\/wp-content\/uploads\/2025\/05\/loewenzahn-1-2.jpg","datePublished":"2020-05-28T05:49:29+00:00","dateModified":"2026-03-09T15:43:26+00:00","description":"Getrocknete L\u00f6wenzahnbl\u00fcten f\u00fcr Asseln, Tausendf\u00fc\u00dfer und Schaben \u2013 nat\u00fcrliches Zusatzfutter mit Mineralstoffen, Vitaminen und Bitterstoffen.","breadcrumb":{"@id":"https:\/\/insektenliebe.com\/de\/shop\/produkt\/loewenzahnblueten\/#breadcrumb"},"inLanguage":"de","potentialAction":[{"@type":"ReadAction","target":["https:\/\/insektenliebe.com\/de\/shop\/produkt\/loewenzahnblueten\/"]}]},{"@type":"ImageObject","inLanguage":"de","@id":"https:\/\/insektenliebe.com\/de\/shop\/produkt\/loewenzahnblueten\/#primaryimage","url":"https:\/\/insektenliebe.com\/wp-content\/uploads\/2025\/05\/loewenzahn-1-2.jpg","contentUrl":"https:\/\/insektenliebe.com\/wp-content\/uploads\/2025\/05\/loewenzahn-1-2.jpg","width":820,"height":820,"caption":"loewenzahn-1-2.jpg"},{"@type":"BreadcrumbList","@id":"https:\/\/insektenliebe.com\/de\/shop\/produkt\/loewenzahnblueten\/#breadcrumb","itemListElement":[{"@type":"ListItem","position":1,"name":"Startseite","item":"https:\/\/insektenliebe.com\/de\/"},{"@type":"ListItem","position":2,"name":"Shop","item":"https:\/\/insektenliebe.com\/de\/shop\/"},{"@type":"ListItem","position":3,"name":"L\u00f6wenzahnbl\u00fcten"}]},{"@type":"WebSite","@id":"https:\/\/insektenliebe.com\/de\/#website","url":"https:\/\/insektenliebe.com\/de\/","name":"Insektenliebe","description":"Dein Zuhause f\u00fcr die kleinen Lebewesen","publisher":{"@id":"https:\/\/insektenliebe.com\/de\/#organization"},"potentialAction":[{"@type":"SearchAction","target":{"@type":"EntryPoint","urlTemplate":"https:\/\/insektenliebe.com\/de\/?s={search_term_string}"},"query-input":{"@type":"PropertyValueSpecification","valueRequired":true,"valueName":"search_term_string"}}],"inLanguage":"de"},{"@type":"Organization","@id":"https:\/\/insektenliebe.com\/de\/#organization","name":"Insektenliebe","url":"https:\/\/insektenliebe.com\/de\/","logo":{"@type":"ImageObject","inLanguage":"de","@id":"https:\/\/insektenliebe.com\/de\/#\/schema\/logo\/image\/","url":"https:\/\/insektenliebe.com\/wp-content\/uploads\/2025\/03\/logo-white.png","contentUrl":"https:\/\/insektenliebe.com\/wp-content\/uploads\/2025\/03\/logo-white.png","width":288,"height":188,"caption":"Insektenliebe"},"image":{"@id":"https:\/\/insektenliebe.com\/de\/#\/schema\/logo\/image\/"}}]}},"_links":{"self":[{"href":"https:\/\/insektenliebe.com\/de\/wp-json\/wp\/v2\/product\/4814","targetHints":{"allow":["GET"]}}],"collection":[{"href":"https:\/\/insektenliebe.com\/de\/wp-json\/wp\/v2\/product"}],"about":[{"href":"https:\/\/insektenliebe.com\/de\/wp-json\/wp\/v2\/types\/product"}],"wp:featuredmedia":[{"embeddable":true,"href":"https:\/\/insektenliebe.com\/de\/wp-json\/wp\/v2\/media\/4861"}],"wp:attachment":[{"href":"https:\/\/insektenliebe.com\/de\/wp-json\/wp\/v2\/media?parent=4814"}],"wp:term":[{"taxonomy":"product-supplier","embeddable":true,"href":"https:\/\/insektenliebe.com\/de\/wp-json\/wp\/v2\/product-supplier?post=4814"},{"taxonomy":"product_brand","embeddable":true,"href":"https:\/\/insektenliebe.com\/de\/wp-json\/wp\/v2\/product_brand?post=4814"},{"taxonomy":"product_cat","embeddable":true,"href":"https:\/\/insektenliebe.com\/de\/wp-json\/wp\/v2\/product_cat?post=4814"},{"taxonomy":"product_tag","embeddable":true,"href":"https:\/\/insektenliebe.com\/de\/wp-json\/wp\/v2\/product_tag?post=4814"},{"taxonomy":"lce-checkout-addons","embeddable":true,"href":"https:\/\/insektenliebe.com\/de\/wp-json\/wp\/v2\/lce-checkout-addons?post=4814"}],"curies":[{"name":"wp","href":"https:\/\/api.w.org\/{rel}","templated":true}]}}