{"id":4813,"date":"2020-05-24T09:52:06","date_gmt":"2020-05-24T09:52:06","guid":{"rendered":"http:\/\/localhost\/ins-test\/?post_type=product&#038;p=4813"},"modified":"2026-01-29T08:26:20","modified_gmt":"2026-01-29T07:26:20","slug":"gyna-lurida-yellow","status":"publish","type":"product","link":"https:\/\/insektenliebe.com\/de\/shop\/produkt\/gyna-lurida-yellow\/","title":{"rendered":"Gyna lurida \"Yellow\""},"content":{"rendered":"<p>&nbsp;<\/p>\n<p>Bei unseren Gyna lurida \"Yellow\" variiert die Farbe von hellgelb bis hin zu ocker. Bei den dunkleren Tieren gibt es zumindest einen gelben Rand am Pronotum (Vorderbrust). Sie alle zeigen die gelbe Farbmutation und wir haben keine Tiere ohne Gelb in unserer Zuchtkolonie. Bis jetzt ist es die beste Selektion dieser Farbmutation die es in Europa gibt.<\/p>\n<p>Besonderheit: Die Farbe der Tiere hellt auf, sobald die Temperatur ansteigt.<\/p>\n<p>Kurzbeschreibung \u00fcber Gyna lurida \"Yellow\":<\/p>\n<div class=\"vc_row wpb_row vc_row-fluid prrow\">\n<div class=\"wpb_column vc_column_container vc_col-sm-3\">\n<div class=\"vc_column-inner \">\n<div class=\"wpb_wrapper\">\n<div class=\"wpb_text_column wpb_content_element \">\n<div class=\"wpb_wrapper\">\n<p><strong>Nahrung:\u00a0<\/strong><\/p>\n<ul>\n<li><a href=\"https:\/\/insektenliebe.com\/shop\/eichenlaub-buchenlaub\/\">Buchen-und Eichenlaub<\/a><\/li>\n<li><a href=\"https:\/\/insektenliebe.com\/shop\/weissfaules-holz\/\">Wei\u00dffaules Holz<\/a><\/li>\n<li>Gem\u00fcse und Obst<\/li>\n<li><a href=\"https:\/\/insektenliebe.com\/shop\/assel-futter\/\">Asselfutter<\/a><\/li>\n<li><a href=\"https:\/\/insektenliebe.com\/shop\/beetle-jellys\/\">Beetle Jelly<\/a><\/li>\n<\/ul>\n<p><strong>Terrarium:<\/strong><\/p>\n<p>Wir empfehlen unser Insektenliebe Tausendf\u00fc\u00dfer-Komplettset.<\/p>\n<\/div>\n<\/div>\n<\/div>\n<\/div>\n<\/div>\n<\/div>\n<p><img decoding=\"async\" src=\"https:\/\/insektenliebe.com\/wp-content\/uploads\/2019\/08\/Diplopodenbox-Zubeh\u00f6r.jpg\" alt=\"Insektenliebe Tausendf\u00fcsser-Komplettset\" \/><\/p>\n","protected":false},"excerpt":{"rendered":"<p>&nbsp; Bei unseren Gyna lurida \"Yellow\" variiert die Farbe von hellgelb bis hin zu ocker. Bei den dunkleren Tieren gibt es zumindest einen gelben Rand am Pronotum (Vorderbrust). Sie alle zeigen die gelbe Farbmutation und wir haben keine Tiere ohne Gelb in unserer Zuchtkolonie. Bis jetzt ist es die beste Selektion dieser Farbmutation die es [&hellip;]<\/p>\n","protected":false},"featured_media":4860,"template":"","meta":{"_acf_changed":false},"product-supplier":[],"product_brand":[],"product_cat":[214],"product_tag":[],"lce-checkout-addons":[1202],"class_list":{"0":"post-4813","1":"product","2":"type-product","3":"status-publish","4":"has-post-thumbnail","6":"product_cat-schaben","7":"product_shipping_class-animal-shipping","8":"pa_herkunft-tansania","9":"pa_kontinent-afrika","10":"lce-checkout-addons-winterverpackung","12":"first","13":"outofstock","14":"taxable","15":"shipping-taxable","16":"product-type-variable","17":"has-default-attributes"},"acf":[],"yoast_head":"<!-- This site is optimized with the Yoast SEO Premium plugin v26.8 (Yoast SEO v27.3) - https:\/\/yoast.com\/product\/yoast-seo-premium-wordpress\/ -->\n<title>Gyna lurida &quot;Yellow&quot; - Insektenliebe<\/title>\n<meta name=\"description\" content=\"G\u00fcnstige Gyna lurida &quot;Yellow&quot; online kaufen. Porzellanschaben z\u00e4hlen zu den sch\u00f6nsten Schabenarten \u00fcberhaupt. Direkt vom Z\u00fcchter kaufen!\" \/>\n<meta name=\"robots\" content=\"index, follow, max-snippet:-1, max-image-preview:large, max-video-preview:-1\" \/>\n<link rel=\"canonical\" href=\"https:\/\/insektenliebe.com\/de\/shop\/produkt\/gyna-lurida-yellow\/\" \/>\n<meta property=\"og:locale\" content=\"de_DE\" \/>\n<meta property=\"og:type\" content=\"article\" \/>\n<meta property=\"og:title\" content=\"Gyna lurida &quot;Yellow&quot;\" \/>\n<meta property=\"og:description\" content=\"G\u00fcnstige Gyna lurida &quot;Yellow&quot; online kaufen. Porzellanschaben z\u00e4hlen zu den sch\u00f6nsten Schabenarten \u00fcberhaupt. Direkt vom Z\u00fcchter kaufen!\" \/>\n<meta property=\"og:url\" content=\"https:\/\/insektenliebe.com\/de\/shop\/produkt\/gyna-lurida-yellow\/\" \/>\n<meta property=\"og:site_name\" content=\"Insektenliebe\" \/>\n<meta property=\"article:modified_time\" content=\"2026-01-29T07:26:20+00:00\" \/>\n<meta property=\"og:image\" content=\"https:\/\/insektenliebe.com\/wp-content\/uploads\/2025\/05\/Gyna-lurida-22Yellow22-2.jpg\" \/>\n\t<meta property=\"og:image:width\" content=\"820\" \/>\n\t<meta property=\"og:image:height\" content=\"820\" \/>\n\t<meta property=\"og:image:type\" content=\"image\/jpeg\" \/>\n<meta name=\"twitter:card\" content=\"summary_large_image\" \/>\n<meta name=\"twitter:label1\" content=\"Verf\u00fcgbarkeit\" \/>\n\t<meta name=\"twitter:data1\" content=\"ausverkauft\" \/>\n<script type=\"application\/ld+json\" class=\"yoast-schema-graph\">{\"@context\":\"https:\\\/\\\/schema.org\",\"@graph\":[{\"@type\":\"WebPage\",\"@id\":\"https:\\\/\\\/insektenliebe.com\\\/de\\\/shop\\\/produkt\\\/gyna-lurida-yellow\\\/\",\"url\":\"https:\\\/\\\/insektenliebe.com\\\/de\\\/shop\\\/produkt\\\/gyna-lurida-yellow\\\/\",\"name\":\"Gyna lurida \\\"Yellow\\\" - Insektenliebe\",\"isPartOf\":{\"@id\":\"https:\\\/\\\/insektenliebe.com\\\/de\\\/#website\"},\"primaryImageOfPage\":{\"@id\":\"https:\\\/\\\/insektenliebe.com\\\/de\\\/shop\\\/produkt\\\/gyna-lurida-yellow\\\/#primaryimage\"},\"image\":{\"@id\":\"https:\\\/\\\/insektenliebe.com\\\/de\\\/shop\\\/produkt\\\/gyna-lurida-yellow\\\/#primaryimage\"},\"thumbnailUrl\":\"https:\\\/\\\/insektenliebe.com\\\/wp-content\\\/uploads\\\/2025\\\/05\\\/Gyna-lurida-22Yellow22-2.jpg\",\"datePublished\":\"2020-05-24T09:52:06+00:00\",\"dateModified\":\"2026-01-29T07:26:20+00:00\",\"description\":\"G\u00fcnstige Gyna lurida \\\"Yellow\\\" online kaufen. Porzellanschaben z\u00e4hlen zu den sch\u00f6nsten Schabenarten \u00fcberhaupt. Direkt vom Z\u00fcchter kaufen!\",\"breadcrumb\":{\"@id\":\"https:\\\/\\\/insektenliebe.com\\\/de\\\/shop\\\/produkt\\\/gyna-lurida-yellow\\\/#breadcrumb\"},\"inLanguage\":\"de\",\"potentialAction\":[{\"@type\":\"ReadAction\",\"target\":[\"https:\\\/\\\/insektenliebe.com\\\/de\\\/shop\\\/produkt\\\/gyna-lurida-yellow\\\/\"]}]},{\"@type\":\"ImageObject\",\"inLanguage\":\"de\",\"@id\":\"https:\\\/\\\/insektenliebe.com\\\/de\\\/shop\\\/produkt\\\/gyna-lurida-yellow\\\/#primaryimage\",\"url\":\"https:\\\/\\\/insektenliebe.com\\\/wp-content\\\/uploads\\\/2025\\\/05\\\/Gyna-lurida-22Yellow22-2.jpg\",\"contentUrl\":\"https:\\\/\\\/insektenliebe.com\\\/wp-content\\\/uploads\\\/2025\\\/05\\\/Gyna-lurida-22Yellow22-2.jpg\",\"width\":820,\"height\":820,\"caption\":\"Gyna-lurida-22Yellow22-2.jpg\"},{\"@type\":\"BreadcrumbList\",\"@id\":\"https:\\\/\\\/insektenliebe.com\\\/de\\\/shop\\\/produkt\\\/gyna-lurida-yellow\\\/#breadcrumb\",\"itemListElement\":[{\"@type\":\"ListItem\",\"position\":1,\"name\":\"Startseite\",\"item\":\"https:\\\/\\\/insektenliebe.com\\\/de\\\/\"},{\"@type\":\"ListItem\",\"position\":2,\"name\":\"Shop\",\"item\":\"https:\\\/\\\/insektenliebe.com\\\/de\\\/shop\\\/\"},{\"@type\":\"ListItem\",\"position\":3,\"name\":\"Gyna lurida &#8222;Yellow&#8220;\"}]},{\"@type\":\"WebSite\",\"@id\":\"https:\\\/\\\/insektenliebe.com\\\/de\\\/#website\",\"url\":\"https:\\\/\\\/insektenliebe.com\\\/de\\\/\",\"name\":\"Insektenliebe\",\"description\":\"Dein Zuhause f\u00fcr die kleinen Lebewesen\",\"publisher\":{\"@id\":\"https:\\\/\\\/insektenliebe.com\\\/de\\\/#organization\"},\"potentialAction\":[{\"@type\":\"SearchAction\",\"target\":{\"@type\":\"EntryPoint\",\"urlTemplate\":\"https:\\\/\\\/insektenliebe.com\\\/de\\\/?s={search_term_string}\"},\"query-input\":{\"@type\":\"PropertyValueSpecification\",\"valueRequired\":true,\"valueName\":\"search_term_string\"}}],\"inLanguage\":\"de\"},{\"@type\":\"Organization\",\"@id\":\"https:\\\/\\\/insektenliebe.com\\\/de\\\/#organization\",\"name\":\"Insektenliebe\",\"url\":\"https:\\\/\\\/insektenliebe.com\\\/de\\\/\",\"logo\":{\"@type\":\"ImageObject\",\"inLanguage\":\"de\",\"@id\":\"https:\\\/\\\/insektenliebe.com\\\/de\\\/#\\\/schema\\\/logo\\\/image\\\/\",\"url\":\"https:\\\/\\\/insektenliebe.com\\\/wp-content\\\/uploads\\\/2025\\\/03\\\/logo-white.png\",\"contentUrl\":\"https:\\\/\\\/insektenliebe.com\\\/wp-content\\\/uploads\\\/2025\\\/03\\\/logo-white.png\",\"width\":288,\"height\":188,\"caption\":\"Insektenliebe\"},\"image\":{\"@id\":\"https:\\\/\\\/insektenliebe.com\\\/de\\\/#\\\/schema\\\/logo\\\/image\\\/\"}}]}<\/script>\n<meta property=\"og:availability\" content=\"out of stock\" \/>\n<meta property=\"product:availability\" content=\"out of stock\" \/>\n<meta property=\"product:retailer_item_id\" content=\"225\" \/>\n<meta property=\"product:condition\" content=\"new\" \/>\n<!-- \/ Yoast SEO Premium plugin. -->","yoast_head_json":{"title":"Gyna lurida \"Yellow\" - Insektenliebe","description":"G\u00fcnstige Gyna lurida \"Yellow\" online kaufen. Porzellanschaben z\u00e4hlen zu den sch\u00f6nsten Schabenarten \u00fcberhaupt. Direkt vom Z\u00fcchter kaufen!","robots":{"index":"index","follow":"follow","max-snippet":"max-snippet:-1","max-image-preview":"max-image-preview:large","max-video-preview":"max-video-preview:-1"},"canonical":"https:\/\/insektenliebe.com\/de\/shop\/produkt\/gyna-lurida-yellow\/","og_locale":"de_DE","og_type":"article","og_title":"Gyna lurida \"Yellow\"","og_description":"G\u00fcnstige Gyna lurida \"Yellow\" online kaufen. Porzellanschaben z\u00e4hlen zu den sch\u00f6nsten Schabenarten \u00fcberhaupt. Direkt vom Z\u00fcchter kaufen!","og_url":"https:\/\/insektenliebe.com\/de\/shop\/produkt\/gyna-lurida-yellow\/","og_site_name":"Insektenliebe","article_modified_time":"2026-01-29T07:26:20+00:00","og_image":[{"width":820,"height":820,"url":"https:\/\/insektenliebe.com\/wp-content\/uploads\/2025\/05\/Gyna-lurida-22Yellow22-2.jpg","type":"image\/jpeg"}],"twitter_card":"summary_large_image","twitter_misc":{"Verf\u00fcgbarkeit":"ausverkauft"},"schema":{"@context":"https:\/\/schema.org","@graph":[{"@type":"WebPage","@id":"https:\/\/insektenliebe.com\/de\/shop\/produkt\/gyna-lurida-yellow\/","url":"https:\/\/insektenliebe.com\/de\/shop\/produkt\/gyna-lurida-yellow\/","name":"Gyna lurida \"Yellow\" - Insektenliebe","isPartOf":{"@id":"https:\/\/insektenliebe.com\/de\/#website"},"primaryImageOfPage":{"@id":"https:\/\/insektenliebe.com\/de\/shop\/produkt\/gyna-lurida-yellow\/#primaryimage"},"image":{"@id":"https:\/\/insektenliebe.com\/de\/shop\/produkt\/gyna-lurida-yellow\/#primaryimage"},"thumbnailUrl":"https:\/\/insektenliebe.com\/wp-content\/uploads\/2025\/05\/Gyna-lurida-22Yellow22-2.jpg","datePublished":"2020-05-24T09:52:06+00:00","dateModified":"2026-01-29T07:26:20+00:00","description":"G\u00fcnstige Gyna lurida \"Yellow\" online kaufen. Porzellanschaben z\u00e4hlen zu den sch\u00f6nsten Schabenarten \u00fcberhaupt. Direkt vom Z\u00fcchter kaufen!","breadcrumb":{"@id":"https:\/\/insektenliebe.com\/de\/shop\/produkt\/gyna-lurida-yellow\/#breadcrumb"},"inLanguage":"de","potentialAction":[{"@type":"ReadAction","target":["https:\/\/insektenliebe.com\/de\/shop\/produkt\/gyna-lurida-yellow\/"]}]},{"@type":"ImageObject","inLanguage":"de","@id":"https:\/\/insektenliebe.com\/de\/shop\/produkt\/gyna-lurida-yellow\/#primaryimage","url":"https:\/\/insektenliebe.com\/wp-content\/uploads\/2025\/05\/Gyna-lurida-22Yellow22-2.jpg","contentUrl":"https:\/\/insektenliebe.com\/wp-content\/uploads\/2025\/05\/Gyna-lurida-22Yellow22-2.jpg","width":820,"height":820,"caption":"Gyna-lurida-22Yellow22-2.jpg"},{"@type":"BreadcrumbList","@id":"https:\/\/insektenliebe.com\/de\/shop\/produkt\/gyna-lurida-yellow\/#breadcrumb","itemListElement":[{"@type":"ListItem","position":1,"name":"Startseite","item":"https:\/\/insektenliebe.com\/de\/"},{"@type":"ListItem","position":2,"name":"Shop","item":"https:\/\/insektenliebe.com\/de\/shop\/"},{"@type":"ListItem","position":3,"name":"Gyna lurida &#8222;Yellow&#8220;"}]},{"@type":"WebSite","@id":"https:\/\/insektenliebe.com\/de\/#website","url":"https:\/\/insektenliebe.com\/de\/","name":"Insektenliebe","description":"Dein Zuhause f\u00fcr die kleinen Lebewesen","publisher":{"@id":"https:\/\/insektenliebe.com\/de\/#organization"},"potentialAction":[{"@type":"SearchAction","target":{"@type":"EntryPoint","urlTemplate":"https:\/\/insektenliebe.com\/de\/?s={search_term_string}"},"query-input":{"@type":"PropertyValueSpecification","valueRequired":true,"valueName":"search_term_string"}}],"inLanguage":"de"},{"@type":"Organization","@id":"https:\/\/insektenliebe.com\/de\/#organization","name":"Insektenliebe","url":"https:\/\/insektenliebe.com\/de\/","logo":{"@type":"ImageObject","inLanguage":"de","@id":"https:\/\/insektenliebe.com\/de\/#\/schema\/logo\/image\/","url":"https:\/\/insektenliebe.com\/wp-content\/uploads\/2025\/03\/logo-white.png","contentUrl":"https:\/\/insektenliebe.com\/wp-content\/uploads\/2025\/03\/logo-white.png","width":288,"height":188,"caption":"Insektenliebe"},"image":{"@id":"https:\/\/insektenliebe.com\/de\/#\/schema\/logo\/image\/"}}]},"og_availability":"out of stock","product_availability":"out of stock","product_retailer_item_id":"225","product_condition":"new"},"_links":{"self":[{"href":"https:\/\/insektenliebe.com\/de\/wp-json\/wp\/v2\/product\/4813","targetHints":{"allow":["GET"]}}],"collection":[{"href":"https:\/\/insektenliebe.com\/de\/wp-json\/wp\/v2\/product"}],"about":[{"href":"https:\/\/insektenliebe.com\/de\/wp-json\/wp\/v2\/types\/product"}],"wp:featuredmedia":[{"embeddable":true,"href":"https:\/\/insektenliebe.com\/de\/wp-json\/wp\/v2\/media\/4860"}],"wp:attachment":[{"href":"https:\/\/insektenliebe.com\/de\/wp-json\/wp\/v2\/media?parent=4813"}],"wp:term":[{"taxonomy":"product-supplier","embeddable":true,"href":"https:\/\/insektenliebe.com\/de\/wp-json\/wp\/v2\/product-supplier?post=4813"},{"taxonomy":"product_brand","embeddable":true,"href":"https:\/\/insektenliebe.com\/de\/wp-json\/wp\/v2\/product_brand?post=4813"},{"taxonomy":"product_cat","embeddable":true,"href":"https:\/\/insektenliebe.com\/de\/wp-json\/wp\/v2\/product_cat?post=4813"},{"taxonomy":"product_tag","embeddable":true,"href":"https:\/\/insektenliebe.com\/de\/wp-json\/wp\/v2\/product_tag?post=4813"},{"taxonomy":"lce-checkout-addons","embeddable":true,"href":"https:\/\/insektenliebe.com\/de\/wp-json\/wp\/v2\/lce-checkout-addons?post=4813"}],"curies":[{"name":"wp","href":"https:\/\/api.w.org\/{rel}","templated":true}]}}