{"id":4810,"date":"2020-05-15T09:44:03","date_gmt":"2020-05-15T09:44:03","guid":{"rendered":"http:\/\/localhost\/ins-test\/?post_type=product&#038;p=4810"},"modified":"2026-04-08T04:09:20","modified_gmt":"2026-04-08T02:09:20","slug":"aqualighter-pico-soft-led-mit-magnethalterung","status":"publish","type":"product","link":"https:\/\/insektenliebe.com\/de\/shop\/produkt\/aqualighter-pico-soft-led-mit-magnethalterung\/","title":{"rendered":"AquaLighter Pico Soft LED mit Magnethalterung"},"content":{"rendered":"<h3 class=\"p1\"><span style=\"color: #99cc33\"><strong><span class=\"s1\">AquaLighter Pico Soft LED \u2013 Dein kleines Lichtwunder f\u00fcr Nano-Terrarien<\/span><\/strong><\/span><\/h3>\n<p class=\"p1\"><span class=\"s1\">Die <\/span><strong><span class=\"s2\">AquaLighter Pico Soft LED<\/span><\/strong><span class=\"s1\"> ist die perfekte Wahl f\u00fcr alle, die eine kompakte, formsch\u00f6ne und gleichzeitig leistungsstarke Beleuchtung f\u00fcr Nano-Terrarien, Aufzuchtbeh\u00e4lter oder kleine Aquarien suchen. Dank ihrer flexiblen Silikon-Bauweise und der innovativen <\/span><span class=\"s2\">Magnethalterung<\/span><span class=\"s1\"> l\u00e4sst sich diese Lampe fast \u00fcberall montieren \u2013 einfach, sicher und ohne Werkzeug. Ob an Glas, Kunststoff oder Gitterfl\u00e4chen: Die Pico Soft LED sitzt stabil und erm\u00f6glicht dir eine zielgerichtete Ausleuchtung, genau dort, wo du sie brauchst.<\/span><\/p>\n<p class=\"p1\"><span class=\"s1\">Mit den frischen Farbvarianten <\/span><span class=\"s2\">Wei\u00df, Schwarz und Gelb<\/span><span class=\"s1\"> setzt du zus\u00e4tzlich einen stilvollen Akzent. So kannst du dein Setup nicht nur funktional, sondern auch optisch passend zu deinem Stil gestalten. Die Lampe bleibt dabei angenehm unauff\u00e4llig und wirkt dennoch hochwertig \u2013 ideal f\u00fcr moderne Terraristik- oder Aquarienlandschaften.<\/span><\/p>\n<p class=\"p1\"><span class=\"s1\">Die LED liefert ein helles, klares und angenehm neutrales Licht, das die nat\u00fcrlichen Farben deiner Tiere und Pflanzen hervorragend hervorhebt. Besonders bei Springspinnen, Mantiden, Asseln, Schnecken, Jungtieren oder kleinen bepflanzten Setups sorgt die gleichm\u00e4\u00dfige Ausleuchtung f\u00fcr beste Bedingungen. Durch die flexible Armkonstruktion kannst du die Lichtquelle jederzeit ausrichten und so den Lichtkegel individuell anpassen. Das macht die <strong>AquaLighter Pico Soft LED<\/strong> extrem vielseitig und besonders beliebt in der Aufzucht.<\/span><\/p>\n<p class=\"p1\"><span class=\"s1\">Die <\/span><span class=\"s2\">Magnethalterung<\/span><span class=\"s1\"> besteht aus zwei Teilen: Ein Magnet wird au\u00dfen befestigt, der zweite sitzt im Lampenfu\u00df im Inneren. Das erm\u00f6glicht eine ultraflache Montage ohne st\u00f6rende Klemmen und bietet dir maximale Freiheit beim Positionieren. Gleichzeitig bleibt die Lampe sicher an Ort und Stelle \u2013 sogar an runden Oberfl\u00e4chen oder Kunststoffboxen.<\/span><\/p>\n<p class=\"p1\"><span class=\"s1\">Durch den niedrigen Energieverbrauch bleibt der Betrieb sparsam und die Lampe entwickelt kaum W\u00e4rme. So eignet sie sich auch f\u00fcr empfindliche Arten oder Setups, die kein zus\u00e4tzliches W\u00e4rmelevel vertragen. Die Stromversorgung erfolgt bequem \u00fcber USB, wodurch sie mit Powerbanks, Timern, Netzadaptern oder PC-Ports genutzt werden kann.<\/span><\/p>\n<p class=\"p1\"><span class=\"s1\">Die <strong>AquaLighter Pico Soft LED<\/strong> ist damit nicht einfach nur eine Lampe \u2013 sie ist eine flexible, stylische und zuverl\u00e4ssige Beleuchtungsl\u00f6sung, die perfekt zu modernen Terrarien und Aquarien passt.<\/span><\/p>\n<p><strong>Die Stromversorgung der LED-Beleuchtungslampe ist \u00fcber einen USB-Anschluss vorgesehen.<\/strong><br \/>\n<strong>Der Betrieb l\u00e4uft \u00fcber ein handels\u00fcbliches USB\u00a0Netzteil 5V\u00a0(ist im Lieferumfang nicht enthalten).<\/strong><br \/>\n<strong>Die LED-Beleuchtung AquaLighter Pico kann auf Materialien bis zu 6 mm angebracht werden.<\/strong><\/p>\n","protected":false},"excerpt":{"rendered":"<p>Flexible LED Lampe die fast \u00fcberall eingesetzt werden kann.<\/p>\n","protected":false},"featured_media":136735,"template":"","meta":{"_acf_changed":false},"product-supplier":[],"product_brand":[],"product_cat":[299],"product_tag":[],"lce-checkout-addons":[],"class_list":{"0":"post-4810","1":"product","2":"type-product","3":"status-publish","4":"has-post-thumbnail","6":"product_cat-beleuchtung-klima","7":"product_shipping_class-equipment-shipping","9":"first","10":"instock","11":"taxable","12":"shipping-taxable","13":"purchasable","14":"product-type-variable"},"acf":[],"yoast_head":"<!-- This site is optimized with the Yoast SEO plugin v27.3 - https:\/\/yoast.com\/product\/yoast-seo-wordpress\/ -->\n<title>AquaLighter Pico Soft LED mit Magnethalterung - Insektenliebe<\/title>\n<meta name=\"description\" content=\"AquaLighter Pico Soft LED \u2013 flexible Terrariumbeleuchtung mit Magnethalterung. In Wei\u00df, Schwarz &amp; Gelb erh\u00e4ltlich. Hell, energiesparend, stylisch.\" \/>\n<meta name=\"robots\" content=\"index, follow, max-snippet:-1, max-image-preview:large, max-video-preview:-1\" \/>\n<link rel=\"canonical\" href=\"https:\/\/insektenliebe.com\/de\/shop\/produkt\/aqualighter-pico-soft-led-mit-magnethalterung\/\" \/>\n<meta property=\"og:locale\" content=\"de_DE\" \/>\n<meta property=\"og:type\" content=\"article\" \/>\n<meta property=\"og:title\" content=\"AquaLighter Pico Soft LED mit Magnethalterung - Insektenliebe\" \/>\n<meta property=\"og:description\" content=\"AquaLighter Pico Soft LED \u2013 flexible Terrariumbeleuchtung mit Magnethalterung. In Wei\u00df, Schwarz &amp; Gelb erh\u00e4ltlich. Hell, energiesparend, stylisch.\" \/>\n<meta property=\"og:url\" content=\"https:\/\/insektenliebe.com\/de\/shop\/produkt\/aqualighter-pico-soft-led-mit-magnethalterung\/\" \/>\n<meta property=\"og:site_name\" content=\"Insektenliebe\" \/>\n<meta property=\"article:modified_time\" content=\"2026-04-08T02:09:20+00:00\" \/>\n<meta property=\"og:image\" content=\"https:\/\/insektenliebe.com\/wp-content\/uploads\/2020\/05\/AquaLighter-Pico-Soft-LED-mit-Magnethalterung-SCHWARZ-2.jpg\" \/>\n\t<meta property=\"og:image:width\" content=\"820\" \/>\n\t<meta property=\"og:image:height\" content=\"820\" \/>\n\t<meta property=\"og:image:type\" content=\"image\/jpeg\" \/>\n<meta name=\"twitter:card\" content=\"summary_large_image\" \/>\n<meta name=\"twitter:label1\" content=\"Gesch\u00e4tzte Lesezeit\" \/>\n\t<meta name=\"twitter:data1\" content=\"3\u00a0Minuten\" \/>\n<script type=\"application\/ld+json\" class=\"yoast-schema-graph\">{\"@context\":\"https:\\\/\\\/schema.org\",\"@graph\":[{\"@type\":\"WebPage\",\"@id\":\"https:\\\/\\\/insektenliebe.com\\\/de\\\/shop\\\/produkt\\\/aqualighter-pico-soft-led-mit-magnethalterung\\\/\",\"url\":\"https:\\\/\\\/insektenliebe.com\\\/de\\\/shop\\\/produkt\\\/aqualighter-pico-soft-led-mit-magnethalterung\\\/\",\"name\":\"AquaLighter Pico Soft LED mit Magnethalterung - Insektenliebe\",\"isPartOf\":{\"@id\":\"https:\\\/\\\/insektenliebe.com\\\/de\\\/#website\"},\"primaryImageOfPage\":{\"@id\":\"https:\\\/\\\/insektenliebe.com\\\/de\\\/shop\\\/produkt\\\/aqualighter-pico-soft-led-mit-magnethalterung\\\/#primaryimage\"},\"image\":{\"@id\":\"https:\\\/\\\/insektenliebe.com\\\/de\\\/shop\\\/produkt\\\/aqualighter-pico-soft-led-mit-magnethalterung\\\/#primaryimage\"},\"thumbnailUrl\":\"https:\\\/\\\/insektenliebe.com\\\/wp-content\\\/uploads\\\/2020\\\/05\\\/AquaLighter-Pico-Soft-LED-mit-Magnethalterung-SCHWARZ-2.jpg\",\"datePublished\":\"2020-05-15T09:44:03+00:00\",\"dateModified\":\"2026-04-08T02:09:20+00:00\",\"description\":\"AquaLighter Pico Soft LED \u2013 flexible Terrariumbeleuchtung mit Magnethalterung. In Wei\u00df, Schwarz & Gelb erh\u00e4ltlich. Hell, energiesparend, stylisch.\",\"breadcrumb\":{\"@id\":\"https:\\\/\\\/insektenliebe.com\\\/de\\\/shop\\\/produkt\\\/aqualighter-pico-soft-led-mit-magnethalterung\\\/#breadcrumb\"},\"inLanguage\":\"de\",\"potentialAction\":[{\"@type\":\"ReadAction\",\"target\":[\"https:\\\/\\\/insektenliebe.com\\\/de\\\/shop\\\/produkt\\\/aqualighter-pico-soft-led-mit-magnethalterung\\\/\"]}]},{\"@type\":\"ImageObject\",\"inLanguage\":\"de\",\"@id\":\"https:\\\/\\\/insektenliebe.com\\\/de\\\/shop\\\/produkt\\\/aqualighter-pico-soft-led-mit-magnethalterung\\\/#primaryimage\",\"url\":\"https:\\\/\\\/insektenliebe.com\\\/wp-content\\\/uploads\\\/2020\\\/05\\\/AquaLighter-Pico-Soft-LED-mit-Magnethalterung-SCHWARZ-2.jpg\",\"contentUrl\":\"https:\\\/\\\/insektenliebe.com\\\/wp-content\\\/uploads\\\/2020\\\/05\\\/AquaLighter-Pico-Soft-LED-mit-Magnethalterung-SCHWARZ-2.jpg\",\"width\":820,\"height\":820,\"caption\":\"AquaLighter-Pico-Soft-LED-mit-Magnethalterung-SCHWARZ-2\"},{\"@type\":\"BreadcrumbList\",\"@id\":\"https:\\\/\\\/insektenliebe.com\\\/de\\\/shop\\\/produkt\\\/aqualighter-pico-soft-led-mit-magnethalterung\\\/#breadcrumb\",\"itemListElement\":[{\"@type\":\"ListItem\",\"position\":1,\"name\":\"Startseite\",\"item\":\"https:\\\/\\\/insektenliebe.com\\\/de\\\/\"},{\"@type\":\"ListItem\",\"position\":2,\"name\":\"Shop\",\"item\":\"https:\\\/\\\/insektenliebe.com\\\/de\\\/shop\\\/\"},{\"@type\":\"ListItem\",\"position\":3,\"name\":\"AquaLighter Pico Soft LED mit Magnethalterung\"}]},{\"@type\":\"WebSite\",\"@id\":\"https:\\\/\\\/insektenliebe.com\\\/de\\\/#website\",\"url\":\"https:\\\/\\\/insektenliebe.com\\\/de\\\/\",\"name\":\"Insektenliebe\",\"description\":\"Dein Zuhause f\u00fcr die kleinen Lebewesen\",\"publisher\":{\"@id\":\"https:\\\/\\\/insektenliebe.com\\\/de\\\/#organization\"},\"potentialAction\":[{\"@type\":\"SearchAction\",\"target\":{\"@type\":\"EntryPoint\",\"urlTemplate\":\"https:\\\/\\\/insektenliebe.com\\\/de\\\/?s={search_term_string}\"},\"query-input\":{\"@type\":\"PropertyValueSpecification\",\"valueRequired\":true,\"valueName\":\"search_term_string\"}}],\"inLanguage\":\"de\"},{\"@type\":\"Organization\",\"@id\":\"https:\\\/\\\/insektenliebe.com\\\/de\\\/#organization\",\"name\":\"Insektenliebe\",\"url\":\"https:\\\/\\\/insektenliebe.com\\\/de\\\/\",\"logo\":{\"@type\":\"ImageObject\",\"inLanguage\":\"de\",\"@id\":\"https:\\\/\\\/insektenliebe.com\\\/de\\\/#\\\/schema\\\/logo\\\/image\\\/\",\"url\":\"https:\\\/\\\/insektenliebe.com\\\/wp-content\\\/uploads\\\/2025\\\/03\\\/logo-white.png\",\"contentUrl\":\"https:\\\/\\\/insektenliebe.com\\\/wp-content\\\/uploads\\\/2025\\\/03\\\/logo-white.png\",\"width\":288,\"height\":188,\"caption\":\"Insektenliebe\"},\"image\":{\"@id\":\"https:\\\/\\\/insektenliebe.com\\\/de\\\/#\\\/schema\\\/logo\\\/image\\\/\"}}]}<\/script>\n<!-- \/ Yoast SEO plugin. -->","yoast_head_json":{"title":"AquaLighter Pico Soft LED mit Magnethalterung - Insektenliebe","description":"AquaLighter Pico Soft LED \u2013 flexible Terrariumbeleuchtung mit Magnethalterung. In Wei\u00df, Schwarz & Gelb erh\u00e4ltlich. Hell, energiesparend, stylisch.","robots":{"index":"index","follow":"follow","max-snippet":"max-snippet:-1","max-image-preview":"max-image-preview:large","max-video-preview":"max-video-preview:-1"},"canonical":"https:\/\/insektenliebe.com\/de\/shop\/produkt\/aqualighter-pico-soft-led-mit-magnethalterung\/","og_locale":"de_DE","og_type":"article","og_title":"AquaLighter Pico Soft LED mit Magnethalterung - Insektenliebe","og_description":"AquaLighter Pico Soft LED \u2013 flexible Terrariumbeleuchtung mit Magnethalterung. In Wei\u00df, Schwarz & Gelb erh\u00e4ltlich. Hell, energiesparend, stylisch.","og_url":"https:\/\/insektenliebe.com\/de\/shop\/produkt\/aqualighter-pico-soft-led-mit-magnethalterung\/","og_site_name":"Insektenliebe","article_modified_time":"2026-04-08T02:09:20+00:00","og_image":[{"width":820,"height":820,"url":"https:\/\/insektenliebe.com\/wp-content\/uploads\/2020\/05\/AquaLighter-Pico-Soft-LED-mit-Magnethalterung-SCHWARZ-2.jpg","type":"image\/jpeg"}],"twitter_card":"summary_large_image","twitter_misc":{"Gesch\u00e4tzte Lesezeit":"3\u00a0Minuten"},"schema":{"@context":"https:\/\/schema.org","@graph":[{"@type":"WebPage","@id":"https:\/\/insektenliebe.com\/de\/shop\/produkt\/aqualighter-pico-soft-led-mit-magnethalterung\/","url":"https:\/\/insektenliebe.com\/de\/shop\/produkt\/aqualighter-pico-soft-led-mit-magnethalterung\/","name":"AquaLighter Pico Soft LED mit Magnethalterung - Insektenliebe","isPartOf":{"@id":"https:\/\/insektenliebe.com\/de\/#website"},"primaryImageOfPage":{"@id":"https:\/\/insektenliebe.com\/de\/shop\/produkt\/aqualighter-pico-soft-led-mit-magnethalterung\/#primaryimage"},"image":{"@id":"https:\/\/insektenliebe.com\/de\/shop\/produkt\/aqualighter-pico-soft-led-mit-magnethalterung\/#primaryimage"},"thumbnailUrl":"https:\/\/insektenliebe.com\/wp-content\/uploads\/2020\/05\/AquaLighter-Pico-Soft-LED-mit-Magnethalterung-SCHWARZ-2.jpg","datePublished":"2020-05-15T09:44:03+00:00","dateModified":"2026-04-08T02:09:20+00:00","description":"AquaLighter Pico Soft LED \u2013 flexible Terrariumbeleuchtung mit Magnethalterung. In Wei\u00df, Schwarz & Gelb erh\u00e4ltlich. Hell, energiesparend, stylisch.","breadcrumb":{"@id":"https:\/\/insektenliebe.com\/de\/shop\/produkt\/aqualighter-pico-soft-led-mit-magnethalterung\/#breadcrumb"},"inLanguage":"de","potentialAction":[{"@type":"ReadAction","target":["https:\/\/insektenliebe.com\/de\/shop\/produkt\/aqualighter-pico-soft-led-mit-magnethalterung\/"]}]},{"@type":"ImageObject","inLanguage":"de","@id":"https:\/\/insektenliebe.com\/de\/shop\/produkt\/aqualighter-pico-soft-led-mit-magnethalterung\/#primaryimage","url":"https:\/\/insektenliebe.com\/wp-content\/uploads\/2020\/05\/AquaLighter-Pico-Soft-LED-mit-Magnethalterung-SCHWARZ-2.jpg","contentUrl":"https:\/\/insektenliebe.com\/wp-content\/uploads\/2020\/05\/AquaLighter-Pico-Soft-LED-mit-Magnethalterung-SCHWARZ-2.jpg","width":820,"height":820,"caption":"AquaLighter-Pico-Soft-LED-mit-Magnethalterung-SCHWARZ-2"},{"@type":"BreadcrumbList","@id":"https:\/\/insektenliebe.com\/de\/shop\/produkt\/aqualighter-pico-soft-led-mit-magnethalterung\/#breadcrumb","itemListElement":[{"@type":"ListItem","position":1,"name":"Startseite","item":"https:\/\/insektenliebe.com\/de\/"},{"@type":"ListItem","position":2,"name":"Shop","item":"https:\/\/insektenliebe.com\/de\/shop\/"},{"@type":"ListItem","position":3,"name":"AquaLighter Pico Soft LED mit Magnethalterung"}]},{"@type":"WebSite","@id":"https:\/\/insektenliebe.com\/de\/#website","url":"https:\/\/insektenliebe.com\/de\/","name":"Insektenliebe","description":"Dein Zuhause f\u00fcr die kleinen Lebewesen","publisher":{"@id":"https:\/\/insektenliebe.com\/de\/#organization"},"potentialAction":[{"@type":"SearchAction","target":{"@type":"EntryPoint","urlTemplate":"https:\/\/insektenliebe.com\/de\/?s={search_term_string}"},"query-input":{"@type":"PropertyValueSpecification","valueRequired":true,"valueName":"search_term_string"}}],"inLanguage":"de"},{"@type":"Organization","@id":"https:\/\/insektenliebe.com\/de\/#organization","name":"Insektenliebe","url":"https:\/\/insektenliebe.com\/de\/","logo":{"@type":"ImageObject","inLanguage":"de","@id":"https:\/\/insektenliebe.com\/de\/#\/schema\/logo\/image\/","url":"https:\/\/insektenliebe.com\/wp-content\/uploads\/2025\/03\/logo-white.png","contentUrl":"https:\/\/insektenliebe.com\/wp-content\/uploads\/2025\/03\/logo-white.png","width":288,"height":188,"caption":"Insektenliebe"},"image":{"@id":"https:\/\/insektenliebe.com\/de\/#\/schema\/logo\/image\/"}}]}},"_links":{"self":[{"href":"https:\/\/insektenliebe.com\/de\/wp-json\/wp\/v2\/product\/4810","targetHints":{"allow":["GET"]}}],"collection":[{"href":"https:\/\/insektenliebe.com\/de\/wp-json\/wp\/v2\/product"}],"about":[{"href":"https:\/\/insektenliebe.com\/de\/wp-json\/wp\/v2\/types\/product"}],"wp:featuredmedia":[{"embeddable":true,"href":"https:\/\/insektenliebe.com\/de\/wp-json\/wp\/v2\/media\/136735"}],"wp:attachment":[{"href":"https:\/\/insektenliebe.com\/de\/wp-json\/wp\/v2\/media?parent=4810"}],"wp:term":[{"taxonomy":"product-supplier","embeddable":true,"href":"https:\/\/insektenliebe.com\/de\/wp-json\/wp\/v2\/product-supplier?post=4810"},{"taxonomy":"product_brand","embeddable":true,"href":"https:\/\/insektenliebe.com\/de\/wp-json\/wp\/v2\/product_brand?post=4810"},{"taxonomy":"product_cat","embeddable":true,"href":"https:\/\/insektenliebe.com\/de\/wp-json\/wp\/v2\/product_cat?post=4810"},{"taxonomy":"product_tag","embeddable":true,"href":"https:\/\/insektenliebe.com\/de\/wp-json\/wp\/v2\/product_tag?post=4810"},{"taxonomy":"lce-checkout-addons","embeddable":true,"href":"https:\/\/insektenliebe.com\/de\/wp-json\/wp\/v2\/lce-checkout-addons?post=4810"}],"curies":[{"name":"wp","href":"https:\/\/api.w.org\/{rel}","templated":true}]}}