{"id":4809,"date":"2020-05-15T10:37:00","date_gmt":"2020-05-15T08:37:00","guid":{"rendered":"http:\/\/localhost\/ins-test\/?post_type=product&#038;p=4809"},"modified":"2025-10-15T18:19:19","modified_gmt":"2025-10-15T16:19:19","slug":"ectrichodia-distinctus-raubwanze","status":"publish","type":"product","link":"https:\/\/insektenliebe.com\/de\/shop\/produkt\/ectrichodia-distinctus-raubwanze\/","title":{"rendered":"Ectrichodia distinctus \"Raubwanze\""},"content":{"rendered":"<p>Im Gegensatz zu vielen anderen Raubwanzen die in der Terrarienhaltung bekannt sind, ern\u00e4hren sich Ectrichodia distinctus nicht von Insekten sondern von Tausendf\u00fc\u00dfer. Dabei sind sie nicht w\u00e4hlerisch und nehmen es mit kleinen europ\u00e4ischen Arten wie mit allen afrikanischen Arten auf. Die angebotenen Tiere sind unsere eigene Nachzuchten und daher auch sehr stabil. Wir halten sie in unseren <a href=\"https:\/\/insektenliebe.com\/shop\/insektenliebe-assel-komplettset-l\/\">Insektenliebe Assel-Komplettset L<\/a>, was f\u00fcr eine Gruppe bis zu 30 Tiere v\u00f6llig ausreichend ist. Ein gro\u00dfes Rindenst\u00fcck als Versteckm\u00f6glichkeit und ein Trinkgef\u00e4\u00df sollte dabei nicht fehlen. Ectrichodia distinctus mag es eher trocken, daher reicht es v\u00f6llig aus, wenn die Stelle um den Trinknapf etwas feuchter gehalten wird. Dieser Platz wird bevorzugt von den Weibchen zur Eiablage genutzt. Wir f\u00fcttern unsere Tiere alle 2-3 Wochen mit einem Tausendf\u00fc\u00dfer der entsprechenden Gr\u00f6\u00dfe.<\/p>\n<div class=\"vc_row wpb_row vc_row-fluid prrow\">\n<div class=\"wpb_column vc_column_container vc_col-sm-3\">\n<div class=\"vc_column-inner \">\n<div class=\"wpb_wrapper\">\n<div class=\"wpb_text_column wpb_content_element \">\n<div class=\"wpb_wrapper\">\n<p><strong>Nahrung:\u00a0<\/strong><\/p>\n<ul>\n<li><a href=\"https:\/\/insektenliebe.com\/shop\/spirostreptus-spec-1-tansania\/\">Spirostreptus spec. 1<\/a><\/li>\n<li><a href=\"https:\/\/insektenliebe.com\/shop\/telodeinopus-aoutii\/\">Telodeinopus aoutii<\/a><\/li>\n<li>Europ\u00e4ische Tausendf\u00fc\u00dfer<\/li>\n<li>Afrikanische Tausendf\u00fc\u00dfer<\/li>\n<\/ul>\n<\/div>\n<\/div>\n<\/div>\n<\/div>\n<\/div>\n<\/div>\n","protected":false},"excerpt":{"rendered":"<p><span style=\"color: #000000;\">Sehr soziale Tiere, die sich sehr gerne\u00a0dicht zusammengedr\u00e4ngt\u00a0in Gruppen aufhalten.<\/span><\/p>\n","protected":false},"featured_media":4856,"template":"","meta":{"_acf_changed":false},"product-supplier":[],"product_brand":[],"product_cat":[143],"product_tag":[],"lce-checkout-addons":[1202],"class_list":{"0":"post-4809","1":"product","2":"type-product","3":"status-publish","4":"has-post-thumbnail","6":"product_cat-sonstige-wirbellose","7":"product_shipping_class-animal-shipping","8":"pa_herkunft-nigeria","9":"pa_kontinent-afrika","10":"lce-checkout-addons-winterverpackung","12":"first","13":"outofstock","14":"taxable","15":"shipping-taxable","16":"purchasable","17":"product-type-simple"},"acf":[],"yoast_head":"<!-- This site is optimized with the Yoast SEO plugin v27.3 - https:\/\/yoast.com\/product\/yoast-seo-wordpress\/ -->\n<title>Ectrichodia distinctus &quot;Raubwanze&quot; - Insektenliebe<\/title>\n<meta name=\"description\" content=\"G\u00fcnstige Ectrichodia distinctus &quot;Raubwanze&quot; online kaufen. Diese Raubwanzen Art frisst nur Tausendf\u00fc\u00dfer und kann direkt vom Z\u00fcchter gekauft werden.\" \/>\n<meta name=\"robots\" content=\"index, follow, max-snippet:-1, max-image-preview:large, max-video-preview:-1\" \/>\n<link rel=\"canonical\" href=\"https:\/\/insektenliebe.com\/de\/shop\/produkt\/ectrichodia-distinctus-raubwanze\/\" \/>\n<meta property=\"og:locale\" content=\"de_DE\" \/>\n<meta property=\"og:type\" content=\"article\" \/>\n<meta property=\"og:title\" content=\"Ectrichodia distinctus &quot;Raubwanze&quot; - Insektenliebe\" \/>\n<meta property=\"og:description\" content=\"G\u00fcnstige Ectrichodia distinctus &quot;Raubwanze&quot; online kaufen. Diese Raubwanzen Art frisst nur Tausendf\u00fc\u00dfer und kann direkt vom Z\u00fcchter gekauft werden.\" \/>\n<meta property=\"og:url\" content=\"https:\/\/insektenliebe.com\/de\/shop\/produkt\/ectrichodia-distinctus-raubwanze\/\" \/>\n<meta property=\"og:site_name\" content=\"Insektenliebe\" \/>\n<meta property=\"article:modified_time\" content=\"2025-10-15T16:19:19+00:00\" \/>\n<meta property=\"og:image\" content=\"https:\/\/insektenliebe.com\/wp-content\/uploads\/2025\/05\/Ectrichodia-distinctus-scaled-3.jpg\" \/>\n\t<meta property=\"og:image:width\" content=\"2560\" \/>\n\t<meta property=\"og:image:height\" content=\"1707\" \/>\n\t<meta property=\"og:image:type\" content=\"image\/jpeg\" \/>\n<meta name=\"twitter:card\" content=\"summary_large_image\" \/>\n<meta name=\"twitter:label1\" content=\"Gesch\u00e4tzte Lesezeit\" \/>\n\t<meta name=\"twitter:data1\" content=\"1\u00a0Minute\" \/>\n<script type=\"application\/ld+json\" class=\"yoast-schema-graph\">{\"@context\":\"https:\\\/\\\/schema.org\",\"@graph\":[{\"@type\":\"WebPage\",\"@id\":\"https:\\\/\\\/insektenliebe.com\\\/de\\\/shop\\\/produkt\\\/ectrichodia-distinctus-raubwanze\\\/\",\"url\":\"https:\\\/\\\/insektenliebe.com\\\/de\\\/shop\\\/produkt\\\/ectrichodia-distinctus-raubwanze\\\/\",\"name\":\"Ectrichodia distinctus \\\"Raubwanze\\\" - Insektenliebe\",\"isPartOf\":{\"@id\":\"https:\\\/\\\/insektenliebe.com\\\/de\\\/#website\"},\"primaryImageOfPage\":{\"@id\":\"https:\\\/\\\/insektenliebe.com\\\/de\\\/shop\\\/produkt\\\/ectrichodia-distinctus-raubwanze\\\/#primaryimage\"},\"image\":{\"@id\":\"https:\\\/\\\/insektenliebe.com\\\/de\\\/shop\\\/produkt\\\/ectrichodia-distinctus-raubwanze\\\/#primaryimage\"},\"thumbnailUrl\":\"https:\\\/\\\/insektenliebe.com\\\/wp-content\\\/uploads\\\/2025\\\/05\\\/Ectrichodia-distinctus-scaled-3.jpg\",\"datePublished\":\"2020-05-15T08:37:00+00:00\",\"dateModified\":\"2025-10-15T16:19:19+00:00\",\"description\":\"G\u00fcnstige Ectrichodia distinctus \\\"Raubwanze\\\" online kaufen. Diese Raubwanzen Art frisst nur Tausendf\u00fc\u00dfer und kann direkt vom Z\u00fcchter gekauft werden.\",\"breadcrumb\":{\"@id\":\"https:\\\/\\\/insektenliebe.com\\\/de\\\/shop\\\/produkt\\\/ectrichodia-distinctus-raubwanze\\\/#breadcrumb\"},\"inLanguage\":\"de\",\"potentialAction\":[{\"@type\":\"ReadAction\",\"target\":[\"https:\\\/\\\/insektenliebe.com\\\/de\\\/shop\\\/produkt\\\/ectrichodia-distinctus-raubwanze\\\/\"]}]},{\"@type\":\"ImageObject\",\"inLanguage\":\"de\",\"@id\":\"https:\\\/\\\/insektenliebe.com\\\/de\\\/shop\\\/produkt\\\/ectrichodia-distinctus-raubwanze\\\/#primaryimage\",\"url\":\"https:\\\/\\\/insektenliebe.com\\\/wp-content\\\/uploads\\\/2025\\\/05\\\/Ectrichodia-distinctus-scaled-3.jpg\",\"contentUrl\":\"https:\\\/\\\/insektenliebe.com\\\/wp-content\\\/uploads\\\/2025\\\/05\\\/Ectrichodia-distinctus-scaled-3.jpg\",\"width\":2560,\"height\":1707,\"caption\":\"Ectrichodia-distinctus-scaled-3.jpg\"},{\"@type\":\"BreadcrumbList\",\"@id\":\"https:\\\/\\\/insektenliebe.com\\\/de\\\/shop\\\/produkt\\\/ectrichodia-distinctus-raubwanze\\\/#breadcrumb\",\"itemListElement\":[{\"@type\":\"ListItem\",\"position\":1,\"name\":\"Startseite\",\"item\":\"https:\\\/\\\/insektenliebe.com\\\/de\\\/\"},{\"@type\":\"ListItem\",\"position\":2,\"name\":\"Shop\",\"item\":\"https:\\\/\\\/insektenliebe.com\\\/de\\\/shop\\\/\"},{\"@type\":\"ListItem\",\"position\":3,\"name\":\"Ectrichodia distinctus &#8222;Raubwanze&#8220;\"}]},{\"@type\":\"WebSite\",\"@id\":\"https:\\\/\\\/insektenliebe.com\\\/de\\\/#website\",\"url\":\"https:\\\/\\\/insektenliebe.com\\\/de\\\/\",\"name\":\"Insektenliebe\",\"description\":\"Dein Zuhause f\u00fcr die kleinen Lebewesen\",\"publisher\":{\"@id\":\"https:\\\/\\\/insektenliebe.com\\\/de\\\/#organization\"},\"potentialAction\":[{\"@type\":\"SearchAction\",\"target\":{\"@type\":\"EntryPoint\",\"urlTemplate\":\"https:\\\/\\\/insektenliebe.com\\\/de\\\/?s={search_term_string}\"},\"query-input\":{\"@type\":\"PropertyValueSpecification\",\"valueRequired\":true,\"valueName\":\"search_term_string\"}}],\"inLanguage\":\"de\"},{\"@type\":\"Organization\",\"@id\":\"https:\\\/\\\/insektenliebe.com\\\/de\\\/#organization\",\"name\":\"Insektenliebe\",\"url\":\"https:\\\/\\\/insektenliebe.com\\\/de\\\/\",\"logo\":{\"@type\":\"ImageObject\",\"inLanguage\":\"de\",\"@id\":\"https:\\\/\\\/insektenliebe.com\\\/de\\\/#\\\/schema\\\/logo\\\/image\\\/\",\"url\":\"https:\\\/\\\/insektenliebe.com\\\/wp-content\\\/uploads\\\/2025\\\/03\\\/logo-white.png\",\"contentUrl\":\"https:\\\/\\\/insektenliebe.com\\\/wp-content\\\/uploads\\\/2025\\\/03\\\/logo-white.png\",\"width\":288,\"height\":188,\"caption\":\"Insektenliebe\"},\"image\":{\"@id\":\"https:\\\/\\\/insektenliebe.com\\\/de\\\/#\\\/schema\\\/logo\\\/image\\\/\"}}]}<\/script>\n<!-- \/ Yoast SEO plugin. -->","yoast_head_json":{"title":"Ectrichodia distinctus \"Raubwanze\" - Insektenliebe","description":"G\u00fcnstige Ectrichodia distinctus \"Raubwanze\" online kaufen. Diese Raubwanzen Art frisst nur Tausendf\u00fc\u00dfer und kann direkt vom Z\u00fcchter gekauft werden.","robots":{"index":"index","follow":"follow","max-snippet":"max-snippet:-1","max-image-preview":"max-image-preview:large","max-video-preview":"max-video-preview:-1"},"canonical":"https:\/\/insektenliebe.com\/de\/shop\/produkt\/ectrichodia-distinctus-raubwanze\/","og_locale":"de_DE","og_type":"article","og_title":"Ectrichodia distinctus \"Raubwanze\" - Insektenliebe","og_description":"G\u00fcnstige Ectrichodia distinctus \"Raubwanze\" online kaufen. Diese Raubwanzen Art frisst nur Tausendf\u00fc\u00dfer und kann direkt vom Z\u00fcchter gekauft werden.","og_url":"https:\/\/insektenliebe.com\/de\/shop\/produkt\/ectrichodia-distinctus-raubwanze\/","og_site_name":"Insektenliebe","article_modified_time":"2025-10-15T16:19:19+00:00","og_image":[{"width":2560,"height":1707,"url":"https:\/\/insektenliebe.com\/wp-content\/uploads\/2025\/05\/Ectrichodia-distinctus-scaled-3.jpg","type":"image\/jpeg"}],"twitter_card":"summary_large_image","twitter_misc":{"Gesch\u00e4tzte Lesezeit":"1\u00a0Minute"},"schema":{"@context":"https:\/\/schema.org","@graph":[{"@type":"WebPage","@id":"https:\/\/insektenliebe.com\/de\/shop\/produkt\/ectrichodia-distinctus-raubwanze\/","url":"https:\/\/insektenliebe.com\/de\/shop\/produkt\/ectrichodia-distinctus-raubwanze\/","name":"Ectrichodia distinctus \"Raubwanze\" - Insektenliebe","isPartOf":{"@id":"https:\/\/insektenliebe.com\/de\/#website"},"primaryImageOfPage":{"@id":"https:\/\/insektenliebe.com\/de\/shop\/produkt\/ectrichodia-distinctus-raubwanze\/#primaryimage"},"image":{"@id":"https:\/\/insektenliebe.com\/de\/shop\/produkt\/ectrichodia-distinctus-raubwanze\/#primaryimage"},"thumbnailUrl":"https:\/\/insektenliebe.com\/wp-content\/uploads\/2025\/05\/Ectrichodia-distinctus-scaled-3.jpg","datePublished":"2020-05-15T08:37:00+00:00","dateModified":"2025-10-15T16:19:19+00:00","description":"G\u00fcnstige Ectrichodia distinctus \"Raubwanze\" online kaufen. Diese Raubwanzen Art frisst nur Tausendf\u00fc\u00dfer und kann direkt vom Z\u00fcchter gekauft werden.","breadcrumb":{"@id":"https:\/\/insektenliebe.com\/de\/shop\/produkt\/ectrichodia-distinctus-raubwanze\/#breadcrumb"},"inLanguage":"de","potentialAction":[{"@type":"ReadAction","target":["https:\/\/insektenliebe.com\/de\/shop\/produkt\/ectrichodia-distinctus-raubwanze\/"]}]},{"@type":"ImageObject","inLanguage":"de","@id":"https:\/\/insektenliebe.com\/de\/shop\/produkt\/ectrichodia-distinctus-raubwanze\/#primaryimage","url":"https:\/\/insektenliebe.com\/wp-content\/uploads\/2025\/05\/Ectrichodia-distinctus-scaled-3.jpg","contentUrl":"https:\/\/insektenliebe.com\/wp-content\/uploads\/2025\/05\/Ectrichodia-distinctus-scaled-3.jpg","width":2560,"height":1707,"caption":"Ectrichodia-distinctus-scaled-3.jpg"},{"@type":"BreadcrumbList","@id":"https:\/\/insektenliebe.com\/de\/shop\/produkt\/ectrichodia-distinctus-raubwanze\/#breadcrumb","itemListElement":[{"@type":"ListItem","position":1,"name":"Startseite","item":"https:\/\/insektenliebe.com\/de\/"},{"@type":"ListItem","position":2,"name":"Shop","item":"https:\/\/insektenliebe.com\/de\/shop\/"},{"@type":"ListItem","position":3,"name":"Ectrichodia distinctus &#8222;Raubwanze&#8220;"}]},{"@type":"WebSite","@id":"https:\/\/insektenliebe.com\/de\/#website","url":"https:\/\/insektenliebe.com\/de\/","name":"Insektenliebe","description":"Dein Zuhause f\u00fcr die kleinen Lebewesen","publisher":{"@id":"https:\/\/insektenliebe.com\/de\/#organization"},"potentialAction":[{"@type":"SearchAction","target":{"@type":"EntryPoint","urlTemplate":"https:\/\/insektenliebe.com\/de\/?s={search_term_string}"},"query-input":{"@type":"PropertyValueSpecification","valueRequired":true,"valueName":"search_term_string"}}],"inLanguage":"de"},{"@type":"Organization","@id":"https:\/\/insektenliebe.com\/de\/#organization","name":"Insektenliebe","url":"https:\/\/insektenliebe.com\/de\/","logo":{"@type":"ImageObject","inLanguage":"de","@id":"https:\/\/insektenliebe.com\/de\/#\/schema\/logo\/image\/","url":"https:\/\/insektenliebe.com\/wp-content\/uploads\/2025\/03\/logo-white.png","contentUrl":"https:\/\/insektenliebe.com\/wp-content\/uploads\/2025\/03\/logo-white.png","width":288,"height":188,"caption":"Insektenliebe"},"image":{"@id":"https:\/\/insektenliebe.com\/de\/#\/schema\/logo\/image\/"}}]}},"_links":{"self":[{"href":"https:\/\/insektenliebe.com\/de\/wp-json\/wp\/v2\/product\/4809","targetHints":{"allow":["GET"]}}],"collection":[{"href":"https:\/\/insektenliebe.com\/de\/wp-json\/wp\/v2\/product"}],"about":[{"href":"https:\/\/insektenliebe.com\/de\/wp-json\/wp\/v2\/types\/product"}],"wp:featuredmedia":[{"embeddable":true,"href":"https:\/\/insektenliebe.com\/de\/wp-json\/wp\/v2\/media\/4856"}],"wp:attachment":[{"href":"https:\/\/insektenliebe.com\/de\/wp-json\/wp\/v2\/media?parent=4809"}],"wp:term":[{"taxonomy":"product-supplier","embeddable":true,"href":"https:\/\/insektenliebe.com\/de\/wp-json\/wp\/v2\/product-supplier?post=4809"},{"taxonomy":"product_brand","embeddable":true,"href":"https:\/\/insektenliebe.com\/de\/wp-json\/wp\/v2\/product_brand?post=4809"},{"taxonomy":"product_cat","embeddable":true,"href":"https:\/\/insektenliebe.com\/de\/wp-json\/wp\/v2\/product_cat?post=4809"},{"taxonomy":"product_tag","embeddable":true,"href":"https:\/\/insektenliebe.com\/de\/wp-json\/wp\/v2\/product_tag?post=4809"},{"taxonomy":"lce-checkout-addons","embeddable":true,"href":"https:\/\/insektenliebe.com\/de\/wp-json\/wp\/v2\/lce-checkout-addons?post=4809"}],"curies":[{"name":"wp","href":"https:\/\/api.w.org\/{rel}","templated":true}]}}