{"id":4806,"date":"2020-05-07T12:28:00","date_gmt":"2020-05-07T10:28:00","guid":{"rendered":"http:\/\/localhost\/ins-test\/?post_type=product&#038;p=4806"},"modified":"2026-04-18T16:43:50","modified_gmt":"2026-04-18T14:43:50","slug":"cubaris-spec-panda-king","status":"publish","type":"product","link":"https:\/\/insektenliebe.com\/de\/shop\/produkt\/cubaris-spec-panda-king\/","title":{"rendered":"Cubaris spec. \"Panda King\""},"content":{"rendered":"<h3><span style=\"color: #99cc33\">Kurzbeschreibung:<\/span><\/h3>\n<p class=\"font_8\">Die Grundfarbe ist braun. Ab dem 2. Segment bis zum 4. Segment \u00e4ndert sich die Farbe in ein Cremewei\u00df. Die Beine und Antennen sind bei dieser Art auch komplett Cremewei\u00df gef\u00e4rbt. Diese Farbkonstellation verleiht der Assel den Namen \"Panda King\".<\/p>\n<p class=\"font_8\">Cubaris spec. \"Panda King\" lebt in tropischen Gebieten im Vietnam. Daher sollte eine Luftfeuchtigkeit von 75-85% eingehalten werden. Um die Feuchtigkeit zu halten, kann man das Substrat mit Laub, Moos, Rinde oder \u00e4hnlichem abdecken. Bei Cubaris spec. \"Panda King\" kann man auf eine Kaminbel\u00fcftung oder generell gro\u00dffl\u00e4chig angelegte Bel\u00fcftungen verzichten.<\/p>\n<p class=\"font_8\">Als Futter dient sowohl das im Substrat enthaltene organische Material, als auch Zusatzfutter wie beispielsweise Gem\u00fcse, Obst und Asselfutter. Eine gro\u00dffl\u00e4chige Laubschicht auf dem Bodensubstrat wird sehr gerne als Futter- und Versteckm\u00f6glichkeit genutzt. Die Art h\u00e4lt sich im adulten Status regelm\u00e4\u00dfig auf der Oberfl\u00e4che auf und kann gut beobachtet werden. Die Nachzucht dieser Art ist relativ einfach und sie verzeiht auch mal den ein oder anderen Haltungsfehler, was sie zu einer guten Einsteigerart macht.<\/p>\n<p>&nbsp;<\/p>\n","protected":false},"excerpt":{"rendered":"<p>Kurzbeschreibung: Die Grundfarbe ist braun. Ab dem 2. Segment bis zum 4. Segment \u00e4ndert sich die Farbe in ein Cremewei\u00df. Die Beine und Antennen sind bei dieser Art auch komplett Cremewei\u00df gef\u00e4rbt. Diese Farbkonstellation verleiht der Assel den Namen \"Panda King\". Cubaris spec. \"Panda King\" lebt in tropischen Gebieten im Vietnam. Daher sollte eine Luftfeuchtigkeit [&hellip;]<\/p>\n","protected":false},"featured_media":4853,"template":"","meta":{"_acf_changed":false},"product-supplier":[],"product_brand":[],"product_cat":[627,142],"product_tag":[],"lce-checkout-addons":[1202],"class_list":{"0":"post-4806","1":"product","2":"type-product","3":"status-publish","4":"has-post-thumbnail","6":"product_cat-asseln","7":"product_cat-tropische-farbasseln-cubaris","8":"product_shipping_class-animal-shipping","9":"pa_einsatz-show","10":"pa_haltung-single","11":"pa_haltung-group","12":"pa_herkunft-vietnam","13":"pa_kontinent-asien","14":"lce-checkout-addons-winterverpackung","16":"first","17":"instock","18":"sale","19":"taxable","20":"shipping-taxable","21":"purchasable","22":"product-type-simple"},"acf":[],"yoast_head":"<!-- This site is optimized with the Yoast SEO plugin v27.3 - https:\/\/yoast.com\/product\/yoast-seo-wordpress\/ -->\n<title>Cubaris spec. &quot;Panda King&quot; - Insektenliebe<\/title>\n<meta name=\"description\" content=\"G\u00fcnstige Cubaris spec. &quot;Panda King&quot; online kaufen. Eine der sch\u00f6nsten Landassel-Art der Welt die man direkt vom Z\u00fcchter kaufen kann!\" \/>\n<meta name=\"robots\" content=\"index, follow, max-snippet:-1, max-image-preview:large, max-video-preview:-1\" \/>\n<link rel=\"canonical\" href=\"https:\/\/insektenliebe.com\/de\/shop\/produkt\/cubaris-spec-panda-king\/\" \/>\n<meta property=\"og:locale\" content=\"de_DE\" \/>\n<meta property=\"og:type\" content=\"article\" \/>\n<meta property=\"og:title\" content=\"Cubaris spec. &quot;Panda King&quot; - Insektenliebe\" \/>\n<meta property=\"og:description\" content=\"G\u00fcnstige Cubaris spec. &quot;Panda King&quot; online kaufen. Eine der sch\u00f6nsten Landassel-Art der Welt die man direkt vom Z\u00fcchter kaufen kann!\" \/>\n<meta property=\"og:url\" content=\"https:\/\/insektenliebe.com\/de\/shop\/produkt\/cubaris-spec-panda-king\/\" \/>\n<meta property=\"og:site_name\" content=\"Insektenliebe\" \/>\n<meta property=\"article:modified_time\" content=\"2026-04-18T14:43:50+00:00\" \/>\n<meta property=\"og:image\" content=\"https:\/\/insektenliebe.com\/wp-content\/uploads\/2025\/05\/Cubaris-spec.-_Panda-King_-1-2.jpg\" \/>\n\t<meta property=\"og:image:width\" content=\"820\" \/>\n\t<meta property=\"og:image:height\" content=\"820\" \/>\n\t<meta property=\"og:image:type\" content=\"image\/jpeg\" \/>\n<meta name=\"twitter:card\" content=\"summary_large_image\" \/>\n<meta name=\"twitter:label1\" content=\"Gesch\u00e4tzte Lesezeit\" \/>\n\t<meta name=\"twitter:data1\" content=\"2\u00a0Minuten\" \/>\n<script type=\"application\/ld+json\" class=\"yoast-schema-graph\">{\"@context\":\"https:\\\/\\\/schema.org\",\"@graph\":[{\"@type\":\"WebPage\",\"@id\":\"https:\\\/\\\/insektenliebe.com\\\/de\\\/shop\\\/produkt\\\/cubaris-spec-panda-king\\\/\",\"url\":\"https:\\\/\\\/insektenliebe.com\\\/de\\\/shop\\\/produkt\\\/cubaris-spec-panda-king\\\/\",\"name\":\"Cubaris spec. \\\"Panda King\\\" - Insektenliebe\",\"isPartOf\":{\"@id\":\"https:\\\/\\\/insektenliebe.com\\\/de\\\/#website\"},\"primaryImageOfPage\":{\"@id\":\"https:\\\/\\\/insektenliebe.com\\\/de\\\/shop\\\/produkt\\\/cubaris-spec-panda-king\\\/#primaryimage\"},\"image\":{\"@id\":\"https:\\\/\\\/insektenliebe.com\\\/de\\\/shop\\\/produkt\\\/cubaris-spec-panda-king\\\/#primaryimage\"},\"thumbnailUrl\":\"https:\\\/\\\/insektenliebe.com\\\/wp-content\\\/uploads\\\/2025\\\/05\\\/Cubaris-spec.-_Panda-King_-1-2.jpg\",\"datePublished\":\"2020-05-07T10:28:00+00:00\",\"dateModified\":\"2026-04-18T14:43:50+00:00\",\"description\":\"G\u00fcnstige Cubaris spec. \\\"Panda King\\\" online kaufen. Eine der sch\u00f6nsten Landassel-Art der Welt die man direkt vom Z\u00fcchter kaufen kann!\",\"breadcrumb\":{\"@id\":\"https:\\\/\\\/insektenliebe.com\\\/de\\\/shop\\\/produkt\\\/cubaris-spec-panda-king\\\/#breadcrumb\"},\"inLanguage\":\"de\",\"potentialAction\":[{\"@type\":\"ReadAction\",\"target\":[\"https:\\\/\\\/insektenliebe.com\\\/de\\\/shop\\\/produkt\\\/cubaris-spec-panda-king\\\/\"]}]},{\"@type\":\"ImageObject\",\"inLanguage\":\"de\",\"@id\":\"https:\\\/\\\/insektenliebe.com\\\/de\\\/shop\\\/produkt\\\/cubaris-spec-panda-king\\\/#primaryimage\",\"url\":\"https:\\\/\\\/insektenliebe.com\\\/wp-content\\\/uploads\\\/2025\\\/05\\\/Cubaris-spec.-_Panda-King_-1-2.jpg\",\"contentUrl\":\"https:\\\/\\\/insektenliebe.com\\\/wp-content\\\/uploads\\\/2025\\\/05\\\/Cubaris-spec.-_Panda-King_-1-2.jpg\",\"width\":820,\"height\":820,\"caption\":\"Cubaris-spec.-_Panda-King_-1-2.jpg\"},{\"@type\":\"BreadcrumbList\",\"@id\":\"https:\\\/\\\/insektenliebe.com\\\/de\\\/shop\\\/produkt\\\/cubaris-spec-panda-king\\\/#breadcrumb\",\"itemListElement\":[{\"@type\":\"ListItem\",\"position\":1,\"name\":\"Startseite\",\"item\":\"https:\\\/\\\/insektenliebe.com\\\/de\\\/\"},{\"@type\":\"ListItem\",\"position\":2,\"name\":\"Shop\",\"item\":\"https:\\\/\\\/insektenliebe.com\\\/de\\\/shop\\\/\"},{\"@type\":\"ListItem\",\"position\":3,\"name\":\"Cubaris spec. &#8222;Panda King&#8220;\"}]},{\"@type\":\"WebSite\",\"@id\":\"https:\\\/\\\/insektenliebe.com\\\/de\\\/#website\",\"url\":\"https:\\\/\\\/insektenliebe.com\\\/de\\\/\",\"name\":\"Insektenliebe\",\"description\":\"Dein Zuhause f\u00fcr die kleinen Lebewesen\",\"publisher\":{\"@id\":\"https:\\\/\\\/insektenliebe.com\\\/de\\\/#organization\"},\"potentialAction\":[{\"@type\":\"SearchAction\",\"target\":{\"@type\":\"EntryPoint\",\"urlTemplate\":\"https:\\\/\\\/insektenliebe.com\\\/de\\\/?s={search_term_string}\"},\"query-input\":{\"@type\":\"PropertyValueSpecification\",\"valueRequired\":true,\"valueName\":\"search_term_string\"}}],\"inLanguage\":\"de\"},{\"@type\":\"Organization\",\"@id\":\"https:\\\/\\\/insektenliebe.com\\\/de\\\/#organization\",\"name\":\"Insektenliebe\",\"url\":\"https:\\\/\\\/insektenliebe.com\\\/de\\\/\",\"logo\":{\"@type\":\"ImageObject\",\"inLanguage\":\"de\",\"@id\":\"https:\\\/\\\/insektenliebe.com\\\/de\\\/#\\\/schema\\\/logo\\\/image\\\/\",\"url\":\"https:\\\/\\\/insektenliebe.com\\\/wp-content\\\/uploads\\\/2025\\\/03\\\/logo-white.png\",\"contentUrl\":\"https:\\\/\\\/insektenliebe.com\\\/wp-content\\\/uploads\\\/2025\\\/03\\\/logo-white.png\",\"width\":288,\"height\":188,\"caption\":\"Insektenliebe\"},\"image\":{\"@id\":\"https:\\\/\\\/insektenliebe.com\\\/de\\\/#\\\/schema\\\/logo\\\/image\\\/\"}}]}<\/script>\n<!-- \/ Yoast SEO plugin. -->","yoast_head_json":{"title":"Cubaris spec. \"Panda King\" - Insektenliebe","description":"G\u00fcnstige Cubaris spec. \"Panda King\" online kaufen. Eine der sch\u00f6nsten Landassel-Art der Welt die man direkt vom Z\u00fcchter kaufen kann!","robots":{"index":"index","follow":"follow","max-snippet":"max-snippet:-1","max-image-preview":"max-image-preview:large","max-video-preview":"max-video-preview:-1"},"canonical":"https:\/\/insektenliebe.com\/de\/shop\/produkt\/cubaris-spec-panda-king\/","og_locale":"de_DE","og_type":"article","og_title":"Cubaris spec. \"Panda King\" - Insektenliebe","og_description":"G\u00fcnstige Cubaris spec. \"Panda King\" online kaufen. Eine der sch\u00f6nsten Landassel-Art der Welt die man direkt vom Z\u00fcchter kaufen kann!","og_url":"https:\/\/insektenliebe.com\/de\/shop\/produkt\/cubaris-spec-panda-king\/","og_site_name":"Insektenliebe","article_modified_time":"2026-04-18T14:43:50+00:00","og_image":[{"width":820,"height":820,"url":"https:\/\/insektenliebe.com\/wp-content\/uploads\/2025\/05\/Cubaris-spec.-_Panda-King_-1-2.jpg","type":"image\/jpeg"}],"twitter_card":"summary_large_image","twitter_misc":{"Gesch\u00e4tzte Lesezeit":"2\u00a0Minuten"},"schema":{"@context":"https:\/\/schema.org","@graph":[{"@type":"WebPage","@id":"https:\/\/insektenliebe.com\/de\/shop\/produkt\/cubaris-spec-panda-king\/","url":"https:\/\/insektenliebe.com\/de\/shop\/produkt\/cubaris-spec-panda-king\/","name":"Cubaris spec. \"Panda King\" - Insektenliebe","isPartOf":{"@id":"https:\/\/insektenliebe.com\/de\/#website"},"primaryImageOfPage":{"@id":"https:\/\/insektenliebe.com\/de\/shop\/produkt\/cubaris-spec-panda-king\/#primaryimage"},"image":{"@id":"https:\/\/insektenliebe.com\/de\/shop\/produkt\/cubaris-spec-panda-king\/#primaryimage"},"thumbnailUrl":"https:\/\/insektenliebe.com\/wp-content\/uploads\/2025\/05\/Cubaris-spec.-_Panda-King_-1-2.jpg","datePublished":"2020-05-07T10:28:00+00:00","dateModified":"2026-04-18T14:43:50+00:00","description":"G\u00fcnstige Cubaris spec. \"Panda King\" online kaufen. Eine der sch\u00f6nsten Landassel-Art der Welt die man direkt vom Z\u00fcchter kaufen kann!","breadcrumb":{"@id":"https:\/\/insektenliebe.com\/de\/shop\/produkt\/cubaris-spec-panda-king\/#breadcrumb"},"inLanguage":"de","potentialAction":[{"@type":"ReadAction","target":["https:\/\/insektenliebe.com\/de\/shop\/produkt\/cubaris-spec-panda-king\/"]}]},{"@type":"ImageObject","inLanguage":"de","@id":"https:\/\/insektenliebe.com\/de\/shop\/produkt\/cubaris-spec-panda-king\/#primaryimage","url":"https:\/\/insektenliebe.com\/wp-content\/uploads\/2025\/05\/Cubaris-spec.-_Panda-King_-1-2.jpg","contentUrl":"https:\/\/insektenliebe.com\/wp-content\/uploads\/2025\/05\/Cubaris-spec.-_Panda-King_-1-2.jpg","width":820,"height":820,"caption":"Cubaris-spec.-_Panda-King_-1-2.jpg"},{"@type":"BreadcrumbList","@id":"https:\/\/insektenliebe.com\/de\/shop\/produkt\/cubaris-spec-panda-king\/#breadcrumb","itemListElement":[{"@type":"ListItem","position":1,"name":"Startseite","item":"https:\/\/insektenliebe.com\/de\/"},{"@type":"ListItem","position":2,"name":"Shop","item":"https:\/\/insektenliebe.com\/de\/shop\/"},{"@type":"ListItem","position":3,"name":"Cubaris spec. &#8222;Panda King&#8220;"}]},{"@type":"WebSite","@id":"https:\/\/insektenliebe.com\/de\/#website","url":"https:\/\/insektenliebe.com\/de\/","name":"Insektenliebe","description":"Dein Zuhause f\u00fcr die kleinen Lebewesen","publisher":{"@id":"https:\/\/insektenliebe.com\/de\/#organization"},"potentialAction":[{"@type":"SearchAction","target":{"@type":"EntryPoint","urlTemplate":"https:\/\/insektenliebe.com\/de\/?s={search_term_string}"},"query-input":{"@type":"PropertyValueSpecification","valueRequired":true,"valueName":"search_term_string"}}],"inLanguage":"de"},{"@type":"Organization","@id":"https:\/\/insektenliebe.com\/de\/#organization","name":"Insektenliebe","url":"https:\/\/insektenliebe.com\/de\/","logo":{"@type":"ImageObject","inLanguage":"de","@id":"https:\/\/insektenliebe.com\/de\/#\/schema\/logo\/image\/","url":"https:\/\/insektenliebe.com\/wp-content\/uploads\/2025\/03\/logo-white.png","contentUrl":"https:\/\/insektenliebe.com\/wp-content\/uploads\/2025\/03\/logo-white.png","width":288,"height":188,"caption":"Insektenliebe"},"image":{"@id":"https:\/\/insektenliebe.com\/de\/#\/schema\/logo\/image\/"}}]}},"_links":{"self":[{"href":"https:\/\/insektenliebe.com\/de\/wp-json\/wp\/v2\/product\/4806","targetHints":{"allow":["GET"]}}],"collection":[{"href":"https:\/\/insektenliebe.com\/de\/wp-json\/wp\/v2\/product"}],"about":[{"href":"https:\/\/insektenliebe.com\/de\/wp-json\/wp\/v2\/types\/product"}],"wp:featuredmedia":[{"embeddable":true,"href":"https:\/\/insektenliebe.com\/de\/wp-json\/wp\/v2\/media\/4853"}],"wp:attachment":[{"href":"https:\/\/insektenliebe.com\/de\/wp-json\/wp\/v2\/media?parent=4806"}],"wp:term":[{"taxonomy":"product-supplier","embeddable":true,"href":"https:\/\/insektenliebe.com\/de\/wp-json\/wp\/v2\/product-supplier?post=4806"},{"taxonomy":"product_brand","embeddable":true,"href":"https:\/\/insektenliebe.com\/de\/wp-json\/wp\/v2\/product_brand?post=4806"},{"taxonomy":"product_cat","embeddable":true,"href":"https:\/\/insektenliebe.com\/de\/wp-json\/wp\/v2\/product_cat?post=4806"},{"taxonomy":"product_tag","embeddable":true,"href":"https:\/\/insektenliebe.com\/de\/wp-json\/wp\/v2\/product_tag?post=4806"},{"taxonomy":"lce-checkout-addons","embeddable":true,"href":"https:\/\/insektenliebe.com\/de\/wp-json\/wp\/v2\/lce-checkout-addons?post=4806"}],"curies":[{"name":"wp","href":"https:\/\/api.w.org\/{rel}","templated":true}]}}