{"id":4804,"date":"2020-05-02T09:43:37","date_gmt":"2020-05-02T09:43:37","guid":{"rendered":"http:\/\/localhost\/ins-test\/?post_type=product&#038;p=4804"},"modified":"2026-01-29T08:27:03","modified_gmt":"2026-01-29T07:27:03","slug":"shelfordella-lateralis-schokoschaben","status":"publish","type":"product","link":"https:\/\/insektenliebe.com\/de\/shop\/produkt\/shelfordella-lateralis-schokoschaben\/","title":{"rendered":"Shelfordella lateralis \"Schokoschaben\""},"content":{"rendered":"<h3><span style=\"color: #99cc33\">Kurzbeschreibung Shelfordella lateralis \"Schokoschaben\":<\/span><\/h3>\n<p><strong>Shelfordella lateralis \"Schokoschaben\"<\/strong> besitzen einen weichen Chitinpanzer. Deshalb wird diese Art gerne als Futtertier f\u00fcr viele Reptilien, Spinnen und Amphibien verwendet. Im Vergleich zu anderen Futterquellen wie Heimchen enth\u00e4lt sie einen h\u00f6heren Anteil an Proteinen, ist leichter zu z\u00fcchten und erzeugt kaum Geruch. Daher erfreuen sie sich bei Amphibien- und Reptilienliebhabern zunehmender Beliebtheit. Man sollte allerdings vorsichtig mit ihnen umgehen! <strong>Shelfordella lateralis \"Schokoschaben\"<\/strong> vermehren sich auch in der Wohnung.<\/p>\n<p><strong>Gesunde Leckerbissen f\u00fcr alle Insektenfresser:<\/strong><\/p>\n<p>Protein 28,7 %<br \/>\nFett 10,9 %<br \/>\nRohasche 2,4 %<\/p>\n<div class=\"vc_row wpb_row vc_row-fluid prrow\">\n<div class=\"wpb_column vc_column_container vc_col-sm-3\">\n<div class=\"vc_column-inner \">\n<div class=\"wpb_wrapper\">\n<div class=\"wpb_text_column wpb_content_element \">\n<div class=\"wpb_wrapper\">\n<p>Die Zucht ist denkbar einfach und kann mit einem Beh\u00e4lter mit Deckel und Bel\u00fcftung, Eierkartons, Proteinfutter und einer Tr\u00e4nke einfach realisiert werden. <strong>Shelfordella lateralis \"Schokoschaben\"<\/strong> vermehren sich schnell. Die Weibchen legen alle 2-3 Wochen ein Ei-Paket in Form einer Oothek ab. Die ca. 30 Eier sind in der Oothek bestens gesch\u00fctzt. Die Nymphen sind ca. 3 mm gro\u00df und schl\u00fcpfen nach 2-4 Wochen. Je nach Temperatur werden die Nymphen nach 4 Monaten geschlechtsreif.<\/p>\n<p>Mehr Informationen zur Zucht findest du in unserem Insektenliebe Futterschaben-Komplettset.<\/p>\n<\/div>\n<\/div>\n<\/div>\n<\/div>\n<\/div>\n<\/div>\n","protected":false},"excerpt":{"rendered":"<p>Kurzbeschreibung Shelfordella lateralis \"Schokoschaben\": Shelfordella lateralis \"Schokoschaben\" besitzen einen weichen Chitinpanzer. Deshalb wird diese Art gerne als Futtertier f\u00fcr viele Reptilien, Spinnen und Amphibien verwendet. Im Vergleich zu anderen Futterquellen wie Heimchen enth\u00e4lt sie einen h\u00f6heren Anteil an Proteinen, ist leichter zu z\u00fcchten und erzeugt kaum Geruch. Daher erfreuen sie sich bei Amphibien- und Reptilienliebhabern [&hellip;]<\/p>\n","protected":false},"featured_media":4834,"template":"","meta":{"_acf_changed":false},"product-supplier":[],"product_brand":[],"product_cat":[2351,214],"product_tag":[],"lce-checkout-addons":[1202],"class_list":{"0":"post-4804","1":"product","2":"type-product","3":"status-publish","4":"has-post-thumbnail","6":"product_cat-futtertiere","7":"product_cat-schaben","8":"product_shipping_class-animal-shipping","9":"pa_herkunft-kosmopolitisch","10":"pa_kontinent-asien","11":"pa_kontinent-europa","12":"lce-checkout-addons-winterverpackung","14":"first","15":"outofstock","16":"taxable","17":"shipping-taxable","18":"product-type-variable"},"acf":[],"yoast_head":"<!-- This site is optimized with the Yoast SEO Premium plugin v26.8 (Yoast SEO v27.3) - https:\/\/yoast.com\/product\/yoast-seo-premium-wordpress\/ -->\n<title>Shelfordella lateralis &quot;Schokoschaben&quot; - Insektenliebe<\/title>\n<meta name=\"description\" content=\"G\u00fcnstige Shelfordella lateralis &quot;Schokoschaben&quot; online kaufen. Das belibte Futtertier kann hier direkt beim Z\u00fcchter gekauft werden.\" \/>\n<meta name=\"robots\" content=\"index, follow, max-snippet:-1, max-image-preview:large, max-video-preview:-1\" \/>\n<link rel=\"canonical\" href=\"https:\/\/insektenliebe.com\/de\/shop\/produkt\/shelfordella-lateralis-schokoschaben\/\" \/>\n<meta property=\"og:locale\" content=\"de_DE\" \/>\n<meta property=\"og:type\" content=\"article\" \/>\n<meta property=\"og:title\" content=\"Shelfordella lateralis &quot;Schokoschaben&quot;\" \/>\n<meta property=\"og:description\" content=\"G\u00fcnstige Shelfordella lateralis &quot;Schokoschaben&quot; online kaufen. Das belibte Futtertier kann hier direkt beim Z\u00fcchter gekauft werden.\" \/>\n<meta property=\"og:url\" content=\"https:\/\/insektenliebe.com\/de\/shop\/produkt\/shelfordella-lateralis-schokoschaben\/\" \/>\n<meta property=\"og:site_name\" content=\"Insektenliebe\" \/>\n<meta property=\"article:modified_time\" content=\"2026-01-29T07:27:03+00:00\" \/>\n<meta property=\"og:image\" content=\"https:\/\/insektenliebe.com\/wp-content\/uploads\/2025\/05\/Shelfordella-lateralis-22Schokoschaben22-2.jpg\" \/>\n\t<meta property=\"og:image:width\" content=\"2560\" \/>\n\t<meta property=\"og:image:height\" content=\"2560\" \/>\n\t<meta property=\"og:image:type\" content=\"image\/jpeg\" \/>\n<meta name=\"twitter:card\" content=\"summary_large_image\" \/>\n<meta name=\"twitter:label1\" content=\"Verf\u00fcgbarkeit\" \/>\n\t<meta name=\"twitter:data1\" content=\"ausverkauft\" \/>\n<script type=\"application\/ld+json\" class=\"yoast-schema-graph\">{\"@context\":\"https:\\\/\\\/schema.org\",\"@graph\":[{\"@type\":\"WebPage\",\"@id\":\"https:\\\/\\\/insektenliebe.com\\\/de\\\/shop\\\/produkt\\\/shelfordella-lateralis-schokoschaben\\\/\",\"url\":\"https:\\\/\\\/insektenliebe.com\\\/de\\\/shop\\\/produkt\\\/shelfordella-lateralis-schokoschaben\\\/\",\"name\":\"Shelfordella lateralis \\\"Schokoschaben\\\" - Insektenliebe\",\"isPartOf\":{\"@id\":\"https:\\\/\\\/insektenliebe.com\\\/de\\\/#website\"},\"primaryImageOfPage\":{\"@id\":\"https:\\\/\\\/insektenliebe.com\\\/de\\\/shop\\\/produkt\\\/shelfordella-lateralis-schokoschaben\\\/#primaryimage\"},\"image\":{\"@id\":\"https:\\\/\\\/insektenliebe.com\\\/de\\\/shop\\\/produkt\\\/shelfordella-lateralis-schokoschaben\\\/#primaryimage\"},\"thumbnailUrl\":\"https:\\\/\\\/insektenliebe.com\\\/wp-content\\\/uploads\\\/2025\\\/05\\\/Shelfordella-lateralis-22Schokoschaben22-2.jpg\",\"datePublished\":\"2020-05-02T09:43:37+00:00\",\"dateModified\":\"2026-01-29T07:27:03+00:00\",\"description\":\"G\u00fcnstige Shelfordella lateralis \\\"Schokoschaben\\\" online kaufen. Das belibte Futtertier kann hier direkt beim Z\u00fcchter gekauft werden.\",\"breadcrumb\":{\"@id\":\"https:\\\/\\\/insektenliebe.com\\\/de\\\/shop\\\/produkt\\\/shelfordella-lateralis-schokoschaben\\\/#breadcrumb\"},\"inLanguage\":\"de\",\"potentialAction\":[{\"@type\":\"ReadAction\",\"target\":[\"https:\\\/\\\/insektenliebe.com\\\/de\\\/shop\\\/produkt\\\/shelfordella-lateralis-schokoschaben\\\/\"]}]},{\"@type\":\"ImageObject\",\"inLanguage\":\"de\",\"@id\":\"https:\\\/\\\/insektenliebe.com\\\/de\\\/shop\\\/produkt\\\/shelfordella-lateralis-schokoschaben\\\/#primaryimage\",\"url\":\"https:\\\/\\\/insektenliebe.com\\\/wp-content\\\/uploads\\\/2025\\\/05\\\/Shelfordella-lateralis-22Schokoschaben22-2.jpg\",\"contentUrl\":\"https:\\\/\\\/insektenliebe.com\\\/wp-content\\\/uploads\\\/2025\\\/05\\\/Shelfordella-lateralis-22Schokoschaben22-2.jpg\",\"width\":2560,\"height\":2560,\"caption\":\"Shelfordella-lateralis-22Schokoschaben22-2.jpg\"},{\"@type\":\"BreadcrumbList\",\"@id\":\"https:\\\/\\\/insektenliebe.com\\\/de\\\/shop\\\/produkt\\\/shelfordella-lateralis-schokoschaben\\\/#breadcrumb\",\"itemListElement\":[{\"@type\":\"ListItem\",\"position\":1,\"name\":\"Startseite\",\"item\":\"https:\\\/\\\/insektenliebe.com\\\/de\\\/\"},{\"@type\":\"ListItem\",\"position\":2,\"name\":\"Shop\",\"item\":\"https:\\\/\\\/insektenliebe.com\\\/de\\\/shop\\\/\"},{\"@type\":\"ListItem\",\"position\":3,\"name\":\"Shelfordella lateralis &#8222;Schokoschaben&#8220;\"}]},{\"@type\":\"WebSite\",\"@id\":\"https:\\\/\\\/insektenliebe.com\\\/de\\\/#website\",\"url\":\"https:\\\/\\\/insektenliebe.com\\\/de\\\/\",\"name\":\"Insektenliebe\",\"description\":\"Dein Zuhause f\u00fcr die kleinen Lebewesen\",\"publisher\":{\"@id\":\"https:\\\/\\\/insektenliebe.com\\\/de\\\/#organization\"},\"potentialAction\":[{\"@type\":\"SearchAction\",\"target\":{\"@type\":\"EntryPoint\",\"urlTemplate\":\"https:\\\/\\\/insektenliebe.com\\\/de\\\/?s={search_term_string}\"},\"query-input\":{\"@type\":\"PropertyValueSpecification\",\"valueRequired\":true,\"valueName\":\"search_term_string\"}}],\"inLanguage\":\"de\"},{\"@type\":\"Organization\",\"@id\":\"https:\\\/\\\/insektenliebe.com\\\/de\\\/#organization\",\"name\":\"Insektenliebe\",\"url\":\"https:\\\/\\\/insektenliebe.com\\\/de\\\/\",\"logo\":{\"@type\":\"ImageObject\",\"inLanguage\":\"de\",\"@id\":\"https:\\\/\\\/insektenliebe.com\\\/de\\\/#\\\/schema\\\/logo\\\/image\\\/\",\"url\":\"https:\\\/\\\/insektenliebe.com\\\/wp-content\\\/uploads\\\/2025\\\/03\\\/logo-white.png\",\"contentUrl\":\"https:\\\/\\\/insektenliebe.com\\\/wp-content\\\/uploads\\\/2025\\\/03\\\/logo-white.png\",\"width\":288,\"height\":188,\"caption\":\"Insektenliebe\"},\"image\":{\"@id\":\"https:\\\/\\\/insektenliebe.com\\\/de\\\/#\\\/schema\\\/logo\\\/image\\\/\"}}]}<\/script>\n<meta property=\"og:availability\" content=\"out of stock\" \/>\n<meta property=\"product:availability\" content=\"out of stock\" \/>\n<meta property=\"product:retailer_item_id\" content=\"536\" \/>\n<meta property=\"product:condition\" content=\"new\" \/>\n<!-- \/ Yoast SEO Premium plugin. -->","yoast_head_json":{"title":"Shelfordella lateralis \"Schokoschaben\" - Insektenliebe","description":"G\u00fcnstige Shelfordella lateralis \"Schokoschaben\" online kaufen. Das belibte Futtertier kann hier direkt beim Z\u00fcchter gekauft werden.","robots":{"index":"index","follow":"follow","max-snippet":"max-snippet:-1","max-image-preview":"max-image-preview:large","max-video-preview":"max-video-preview:-1"},"canonical":"https:\/\/insektenliebe.com\/de\/shop\/produkt\/shelfordella-lateralis-schokoschaben\/","og_locale":"de_DE","og_type":"article","og_title":"Shelfordella lateralis \"Schokoschaben\"","og_description":"G\u00fcnstige Shelfordella lateralis \"Schokoschaben\" online kaufen. Das belibte Futtertier kann hier direkt beim Z\u00fcchter gekauft werden.","og_url":"https:\/\/insektenliebe.com\/de\/shop\/produkt\/shelfordella-lateralis-schokoschaben\/","og_site_name":"Insektenliebe","article_modified_time":"2026-01-29T07:27:03+00:00","og_image":[{"width":2560,"height":2560,"url":"https:\/\/insektenliebe.com\/wp-content\/uploads\/2025\/05\/Shelfordella-lateralis-22Schokoschaben22-2.jpg","type":"image\/jpeg"}],"twitter_card":"summary_large_image","twitter_misc":{"Verf\u00fcgbarkeit":"ausverkauft"},"schema":{"@context":"https:\/\/schema.org","@graph":[{"@type":"WebPage","@id":"https:\/\/insektenliebe.com\/de\/shop\/produkt\/shelfordella-lateralis-schokoschaben\/","url":"https:\/\/insektenliebe.com\/de\/shop\/produkt\/shelfordella-lateralis-schokoschaben\/","name":"Shelfordella lateralis \"Schokoschaben\" - Insektenliebe","isPartOf":{"@id":"https:\/\/insektenliebe.com\/de\/#website"},"primaryImageOfPage":{"@id":"https:\/\/insektenliebe.com\/de\/shop\/produkt\/shelfordella-lateralis-schokoschaben\/#primaryimage"},"image":{"@id":"https:\/\/insektenliebe.com\/de\/shop\/produkt\/shelfordella-lateralis-schokoschaben\/#primaryimage"},"thumbnailUrl":"https:\/\/insektenliebe.com\/wp-content\/uploads\/2025\/05\/Shelfordella-lateralis-22Schokoschaben22-2.jpg","datePublished":"2020-05-02T09:43:37+00:00","dateModified":"2026-01-29T07:27:03+00:00","description":"G\u00fcnstige Shelfordella lateralis \"Schokoschaben\" online kaufen. Das belibte Futtertier kann hier direkt beim Z\u00fcchter gekauft werden.","breadcrumb":{"@id":"https:\/\/insektenliebe.com\/de\/shop\/produkt\/shelfordella-lateralis-schokoschaben\/#breadcrumb"},"inLanguage":"de","potentialAction":[{"@type":"ReadAction","target":["https:\/\/insektenliebe.com\/de\/shop\/produkt\/shelfordella-lateralis-schokoschaben\/"]}]},{"@type":"ImageObject","inLanguage":"de","@id":"https:\/\/insektenliebe.com\/de\/shop\/produkt\/shelfordella-lateralis-schokoschaben\/#primaryimage","url":"https:\/\/insektenliebe.com\/wp-content\/uploads\/2025\/05\/Shelfordella-lateralis-22Schokoschaben22-2.jpg","contentUrl":"https:\/\/insektenliebe.com\/wp-content\/uploads\/2025\/05\/Shelfordella-lateralis-22Schokoschaben22-2.jpg","width":2560,"height":2560,"caption":"Shelfordella-lateralis-22Schokoschaben22-2.jpg"},{"@type":"BreadcrumbList","@id":"https:\/\/insektenliebe.com\/de\/shop\/produkt\/shelfordella-lateralis-schokoschaben\/#breadcrumb","itemListElement":[{"@type":"ListItem","position":1,"name":"Startseite","item":"https:\/\/insektenliebe.com\/de\/"},{"@type":"ListItem","position":2,"name":"Shop","item":"https:\/\/insektenliebe.com\/de\/shop\/"},{"@type":"ListItem","position":3,"name":"Shelfordella lateralis &#8222;Schokoschaben&#8220;"}]},{"@type":"WebSite","@id":"https:\/\/insektenliebe.com\/de\/#website","url":"https:\/\/insektenliebe.com\/de\/","name":"Insektenliebe","description":"Dein Zuhause f\u00fcr die kleinen Lebewesen","publisher":{"@id":"https:\/\/insektenliebe.com\/de\/#organization"},"potentialAction":[{"@type":"SearchAction","target":{"@type":"EntryPoint","urlTemplate":"https:\/\/insektenliebe.com\/de\/?s={search_term_string}"},"query-input":{"@type":"PropertyValueSpecification","valueRequired":true,"valueName":"search_term_string"}}],"inLanguage":"de"},{"@type":"Organization","@id":"https:\/\/insektenliebe.com\/de\/#organization","name":"Insektenliebe","url":"https:\/\/insektenliebe.com\/de\/","logo":{"@type":"ImageObject","inLanguage":"de","@id":"https:\/\/insektenliebe.com\/de\/#\/schema\/logo\/image\/","url":"https:\/\/insektenliebe.com\/wp-content\/uploads\/2025\/03\/logo-white.png","contentUrl":"https:\/\/insektenliebe.com\/wp-content\/uploads\/2025\/03\/logo-white.png","width":288,"height":188,"caption":"Insektenliebe"},"image":{"@id":"https:\/\/insektenliebe.com\/de\/#\/schema\/logo\/image\/"}}]},"og_availability":"out of stock","product_availability":"out of stock","product_retailer_item_id":"536","product_condition":"new"},"_links":{"self":[{"href":"https:\/\/insektenliebe.com\/de\/wp-json\/wp\/v2\/product\/4804","targetHints":{"allow":["GET"]}}],"collection":[{"href":"https:\/\/insektenliebe.com\/de\/wp-json\/wp\/v2\/product"}],"about":[{"href":"https:\/\/insektenliebe.com\/de\/wp-json\/wp\/v2\/types\/product"}],"wp:featuredmedia":[{"embeddable":true,"href":"https:\/\/insektenliebe.com\/de\/wp-json\/wp\/v2\/media\/4834"}],"wp:attachment":[{"href":"https:\/\/insektenliebe.com\/de\/wp-json\/wp\/v2\/media?parent=4804"}],"wp:term":[{"taxonomy":"product-supplier","embeddable":true,"href":"https:\/\/insektenliebe.com\/de\/wp-json\/wp\/v2\/product-supplier?post=4804"},{"taxonomy":"product_brand","embeddable":true,"href":"https:\/\/insektenliebe.com\/de\/wp-json\/wp\/v2\/product_brand?post=4804"},{"taxonomy":"product_cat","embeddable":true,"href":"https:\/\/insektenliebe.com\/de\/wp-json\/wp\/v2\/product_cat?post=4804"},{"taxonomy":"product_tag","embeddable":true,"href":"https:\/\/insektenliebe.com\/de\/wp-json\/wp\/v2\/product_tag?post=4804"},{"taxonomy":"lce-checkout-addons","embeddable":true,"href":"https:\/\/insektenliebe.com\/de\/wp-json\/wp\/v2\/lce-checkout-addons?post=4804"}],"curies":[{"name":"wp","href":"https:\/\/api.w.org\/{rel}","templated":true}]}}