{"id":4786,"date":"2020-04-18T08:37:22","date_gmt":"2020-04-18T08:37:22","guid":{"rendered":"http:\/\/localhost\/ins-test\/?post_type=product&#038;p=4786"},"modified":"2026-01-29T20:32:07","modified_gmt":"2026-01-29T19:32:07","slug":"lopaphus-spec-cuc-phuong","status":"publish","type":"product","link":"https:\/\/insektenliebe.com\/de\/shop\/produkt\/lopaphus-spec-cuc-phuong\/","title":{"rendered":"Lopaphus spec. \"Cuc Phuong\""},"content":{"rendered":"<p>Kurzbeschreibung zu L. spec. \"Cuc Phuong\":<\/p>\n<p>Sie geh\u00f6ren mit zu den sch\u00f6nsten Phasmiden-Art die momentan erh\u00e4ltlich sind. Das Farbbild sowohl bei den M\u00e4nnchen als auch bei den Weibchen ist einfach umwerfend. Der tintenblauer Thorax verl\u00e4uft zu einem Kupfer- oder goldfarbenen Hinterteil. Auch der Kopf k\u00f6nnte als gold- oder kupferfarben beschrieben werden. Diese Stabschrecken-Art ist nicht empfindlich gegen\u00fcber Stauluft, daher reicht eine Bel\u00fcftung im Deckel aus. Das Terrarium sollte regelm\u00e4\u00dfig mit Wasser bespr\u00fcht werden. Dabei sollte zumindest der Bodengrund immer feucht bleiben. Lopaphus spec. \"Cuc Phuong\" ist eine sehr aktive Art. Daher sind sie st\u00e4ndig in Bewegung und man kann sie Tag und Nacht toll beobachten. Durch ihr aktives Wesen, sollte eine zu hohe Besatzungsdichte vermieden werden.<\/p>\n<p><strong>Luftfeuchtigkeit: <\/strong>70-75%<\/p>\n<p><strong>Nahrung:\u00a0<\/strong><\/p>\n<ul>\n<li>Brombeere<\/li>\n<li>Feuerdorn<\/li>\n<li>Buche<\/li>\n<li>Haselnuss<\/li>\n<li>Eukalyptus<\/li>\n<\/ul>\n","protected":false},"excerpt":{"rendered":"<p>Eine sehr aktive und anspruchslose Stabschrecke.<\/p>\n","protected":false},"featured_media":4831,"template":"","meta":{"_acf_changed":false},"product-supplier":[],"product_brand":[],"product_cat":[143],"product_tag":[],"lce-checkout-addons":[1202],"class_list":{"0":"post-4786","1":"product","2":"type-product","3":"status-publish","4":"has-post-thumbnail","6":"product_cat-sonstige-wirbellose","7":"product_shipping_class-animal-shipping","8":"pa_herkunft-vietnam","9":"pa_kontinent-asien","10":"lce-checkout-addons-winterverpackung","12":"first","13":"outofstock","14":"taxable","15":"shipping-taxable","16":"product-type-variable"},"acf":[],"yoast_head":"<!-- This site is optimized with the Yoast SEO plugin v27.3 - https:\/\/yoast.com\/product\/yoast-seo-wordpress\/ -->\n<title>Lopaphus spec. &quot;Cuc Phuong&quot; - Insektenliebe<\/title>\n<meta name=\"description\" content=\"G\u00fcnstige Lopaphus spec. &quot;Cuc Phuong&quot; direkt online kaufen. Wir bieten die wundersch\u00f6ne Stabschrecken-Art in unserem Shop an. Direkt vom Z\u00fcchter kaufen!\" \/>\n<meta name=\"robots\" content=\"index, follow, max-snippet:-1, max-image-preview:large, max-video-preview:-1\" \/>\n<link rel=\"canonical\" href=\"https:\/\/insektenliebe.com\/de\/shop\/produkt\/lopaphus-spec-cuc-phuong\/\" \/>\n<meta property=\"og:locale\" content=\"de_DE\" \/>\n<meta property=\"og:type\" content=\"article\" \/>\n<meta property=\"og:title\" content=\"Lopaphus spec. &quot;Cuc Phuong&quot; - Insektenliebe\" \/>\n<meta property=\"og:description\" content=\"G\u00fcnstige Lopaphus spec. &quot;Cuc Phuong&quot; direkt online kaufen. Wir bieten die wundersch\u00f6ne Stabschrecken-Art in unserem Shop an. Direkt vom Z\u00fcchter kaufen!\" \/>\n<meta property=\"og:url\" content=\"https:\/\/insektenliebe.com\/de\/shop\/produkt\/lopaphus-spec-cuc-phuong\/\" \/>\n<meta property=\"og:site_name\" content=\"Insektenliebe\" \/>\n<meta property=\"article:modified_time\" content=\"2026-01-29T19:32:07+00:00\" \/>\n<meta property=\"og:image\" content=\"https:\/\/insektenliebe.com\/wp-content\/uploads\/2025\/05\/Lopaphus-spec.-_Cuc-Phuong_-2.jpg\" \/>\n\t<meta property=\"og:image:width\" content=\"1250\" \/>\n\t<meta property=\"og:image:height\" content=\"867\" \/>\n\t<meta property=\"og:image:type\" content=\"image\/jpeg\" \/>\n<meta name=\"twitter:card\" content=\"summary_large_image\" \/>\n<meta name=\"twitter:label1\" content=\"Gesch\u00e4tzte Lesezeit\" \/>\n\t<meta name=\"twitter:data1\" content=\"1\u00a0Minute\" \/>\n<script type=\"application\/ld+json\" class=\"yoast-schema-graph\">{\"@context\":\"https:\\\/\\\/schema.org\",\"@graph\":[{\"@type\":\"WebPage\",\"@id\":\"https:\\\/\\\/insektenliebe.com\\\/de\\\/shop\\\/produkt\\\/lopaphus-spec-cuc-phuong\\\/\",\"url\":\"https:\\\/\\\/insektenliebe.com\\\/de\\\/shop\\\/produkt\\\/lopaphus-spec-cuc-phuong\\\/\",\"name\":\"Lopaphus spec. \\\"Cuc Phuong\\\" - Insektenliebe\",\"isPartOf\":{\"@id\":\"https:\\\/\\\/insektenliebe.com\\\/de\\\/#website\"},\"primaryImageOfPage\":{\"@id\":\"https:\\\/\\\/insektenliebe.com\\\/de\\\/shop\\\/produkt\\\/lopaphus-spec-cuc-phuong\\\/#primaryimage\"},\"image\":{\"@id\":\"https:\\\/\\\/insektenliebe.com\\\/de\\\/shop\\\/produkt\\\/lopaphus-spec-cuc-phuong\\\/#primaryimage\"},\"thumbnailUrl\":\"https:\\\/\\\/insektenliebe.com\\\/wp-content\\\/uploads\\\/2025\\\/05\\\/Lopaphus-spec.-_Cuc-Phuong_-2.jpg\",\"datePublished\":\"2020-04-18T08:37:22+00:00\",\"dateModified\":\"2026-01-29T19:32:07+00:00\",\"description\":\"G\u00fcnstige Lopaphus spec. \\\"Cuc Phuong\\\" direkt online kaufen. Wir bieten die wundersch\u00f6ne Stabschrecken-Art in unserem Shop an. Direkt vom Z\u00fcchter kaufen!\",\"breadcrumb\":{\"@id\":\"https:\\\/\\\/insektenliebe.com\\\/de\\\/shop\\\/produkt\\\/lopaphus-spec-cuc-phuong\\\/#breadcrumb\"},\"inLanguage\":\"de\",\"potentialAction\":[{\"@type\":\"ReadAction\",\"target\":[\"https:\\\/\\\/insektenliebe.com\\\/de\\\/shop\\\/produkt\\\/lopaphus-spec-cuc-phuong\\\/\"]}]},{\"@type\":\"ImageObject\",\"inLanguage\":\"de\",\"@id\":\"https:\\\/\\\/insektenliebe.com\\\/de\\\/shop\\\/produkt\\\/lopaphus-spec-cuc-phuong\\\/#primaryimage\",\"url\":\"https:\\\/\\\/insektenliebe.com\\\/wp-content\\\/uploads\\\/2025\\\/05\\\/Lopaphus-spec.-_Cuc-Phuong_-2.jpg\",\"contentUrl\":\"https:\\\/\\\/insektenliebe.com\\\/wp-content\\\/uploads\\\/2025\\\/05\\\/Lopaphus-spec.-_Cuc-Phuong_-2.jpg\",\"width\":1250,\"height\":867,\"caption\":\"Lopaphus-spec.-_Cuc-Phuong_-2.jpg\"},{\"@type\":\"BreadcrumbList\",\"@id\":\"https:\\\/\\\/insektenliebe.com\\\/de\\\/shop\\\/produkt\\\/lopaphus-spec-cuc-phuong\\\/#breadcrumb\",\"itemListElement\":[{\"@type\":\"ListItem\",\"position\":1,\"name\":\"Startseite\",\"item\":\"https:\\\/\\\/insektenliebe.com\\\/de\\\/\"},{\"@type\":\"ListItem\",\"position\":2,\"name\":\"Shop\",\"item\":\"https:\\\/\\\/insektenliebe.com\\\/de\\\/shop\\\/\"},{\"@type\":\"ListItem\",\"position\":3,\"name\":\"Lopaphus spec. &#8222;Cuc Phuong&#8220;\"}]},{\"@type\":\"WebSite\",\"@id\":\"https:\\\/\\\/insektenliebe.com\\\/de\\\/#website\",\"url\":\"https:\\\/\\\/insektenliebe.com\\\/de\\\/\",\"name\":\"Insektenliebe\",\"description\":\"Dein Zuhause f\u00fcr die kleinen Lebewesen\",\"publisher\":{\"@id\":\"https:\\\/\\\/insektenliebe.com\\\/de\\\/#organization\"},\"potentialAction\":[{\"@type\":\"SearchAction\",\"target\":{\"@type\":\"EntryPoint\",\"urlTemplate\":\"https:\\\/\\\/insektenliebe.com\\\/de\\\/?s={search_term_string}\"},\"query-input\":{\"@type\":\"PropertyValueSpecification\",\"valueRequired\":true,\"valueName\":\"search_term_string\"}}],\"inLanguage\":\"de\"},{\"@type\":\"Organization\",\"@id\":\"https:\\\/\\\/insektenliebe.com\\\/de\\\/#organization\",\"name\":\"Insektenliebe\",\"url\":\"https:\\\/\\\/insektenliebe.com\\\/de\\\/\",\"logo\":{\"@type\":\"ImageObject\",\"inLanguage\":\"de\",\"@id\":\"https:\\\/\\\/insektenliebe.com\\\/de\\\/#\\\/schema\\\/logo\\\/image\\\/\",\"url\":\"https:\\\/\\\/insektenliebe.com\\\/wp-content\\\/uploads\\\/2025\\\/03\\\/logo-white.png\",\"contentUrl\":\"https:\\\/\\\/insektenliebe.com\\\/wp-content\\\/uploads\\\/2025\\\/03\\\/logo-white.png\",\"width\":288,\"height\":188,\"caption\":\"Insektenliebe\"},\"image\":{\"@id\":\"https:\\\/\\\/insektenliebe.com\\\/de\\\/#\\\/schema\\\/logo\\\/image\\\/\"}}]}<\/script>\n<!-- \/ Yoast SEO plugin. -->","yoast_head_json":{"title":"Lopaphus spec. \"Cuc Phuong\" - Insektenliebe","description":"G\u00fcnstige Lopaphus spec. \"Cuc Phuong\" direkt online kaufen. Wir bieten die wundersch\u00f6ne Stabschrecken-Art in unserem Shop an. Direkt vom Z\u00fcchter kaufen!","robots":{"index":"index","follow":"follow","max-snippet":"max-snippet:-1","max-image-preview":"max-image-preview:large","max-video-preview":"max-video-preview:-1"},"canonical":"https:\/\/insektenliebe.com\/de\/shop\/produkt\/lopaphus-spec-cuc-phuong\/","og_locale":"de_DE","og_type":"article","og_title":"Lopaphus spec. \"Cuc Phuong\" - Insektenliebe","og_description":"G\u00fcnstige Lopaphus spec. \"Cuc Phuong\" direkt online kaufen. Wir bieten die wundersch\u00f6ne Stabschrecken-Art in unserem Shop an. Direkt vom Z\u00fcchter kaufen!","og_url":"https:\/\/insektenliebe.com\/de\/shop\/produkt\/lopaphus-spec-cuc-phuong\/","og_site_name":"Insektenliebe","article_modified_time":"2026-01-29T19:32:07+00:00","og_image":[{"width":1250,"height":867,"url":"https:\/\/insektenliebe.com\/wp-content\/uploads\/2025\/05\/Lopaphus-spec.-_Cuc-Phuong_-2.jpg","type":"image\/jpeg"}],"twitter_card":"summary_large_image","twitter_misc":{"Gesch\u00e4tzte Lesezeit":"1\u00a0Minute"},"schema":{"@context":"https:\/\/schema.org","@graph":[{"@type":"WebPage","@id":"https:\/\/insektenliebe.com\/de\/shop\/produkt\/lopaphus-spec-cuc-phuong\/","url":"https:\/\/insektenliebe.com\/de\/shop\/produkt\/lopaphus-spec-cuc-phuong\/","name":"Lopaphus spec. \"Cuc Phuong\" - Insektenliebe","isPartOf":{"@id":"https:\/\/insektenliebe.com\/de\/#website"},"primaryImageOfPage":{"@id":"https:\/\/insektenliebe.com\/de\/shop\/produkt\/lopaphus-spec-cuc-phuong\/#primaryimage"},"image":{"@id":"https:\/\/insektenliebe.com\/de\/shop\/produkt\/lopaphus-spec-cuc-phuong\/#primaryimage"},"thumbnailUrl":"https:\/\/insektenliebe.com\/wp-content\/uploads\/2025\/05\/Lopaphus-spec.-_Cuc-Phuong_-2.jpg","datePublished":"2020-04-18T08:37:22+00:00","dateModified":"2026-01-29T19:32:07+00:00","description":"G\u00fcnstige Lopaphus spec. \"Cuc Phuong\" direkt online kaufen. Wir bieten die wundersch\u00f6ne Stabschrecken-Art in unserem Shop an. Direkt vom Z\u00fcchter kaufen!","breadcrumb":{"@id":"https:\/\/insektenliebe.com\/de\/shop\/produkt\/lopaphus-spec-cuc-phuong\/#breadcrumb"},"inLanguage":"de","potentialAction":[{"@type":"ReadAction","target":["https:\/\/insektenliebe.com\/de\/shop\/produkt\/lopaphus-spec-cuc-phuong\/"]}]},{"@type":"ImageObject","inLanguage":"de","@id":"https:\/\/insektenliebe.com\/de\/shop\/produkt\/lopaphus-spec-cuc-phuong\/#primaryimage","url":"https:\/\/insektenliebe.com\/wp-content\/uploads\/2025\/05\/Lopaphus-spec.-_Cuc-Phuong_-2.jpg","contentUrl":"https:\/\/insektenliebe.com\/wp-content\/uploads\/2025\/05\/Lopaphus-spec.-_Cuc-Phuong_-2.jpg","width":1250,"height":867,"caption":"Lopaphus-spec.-_Cuc-Phuong_-2.jpg"},{"@type":"BreadcrumbList","@id":"https:\/\/insektenliebe.com\/de\/shop\/produkt\/lopaphus-spec-cuc-phuong\/#breadcrumb","itemListElement":[{"@type":"ListItem","position":1,"name":"Startseite","item":"https:\/\/insektenliebe.com\/de\/"},{"@type":"ListItem","position":2,"name":"Shop","item":"https:\/\/insektenliebe.com\/de\/shop\/"},{"@type":"ListItem","position":3,"name":"Lopaphus spec. &#8222;Cuc Phuong&#8220;"}]},{"@type":"WebSite","@id":"https:\/\/insektenliebe.com\/de\/#website","url":"https:\/\/insektenliebe.com\/de\/","name":"Insektenliebe","description":"Dein Zuhause f\u00fcr die kleinen Lebewesen","publisher":{"@id":"https:\/\/insektenliebe.com\/de\/#organization"},"potentialAction":[{"@type":"SearchAction","target":{"@type":"EntryPoint","urlTemplate":"https:\/\/insektenliebe.com\/de\/?s={search_term_string}"},"query-input":{"@type":"PropertyValueSpecification","valueRequired":true,"valueName":"search_term_string"}}],"inLanguage":"de"},{"@type":"Organization","@id":"https:\/\/insektenliebe.com\/de\/#organization","name":"Insektenliebe","url":"https:\/\/insektenliebe.com\/de\/","logo":{"@type":"ImageObject","inLanguage":"de","@id":"https:\/\/insektenliebe.com\/de\/#\/schema\/logo\/image\/","url":"https:\/\/insektenliebe.com\/wp-content\/uploads\/2025\/03\/logo-white.png","contentUrl":"https:\/\/insektenliebe.com\/wp-content\/uploads\/2025\/03\/logo-white.png","width":288,"height":188,"caption":"Insektenliebe"},"image":{"@id":"https:\/\/insektenliebe.com\/de\/#\/schema\/logo\/image\/"}}]}},"_links":{"self":[{"href":"https:\/\/insektenliebe.com\/de\/wp-json\/wp\/v2\/product\/4786","targetHints":{"allow":["GET"]}}],"collection":[{"href":"https:\/\/insektenliebe.com\/de\/wp-json\/wp\/v2\/product"}],"about":[{"href":"https:\/\/insektenliebe.com\/de\/wp-json\/wp\/v2\/types\/product"}],"wp:featuredmedia":[{"embeddable":true,"href":"https:\/\/insektenliebe.com\/de\/wp-json\/wp\/v2\/media\/4831"}],"wp:attachment":[{"href":"https:\/\/insektenliebe.com\/de\/wp-json\/wp\/v2\/media?parent=4786"}],"wp:term":[{"taxonomy":"product-supplier","embeddable":true,"href":"https:\/\/insektenliebe.com\/de\/wp-json\/wp\/v2\/product-supplier?post=4786"},{"taxonomy":"product_brand","embeddable":true,"href":"https:\/\/insektenliebe.com\/de\/wp-json\/wp\/v2\/product_brand?post=4786"},{"taxonomy":"product_cat","embeddable":true,"href":"https:\/\/insektenliebe.com\/de\/wp-json\/wp\/v2\/product_cat?post=4786"},{"taxonomy":"product_tag","embeddable":true,"href":"https:\/\/insektenliebe.com\/de\/wp-json\/wp\/v2\/product_tag?post=4786"},{"taxonomy":"lce-checkout-addons","embeddable":true,"href":"https:\/\/insektenliebe.com\/de\/wp-json\/wp\/v2\/lce-checkout-addons?post=4786"}],"curies":[{"name":"wp","href":"https:\/\/api.w.org\/{rel}","templated":true}]}}