{"id":4772,"date":"2020-03-27T10:53:41","date_gmt":"2020-03-27T10:53:41","guid":{"rendered":"http:\/\/localhost\/ins-test\/?post_type=product&#038;p=4772"},"modified":"2026-01-28T21:26:26","modified_gmt":"2026-01-28T20:26:26","slug":"heterometrus-petersii-grosser-asiaskorpion","status":"publish","type":"product","link":"https:\/\/insektenliebe.com\/de\/shop\/produkt\/heterometrus-petersii-grosser-asiaskorpion\/","title":{"rendered":"Heterometrus petersii \"Gro\u00dfer Asiaskorpion\""},"content":{"rendered":"<p>Kurzbeschreibung zu H. petersii:<\/p>\n<p>Sie verstecken sich sehr gerne unter <a href=\"https:\/\/insektenliebe.com\/shop\/korkrinde\/\">Korkrinden.<\/a> Der Stich ist vergleichbar mit einem Bienenstich. Daher ist die Haltung in jedem Bundesland in Deutschland erlaubt.<\/p>\n<p><strong>Nahrung:\u00a0<\/strong><\/p>\n<ul>\n<li><a href=\"https:\/\/insektenliebe.com\/shop\/blaptica-dubia-argentinische-waldschabe\/\">Blaptica dubia \"Argentinische Waldschaben<\/a>\"<\/li>\n<li><a href=\"https:\/\/insektenliebe.com\/shop\/gromphadorhina-portentosa-madagaskar-fauchschabe\/\">Gromphadorhina portentosa \"Madagaskar Fauchschaben\"<\/a><\/li>\n<li>Heimchen<\/li>\n<li>Grillen<\/li>\n<li>Heuschrecken<\/li>\n<\/ul>\n<p>&nbsp;<\/p>\n<p><img decoding=\"async\" src=\"https:\/\/insektenliebe.com\/wp-content\/uploads\/2019\/01\/IMG_8486-bearbeitet.jpg\" alt=\"Assel Komplettset\" \/><\/p>\n","protected":false},"excerpt":{"rendered":"<p>Sozial vertr\u00e4glicher Skorpion mit einer schwarzen Grundfarbe und r\u00f6tlich-braun gef\u00e4rbten Scheren und Giftstachel.<\/p>\n","protected":false},"featured_media":4802,"template":"","meta":{"_acf_changed":false},"product-supplier":[],"product_brand":[],"product_cat":[280],"product_tag":[],"lce-checkout-addons":[1202],"class_list":{"0":"post-4772","1":"product","2":"type-product","3":"status-publish","4":"has-post-thumbnail","6":"product_cat-skorpione","7":"product_shipping_class-animal-shipping","8":"pa_herkunft-kosmopolitisch","9":"pa_kontinent-asien","10":"lce-checkout-addons-winterverpackung","12":"first","13":"outofstock","14":"taxable","15":"shipping-taxable","16":"product-type-variable","17":"has-default-attributes"},"acf":[],"yoast_head":"<!-- This site is optimized with the Yoast SEO plugin v27.3 - https:\/\/yoast.com\/product\/yoast-seo-wordpress\/ -->\n<title>Heterometrus petersii &quot;Gro\u00dfer Asiaskorpion&quot; - Insektenliebe<\/title>\n<meta name=\"description\" content=\"G\u00fcnstige Heterometrus petersii &quot;Gro\u00dfer Asiaskorpion&quot; online kaufen. Eine harmlose und beeindruckende Art, die man hier direkt vom Z\u00fcchter kaufen kann.\" \/>\n<meta name=\"robots\" content=\"index, follow, max-snippet:-1, max-image-preview:large, max-video-preview:-1\" \/>\n<link rel=\"canonical\" href=\"https:\/\/insektenliebe.com\/de\/shop\/produkt\/heterometrus-petersii-grosser-asiaskorpion\/\" \/>\n<meta property=\"og:locale\" content=\"de_DE\" \/>\n<meta property=\"og:type\" content=\"article\" \/>\n<meta property=\"og:title\" content=\"Heterometrus petersii &quot;Gro\u00dfer Asiaskorpion&quot; - Insektenliebe\" \/>\n<meta property=\"og:description\" content=\"G\u00fcnstige Heterometrus petersii &quot;Gro\u00dfer Asiaskorpion&quot; online kaufen. Eine harmlose und beeindruckende Art, die man hier direkt vom Z\u00fcchter kaufen kann.\" \/>\n<meta property=\"og:url\" content=\"https:\/\/insektenliebe.com\/de\/shop\/produkt\/heterometrus-petersii-grosser-asiaskorpion\/\" \/>\n<meta property=\"og:site_name\" content=\"Insektenliebe\" \/>\n<meta property=\"article:modified_time\" content=\"2026-01-28T20:26:26+00:00\" \/>\n<meta property=\"og:image\" content=\"https:\/\/insektenliebe.com\/wp-content\/uploads\/2025\/05\/Heterometrus-petersii-1-scaled-3.jpg\" \/>\n\t<meta property=\"og:image:width\" content=\"2560\" \/>\n\t<meta property=\"og:image:height\" content=\"1707\" \/>\n\t<meta property=\"og:image:type\" content=\"image\/jpeg\" \/>\n<meta name=\"twitter:card\" content=\"summary_large_image\" \/>\n<meta name=\"twitter:label1\" content=\"Gesch\u00e4tzte Lesezeit\" \/>\n\t<meta name=\"twitter:data1\" content=\"1\u00a0Minute\" \/>\n<script type=\"application\/ld+json\" class=\"yoast-schema-graph\">{\"@context\":\"https:\\\/\\\/schema.org\",\"@graph\":[{\"@type\":\"WebPage\",\"@id\":\"https:\\\/\\\/insektenliebe.com\\\/de\\\/shop\\\/produkt\\\/heterometrus-petersii-grosser-asiaskorpion\\\/\",\"url\":\"https:\\\/\\\/insektenliebe.com\\\/de\\\/shop\\\/produkt\\\/heterometrus-petersii-grosser-asiaskorpion\\\/\",\"name\":\"Heterometrus petersii \\\"Gro\u00dfer Asiaskorpion\\\" - Insektenliebe\",\"isPartOf\":{\"@id\":\"https:\\\/\\\/insektenliebe.com\\\/de\\\/#website\"},\"primaryImageOfPage\":{\"@id\":\"https:\\\/\\\/insektenliebe.com\\\/de\\\/shop\\\/produkt\\\/heterometrus-petersii-grosser-asiaskorpion\\\/#primaryimage\"},\"image\":{\"@id\":\"https:\\\/\\\/insektenliebe.com\\\/de\\\/shop\\\/produkt\\\/heterometrus-petersii-grosser-asiaskorpion\\\/#primaryimage\"},\"thumbnailUrl\":\"https:\\\/\\\/insektenliebe.com\\\/wp-content\\\/uploads\\\/2025\\\/05\\\/Heterometrus-petersii-1-scaled-3.jpg\",\"datePublished\":\"2020-03-27T10:53:41+00:00\",\"dateModified\":\"2026-01-28T20:26:26+00:00\",\"description\":\"G\u00fcnstige Heterometrus petersii \\\"Gro\u00dfer Asiaskorpion\\\" online kaufen. Eine harmlose und beeindruckende Art, die man hier direkt vom Z\u00fcchter kaufen kann.\",\"breadcrumb\":{\"@id\":\"https:\\\/\\\/insektenliebe.com\\\/de\\\/shop\\\/produkt\\\/heterometrus-petersii-grosser-asiaskorpion\\\/#breadcrumb\"},\"inLanguage\":\"de\",\"potentialAction\":[{\"@type\":\"ReadAction\",\"target\":[\"https:\\\/\\\/insektenliebe.com\\\/de\\\/shop\\\/produkt\\\/heterometrus-petersii-grosser-asiaskorpion\\\/\"]}]},{\"@type\":\"ImageObject\",\"inLanguage\":\"de\",\"@id\":\"https:\\\/\\\/insektenliebe.com\\\/de\\\/shop\\\/produkt\\\/heterometrus-petersii-grosser-asiaskorpion\\\/#primaryimage\",\"url\":\"https:\\\/\\\/insektenliebe.com\\\/wp-content\\\/uploads\\\/2025\\\/05\\\/Heterometrus-petersii-1-scaled-3.jpg\",\"contentUrl\":\"https:\\\/\\\/insektenliebe.com\\\/wp-content\\\/uploads\\\/2025\\\/05\\\/Heterometrus-petersii-1-scaled-3.jpg\",\"width\":2560,\"height\":1707,\"caption\":\"Heterometrus-petersii-1-scaled-3.jpg\"},{\"@type\":\"BreadcrumbList\",\"@id\":\"https:\\\/\\\/insektenliebe.com\\\/de\\\/shop\\\/produkt\\\/heterometrus-petersii-grosser-asiaskorpion\\\/#breadcrumb\",\"itemListElement\":[{\"@type\":\"ListItem\",\"position\":1,\"name\":\"Startseite\",\"item\":\"https:\\\/\\\/insektenliebe.com\\\/de\\\/\"},{\"@type\":\"ListItem\",\"position\":2,\"name\":\"Shop\",\"item\":\"https:\\\/\\\/insektenliebe.com\\\/de\\\/shop\\\/\"},{\"@type\":\"ListItem\",\"position\":3,\"name\":\"Heterometrus petersii &#8222;Gro\u00dfer Asiaskorpion&#8220;\"}]},{\"@type\":\"WebSite\",\"@id\":\"https:\\\/\\\/insektenliebe.com\\\/de\\\/#website\",\"url\":\"https:\\\/\\\/insektenliebe.com\\\/de\\\/\",\"name\":\"Insektenliebe\",\"description\":\"Dein Zuhause f\u00fcr die kleinen Lebewesen\",\"publisher\":{\"@id\":\"https:\\\/\\\/insektenliebe.com\\\/de\\\/#organization\"},\"potentialAction\":[{\"@type\":\"SearchAction\",\"target\":{\"@type\":\"EntryPoint\",\"urlTemplate\":\"https:\\\/\\\/insektenliebe.com\\\/de\\\/?s={search_term_string}\"},\"query-input\":{\"@type\":\"PropertyValueSpecification\",\"valueRequired\":true,\"valueName\":\"search_term_string\"}}],\"inLanguage\":\"de\"},{\"@type\":\"Organization\",\"@id\":\"https:\\\/\\\/insektenliebe.com\\\/de\\\/#organization\",\"name\":\"Insektenliebe\",\"url\":\"https:\\\/\\\/insektenliebe.com\\\/de\\\/\",\"logo\":{\"@type\":\"ImageObject\",\"inLanguage\":\"de\",\"@id\":\"https:\\\/\\\/insektenliebe.com\\\/de\\\/#\\\/schema\\\/logo\\\/image\\\/\",\"url\":\"https:\\\/\\\/insektenliebe.com\\\/wp-content\\\/uploads\\\/2025\\\/03\\\/logo-white.png\",\"contentUrl\":\"https:\\\/\\\/insektenliebe.com\\\/wp-content\\\/uploads\\\/2025\\\/03\\\/logo-white.png\",\"width\":288,\"height\":188,\"caption\":\"Insektenliebe\"},\"image\":{\"@id\":\"https:\\\/\\\/insektenliebe.com\\\/de\\\/#\\\/schema\\\/logo\\\/image\\\/\"}}]}<\/script>\n<!-- \/ Yoast SEO plugin. -->","yoast_head_json":{"title":"Heterometrus petersii \"Gro\u00dfer Asiaskorpion\" - Insektenliebe","description":"G\u00fcnstige Heterometrus petersii \"Gro\u00dfer Asiaskorpion\" online kaufen. Eine harmlose und beeindruckende Art, die man hier direkt vom Z\u00fcchter kaufen kann.","robots":{"index":"index","follow":"follow","max-snippet":"max-snippet:-1","max-image-preview":"max-image-preview:large","max-video-preview":"max-video-preview:-1"},"canonical":"https:\/\/insektenliebe.com\/de\/shop\/produkt\/heterometrus-petersii-grosser-asiaskorpion\/","og_locale":"de_DE","og_type":"article","og_title":"Heterometrus petersii \"Gro\u00dfer Asiaskorpion\" - Insektenliebe","og_description":"G\u00fcnstige Heterometrus petersii \"Gro\u00dfer Asiaskorpion\" online kaufen. Eine harmlose und beeindruckende Art, die man hier direkt vom Z\u00fcchter kaufen kann.","og_url":"https:\/\/insektenliebe.com\/de\/shop\/produkt\/heterometrus-petersii-grosser-asiaskorpion\/","og_site_name":"Insektenliebe","article_modified_time":"2026-01-28T20:26:26+00:00","og_image":[{"width":2560,"height":1707,"url":"https:\/\/insektenliebe.com\/wp-content\/uploads\/2025\/05\/Heterometrus-petersii-1-scaled-3.jpg","type":"image\/jpeg"}],"twitter_card":"summary_large_image","twitter_misc":{"Gesch\u00e4tzte Lesezeit":"1\u00a0Minute"},"schema":{"@context":"https:\/\/schema.org","@graph":[{"@type":"WebPage","@id":"https:\/\/insektenliebe.com\/de\/shop\/produkt\/heterometrus-petersii-grosser-asiaskorpion\/","url":"https:\/\/insektenliebe.com\/de\/shop\/produkt\/heterometrus-petersii-grosser-asiaskorpion\/","name":"Heterometrus petersii \"Gro\u00dfer Asiaskorpion\" - Insektenliebe","isPartOf":{"@id":"https:\/\/insektenliebe.com\/de\/#website"},"primaryImageOfPage":{"@id":"https:\/\/insektenliebe.com\/de\/shop\/produkt\/heterometrus-petersii-grosser-asiaskorpion\/#primaryimage"},"image":{"@id":"https:\/\/insektenliebe.com\/de\/shop\/produkt\/heterometrus-petersii-grosser-asiaskorpion\/#primaryimage"},"thumbnailUrl":"https:\/\/insektenliebe.com\/wp-content\/uploads\/2025\/05\/Heterometrus-petersii-1-scaled-3.jpg","datePublished":"2020-03-27T10:53:41+00:00","dateModified":"2026-01-28T20:26:26+00:00","description":"G\u00fcnstige Heterometrus petersii \"Gro\u00dfer Asiaskorpion\" online kaufen. Eine harmlose und beeindruckende Art, die man hier direkt vom Z\u00fcchter kaufen kann.","breadcrumb":{"@id":"https:\/\/insektenliebe.com\/de\/shop\/produkt\/heterometrus-petersii-grosser-asiaskorpion\/#breadcrumb"},"inLanguage":"de","potentialAction":[{"@type":"ReadAction","target":["https:\/\/insektenliebe.com\/de\/shop\/produkt\/heterometrus-petersii-grosser-asiaskorpion\/"]}]},{"@type":"ImageObject","inLanguage":"de","@id":"https:\/\/insektenliebe.com\/de\/shop\/produkt\/heterometrus-petersii-grosser-asiaskorpion\/#primaryimage","url":"https:\/\/insektenliebe.com\/wp-content\/uploads\/2025\/05\/Heterometrus-petersii-1-scaled-3.jpg","contentUrl":"https:\/\/insektenliebe.com\/wp-content\/uploads\/2025\/05\/Heterometrus-petersii-1-scaled-3.jpg","width":2560,"height":1707,"caption":"Heterometrus-petersii-1-scaled-3.jpg"},{"@type":"BreadcrumbList","@id":"https:\/\/insektenliebe.com\/de\/shop\/produkt\/heterometrus-petersii-grosser-asiaskorpion\/#breadcrumb","itemListElement":[{"@type":"ListItem","position":1,"name":"Startseite","item":"https:\/\/insektenliebe.com\/de\/"},{"@type":"ListItem","position":2,"name":"Shop","item":"https:\/\/insektenliebe.com\/de\/shop\/"},{"@type":"ListItem","position":3,"name":"Heterometrus petersii &#8222;Gro\u00dfer Asiaskorpion&#8220;"}]},{"@type":"WebSite","@id":"https:\/\/insektenliebe.com\/de\/#website","url":"https:\/\/insektenliebe.com\/de\/","name":"Insektenliebe","description":"Dein Zuhause f\u00fcr die kleinen Lebewesen","publisher":{"@id":"https:\/\/insektenliebe.com\/de\/#organization"},"potentialAction":[{"@type":"SearchAction","target":{"@type":"EntryPoint","urlTemplate":"https:\/\/insektenliebe.com\/de\/?s={search_term_string}"},"query-input":{"@type":"PropertyValueSpecification","valueRequired":true,"valueName":"search_term_string"}}],"inLanguage":"de"},{"@type":"Organization","@id":"https:\/\/insektenliebe.com\/de\/#organization","name":"Insektenliebe","url":"https:\/\/insektenliebe.com\/de\/","logo":{"@type":"ImageObject","inLanguage":"de","@id":"https:\/\/insektenliebe.com\/de\/#\/schema\/logo\/image\/","url":"https:\/\/insektenliebe.com\/wp-content\/uploads\/2025\/03\/logo-white.png","contentUrl":"https:\/\/insektenliebe.com\/wp-content\/uploads\/2025\/03\/logo-white.png","width":288,"height":188,"caption":"Insektenliebe"},"image":{"@id":"https:\/\/insektenliebe.com\/de\/#\/schema\/logo\/image\/"}}]}},"_links":{"self":[{"href":"https:\/\/insektenliebe.com\/de\/wp-json\/wp\/v2\/product\/4772","targetHints":{"allow":["GET"]}}],"collection":[{"href":"https:\/\/insektenliebe.com\/de\/wp-json\/wp\/v2\/product"}],"about":[{"href":"https:\/\/insektenliebe.com\/de\/wp-json\/wp\/v2\/types\/product"}],"wp:featuredmedia":[{"embeddable":true,"href":"https:\/\/insektenliebe.com\/de\/wp-json\/wp\/v2\/media\/4802"}],"wp:attachment":[{"href":"https:\/\/insektenliebe.com\/de\/wp-json\/wp\/v2\/media?parent=4772"}],"wp:term":[{"taxonomy":"product-supplier","embeddable":true,"href":"https:\/\/insektenliebe.com\/de\/wp-json\/wp\/v2\/product-supplier?post=4772"},{"taxonomy":"product_brand","embeddable":true,"href":"https:\/\/insektenliebe.com\/de\/wp-json\/wp\/v2\/product_brand?post=4772"},{"taxonomy":"product_cat","embeddable":true,"href":"https:\/\/insektenliebe.com\/de\/wp-json\/wp\/v2\/product_cat?post=4772"},{"taxonomy":"product_tag","embeddable":true,"href":"https:\/\/insektenliebe.com\/de\/wp-json\/wp\/v2\/product_tag?post=4772"},{"taxonomy":"lce-checkout-addons","embeddable":true,"href":"https:\/\/insektenliebe.com\/de\/wp-json\/wp\/v2\/lce-checkout-addons?post=4772"}],"curies":[{"name":"wp","href":"https:\/\/api.w.org\/{rel}","templated":true}]}}