{"id":4771,"date":"2022-10-27T13:34:08","date_gmt":"2022-10-27T11:34:08","guid":{"rendered":"http:\/\/localhost\/ins-test\/?post_type=product&#038;p=4771"},"modified":"2026-02-10T20:39:58","modified_gmt":"2026-02-10T19:39:58","slug":"entdecke-skorpione-co","status":"publish","type":"product","link":"https:\/\/insektenliebe.com\/de\/shop\/produkt\/entdecke-skorpione-co\/","title":{"rendered":"Entdecke Skorpione &amp; Co"},"content":{"rendered":"<div id=\"hikashop_product_bottom_part\" class=\"hikashop_product_bottom_part\">\n<div id=\"hikashop_product_description_main\" class=\"hikashop_product_description_main\">\n<p>Skorpione haben den Menschen schon immer in ihren Bann gezogen. In diesem Band der \u201eEntdecke\u201c-Reihe erf\u00e4hrst Du alles rund um die wehrhaften, gepanzerten \u201eStachel-Ritter\u201c. Auch andere Spinnentiere mit fantastischen F\u00e4higkeiten wie die niedlichen Pseudoskorpione oder die skurrilen Gei\u00dfelspinnen lernst Du kennen.<\/p>\n<p>Komm also mit auf eine Reise durch die Welt dieser teils gef\u00e4hrlichen, immer aber faszinierenden Tiere! Das Buch eignet sich auch f\u00fcr Kinder und Jugendliche und hat einen Umfang von 64 Seiten.<\/p>\n<p><strong>Aus dem Inhalt:<\/strong><\/p>\n<ul>\n<li>Willkommen in der Welt von Skorpion &amp; Co!<\/li>\n<li>Welche Spinnentiere gibt es?<\/li>\n<li>Skorpione: \u00dcberlebensk\u00fcnstler mit Scheren und Stachel<\/li>\n<li>Super-Sinne<\/li>\n<li>Wie Skorpione jagen<\/li>\n<li>Das Gift der Skorpione<\/li>\n<li>Geheimnisvolles Leuchten im Dunkeln<\/li>\n<li>Einzelg\u00e4nger und Familienwesen<\/li>\n<li>Putzige Junge auf Mamas R\u00fccken<\/li>\n<li>Ausf\u00fchrliche Portr\u00e4ts aller weiteren Spinnentiere!<\/li>\n<li><strong>Extra:<\/strong>\u00a0Gro\u00dfes Quiz zu Skorpionen &amp; Co<\/li>\n<\/ul>\n<p><strong>\u00dcber den Autor:<\/strong><\/p>\n<p>Kriton Kunz ist Biologe sowie Wissenschaftsjournalist und hat die \u201eEntdecke-Reihe\u201c ins Leben gerufen, in der dieser Band erschienen ist. Seit Jahrzehnten sp\u00fcrt er Skorpionen und anderen Spinnentieren in der Natur nach, beobachtet und erforscht sie im Terrarium. Seine Begeisterung f\u00fcr diese oft verkannten Tiere gibt er hier kindgerecht und spannend weiter.<\/p>\n<\/div>\n<\/div>\n","protected":false},"excerpt":{"rendered":"<p>Skorpione haben den Menschen schon immer in ihren Bann gezogen. In diesem Band der \u201eEntdecke\u201c-Reihe erf\u00e4hrst Du alles rund um die wehrhaften, gepanzerten \u201eStachel-Ritter\u201c. Auch andere Spinnentiere mit fantastischen F\u00e4higkeiten wie die niedlichen Pseudoskorpione oder die skurrilen Gei\u00dfelspinnen lernst Du kennen. Komm also mit auf eine Reise durch die Welt dieser teils gef\u00e4hrlichen, immer aber [&hellip;]<\/p>\n","protected":false},"featured_media":5452,"template":"","meta":{"_acf_changed":false},"product-supplier":[],"product_brand":[],"product_cat":[183],"product_tag":[],"lce-checkout-addons":[],"class_list":{"0":"post-4771","1":"product","2":"type-product","3":"status-publish","4":"has-post-thumbnail","6":"product_cat-merchandising-literatur","7":"product_shipping_class-equipment-shipping","9":"first","10":"outofstock","11":"taxable","12":"shipping-taxable","13":"purchasable","14":"product-type-simple"},"acf":[],"yoast_head":"<!-- This site is optimized with the Yoast SEO plugin v27.3 - https:\/\/yoast.com\/product\/yoast-seo-wordpress\/ -->\n<title>Entdecke Skorpione &amp; Co - Insektenliebe<\/title>\n<meta name=\"description\" content=\"Hier k\u00f6nnen sie das Buch Entdecke Skorpione &amp; Co direkt online kaufen. Das Buch ist auch f\u00fcr Kinder und Jugendliche geeignet.\" \/>\n<meta name=\"robots\" content=\"index, follow, max-snippet:-1, max-image-preview:large, max-video-preview:-1\" \/>\n<link rel=\"canonical\" href=\"https:\/\/insektenliebe.com\/de\/shop\/produkt\/entdecke-skorpione-co\/\" \/>\n<meta property=\"og:locale\" content=\"de_DE\" \/>\n<meta property=\"og:type\" content=\"article\" \/>\n<meta property=\"og:title\" content=\"Entdecke Skorpione &amp; Co - Insektenliebe\" \/>\n<meta property=\"og:description\" content=\"Hier k\u00f6nnen sie das Buch Entdecke Skorpione &amp; Co direkt online kaufen. Das Buch ist auch f\u00fcr Kinder und Jugendliche geeignet.\" \/>\n<meta property=\"og:url\" content=\"https:\/\/insektenliebe.com\/de\/shop\/produkt\/entdecke-skorpione-co\/\" \/>\n<meta property=\"og:site_name\" content=\"Insektenliebe\" \/>\n<meta property=\"article:modified_time\" content=\"2026-02-10T19:39:58+00:00\" \/>\n<meta property=\"og:image\" content=\"https:\/\/insektenliebe.com\/wp-content\/uploads\/2025\/05\/Entdecke-Skorpione-Co-COVER-2.jpg\" \/>\n\t<meta property=\"og:image:width\" content=\"820\" \/>\n\t<meta property=\"og:image:height\" content=\"820\" \/>\n\t<meta property=\"og:image:type\" content=\"image\/jpeg\" \/>\n<meta name=\"twitter:card\" content=\"summary_large_image\" \/>\n<meta name=\"twitter:label1\" content=\"Gesch\u00e4tzte Lesezeit\" \/>\n\t<meta name=\"twitter:data1\" content=\"2\u00a0Minuten\" \/>\n<script type=\"application\/ld+json\" class=\"yoast-schema-graph\">{\"@context\":\"https:\\\/\\\/schema.org\",\"@graph\":[{\"@type\":\"WebPage\",\"@id\":\"https:\\\/\\\/insektenliebe.com\\\/de\\\/shop\\\/produkt\\\/entdecke-skorpione-co\\\/\",\"url\":\"https:\\\/\\\/insektenliebe.com\\\/de\\\/shop\\\/produkt\\\/entdecke-skorpione-co\\\/\",\"name\":\"Entdecke Skorpione &amp; Co - Insektenliebe\",\"isPartOf\":{\"@id\":\"https:\\\/\\\/insektenliebe.com\\\/de\\\/#website\"},\"primaryImageOfPage\":{\"@id\":\"https:\\\/\\\/insektenliebe.com\\\/de\\\/shop\\\/produkt\\\/entdecke-skorpione-co\\\/#primaryimage\"},\"image\":{\"@id\":\"https:\\\/\\\/insektenliebe.com\\\/de\\\/shop\\\/produkt\\\/entdecke-skorpione-co\\\/#primaryimage\"},\"thumbnailUrl\":\"https:\\\/\\\/insektenliebe.com\\\/wp-content\\\/uploads\\\/2025\\\/05\\\/Entdecke-Skorpione-Co-COVER-2.jpg\",\"datePublished\":\"2022-10-27T11:34:08+00:00\",\"dateModified\":\"2026-02-10T19:39:58+00:00\",\"description\":\"Hier k\u00f6nnen sie das Buch Entdecke Skorpione & Co direkt online kaufen. Das Buch ist auch f\u00fcr Kinder und Jugendliche geeignet.\",\"breadcrumb\":{\"@id\":\"https:\\\/\\\/insektenliebe.com\\\/de\\\/shop\\\/produkt\\\/entdecke-skorpione-co\\\/#breadcrumb\"},\"inLanguage\":\"de\",\"potentialAction\":[{\"@type\":\"ReadAction\",\"target\":[\"https:\\\/\\\/insektenliebe.com\\\/de\\\/shop\\\/produkt\\\/entdecke-skorpione-co\\\/\"]}]},{\"@type\":\"ImageObject\",\"inLanguage\":\"de\",\"@id\":\"https:\\\/\\\/insektenliebe.com\\\/de\\\/shop\\\/produkt\\\/entdecke-skorpione-co\\\/#primaryimage\",\"url\":\"https:\\\/\\\/insektenliebe.com\\\/wp-content\\\/uploads\\\/2025\\\/05\\\/Entdecke-Skorpione-Co-COVER-2.jpg\",\"contentUrl\":\"https:\\\/\\\/insektenliebe.com\\\/wp-content\\\/uploads\\\/2025\\\/05\\\/Entdecke-Skorpione-Co-COVER-2.jpg\",\"width\":820,\"height\":820,\"caption\":\"Entdecke-Skorpione-Co-COVER-2.jpg\"},{\"@type\":\"BreadcrumbList\",\"@id\":\"https:\\\/\\\/insektenliebe.com\\\/de\\\/shop\\\/produkt\\\/entdecke-skorpione-co\\\/#breadcrumb\",\"itemListElement\":[{\"@type\":\"ListItem\",\"position\":1,\"name\":\"Startseite\",\"item\":\"https:\\\/\\\/insektenliebe.com\\\/de\\\/\"},{\"@type\":\"ListItem\",\"position\":2,\"name\":\"Shop\",\"item\":\"https:\\\/\\\/insektenliebe.com\\\/de\\\/shop\\\/\"},{\"@type\":\"ListItem\",\"position\":3,\"name\":\"Entdecke Skorpione &amp; Co\"}]},{\"@type\":\"WebSite\",\"@id\":\"https:\\\/\\\/insektenliebe.com\\\/de\\\/#website\",\"url\":\"https:\\\/\\\/insektenliebe.com\\\/de\\\/\",\"name\":\"Insektenliebe\",\"description\":\"Dein Zuhause f\u00fcr die kleinen Lebewesen\",\"publisher\":{\"@id\":\"https:\\\/\\\/insektenliebe.com\\\/de\\\/#organization\"},\"potentialAction\":[{\"@type\":\"SearchAction\",\"target\":{\"@type\":\"EntryPoint\",\"urlTemplate\":\"https:\\\/\\\/insektenliebe.com\\\/de\\\/?s={search_term_string}\"},\"query-input\":{\"@type\":\"PropertyValueSpecification\",\"valueRequired\":true,\"valueName\":\"search_term_string\"}}],\"inLanguage\":\"de\"},{\"@type\":\"Organization\",\"@id\":\"https:\\\/\\\/insektenliebe.com\\\/de\\\/#organization\",\"name\":\"Insektenliebe\",\"url\":\"https:\\\/\\\/insektenliebe.com\\\/de\\\/\",\"logo\":{\"@type\":\"ImageObject\",\"inLanguage\":\"de\",\"@id\":\"https:\\\/\\\/insektenliebe.com\\\/de\\\/#\\\/schema\\\/logo\\\/image\\\/\",\"url\":\"https:\\\/\\\/insektenliebe.com\\\/wp-content\\\/uploads\\\/2025\\\/03\\\/logo-white.png\",\"contentUrl\":\"https:\\\/\\\/insektenliebe.com\\\/wp-content\\\/uploads\\\/2025\\\/03\\\/logo-white.png\",\"width\":288,\"height\":188,\"caption\":\"Insektenliebe\"},\"image\":{\"@id\":\"https:\\\/\\\/insektenliebe.com\\\/de\\\/#\\\/schema\\\/logo\\\/image\\\/\"}}]}<\/script>\n<!-- \/ Yoast SEO plugin. -->","yoast_head_json":{"title":"Entdecke Skorpione &amp; Co - Insektenliebe","description":"Hier k\u00f6nnen sie das Buch Entdecke Skorpione & Co direkt online kaufen. Das Buch ist auch f\u00fcr Kinder und Jugendliche geeignet.","robots":{"index":"index","follow":"follow","max-snippet":"max-snippet:-1","max-image-preview":"max-image-preview:large","max-video-preview":"max-video-preview:-1"},"canonical":"https:\/\/insektenliebe.com\/de\/shop\/produkt\/entdecke-skorpione-co\/","og_locale":"de_DE","og_type":"article","og_title":"Entdecke Skorpione &amp; Co - Insektenliebe","og_description":"Hier k\u00f6nnen sie das Buch Entdecke Skorpione & Co direkt online kaufen. Das Buch ist auch f\u00fcr Kinder und Jugendliche geeignet.","og_url":"https:\/\/insektenliebe.com\/de\/shop\/produkt\/entdecke-skorpione-co\/","og_site_name":"Insektenliebe","article_modified_time":"2026-02-10T19:39:58+00:00","og_image":[{"width":820,"height":820,"url":"https:\/\/insektenliebe.com\/wp-content\/uploads\/2025\/05\/Entdecke-Skorpione-Co-COVER-2.jpg","type":"image\/jpeg"}],"twitter_card":"summary_large_image","twitter_misc":{"Gesch\u00e4tzte Lesezeit":"2\u00a0Minuten"},"schema":{"@context":"https:\/\/schema.org","@graph":[{"@type":"WebPage","@id":"https:\/\/insektenliebe.com\/de\/shop\/produkt\/entdecke-skorpione-co\/","url":"https:\/\/insektenliebe.com\/de\/shop\/produkt\/entdecke-skorpione-co\/","name":"Entdecke Skorpione &amp; Co - Insektenliebe","isPartOf":{"@id":"https:\/\/insektenliebe.com\/de\/#website"},"primaryImageOfPage":{"@id":"https:\/\/insektenliebe.com\/de\/shop\/produkt\/entdecke-skorpione-co\/#primaryimage"},"image":{"@id":"https:\/\/insektenliebe.com\/de\/shop\/produkt\/entdecke-skorpione-co\/#primaryimage"},"thumbnailUrl":"https:\/\/insektenliebe.com\/wp-content\/uploads\/2025\/05\/Entdecke-Skorpione-Co-COVER-2.jpg","datePublished":"2022-10-27T11:34:08+00:00","dateModified":"2026-02-10T19:39:58+00:00","description":"Hier k\u00f6nnen sie das Buch Entdecke Skorpione & Co direkt online kaufen. Das Buch ist auch f\u00fcr Kinder und Jugendliche geeignet.","breadcrumb":{"@id":"https:\/\/insektenliebe.com\/de\/shop\/produkt\/entdecke-skorpione-co\/#breadcrumb"},"inLanguage":"de","potentialAction":[{"@type":"ReadAction","target":["https:\/\/insektenliebe.com\/de\/shop\/produkt\/entdecke-skorpione-co\/"]}]},{"@type":"ImageObject","inLanguage":"de","@id":"https:\/\/insektenliebe.com\/de\/shop\/produkt\/entdecke-skorpione-co\/#primaryimage","url":"https:\/\/insektenliebe.com\/wp-content\/uploads\/2025\/05\/Entdecke-Skorpione-Co-COVER-2.jpg","contentUrl":"https:\/\/insektenliebe.com\/wp-content\/uploads\/2025\/05\/Entdecke-Skorpione-Co-COVER-2.jpg","width":820,"height":820,"caption":"Entdecke-Skorpione-Co-COVER-2.jpg"},{"@type":"BreadcrumbList","@id":"https:\/\/insektenliebe.com\/de\/shop\/produkt\/entdecke-skorpione-co\/#breadcrumb","itemListElement":[{"@type":"ListItem","position":1,"name":"Startseite","item":"https:\/\/insektenliebe.com\/de\/"},{"@type":"ListItem","position":2,"name":"Shop","item":"https:\/\/insektenliebe.com\/de\/shop\/"},{"@type":"ListItem","position":3,"name":"Entdecke Skorpione &amp; Co"}]},{"@type":"WebSite","@id":"https:\/\/insektenliebe.com\/de\/#website","url":"https:\/\/insektenliebe.com\/de\/","name":"Insektenliebe","description":"Dein Zuhause f\u00fcr die kleinen Lebewesen","publisher":{"@id":"https:\/\/insektenliebe.com\/de\/#organization"},"potentialAction":[{"@type":"SearchAction","target":{"@type":"EntryPoint","urlTemplate":"https:\/\/insektenliebe.com\/de\/?s={search_term_string}"},"query-input":{"@type":"PropertyValueSpecification","valueRequired":true,"valueName":"search_term_string"}}],"inLanguage":"de"},{"@type":"Organization","@id":"https:\/\/insektenliebe.com\/de\/#organization","name":"Insektenliebe","url":"https:\/\/insektenliebe.com\/de\/","logo":{"@type":"ImageObject","inLanguage":"de","@id":"https:\/\/insektenliebe.com\/de\/#\/schema\/logo\/image\/","url":"https:\/\/insektenliebe.com\/wp-content\/uploads\/2025\/03\/logo-white.png","contentUrl":"https:\/\/insektenliebe.com\/wp-content\/uploads\/2025\/03\/logo-white.png","width":288,"height":188,"caption":"Insektenliebe"},"image":{"@id":"https:\/\/insektenliebe.com\/de\/#\/schema\/logo\/image\/"}}]}},"_links":{"self":[{"href":"https:\/\/insektenliebe.com\/de\/wp-json\/wp\/v2\/product\/4771","targetHints":{"allow":["GET"]}}],"collection":[{"href":"https:\/\/insektenliebe.com\/de\/wp-json\/wp\/v2\/product"}],"about":[{"href":"https:\/\/insektenliebe.com\/de\/wp-json\/wp\/v2\/types\/product"}],"wp:featuredmedia":[{"embeddable":true,"href":"https:\/\/insektenliebe.com\/de\/wp-json\/wp\/v2\/media\/5452"}],"wp:attachment":[{"href":"https:\/\/insektenliebe.com\/de\/wp-json\/wp\/v2\/media?parent=4771"}],"wp:term":[{"taxonomy":"product-supplier","embeddable":true,"href":"https:\/\/insektenliebe.com\/de\/wp-json\/wp\/v2\/product-supplier?post=4771"},{"taxonomy":"product_brand","embeddable":true,"href":"https:\/\/insektenliebe.com\/de\/wp-json\/wp\/v2\/product_brand?post=4771"},{"taxonomy":"product_cat","embeddable":true,"href":"https:\/\/insektenliebe.com\/de\/wp-json\/wp\/v2\/product_cat?post=4771"},{"taxonomy":"product_tag","embeddable":true,"href":"https:\/\/insektenliebe.com\/de\/wp-json\/wp\/v2\/product_tag?post=4771"},{"taxonomy":"lce-checkout-addons","embeddable":true,"href":"https:\/\/insektenliebe.com\/de\/wp-json\/wp\/v2\/lce-checkout-addons?post=4771"}],"curies":[{"name":"wp","href":"https:\/\/api.w.org\/{rel}","templated":true}]}}