{"id":4767,"date":"2020-03-19T16:36:00","date_gmt":"2020-03-19T15:36:00","guid":{"rendered":"http:\/\/localhost\/ins-test\/?post_type=product&#038;p=4767"},"modified":"2026-03-05T08:59:56","modified_gmt":"2026-03-05T07:59:56","slug":"coromus-diaphorus-goldrand-bandfuesser","status":"publish","type":"product","link":"https:\/\/insektenliebe.com\/de\/shop\/produkt\/coromus-diaphorus-goldrand-bandfuesser\/","title":{"rendered":"Coromus diaphorus  \"Goldrand-Bandf\u00fc\u00dfer\""},"content":{"rendered":"<h3><span style=\"color: #99cc33\">Kurzbeschreibung:<\/span><\/h3>\n<p class=\"font_8\">Coromus diaphorus ist eine bis zu 6 cm lang werdende Art der Polydesmiden und stammt aus Nigeria, Togo und Ghana. Dort bewohnt die Art vor allem feuchte und schattige W\u00e4lder. Die Haltung von Coromus diaphorus ist recht einfach, lediglich die Zucht dieser sch\u00f6nen Tiere ist eine kleine Herausforderung. Unter dem Deutschen Trivialnamen Goldrand-Bandf\u00fc\u00dfer sind die Tiere des \u00f6fteren im Handel zu finden.<\/p>\n<p class=\"font_8\">Coromus diaphorus macht seinem Deutschen Trivialnamen alle Ehre. So besitzt er auf einer eher dunklen braunen Grundfarbe beige bis goldene R\u00e4nder. Wie bei allen Polydesmiden ist der K\u00f6rper eher flach. Diese Art besitzt 17 Segmente. Beine, sowie die F\u00fchler von C. diaphorus sind r\u00f6tlich braun gef\u00e4rbt.<\/p>\n<p class=\"font_8\">Auf Grund der relativ geringen Adultgr\u00f6\u00dfe dieser Art kann sie schon in Terrarien ab einer Kantenl\u00e4nge von 30 cm gehalten werden. Es sollte jedoch darauf geachtet werden, dass genug Platz f\u00fcr ein ausreichend hoch eingef\u00fclltes Substrat zur Verf\u00fcgung steht. Die Substrath\u00f6he sollte bei dieser Art nicht unter 8 cm betragen! Das Substrat dient den Tieren als Lebensraum und Futter zugleich.<\/p>\n<p class=\"font_8\">Tagestemperaturen von 18-24\u00b0C haben sich bei der Haltung dieser Art bew\u00e4hrt. Diese Bandf\u00fc\u00dfer m\u00f6gen es eher k\u00fchl und vertragen sehr hohe Temperaturen nicht. Die Tiere sind haupts\u00e4chlich d\u00e4mmerungs- und nachtaktiv, weshalb man auf eine zus\u00e4tzliche Lichtquelle verzichten kann. Beim Erreichen der Temperaturen im Terrarium ist es wichtig, die W\u00e4rmequelle immer von oben anzubringen und niemals von unten! Der Bodengrund sollte stets halbfeucht gehalten werden. Eine Luftfeuchtigkeit von 60-70% hat sich bei uns bew\u00e4hrt. Das Substrat kann man zus\u00e4tzlich mit Laub, Rindenst\u00fccken oder Moos abdecken. Das hilft dabei, es vor dem Austrocknen zu sch\u00fctzen. Bandf\u00fc\u00dfer aller Arten bevorzugen Waldterrarien, da diese am ehesten ihrem nat\u00fcrlichen Lebensraum entsprechen. Kletter\u00e4ste werden von dieser Art gerne genutzt und besonders adulte Tiere kann man oft an der Oberfl\u00e4che beobachten.<\/p>\n<p class=\"font_8\">Als Futter gilt haupts\u00e4chlich das im Bodengrund enthaltene organische Material wie Laub und wei\u00dffaules Holz. Daneben werden aber auch ab und an mal Gem\u00fcse, Obst und Tausendf\u00fcsser-Futter als Zusatzfutter angenommen.<\/p>\n","protected":false},"excerpt":{"rendered":"<p>Hierbei handelt es sich um stabile Nachzuchten aus unserem Zuchtraum.<\/p>\n","protected":false},"featured_media":4798,"template":"","meta":{"_acf_changed":false},"product-supplier":[],"product_brand":[],"product_cat":[144],"product_tag":[],"lce-checkout-addons":[1202],"class_list":{"0":"post-4767","1":"product","2":"type-product","3":"status-publish","4":"has-post-thumbnail","6":"product_cat-tausendfuesser","7":"product_shipping_class-animal-shipping","8":"pa_herkunft-nigeria","9":"pa_kontinent-afrika","10":"lce-checkout-addons-winterverpackung","12":"first","13":"outofstock","14":"taxable","15":"shipping-taxable","16":"purchasable","17":"product-type-simple"},"acf":[],"yoast_head":"<!-- This site is optimized with the Yoast SEO plugin v27.3 - https:\/\/yoast.com\/product\/yoast-seo-wordpress\/ -->\n<title>Coromus diaphorus &quot;Goldrand-Bandf\u00fc\u00dfer&quot; - Insektenliebe<\/title>\n<meta name=\"description\" content=\"Wundersch\u00f6ne Coromus diaphorus &quot;Goldrand-Bandf\u00fc\u00dfer&quot; online kaufen. Wir bieten eigene Nachzuchten dieser tollen Bandf\u00fc\u00dfer-Art an. Direkt beim Z\u00fcchter kaufen.\" \/>\n<meta name=\"robots\" content=\"index, follow, max-snippet:-1, max-image-preview:large, max-video-preview:-1\" \/>\n<link rel=\"canonical\" href=\"https:\/\/insektenliebe.com\/de\/shop\/produkt\/coromus-diaphorus-goldrand-bandfuesser\/\" \/>\n<meta property=\"og:locale\" content=\"de_DE\" \/>\n<meta property=\"og:type\" content=\"article\" \/>\n<meta property=\"og:title\" content=\"Coromus diaphorus &quot;Goldrand-Bandf\u00fc\u00dfer&quot; - Insektenliebe\" \/>\n<meta property=\"og:description\" content=\"Wundersch\u00f6ne Coromus diaphorus &quot;Goldrand-Bandf\u00fc\u00dfer&quot; online kaufen. Wir bieten eigene Nachzuchten dieser tollen Bandf\u00fc\u00dfer-Art an. Direkt beim Z\u00fcchter kaufen.\" \/>\n<meta property=\"og:url\" content=\"https:\/\/insektenliebe.com\/de\/shop\/produkt\/coromus-diaphorus-goldrand-bandfuesser\/\" \/>\n<meta property=\"og:site_name\" content=\"Insektenliebe\" \/>\n<meta property=\"article:modified_time\" content=\"2026-03-05T07:59:56+00:00\" \/>\n<meta property=\"og:image\" content=\"https:\/\/insektenliebe.com\/wp-content\/uploads\/2025\/05\/Coromus-diaphorus-2.jpg\" \/>\n\t<meta property=\"og:image:width\" content=\"820\" \/>\n\t<meta property=\"og:image:height\" content=\"820\" \/>\n\t<meta property=\"og:image:type\" content=\"image\/jpeg\" \/>\n<meta name=\"twitter:card\" content=\"summary_large_image\" \/>\n<meta name=\"twitter:label1\" content=\"Gesch\u00e4tzte Lesezeit\" \/>\n\t<meta name=\"twitter:data1\" content=\"3\u00a0Minuten\" \/>\n<script type=\"application\/ld+json\" class=\"yoast-schema-graph\">{\"@context\":\"https:\\\/\\\/schema.org\",\"@graph\":[{\"@type\":\"WebPage\",\"@id\":\"https:\\\/\\\/insektenliebe.com\\\/de\\\/shop\\\/produkt\\\/coromus-diaphorus-goldrand-bandfuesser\\\/\",\"url\":\"https:\\\/\\\/insektenliebe.com\\\/de\\\/shop\\\/produkt\\\/coromus-diaphorus-goldrand-bandfuesser\\\/\",\"name\":\"Coromus diaphorus \\\"Goldrand-Bandf\u00fc\u00dfer\\\" - Insektenliebe\",\"isPartOf\":{\"@id\":\"https:\\\/\\\/insektenliebe.com\\\/de\\\/#website\"},\"primaryImageOfPage\":{\"@id\":\"https:\\\/\\\/insektenliebe.com\\\/de\\\/shop\\\/produkt\\\/coromus-diaphorus-goldrand-bandfuesser\\\/#primaryimage\"},\"image\":{\"@id\":\"https:\\\/\\\/insektenliebe.com\\\/de\\\/shop\\\/produkt\\\/coromus-diaphorus-goldrand-bandfuesser\\\/#primaryimage\"},\"thumbnailUrl\":\"https:\\\/\\\/insektenliebe.com\\\/wp-content\\\/uploads\\\/2025\\\/05\\\/Coromus-diaphorus-2.jpg\",\"datePublished\":\"2020-03-19T15:36:00+00:00\",\"dateModified\":\"2026-03-05T07:59:56+00:00\",\"description\":\"Wundersch\u00f6ne Coromus diaphorus \\\"Goldrand-Bandf\u00fc\u00dfer\\\" online kaufen. Wir bieten eigene Nachzuchten dieser tollen Bandf\u00fc\u00dfer-Art an. Direkt beim Z\u00fcchter kaufen.\",\"breadcrumb\":{\"@id\":\"https:\\\/\\\/insektenliebe.com\\\/de\\\/shop\\\/produkt\\\/coromus-diaphorus-goldrand-bandfuesser\\\/#breadcrumb\"},\"inLanguage\":\"de\",\"potentialAction\":[{\"@type\":\"ReadAction\",\"target\":[\"https:\\\/\\\/insektenliebe.com\\\/de\\\/shop\\\/produkt\\\/coromus-diaphorus-goldrand-bandfuesser\\\/\"]}]},{\"@type\":\"ImageObject\",\"inLanguage\":\"de\",\"@id\":\"https:\\\/\\\/insektenliebe.com\\\/de\\\/shop\\\/produkt\\\/coromus-diaphorus-goldrand-bandfuesser\\\/#primaryimage\",\"url\":\"https:\\\/\\\/insektenliebe.com\\\/wp-content\\\/uploads\\\/2025\\\/05\\\/Coromus-diaphorus-2.jpg\",\"contentUrl\":\"https:\\\/\\\/insektenliebe.com\\\/wp-content\\\/uploads\\\/2025\\\/05\\\/Coromus-diaphorus-2.jpg\",\"width\":820,\"height\":820,\"caption\":\"Coromus-diaphorus-2.jpg\"},{\"@type\":\"BreadcrumbList\",\"@id\":\"https:\\\/\\\/insektenliebe.com\\\/de\\\/shop\\\/produkt\\\/coromus-diaphorus-goldrand-bandfuesser\\\/#breadcrumb\",\"itemListElement\":[{\"@type\":\"ListItem\",\"position\":1,\"name\":\"Startseite\",\"item\":\"https:\\\/\\\/insektenliebe.com\\\/de\\\/\"},{\"@type\":\"ListItem\",\"position\":2,\"name\":\"Shop\",\"item\":\"https:\\\/\\\/insektenliebe.com\\\/de\\\/shop\\\/\"},{\"@type\":\"ListItem\",\"position\":3,\"name\":\"Coromus diaphorus \\\"Goldrand-Bandf\u00fc\u00dfer\\\"\"}]},{\"@type\":\"WebSite\",\"@id\":\"https:\\\/\\\/insektenliebe.com\\\/de\\\/#website\",\"url\":\"https:\\\/\\\/insektenliebe.com\\\/de\\\/\",\"name\":\"Insektenliebe\",\"description\":\"Dein Zuhause f\u00fcr die kleinen Lebewesen\",\"publisher\":{\"@id\":\"https:\\\/\\\/insektenliebe.com\\\/de\\\/#organization\"},\"potentialAction\":[{\"@type\":\"SearchAction\",\"target\":{\"@type\":\"EntryPoint\",\"urlTemplate\":\"https:\\\/\\\/insektenliebe.com\\\/de\\\/?s={search_term_string}\"},\"query-input\":{\"@type\":\"PropertyValueSpecification\",\"valueRequired\":true,\"valueName\":\"search_term_string\"}}],\"inLanguage\":\"de\"},{\"@type\":\"Organization\",\"@id\":\"https:\\\/\\\/insektenliebe.com\\\/de\\\/#organization\",\"name\":\"Insektenliebe\",\"url\":\"https:\\\/\\\/insektenliebe.com\\\/de\\\/\",\"logo\":{\"@type\":\"ImageObject\",\"inLanguage\":\"de\",\"@id\":\"https:\\\/\\\/insektenliebe.com\\\/de\\\/#\\\/schema\\\/logo\\\/image\\\/\",\"url\":\"https:\\\/\\\/insektenliebe.com\\\/wp-content\\\/uploads\\\/2025\\\/03\\\/logo-white.png\",\"contentUrl\":\"https:\\\/\\\/insektenliebe.com\\\/wp-content\\\/uploads\\\/2025\\\/03\\\/logo-white.png\",\"width\":288,\"height\":188,\"caption\":\"Insektenliebe\"},\"image\":{\"@id\":\"https:\\\/\\\/insektenliebe.com\\\/de\\\/#\\\/schema\\\/logo\\\/image\\\/\"}}]}<\/script>\n<!-- \/ Yoast SEO plugin. -->","yoast_head_json":{"title":"Coromus diaphorus \"Goldrand-Bandf\u00fc\u00dfer\" - Insektenliebe","description":"Wundersch\u00f6ne Coromus diaphorus \"Goldrand-Bandf\u00fc\u00dfer\" online kaufen. Wir bieten eigene Nachzuchten dieser tollen Bandf\u00fc\u00dfer-Art an. Direkt beim Z\u00fcchter kaufen.","robots":{"index":"index","follow":"follow","max-snippet":"max-snippet:-1","max-image-preview":"max-image-preview:large","max-video-preview":"max-video-preview:-1"},"canonical":"https:\/\/insektenliebe.com\/de\/shop\/produkt\/coromus-diaphorus-goldrand-bandfuesser\/","og_locale":"de_DE","og_type":"article","og_title":"Coromus diaphorus \"Goldrand-Bandf\u00fc\u00dfer\" - Insektenliebe","og_description":"Wundersch\u00f6ne Coromus diaphorus \"Goldrand-Bandf\u00fc\u00dfer\" online kaufen. Wir bieten eigene Nachzuchten dieser tollen Bandf\u00fc\u00dfer-Art an. Direkt beim Z\u00fcchter kaufen.","og_url":"https:\/\/insektenliebe.com\/de\/shop\/produkt\/coromus-diaphorus-goldrand-bandfuesser\/","og_site_name":"Insektenliebe","article_modified_time":"2026-03-05T07:59:56+00:00","og_image":[{"width":820,"height":820,"url":"https:\/\/insektenliebe.com\/wp-content\/uploads\/2025\/05\/Coromus-diaphorus-2.jpg","type":"image\/jpeg"}],"twitter_card":"summary_large_image","twitter_misc":{"Gesch\u00e4tzte Lesezeit":"3\u00a0Minuten"},"schema":{"@context":"https:\/\/schema.org","@graph":[{"@type":"WebPage","@id":"https:\/\/insektenliebe.com\/de\/shop\/produkt\/coromus-diaphorus-goldrand-bandfuesser\/","url":"https:\/\/insektenliebe.com\/de\/shop\/produkt\/coromus-diaphorus-goldrand-bandfuesser\/","name":"Coromus diaphorus \"Goldrand-Bandf\u00fc\u00dfer\" - Insektenliebe","isPartOf":{"@id":"https:\/\/insektenliebe.com\/de\/#website"},"primaryImageOfPage":{"@id":"https:\/\/insektenliebe.com\/de\/shop\/produkt\/coromus-diaphorus-goldrand-bandfuesser\/#primaryimage"},"image":{"@id":"https:\/\/insektenliebe.com\/de\/shop\/produkt\/coromus-diaphorus-goldrand-bandfuesser\/#primaryimage"},"thumbnailUrl":"https:\/\/insektenliebe.com\/wp-content\/uploads\/2025\/05\/Coromus-diaphorus-2.jpg","datePublished":"2020-03-19T15:36:00+00:00","dateModified":"2026-03-05T07:59:56+00:00","description":"Wundersch\u00f6ne Coromus diaphorus \"Goldrand-Bandf\u00fc\u00dfer\" online kaufen. Wir bieten eigene Nachzuchten dieser tollen Bandf\u00fc\u00dfer-Art an. Direkt beim Z\u00fcchter kaufen.","breadcrumb":{"@id":"https:\/\/insektenliebe.com\/de\/shop\/produkt\/coromus-diaphorus-goldrand-bandfuesser\/#breadcrumb"},"inLanguage":"de","potentialAction":[{"@type":"ReadAction","target":["https:\/\/insektenliebe.com\/de\/shop\/produkt\/coromus-diaphorus-goldrand-bandfuesser\/"]}]},{"@type":"ImageObject","inLanguage":"de","@id":"https:\/\/insektenliebe.com\/de\/shop\/produkt\/coromus-diaphorus-goldrand-bandfuesser\/#primaryimage","url":"https:\/\/insektenliebe.com\/wp-content\/uploads\/2025\/05\/Coromus-diaphorus-2.jpg","contentUrl":"https:\/\/insektenliebe.com\/wp-content\/uploads\/2025\/05\/Coromus-diaphorus-2.jpg","width":820,"height":820,"caption":"Coromus-diaphorus-2.jpg"},{"@type":"BreadcrumbList","@id":"https:\/\/insektenliebe.com\/de\/shop\/produkt\/coromus-diaphorus-goldrand-bandfuesser\/#breadcrumb","itemListElement":[{"@type":"ListItem","position":1,"name":"Startseite","item":"https:\/\/insektenliebe.com\/de\/"},{"@type":"ListItem","position":2,"name":"Shop","item":"https:\/\/insektenliebe.com\/de\/shop\/"},{"@type":"ListItem","position":3,"name":"Coromus diaphorus \"Goldrand-Bandf\u00fc\u00dfer\""}]},{"@type":"WebSite","@id":"https:\/\/insektenliebe.com\/de\/#website","url":"https:\/\/insektenliebe.com\/de\/","name":"Insektenliebe","description":"Dein Zuhause f\u00fcr die kleinen Lebewesen","publisher":{"@id":"https:\/\/insektenliebe.com\/de\/#organization"},"potentialAction":[{"@type":"SearchAction","target":{"@type":"EntryPoint","urlTemplate":"https:\/\/insektenliebe.com\/de\/?s={search_term_string}"},"query-input":{"@type":"PropertyValueSpecification","valueRequired":true,"valueName":"search_term_string"}}],"inLanguage":"de"},{"@type":"Organization","@id":"https:\/\/insektenliebe.com\/de\/#organization","name":"Insektenliebe","url":"https:\/\/insektenliebe.com\/de\/","logo":{"@type":"ImageObject","inLanguage":"de","@id":"https:\/\/insektenliebe.com\/de\/#\/schema\/logo\/image\/","url":"https:\/\/insektenliebe.com\/wp-content\/uploads\/2025\/03\/logo-white.png","contentUrl":"https:\/\/insektenliebe.com\/wp-content\/uploads\/2025\/03\/logo-white.png","width":288,"height":188,"caption":"Insektenliebe"},"image":{"@id":"https:\/\/insektenliebe.com\/de\/#\/schema\/logo\/image\/"}}]}},"_links":{"self":[{"href":"https:\/\/insektenliebe.com\/de\/wp-json\/wp\/v2\/product\/4767","targetHints":{"allow":["GET"]}}],"collection":[{"href":"https:\/\/insektenliebe.com\/de\/wp-json\/wp\/v2\/product"}],"about":[{"href":"https:\/\/insektenliebe.com\/de\/wp-json\/wp\/v2\/types\/product"}],"wp:featuredmedia":[{"embeddable":true,"href":"https:\/\/insektenliebe.com\/de\/wp-json\/wp\/v2\/media\/4798"}],"wp:attachment":[{"href":"https:\/\/insektenliebe.com\/de\/wp-json\/wp\/v2\/media?parent=4767"}],"wp:term":[{"taxonomy":"product-supplier","embeddable":true,"href":"https:\/\/insektenliebe.com\/de\/wp-json\/wp\/v2\/product-supplier?post=4767"},{"taxonomy":"product_brand","embeddable":true,"href":"https:\/\/insektenliebe.com\/de\/wp-json\/wp\/v2\/product_brand?post=4767"},{"taxonomy":"product_cat","embeddable":true,"href":"https:\/\/insektenliebe.com\/de\/wp-json\/wp\/v2\/product_cat?post=4767"},{"taxonomy":"product_tag","embeddable":true,"href":"https:\/\/insektenliebe.com\/de\/wp-json\/wp\/v2\/product_tag?post=4767"},{"taxonomy":"lce-checkout-addons","embeddable":true,"href":"https:\/\/insektenliebe.com\/de\/wp-json\/wp\/v2\/lce-checkout-addons?post=4767"}],"curies":[{"name":"wp","href":"https:\/\/api.w.org\/{rel}","templated":true}]}}