{"id":4764,"date":"2020-03-12T10:16:19","date_gmt":"2020-03-12T10:16:19","guid":{"rendered":"http:\/\/localhost\/ins-test\/?post_type=product&#038;p=4764"},"modified":"2026-01-28T21:33:10","modified_gmt":"2026-01-28T20:33:10","slug":"lissachatina-fulica","status":"publish","type":"product","link":"https:\/\/insektenliebe.com\/de\/shop\/produkt\/lissachatina-fulica\/","title":{"rendered":"Lissachatina fulica"},"content":{"rendered":"<h3><span style=\"color: #99cc33\">Kurzbeschreibung Lissachatina fulica:<\/span><\/h3>\n<p class=\"product-title product_title entry-title\"><strong><span class=\"hiddenSpellError\">Lissachatina<\/span>\u00a0<span class=\"hiddenSpellError\">fulica<\/span><\/strong>\u00a0geh\u00f6rt zu den beliebtesten Schneckenarten im Hobby. Zum einen ist diese Art f\u00fcr Anf\u00e4nger geeignet und verzeiht den ein oder anderen Haltungsfehler. Der gr\u00f6\u00dfere Beliebtheitsfaktor ist allerdings ihre neugierige Art.<\/p>\n<p>Die Farbvariante \u201eWhite Jade\u201c sagt aus, dass die Tiere ein\u00a0<span class=\"hiddenSpellError\">wildfarbenes<\/span>\u00a0<span class=\"hiddenSpellError\">Schneckenh\u00e4uschen<\/span>\u00a0haben und einen wei\u00dfen K\u00f6rper.<\/p>\n<p>Die Tiere stammen urspr\u00fcnglich aus Ostafrika und besiedeln dort vor allem Gebiete, wo die Luftfeuchtigkeit entsprechend hoch liegt. Bei 80\u201390 % f\u00fchlen sich die Tiere im Terrarium sehr wohl.\u00a0<strong><span class=\"hiddenSpellError\">Lissachatina<\/span>\u00a0<span class=\"hiddenSpellError\">fulica<\/span><\/strong>\u00a0sind d\u00e4mmerungs- und nachtaktiv, man kann sie aber auch tags\u00fcber gut beobachten.<\/p>\n<p>Diese Art sollte nicht alleine gehalten werden, da sie sehr gesellige und soziale Tiere sind. Daher empfiehlt sich ein Besatz von mindestens drei Tiere. Die\u00a0<span class=\"hiddenSpellError\">Terrariengr\u00f6\u00dfe<\/span>\u00a0f\u00fcr drei adulte\u00a0<strong><span class=\"hiddenSpellError\">Lissachatina<\/span>\u00a0<span class=\"hiddenSpellError\">fulica<\/span><\/strong>\u00a0betr\u00e4gt 80 \u00d7 50 \u00d7 50 cm. Auch ausgediente Aquarien eignen sich sehr gut f\u00fcr die\u00a0<span class=\"hiddenSpellError\">Schneckenhaltung<\/span>. Die\u00a0<span class=\"hiddenSpellError\">Substrath\u00f6he<\/span>\u00a0sollte 20 cm betragen und der Boden sollte gut\u00a0<span class=\"hiddenSpellError\">aufgekalkt<\/span>\u00a0sein.\u00a0<span class=\"hiddenSpellError\">Sepiaschalen<\/span>\u00a0m\u00fcssen f\u00fcr den Aufbau der\u00a0<span class=\"hiddenSpellError\">Schneckenh\u00e4uschen<\/span>\u00a0immer angeboten werden.<\/p>\n<p>Schnecken laufen gerne die Scheiben hoch und fallen auch manchmal runter. Daher solltest du bei der Einrichtung darauf achten, dass keine Steine oder H\u00f6lzer verwendet werden. Eine Laub- und\u00a0<span class=\"hiddenSpellError\">Moosschicht<\/span>\u00a0wird gerne als Unterschlupf angenommen und versch\u00f6nert das Terrarium zus\u00e4tzlich.<\/p>\n<p><strong><span class=\"hiddenSpellError\">Lissachatina<\/span>\u00a0<span class=\"hiddenSpellError\">fulica<\/span><\/strong>\u00a0ist bei der Futterauswahl nicht w\u00e4hlerisch. Salatgurke, L\u00f6wenzahn oder \u00fcberreifes Obst wird sehr gerne angenommen und f\u00e4llt auch gelegentlich im Haushalt an. Proteine sollte man den Tieren auch anbieten. Da eignet sich\u00a0<span class=\"hiddenSpellError\">Gammarus<\/span>,\u00a0<span class=\"hiddenSpellError\">Algea<\/span>\u00a0Snacks und auch unser\u00a0<span class=\"hiddenSpellError\">Schabenfutter<\/span>\u00a0hervorragend.<\/p>\n<p>Die Zucht von\u00a0<strong><span class=\"hiddenSpellError\">Lissachatina<\/span>\u00a0<span class=\"hiddenSpellError\">fulica<\/span><\/strong>\u00a0geht fast von alleine. Bereits nach 5\u20136 Monate sind die Tiere geschlechtsreif und legen nach wenigen Wochen die 4\u20135 mm gro\u00dfe Eier ab. Je nach Gr\u00f6\u00dfe der Elterntiere k\u00f6nnen es zwischen 50 und 500 Eier pro Gelege sein. Daher sollte man sich vorher Gedanken machen, ob eine Aufzucht sinnvoll ist. Wenn man keinen Nachwuchs m\u00f6chte, sollte man w\u00f6chentlich nach Gelegen suchen und diese aus dem Terrarium entfernen und diese dann einfrieren.<\/p>\n<p>Die Lebenserwartung von\u00a0<strong><span class=\"hiddenSpellError\">Lissachatina<\/span>\u00a0<span class=\"hiddenSpellError\">fulica<\/span><\/strong>\u00a0liegt bei ca.\u00a05\u20137 Jahren.<\/p>\n","protected":false},"excerpt":{"rendered":"<p>Kurzbeschreibung Lissachatina fulica: Lissachatina\u00a0fulica\u00a0geh\u00f6rt zu den beliebtesten Schneckenarten im Hobby. Zum einen ist diese Art f\u00fcr Anf\u00e4nger geeignet und verzeiht den ein oder anderen Haltungsfehler. Der gr\u00f6\u00dfere Beliebtheitsfaktor ist allerdings ihre neugierige Art. Die Farbvariante \u201eWhite Jade\u201c sagt aus, dass die Tiere ein\u00a0wildfarbenes\u00a0Schneckenh\u00e4uschen\u00a0haben und einen wei\u00dfen K\u00f6rper. Die Tiere stammen urspr\u00fcnglich aus Ostafrika und besiedeln [&hellip;]<\/p>\n","protected":false},"featured_media":4795,"template":"","meta":{"_acf_changed":false},"product-supplier":[],"product_brand":[],"product_cat":[279],"product_tag":[],"lce-checkout-addons":[1202],"class_list":{"0":"post-4764","1":"product","2":"type-product","3":"status-publish","4":"has-post-thumbnail","6":"product_cat-schnecken","7":"product_shipping_class-animal-shipping","8":"pa_herkunft-kenia","9":"pa_kontinent-afrika","10":"lce-checkout-addons-winterverpackung","12":"first","13":"outofstock","14":"taxable","15":"shipping-taxable","16":"product-type-variable"},"acf":[],"yoast_head":"<!-- This site is optimized with the Yoast SEO plugin v27.3 - https:\/\/yoast.com\/product\/yoast-seo-wordpress\/ -->\n<title>Lissachatina fulica - Insektenliebe<\/title>\n<meta name=\"description\" content=\"G\u00fcnstige Lissachatina fulica online kaufen. Hierbei handelt es sich um wundersch\u00f6ne Nachzuchten, die man direkt beim Z\u00fcchter kaufen kann.\" \/>\n<meta name=\"robots\" content=\"index, follow, max-snippet:-1, max-image-preview:large, max-video-preview:-1\" \/>\n<link rel=\"canonical\" href=\"https:\/\/insektenliebe.com\/de\/shop\/produkt\/lissachatina-fulica\/\" \/>\n<meta property=\"og:locale\" content=\"de_DE\" \/>\n<meta property=\"og:type\" content=\"article\" \/>\n<meta property=\"og:title\" content=\"Lissachatina fulica - Insektenliebe\" \/>\n<meta property=\"og:description\" content=\"G\u00fcnstige Lissachatina fulica online kaufen. Hierbei handelt es sich um wundersch\u00f6ne Nachzuchten, die man direkt beim Z\u00fcchter kaufen kann.\" \/>\n<meta property=\"og:url\" content=\"https:\/\/insektenliebe.com\/de\/shop\/produkt\/lissachatina-fulica\/\" \/>\n<meta property=\"og:site_name\" content=\"Insektenliebe\" \/>\n<meta property=\"article:modified_time\" content=\"2026-01-28T20:33:10+00:00\" \/>\n<meta property=\"og:image\" content=\"https:\/\/insektenliebe.com\/wp-content\/uploads\/2025\/05\/Lissachatina-fulica-1-2.jpg\" \/>\n\t<meta property=\"og:image:width\" content=\"820\" \/>\n\t<meta property=\"og:image:height\" content=\"820\" \/>\n\t<meta property=\"og:image:type\" content=\"image\/jpeg\" \/>\n<meta name=\"twitter:card\" content=\"summary_large_image\" \/>\n<meta name=\"twitter:label1\" content=\"Gesch\u00e4tzte Lesezeit\" \/>\n\t<meta name=\"twitter:data1\" content=\"3\u00a0Minuten\" \/>\n<script type=\"application\/ld+json\" class=\"yoast-schema-graph\">{\"@context\":\"https:\\\/\\\/schema.org\",\"@graph\":[{\"@type\":\"WebPage\",\"@id\":\"https:\\\/\\\/insektenliebe.com\\\/de\\\/shop\\\/produkt\\\/lissachatina-fulica\\\/\",\"url\":\"https:\\\/\\\/insektenliebe.com\\\/de\\\/shop\\\/produkt\\\/lissachatina-fulica\\\/\",\"name\":\"Lissachatina fulica - Insektenliebe\",\"isPartOf\":{\"@id\":\"https:\\\/\\\/insektenliebe.com\\\/de\\\/#website\"},\"primaryImageOfPage\":{\"@id\":\"https:\\\/\\\/insektenliebe.com\\\/de\\\/shop\\\/produkt\\\/lissachatina-fulica\\\/#primaryimage\"},\"image\":{\"@id\":\"https:\\\/\\\/insektenliebe.com\\\/de\\\/shop\\\/produkt\\\/lissachatina-fulica\\\/#primaryimage\"},\"thumbnailUrl\":\"https:\\\/\\\/insektenliebe.com\\\/wp-content\\\/uploads\\\/2025\\\/05\\\/Lissachatina-fulica-1-2.jpg\",\"datePublished\":\"2020-03-12T10:16:19+00:00\",\"dateModified\":\"2026-01-28T20:33:10+00:00\",\"description\":\"G\u00fcnstige Lissachatina fulica online kaufen. Hierbei handelt es sich um wundersch\u00f6ne Nachzuchten, die man direkt beim Z\u00fcchter kaufen kann.\",\"breadcrumb\":{\"@id\":\"https:\\\/\\\/insektenliebe.com\\\/de\\\/shop\\\/produkt\\\/lissachatina-fulica\\\/#breadcrumb\"},\"inLanguage\":\"de\",\"potentialAction\":[{\"@type\":\"ReadAction\",\"target\":[\"https:\\\/\\\/insektenliebe.com\\\/de\\\/shop\\\/produkt\\\/lissachatina-fulica\\\/\"]}]},{\"@type\":\"ImageObject\",\"inLanguage\":\"de\",\"@id\":\"https:\\\/\\\/insektenliebe.com\\\/de\\\/shop\\\/produkt\\\/lissachatina-fulica\\\/#primaryimage\",\"url\":\"https:\\\/\\\/insektenliebe.com\\\/wp-content\\\/uploads\\\/2025\\\/05\\\/Lissachatina-fulica-1-2.jpg\",\"contentUrl\":\"https:\\\/\\\/insektenliebe.com\\\/wp-content\\\/uploads\\\/2025\\\/05\\\/Lissachatina-fulica-1-2.jpg\",\"width\":820,\"height\":820,\"caption\":\"Lissachatina-fulica-1-2.jpg\"},{\"@type\":\"BreadcrumbList\",\"@id\":\"https:\\\/\\\/insektenliebe.com\\\/de\\\/shop\\\/produkt\\\/lissachatina-fulica\\\/#breadcrumb\",\"itemListElement\":[{\"@type\":\"ListItem\",\"position\":1,\"name\":\"Startseite\",\"item\":\"https:\\\/\\\/insektenliebe.com\\\/de\\\/\"},{\"@type\":\"ListItem\",\"position\":2,\"name\":\"Shop\",\"item\":\"https:\\\/\\\/insektenliebe.com\\\/de\\\/shop\\\/\"},{\"@type\":\"ListItem\",\"position\":3,\"name\":\"Lissachatina fulica\"}]},{\"@type\":\"WebSite\",\"@id\":\"https:\\\/\\\/insektenliebe.com\\\/de\\\/#website\",\"url\":\"https:\\\/\\\/insektenliebe.com\\\/de\\\/\",\"name\":\"Insektenliebe\",\"description\":\"Dein Zuhause f\u00fcr die kleinen Lebewesen\",\"publisher\":{\"@id\":\"https:\\\/\\\/insektenliebe.com\\\/de\\\/#organization\"},\"potentialAction\":[{\"@type\":\"SearchAction\",\"target\":{\"@type\":\"EntryPoint\",\"urlTemplate\":\"https:\\\/\\\/insektenliebe.com\\\/de\\\/?s={search_term_string}\"},\"query-input\":{\"@type\":\"PropertyValueSpecification\",\"valueRequired\":true,\"valueName\":\"search_term_string\"}}],\"inLanguage\":\"de\"},{\"@type\":\"Organization\",\"@id\":\"https:\\\/\\\/insektenliebe.com\\\/de\\\/#organization\",\"name\":\"Insektenliebe\",\"url\":\"https:\\\/\\\/insektenliebe.com\\\/de\\\/\",\"logo\":{\"@type\":\"ImageObject\",\"inLanguage\":\"de\",\"@id\":\"https:\\\/\\\/insektenliebe.com\\\/de\\\/#\\\/schema\\\/logo\\\/image\\\/\",\"url\":\"https:\\\/\\\/insektenliebe.com\\\/wp-content\\\/uploads\\\/2025\\\/03\\\/logo-white.png\",\"contentUrl\":\"https:\\\/\\\/insektenliebe.com\\\/wp-content\\\/uploads\\\/2025\\\/03\\\/logo-white.png\",\"width\":288,\"height\":188,\"caption\":\"Insektenliebe\"},\"image\":{\"@id\":\"https:\\\/\\\/insektenliebe.com\\\/de\\\/#\\\/schema\\\/logo\\\/image\\\/\"}}]}<\/script>\n<!-- \/ Yoast SEO plugin. -->","yoast_head_json":{"title":"Lissachatina fulica - Insektenliebe","description":"G\u00fcnstige Lissachatina fulica online kaufen. Hierbei handelt es sich um wundersch\u00f6ne Nachzuchten, die man direkt beim Z\u00fcchter kaufen kann.","robots":{"index":"index","follow":"follow","max-snippet":"max-snippet:-1","max-image-preview":"max-image-preview:large","max-video-preview":"max-video-preview:-1"},"canonical":"https:\/\/insektenliebe.com\/de\/shop\/produkt\/lissachatina-fulica\/","og_locale":"de_DE","og_type":"article","og_title":"Lissachatina fulica - Insektenliebe","og_description":"G\u00fcnstige Lissachatina fulica online kaufen. Hierbei handelt es sich um wundersch\u00f6ne Nachzuchten, die man direkt beim Z\u00fcchter kaufen kann.","og_url":"https:\/\/insektenliebe.com\/de\/shop\/produkt\/lissachatina-fulica\/","og_site_name":"Insektenliebe","article_modified_time":"2026-01-28T20:33:10+00:00","og_image":[{"width":820,"height":820,"url":"https:\/\/insektenliebe.com\/wp-content\/uploads\/2025\/05\/Lissachatina-fulica-1-2.jpg","type":"image\/jpeg"}],"twitter_card":"summary_large_image","twitter_misc":{"Gesch\u00e4tzte Lesezeit":"3\u00a0Minuten"},"schema":{"@context":"https:\/\/schema.org","@graph":[{"@type":"WebPage","@id":"https:\/\/insektenliebe.com\/de\/shop\/produkt\/lissachatina-fulica\/","url":"https:\/\/insektenliebe.com\/de\/shop\/produkt\/lissachatina-fulica\/","name":"Lissachatina fulica - Insektenliebe","isPartOf":{"@id":"https:\/\/insektenliebe.com\/de\/#website"},"primaryImageOfPage":{"@id":"https:\/\/insektenliebe.com\/de\/shop\/produkt\/lissachatina-fulica\/#primaryimage"},"image":{"@id":"https:\/\/insektenliebe.com\/de\/shop\/produkt\/lissachatina-fulica\/#primaryimage"},"thumbnailUrl":"https:\/\/insektenliebe.com\/wp-content\/uploads\/2025\/05\/Lissachatina-fulica-1-2.jpg","datePublished":"2020-03-12T10:16:19+00:00","dateModified":"2026-01-28T20:33:10+00:00","description":"G\u00fcnstige Lissachatina fulica online kaufen. Hierbei handelt es sich um wundersch\u00f6ne Nachzuchten, die man direkt beim Z\u00fcchter kaufen kann.","breadcrumb":{"@id":"https:\/\/insektenliebe.com\/de\/shop\/produkt\/lissachatina-fulica\/#breadcrumb"},"inLanguage":"de","potentialAction":[{"@type":"ReadAction","target":["https:\/\/insektenliebe.com\/de\/shop\/produkt\/lissachatina-fulica\/"]}]},{"@type":"ImageObject","inLanguage":"de","@id":"https:\/\/insektenliebe.com\/de\/shop\/produkt\/lissachatina-fulica\/#primaryimage","url":"https:\/\/insektenliebe.com\/wp-content\/uploads\/2025\/05\/Lissachatina-fulica-1-2.jpg","contentUrl":"https:\/\/insektenliebe.com\/wp-content\/uploads\/2025\/05\/Lissachatina-fulica-1-2.jpg","width":820,"height":820,"caption":"Lissachatina-fulica-1-2.jpg"},{"@type":"BreadcrumbList","@id":"https:\/\/insektenliebe.com\/de\/shop\/produkt\/lissachatina-fulica\/#breadcrumb","itemListElement":[{"@type":"ListItem","position":1,"name":"Startseite","item":"https:\/\/insektenliebe.com\/de\/"},{"@type":"ListItem","position":2,"name":"Shop","item":"https:\/\/insektenliebe.com\/de\/shop\/"},{"@type":"ListItem","position":3,"name":"Lissachatina fulica"}]},{"@type":"WebSite","@id":"https:\/\/insektenliebe.com\/de\/#website","url":"https:\/\/insektenliebe.com\/de\/","name":"Insektenliebe","description":"Dein Zuhause f\u00fcr die kleinen Lebewesen","publisher":{"@id":"https:\/\/insektenliebe.com\/de\/#organization"},"potentialAction":[{"@type":"SearchAction","target":{"@type":"EntryPoint","urlTemplate":"https:\/\/insektenliebe.com\/de\/?s={search_term_string}"},"query-input":{"@type":"PropertyValueSpecification","valueRequired":true,"valueName":"search_term_string"}}],"inLanguage":"de"},{"@type":"Organization","@id":"https:\/\/insektenliebe.com\/de\/#organization","name":"Insektenliebe","url":"https:\/\/insektenliebe.com\/de\/","logo":{"@type":"ImageObject","inLanguage":"de","@id":"https:\/\/insektenliebe.com\/de\/#\/schema\/logo\/image\/","url":"https:\/\/insektenliebe.com\/wp-content\/uploads\/2025\/03\/logo-white.png","contentUrl":"https:\/\/insektenliebe.com\/wp-content\/uploads\/2025\/03\/logo-white.png","width":288,"height":188,"caption":"Insektenliebe"},"image":{"@id":"https:\/\/insektenliebe.com\/de\/#\/schema\/logo\/image\/"}}]}},"_links":{"self":[{"href":"https:\/\/insektenliebe.com\/de\/wp-json\/wp\/v2\/product\/4764","targetHints":{"allow":["GET"]}}],"collection":[{"href":"https:\/\/insektenliebe.com\/de\/wp-json\/wp\/v2\/product"}],"about":[{"href":"https:\/\/insektenliebe.com\/de\/wp-json\/wp\/v2\/types\/product"}],"wp:featuredmedia":[{"embeddable":true,"href":"https:\/\/insektenliebe.com\/de\/wp-json\/wp\/v2\/media\/4795"}],"wp:attachment":[{"href":"https:\/\/insektenliebe.com\/de\/wp-json\/wp\/v2\/media?parent=4764"}],"wp:term":[{"taxonomy":"product-supplier","embeddable":true,"href":"https:\/\/insektenliebe.com\/de\/wp-json\/wp\/v2\/product-supplier?post=4764"},{"taxonomy":"product_brand","embeddable":true,"href":"https:\/\/insektenliebe.com\/de\/wp-json\/wp\/v2\/product_brand?post=4764"},{"taxonomy":"product_cat","embeddable":true,"href":"https:\/\/insektenliebe.com\/de\/wp-json\/wp\/v2\/product_cat?post=4764"},{"taxonomy":"product_tag","embeddable":true,"href":"https:\/\/insektenliebe.com\/de\/wp-json\/wp\/v2\/product_tag?post=4764"},{"taxonomy":"lce-checkout-addons","embeddable":true,"href":"https:\/\/insektenliebe.com\/de\/wp-json\/wp\/v2\/lce-checkout-addons?post=4764"}],"curies":[{"name":"wp","href":"https:\/\/api.w.org\/{rel}","templated":true}]}}