{"id":4761,"date":"2020-02-27T09:21:00","date_gmt":"2020-02-27T08:21:00","guid":{"rendered":"http:\/\/localhost\/ins-test\/?post_type=product&#038;p=4761"},"modified":"2026-01-29T11:30:38","modified_gmt":"2026-01-29T10:30:38","slug":"pachnoda-flaviventris-suedafrikanische-fruchtkaefer","status":"publish","type":"product","link":"https:\/\/insektenliebe.com\/de\/shop\/produkt\/pachnoda-flaviventris-suedafrikanische-fruchtkaefer\/","title":{"rendered":"Pachnoda flaviventris (S\u00fcdafrikanische Fruchtk\u00e4fer)"},"content":{"rendered":"<h3><span style=\"color: #99cc33;\"><strong>Rosenk\u00e4ferhaltung leicht gemacht \u2013 mit Pachnoda flaviventris<\/strong><\/span><\/h3>\n<p class=\"\" data-start=\"66\" data-end=\"443\"><strong>Pachnoda flaviventris<\/strong>, auch Gelbbauch-Rosenk\u00e4fer genannt, geh\u00f6rt zur Familie der Rosenk\u00e4fer (Cetoniidae) und bringt durch seine attraktive F\u00e4rbung Leben und Farbe in dein Terrarium. Diese aus S\u00fcdafrika stammende K\u00e4ferart ist bekannt f\u00fcr ihre robuste und unkomplizierte Haltung, wodurch sie ideal f\u00fcr Terraristik-Einsteiger und erfahrene Insektenfreunde gleicherma\u00dfen geeignet ist.<\/p>\n<p class=\"\" data-start=\"445\" data-end=\"922\">Die <strong>Pachnoda flaviventris<\/strong> \u00fcberzeugt optisch durch eine wundersch\u00f6ne Farbgebung: Der R\u00fccken zeigt ein warmes, intensives Braun, das harmonisch von kontrastreichen, gelben Seiten und einem auff\u00e4llig gelben Bauch erg\u00e4nzt wird.<\/p>\n<p class=\"\" data-start=\"445\" data-end=\"922\">Diese Farbkombination macht sie zu einem echten Hingucker, der im Terrarium schnell die Aufmerksamkeit auf sich zieht. Die adulten Tiere erreichen eine K\u00f6rperl\u00e4nge von etwa 20 bis 25 mm, was sie zu beeindruckenden und dennoch handlichen Bewohnern macht.<\/p>\n<p class=\"\" data-start=\"924\" data-end=\"1443\">Die Haltung dieser attraktiven K\u00e4fer ist unkompliziert, wenn du einige grundlegende Dinge beachtest. Das Terrarium sollte eine Mindestgr\u00f6\u00dfe von 30 \u00d7 30 \u00d7 30 cm haben und mit einem n\u00e4hrstoffreichen, humusartigen Substrat ausgestattet sein. Besonders bew\u00e4hrt hat sich hier Flake Soil, da es mit seinem hohen N\u00e4hrstoffgehalt und der lockeren Struktur ideale Voraussetzungen f\u00fcr das gesunde Wachstum und die optimale Entwicklung von K\u00e4ferlarven schafft. Zus\u00e4tzlich ist eine lockere Deckschicht aus trockenem Laub ideal, da sich die adulten K\u00e4fer darin gerne verbergen und verstecken.<\/p>\n<p class=\"\" data-start=\"1445\" data-end=\"1757\">Die Temperatur sollte im Terrarium zwischen 18 und 25 \u00b0C liegen und konstant gehalten werden. Eine Luftfeuchtigkeit von etwa 60 bis 80 % sorgt f\u00fcr ideale Bedingungen und f\u00f6rdert das Wohlbefinden der Tiere. Besonders wichtig ist, auf ausreichende Bel\u00fcftung zu achten, um Staun\u00e4sse und Schimmelbildung vorzubeugen.<\/p>\n<p class=\"\" data-start=\"41\" data-end=\"491\">Beim Aufzuchtsubstrat solltest du regelm\u00e4\u00dfig auf die Bildung von Milben achten, da sie sich in feuchten und n\u00e4hrstoffreichen Umgebungen leicht vermehren k\u00f6nnen. Springschw\u00e4nze sind dabei eine hervorragende Unterst\u00fctzung: Sie verwerten organische Reste und helfen so, das biologische Gleichgewicht im Substrat zu erhalten. Auf diese Weise bleibt das Terrarium sauber und die Bedingungen f\u00fcr deine K\u00e4ferlarven optimal.<\/p>\n<p class=\"\" data-start=\"1759\" data-end=\"2148\">Die Ern\u00e4hrung von <strong>Pachnoda flaviventris<\/strong> gestaltet sich sehr einfach: Erwachsene K\u00e4fer ern\u00e4hren sich \u00fcberwiegend von s\u00fc\u00dfen, reifen Fr\u00fcchten, Beetle Jelly, Honigwasser und Gammarus w\u00e4hrend die Larven haupts\u00e4chlich im Substrat leben und sich vom Flake Soil ern\u00e4hren. Diese unkomplizierte Ern\u00e4hrung macht sie zu leicht zu haltenden Terrarienbewohnern, die wenig Aufwand verursachen.<\/p>\n<p class=\"\" data-start=\"2150\" data-end=\"2438\"><strong>Pachnoda flaviventris<\/strong> sind friedliche K\u00e4fer, die problemlos in Gruppen gehalten werden k\u00f6nnen. Sie zeigen ein aktives Verhalten und bereichern dein Terrarium mit ihrer Pr\u00e4senz und ihrem interessanten Sozialverhalten. Ihre Aktivit\u00e4t am Tage macht sie zudem zu idealen Beobachtungsobjekten.<\/p>\n<p class=\"\" data-start=\"2440\" data-end=\"2582\">Auch die Nachzucht dieser Rosenk\u00e4fer ist recht einfach und gelingt in der Regel zuverl\u00e4ssig, was zus\u00e4tzliche Freude an der Haltung garantiert.<\/p>\n<p class=\"\" data-start=\"2584\" data-end=\"2775\">Hol dir die farbenfrohen <strong>Pachnoda flaviventris<\/strong> in dein Terrarium und genie\u00dfe den Anblick dieser beeindruckenden K\u00e4fer, die dir einen faszinierenden Einblick in die Welt der Rosenk\u00e4fer bieten.<\/p>\n","protected":false},"excerpt":{"rendered":"<p>Einfach zu haltende K\u00e4ferart, die durch eine kontrastreiche, gelb schwarze R\u00fcckenf\u00e4rbung auffallen. Sie erinnert ein bisschen an einen Tintenkleckstest.<\/p>\n","protected":false},"featured_media":166425,"template":"","meta":{"_acf_changed":false},"product-supplier":[],"product_brand":[],"product_cat":[143],"product_tag":[],"lce-checkout-addons":[1202],"class_list":{"0":"post-4761","1":"product","2":"type-product","3":"status-publish","4":"has-post-thumbnail","6":"product_cat-sonstige-wirbellose","7":"product_shipping_class-animal-shipping","8":"pa_herkunft-suedafrika","9":"pa_kontinent-afrika","10":"lce-checkout-addons-winterverpackung","12":"first","13":"outofstock","14":"taxable","15":"shipping-taxable","16":"purchasable","17":"product-type-variable","18":"has-default-attributes"},"acf":[],"yoast_head":"<!-- This site is optimized with the Yoast SEO Premium plugin v26.8 (Yoast SEO v27.3) - https:\/\/yoast.com\/product\/yoast-seo-premium-wordpress\/ -->\n<title>Pachnoda flaviventris (S\u00fcdafrikanische Fruchtk\u00e4fer) - Insektenliebe<\/title>\n<meta name=\"description\" content=\"G\u00fcnstige Pachnoda flaviventris online kaufen. Unsere S\u00fcdafrikanische Fruchtk\u00e4fer sind eigene Nachzuchten und k\u00f6nnen direkt vom Z\u00fcchter gekauft werden.\" \/>\n<meta name=\"robots\" content=\"index, follow, max-snippet:-1, max-image-preview:large, max-video-preview:-1\" \/>\n<link rel=\"canonical\" href=\"https:\/\/insektenliebe.com\/de\/shop\/produkt\/pachnoda-flaviventris-suedafrikanische-fruchtkaefer\/\" \/>\n<meta property=\"og:locale\" content=\"de_DE\" \/>\n<meta property=\"og:type\" content=\"article\" \/>\n<meta property=\"og:title\" content=\"Pachnoda flaviventris (S\u00fcdafrikanische Fruchtk\u00e4fer)\" \/>\n<meta property=\"og:description\" content=\"G\u00fcnstige Pachnoda flaviventris online kaufen. Unsere S\u00fcdafrikanische Fruchtk\u00e4fer sind eigene Nachzuchten und k\u00f6nnen direkt vom Z\u00fcchter gekauft werden.\" \/>\n<meta property=\"og:url\" content=\"https:\/\/insektenliebe.com\/de\/shop\/produkt\/pachnoda-flaviventris-suedafrikanische-fruchtkaefer\/\" \/>\n<meta property=\"og:site_name\" content=\"Insektenliebe\" \/>\n<meta property=\"article:modified_time\" content=\"2026-01-29T10:30:38+00:00\" \/>\n<meta property=\"og:image\" content=\"https:\/\/insektenliebe.com\/wp-content\/uploads\/2020\/02\/Pachnoda-flaviventris-Suedafrikanische-Fruchtkaefer.jpg\" \/>\n\t<meta property=\"og:image:width\" content=\"820\" \/>\n\t<meta property=\"og:image:height\" content=\"820\" \/>\n\t<meta property=\"og:image:type\" content=\"image\/jpeg\" \/>\n<meta name=\"twitter:card\" content=\"summary_large_image\" \/>\n<meta name=\"twitter:label1\" content=\"Verf\u00fcgbarkeit\" \/>\n\t<meta name=\"twitter:data1\" content=\"ausverkauft\" \/>\n<script type=\"application\/ld+json\" class=\"yoast-schema-graph\">{\"@context\":\"https:\\\/\\\/schema.org\",\"@graph\":[{\"@type\":\"WebPage\",\"@id\":\"https:\\\/\\\/insektenliebe.com\\\/de\\\/shop\\\/produkt\\\/pachnoda-flaviventris-suedafrikanische-fruchtkaefer\\\/\",\"url\":\"https:\\\/\\\/insektenliebe.com\\\/de\\\/shop\\\/produkt\\\/pachnoda-flaviventris-suedafrikanische-fruchtkaefer\\\/\",\"name\":\"Pachnoda flaviventris (S\u00fcdafrikanische Fruchtk\u00e4fer) - Insektenliebe\",\"isPartOf\":{\"@id\":\"https:\\\/\\\/insektenliebe.com\\\/de\\\/#website\"},\"primaryImageOfPage\":{\"@id\":\"https:\\\/\\\/insektenliebe.com\\\/de\\\/shop\\\/produkt\\\/pachnoda-flaviventris-suedafrikanische-fruchtkaefer\\\/#primaryimage\"},\"image\":{\"@id\":\"https:\\\/\\\/insektenliebe.com\\\/de\\\/shop\\\/produkt\\\/pachnoda-flaviventris-suedafrikanische-fruchtkaefer\\\/#primaryimage\"},\"thumbnailUrl\":\"https:\\\/\\\/insektenliebe.com\\\/wp-content\\\/uploads\\\/2020\\\/02\\\/Pachnoda-flaviventris-Suedafrikanische-Fruchtkaefer.jpg\",\"datePublished\":\"2020-02-27T08:21:00+00:00\",\"dateModified\":\"2026-01-29T10:30:38+00:00\",\"description\":\"G\u00fcnstige Pachnoda flaviventris online kaufen. Unsere S\u00fcdafrikanische Fruchtk\u00e4fer sind eigene Nachzuchten und k\u00f6nnen direkt vom Z\u00fcchter gekauft werden.\",\"breadcrumb\":{\"@id\":\"https:\\\/\\\/insektenliebe.com\\\/de\\\/shop\\\/produkt\\\/pachnoda-flaviventris-suedafrikanische-fruchtkaefer\\\/#breadcrumb\"},\"inLanguage\":\"de\",\"potentialAction\":[{\"@type\":\"ReadAction\",\"target\":[\"https:\\\/\\\/insektenliebe.com\\\/de\\\/shop\\\/produkt\\\/pachnoda-flaviventris-suedafrikanische-fruchtkaefer\\\/\"]}]},{\"@type\":\"ImageObject\",\"inLanguage\":\"de\",\"@id\":\"https:\\\/\\\/insektenliebe.com\\\/de\\\/shop\\\/produkt\\\/pachnoda-flaviventris-suedafrikanische-fruchtkaefer\\\/#primaryimage\",\"url\":\"https:\\\/\\\/insektenliebe.com\\\/wp-content\\\/uploads\\\/2020\\\/02\\\/Pachnoda-flaviventris-Suedafrikanische-Fruchtkaefer.jpg\",\"contentUrl\":\"https:\\\/\\\/insektenliebe.com\\\/wp-content\\\/uploads\\\/2020\\\/02\\\/Pachnoda-flaviventris-Suedafrikanische-Fruchtkaefer.jpg\",\"width\":820,\"height\":820,\"caption\":\"Pachnoda flaviventris (Su\u0308dafrikanische Fruchtka\u0308fer)\"},{\"@type\":\"BreadcrumbList\",\"@id\":\"https:\\\/\\\/insektenliebe.com\\\/de\\\/shop\\\/produkt\\\/pachnoda-flaviventris-suedafrikanische-fruchtkaefer\\\/#breadcrumb\",\"itemListElement\":[{\"@type\":\"ListItem\",\"position\":1,\"name\":\"Startseite\",\"item\":\"https:\\\/\\\/insektenliebe.com\\\/de\\\/\"},{\"@type\":\"ListItem\",\"position\":2,\"name\":\"Shop\",\"item\":\"https:\\\/\\\/insektenliebe.com\\\/de\\\/shop\\\/\"},{\"@type\":\"ListItem\",\"position\":3,\"name\":\"Pachnoda flaviventris (S\u00fcdafrikanische Fruchtk\u00e4fer)\"}]},{\"@type\":\"WebSite\",\"@id\":\"https:\\\/\\\/insektenliebe.com\\\/de\\\/#website\",\"url\":\"https:\\\/\\\/insektenliebe.com\\\/de\\\/\",\"name\":\"Insektenliebe\",\"description\":\"Dein Zuhause f\u00fcr die kleinen Lebewesen\",\"publisher\":{\"@id\":\"https:\\\/\\\/insektenliebe.com\\\/de\\\/#organization\"},\"potentialAction\":[{\"@type\":\"SearchAction\",\"target\":{\"@type\":\"EntryPoint\",\"urlTemplate\":\"https:\\\/\\\/insektenliebe.com\\\/de\\\/?s={search_term_string}\"},\"query-input\":{\"@type\":\"PropertyValueSpecification\",\"valueRequired\":true,\"valueName\":\"search_term_string\"}}],\"inLanguage\":\"de\"},{\"@type\":\"Organization\",\"@id\":\"https:\\\/\\\/insektenliebe.com\\\/de\\\/#organization\",\"name\":\"Insektenliebe\",\"url\":\"https:\\\/\\\/insektenliebe.com\\\/de\\\/\",\"logo\":{\"@type\":\"ImageObject\",\"inLanguage\":\"de\",\"@id\":\"https:\\\/\\\/insektenliebe.com\\\/de\\\/#\\\/schema\\\/logo\\\/image\\\/\",\"url\":\"https:\\\/\\\/insektenliebe.com\\\/wp-content\\\/uploads\\\/2025\\\/03\\\/logo-white.png\",\"contentUrl\":\"https:\\\/\\\/insektenliebe.com\\\/wp-content\\\/uploads\\\/2025\\\/03\\\/logo-white.png\",\"width\":288,\"height\":188,\"caption\":\"Insektenliebe\"},\"image\":{\"@id\":\"https:\\\/\\\/insektenliebe.com\\\/de\\\/#\\\/schema\\\/logo\\\/image\\\/\"}}]}<\/script>\n<meta property=\"og:availability\" content=\"out of stock\" \/>\n<meta property=\"product:availability\" content=\"out of stock\" \/>\n<meta property=\"product:retailer_item_id\" content=\"524\" \/>\n<meta property=\"product:condition\" content=\"new\" \/>\n<!-- \/ Yoast SEO Premium plugin. -->","yoast_head_json":{"title":"Pachnoda flaviventris (S\u00fcdafrikanische Fruchtk\u00e4fer) - Insektenliebe","description":"G\u00fcnstige Pachnoda flaviventris online kaufen. Unsere S\u00fcdafrikanische Fruchtk\u00e4fer sind eigene Nachzuchten und k\u00f6nnen direkt vom Z\u00fcchter gekauft werden.","robots":{"index":"index","follow":"follow","max-snippet":"max-snippet:-1","max-image-preview":"max-image-preview:large","max-video-preview":"max-video-preview:-1"},"canonical":"https:\/\/insektenliebe.com\/de\/shop\/produkt\/pachnoda-flaviventris-suedafrikanische-fruchtkaefer\/","og_locale":"de_DE","og_type":"article","og_title":"Pachnoda flaviventris (S\u00fcdafrikanische Fruchtk\u00e4fer)","og_description":"G\u00fcnstige Pachnoda flaviventris online kaufen. Unsere S\u00fcdafrikanische Fruchtk\u00e4fer sind eigene Nachzuchten und k\u00f6nnen direkt vom Z\u00fcchter gekauft werden.","og_url":"https:\/\/insektenliebe.com\/de\/shop\/produkt\/pachnoda-flaviventris-suedafrikanische-fruchtkaefer\/","og_site_name":"Insektenliebe","article_modified_time":"2026-01-29T10:30:38+00:00","og_image":[{"width":820,"height":820,"url":"https:\/\/insektenliebe.com\/wp-content\/uploads\/2020\/02\/Pachnoda-flaviventris-Suedafrikanische-Fruchtkaefer.jpg","type":"image\/jpeg"}],"twitter_card":"summary_large_image","twitter_misc":{"Verf\u00fcgbarkeit":"ausverkauft"},"schema":{"@context":"https:\/\/schema.org","@graph":[{"@type":"WebPage","@id":"https:\/\/insektenliebe.com\/de\/shop\/produkt\/pachnoda-flaviventris-suedafrikanische-fruchtkaefer\/","url":"https:\/\/insektenliebe.com\/de\/shop\/produkt\/pachnoda-flaviventris-suedafrikanische-fruchtkaefer\/","name":"Pachnoda flaviventris (S\u00fcdafrikanische Fruchtk\u00e4fer) - Insektenliebe","isPartOf":{"@id":"https:\/\/insektenliebe.com\/de\/#website"},"primaryImageOfPage":{"@id":"https:\/\/insektenliebe.com\/de\/shop\/produkt\/pachnoda-flaviventris-suedafrikanische-fruchtkaefer\/#primaryimage"},"image":{"@id":"https:\/\/insektenliebe.com\/de\/shop\/produkt\/pachnoda-flaviventris-suedafrikanische-fruchtkaefer\/#primaryimage"},"thumbnailUrl":"https:\/\/insektenliebe.com\/wp-content\/uploads\/2020\/02\/Pachnoda-flaviventris-Suedafrikanische-Fruchtkaefer.jpg","datePublished":"2020-02-27T08:21:00+00:00","dateModified":"2026-01-29T10:30:38+00:00","description":"G\u00fcnstige Pachnoda flaviventris online kaufen. Unsere S\u00fcdafrikanische Fruchtk\u00e4fer sind eigene Nachzuchten und k\u00f6nnen direkt vom Z\u00fcchter gekauft werden.","breadcrumb":{"@id":"https:\/\/insektenliebe.com\/de\/shop\/produkt\/pachnoda-flaviventris-suedafrikanische-fruchtkaefer\/#breadcrumb"},"inLanguage":"de","potentialAction":[{"@type":"ReadAction","target":["https:\/\/insektenliebe.com\/de\/shop\/produkt\/pachnoda-flaviventris-suedafrikanische-fruchtkaefer\/"]}]},{"@type":"ImageObject","inLanguage":"de","@id":"https:\/\/insektenliebe.com\/de\/shop\/produkt\/pachnoda-flaviventris-suedafrikanische-fruchtkaefer\/#primaryimage","url":"https:\/\/insektenliebe.com\/wp-content\/uploads\/2020\/02\/Pachnoda-flaviventris-Suedafrikanische-Fruchtkaefer.jpg","contentUrl":"https:\/\/insektenliebe.com\/wp-content\/uploads\/2020\/02\/Pachnoda-flaviventris-Suedafrikanische-Fruchtkaefer.jpg","width":820,"height":820,"caption":"Pachnoda flaviventris (Su\u0308dafrikanische Fruchtka\u0308fer)"},{"@type":"BreadcrumbList","@id":"https:\/\/insektenliebe.com\/de\/shop\/produkt\/pachnoda-flaviventris-suedafrikanische-fruchtkaefer\/#breadcrumb","itemListElement":[{"@type":"ListItem","position":1,"name":"Startseite","item":"https:\/\/insektenliebe.com\/de\/"},{"@type":"ListItem","position":2,"name":"Shop","item":"https:\/\/insektenliebe.com\/de\/shop\/"},{"@type":"ListItem","position":3,"name":"Pachnoda flaviventris (S\u00fcdafrikanische Fruchtk\u00e4fer)"}]},{"@type":"WebSite","@id":"https:\/\/insektenliebe.com\/de\/#website","url":"https:\/\/insektenliebe.com\/de\/","name":"Insektenliebe","description":"Dein Zuhause f\u00fcr die kleinen Lebewesen","publisher":{"@id":"https:\/\/insektenliebe.com\/de\/#organization"},"potentialAction":[{"@type":"SearchAction","target":{"@type":"EntryPoint","urlTemplate":"https:\/\/insektenliebe.com\/de\/?s={search_term_string}"},"query-input":{"@type":"PropertyValueSpecification","valueRequired":true,"valueName":"search_term_string"}}],"inLanguage":"de"},{"@type":"Organization","@id":"https:\/\/insektenliebe.com\/de\/#organization","name":"Insektenliebe","url":"https:\/\/insektenliebe.com\/de\/","logo":{"@type":"ImageObject","inLanguage":"de","@id":"https:\/\/insektenliebe.com\/de\/#\/schema\/logo\/image\/","url":"https:\/\/insektenliebe.com\/wp-content\/uploads\/2025\/03\/logo-white.png","contentUrl":"https:\/\/insektenliebe.com\/wp-content\/uploads\/2025\/03\/logo-white.png","width":288,"height":188,"caption":"Insektenliebe"},"image":{"@id":"https:\/\/insektenliebe.com\/de\/#\/schema\/logo\/image\/"}}]},"og_availability":"out of stock","product_availability":"out of stock","product_retailer_item_id":"524","product_condition":"new"},"_links":{"self":[{"href":"https:\/\/insektenliebe.com\/de\/wp-json\/wp\/v2\/product\/4761","targetHints":{"allow":["GET"]}}],"collection":[{"href":"https:\/\/insektenliebe.com\/de\/wp-json\/wp\/v2\/product"}],"about":[{"href":"https:\/\/insektenliebe.com\/de\/wp-json\/wp\/v2\/types\/product"}],"wp:featuredmedia":[{"embeddable":true,"href":"https:\/\/insektenliebe.com\/de\/wp-json\/wp\/v2\/media\/166425"}],"wp:attachment":[{"href":"https:\/\/insektenliebe.com\/de\/wp-json\/wp\/v2\/media?parent=4761"}],"wp:term":[{"taxonomy":"product-supplier","embeddable":true,"href":"https:\/\/insektenliebe.com\/de\/wp-json\/wp\/v2\/product-supplier?post=4761"},{"taxonomy":"product_brand","embeddable":true,"href":"https:\/\/insektenliebe.com\/de\/wp-json\/wp\/v2\/product_brand?post=4761"},{"taxonomy":"product_cat","embeddable":true,"href":"https:\/\/insektenliebe.com\/de\/wp-json\/wp\/v2\/product_cat?post=4761"},{"taxonomy":"product_tag","embeddable":true,"href":"https:\/\/insektenliebe.com\/de\/wp-json\/wp\/v2\/product_tag?post=4761"},{"taxonomy":"lce-checkout-addons","embeddable":true,"href":"https:\/\/insektenliebe.com\/de\/wp-json\/wp\/v2\/lce-checkout-addons?post=4761"}],"curies":[{"name":"wp","href":"https:\/\/api.w.org\/{rel}","templated":true}]}}