{"id":4734,"date":"2020-02-20T11:07:16","date_gmt":"2020-02-20T11:07:16","guid":{"rendered":"http:\/\/localhost\/ins-test\/?post_type=product&#038;p=4734"},"modified":"2026-01-29T11:16:38","modified_gmt":"2026-01-29T10:16:38","slug":"blaptica-dubia-argentinische-waldschabe","status":"publish","type":"product","link":"https:\/\/insektenliebe.com\/de\/shop\/produkt\/blaptica-dubia-argentinische-waldschabe\/","title":{"rendered":"Blaptica dubia \"Argentinische Waldschabe\""},"content":{"rendered":"<h3 class=\"p1\"><span style=\"color: #99cc33;\"><strong><span class=\"s1\">Blaptica dubia \u2013 Die robuste Futter- und Zucht\u00adschabe f\u00fcr Terrarientiere<\/span><\/strong><\/span><\/h3>\n<p class=\"p1\"><span class=\"s1\">Die <\/span><strong><span class=\"s2\">Blaptica dubia<\/span><\/strong><span class=\"s1\">, auch als \u201cArgentinische Waldschabe\u201d bekannt, geh\u00f6rt zu den beliebtesten Futterinsekten in der Terraristik \u2013 und das aus gutem Grund. Sie ist ruhig, nahezu geruchslos und l\u00e4sst sich einfach handhaben. Zudem bietet sie ein ausgezeichnetes N\u00e4hrwertprofil f\u00fcr viele Terrarientiere wie Reptilien, Amphibien, Mantiden, Skorpione oder Vogelspinnen.<\/span><\/p>\n<p class=\"p1\"><span class=\"s1\">Ein echtes Plus: Zu jeder Bestellung legen wir dir ein kleines D\u00f6schen mit unserem hauseigenen Gutload-Futter bei. Es ist speziell daf\u00fcr entwickelt, um die Schaben vor der Verf\u00fctterung mit Vitaminen, Mineralien und Energie anzureichern. Du gibst das Gutload nach dem Erhalt direkt in das Transportd\u00f6schen oder deine Box \u2013 und bereits nach kurzer Zeit sind die Tiere n\u00e4hrstoffreich und bereit zur F\u00fctterung. So kannst du gezielt den Futterwert verbessern und deine Tiere optimal versorgen.<\/span><\/p>\n<p class=\"p1\"><span class=\"s1\">Die Haltung der <strong>Blaptica dubia \"Argentinische Waldschabe\"<\/strong><\/span><span class=\"s1\">\u00a0ist zudem sehr unkompliziert. Eine gut bel\u00fcftete Box, einige Eierkartons oder Korkst\u00fccke und ein warmer Platz gen\u00fcgen. Erg\u00e4nzt mit dem mitgelieferten Gutload und einem Beetle-Jelly bleiben die Schaben fit und aktiv.<\/span><\/p>\n<p class=\"p1\"><span class=\"s1\">Ein weiterer Vorteil: In der Wohnung vermehren sich <strong>Blaptica dubia \"Argentinische Waldschabe\"<\/strong><\/span><span class=\"s1\">\u00a0nicht. Das liegt daran, dass sie h\u00f6here Temperaturen f\u00fcr die Fortpflanzung ben\u00f6tigen. Du brauchst dir also keine Sorgen machen, dass sie sich unkontrolliert verbreiten. Zudem k\u00f6nnen sie weder klettern noch fliegen \u2013 was sie absolut sicher im Handling macht. Das ist besonders f\u00fcr Anf\u00e4nger:innen ein echter Pluspunkt.<\/span><\/p>\n<p class=\"p1\"><span class=\"s1\">Durch ihre mittlere Gr\u00f6\u00dfe, weiche K\u00f6rperstruktur und hohe Akzeptanz bei vielen Tieren sind sie extrem vielseitig. Sie eignen sich sowohl f\u00fcr Jungtiere als auch f\u00fcr gro\u00dfe Arten oder w\u00e4hlerische Fresser.<\/span><\/p>\n<p class=\"p1\"><span class=\"s1\">Mit den <strong>Blaptica dubia \"Argentinische Waldschabe\"<\/strong><\/span><span class=\"s1\">\u00a0von Insektenliebe bekommst du nicht nur gesunde, gepflegte Tiere. Du erh\u00e4ltst auch das passende Zusatzfutter, um ihre N\u00e4hrstoffe gezielt zu steigern \u2013 einfach, sicher und effizient.<\/span><\/p>\n<p class=\"p1\"><strong><span class=\"s3\" style=\"color: #99cc33;\">Gesunde Leckerbissen f\u00fcr alle Insektenfresser:<br \/>\n<\/span><\/strong><span class=\"s1\">Feuchtigkeit 62,3 %<br \/>\n<\/span><span class=\"s1\">Protein 23 %<br \/>\n<\/span><span class=\"s1\">Fett 12,8 %<br \/>\n<\/span><span class=\"s1\">Asche 1,5 %<br \/>\n<\/span><span class=\"s1\">Rohfaser 3,2 %<\/span><\/p>\n<p><strong><span style=\"color: #99cc33;\">Gr\u00f6\u00dfenangaben der Auswahl:<br \/>\n<\/span><\/strong><strong>S:<\/strong> 9-12 mm<br \/>\n<strong>M:<\/strong>18-22 mm<br \/>\n<strong>L:<\/strong> 23-28 mm<br \/>\n<strong>XL:<\/strong> 30-35 mm<\/p>\n","protected":false},"excerpt":{"rendered":"<p>Blaptica dubia \u2013 Die robuste Futter- und Zucht\u00adschabe f\u00fcr Terrarientiere Die Blaptica dubia, auch als \u201cArgentinische Waldschabe\u201d bekannt, geh\u00f6rt zu den beliebtesten Futterinsekten in der Terraristik \u2013 und das aus gutem Grund. Sie ist ruhig, nahezu geruchslos und l\u00e4sst sich einfach handhaben. Zudem bietet sie ein ausgezeichnetes N\u00e4hrwertprofil f\u00fcr viele Terrarientiere wie Reptilien, Amphibien, Mantiden, [&hellip;]<\/p>\n","protected":false},"featured_media":165453,"template":"","meta":{"_acf_changed":false},"product-supplier":[],"product_brand":[],"product_cat":[2351,214],"product_tag":[],"lce-checkout-addons":[1202],"class_list":{"0":"post-4734","1":"product","2":"type-product","3":"status-publish","4":"has-post-thumbnail","6":"product_cat-futtertiere","7":"product_cat-schaben","8":"product_shipping_class-animal-shipping","9":"pa_herkunft-kosmopolitisch","10":"pa_kontinent-suedamerika","11":"lce-checkout-addons-winterverpackung","13":"first","14":"instock","15":"sale","16":"taxable","17":"shipping-taxable","18":"purchasable","19":"product-type-variable"},"acf":[],"yoast_head":"<!-- This site is optimized with the Yoast SEO Premium plugin v26.8 (Yoast SEO v27.3) - https:\/\/yoast.com\/product\/yoast-seo-premium-wordpress\/ -->\n<title>Blaptica dubia &quot;Argentinische Waldschabe&quot; - Insektenliebe<\/title>\n<meta name=\"description\" content=\"G\u00fcnstige Blaptica dubia &quot;Argentinische Waldschabe&quot; online kaufen. Hervorragendes Futtertier f\u00fcr alle Insektenfresser. Direkt vom Z\u00fcchter kaufen!\" \/>\n<meta name=\"robots\" content=\"index, follow, max-snippet:-1, max-image-preview:large, max-video-preview:-1\" \/>\n<link rel=\"canonical\" href=\"https:\/\/insektenliebe.com\/de\/shop\/produkt\/blaptica-dubia-argentinische-waldschabe\/\" \/>\n<meta property=\"og:locale\" content=\"de_DE\" \/>\n<meta property=\"og:type\" content=\"article\" \/>\n<meta property=\"og:title\" content=\"Blaptica dubia &quot;Argentinische Waldschabe&quot;\" \/>\n<meta property=\"og:description\" content=\"G\u00fcnstige Blaptica dubia &quot;Argentinische Waldschabe&quot; online kaufen. Hervorragendes Futtertier f\u00fcr alle Insektenfresser. Direkt vom Z\u00fcchter kaufen!\" \/>\n<meta property=\"og:url\" content=\"https:\/\/insektenliebe.com\/de\/shop\/produkt\/blaptica-dubia-argentinische-waldschabe\/\" \/>\n<meta property=\"og:site_name\" content=\"Insektenliebe\" \/>\n<meta property=\"article:modified_time\" content=\"2026-01-29T10:16:38+00:00\" \/>\n<meta property=\"og:image\" content=\"https:\/\/insektenliebe.com\/wp-content\/uploads\/2025\/11\/Blaptica-dubia-22Argentinische-Waldschabe22-XL.jpg\" \/>\n\t<meta property=\"og:image:width\" content=\"820\" \/>\n\t<meta property=\"og:image:height\" content=\"820\" \/>\n\t<meta property=\"og:image:type\" content=\"image\/jpeg\" \/>\n<meta name=\"twitter:card\" content=\"summary_large_image\" \/>\n<meta name=\"twitter:label1\" content=\"Verf\u00fcgbarkeit\" \/>\n\t<meta name=\"twitter:data1\" content=\"Auf Lager\" \/>\n<script type=\"application\/ld+json\" class=\"yoast-schema-graph\">{\"@context\":\"https:\\\/\\\/schema.org\",\"@graph\":[{\"@type\":\"WebPage\",\"@id\":\"https:\\\/\\\/insektenliebe.com\\\/de\\\/shop\\\/produkt\\\/blaptica-dubia-argentinische-waldschabe\\\/\",\"url\":\"https:\\\/\\\/insektenliebe.com\\\/de\\\/shop\\\/produkt\\\/blaptica-dubia-argentinische-waldschabe\\\/\",\"name\":\"Blaptica dubia \\\"Argentinische Waldschabe\\\" - Insektenliebe\",\"isPartOf\":{\"@id\":\"https:\\\/\\\/insektenliebe.com\\\/de\\\/#website\"},\"primaryImageOfPage\":{\"@id\":\"https:\\\/\\\/insektenliebe.com\\\/de\\\/shop\\\/produkt\\\/blaptica-dubia-argentinische-waldschabe\\\/#primaryimage\"},\"image\":{\"@id\":\"https:\\\/\\\/insektenliebe.com\\\/de\\\/shop\\\/produkt\\\/blaptica-dubia-argentinische-waldschabe\\\/#primaryimage\"},\"thumbnailUrl\":\"https:\\\/\\\/insektenliebe.com\\\/wp-content\\\/uploads\\\/2025\\\/11\\\/Blaptica-dubia-22Argentinische-Waldschabe22-XL.jpg\",\"datePublished\":\"2020-02-20T11:07:16+00:00\",\"dateModified\":\"2026-01-29T10:16:38+00:00\",\"description\":\"G\u00fcnstige Blaptica dubia \\\"Argentinische Waldschabe\\\" online kaufen. Hervorragendes Futtertier f\u00fcr alle Insektenfresser. Direkt vom Z\u00fcchter kaufen!\",\"breadcrumb\":{\"@id\":\"https:\\\/\\\/insektenliebe.com\\\/de\\\/shop\\\/produkt\\\/blaptica-dubia-argentinische-waldschabe\\\/#breadcrumb\"},\"inLanguage\":\"de\",\"potentialAction\":[{\"@type\":\"ReadAction\",\"target\":[\"https:\\\/\\\/insektenliebe.com\\\/de\\\/shop\\\/produkt\\\/blaptica-dubia-argentinische-waldschabe\\\/\"]}]},{\"@type\":\"ImageObject\",\"inLanguage\":\"de\",\"@id\":\"https:\\\/\\\/insektenliebe.com\\\/de\\\/shop\\\/produkt\\\/blaptica-dubia-argentinische-waldschabe\\\/#primaryimage\",\"url\":\"https:\\\/\\\/insektenliebe.com\\\/wp-content\\\/uploads\\\/2025\\\/11\\\/Blaptica-dubia-22Argentinische-Waldschabe22-XL.jpg\",\"contentUrl\":\"https:\\\/\\\/insektenliebe.com\\\/wp-content\\\/uploads\\\/2025\\\/11\\\/Blaptica-dubia-22Argentinische-Waldschabe22-XL.jpg\",\"width\":820,\"height\":820,\"caption\":\"Blaptica dubia Argentinische Waldschabe XL\"},{\"@type\":\"BreadcrumbList\",\"@id\":\"https:\\\/\\\/insektenliebe.com\\\/de\\\/shop\\\/produkt\\\/blaptica-dubia-argentinische-waldschabe\\\/#breadcrumb\",\"itemListElement\":[{\"@type\":\"ListItem\",\"position\":1,\"name\":\"Startseite\",\"item\":\"https:\\\/\\\/insektenliebe.com\\\/de\\\/\"},{\"@type\":\"ListItem\",\"position\":2,\"name\":\"Shop\",\"item\":\"https:\\\/\\\/insektenliebe.com\\\/de\\\/shop\\\/\"},{\"@type\":\"ListItem\",\"position\":3,\"name\":\"Blaptica dubia &#8222;Argentinische Waldschabe&#8220;\"}]},{\"@type\":\"WebSite\",\"@id\":\"https:\\\/\\\/insektenliebe.com\\\/de\\\/#website\",\"url\":\"https:\\\/\\\/insektenliebe.com\\\/de\\\/\",\"name\":\"Insektenliebe\",\"description\":\"Dein Zuhause f\u00fcr die kleinen Lebewesen\",\"publisher\":{\"@id\":\"https:\\\/\\\/insektenliebe.com\\\/de\\\/#organization\"},\"potentialAction\":[{\"@type\":\"SearchAction\",\"target\":{\"@type\":\"EntryPoint\",\"urlTemplate\":\"https:\\\/\\\/insektenliebe.com\\\/de\\\/?s={search_term_string}\"},\"query-input\":{\"@type\":\"PropertyValueSpecification\",\"valueRequired\":true,\"valueName\":\"search_term_string\"}}],\"inLanguage\":\"de\"},{\"@type\":\"Organization\",\"@id\":\"https:\\\/\\\/insektenliebe.com\\\/de\\\/#organization\",\"name\":\"Insektenliebe\",\"url\":\"https:\\\/\\\/insektenliebe.com\\\/de\\\/\",\"logo\":{\"@type\":\"ImageObject\",\"inLanguage\":\"de\",\"@id\":\"https:\\\/\\\/insektenliebe.com\\\/de\\\/#\\\/schema\\\/logo\\\/image\\\/\",\"url\":\"https:\\\/\\\/insektenliebe.com\\\/wp-content\\\/uploads\\\/2025\\\/03\\\/logo-white.png\",\"contentUrl\":\"https:\\\/\\\/insektenliebe.com\\\/wp-content\\\/uploads\\\/2025\\\/03\\\/logo-white.png\",\"width\":288,\"height\":188,\"caption\":\"Insektenliebe\"},\"image\":{\"@id\":\"https:\\\/\\\/insektenliebe.com\\\/de\\\/#\\\/schema\\\/logo\\\/image\\\/\"}}]}<\/script>\n<meta property=\"og:availability\" content=\"instock\" \/>\n<meta property=\"product:availability\" content=\"instock\" \/>\n<meta property=\"product:retailer_item_id\" content=\"140\" \/>\n<meta property=\"product:condition\" content=\"new\" \/>\n<!-- \/ Yoast SEO Premium plugin. -->","yoast_head_json":{"title":"Blaptica dubia \"Argentinische Waldschabe\" - Insektenliebe","description":"G\u00fcnstige Blaptica dubia \"Argentinische Waldschabe\" online kaufen. Hervorragendes Futtertier f\u00fcr alle Insektenfresser. Direkt vom Z\u00fcchter kaufen!","robots":{"index":"index","follow":"follow","max-snippet":"max-snippet:-1","max-image-preview":"max-image-preview:large","max-video-preview":"max-video-preview:-1"},"canonical":"https:\/\/insektenliebe.com\/de\/shop\/produkt\/blaptica-dubia-argentinische-waldschabe\/","og_locale":"de_DE","og_type":"article","og_title":"Blaptica dubia \"Argentinische Waldschabe\"","og_description":"G\u00fcnstige Blaptica dubia \"Argentinische Waldschabe\" online kaufen. Hervorragendes Futtertier f\u00fcr alle Insektenfresser. Direkt vom Z\u00fcchter kaufen!","og_url":"https:\/\/insektenliebe.com\/de\/shop\/produkt\/blaptica-dubia-argentinische-waldschabe\/","og_site_name":"Insektenliebe","article_modified_time":"2026-01-29T10:16:38+00:00","og_image":[{"width":820,"height":820,"url":"https:\/\/insektenliebe.com\/wp-content\/uploads\/2025\/11\/Blaptica-dubia-22Argentinische-Waldschabe22-XL.jpg","type":"image\/jpeg"}],"twitter_card":"summary_large_image","twitter_misc":{"Verf\u00fcgbarkeit":"Auf Lager"},"schema":{"@context":"https:\/\/schema.org","@graph":[{"@type":"WebPage","@id":"https:\/\/insektenliebe.com\/de\/shop\/produkt\/blaptica-dubia-argentinische-waldschabe\/","url":"https:\/\/insektenliebe.com\/de\/shop\/produkt\/blaptica-dubia-argentinische-waldschabe\/","name":"Blaptica dubia \"Argentinische Waldschabe\" - Insektenliebe","isPartOf":{"@id":"https:\/\/insektenliebe.com\/de\/#website"},"primaryImageOfPage":{"@id":"https:\/\/insektenliebe.com\/de\/shop\/produkt\/blaptica-dubia-argentinische-waldschabe\/#primaryimage"},"image":{"@id":"https:\/\/insektenliebe.com\/de\/shop\/produkt\/blaptica-dubia-argentinische-waldschabe\/#primaryimage"},"thumbnailUrl":"https:\/\/insektenliebe.com\/wp-content\/uploads\/2025\/11\/Blaptica-dubia-22Argentinische-Waldschabe22-XL.jpg","datePublished":"2020-02-20T11:07:16+00:00","dateModified":"2026-01-29T10:16:38+00:00","description":"G\u00fcnstige Blaptica dubia \"Argentinische Waldschabe\" online kaufen. Hervorragendes Futtertier f\u00fcr alle Insektenfresser. Direkt vom Z\u00fcchter kaufen!","breadcrumb":{"@id":"https:\/\/insektenliebe.com\/de\/shop\/produkt\/blaptica-dubia-argentinische-waldschabe\/#breadcrumb"},"inLanguage":"de","potentialAction":[{"@type":"ReadAction","target":["https:\/\/insektenliebe.com\/de\/shop\/produkt\/blaptica-dubia-argentinische-waldschabe\/"]}]},{"@type":"ImageObject","inLanguage":"de","@id":"https:\/\/insektenliebe.com\/de\/shop\/produkt\/blaptica-dubia-argentinische-waldschabe\/#primaryimage","url":"https:\/\/insektenliebe.com\/wp-content\/uploads\/2025\/11\/Blaptica-dubia-22Argentinische-Waldschabe22-XL.jpg","contentUrl":"https:\/\/insektenliebe.com\/wp-content\/uploads\/2025\/11\/Blaptica-dubia-22Argentinische-Waldschabe22-XL.jpg","width":820,"height":820,"caption":"Blaptica dubia Argentinische Waldschabe XL"},{"@type":"BreadcrumbList","@id":"https:\/\/insektenliebe.com\/de\/shop\/produkt\/blaptica-dubia-argentinische-waldschabe\/#breadcrumb","itemListElement":[{"@type":"ListItem","position":1,"name":"Startseite","item":"https:\/\/insektenliebe.com\/de\/"},{"@type":"ListItem","position":2,"name":"Shop","item":"https:\/\/insektenliebe.com\/de\/shop\/"},{"@type":"ListItem","position":3,"name":"Blaptica dubia &#8222;Argentinische Waldschabe&#8220;"}]},{"@type":"WebSite","@id":"https:\/\/insektenliebe.com\/de\/#website","url":"https:\/\/insektenliebe.com\/de\/","name":"Insektenliebe","description":"Dein Zuhause f\u00fcr die kleinen Lebewesen","publisher":{"@id":"https:\/\/insektenliebe.com\/de\/#organization"},"potentialAction":[{"@type":"SearchAction","target":{"@type":"EntryPoint","urlTemplate":"https:\/\/insektenliebe.com\/de\/?s={search_term_string}"},"query-input":{"@type":"PropertyValueSpecification","valueRequired":true,"valueName":"search_term_string"}}],"inLanguage":"de"},{"@type":"Organization","@id":"https:\/\/insektenliebe.com\/de\/#organization","name":"Insektenliebe","url":"https:\/\/insektenliebe.com\/de\/","logo":{"@type":"ImageObject","inLanguage":"de","@id":"https:\/\/insektenliebe.com\/de\/#\/schema\/logo\/image\/","url":"https:\/\/insektenliebe.com\/wp-content\/uploads\/2025\/03\/logo-white.png","contentUrl":"https:\/\/insektenliebe.com\/wp-content\/uploads\/2025\/03\/logo-white.png","width":288,"height":188,"caption":"Insektenliebe"},"image":{"@id":"https:\/\/insektenliebe.com\/de\/#\/schema\/logo\/image\/"}}]},"og_availability":"instock","product_availability":"instock","product_retailer_item_id":"140","product_condition":"new"},"_links":{"self":[{"href":"https:\/\/insektenliebe.com\/de\/wp-json\/wp\/v2\/product\/4734","targetHints":{"allow":["GET"]}}],"collection":[{"href":"https:\/\/insektenliebe.com\/de\/wp-json\/wp\/v2\/product"}],"about":[{"href":"https:\/\/insektenliebe.com\/de\/wp-json\/wp\/v2\/types\/product"}],"wp:featuredmedia":[{"embeddable":true,"href":"https:\/\/insektenliebe.com\/de\/wp-json\/wp\/v2\/media\/165453"}],"wp:attachment":[{"href":"https:\/\/insektenliebe.com\/de\/wp-json\/wp\/v2\/media?parent=4734"}],"wp:term":[{"taxonomy":"product-supplier","embeddable":true,"href":"https:\/\/insektenliebe.com\/de\/wp-json\/wp\/v2\/product-supplier?post=4734"},{"taxonomy":"product_brand","embeddable":true,"href":"https:\/\/insektenliebe.com\/de\/wp-json\/wp\/v2\/product_brand?post=4734"},{"taxonomy":"product_cat","embeddable":true,"href":"https:\/\/insektenliebe.com\/de\/wp-json\/wp\/v2\/product_cat?post=4734"},{"taxonomy":"product_tag","embeddable":true,"href":"https:\/\/insektenliebe.com\/de\/wp-json\/wp\/v2\/product_tag?post=4734"},{"taxonomy":"lce-checkout-addons","embeddable":true,"href":"https:\/\/insektenliebe.com\/de\/wp-json\/wp\/v2\/lce-checkout-addons?post=4734"}],"curies":[{"name":"wp","href":"https:\/\/api.w.org\/{rel}","templated":true}]}}