{"id":4727,"date":"2019-11-01T14:08:14","date_gmt":"2019-11-01T14:08:14","guid":{"rendered":"http:\/\/localhost\/ins-test\/?post_type=product&#038;p=4727"},"modified":"2026-01-28T21:20:21","modified_gmt":"2026-01-28T20:20:21","slug":"chloroharpax-modesta-kleine-bluetenmantis","status":"publish","type":"product","link":"https:\/\/insektenliebe.com\/de\/shop\/produkt\/chloroharpax-modesta-kleine-bluetenmantis\/","title":{"rendered":"Chloroharpax modesta \"Kleine Bl\u00fctenmantis\""},"content":{"rendered":"<p>Kurzbeschreibung \u00fcber C. modesta:<\/p>\n<p><strong>Herkunft:<\/strong> <span class=\"st\">Afrika<br \/>\n<\/span><\/p>\n<p><strong>Temperatur:\u00a0<\/strong>22-28 \u00b0C<\/p>\n<p><strong>Gr\u00f6\u00dfe: <\/strong>3-4 cm<strong><br \/>\n<\/strong><\/p>\n<div class=\"vc_row wpb_row vc_row-fluid prrow\">\n<div class=\"wpb_column vc_column_container vc_col-sm-3\">\n<div class=\"vc_column-inner \">\n<div class=\"wpb_wrapper\">\n<div class=\"wpb_text_column wpb_content_element \">\n<div class=\"wpb_wrapper\">\n<p><strong>Nahrung:\u00a0<\/strong><\/p>\n<ul>\n<li>L1\/L2: Kleine Fruchtfliegen <em>Drosophila melanogaster<\/em><\/li>\n<li>L3\/L4: <a href=\"https:\/\/insektenliebe.com\/shop\/drosophila-hydei-grosse-fruchtfliege\/\">Gro\u00dfe Fruchtfliegen\u00a0<em>Drosophila hydei<\/em><\/a><\/li>\n<li>L5\/L6: Goldfliegen\u00a0<em>Lucilia sericata<\/em><\/li>\n<li>L7\/adult: Schmei\u00dffliegen\u00a0<em>Calliphora sp.<\/em><\/li>\n<\/ul>\n<p><strong>Terrarium:<\/strong><\/p>\n<p>Wir empfehlen eine <a href=\"https:\/\/insektenliebe.com\/shop\/braplast-dose-mit-doppelbelueftung\/\">BraPlast Dose mit Doppelbel\u00fcftung<\/a><\/p>\n<\/div>\n<\/div>\n<\/div>\n<\/div>\n<\/div>\n<\/div>\n","protected":false},"excerpt":{"rendered":"<p>Sch\u00f6ngezeichnete Blumenmantis.<\/p>\n","protected":false},"featured_media":4754,"template":"","meta":{"_acf_changed":false},"product-supplier":[],"product_brand":[],"product_cat":[218],"product_tag":[],"lce-checkout-addons":[1202],"class_list":{"0":"post-4727","1":"product","2":"type-product","3":"status-publish","4":"has-post-thumbnail","6":"product_cat-mantiden","7":"product_shipping_class-animal-shipping","8":"lce-checkout-addons-winterverpackung","10":"first","11":"outofstock","12":"taxable","13":"shipping-taxable","14":"product-type-variable","15":"has-default-attributes"},"acf":[],"yoast_head":"<!-- This site is optimized with the Yoast SEO plugin v27.3 - https:\/\/yoast.com\/product\/yoast-seo-wordpress\/ -->\n<title>Chloroharpax modesta &quot;Kleine Bl\u00fctenmantis&quot; - Insektenliebe<\/title>\n<meta name=\"description\" content=\"G\u00fcnstige Chloroharpax modesta &quot;Kleine Bl\u00fctenmantis&quot; online kaufen. Faszinierend aussehende Gottesanbeterin, die man direkt vom Z\u00fcchter kaufen kann!\" \/>\n<meta name=\"robots\" content=\"index, follow, max-snippet:-1, max-image-preview:large, max-video-preview:-1\" \/>\n<link rel=\"canonical\" href=\"https:\/\/insektenliebe.com\/de\/shop\/produkt\/chloroharpax-modesta-kleine-bluetenmantis\/\" \/>\n<meta property=\"og:locale\" content=\"de_DE\" \/>\n<meta property=\"og:type\" content=\"article\" \/>\n<meta property=\"og:title\" content=\"Chloroharpax modesta &quot;Kleine Bl\u00fctenmantis&quot; - Insektenliebe\" \/>\n<meta property=\"og:description\" content=\"G\u00fcnstige Chloroharpax modesta &quot;Kleine Bl\u00fctenmantis&quot; online kaufen. Faszinierend aussehende Gottesanbeterin, die man direkt vom Z\u00fcchter kaufen kann!\" \/>\n<meta property=\"og:url\" content=\"https:\/\/insektenliebe.com\/de\/shop\/produkt\/chloroharpax-modesta-kleine-bluetenmantis\/\" \/>\n<meta property=\"og:site_name\" content=\"Insektenliebe\" \/>\n<meta property=\"article:modified_time\" content=\"2026-01-28T20:20:21+00:00\" \/>\n<meta property=\"og:image\" content=\"https:\/\/insektenliebe.com\/wp-content\/uploads\/2025\/05\/Chloroharpax-modesta-2.jpg\" \/>\n\t<meta property=\"og:image:width\" content=\"1200\" \/>\n\t<meta property=\"og:image:height\" content=\"1237\" \/>\n\t<meta property=\"og:image:type\" content=\"image\/jpeg\" \/>\n<meta name=\"twitter:card\" content=\"summary_large_image\" \/>\n<meta name=\"twitter:label1\" content=\"Gesch\u00e4tzte Lesezeit\" \/>\n\t<meta name=\"twitter:data1\" content=\"1\u00a0Minute\" \/>\n<script type=\"application\/ld+json\" class=\"yoast-schema-graph\">{\"@context\":\"https:\\\/\\\/schema.org\",\"@graph\":[{\"@type\":\"WebPage\",\"@id\":\"https:\\\/\\\/insektenliebe.com\\\/de\\\/shop\\\/produkt\\\/chloroharpax-modesta-kleine-bluetenmantis\\\/\",\"url\":\"https:\\\/\\\/insektenliebe.com\\\/de\\\/shop\\\/produkt\\\/chloroharpax-modesta-kleine-bluetenmantis\\\/\",\"name\":\"Chloroharpax modesta \\\"Kleine Bl\u00fctenmantis\\\" - Insektenliebe\",\"isPartOf\":{\"@id\":\"https:\\\/\\\/insektenliebe.com\\\/de\\\/#website\"},\"primaryImageOfPage\":{\"@id\":\"https:\\\/\\\/insektenliebe.com\\\/de\\\/shop\\\/produkt\\\/chloroharpax-modesta-kleine-bluetenmantis\\\/#primaryimage\"},\"image\":{\"@id\":\"https:\\\/\\\/insektenliebe.com\\\/de\\\/shop\\\/produkt\\\/chloroharpax-modesta-kleine-bluetenmantis\\\/#primaryimage\"},\"thumbnailUrl\":\"https:\\\/\\\/insektenliebe.com\\\/wp-content\\\/uploads\\\/2025\\\/05\\\/Chloroharpax-modesta-2.jpg\",\"datePublished\":\"2019-11-01T14:08:14+00:00\",\"dateModified\":\"2026-01-28T20:20:21+00:00\",\"description\":\"G\u00fcnstige Chloroharpax modesta \\\"Kleine Bl\u00fctenmantis\\\" online kaufen. Faszinierend aussehende Gottesanbeterin, die man direkt vom Z\u00fcchter kaufen kann!\",\"breadcrumb\":{\"@id\":\"https:\\\/\\\/insektenliebe.com\\\/de\\\/shop\\\/produkt\\\/chloroharpax-modesta-kleine-bluetenmantis\\\/#breadcrumb\"},\"inLanguage\":\"de\",\"potentialAction\":[{\"@type\":\"ReadAction\",\"target\":[\"https:\\\/\\\/insektenliebe.com\\\/de\\\/shop\\\/produkt\\\/chloroharpax-modesta-kleine-bluetenmantis\\\/\"]}]},{\"@type\":\"ImageObject\",\"inLanguage\":\"de\",\"@id\":\"https:\\\/\\\/insektenliebe.com\\\/de\\\/shop\\\/produkt\\\/chloroharpax-modesta-kleine-bluetenmantis\\\/#primaryimage\",\"url\":\"https:\\\/\\\/insektenliebe.com\\\/wp-content\\\/uploads\\\/2025\\\/05\\\/Chloroharpax-modesta-2.jpg\",\"contentUrl\":\"https:\\\/\\\/insektenliebe.com\\\/wp-content\\\/uploads\\\/2025\\\/05\\\/Chloroharpax-modesta-2.jpg\",\"width\":1200,\"height\":1237,\"caption\":\"Chloroharpax-modesta-2.jpg\"},{\"@type\":\"BreadcrumbList\",\"@id\":\"https:\\\/\\\/insektenliebe.com\\\/de\\\/shop\\\/produkt\\\/chloroharpax-modesta-kleine-bluetenmantis\\\/#breadcrumb\",\"itemListElement\":[{\"@type\":\"ListItem\",\"position\":1,\"name\":\"Startseite\",\"item\":\"https:\\\/\\\/insektenliebe.com\\\/de\\\/\"},{\"@type\":\"ListItem\",\"position\":2,\"name\":\"Shop\",\"item\":\"https:\\\/\\\/insektenliebe.com\\\/de\\\/shop\\\/\"},{\"@type\":\"ListItem\",\"position\":3,\"name\":\"Chloroharpax modesta &#8222;Kleine Bl\u00fctenmantis&#8220;\"}]},{\"@type\":\"WebSite\",\"@id\":\"https:\\\/\\\/insektenliebe.com\\\/de\\\/#website\",\"url\":\"https:\\\/\\\/insektenliebe.com\\\/de\\\/\",\"name\":\"Insektenliebe\",\"description\":\"Dein Zuhause f\u00fcr die kleinen Lebewesen\",\"publisher\":{\"@id\":\"https:\\\/\\\/insektenliebe.com\\\/de\\\/#organization\"},\"potentialAction\":[{\"@type\":\"SearchAction\",\"target\":{\"@type\":\"EntryPoint\",\"urlTemplate\":\"https:\\\/\\\/insektenliebe.com\\\/de\\\/?s={search_term_string}\"},\"query-input\":{\"@type\":\"PropertyValueSpecification\",\"valueRequired\":true,\"valueName\":\"search_term_string\"}}],\"inLanguage\":\"de\"},{\"@type\":\"Organization\",\"@id\":\"https:\\\/\\\/insektenliebe.com\\\/de\\\/#organization\",\"name\":\"Insektenliebe\",\"url\":\"https:\\\/\\\/insektenliebe.com\\\/de\\\/\",\"logo\":{\"@type\":\"ImageObject\",\"inLanguage\":\"de\",\"@id\":\"https:\\\/\\\/insektenliebe.com\\\/de\\\/#\\\/schema\\\/logo\\\/image\\\/\",\"url\":\"https:\\\/\\\/insektenliebe.com\\\/wp-content\\\/uploads\\\/2025\\\/03\\\/logo-white.png\",\"contentUrl\":\"https:\\\/\\\/insektenliebe.com\\\/wp-content\\\/uploads\\\/2025\\\/03\\\/logo-white.png\",\"width\":288,\"height\":188,\"caption\":\"Insektenliebe\"},\"image\":{\"@id\":\"https:\\\/\\\/insektenliebe.com\\\/de\\\/#\\\/schema\\\/logo\\\/image\\\/\"}}]}<\/script>\n<!-- \/ Yoast SEO plugin. -->","yoast_head_json":{"title":"Chloroharpax modesta \"Kleine Bl\u00fctenmantis\" - Insektenliebe","description":"G\u00fcnstige Chloroharpax modesta \"Kleine Bl\u00fctenmantis\" online kaufen. Faszinierend aussehende Gottesanbeterin, die man direkt vom Z\u00fcchter kaufen kann!","robots":{"index":"index","follow":"follow","max-snippet":"max-snippet:-1","max-image-preview":"max-image-preview:large","max-video-preview":"max-video-preview:-1"},"canonical":"https:\/\/insektenliebe.com\/de\/shop\/produkt\/chloroharpax-modesta-kleine-bluetenmantis\/","og_locale":"de_DE","og_type":"article","og_title":"Chloroharpax modesta \"Kleine Bl\u00fctenmantis\" - Insektenliebe","og_description":"G\u00fcnstige Chloroharpax modesta \"Kleine Bl\u00fctenmantis\" online kaufen. Faszinierend aussehende Gottesanbeterin, die man direkt vom Z\u00fcchter kaufen kann!","og_url":"https:\/\/insektenliebe.com\/de\/shop\/produkt\/chloroharpax-modesta-kleine-bluetenmantis\/","og_site_name":"Insektenliebe","article_modified_time":"2026-01-28T20:20:21+00:00","og_image":[{"width":1200,"height":1237,"url":"https:\/\/insektenliebe.com\/wp-content\/uploads\/2025\/05\/Chloroharpax-modesta-2.jpg","type":"image\/jpeg"}],"twitter_card":"summary_large_image","twitter_misc":{"Gesch\u00e4tzte Lesezeit":"1\u00a0Minute"},"schema":{"@context":"https:\/\/schema.org","@graph":[{"@type":"WebPage","@id":"https:\/\/insektenliebe.com\/de\/shop\/produkt\/chloroharpax-modesta-kleine-bluetenmantis\/","url":"https:\/\/insektenliebe.com\/de\/shop\/produkt\/chloroharpax-modesta-kleine-bluetenmantis\/","name":"Chloroharpax modesta \"Kleine Bl\u00fctenmantis\" - Insektenliebe","isPartOf":{"@id":"https:\/\/insektenliebe.com\/de\/#website"},"primaryImageOfPage":{"@id":"https:\/\/insektenliebe.com\/de\/shop\/produkt\/chloroharpax-modesta-kleine-bluetenmantis\/#primaryimage"},"image":{"@id":"https:\/\/insektenliebe.com\/de\/shop\/produkt\/chloroharpax-modesta-kleine-bluetenmantis\/#primaryimage"},"thumbnailUrl":"https:\/\/insektenliebe.com\/wp-content\/uploads\/2025\/05\/Chloroharpax-modesta-2.jpg","datePublished":"2019-11-01T14:08:14+00:00","dateModified":"2026-01-28T20:20:21+00:00","description":"G\u00fcnstige Chloroharpax modesta \"Kleine Bl\u00fctenmantis\" online kaufen. Faszinierend aussehende Gottesanbeterin, die man direkt vom Z\u00fcchter kaufen kann!","breadcrumb":{"@id":"https:\/\/insektenliebe.com\/de\/shop\/produkt\/chloroharpax-modesta-kleine-bluetenmantis\/#breadcrumb"},"inLanguage":"de","potentialAction":[{"@type":"ReadAction","target":["https:\/\/insektenliebe.com\/de\/shop\/produkt\/chloroharpax-modesta-kleine-bluetenmantis\/"]}]},{"@type":"ImageObject","inLanguage":"de","@id":"https:\/\/insektenliebe.com\/de\/shop\/produkt\/chloroharpax-modesta-kleine-bluetenmantis\/#primaryimage","url":"https:\/\/insektenliebe.com\/wp-content\/uploads\/2025\/05\/Chloroharpax-modesta-2.jpg","contentUrl":"https:\/\/insektenliebe.com\/wp-content\/uploads\/2025\/05\/Chloroharpax-modesta-2.jpg","width":1200,"height":1237,"caption":"Chloroharpax-modesta-2.jpg"},{"@type":"BreadcrumbList","@id":"https:\/\/insektenliebe.com\/de\/shop\/produkt\/chloroharpax-modesta-kleine-bluetenmantis\/#breadcrumb","itemListElement":[{"@type":"ListItem","position":1,"name":"Startseite","item":"https:\/\/insektenliebe.com\/de\/"},{"@type":"ListItem","position":2,"name":"Shop","item":"https:\/\/insektenliebe.com\/de\/shop\/"},{"@type":"ListItem","position":3,"name":"Chloroharpax modesta &#8222;Kleine Bl\u00fctenmantis&#8220;"}]},{"@type":"WebSite","@id":"https:\/\/insektenliebe.com\/de\/#website","url":"https:\/\/insektenliebe.com\/de\/","name":"Insektenliebe","description":"Dein Zuhause f\u00fcr die kleinen Lebewesen","publisher":{"@id":"https:\/\/insektenliebe.com\/de\/#organization"},"potentialAction":[{"@type":"SearchAction","target":{"@type":"EntryPoint","urlTemplate":"https:\/\/insektenliebe.com\/de\/?s={search_term_string}"},"query-input":{"@type":"PropertyValueSpecification","valueRequired":true,"valueName":"search_term_string"}}],"inLanguage":"de"},{"@type":"Organization","@id":"https:\/\/insektenliebe.com\/de\/#organization","name":"Insektenliebe","url":"https:\/\/insektenliebe.com\/de\/","logo":{"@type":"ImageObject","inLanguage":"de","@id":"https:\/\/insektenliebe.com\/de\/#\/schema\/logo\/image\/","url":"https:\/\/insektenliebe.com\/wp-content\/uploads\/2025\/03\/logo-white.png","contentUrl":"https:\/\/insektenliebe.com\/wp-content\/uploads\/2025\/03\/logo-white.png","width":288,"height":188,"caption":"Insektenliebe"},"image":{"@id":"https:\/\/insektenliebe.com\/de\/#\/schema\/logo\/image\/"}}]}},"_links":{"self":[{"href":"https:\/\/insektenliebe.com\/de\/wp-json\/wp\/v2\/product\/4727","targetHints":{"allow":["GET"]}}],"collection":[{"href":"https:\/\/insektenliebe.com\/de\/wp-json\/wp\/v2\/product"}],"about":[{"href":"https:\/\/insektenliebe.com\/de\/wp-json\/wp\/v2\/types\/product"}],"wp:featuredmedia":[{"embeddable":true,"href":"https:\/\/insektenliebe.com\/de\/wp-json\/wp\/v2\/media\/4754"}],"wp:attachment":[{"href":"https:\/\/insektenliebe.com\/de\/wp-json\/wp\/v2\/media?parent=4727"}],"wp:term":[{"taxonomy":"product-supplier","embeddable":true,"href":"https:\/\/insektenliebe.com\/de\/wp-json\/wp\/v2\/product-supplier?post=4727"},{"taxonomy":"product_brand","embeddable":true,"href":"https:\/\/insektenliebe.com\/de\/wp-json\/wp\/v2\/product_brand?post=4727"},{"taxonomy":"product_cat","embeddable":true,"href":"https:\/\/insektenliebe.com\/de\/wp-json\/wp\/v2\/product_cat?post=4727"},{"taxonomy":"product_tag","embeddable":true,"href":"https:\/\/insektenliebe.com\/de\/wp-json\/wp\/v2\/product_tag?post=4727"},{"taxonomy":"lce-checkout-addons","embeddable":true,"href":"https:\/\/insektenliebe.com\/de\/wp-json\/wp\/v2\/lce-checkout-addons?post=4727"}],"curies":[{"name":"wp","href":"https:\/\/api.w.org\/{rel}","templated":true}]}}