{"id":4722,"date":"2019-10-20T05:31:20","date_gmt":"2019-10-20T05:31:20","guid":{"rendered":"http:\/\/localhost\/ins-test\/?post_type=product&#038;p=4722"},"modified":"2026-01-29T08:27:46","modified_gmt":"2026-01-29T07:27:46","slug":"archimandrita-tesselata-pfefferschabe","status":"publish","type":"product","link":"https:\/\/insektenliebe.com\/de\/shop\/produkt\/archimandrita-tesselata-pfefferschabe\/","title":{"rendered":"Archimandrita tesselata \"Pfefferschabe\""},"content":{"rendered":"<h3><span style=\"color: #99cc33\">Kurzbeschreibung Archimandrita tesselata \"Pfefferschabe\":<\/span><\/h3>\n<p>Pfefferschaben sind eindrucksvolle Tiere, die nicht nur wegen ihrer K\u00f6rpergr\u00f6\u00dfe beeindrucken. Bei Gefahr sto\u00dfen sie ein nach Pfeffer riechendes Abwehrsekret aus, dass ihre Namensgebung rechtfertigt. Adulte Tiere leben nach der Reifeh\u00e4utung 2 weitere Jahre lang, was bei Schaben eine Seltenheit ist.<\/p>\n<p>Das Substrat spielt bei dieser Art eine entscheidende Rolle. Die Nymphen vergraben sich bis zur Reifeh\u00e4utung darin und ern\u00e4hren sich vor allem von wei\u00dffaulem Holz und Laub. Die Zucht von <strong>Archimandrita tesselata \"Pfefferschabe\"<\/strong> ist unkompliziert. Allerdings dauert die Entwicklungszeit relativ lange und daher eignen sie sich nur bedingt als Futtertier.<\/p>\n<p>Einmal pro Woche kann man den Tieren Gem\u00fcse und Obst anbieten. Am besten legt man das Futter einfach auf den Bodengrund. So haben auch die Nymphen die Gelegenheit, sich daran zu bedienen. Das Substrat sollte nie komplett austrocknen. Daher spr\u00fcht man am besten w\u00f6chentlich den Bodengrund kr\u00e4ftig ein. Eine Luftfeuchtigkeit von 60 % ist bei dieser Art ausreichend.<\/p>\n","protected":false},"excerpt":{"rendered":"<p>Kurzbeschreibung Archimandrita tesselata \"Pfefferschabe\": Pfefferschaben sind eindrucksvolle Tiere, die nicht nur wegen ihrer K\u00f6rpergr\u00f6\u00dfe beeindrucken. Bei Gefahr sto\u00dfen sie ein nach Pfeffer riechendes Abwehrsekret aus, dass ihre Namensgebung rechtfertigt. Adulte Tiere leben nach der Reifeh\u00e4utung 2 weitere Jahre lang, was bei Schaben eine Seltenheit ist. Das Substrat spielt bei dieser Art eine entscheidende Rolle. Die [&hellip;]<\/p>\n","protected":false},"featured_media":4749,"template":"","meta":{"_acf_changed":false},"product-supplier":[],"product_brand":[],"product_cat":[214],"product_tag":[],"lce-checkout-addons":[1202],"class_list":{"0":"post-4722","1":"product","2":"type-product","3":"status-publish","4":"has-post-thumbnail","6":"product_cat-schaben","7":"product_shipping_class-animal-shipping","8":"pa_herkunft-kosmopolitisch","9":"pa_kontinent-suedamerika","10":"lce-checkout-addons-winterverpackung","12":"first","13":"outofstock","14":"taxable","15":"shipping-taxable","16":"product-type-variable","17":"has-default-attributes"},"acf":[],"yoast_head":"<!-- This site is optimized with the Yoast SEO plugin v27.3 - https:\/\/yoast.com\/product\/yoast-seo-wordpress\/ -->\n<title>Archimandrita tesselata &quot;Pfefferschabe&quot; - Insektenliebe<\/title>\n<meta name=\"description\" content=\"G\u00fcnstige Archimandrita tesselata online kaufen. Diese sehr gro\u00dfe s\u00fcdamerikanische Schabenart, kann man hier direkt vom Z\u00fcchter kaufen.\" \/>\n<meta name=\"robots\" content=\"index, follow, max-snippet:-1, max-image-preview:large, max-video-preview:-1\" \/>\n<link rel=\"canonical\" href=\"https:\/\/insektenliebe.com\/de\/shop\/produkt\/archimandrita-tesselata-pfefferschabe\/\" \/>\n<meta property=\"og:locale\" content=\"de_DE\" \/>\n<meta property=\"og:type\" content=\"article\" \/>\n<meta property=\"og:title\" content=\"Archimandrita tesselata &quot;Pfefferschabe&quot; - Insektenliebe\" \/>\n<meta property=\"og:description\" content=\"G\u00fcnstige Archimandrita tesselata online kaufen. Diese sehr gro\u00dfe s\u00fcdamerikanische Schabenart, kann man hier direkt vom Z\u00fcchter kaufen.\" \/>\n<meta property=\"og:url\" content=\"https:\/\/insektenliebe.com\/de\/shop\/produkt\/archimandrita-tesselata-pfefferschabe\/\" \/>\n<meta property=\"og:site_name\" content=\"Insektenliebe\" \/>\n<meta property=\"article:modified_time\" content=\"2026-01-29T07:27:46+00:00\" \/>\n<meta property=\"og:image\" content=\"https:\/\/insektenliebe.com\/wp-content\/uploads\/2025\/05\/Archimandrita-tesselata-22Pfefferschabe22-2.jpg\" \/>\n\t<meta property=\"og:image:width\" content=\"2560\" \/>\n\t<meta property=\"og:image:height\" content=\"2560\" \/>\n\t<meta property=\"og:image:type\" content=\"image\/jpeg\" \/>\n<meta name=\"twitter:card\" content=\"summary_large_image\" \/>\n<meta name=\"twitter:label1\" content=\"Gesch\u00e4tzte Lesezeit\" \/>\n\t<meta name=\"twitter:data1\" content=\"2\u00a0Minuten\" \/>\n<script type=\"application\/ld+json\" class=\"yoast-schema-graph\">{\"@context\":\"https:\\\/\\\/schema.org\",\"@graph\":[{\"@type\":\"WebPage\",\"@id\":\"https:\\\/\\\/insektenliebe.com\\\/de\\\/shop\\\/produkt\\\/archimandrita-tesselata-pfefferschabe\\\/\",\"url\":\"https:\\\/\\\/insektenliebe.com\\\/de\\\/shop\\\/produkt\\\/archimandrita-tesselata-pfefferschabe\\\/\",\"name\":\"Archimandrita tesselata \\\"Pfefferschabe\\\" - Insektenliebe\",\"isPartOf\":{\"@id\":\"https:\\\/\\\/insektenliebe.com\\\/de\\\/#website\"},\"primaryImageOfPage\":{\"@id\":\"https:\\\/\\\/insektenliebe.com\\\/de\\\/shop\\\/produkt\\\/archimandrita-tesselata-pfefferschabe\\\/#primaryimage\"},\"image\":{\"@id\":\"https:\\\/\\\/insektenliebe.com\\\/de\\\/shop\\\/produkt\\\/archimandrita-tesselata-pfefferschabe\\\/#primaryimage\"},\"thumbnailUrl\":\"https:\\\/\\\/insektenliebe.com\\\/wp-content\\\/uploads\\\/2025\\\/05\\\/Archimandrita-tesselata-22Pfefferschabe22-2.jpg\",\"datePublished\":\"2019-10-20T05:31:20+00:00\",\"dateModified\":\"2026-01-29T07:27:46+00:00\",\"description\":\"G\u00fcnstige Archimandrita tesselata online kaufen. Diese sehr gro\u00dfe s\u00fcdamerikanische Schabenart, kann man hier direkt vom Z\u00fcchter kaufen.\",\"breadcrumb\":{\"@id\":\"https:\\\/\\\/insektenliebe.com\\\/de\\\/shop\\\/produkt\\\/archimandrita-tesselata-pfefferschabe\\\/#breadcrumb\"},\"inLanguage\":\"de\",\"potentialAction\":[{\"@type\":\"ReadAction\",\"target\":[\"https:\\\/\\\/insektenliebe.com\\\/de\\\/shop\\\/produkt\\\/archimandrita-tesselata-pfefferschabe\\\/\"]}]},{\"@type\":\"ImageObject\",\"inLanguage\":\"de\",\"@id\":\"https:\\\/\\\/insektenliebe.com\\\/de\\\/shop\\\/produkt\\\/archimandrita-tesselata-pfefferschabe\\\/#primaryimage\",\"url\":\"https:\\\/\\\/insektenliebe.com\\\/wp-content\\\/uploads\\\/2025\\\/05\\\/Archimandrita-tesselata-22Pfefferschabe22-2.jpg\",\"contentUrl\":\"https:\\\/\\\/insektenliebe.com\\\/wp-content\\\/uploads\\\/2025\\\/05\\\/Archimandrita-tesselata-22Pfefferschabe22-2.jpg\",\"width\":2560,\"height\":2560,\"caption\":\"Archimandrita-tesselata-22Pfefferschabe22-2.jpg\"},{\"@type\":\"BreadcrumbList\",\"@id\":\"https:\\\/\\\/insektenliebe.com\\\/de\\\/shop\\\/produkt\\\/archimandrita-tesselata-pfefferschabe\\\/#breadcrumb\",\"itemListElement\":[{\"@type\":\"ListItem\",\"position\":1,\"name\":\"Startseite\",\"item\":\"https:\\\/\\\/insektenliebe.com\\\/de\\\/\"},{\"@type\":\"ListItem\",\"position\":2,\"name\":\"Shop\",\"item\":\"https:\\\/\\\/insektenliebe.com\\\/de\\\/shop\\\/\"},{\"@type\":\"ListItem\",\"position\":3,\"name\":\"Archimandrita tesselata &#8222;Pfefferschabe&#8220;\"}]},{\"@type\":\"WebSite\",\"@id\":\"https:\\\/\\\/insektenliebe.com\\\/de\\\/#website\",\"url\":\"https:\\\/\\\/insektenliebe.com\\\/de\\\/\",\"name\":\"Insektenliebe\",\"description\":\"Dein Zuhause f\u00fcr die kleinen Lebewesen\",\"publisher\":{\"@id\":\"https:\\\/\\\/insektenliebe.com\\\/de\\\/#organization\"},\"potentialAction\":[{\"@type\":\"SearchAction\",\"target\":{\"@type\":\"EntryPoint\",\"urlTemplate\":\"https:\\\/\\\/insektenliebe.com\\\/de\\\/?s={search_term_string}\"},\"query-input\":{\"@type\":\"PropertyValueSpecification\",\"valueRequired\":true,\"valueName\":\"search_term_string\"}}],\"inLanguage\":\"de\"},{\"@type\":\"Organization\",\"@id\":\"https:\\\/\\\/insektenliebe.com\\\/de\\\/#organization\",\"name\":\"Insektenliebe\",\"url\":\"https:\\\/\\\/insektenliebe.com\\\/de\\\/\",\"logo\":{\"@type\":\"ImageObject\",\"inLanguage\":\"de\",\"@id\":\"https:\\\/\\\/insektenliebe.com\\\/de\\\/#\\\/schema\\\/logo\\\/image\\\/\",\"url\":\"https:\\\/\\\/insektenliebe.com\\\/wp-content\\\/uploads\\\/2025\\\/03\\\/logo-white.png\",\"contentUrl\":\"https:\\\/\\\/insektenliebe.com\\\/wp-content\\\/uploads\\\/2025\\\/03\\\/logo-white.png\",\"width\":288,\"height\":188,\"caption\":\"Insektenliebe\"},\"image\":{\"@id\":\"https:\\\/\\\/insektenliebe.com\\\/de\\\/#\\\/schema\\\/logo\\\/image\\\/\"}}]}<\/script>\n<!-- \/ Yoast SEO plugin. -->","yoast_head_json":{"title":"Archimandrita tesselata \"Pfefferschabe\" - Insektenliebe","description":"G\u00fcnstige Archimandrita tesselata online kaufen. Diese sehr gro\u00dfe s\u00fcdamerikanische Schabenart, kann man hier direkt vom Z\u00fcchter kaufen.","robots":{"index":"index","follow":"follow","max-snippet":"max-snippet:-1","max-image-preview":"max-image-preview:large","max-video-preview":"max-video-preview:-1"},"canonical":"https:\/\/insektenliebe.com\/de\/shop\/produkt\/archimandrita-tesselata-pfefferschabe\/","og_locale":"de_DE","og_type":"article","og_title":"Archimandrita tesselata \"Pfefferschabe\" - Insektenliebe","og_description":"G\u00fcnstige Archimandrita tesselata online kaufen. Diese sehr gro\u00dfe s\u00fcdamerikanische Schabenart, kann man hier direkt vom Z\u00fcchter kaufen.","og_url":"https:\/\/insektenliebe.com\/de\/shop\/produkt\/archimandrita-tesselata-pfefferschabe\/","og_site_name":"Insektenliebe","article_modified_time":"2026-01-29T07:27:46+00:00","og_image":[{"width":2560,"height":2560,"url":"https:\/\/insektenliebe.com\/wp-content\/uploads\/2025\/05\/Archimandrita-tesselata-22Pfefferschabe22-2.jpg","type":"image\/jpeg"}],"twitter_card":"summary_large_image","twitter_misc":{"Gesch\u00e4tzte Lesezeit":"2\u00a0Minuten"},"schema":{"@context":"https:\/\/schema.org","@graph":[{"@type":"WebPage","@id":"https:\/\/insektenliebe.com\/de\/shop\/produkt\/archimandrita-tesselata-pfefferschabe\/","url":"https:\/\/insektenliebe.com\/de\/shop\/produkt\/archimandrita-tesselata-pfefferschabe\/","name":"Archimandrita tesselata \"Pfefferschabe\" - Insektenliebe","isPartOf":{"@id":"https:\/\/insektenliebe.com\/de\/#website"},"primaryImageOfPage":{"@id":"https:\/\/insektenliebe.com\/de\/shop\/produkt\/archimandrita-tesselata-pfefferschabe\/#primaryimage"},"image":{"@id":"https:\/\/insektenliebe.com\/de\/shop\/produkt\/archimandrita-tesselata-pfefferschabe\/#primaryimage"},"thumbnailUrl":"https:\/\/insektenliebe.com\/wp-content\/uploads\/2025\/05\/Archimandrita-tesselata-22Pfefferschabe22-2.jpg","datePublished":"2019-10-20T05:31:20+00:00","dateModified":"2026-01-29T07:27:46+00:00","description":"G\u00fcnstige Archimandrita tesselata online kaufen. Diese sehr gro\u00dfe s\u00fcdamerikanische Schabenart, kann man hier direkt vom Z\u00fcchter kaufen.","breadcrumb":{"@id":"https:\/\/insektenliebe.com\/de\/shop\/produkt\/archimandrita-tesselata-pfefferschabe\/#breadcrumb"},"inLanguage":"de","potentialAction":[{"@type":"ReadAction","target":["https:\/\/insektenliebe.com\/de\/shop\/produkt\/archimandrita-tesselata-pfefferschabe\/"]}]},{"@type":"ImageObject","inLanguage":"de","@id":"https:\/\/insektenliebe.com\/de\/shop\/produkt\/archimandrita-tesselata-pfefferschabe\/#primaryimage","url":"https:\/\/insektenliebe.com\/wp-content\/uploads\/2025\/05\/Archimandrita-tesselata-22Pfefferschabe22-2.jpg","contentUrl":"https:\/\/insektenliebe.com\/wp-content\/uploads\/2025\/05\/Archimandrita-tesselata-22Pfefferschabe22-2.jpg","width":2560,"height":2560,"caption":"Archimandrita-tesselata-22Pfefferschabe22-2.jpg"},{"@type":"BreadcrumbList","@id":"https:\/\/insektenliebe.com\/de\/shop\/produkt\/archimandrita-tesselata-pfefferschabe\/#breadcrumb","itemListElement":[{"@type":"ListItem","position":1,"name":"Startseite","item":"https:\/\/insektenliebe.com\/de\/"},{"@type":"ListItem","position":2,"name":"Shop","item":"https:\/\/insektenliebe.com\/de\/shop\/"},{"@type":"ListItem","position":3,"name":"Archimandrita tesselata &#8222;Pfefferschabe&#8220;"}]},{"@type":"WebSite","@id":"https:\/\/insektenliebe.com\/de\/#website","url":"https:\/\/insektenliebe.com\/de\/","name":"Insektenliebe","description":"Dein Zuhause f\u00fcr die kleinen Lebewesen","publisher":{"@id":"https:\/\/insektenliebe.com\/de\/#organization"},"potentialAction":[{"@type":"SearchAction","target":{"@type":"EntryPoint","urlTemplate":"https:\/\/insektenliebe.com\/de\/?s={search_term_string}"},"query-input":{"@type":"PropertyValueSpecification","valueRequired":true,"valueName":"search_term_string"}}],"inLanguage":"de"},{"@type":"Organization","@id":"https:\/\/insektenliebe.com\/de\/#organization","name":"Insektenliebe","url":"https:\/\/insektenliebe.com\/de\/","logo":{"@type":"ImageObject","inLanguage":"de","@id":"https:\/\/insektenliebe.com\/de\/#\/schema\/logo\/image\/","url":"https:\/\/insektenliebe.com\/wp-content\/uploads\/2025\/03\/logo-white.png","contentUrl":"https:\/\/insektenliebe.com\/wp-content\/uploads\/2025\/03\/logo-white.png","width":288,"height":188,"caption":"Insektenliebe"},"image":{"@id":"https:\/\/insektenliebe.com\/de\/#\/schema\/logo\/image\/"}}]}},"_links":{"self":[{"href":"https:\/\/insektenliebe.com\/de\/wp-json\/wp\/v2\/product\/4722","targetHints":{"allow":["GET"]}}],"collection":[{"href":"https:\/\/insektenliebe.com\/de\/wp-json\/wp\/v2\/product"}],"about":[{"href":"https:\/\/insektenliebe.com\/de\/wp-json\/wp\/v2\/types\/product"}],"wp:featuredmedia":[{"embeddable":true,"href":"https:\/\/insektenliebe.com\/de\/wp-json\/wp\/v2\/media\/4749"}],"wp:attachment":[{"href":"https:\/\/insektenliebe.com\/de\/wp-json\/wp\/v2\/media?parent=4722"}],"wp:term":[{"taxonomy":"product-supplier","embeddable":true,"href":"https:\/\/insektenliebe.com\/de\/wp-json\/wp\/v2\/product-supplier?post=4722"},{"taxonomy":"product_brand","embeddable":true,"href":"https:\/\/insektenliebe.com\/de\/wp-json\/wp\/v2\/product_brand?post=4722"},{"taxonomy":"product_cat","embeddable":true,"href":"https:\/\/insektenliebe.com\/de\/wp-json\/wp\/v2\/product_cat?post=4722"},{"taxonomy":"product_tag","embeddable":true,"href":"https:\/\/insektenliebe.com\/de\/wp-json\/wp\/v2\/product_tag?post=4722"},{"taxonomy":"lce-checkout-addons","embeddable":true,"href":"https:\/\/insektenliebe.com\/de\/wp-json\/wp\/v2\/lce-checkout-addons?post=4722"}],"curies":[{"name":"wp","href":"https:\/\/api.w.org\/{rel}","templated":true}]}}