{"id":4719,"date":"2019-10-18T15:45:00","date_gmt":"2019-10-18T13:45:00","guid":{"rendered":"http:\/\/localhost\/ins-test\/?post_type=product&#038;p=4719"},"modified":"2026-03-27T14:30:27","modified_gmt":"2026-03-27T13:30:27","slug":"telodeinopus-aoutii","status":"publish","type":"product","link":"https:\/\/insektenliebe.com\/de\/shop\/produkt\/telodeinopus-aoutii\/","title":{"rendered":"Telodeinopus aoutii"},"content":{"rendered":"<h3><span style=\"color: #99cc33;\">Kurzbeschreibung:<\/span><\/h3>\n<p class=\"font_8\">Telodeinopus aoutii geh\u00f6rt mit seinen bis zu 18 cm zu den mittelgro\u00dfen Arten. Urspr\u00fcnglich kommt T. aoutii aus Togo und Ghana. Zu der \u201enormalen\u201c F\u00e4rbung der Tiere gibt es auch noch einen gr\u00fcnen Zuchtstamm. Die Art kann ein Alter von bis zu 5 Jahren erreichen. Mit 2-3 Jahren sind sie adult und somit geschlechtsreif. Die Art ist mittlerweile regelm\u00e4\u00dfig als Nachzucht im Handel erh\u00e4ltlich, Sie eignen sich hervorragend als Einsteigerart und sind unproblematisch in der Nachzucht.<\/p>\n<p class=\"font_8\">Die Beine und der K\u00f6rper von Telodeinopus aoutii sind hell- und dunkelbraun geringelt, manchmal auch ins Gr\u00fcnliche gehend. Seine Antennen sind dunkelbraun, der Kopf, sowie die Analklappe sind etwas heller. T. aoutii wirkt mit seinen bis zu 18 cm L\u00e4nge und dem schlanken K\u00f6rper sehr grazil. Besonders auff\u00e4llig sind bei dieser Art die sehr langen Beine.<\/p>\n<p class=\"font_8\">Die Grundfl\u00e4che f\u00fcr ein Terrarium f\u00fcr Telodeinopus aoutii sollte 50 cm x 30 cm nicht unterschreiten. Das Substrat sollte mindestens 10 cm hoch eingestreut sein, besser mehr. Temperaturen um die 23\u00b0C haben sich bei dieser Art genauso bew\u00e4hrt, wie eine Luftfeuchtigkeit von 80-90 %. Die Tiere sind, wie fast alle Tausendf\u00fc\u00dferarten, \u00fcberwiegend d\u00e4mmerungs- und nachtaktiv. Deshalb kann auf eine zus\u00e4tzliche Beleuchtung verzichtet werden. Die W\u00e4rme sollte immer von oben in das Terrarium eingebracht werde.<\/p>\n<p class=\"font_8\">Um die Feuchtigkeit im Substrat zu halten, kann man es mit Rinde, Moosen oder Laub abdecken. Telodeinopus aoutii vergr\u00e4bt sich nur selten. Vielmehr sucht er sich Verstecke unter Rindenst\u00fccken oder in kleinen H\u00f6hlen. Die Art ist ein guter Kletterer, weshalb entsprechende \u00c4ste daf\u00fcr nicht fehlen d\u00fcrfen. Gem\u00fcse, Obst, Pellets, Bl\u00fcten und vieles mehr k\u00f6nnen als Futter angeboten werden und werden auch gerne angenommen.<\/p>\n<div style=\"width: 1920px;\" class=\"wp-video\"><video class=\"wp-video-shortcode\" id=\"video-4719-1\" width=\"1920\" height=\"1080\" preload=\"metadata\" controls=\"controls\"><source type=\"video\/mp4\" src=\"https:\/\/insektenliebe.com\/wp-content\/uploads\/2019\/10\/Telodeinopus-aoutii-Produktvideo.mp4?_=1\" \/><a href=\"https:\/\/insektenliebe.com\/wp-content\/uploads\/2019\/10\/Telodeinopus-aoutii-Produktvideo.mp4\">https:\/\/insektenliebe.com\/wp-content\/uploads\/2019\/10\/Telodeinopus-aoutii-Produktvideo.mp4<\/a><\/video><\/div>\n","protected":false},"excerpt":{"rendered":"<p>Kurzbeschreibung: Telodeinopus aoutii geh\u00f6rt mit seinen bis zu 18 cm zu den mittelgro\u00dfen Arten. Urspr\u00fcnglich kommt T. aoutii aus Togo und Ghana. Zu der \u201enormalen\u201c F\u00e4rbung der Tiere gibt es auch noch einen gr\u00fcnen Zuchtstamm. Die Art kann ein Alter von bis zu 5 Jahren erreichen. Mit 2-3 Jahren sind sie adult und somit geschlechtsreif. [&hellip;]<\/p>\n","protected":false},"featured_media":179239,"template":"","meta":{"_acf_changed":false},"product-supplier":[],"product_brand":[],"product_cat":[144],"product_tag":[],"lce-checkout-addons":[1202],"class_list":{"0":"post-4719","1":"product","2":"type-product","3":"status-publish","4":"has-post-thumbnail","6":"product_cat-tausendfuesser","7":"product_shipping_class-animal-shipping","8":"pa_herkunft-ghana","9":"pa_kontinent-afrika","10":"lce-checkout-addons-winterverpackung","12":"first","13":"instock","14":"taxable","15":"shipping-taxable","16":"purchasable","17":"product-type-simple"},"acf":[],"yoast_head":"<!-- This site is optimized with the Yoast SEO plugin v27.3 - https:\/\/yoast.com\/product\/yoast-seo-wordpress\/ -->\n<title>Telodeinopus aoutii - Insektenliebe<\/title>\n<meta name=\"description\" content=\"G\u00fcnstige Telodeinopus aoutii online kaufen. Wundersch\u00f6n geb\u00e4nderter Tausendf\u00fc\u00dfer, der sehr einfach in der Haltung ist. Direkt vom Z\u00fcchter kaufen\" \/>\n<meta name=\"robots\" content=\"index, follow, max-snippet:-1, max-image-preview:large, max-video-preview:-1\" \/>\n<link rel=\"canonical\" href=\"https:\/\/insektenliebe.com\/de\/shop\/produkt\/telodeinopus-aoutii\/\" \/>\n<meta property=\"og:locale\" content=\"de_DE\" \/>\n<meta property=\"og:type\" content=\"article\" \/>\n<meta property=\"og:title\" content=\"Telodeinopus aoutii - Insektenliebe\" \/>\n<meta property=\"og:description\" content=\"G\u00fcnstige Telodeinopus aoutii online kaufen. Wundersch\u00f6n geb\u00e4nderter Tausendf\u00fc\u00dfer, der sehr einfach in der Haltung ist. Direkt vom Z\u00fcchter kaufen\" \/>\n<meta property=\"og:url\" content=\"https:\/\/insektenliebe.com\/de\/shop\/produkt\/telodeinopus-aoutii\/\" \/>\n<meta property=\"og:site_name\" content=\"Insektenliebe\" \/>\n<meta property=\"article:modified_time\" content=\"2026-03-27T13:30:27+00:00\" \/>\n<meta property=\"og:image\" content=\"https:\/\/insektenliebe.com\/wp-content\/uploads\/2019\/10\/Telodeinopus-aoutii-3.jpg\" \/>\n\t<meta property=\"og:image:width\" content=\"820\" \/>\n\t<meta property=\"og:image:height\" content=\"820\" \/>\n\t<meta property=\"og:image:type\" content=\"image\/jpeg\" \/>\n<meta name=\"twitter:card\" content=\"summary_large_image\" \/>\n<meta name=\"twitter:label1\" content=\"Gesch\u00e4tzte Lesezeit\" \/>\n\t<meta name=\"twitter:data1\" content=\"2\u00a0Minuten\" \/>\n<script type=\"application\/ld+json\" class=\"yoast-schema-graph\">{\"@context\":\"https:\\\/\\\/schema.org\",\"@graph\":[{\"@type\":\"WebPage\",\"@id\":\"https:\\\/\\\/insektenliebe.com\\\/de\\\/shop\\\/produkt\\\/telodeinopus-aoutii\\\/\",\"url\":\"https:\\\/\\\/insektenliebe.com\\\/de\\\/shop\\\/produkt\\\/telodeinopus-aoutii\\\/\",\"name\":\"Telodeinopus aoutii - Insektenliebe\",\"isPartOf\":{\"@id\":\"https:\\\/\\\/insektenliebe.com\\\/de\\\/#website\"},\"primaryImageOfPage\":{\"@id\":\"https:\\\/\\\/insektenliebe.com\\\/de\\\/shop\\\/produkt\\\/telodeinopus-aoutii\\\/#primaryimage\"},\"image\":{\"@id\":\"https:\\\/\\\/insektenliebe.com\\\/de\\\/shop\\\/produkt\\\/telodeinopus-aoutii\\\/#primaryimage\"},\"thumbnailUrl\":\"https:\\\/\\\/insektenliebe.com\\\/wp-content\\\/uploads\\\/2019\\\/10\\\/Telodeinopus-aoutii-3.jpg\",\"datePublished\":\"2019-10-18T13:45:00+00:00\",\"dateModified\":\"2026-03-27T13:30:27+00:00\",\"description\":\"G\u00fcnstige Telodeinopus aoutii online kaufen. Wundersch\u00f6n geb\u00e4nderter Tausendf\u00fc\u00dfer, der sehr einfach in der Haltung ist. Direkt vom Z\u00fcchter kaufen\",\"breadcrumb\":{\"@id\":\"https:\\\/\\\/insektenliebe.com\\\/de\\\/shop\\\/produkt\\\/telodeinopus-aoutii\\\/#breadcrumb\"},\"inLanguage\":\"de\",\"potentialAction\":[{\"@type\":\"ReadAction\",\"target\":[\"https:\\\/\\\/insektenliebe.com\\\/de\\\/shop\\\/produkt\\\/telodeinopus-aoutii\\\/\"]}]},{\"@type\":\"ImageObject\",\"inLanguage\":\"de\",\"@id\":\"https:\\\/\\\/insektenliebe.com\\\/de\\\/shop\\\/produkt\\\/telodeinopus-aoutii\\\/#primaryimage\",\"url\":\"https:\\\/\\\/insektenliebe.com\\\/wp-content\\\/uploads\\\/2019\\\/10\\\/Telodeinopus-aoutii-3.jpg\",\"contentUrl\":\"https:\\\/\\\/insektenliebe.com\\\/wp-content\\\/uploads\\\/2019\\\/10\\\/Telodeinopus-aoutii-3.jpg\",\"width\":820,\"height\":820,\"caption\":\"Telodeinopus aoutii\"},{\"@type\":\"BreadcrumbList\",\"@id\":\"https:\\\/\\\/insektenliebe.com\\\/de\\\/shop\\\/produkt\\\/telodeinopus-aoutii\\\/#breadcrumb\",\"itemListElement\":[{\"@type\":\"ListItem\",\"position\":1,\"name\":\"Startseite\",\"item\":\"https:\\\/\\\/insektenliebe.com\\\/de\\\/\"},{\"@type\":\"ListItem\",\"position\":2,\"name\":\"Shop\",\"item\":\"https:\\\/\\\/insektenliebe.com\\\/de\\\/shop\\\/\"},{\"@type\":\"ListItem\",\"position\":3,\"name\":\"Telodeinopus aoutii\"}]},{\"@type\":\"WebSite\",\"@id\":\"https:\\\/\\\/insektenliebe.com\\\/de\\\/#website\",\"url\":\"https:\\\/\\\/insektenliebe.com\\\/de\\\/\",\"name\":\"Insektenliebe\",\"description\":\"Dein Zuhause f\u00fcr die kleinen Lebewesen\",\"publisher\":{\"@id\":\"https:\\\/\\\/insektenliebe.com\\\/de\\\/#organization\"},\"potentialAction\":[{\"@type\":\"SearchAction\",\"target\":{\"@type\":\"EntryPoint\",\"urlTemplate\":\"https:\\\/\\\/insektenliebe.com\\\/de\\\/?s={search_term_string}\"},\"query-input\":{\"@type\":\"PropertyValueSpecification\",\"valueRequired\":true,\"valueName\":\"search_term_string\"}}],\"inLanguage\":\"de\"},{\"@type\":\"Organization\",\"@id\":\"https:\\\/\\\/insektenliebe.com\\\/de\\\/#organization\",\"name\":\"Insektenliebe\",\"url\":\"https:\\\/\\\/insektenliebe.com\\\/de\\\/\",\"logo\":{\"@type\":\"ImageObject\",\"inLanguage\":\"de\",\"@id\":\"https:\\\/\\\/insektenliebe.com\\\/de\\\/#\\\/schema\\\/logo\\\/image\\\/\",\"url\":\"https:\\\/\\\/insektenliebe.com\\\/wp-content\\\/uploads\\\/2025\\\/03\\\/logo-white.png\",\"contentUrl\":\"https:\\\/\\\/insektenliebe.com\\\/wp-content\\\/uploads\\\/2025\\\/03\\\/logo-white.png\",\"width\":288,\"height\":188,\"caption\":\"Insektenliebe\"},\"image\":{\"@id\":\"https:\\\/\\\/insektenliebe.com\\\/de\\\/#\\\/schema\\\/logo\\\/image\\\/\"}}]}<\/script>\n<!-- \/ Yoast SEO plugin. -->","yoast_head_json":{"title":"Telodeinopus aoutii - Insektenliebe","description":"G\u00fcnstige Telodeinopus aoutii online kaufen. Wundersch\u00f6n geb\u00e4nderter Tausendf\u00fc\u00dfer, der sehr einfach in der Haltung ist. Direkt vom Z\u00fcchter kaufen","robots":{"index":"index","follow":"follow","max-snippet":"max-snippet:-1","max-image-preview":"max-image-preview:large","max-video-preview":"max-video-preview:-1"},"canonical":"https:\/\/insektenliebe.com\/de\/shop\/produkt\/telodeinopus-aoutii\/","og_locale":"de_DE","og_type":"article","og_title":"Telodeinopus aoutii - Insektenliebe","og_description":"G\u00fcnstige Telodeinopus aoutii online kaufen. Wundersch\u00f6n geb\u00e4nderter Tausendf\u00fc\u00dfer, der sehr einfach in der Haltung ist. Direkt vom Z\u00fcchter kaufen","og_url":"https:\/\/insektenliebe.com\/de\/shop\/produkt\/telodeinopus-aoutii\/","og_site_name":"Insektenliebe","article_modified_time":"2026-03-27T13:30:27+00:00","og_image":[{"width":820,"height":820,"url":"https:\/\/insektenliebe.com\/wp-content\/uploads\/2019\/10\/Telodeinopus-aoutii-3.jpg","type":"image\/jpeg"}],"twitter_card":"summary_large_image","twitter_misc":{"Gesch\u00e4tzte Lesezeit":"2\u00a0Minuten"},"schema":{"@context":"https:\/\/schema.org","@graph":[{"@type":"WebPage","@id":"https:\/\/insektenliebe.com\/de\/shop\/produkt\/telodeinopus-aoutii\/","url":"https:\/\/insektenliebe.com\/de\/shop\/produkt\/telodeinopus-aoutii\/","name":"Telodeinopus aoutii - Insektenliebe","isPartOf":{"@id":"https:\/\/insektenliebe.com\/de\/#website"},"primaryImageOfPage":{"@id":"https:\/\/insektenliebe.com\/de\/shop\/produkt\/telodeinopus-aoutii\/#primaryimage"},"image":{"@id":"https:\/\/insektenliebe.com\/de\/shop\/produkt\/telodeinopus-aoutii\/#primaryimage"},"thumbnailUrl":"https:\/\/insektenliebe.com\/wp-content\/uploads\/2019\/10\/Telodeinopus-aoutii-3.jpg","datePublished":"2019-10-18T13:45:00+00:00","dateModified":"2026-03-27T13:30:27+00:00","description":"G\u00fcnstige Telodeinopus aoutii online kaufen. Wundersch\u00f6n geb\u00e4nderter Tausendf\u00fc\u00dfer, der sehr einfach in der Haltung ist. Direkt vom Z\u00fcchter kaufen","breadcrumb":{"@id":"https:\/\/insektenliebe.com\/de\/shop\/produkt\/telodeinopus-aoutii\/#breadcrumb"},"inLanguage":"de","potentialAction":[{"@type":"ReadAction","target":["https:\/\/insektenliebe.com\/de\/shop\/produkt\/telodeinopus-aoutii\/"]}]},{"@type":"ImageObject","inLanguage":"de","@id":"https:\/\/insektenliebe.com\/de\/shop\/produkt\/telodeinopus-aoutii\/#primaryimage","url":"https:\/\/insektenliebe.com\/wp-content\/uploads\/2019\/10\/Telodeinopus-aoutii-3.jpg","contentUrl":"https:\/\/insektenliebe.com\/wp-content\/uploads\/2019\/10\/Telodeinopus-aoutii-3.jpg","width":820,"height":820,"caption":"Telodeinopus aoutii"},{"@type":"BreadcrumbList","@id":"https:\/\/insektenliebe.com\/de\/shop\/produkt\/telodeinopus-aoutii\/#breadcrumb","itemListElement":[{"@type":"ListItem","position":1,"name":"Startseite","item":"https:\/\/insektenliebe.com\/de\/"},{"@type":"ListItem","position":2,"name":"Shop","item":"https:\/\/insektenliebe.com\/de\/shop\/"},{"@type":"ListItem","position":3,"name":"Telodeinopus aoutii"}]},{"@type":"WebSite","@id":"https:\/\/insektenliebe.com\/de\/#website","url":"https:\/\/insektenliebe.com\/de\/","name":"Insektenliebe","description":"Dein Zuhause f\u00fcr die kleinen Lebewesen","publisher":{"@id":"https:\/\/insektenliebe.com\/de\/#organization"},"potentialAction":[{"@type":"SearchAction","target":{"@type":"EntryPoint","urlTemplate":"https:\/\/insektenliebe.com\/de\/?s={search_term_string}"},"query-input":{"@type":"PropertyValueSpecification","valueRequired":true,"valueName":"search_term_string"}}],"inLanguage":"de"},{"@type":"Organization","@id":"https:\/\/insektenliebe.com\/de\/#organization","name":"Insektenliebe","url":"https:\/\/insektenliebe.com\/de\/","logo":{"@type":"ImageObject","inLanguage":"de","@id":"https:\/\/insektenliebe.com\/de\/#\/schema\/logo\/image\/","url":"https:\/\/insektenliebe.com\/wp-content\/uploads\/2025\/03\/logo-white.png","contentUrl":"https:\/\/insektenliebe.com\/wp-content\/uploads\/2025\/03\/logo-white.png","width":288,"height":188,"caption":"Insektenliebe"},"image":{"@id":"https:\/\/insektenliebe.com\/de\/#\/schema\/logo\/image\/"}}]}},"_links":{"self":[{"href":"https:\/\/insektenliebe.com\/de\/wp-json\/wp\/v2\/product\/4719","targetHints":{"allow":["GET"]}}],"collection":[{"href":"https:\/\/insektenliebe.com\/de\/wp-json\/wp\/v2\/product"}],"about":[{"href":"https:\/\/insektenliebe.com\/de\/wp-json\/wp\/v2\/types\/product"}],"wp:featuredmedia":[{"embeddable":true,"href":"https:\/\/insektenliebe.com\/de\/wp-json\/wp\/v2\/media\/179239"}],"wp:attachment":[{"href":"https:\/\/insektenliebe.com\/de\/wp-json\/wp\/v2\/media?parent=4719"}],"wp:term":[{"taxonomy":"product-supplier","embeddable":true,"href":"https:\/\/insektenliebe.com\/de\/wp-json\/wp\/v2\/product-supplier?post=4719"},{"taxonomy":"product_brand","embeddable":true,"href":"https:\/\/insektenliebe.com\/de\/wp-json\/wp\/v2\/product_brand?post=4719"},{"taxonomy":"product_cat","embeddable":true,"href":"https:\/\/insektenliebe.com\/de\/wp-json\/wp\/v2\/product_cat?post=4719"},{"taxonomy":"product_tag","embeddable":true,"href":"https:\/\/insektenliebe.com\/de\/wp-json\/wp\/v2\/product_tag?post=4719"},{"taxonomy":"lce-checkout-addons","embeddable":true,"href":"https:\/\/insektenliebe.com\/de\/wp-json\/wp\/v2\/lce-checkout-addons?post=4719"}],"curies":[{"name":"wp","href":"https:\/\/api.w.org\/{rel}","templated":true}]}}