{"id":4699,"date":"2019-10-18T12:28:11","date_gmt":"2019-10-18T12:28:11","guid":{"rendered":"http:\/\/localhost\/ins-test\/?post_type=product&#038;p=4699"},"modified":"2026-04-07T20:25:33","modified_gmt":"2026-04-07T18:25:33","slug":"braplast-dose-mit-doppelbelueftung","status":"publish","type":"product","link":"https:\/\/insektenliebe.com\/de\/shop\/produkt\/braplast-dose-mit-doppelbelueftung\/","title":{"rendered":"BraPlast Dose mit Doppelbel\u00fcftung"},"content":{"rendered":"<p>Stabile Dosen mit einer eingeschwei\u00dften L\u00fcftungsgaze im Deckel und an einer Seite. Dadurch findet eine Luftzirkulation im Beh\u00e4lter statt, die f\u00fcr eine schnellere Verdunstung sorgt. Ideal f\u00fcr Tiere, die eine bessere Frischluftzufuhr ben\u00f6tigen.<\/p>\n<p>Drosophila-sicher dank feinmaschiger Gaze und dicht schlie\u00dfendem Deckel.<br \/>\nDie Dosen sind transparent und Ideal zur Haltung von Wirbellosen wie Vogelspinnen, Springspinnen, Mantiden, Skorpionen und andere kleine Tiere.<\/p>\n<p><strong>Ausf\u00fchrung:<\/strong><\/p>\n<p>Fassungsverm\u00f6gen: 5,8 Liter<br \/>\nGr\u00f6\u00dfe: 19,5 cm x 19,5 cm x 19,0 cm<\/p>\n<p>Fassungsverm\u00f6gen: 3,0 Liter<br \/>\nGr\u00f6\u00dfe: 19,5 cm x 19,5 cm x 11,5 cm<\/p>\n<p>Fassungsverm\u00f6gen: 1,15 Liter<br \/>\nGr\u00f6\u00dfe: 12,0 cm x 12,0 cm x 10,5 cm<\/p>\n","protected":false},"excerpt":{"rendered":"<p>Stabile Dosen mit einer eingeschwei\u00dften L\u00fcftungsgaze im Deckel und an einer Seite. Dadurch findet eine Luftzirkulation im Beh\u00e4lter statt, die f\u00fcr eine schnellere Verdunstung sorgt. Ideal f\u00fcr Tiere, die eine bessere Frischluftzufuhr ben\u00f6tigen. Drosophila-sicher dank feinmaschiger Gaze und dicht schlie\u00dfendem Deckel. Die Dosen sind transparent und Ideal zur Haltung von Wirbellosen wie Vogelspinnen, Springspinnen, Mantiden, [&hellip;]<\/p>\n","protected":false},"featured_media":4744,"template":"","meta":{"_acf_changed":false},"product-supplier":[],"product_brand":[],"product_cat":[130],"product_tag":[],"lce-checkout-addons":[],"class_list":{"0":"post-4699","1":"product","2":"type-product","3":"status-publish","4":"has-post-thumbnail","6":"product_cat-terrarien-behaelter","7":"product_shipping_class-equipment-shipping","9":"first","10":"instock","11":"taxable","12":"shipping-taxable","13":"purchasable","14":"product-type-variable"},"acf":[],"yoast_head":"<!-- This site is optimized with the Yoast SEO plugin v27.3 - https:\/\/yoast.com\/product\/yoast-seo-wordpress\/ -->\n<title>BraPlast Dose mit Doppelbel\u00fcftung - Insektenliebe<\/title>\n<meta name=\"description\" content=\"G\u00fcnstige BraPlast Dose mit Doppelbel\u00fcftung online kaufen. Stabile Dosen mit einer eingeschwei\u00dften L\u00fcftungsgaze im Deckel und an einer Seite.\" \/>\n<meta name=\"robots\" content=\"index, follow, max-snippet:-1, max-image-preview:large, max-video-preview:-1\" \/>\n<link rel=\"canonical\" href=\"https:\/\/insektenliebe.com\/de\/shop\/produkt\/braplast-dose-mit-doppelbelueftung\/\" \/>\n<meta property=\"og:locale\" content=\"de_DE\" \/>\n<meta property=\"og:type\" content=\"article\" \/>\n<meta property=\"og:title\" content=\"BraPlast Dose mit Doppelbel\u00fcftung - Insektenliebe\" \/>\n<meta property=\"og:description\" content=\"G\u00fcnstige BraPlast Dose mit Doppelbel\u00fcftung online kaufen. Stabile Dosen mit einer eingeschwei\u00dften L\u00fcftungsgaze im Deckel und an einer Seite.\" \/>\n<meta property=\"og:url\" content=\"https:\/\/insektenliebe.com\/de\/shop\/produkt\/braplast-dose-mit-doppelbelueftung\/\" \/>\n<meta property=\"og:site_name\" content=\"Insektenliebe\" \/>\n<meta property=\"article:modified_time\" content=\"2026-04-07T18:25:33+00:00\" \/>\n<meta property=\"og:image\" content=\"https:\/\/insektenliebe.com\/wp-content\/uploads\/2025\/05\/braplast-gross-doppelbelueftung-2-scaled-3.jpg\" \/>\n\t<meta property=\"og:image:width\" content=\"2560\" \/>\n\t<meta property=\"og:image:height\" content=\"2560\" \/>\n\t<meta property=\"og:image:type\" content=\"image\/jpeg\" \/>\n<meta name=\"twitter:card\" content=\"summary_large_image\" \/>\n<meta name=\"twitter:label1\" content=\"Gesch\u00e4tzte Lesezeit\" \/>\n\t<meta name=\"twitter:data1\" content=\"1\u00a0Minute\" \/>\n<script type=\"application\/ld+json\" class=\"yoast-schema-graph\">{\"@context\":\"https:\\\/\\\/schema.org\",\"@graph\":[{\"@type\":\"WebPage\",\"@id\":\"https:\\\/\\\/insektenliebe.com\\\/de\\\/shop\\\/produkt\\\/braplast-dose-mit-doppelbelueftung\\\/\",\"url\":\"https:\\\/\\\/insektenliebe.com\\\/de\\\/shop\\\/produkt\\\/braplast-dose-mit-doppelbelueftung\\\/\",\"name\":\"BraPlast Dose mit Doppelbel\u00fcftung - Insektenliebe\",\"isPartOf\":{\"@id\":\"https:\\\/\\\/insektenliebe.com\\\/de\\\/#website\"},\"primaryImageOfPage\":{\"@id\":\"https:\\\/\\\/insektenliebe.com\\\/de\\\/shop\\\/produkt\\\/braplast-dose-mit-doppelbelueftung\\\/#primaryimage\"},\"image\":{\"@id\":\"https:\\\/\\\/insektenliebe.com\\\/de\\\/shop\\\/produkt\\\/braplast-dose-mit-doppelbelueftung\\\/#primaryimage\"},\"thumbnailUrl\":\"https:\\\/\\\/insektenliebe.com\\\/wp-content\\\/uploads\\\/2025\\\/05\\\/braplast-gross-doppelbelueftung-2-scaled-3.jpg\",\"datePublished\":\"2019-10-18T12:28:11+00:00\",\"dateModified\":\"2026-04-07T18:25:33+00:00\",\"description\":\"G\u00fcnstige BraPlast Dose mit Doppelbel\u00fcftung online kaufen. Stabile Dosen mit einer eingeschwei\u00dften L\u00fcftungsgaze im Deckel und an einer Seite.\",\"breadcrumb\":{\"@id\":\"https:\\\/\\\/insektenliebe.com\\\/de\\\/shop\\\/produkt\\\/braplast-dose-mit-doppelbelueftung\\\/#breadcrumb\"},\"inLanguage\":\"de\",\"potentialAction\":[{\"@type\":\"ReadAction\",\"target\":[\"https:\\\/\\\/insektenliebe.com\\\/de\\\/shop\\\/produkt\\\/braplast-dose-mit-doppelbelueftung\\\/\"]}]},{\"@type\":\"ImageObject\",\"inLanguage\":\"de\",\"@id\":\"https:\\\/\\\/insektenliebe.com\\\/de\\\/shop\\\/produkt\\\/braplast-dose-mit-doppelbelueftung\\\/#primaryimage\",\"url\":\"https:\\\/\\\/insektenliebe.com\\\/wp-content\\\/uploads\\\/2025\\\/05\\\/braplast-gross-doppelbelueftung-2-scaled-3.jpg\",\"contentUrl\":\"https:\\\/\\\/insektenliebe.com\\\/wp-content\\\/uploads\\\/2025\\\/05\\\/braplast-gross-doppelbelueftung-2-scaled-3.jpg\",\"width\":2560,\"height\":2560,\"caption\":\"braplast-gross-doppelbelueftung-2-scaled-3.jpg\"},{\"@type\":\"BreadcrumbList\",\"@id\":\"https:\\\/\\\/insektenliebe.com\\\/de\\\/shop\\\/produkt\\\/braplast-dose-mit-doppelbelueftung\\\/#breadcrumb\",\"itemListElement\":[{\"@type\":\"ListItem\",\"position\":1,\"name\":\"Startseite\",\"item\":\"https:\\\/\\\/insektenliebe.com\\\/de\\\/\"},{\"@type\":\"ListItem\",\"position\":2,\"name\":\"Shop\",\"item\":\"https:\\\/\\\/insektenliebe.com\\\/de\\\/shop\\\/\"},{\"@type\":\"ListItem\",\"position\":3,\"name\":\"BraPlast Dose mit Doppelbel\u00fcftung\"}]},{\"@type\":\"WebSite\",\"@id\":\"https:\\\/\\\/insektenliebe.com\\\/de\\\/#website\",\"url\":\"https:\\\/\\\/insektenliebe.com\\\/de\\\/\",\"name\":\"Insektenliebe\",\"description\":\"Dein Zuhause f\u00fcr die kleinen Lebewesen\",\"publisher\":{\"@id\":\"https:\\\/\\\/insektenliebe.com\\\/de\\\/#organization\"},\"potentialAction\":[{\"@type\":\"SearchAction\",\"target\":{\"@type\":\"EntryPoint\",\"urlTemplate\":\"https:\\\/\\\/insektenliebe.com\\\/de\\\/?s={search_term_string}\"},\"query-input\":{\"@type\":\"PropertyValueSpecification\",\"valueRequired\":true,\"valueName\":\"search_term_string\"}}],\"inLanguage\":\"de\"},{\"@type\":\"Organization\",\"@id\":\"https:\\\/\\\/insektenliebe.com\\\/de\\\/#organization\",\"name\":\"Insektenliebe\",\"url\":\"https:\\\/\\\/insektenliebe.com\\\/de\\\/\",\"logo\":{\"@type\":\"ImageObject\",\"inLanguage\":\"de\",\"@id\":\"https:\\\/\\\/insektenliebe.com\\\/de\\\/#\\\/schema\\\/logo\\\/image\\\/\",\"url\":\"https:\\\/\\\/insektenliebe.com\\\/wp-content\\\/uploads\\\/2025\\\/03\\\/logo-white.png\",\"contentUrl\":\"https:\\\/\\\/insektenliebe.com\\\/wp-content\\\/uploads\\\/2025\\\/03\\\/logo-white.png\",\"width\":288,\"height\":188,\"caption\":\"Insektenliebe\"},\"image\":{\"@id\":\"https:\\\/\\\/insektenliebe.com\\\/de\\\/#\\\/schema\\\/logo\\\/image\\\/\"}}]}<\/script>\n<!-- \/ Yoast SEO plugin. -->","yoast_head_json":{"title":"BraPlast Dose mit Doppelbel\u00fcftung - Insektenliebe","description":"G\u00fcnstige BraPlast Dose mit Doppelbel\u00fcftung online kaufen. Stabile Dosen mit einer eingeschwei\u00dften L\u00fcftungsgaze im Deckel und an einer Seite.","robots":{"index":"index","follow":"follow","max-snippet":"max-snippet:-1","max-image-preview":"max-image-preview:large","max-video-preview":"max-video-preview:-1"},"canonical":"https:\/\/insektenliebe.com\/de\/shop\/produkt\/braplast-dose-mit-doppelbelueftung\/","og_locale":"de_DE","og_type":"article","og_title":"BraPlast Dose mit Doppelbel\u00fcftung - Insektenliebe","og_description":"G\u00fcnstige BraPlast Dose mit Doppelbel\u00fcftung online kaufen. Stabile Dosen mit einer eingeschwei\u00dften L\u00fcftungsgaze im Deckel und an einer Seite.","og_url":"https:\/\/insektenliebe.com\/de\/shop\/produkt\/braplast-dose-mit-doppelbelueftung\/","og_site_name":"Insektenliebe","article_modified_time":"2026-04-07T18:25:33+00:00","og_image":[{"width":2560,"height":2560,"url":"https:\/\/insektenliebe.com\/wp-content\/uploads\/2025\/05\/braplast-gross-doppelbelueftung-2-scaled-3.jpg","type":"image\/jpeg"}],"twitter_card":"summary_large_image","twitter_misc":{"Gesch\u00e4tzte Lesezeit":"1\u00a0Minute"},"schema":{"@context":"https:\/\/schema.org","@graph":[{"@type":"WebPage","@id":"https:\/\/insektenliebe.com\/de\/shop\/produkt\/braplast-dose-mit-doppelbelueftung\/","url":"https:\/\/insektenliebe.com\/de\/shop\/produkt\/braplast-dose-mit-doppelbelueftung\/","name":"BraPlast Dose mit Doppelbel\u00fcftung - Insektenliebe","isPartOf":{"@id":"https:\/\/insektenliebe.com\/de\/#website"},"primaryImageOfPage":{"@id":"https:\/\/insektenliebe.com\/de\/shop\/produkt\/braplast-dose-mit-doppelbelueftung\/#primaryimage"},"image":{"@id":"https:\/\/insektenliebe.com\/de\/shop\/produkt\/braplast-dose-mit-doppelbelueftung\/#primaryimage"},"thumbnailUrl":"https:\/\/insektenliebe.com\/wp-content\/uploads\/2025\/05\/braplast-gross-doppelbelueftung-2-scaled-3.jpg","datePublished":"2019-10-18T12:28:11+00:00","dateModified":"2026-04-07T18:25:33+00:00","description":"G\u00fcnstige BraPlast Dose mit Doppelbel\u00fcftung online kaufen. Stabile Dosen mit einer eingeschwei\u00dften L\u00fcftungsgaze im Deckel und an einer Seite.","breadcrumb":{"@id":"https:\/\/insektenliebe.com\/de\/shop\/produkt\/braplast-dose-mit-doppelbelueftung\/#breadcrumb"},"inLanguage":"de","potentialAction":[{"@type":"ReadAction","target":["https:\/\/insektenliebe.com\/de\/shop\/produkt\/braplast-dose-mit-doppelbelueftung\/"]}]},{"@type":"ImageObject","inLanguage":"de","@id":"https:\/\/insektenliebe.com\/de\/shop\/produkt\/braplast-dose-mit-doppelbelueftung\/#primaryimage","url":"https:\/\/insektenliebe.com\/wp-content\/uploads\/2025\/05\/braplast-gross-doppelbelueftung-2-scaled-3.jpg","contentUrl":"https:\/\/insektenliebe.com\/wp-content\/uploads\/2025\/05\/braplast-gross-doppelbelueftung-2-scaled-3.jpg","width":2560,"height":2560,"caption":"braplast-gross-doppelbelueftung-2-scaled-3.jpg"},{"@type":"BreadcrumbList","@id":"https:\/\/insektenliebe.com\/de\/shop\/produkt\/braplast-dose-mit-doppelbelueftung\/#breadcrumb","itemListElement":[{"@type":"ListItem","position":1,"name":"Startseite","item":"https:\/\/insektenliebe.com\/de\/"},{"@type":"ListItem","position":2,"name":"Shop","item":"https:\/\/insektenliebe.com\/de\/shop\/"},{"@type":"ListItem","position":3,"name":"BraPlast Dose mit Doppelbel\u00fcftung"}]},{"@type":"WebSite","@id":"https:\/\/insektenliebe.com\/de\/#website","url":"https:\/\/insektenliebe.com\/de\/","name":"Insektenliebe","description":"Dein Zuhause f\u00fcr die kleinen Lebewesen","publisher":{"@id":"https:\/\/insektenliebe.com\/de\/#organization"},"potentialAction":[{"@type":"SearchAction","target":{"@type":"EntryPoint","urlTemplate":"https:\/\/insektenliebe.com\/de\/?s={search_term_string}"},"query-input":{"@type":"PropertyValueSpecification","valueRequired":true,"valueName":"search_term_string"}}],"inLanguage":"de"},{"@type":"Organization","@id":"https:\/\/insektenliebe.com\/de\/#organization","name":"Insektenliebe","url":"https:\/\/insektenliebe.com\/de\/","logo":{"@type":"ImageObject","inLanguage":"de","@id":"https:\/\/insektenliebe.com\/de\/#\/schema\/logo\/image\/","url":"https:\/\/insektenliebe.com\/wp-content\/uploads\/2025\/03\/logo-white.png","contentUrl":"https:\/\/insektenliebe.com\/wp-content\/uploads\/2025\/03\/logo-white.png","width":288,"height":188,"caption":"Insektenliebe"},"image":{"@id":"https:\/\/insektenliebe.com\/de\/#\/schema\/logo\/image\/"}}]}},"_links":{"self":[{"href":"https:\/\/insektenliebe.com\/de\/wp-json\/wp\/v2\/product\/4699","targetHints":{"allow":["GET"]}}],"collection":[{"href":"https:\/\/insektenliebe.com\/de\/wp-json\/wp\/v2\/product"}],"about":[{"href":"https:\/\/insektenliebe.com\/de\/wp-json\/wp\/v2\/types\/product"}],"wp:featuredmedia":[{"embeddable":true,"href":"https:\/\/insektenliebe.com\/de\/wp-json\/wp\/v2\/media\/4744"}],"wp:attachment":[{"href":"https:\/\/insektenliebe.com\/de\/wp-json\/wp\/v2\/media?parent=4699"}],"wp:term":[{"taxonomy":"product-supplier","embeddable":true,"href":"https:\/\/insektenliebe.com\/de\/wp-json\/wp\/v2\/product-supplier?post=4699"},{"taxonomy":"product_brand","embeddable":true,"href":"https:\/\/insektenliebe.com\/de\/wp-json\/wp\/v2\/product_brand?post=4699"},{"taxonomy":"product_cat","embeddable":true,"href":"https:\/\/insektenliebe.com\/de\/wp-json\/wp\/v2\/product_cat?post=4699"},{"taxonomy":"product_tag","embeddable":true,"href":"https:\/\/insektenliebe.com\/de\/wp-json\/wp\/v2\/product_tag?post=4699"},{"taxonomy":"lce-checkout-addons","embeddable":true,"href":"https:\/\/insektenliebe.com\/de\/wp-json\/wp\/v2\/lce-checkout-addons?post=4699"}],"curies":[{"name":"wp","href":"https:\/\/api.w.org\/{rel}","templated":true}]}}