{"id":4687,"date":"2019-09-27T15:10:00","date_gmt":"2019-09-27T13:10:00","guid":{"rendered":"http:\/\/localhost\/ins-test\/?post_type=product&#038;p=4687"},"modified":"2026-04-15T10:58:05","modified_gmt":"2026-04-15T08:58:05","slug":"aufzuchtdosen","status":"publish","type":"product","link":"https:\/\/insektenliebe.com\/de\/shop\/produkt\/aufzuchtdosen\/","title":{"rendered":"Aufzuchtdosen"},"content":{"rendered":"<p>Ideale Aufzuchtdosen f\u00fcr die ersten Monate oder auch f\u00fcr den Versand von Spinnen, Spiderlinge, Mantiden und andere Insekten. Als Kletterm\u00f6glichkeit in der Aufzuchtdose eignet sich Holzwolle hervorragend. Diese kann bei Verschmutzung auch schnell und unkompliziert erneuert werden.<\/p>\n<p>Die Dosen haben ein Volumen von 25 ml und bieten durch die Klarsicht einen optimalen Einblick zur \u00dcberpr\u00fcfung der Pfleglinge. Der ungelochte Deckel wird \u00fcber die Dose gest\u00fclpt und schlie\u00dft dicht. Die Aufzuchtdosen haben einen Durchmesser von 32 mm und eine H\u00f6he von 60 mm. Wir bieten euch einmal die Variante ungelocht und bereits gelocht an.<\/p>\n","protected":false},"excerpt":{"rendered":"<p>Ideale Aufzuchtdosen f\u00fcr die ersten Monate oder auch f\u00fcr den Versand von Spinnen, Spiderlinge, Mantiden und andere Insekten. Als Kletterm\u00f6glichkeit in der Aufzuchtdose eignet sich Holzwolle hervorragend. Diese kann bei Verschmutzung auch schnell und unkompliziert erneuert werden. Die Dosen haben ein Volumen von 25 ml und bieten durch die Klarsicht einen optimalen Einblick zur \u00dcberpr\u00fcfung [&hellip;]<\/p>\n","protected":false},"featured_media":4718,"template":"","meta":{"_acf_changed":false},"product-supplier":[],"product_brand":[],"product_cat":[130],"product_tag":[],"lce-checkout-addons":[],"class_list":{"0":"post-4687","1":"product","2":"type-product","3":"status-publish","4":"has-post-thumbnail","6":"product_cat-terrarien-behaelter","7":"product_shipping_class-equipment-shipping","9":"first","10":"instock","11":"taxable","12":"shipping-taxable","13":"purchasable","14":"product-type-variable"},"acf":[],"yoast_head":"<!-- This site is optimized with the Yoast SEO plugin v27.3 - https:\/\/yoast.com\/product\/yoast-seo-wordpress\/ -->\n<title>Aufzuchtdosen - Insektenliebe<\/title>\n<meta name=\"description\" content=\"G\u00fcnstige Aufzuchtdosen online kaufen. Ideal f\u00fcr die ersten Monate oder auch f\u00fcr den Versand von Spinnen, Spiderlinge, Mantiden und andere Insekten.\" \/>\n<meta name=\"robots\" content=\"index, follow, max-snippet:-1, max-image-preview:large, max-video-preview:-1\" \/>\n<link rel=\"canonical\" href=\"https:\/\/insektenliebe.com\/de\/shop\/produkt\/aufzuchtdosen\/\" \/>\n<meta property=\"og:locale\" content=\"de_DE\" \/>\n<meta property=\"og:type\" content=\"article\" \/>\n<meta property=\"og:title\" content=\"Aufzuchtdosen - Insektenliebe\" \/>\n<meta property=\"og:description\" content=\"G\u00fcnstige Aufzuchtdosen online kaufen. Ideal f\u00fcr die ersten Monate oder auch f\u00fcr den Versand von Spinnen, Spiderlinge, Mantiden und andere Insekten.\" \/>\n<meta property=\"og:url\" content=\"https:\/\/insektenliebe.com\/de\/shop\/produkt\/aufzuchtdosen\/\" \/>\n<meta property=\"og:site_name\" content=\"Insektenliebe\" \/>\n<meta property=\"article:modified_time\" content=\"2026-04-15T08:58:05+00:00\" \/>\n<meta property=\"og:image\" content=\"https:\/\/insektenliebe.com\/wp-content\/uploads\/2025\/05\/Aufzuchtdosen-2-2.jpg\" \/>\n\t<meta property=\"og:image:width\" content=\"820\" \/>\n\t<meta property=\"og:image:height\" content=\"820\" \/>\n\t<meta property=\"og:image:type\" content=\"image\/jpeg\" \/>\n<meta name=\"twitter:card\" content=\"summary_large_image\" \/>\n<meta name=\"twitter:label1\" content=\"Gesch\u00e4tzte Lesezeit\" \/>\n\t<meta name=\"twitter:data1\" content=\"1\u00a0Minute\" \/>\n<script type=\"application\/ld+json\" class=\"yoast-schema-graph\">{\"@context\":\"https:\\\/\\\/schema.org\",\"@graph\":[{\"@type\":\"WebPage\",\"@id\":\"https:\\\/\\\/insektenliebe.com\\\/de\\\/shop\\\/produkt\\\/aufzuchtdosen\\\/\",\"url\":\"https:\\\/\\\/insektenliebe.com\\\/de\\\/shop\\\/produkt\\\/aufzuchtdosen\\\/\",\"name\":\"Aufzuchtdosen - Insektenliebe\",\"isPartOf\":{\"@id\":\"https:\\\/\\\/insektenliebe.com\\\/de\\\/#website\"},\"primaryImageOfPage\":{\"@id\":\"https:\\\/\\\/insektenliebe.com\\\/de\\\/shop\\\/produkt\\\/aufzuchtdosen\\\/#primaryimage\"},\"image\":{\"@id\":\"https:\\\/\\\/insektenliebe.com\\\/de\\\/shop\\\/produkt\\\/aufzuchtdosen\\\/#primaryimage\"},\"thumbnailUrl\":\"https:\\\/\\\/insektenliebe.com\\\/wp-content\\\/uploads\\\/2025\\\/05\\\/Aufzuchtdosen-2-2.jpg\",\"datePublished\":\"2019-09-27T13:10:00+00:00\",\"dateModified\":\"2026-04-15T08:58:05+00:00\",\"description\":\"G\u00fcnstige Aufzuchtdosen online kaufen. Ideal f\u00fcr die ersten Monate oder auch f\u00fcr den Versand von Spinnen, Spiderlinge, Mantiden und andere Insekten.\",\"breadcrumb\":{\"@id\":\"https:\\\/\\\/insektenliebe.com\\\/de\\\/shop\\\/produkt\\\/aufzuchtdosen\\\/#breadcrumb\"},\"inLanguage\":\"de\",\"potentialAction\":[{\"@type\":\"ReadAction\",\"target\":[\"https:\\\/\\\/insektenliebe.com\\\/de\\\/shop\\\/produkt\\\/aufzuchtdosen\\\/\"]}]},{\"@type\":\"ImageObject\",\"inLanguage\":\"de\",\"@id\":\"https:\\\/\\\/insektenliebe.com\\\/de\\\/shop\\\/produkt\\\/aufzuchtdosen\\\/#primaryimage\",\"url\":\"https:\\\/\\\/insektenliebe.com\\\/wp-content\\\/uploads\\\/2025\\\/05\\\/Aufzuchtdosen-2-2.jpg\",\"contentUrl\":\"https:\\\/\\\/insektenliebe.com\\\/wp-content\\\/uploads\\\/2025\\\/05\\\/Aufzuchtdosen-2-2.jpg\",\"width\":820,\"height\":820,\"caption\":\"Aufzuchtdosen-2-2.jpg\"},{\"@type\":\"BreadcrumbList\",\"@id\":\"https:\\\/\\\/insektenliebe.com\\\/de\\\/shop\\\/produkt\\\/aufzuchtdosen\\\/#breadcrumb\",\"itemListElement\":[{\"@type\":\"ListItem\",\"position\":1,\"name\":\"Startseite\",\"item\":\"https:\\\/\\\/insektenliebe.com\\\/de\\\/\"},{\"@type\":\"ListItem\",\"position\":2,\"name\":\"Shop\",\"item\":\"https:\\\/\\\/insektenliebe.com\\\/de\\\/shop\\\/\"},{\"@type\":\"ListItem\",\"position\":3,\"name\":\"Aufzuchtdosen\"}]},{\"@type\":\"WebSite\",\"@id\":\"https:\\\/\\\/insektenliebe.com\\\/de\\\/#website\",\"url\":\"https:\\\/\\\/insektenliebe.com\\\/de\\\/\",\"name\":\"Insektenliebe\",\"description\":\"Dein Zuhause f\u00fcr die kleinen Lebewesen\",\"publisher\":{\"@id\":\"https:\\\/\\\/insektenliebe.com\\\/de\\\/#organization\"},\"potentialAction\":[{\"@type\":\"SearchAction\",\"target\":{\"@type\":\"EntryPoint\",\"urlTemplate\":\"https:\\\/\\\/insektenliebe.com\\\/de\\\/?s={search_term_string}\"},\"query-input\":{\"@type\":\"PropertyValueSpecification\",\"valueRequired\":true,\"valueName\":\"search_term_string\"}}],\"inLanguage\":\"de\"},{\"@type\":\"Organization\",\"@id\":\"https:\\\/\\\/insektenliebe.com\\\/de\\\/#organization\",\"name\":\"Insektenliebe\",\"url\":\"https:\\\/\\\/insektenliebe.com\\\/de\\\/\",\"logo\":{\"@type\":\"ImageObject\",\"inLanguage\":\"de\",\"@id\":\"https:\\\/\\\/insektenliebe.com\\\/de\\\/#\\\/schema\\\/logo\\\/image\\\/\",\"url\":\"https:\\\/\\\/insektenliebe.com\\\/wp-content\\\/uploads\\\/2025\\\/03\\\/logo-white.png\",\"contentUrl\":\"https:\\\/\\\/insektenliebe.com\\\/wp-content\\\/uploads\\\/2025\\\/03\\\/logo-white.png\",\"width\":288,\"height\":188,\"caption\":\"Insektenliebe\"},\"image\":{\"@id\":\"https:\\\/\\\/insektenliebe.com\\\/de\\\/#\\\/schema\\\/logo\\\/image\\\/\"}}]}<\/script>\n<!-- \/ Yoast SEO plugin. -->","yoast_head_json":{"title":"Aufzuchtdosen - Insektenliebe","description":"G\u00fcnstige Aufzuchtdosen online kaufen. Ideal f\u00fcr die ersten Monate oder auch f\u00fcr den Versand von Spinnen, Spiderlinge, Mantiden und andere Insekten.","robots":{"index":"index","follow":"follow","max-snippet":"max-snippet:-1","max-image-preview":"max-image-preview:large","max-video-preview":"max-video-preview:-1"},"canonical":"https:\/\/insektenliebe.com\/de\/shop\/produkt\/aufzuchtdosen\/","og_locale":"de_DE","og_type":"article","og_title":"Aufzuchtdosen - Insektenliebe","og_description":"G\u00fcnstige Aufzuchtdosen online kaufen. Ideal f\u00fcr die ersten Monate oder auch f\u00fcr den Versand von Spinnen, Spiderlinge, Mantiden und andere Insekten.","og_url":"https:\/\/insektenliebe.com\/de\/shop\/produkt\/aufzuchtdosen\/","og_site_name":"Insektenliebe","article_modified_time":"2026-04-15T08:58:05+00:00","og_image":[{"width":820,"height":820,"url":"https:\/\/insektenliebe.com\/wp-content\/uploads\/2025\/05\/Aufzuchtdosen-2-2.jpg","type":"image\/jpeg"}],"twitter_card":"summary_large_image","twitter_misc":{"Gesch\u00e4tzte Lesezeit":"1\u00a0Minute"},"schema":{"@context":"https:\/\/schema.org","@graph":[{"@type":"WebPage","@id":"https:\/\/insektenliebe.com\/de\/shop\/produkt\/aufzuchtdosen\/","url":"https:\/\/insektenliebe.com\/de\/shop\/produkt\/aufzuchtdosen\/","name":"Aufzuchtdosen - Insektenliebe","isPartOf":{"@id":"https:\/\/insektenliebe.com\/de\/#website"},"primaryImageOfPage":{"@id":"https:\/\/insektenliebe.com\/de\/shop\/produkt\/aufzuchtdosen\/#primaryimage"},"image":{"@id":"https:\/\/insektenliebe.com\/de\/shop\/produkt\/aufzuchtdosen\/#primaryimage"},"thumbnailUrl":"https:\/\/insektenliebe.com\/wp-content\/uploads\/2025\/05\/Aufzuchtdosen-2-2.jpg","datePublished":"2019-09-27T13:10:00+00:00","dateModified":"2026-04-15T08:58:05+00:00","description":"G\u00fcnstige Aufzuchtdosen online kaufen. Ideal f\u00fcr die ersten Monate oder auch f\u00fcr den Versand von Spinnen, Spiderlinge, Mantiden und andere Insekten.","breadcrumb":{"@id":"https:\/\/insektenliebe.com\/de\/shop\/produkt\/aufzuchtdosen\/#breadcrumb"},"inLanguage":"de","potentialAction":[{"@type":"ReadAction","target":["https:\/\/insektenliebe.com\/de\/shop\/produkt\/aufzuchtdosen\/"]}]},{"@type":"ImageObject","inLanguage":"de","@id":"https:\/\/insektenliebe.com\/de\/shop\/produkt\/aufzuchtdosen\/#primaryimage","url":"https:\/\/insektenliebe.com\/wp-content\/uploads\/2025\/05\/Aufzuchtdosen-2-2.jpg","contentUrl":"https:\/\/insektenliebe.com\/wp-content\/uploads\/2025\/05\/Aufzuchtdosen-2-2.jpg","width":820,"height":820,"caption":"Aufzuchtdosen-2-2.jpg"},{"@type":"BreadcrumbList","@id":"https:\/\/insektenliebe.com\/de\/shop\/produkt\/aufzuchtdosen\/#breadcrumb","itemListElement":[{"@type":"ListItem","position":1,"name":"Startseite","item":"https:\/\/insektenliebe.com\/de\/"},{"@type":"ListItem","position":2,"name":"Shop","item":"https:\/\/insektenliebe.com\/de\/shop\/"},{"@type":"ListItem","position":3,"name":"Aufzuchtdosen"}]},{"@type":"WebSite","@id":"https:\/\/insektenliebe.com\/de\/#website","url":"https:\/\/insektenliebe.com\/de\/","name":"Insektenliebe","description":"Dein Zuhause f\u00fcr die kleinen Lebewesen","publisher":{"@id":"https:\/\/insektenliebe.com\/de\/#organization"},"potentialAction":[{"@type":"SearchAction","target":{"@type":"EntryPoint","urlTemplate":"https:\/\/insektenliebe.com\/de\/?s={search_term_string}"},"query-input":{"@type":"PropertyValueSpecification","valueRequired":true,"valueName":"search_term_string"}}],"inLanguage":"de"},{"@type":"Organization","@id":"https:\/\/insektenliebe.com\/de\/#organization","name":"Insektenliebe","url":"https:\/\/insektenliebe.com\/de\/","logo":{"@type":"ImageObject","inLanguage":"de","@id":"https:\/\/insektenliebe.com\/de\/#\/schema\/logo\/image\/","url":"https:\/\/insektenliebe.com\/wp-content\/uploads\/2025\/03\/logo-white.png","contentUrl":"https:\/\/insektenliebe.com\/wp-content\/uploads\/2025\/03\/logo-white.png","width":288,"height":188,"caption":"Insektenliebe"},"image":{"@id":"https:\/\/insektenliebe.com\/de\/#\/schema\/logo\/image\/"}}]}},"_links":{"self":[{"href":"https:\/\/insektenliebe.com\/de\/wp-json\/wp\/v2\/product\/4687","targetHints":{"allow":["GET"]}}],"collection":[{"href":"https:\/\/insektenliebe.com\/de\/wp-json\/wp\/v2\/product"}],"about":[{"href":"https:\/\/insektenliebe.com\/de\/wp-json\/wp\/v2\/types\/product"}],"wp:featuredmedia":[{"embeddable":true,"href":"https:\/\/insektenliebe.com\/de\/wp-json\/wp\/v2\/media\/4718"}],"wp:attachment":[{"href":"https:\/\/insektenliebe.com\/de\/wp-json\/wp\/v2\/media?parent=4687"}],"wp:term":[{"taxonomy":"product-supplier","embeddable":true,"href":"https:\/\/insektenliebe.com\/de\/wp-json\/wp\/v2\/product-supplier?post=4687"},{"taxonomy":"product_brand","embeddable":true,"href":"https:\/\/insektenliebe.com\/de\/wp-json\/wp\/v2\/product_brand?post=4687"},{"taxonomy":"product_cat","embeddable":true,"href":"https:\/\/insektenliebe.com\/de\/wp-json\/wp\/v2\/product_cat?post=4687"},{"taxonomy":"product_tag","embeddable":true,"href":"https:\/\/insektenliebe.com\/de\/wp-json\/wp\/v2\/product_tag?post=4687"},{"taxonomy":"lce-checkout-addons","embeddable":true,"href":"https:\/\/insektenliebe.com\/de\/wp-json\/wp\/v2\/lce-checkout-addons?post=4687"}],"curies":[{"name":"wp","href":"https:\/\/api.w.org\/{rel}","templated":true}]}}