{"id":4684,"date":"2019-09-26T09:25:57","date_gmt":"2019-09-26T09:25:57","guid":{"rendered":"http:\/\/localhost\/ins-test\/?post_type=product&#038;p=4684"},"modified":"2026-01-26T09:06:26","modified_gmt":"2026-01-26T08:06:26","slug":"tausendfuesser-futter","status":"publish","type":"product","link":"https:\/\/insektenliebe.com\/de\/shop\/produkt\/tausendfuesser-futter\/","title":{"rendered":"Tausendf\u00fc\u00dfer Futter"},"content":{"rendered":"<div id=\"row-1035512797\" class=\"row\">\n<div class=\"col medium-6 small-12 large-6\">\n<div class=\"col-inner\">\n<div><strong>Inhalt:<\/strong> 100 ml oder 1250 ml<\/div>\n<\/div>\n<\/div>\n<\/div>\n<p><span style=\"font-size: 100%;\">Erg\u00e4nzendes Tausendf\u00fc\u00dfer Futter f\u00fcr alle Diplopoden. Mit wichtigen Inhaltsstoffe zur F\u00f6rderung eines gesunden Wachstums und einer gesunden Zucht. Bestens geeignet als Nahrungserg\u00e4nzungsmittel in Verbindung mit <a href=\"https:\/\/insektenliebe.com\/shop\/weissfaules-holz\/\">wei\u00dffaulem Holz<\/a> und <a href=\"https:\/\/insektenliebe.com\/shop\/eichenlaub-buchenlaub\/\">Blattstreu<\/a>. Es ist reich an Kohlenhydrate, Vitamine, Proteine, Kalzium und Magnesium die f\u00fcr das Wachstum und die Zucht von Tausendf\u00fc\u00dfer unerl\u00e4sslich sind. Das Futter ist ein feingemahlenes Pulver, dass auch von Nachzuchten gut aufgenommen werden kann. Wir verwenden genau diese Rezeptur, seit langer Zeit sehr erfolgreich f\u00fcr unsere eigene Zucht.<\/span><\/p>\n<p><strong>Dosierung:<\/strong> Einfach einmal pro Woche ein wenig in einen Futternapf geben. Dabei sollte das Futter innerhalb von zwei Tagen von den Tausendf\u00fc\u00dfer gefressen werden.<\/p>\n","protected":false},"excerpt":{"rendered":"<p>Perfekt erg\u00e4nzendes Tausendf\u00fc\u00dfer Futter!<\/p>\n","protected":false},"featured_media":4716,"template":"","meta":{"_acf_changed":false},"product-supplier":[],"product_brand":[],"product_cat":[129],"product_tag":[],"lce-checkout-addons":[],"class_list":{"0":"post-4684","1":"product","2":"type-product","3":"status-publish","4":"has-post-thumbnail","6":"product_cat-futter-kalzium","7":"product_shipping_class-equipment-shipping","9":"first","10":"instock","11":"taxable","12":"shipping-taxable","13":"purchasable","14":"product-type-variable"},"acf":[],"yoast_head":"<!-- This site is optimized with the Yoast SEO plugin v27.3 - https:\/\/yoast.com\/product\/yoast-seo-wordpress\/ -->\n<title>Tausendf\u00fc\u00dfer Futter - Insektenliebe<\/title>\n<meta name=\"description\" content=\"G\u00fcnstiges Tausendf\u00fc\u00dfer Futter online kaufen. Das perfekte Erg\u00e4nzungsfutter in einer hochwertigen 75ml Alust\u00fclpdeckeldose. Direkt vom Hersteller kaufen.\" \/>\n<meta name=\"robots\" content=\"index, follow, max-snippet:-1, max-image-preview:large, max-video-preview:-1\" \/>\n<link rel=\"canonical\" href=\"https:\/\/insektenliebe.com\/de\/shop\/produkt\/tausendfuesser-futter\/\" \/>\n<meta property=\"og:locale\" content=\"de_DE\" \/>\n<meta property=\"og:type\" content=\"article\" \/>\n<meta property=\"og:title\" content=\"Tausendf\u00fc\u00dfer Futter - Insektenliebe\" \/>\n<meta property=\"og:description\" content=\"G\u00fcnstiges Tausendf\u00fc\u00dfer Futter online kaufen. Das perfekte Erg\u00e4nzungsfutter in einer hochwertigen 75ml Alust\u00fclpdeckeldose. Direkt vom Hersteller kaufen.\" \/>\n<meta property=\"og:url\" content=\"https:\/\/insektenliebe.com\/de\/shop\/produkt\/tausendfuesser-futter\/\" \/>\n<meta property=\"og:site_name\" content=\"Insektenliebe\" \/>\n<meta property=\"article:modified_time\" content=\"2026-01-26T08:06:26+00:00\" \/>\n<meta property=\"og:image\" content=\"https:\/\/insektenliebe.com\/wp-content\/uploads\/2025\/05\/Tausendfuesser-Futter-scaled-3.jpg\" \/>\n\t<meta property=\"og:image:width\" content=\"2560\" \/>\n\t<meta property=\"og:image:height\" content=\"2560\" \/>\n\t<meta property=\"og:image:type\" content=\"image\/jpeg\" \/>\n<meta name=\"twitter:card\" content=\"summary_large_image\" \/>\n<meta name=\"twitter:label1\" content=\"Gesch\u00e4tzte Lesezeit\" \/>\n\t<meta name=\"twitter:data1\" content=\"1\u00a0Minute\" \/>\n<script type=\"application\/ld+json\" class=\"yoast-schema-graph\">{\"@context\":\"https:\\\/\\\/schema.org\",\"@graph\":[{\"@type\":\"WebPage\",\"@id\":\"https:\\\/\\\/insektenliebe.com\\\/de\\\/shop\\\/produkt\\\/tausendfuesser-futter\\\/\",\"url\":\"https:\\\/\\\/insektenliebe.com\\\/de\\\/shop\\\/produkt\\\/tausendfuesser-futter\\\/\",\"name\":\"Tausendf\u00fc\u00dfer Futter - Insektenliebe\",\"isPartOf\":{\"@id\":\"https:\\\/\\\/insektenliebe.com\\\/de\\\/#website\"},\"primaryImageOfPage\":{\"@id\":\"https:\\\/\\\/insektenliebe.com\\\/de\\\/shop\\\/produkt\\\/tausendfuesser-futter\\\/#primaryimage\"},\"image\":{\"@id\":\"https:\\\/\\\/insektenliebe.com\\\/de\\\/shop\\\/produkt\\\/tausendfuesser-futter\\\/#primaryimage\"},\"thumbnailUrl\":\"https:\\\/\\\/insektenliebe.com\\\/wp-content\\\/uploads\\\/2025\\\/05\\\/Tausendfuesser-Futter-scaled-3.jpg\",\"datePublished\":\"2019-09-26T09:25:57+00:00\",\"dateModified\":\"2026-01-26T08:06:26+00:00\",\"description\":\"G\u00fcnstiges Tausendf\u00fc\u00dfer Futter online kaufen. Das perfekte Erg\u00e4nzungsfutter in einer hochwertigen 75ml Alust\u00fclpdeckeldose. Direkt vom Hersteller kaufen.\",\"breadcrumb\":{\"@id\":\"https:\\\/\\\/insektenliebe.com\\\/de\\\/shop\\\/produkt\\\/tausendfuesser-futter\\\/#breadcrumb\"},\"inLanguage\":\"de\",\"potentialAction\":[{\"@type\":\"ReadAction\",\"target\":[\"https:\\\/\\\/insektenliebe.com\\\/de\\\/shop\\\/produkt\\\/tausendfuesser-futter\\\/\"]}]},{\"@type\":\"ImageObject\",\"inLanguage\":\"de\",\"@id\":\"https:\\\/\\\/insektenliebe.com\\\/de\\\/shop\\\/produkt\\\/tausendfuesser-futter\\\/#primaryimage\",\"url\":\"https:\\\/\\\/insektenliebe.com\\\/wp-content\\\/uploads\\\/2025\\\/05\\\/Tausendfuesser-Futter-scaled-3.jpg\",\"contentUrl\":\"https:\\\/\\\/insektenliebe.com\\\/wp-content\\\/uploads\\\/2025\\\/05\\\/Tausendfuesser-Futter-scaled-3.jpg\",\"width\":2560,\"height\":2560,\"caption\":\"Tausendfuesser-Futter-scaled-3.jpg\"},{\"@type\":\"BreadcrumbList\",\"@id\":\"https:\\\/\\\/insektenliebe.com\\\/de\\\/shop\\\/produkt\\\/tausendfuesser-futter\\\/#breadcrumb\",\"itemListElement\":[{\"@type\":\"ListItem\",\"position\":1,\"name\":\"Startseite\",\"item\":\"https:\\\/\\\/insektenliebe.com\\\/de\\\/\"},{\"@type\":\"ListItem\",\"position\":2,\"name\":\"Shop\",\"item\":\"https:\\\/\\\/insektenliebe.com\\\/de\\\/shop\\\/\"},{\"@type\":\"ListItem\",\"position\":3,\"name\":\"Tausendf\u00fc\u00dfer Futter\"}]},{\"@type\":\"WebSite\",\"@id\":\"https:\\\/\\\/insektenliebe.com\\\/de\\\/#website\",\"url\":\"https:\\\/\\\/insektenliebe.com\\\/de\\\/\",\"name\":\"Insektenliebe\",\"description\":\"Dein Zuhause f\u00fcr die kleinen Lebewesen\",\"publisher\":{\"@id\":\"https:\\\/\\\/insektenliebe.com\\\/de\\\/#organization\"},\"potentialAction\":[{\"@type\":\"SearchAction\",\"target\":{\"@type\":\"EntryPoint\",\"urlTemplate\":\"https:\\\/\\\/insektenliebe.com\\\/de\\\/?s={search_term_string}\"},\"query-input\":{\"@type\":\"PropertyValueSpecification\",\"valueRequired\":true,\"valueName\":\"search_term_string\"}}],\"inLanguage\":\"de\"},{\"@type\":\"Organization\",\"@id\":\"https:\\\/\\\/insektenliebe.com\\\/de\\\/#organization\",\"name\":\"Insektenliebe\",\"url\":\"https:\\\/\\\/insektenliebe.com\\\/de\\\/\",\"logo\":{\"@type\":\"ImageObject\",\"inLanguage\":\"de\",\"@id\":\"https:\\\/\\\/insektenliebe.com\\\/de\\\/#\\\/schema\\\/logo\\\/image\\\/\",\"url\":\"https:\\\/\\\/insektenliebe.com\\\/wp-content\\\/uploads\\\/2025\\\/03\\\/logo-white.png\",\"contentUrl\":\"https:\\\/\\\/insektenliebe.com\\\/wp-content\\\/uploads\\\/2025\\\/03\\\/logo-white.png\",\"width\":288,\"height\":188,\"caption\":\"Insektenliebe\"},\"image\":{\"@id\":\"https:\\\/\\\/insektenliebe.com\\\/de\\\/#\\\/schema\\\/logo\\\/image\\\/\"}}]}<\/script>\n<!-- \/ Yoast SEO plugin. -->","yoast_head_json":{"title":"Tausendf\u00fc\u00dfer Futter - Insektenliebe","description":"G\u00fcnstiges Tausendf\u00fc\u00dfer Futter online kaufen. Das perfekte Erg\u00e4nzungsfutter in einer hochwertigen 75ml Alust\u00fclpdeckeldose. Direkt vom Hersteller kaufen.","robots":{"index":"index","follow":"follow","max-snippet":"max-snippet:-1","max-image-preview":"max-image-preview:large","max-video-preview":"max-video-preview:-1"},"canonical":"https:\/\/insektenliebe.com\/de\/shop\/produkt\/tausendfuesser-futter\/","og_locale":"de_DE","og_type":"article","og_title":"Tausendf\u00fc\u00dfer Futter - Insektenliebe","og_description":"G\u00fcnstiges Tausendf\u00fc\u00dfer Futter online kaufen. Das perfekte Erg\u00e4nzungsfutter in einer hochwertigen 75ml Alust\u00fclpdeckeldose. Direkt vom Hersteller kaufen.","og_url":"https:\/\/insektenliebe.com\/de\/shop\/produkt\/tausendfuesser-futter\/","og_site_name":"Insektenliebe","article_modified_time":"2026-01-26T08:06:26+00:00","og_image":[{"width":2560,"height":2560,"url":"https:\/\/insektenliebe.com\/wp-content\/uploads\/2025\/05\/Tausendfuesser-Futter-scaled-3.jpg","type":"image\/jpeg"}],"twitter_card":"summary_large_image","twitter_misc":{"Gesch\u00e4tzte Lesezeit":"1\u00a0Minute"},"schema":{"@context":"https:\/\/schema.org","@graph":[{"@type":"WebPage","@id":"https:\/\/insektenliebe.com\/de\/shop\/produkt\/tausendfuesser-futter\/","url":"https:\/\/insektenliebe.com\/de\/shop\/produkt\/tausendfuesser-futter\/","name":"Tausendf\u00fc\u00dfer Futter - Insektenliebe","isPartOf":{"@id":"https:\/\/insektenliebe.com\/de\/#website"},"primaryImageOfPage":{"@id":"https:\/\/insektenliebe.com\/de\/shop\/produkt\/tausendfuesser-futter\/#primaryimage"},"image":{"@id":"https:\/\/insektenliebe.com\/de\/shop\/produkt\/tausendfuesser-futter\/#primaryimage"},"thumbnailUrl":"https:\/\/insektenliebe.com\/wp-content\/uploads\/2025\/05\/Tausendfuesser-Futter-scaled-3.jpg","datePublished":"2019-09-26T09:25:57+00:00","dateModified":"2026-01-26T08:06:26+00:00","description":"G\u00fcnstiges Tausendf\u00fc\u00dfer Futter online kaufen. Das perfekte Erg\u00e4nzungsfutter in einer hochwertigen 75ml Alust\u00fclpdeckeldose. Direkt vom Hersteller kaufen.","breadcrumb":{"@id":"https:\/\/insektenliebe.com\/de\/shop\/produkt\/tausendfuesser-futter\/#breadcrumb"},"inLanguage":"de","potentialAction":[{"@type":"ReadAction","target":["https:\/\/insektenliebe.com\/de\/shop\/produkt\/tausendfuesser-futter\/"]}]},{"@type":"ImageObject","inLanguage":"de","@id":"https:\/\/insektenliebe.com\/de\/shop\/produkt\/tausendfuesser-futter\/#primaryimage","url":"https:\/\/insektenliebe.com\/wp-content\/uploads\/2025\/05\/Tausendfuesser-Futter-scaled-3.jpg","contentUrl":"https:\/\/insektenliebe.com\/wp-content\/uploads\/2025\/05\/Tausendfuesser-Futter-scaled-3.jpg","width":2560,"height":2560,"caption":"Tausendfuesser-Futter-scaled-3.jpg"},{"@type":"BreadcrumbList","@id":"https:\/\/insektenliebe.com\/de\/shop\/produkt\/tausendfuesser-futter\/#breadcrumb","itemListElement":[{"@type":"ListItem","position":1,"name":"Startseite","item":"https:\/\/insektenliebe.com\/de\/"},{"@type":"ListItem","position":2,"name":"Shop","item":"https:\/\/insektenliebe.com\/de\/shop\/"},{"@type":"ListItem","position":3,"name":"Tausendf\u00fc\u00dfer Futter"}]},{"@type":"WebSite","@id":"https:\/\/insektenliebe.com\/de\/#website","url":"https:\/\/insektenliebe.com\/de\/","name":"Insektenliebe","description":"Dein Zuhause f\u00fcr die kleinen Lebewesen","publisher":{"@id":"https:\/\/insektenliebe.com\/de\/#organization"},"potentialAction":[{"@type":"SearchAction","target":{"@type":"EntryPoint","urlTemplate":"https:\/\/insektenliebe.com\/de\/?s={search_term_string}"},"query-input":{"@type":"PropertyValueSpecification","valueRequired":true,"valueName":"search_term_string"}}],"inLanguage":"de"},{"@type":"Organization","@id":"https:\/\/insektenliebe.com\/de\/#organization","name":"Insektenliebe","url":"https:\/\/insektenliebe.com\/de\/","logo":{"@type":"ImageObject","inLanguage":"de","@id":"https:\/\/insektenliebe.com\/de\/#\/schema\/logo\/image\/","url":"https:\/\/insektenliebe.com\/wp-content\/uploads\/2025\/03\/logo-white.png","contentUrl":"https:\/\/insektenliebe.com\/wp-content\/uploads\/2025\/03\/logo-white.png","width":288,"height":188,"caption":"Insektenliebe"},"image":{"@id":"https:\/\/insektenliebe.com\/de\/#\/schema\/logo\/image\/"}}]}},"_links":{"self":[{"href":"https:\/\/insektenliebe.com\/de\/wp-json\/wp\/v2\/product\/4684","targetHints":{"allow":["GET"]}}],"collection":[{"href":"https:\/\/insektenliebe.com\/de\/wp-json\/wp\/v2\/product"}],"about":[{"href":"https:\/\/insektenliebe.com\/de\/wp-json\/wp\/v2\/types\/product"}],"wp:featuredmedia":[{"embeddable":true,"href":"https:\/\/insektenliebe.com\/de\/wp-json\/wp\/v2\/media\/4716"}],"wp:attachment":[{"href":"https:\/\/insektenliebe.com\/de\/wp-json\/wp\/v2\/media?parent=4684"}],"wp:term":[{"taxonomy":"product-supplier","embeddable":true,"href":"https:\/\/insektenliebe.com\/de\/wp-json\/wp\/v2\/product-supplier?post=4684"},{"taxonomy":"product_brand","embeddable":true,"href":"https:\/\/insektenliebe.com\/de\/wp-json\/wp\/v2\/product_brand?post=4684"},{"taxonomy":"product_cat","embeddable":true,"href":"https:\/\/insektenliebe.com\/de\/wp-json\/wp\/v2\/product_cat?post=4684"},{"taxonomy":"product_tag","embeddable":true,"href":"https:\/\/insektenliebe.com\/de\/wp-json\/wp\/v2\/product_tag?post=4684"},{"taxonomy":"lce-checkout-addons","embeddable":true,"href":"https:\/\/insektenliebe.com\/de\/wp-json\/wp\/v2\/lce-checkout-addons?post=4684"}],"curies":[{"name":"wp","href":"https:\/\/api.w.org\/{rel}","templated":true}]}}