{"id":4649,"date":"2019-08-29T00:05:49","date_gmt":"2019-08-28T22:05:49","guid":{"rendered":"http:\/\/localhost\/ins-test\/?post_type=product&#038;p=4649"},"modified":"2026-01-28T21:24:19","modified_gmt":"2026-01-28T20:24:19","slug":"glomeris-undulata-gesprenkelter-saftkugler","status":"publish","type":"product","link":"https:\/\/insektenliebe.com\/de\/shop\/produkt\/glomeris-undulata-gesprenkelter-saftkugler\/","title":{"rendered":"Glomeris undulata \"Gesprenkelter Saftkugler\""},"content":{"rendered":"<p><strong>Nahrung:\u00a0<\/strong><\/p>\n<div class=\"vc_row wpb_row vc_row-fluid prrow\">\n<div class=\"wpb_column vc_column_container vc_col-sm-3\">\n<div class=\"vc_column-inner \">\n<div class=\"wpb_wrapper\">\n<div class=\"wpb_text_column wpb_content_element \">\n<div class=\"wpb_wrapper\">\n<ul>\n<li><a href=\"https:\/\/insektenliebe.com\/shop\/weissfaules-holz\/\">Wei\u00dffaules Holz<\/a><\/li>\n<li>Buchen-und Eichenlaub<\/li>\n<li><a href=\"https:\/\/insektenliebe.com\/shop\/sepiaschalen\/\">Sepia<\/a><\/li>\n<li>Zucchini, Karotten, S\u00fc\u00dfkartoffeln<\/li>\n<li><a href=\"https:\/\/insektenliebe.com\/shop\/assel-futter\/\">Asselfutter<\/a><\/li>\n<\/ul>\n<\/div>\n<\/div>\n<\/div>\n<\/div>\n<\/div>\n<\/div>\n","protected":false},"excerpt":{"rendered":"<p>Nahrung:\u00a0 Wei\u00dffaules Holz Buchen-und Eichenlaub Sepia Zucchini, Karotten, S\u00fc\u00dfkartoffeln Asselfutter<\/p>\n","protected":false},"featured_media":4678,"template":"","meta":{"_acf_changed":false},"product-supplier":[],"product_brand":[],"product_cat":[213],"product_tag":[],"lce-checkout-addons":[1202],"class_list":{"0":"post-4649","1":"product","2":"type-product","3":"status-publish","4":"has-post-thumbnail","6":"product_cat-saftkugler","7":"product_shipping_class-animal-shipping","8":"pa_herkunft-deutschland","9":"pa_kontinent-europa","10":"lce-checkout-addons-winterverpackung","12":"first","13":"outofstock","14":"taxable","15":"shipping-taxable","16":"product-type-simple"},"acf":[],"yoast_head":"<!-- This site is optimized with the Yoast SEO plugin v27.3 - https:\/\/yoast.com\/product\/yoast-seo-wordpress\/ -->\n<title>Glomeris undulata &quot;Gesprenkelter Saftkugler&quot; - Insektenliebe<\/title>\n<meta name=\"description\" content=\"G\u00fcnstige Glomeris undulata online kaufen. Eine wundersch\u00f6n marmorierte Saftkugler-Art die man bequem im Shop bestellen kann.\" \/>\n<meta name=\"robots\" content=\"index, follow, max-snippet:-1, max-image-preview:large, max-video-preview:-1\" \/>\n<link rel=\"canonical\" href=\"https:\/\/insektenliebe.com\/de\/shop\/produkt\/glomeris-undulata-gesprenkelter-saftkugler\/\" \/>\n<meta property=\"og:locale\" content=\"de_DE\" \/>\n<meta property=\"og:type\" content=\"article\" \/>\n<meta property=\"og:title\" content=\"Glomeris undulata &quot;Gesprenkelter Saftkugler&quot; - Insektenliebe\" \/>\n<meta property=\"og:description\" content=\"G\u00fcnstige Glomeris undulata online kaufen. Eine wundersch\u00f6n marmorierte Saftkugler-Art die man bequem im Shop bestellen kann.\" \/>\n<meta property=\"og:url\" content=\"https:\/\/insektenliebe.com\/de\/shop\/produkt\/glomeris-undulata-gesprenkelter-saftkugler\/\" \/>\n<meta property=\"og:site_name\" content=\"Insektenliebe\" \/>\n<meta property=\"article:modified_time\" content=\"2026-01-28T20:24:19+00:00\" \/>\n<meta property=\"og:image\" content=\"https:\/\/insektenliebe.com\/wp-content\/uploads\/2025\/05\/Glomeris-undulata-4-bearbeitet-scaled-3.jpg\" \/>\n\t<meta property=\"og:image:width\" content=\"2560\" \/>\n\t<meta property=\"og:image:height\" content=\"1707\" \/>\n\t<meta property=\"og:image:type\" content=\"image\/jpeg\" \/>\n<meta name=\"twitter:card\" content=\"summary_large_image\" \/>\n<meta name=\"twitter:label1\" content=\"Gesch\u00e4tzte Lesezeit\" \/>\n\t<meta name=\"twitter:data1\" content=\"1\u00a0Minute\" \/>\n<script type=\"application\/ld+json\" class=\"yoast-schema-graph\">{\"@context\":\"https:\\\/\\\/schema.org\",\"@graph\":[{\"@type\":\"WebPage\",\"@id\":\"https:\\\/\\\/insektenliebe.com\\\/de\\\/shop\\\/produkt\\\/glomeris-undulata-gesprenkelter-saftkugler\\\/\",\"url\":\"https:\\\/\\\/insektenliebe.com\\\/de\\\/shop\\\/produkt\\\/glomeris-undulata-gesprenkelter-saftkugler\\\/\",\"name\":\"Glomeris undulata \\\"Gesprenkelter Saftkugler\\\" - Insektenliebe\",\"isPartOf\":{\"@id\":\"https:\\\/\\\/insektenliebe.com\\\/de\\\/#website\"},\"primaryImageOfPage\":{\"@id\":\"https:\\\/\\\/insektenliebe.com\\\/de\\\/shop\\\/produkt\\\/glomeris-undulata-gesprenkelter-saftkugler\\\/#primaryimage\"},\"image\":{\"@id\":\"https:\\\/\\\/insektenliebe.com\\\/de\\\/shop\\\/produkt\\\/glomeris-undulata-gesprenkelter-saftkugler\\\/#primaryimage\"},\"thumbnailUrl\":\"https:\\\/\\\/insektenliebe.com\\\/wp-content\\\/uploads\\\/2025\\\/05\\\/Glomeris-undulata-4-bearbeitet-scaled-3.jpg\",\"datePublished\":\"2019-08-28T22:05:49+00:00\",\"dateModified\":\"2026-01-28T20:24:19+00:00\",\"description\":\"G\u00fcnstige Glomeris undulata online kaufen. Eine wundersch\u00f6n marmorierte Saftkugler-Art die man bequem im Shop bestellen kann.\",\"breadcrumb\":{\"@id\":\"https:\\\/\\\/insektenliebe.com\\\/de\\\/shop\\\/produkt\\\/glomeris-undulata-gesprenkelter-saftkugler\\\/#breadcrumb\"},\"inLanguage\":\"de\",\"potentialAction\":[{\"@type\":\"ReadAction\",\"target\":[\"https:\\\/\\\/insektenliebe.com\\\/de\\\/shop\\\/produkt\\\/glomeris-undulata-gesprenkelter-saftkugler\\\/\"]}]},{\"@type\":\"ImageObject\",\"inLanguage\":\"de\",\"@id\":\"https:\\\/\\\/insektenliebe.com\\\/de\\\/shop\\\/produkt\\\/glomeris-undulata-gesprenkelter-saftkugler\\\/#primaryimage\",\"url\":\"https:\\\/\\\/insektenliebe.com\\\/wp-content\\\/uploads\\\/2025\\\/05\\\/Glomeris-undulata-4-bearbeitet-scaled-3.jpg\",\"contentUrl\":\"https:\\\/\\\/insektenliebe.com\\\/wp-content\\\/uploads\\\/2025\\\/05\\\/Glomeris-undulata-4-bearbeitet-scaled-3.jpg\",\"width\":2560,\"height\":1707,\"caption\":\"Glomeris-undulata-4-bearbeitet-scaled-3.jpg\"},{\"@type\":\"BreadcrumbList\",\"@id\":\"https:\\\/\\\/insektenliebe.com\\\/de\\\/shop\\\/produkt\\\/glomeris-undulata-gesprenkelter-saftkugler\\\/#breadcrumb\",\"itemListElement\":[{\"@type\":\"ListItem\",\"position\":1,\"name\":\"Startseite\",\"item\":\"https:\\\/\\\/insektenliebe.com\\\/de\\\/\"},{\"@type\":\"ListItem\",\"position\":2,\"name\":\"Shop\",\"item\":\"https:\\\/\\\/insektenliebe.com\\\/de\\\/shop\\\/\"},{\"@type\":\"ListItem\",\"position\":3,\"name\":\"Glomeris undulata &#8222;Gesprenkelter Saftkugler&#8220;\"}]},{\"@type\":\"WebSite\",\"@id\":\"https:\\\/\\\/insektenliebe.com\\\/de\\\/#website\",\"url\":\"https:\\\/\\\/insektenliebe.com\\\/de\\\/\",\"name\":\"Insektenliebe\",\"description\":\"Dein Zuhause f\u00fcr die kleinen Lebewesen\",\"publisher\":{\"@id\":\"https:\\\/\\\/insektenliebe.com\\\/de\\\/#organization\"},\"potentialAction\":[{\"@type\":\"SearchAction\",\"target\":{\"@type\":\"EntryPoint\",\"urlTemplate\":\"https:\\\/\\\/insektenliebe.com\\\/de\\\/?s={search_term_string}\"},\"query-input\":{\"@type\":\"PropertyValueSpecification\",\"valueRequired\":true,\"valueName\":\"search_term_string\"}}],\"inLanguage\":\"de\"},{\"@type\":\"Organization\",\"@id\":\"https:\\\/\\\/insektenliebe.com\\\/de\\\/#organization\",\"name\":\"Insektenliebe\",\"url\":\"https:\\\/\\\/insektenliebe.com\\\/de\\\/\",\"logo\":{\"@type\":\"ImageObject\",\"inLanguage\":\"de\",\"@id\":\"https:\\\/\\\/insektenliebe.com\\\/de\\\/#\\\/schema\\\/logo\\\/image\\\/\",\"url\":\"https:\\\/\\\/insektenliebe.com\\\/wp-content\\\/uploads\\\/2025\\\/03\\\/logo-white.png\",\"contentUrl\":\"https:\\\/\\\/insektenliebe.com\\\/wp-content\\\/uploads\\\/2025\\\/03\\\/logo-white.png\",\"width\":288,\"height\":188,\"caption\":\"Insektenliebe\"},\"image\":{\"@id\":\"https:\\\/\\\/insektenliebe.com\\\/de\\\/#\\\/schema\\\/logo\\\/image\\\/\"}}]}<\/script>\n<!-- \/ Yoast SEO plugin. -->","yoast_head_json":{"title":"Glomeris undulata \"Gesprenkelter Saftkugler\" - Insektenliebe","description":"G\u00fcnstige Glomeris undulata online kaufen. Eine wundersch\u00f6n marmorierte Saftkugler-Art die man bequem im Shop bestellen kann.","robots":{"index":"index","follow":"follow","max-snippet":"max-snippet:-1","max-image-preview":"max-image-preview:large","max-video-preview":"max-video-preview:-1"},"canonical":"https:\/\/insektenliebe.com\/de\/shop\/produkt\/glomeris-undulata-gesprenkelter-saftkugler\/","og_locale":"de_DE","og_type":"article","og_title":"Glomeris undulata \"Gesprenkelter Saftkugler\" - Insektenliebe","og_description":"G\u00fcnstige Glomeris undulata online kaufen. Eine wundersch\u00f6n marmorierte Saftkugler-Art die man bequem im Shop bestellen kann.","og_url":"https:\/\/insektenliebe.com\/de\/shop\/produkt\/glomeris-undulata-gesprenkelter-saftkugler\/","og_site_name":"Insektenliebe","article_modified_time":"2026-01-28T20:24:19+00:00","og_image":[{"width":2560,"height":1707,"url":"https:\/\/insektenliebe.com\/wp-content\/uploads\/2025\/05\/Glomeris-undulata-4-bearbeitet-scaled-3.jpg","type":"image\/jpeg"}],"twitter_card":"summary_large_image","twitter_misc":{"Gesch\u00e4tzte Lesezeit":"1\u00a0Minute"},"schema":{"@context":"https:\/\/schema.org","@graph":[{"@type":"WebPage","@id":"https:\/\/insektenliebe.com\/de\/shop\/produkt\/glomeris-undulata-gesprenkelter-saftkugler\/","url":"https:\/\/insektenliebe.com\/de\/shop\/produkt\/glomeris-undulata-gesprenkelter-saftkugler\/","name":"Glomeris undulata \"Gesprenkelter Saftkugler\" - Insektenliebe","isPartOf":{"@id":"https:\/\/insektenliebe.com\/de\/#website"},"primaryImageOfPage":{"@id":"https:\/\/insektenliebe.com\/de\/shop\/produkt\/glomeris-undulata-gesprenkelter-saftkugler\/#primaryimage"},"image":{"@id":"https:\/\/insektenliebe.com\/de\/shop\/produkt\/glomeris-undulata-gesprenkelter-saftkugler\/#primaryimage"},"thumbnailUrl":"https:\/\/insektenliebe.com\/wp-content\/uploads\/2025\/05\/Glomeris-undulata-4-bearbeitet-scaled-3.jpg","datePublished":"2019-08-28T22:05:49+00:00","dateModified":"2026-01-28T20:24:19+00:00","description":"G\u00fcnstige Glomeris undulata online kaufen. Eine wundersch\u00f6n marmorierte Saftkugler-Art die man bequem im Shop bestellen kann.","breadcrumb":{"@id":"https:\/\/insektenliebe.com\/de\/shop\/produkt\/glomeris-undulata-gesprenkelter-saftkugler\/#breadcrumb"},"inLanguage":"de","potentialAction":[{"@type":"ReadAction","target":["https:\/\/insektenliebe.com\/de\/shop\/produkt\/glomeris-undulata-gesprenkelter-saftkugler\/"]}]},{"@type":"ImageObject","inLanguage":"de","@id":"https:\/\/insektenliebe.com\/de\/shop\/produkt\/glomeris-undulata-gesprenkelter-saftkugler\/#primaryimage","url":"https:\/\/insektenliebe.com\/wp-content\/uploads\/2025\/05\/Glomeris-undulata-4-bearbeitet-scaled-3.jpg","contentUrl":"https:\/\/insektenliebe.com\/wp-content\/uploads\/2025\/05\/Glomeris-undulata-4-bearbeitet-scaled-3.jpg","width":2560,"height":1707,"caption":"Glomeris-undulata-4-bearbeitet-scaled-3.jpg"},{"@type":"BreadcrumbList","@id":"https:\/\/insektenliebe.com\/de\/shop\/produkt\/glomeris-undulata-gesprenkelter-saftkugler\/#breadcrumb","itemListElement":[{"@type":"ListItem","position":1,"name":"Startseite","item":"https:\/\/insektenliebe.com\/de\/"},{"@type":"ListItem","position":2,"name":"Shop","item":"https:\/\/insektenliebe.com\/de\/shop\/"},{"@type":"ListItem","position":3,"name":"Glomeris undulata &#8222;Gesprenkelter Saftkugler&#8220;"}]},{"@type":"WebSite","@id":"https:\/\/insektenliebe.com\/de\/#website","url":"https:\/\/insektenliebe.com\/de\/","name":"Insektenliebe","description":"Dein Zuhause f\u00fcr die kleinen Lebewesen","publisher":{"@id":"https:\/\/insektenliebe.com\/de\/#organization"},"potentialAction":[{"@type":"SearchAction","target":{"@type":"EntryPoint","urlTemplate":"https:\/\/insektenliebe.com\/de\/?s={search_term_string}"},"query-input":{"@type":"PropertyValueSpecification","valueRequired":true,"valueName":"search_term_string"}}],"inLanguage":"de"},{"@type":"Organization","@id":"https:\/\/insektenliebe.com\/de\/#organization","name":"Insektenliebe","url":"https:\/\/insektenliebe.com\/de\/","logo":{"@type":"ImageObject","inLanguage":"de","@id":"https:\/\/insektenliebe.com\/de\/#\/schema\/logo\/image\/","url":"https:\/\/insektenliebe.com\/wp-content\/uploads\/2025\/03\/logo-white.png","contentUrl":"https:\/\/insektenliebe.com\/wp-content\/uploads\/2025\/03\/logo-white.png","width":288,"height":188,"caption":"Insektenliebe"},"image":{"@id":"https:\/\/insektenliebe.com\/de\/#\/schema\/logo\/image\/"}}]}},"_links":{"self":[{"href":"https:\/\/insektenliebe.com\/de\/wp-json\/wp\/v2\/product\/4649","targetHints":{"allow":["GET"]}}],"collection":[{"href":"https:\/\/insektenliebe.com\/de\/wp-json\/wp\/v2\/product"}],"about":[{"href":"https:\/\/insektenliebe.com\/de\/wp-json\/wp\/v2\/types\/product"}],"wp:featuredmedia":[{"embeddable":true,"href":"https:\/\/insektenliebe.com\/de\/wp-json\/wp\/v2\/media\/4678"}],"wp:attachment":[{"href":"https:\/\/insektenliebe.com\/de\/wp-json\/wp\/v2\/media?parent=4649"}],"wp:term":[{"taxonomy":"product-supplier","embeddable":true,"href":"https:\/\/insektenliebe.com\/de\/wp-json\/wp\/v2\/product-supplier?post=4649"},{"taxonomy":"product_brand","embeddable":true,"href":"https:\/\/insektenliebe.com\/de\/wp-json\/wp\/v2\/product_brand?post=4649"},{"taxonomy":"product_cat","embeddable":true,"href":"https:\/\/insektenliebe.com\/de\/wp-json\/wp\/v2\/product_cat?post=4649"},{"taxonomy":"product_tag","embeddable":true,"href":"https:\/\/insektenliebe.com\/de\/wp-json\/wp\/v2\/product_tag?post=4649"},{"taxonomy":"lce-checkout-addons","embeddable":true,"href":"https:\/\/insektenliebe.com\/de\/wp-json\/wp\/v2\/lce-checkout-addons?post=4649"}],"curies":[{"name":"wp","href":"https:\/\/api.w.org\/{rel}","templated":true}]}}