{"id":4648,"date":"2019-08-28T16:28:27","date_gmt":"2019-08-28T16:28:27","guid":{"rendered":"http:\/\/localhost\/ins-test\/?post_type=product&#038;p=4648"},"modified":"2026-01-28T21:24:02","modified_gmt":"2026-01-28T20:24:02","slug":"glomeris-hexasticha-schraegstreifiger-saftkugler","status":"publish","type":"product","link":"https:\/\/insektenliebe.com\/de\/shop\/produkt\/glomeris-hexasticha-schraegstreifiger-saftkugler\/","title":{"rendered":"Glomeris hexasticha \"Schr\u00e4gstreifiger Saftkugler\""},"content":{"rendered":"<p><strong>Nahrung:\u00a0<\/strong><\/p>\n<div class=\"vc_row wpb_row vc_row-fluid prrow\">\n<div class=\"wpb_column vc_column_container vc_col-sm-3\">\n<div class=\"vc_column-inner \">\n<div class=\"wpb_wrapper\">\n<div class=\"wpb_text_column wpb_content_element \">\n<div class=\"wpb_wrapper\">\n<ul>\n<li><a href=\"https:\/\/insektenliebe.com\/shop\/weissfaules-holz\/\">Wei\u00dffaules Holz<\/a><\/li>\n<li>Buchen-und Eichenlaub<\/li>\n<li><a href=\"https:\/\/insektenliebe.com\/shop\/sepiaschalen\/\">Sepia<\/a><\/li>\n<li>Zucchini, Karotten, S\u00fc\u00dfkartoffeln<\/li>\n<li><a href=\"https:\/\/insektenliebe.com\/shop\/assel-futter\/\">Asselfutter<\/a><\/li>\n<\/ul>\n<\/div>\n<\/div>\n<\/div>\n<\/div>\n<\/div>\n<\/div>\n","protected":false},"excerpt":{"rendered":"<p>Eine wundersch\u00f6n intensiv gef\u00e4rbte Saftkugler-Art. Einfach in der Haltung und auch die Zucht gelingt relativ gut.<\/p>\n","protected":false},"featured_media":4677,"template":"","meta":{"_acf_changed":false},"product-supplier":[],"product_brand":[],"product_cat":[213],"product_tag":[],"lce-checkout-addons":[1202],"class_list":{"0":"post-4648","1":"product","2":"type-product","3":"status-publish","4":"has-post-thumbnail","6":"product_cat-saftkugler","7":"product_shipping_class-animal-shipping","8":"pa_herkunft-deutschland","9":"pa_kontinent-europa","10":"lce-checkout-addons-winterverpackung","12":"first","13":"outofstock","14":"taxable","15":"shipping-taxable","16":"product-type-variable"},"acf":[],"yoast_head":"<!-- This site is optimized with the Yoast SEO plugin v27.3 - https:\/\/yoast.com\/product\/yoast-seo-wordpress\/ -->\n<title>Glomeris hexasticha &quot;Schr\u00e4gstreifiger Saftkugler&quot; - Insektenliebe<\/title>\n<meta name=\"description\" content=\"G\u00fcnstige Glomeris hexasticha online kaufen. Intensiv gef\u00e4rbte rote Saftkugler-Art, die sich auch gut vergesellschaften l\u00e4sst und als Bodenpolizei fungiert.\" \/>\n<meta name=\"robots\" content=\"index, follow, max-snippet:-1, max-image-preview:large, max-video-preview:-1\" \/>\n<link rel=\"canonical\" href=\"https:\/\/insektenliebe.com\/de\/shop\/produkt\/glomeris-hexasticha-schraegstreifiger-saftkugler\/\" \/>\n<meta property=\"og:locale\" content=\"de_DE\" \/>\n<meta property=\"og:type\" content=\"article\" \/>\n<meta property=\"og:title\" content=\"Glomeris hexasticha &quot;Schr\u00e4gstreifiger Saftkugler&quot; - Insektenliebe\" \/>\n<meta property=\"og:description\" content=\"G\u00fcnstige Glomeris hexasticha online kaufen. Intensiv gef\u00e4rbte rote Saftkugler-Art, die sich auch gut vergesellschaften l\u00e4sst und als Bodenpolizei fungiert.\" \/>\n<meta property=\"og:url\" content=\"https:\/\/insektenliebe.com\/de\/shop\/produkt\/glomeris-hexasticha-schraegstreifiger-saftkugler\/\" \/>\n<meta property=\"og:site_name\" content=\"Insektenliebe\" \/>\n<meta property=\"article:modified_time\" content=\"2026-01-28T20:24:02+00:00\" \/>\n<meta property=\"og:image\" content=\"https:\/\/insektenliebe.com\/wp-content\/uploads\/2025\/05\/Glomeris-hexasticha-6-bearbeitet-2.jpg\" \/>\n\t<meta property=\"og:image:width\" content=\"2391\" \/>\n\t<meta property=\"og:image:height\" content=\"1594\" \/>\n\t<meta property=\"og:image:type\" content=\"image\/jpeg\" \/>\n<meta name=\"twitter:card\" content=\"summary_large_image\" \/>\n<meta name=\"twitter:label1\" content=\"Gesch\u00e4tzte Lesezeit\" \/>\n\t<meta name=\"twitter:data1\" content=\"1\u00a0Minute\" \/>\n<script type=\"application\/ld+json\" class=\"yoast-schema-graph\">{\"@context\":\"https:\\\/\\\/schema.org\",\"@graph\":[{\"@type\":\"WebPage\",\"@id\":\"https:\\\/\\\/insektenliebe.com\\\/de\\\/shop\\\/produkt\\\/glomeris-hexasticha-schraegstreifiger-saftkugler\\\/\",\"url\":\"https:\\\/\\\/insektenliebe.com\\\/de\\\/shop\\\/produkt\\\/glomeris-hexasticha-schraegstreifiger-saftkugler\\\/\",\"name\":\"Glomeris hexasticha \\\"Schr\u00e4gstreifiger Saftkugler\\\" - Insektenliebe\",\"isPartOf\":{\"@id\":\"https:\\\/\\\/insektenliebe.com\\\/de\\\/#website\"},\"primaryImageOfPage\":{\"@id\":\"https:\\\/\\\/insektenliebe.com\\\/de\\\/shop\\\/produkt\\\/glomeris-hexasticha-schraegstreifiger-saftkugler\\\/#primaryimage\"},\"image\":{\"@id\":\"https:\\\/\\\/insektenliebe.com\\\/de\\\/shop\\\/produkt\\\/glomeris-hexasticha-schraegstreifiger-saftkugler\\\/#primaryimage\"},\"thumbnailUrl\":\"https:\\\/\\\/insektenliebe.com\\\/wp-content\\\/uploads\\\/2025\\\/05\\\/Glomeris-hexasticha-6-bearbeitet-2.jpg\",\"datePublished\":\"2019-08-28T16:28:27+00:00\",\"dateModified\":\"2026-01-28T20:24:02+00:00\",\"description\":\"G\u00fcnstige Glomeris hexasticha online kaufen. Intensiv gef\u00e4rbte rote Saftkugler-Art, die sich auch gut vergesellschaften l\u00e4sst und als Bodenpolizei fungiert.\",\"breadcrumb\":{\"@id\":\"https:\\\/\\\/insektenliebe.com\\\/de\\\/shop\\\/produkt\\\/glomeris-hexasticha-schraegstreifiger-saftkugler\\\/#breadcrumb\"},\"inLanguage\":\"de\",\"potentialAction\":[{\"@type\":\"ReadAction\",\"target\":[\"https:\\\/\\\/insektenliebe.com\\\/de\\\/shop\\\/produkt\\\/glomeris-hexasticha-schraegstreifiger-saftkugler\\\/\"]}]},{\"@type\":\"ImageObject\",\"inLanguage\":\"de\",\"@id\":\"https:\\\/\\\/insektenliebe.com\\\/de\\\/shop\\\/produkt\\\/glomeris-hexasticha-schraegstreifiger-saftkugler\\\/#primaryimage\",\"url\":\"https:\\\/\\\/insektenliebe.com\\\/wp-content\\\/uploads\\\/2025\\\/05\\\/Glomeris-hexasticha-6-bearbeitet-2.jpg\",\"contentUrl\":\"https:\\\/\\\/insektenliebe.com\\\/wp-content\\\/uploads\\\/2025\\\/05\\\/Glomeris-hexasticha-6-bearbeitet-2.jpg\",\"width\":2391,\"height\":1594,\"caption\":\"Glomeris-hexasticha-6-bearbeitet-2.jpg\"},{\"@type\":\"BreadcrumbList\",\"@id\":\"https:\\\/\\\/insektenliebe.com\\\/de\\\/shop\\\/produkt\\\/glomeris-hexasticha-schraegstreifiger-saftkugler\\\/#breadcrumb\",\"itemListElement\":[{\"@type\":\"ListItem\",\"position\":1,\"name\":\"Startseite\",\"item\":\"https:\\\/\\\/insektenliebe.com\\\/de\\\/\"},{\"@type\":\"ListItem\",\"position\":2,\"name\":\"Shop\",\"item\":\"https:\\\/\\\/insektenliebe.com\\\/de\\\/shop\\\/\"},{\"@type\":\"ListItem\",\"position\":3,\"name\":\"Glomeris hexasticha &#8222;Schr\u00e4gstreifiger Saftkugler&#8220;\"}]},{\"@type\":\"WebSite\",\"@id\":\"https:\\\/\\\/insektenliebe.com\\\/de\\\/#website\",\"url\":\"https:\\\/\\\/insektenliebe.com\\\/de\\\/\",\"name\":\"Insektenliebe\",\"description\":\"Dein Zuhause f\u00fcr die kleinen Lebewesen\",\"publisher\":{\"@id\":\"https:\\\/\\\/insektenliebe.com\\\/de\\\/#organization\"},\"potentialAction\":[{\"@type\":\"SearchAction\",\"target\":{\"@type\":\"EntryPoint\",\"urlTemplate\":\"https:\\\/\\\/insektenliebe.com\\\/de\\\/?s={search_term_string}\"},\"query-input\":{\"@type\":\"PropertyValueSpecification\",\"valueRequired\":true,\"valueName\":\"search_term_string\"}}],\"inLanguage\":\"de\"},{\"@type\":\"Organization\",\"@id\":\"https:\\\/\\\/insektenliebe.com\\\/de\\\/#organization\",\"name\":\"Insektenliebe\",\"url\":\"https:\\\/\\\/insektenliebe.com\\\/de\\\/\",\"logo\":{\"@type\":\"ImageObject\",\"inLanguage\":\"de\",\"@id\":\"https:\\\/\\\/insektenliebe.com\\\/de\\\/#\\\/schema\\\/logo\\\/image\\\/\",\"url\":\"https:\\\/\\\/insektenliebe.com\\\/wp-content\\\/uploads\\\/2025\\\/03\\\/logo-white.png\",\"contentUrl\":\"https:\\\/\\\/insektenliebe.com\\\/wp-content\\\/uploads\\\/2025\\\/03\\\/logo-white.png\",\"width\":288,\"height\":188,\"caption\":\"Insektenliebe\"},\"image\":{\"@id\":\"https:\\\/\\\/insektenliebe.com\\\/de\\\/#\\\/schema\\\/logo\\\/image\\\/\"}}]}<\/script>\n<!-- \/ Yoast SEO plugin. -->","yoast_head_json":{"title":"Glomeris hexasticha \"Schr\u00e4gstreifiger Saftkugler\" - Insektenliebe","description":"G\u00fcnstige Glomeris hexasticha online kaufen. Intensiv gef\u00e4rbte rote Saftkugler-Art, die sich auch gut vergesellschaften l\u00e4sst und als Bodenpolizei fungiert.","robots":{"index":"index","follow":"follow","max-snippet":"max-snippet:-1","max-image-preview":"max-image-preview:large","max-video-preview":"max-video-preview:-1"},"canonical":"https:\/\/insektenliebe.com\/de\/shop\/produkt\/glomeris-hexasticha-schraegstreifiger-saftkugler\/","og_locale":"de_DE","og_type":"article","og_title":"Glomeris hexasticha \"Schr\u00e4gstreifiger Saftkugler\" - Insektenliebe","og_description":"G\u00fcnstige Glomeris hexasticha online kaufen. Intensiv gef\u00e4rbte rote Saftkugler-Art, die sich auch gut vergesellschaften l\u00e4sst und als Bodenpolizei fungiert.","og_url":"https:\/\/insektenliebe.com\/de\/shop\/produkt\/glomeris-hexasticha-schraegstreifiger-saftkugler\/","og_site_name":"Insektenliebe","article_modified_time":"2026-01-28T20:24:02+00:00","og_image":[{"width":2391,"height":1594,"url":"https:\/\/insektenliebe.com\/wp-content\/uploads\/2025\/05\/Glomeris-hexasticha-6-bearbeitet-2.jpg","type":"image\/jpeg"}],"twitter_card":"summary_large_image","twitter_misc":{"Gesch\u00e4tzte Lesezeit":"1\u00a0Minute"},"schema":{"@context":"https:\/\/schema.org","@graph":[{"@type":"WebPage","@id":"https:\/\/insektenliebe.com\/de\/shop\/produkt\/glomeris-hexasticha-schraegstreifiger-saftkugler\/","url":"https:\/\/insektenliebe.com\/de\/shop\/produkt\/glomeris-hexasticha-schraegstreifiger-saftkugler\/","name":"Glomeris hexasticha \"Schr\u00e4gstreifiger Saftkugler\" - Insektenliebe","isPartOf":{"@id":"https:\/\/insektenliebe.com\/de\/#website"},"primaryImageOfPage":{"@id":"https:\/\/insektenliebe.com\/de\/shop\/produkt\/glomeris-hexasticha-schraegstreifiger-saftkugler\/#primaryimage"},"image":{"@id":"https:\/\/insektenliebe.com\/de\/shop\/produkt\/glomeris-hexasticha-schraegstreifiger-saftkugler\/#primaryimage"},"thumbnailUrl":"https:\/\/insektenliebe.com\/wp-content\/uploads\/2025\/05\/Glomeris-hexasticha-6-bearbeitet-2.jpg","datePublished":"2019-08-28T16:28:27+00:00","dateModified":"2026-01-28T20:24:02+00:00","description":"G\u00fcnstige Glomeris hexasticha online kaufen. Intensiv gef\u00e4rbte rote Saftkugler-Art, die sich auch gut vergesellschaften l\u00e4sst und als Bodenpolizei fungiert.","breadcrumb":{"@id":"https:\/\/insektenliebe.com\/de\/shop\/produkt\/glomeris-hexasticha-schraegstreifiger-saftkugler\/#breadcrumb"},"inLanguage":"de","potentialAction":[{"@type":"ReadAction","target":["https:\/\/insektenliebe.com\/de\/shop\/produkt\/glomeris-hexasticha-schraegstreifiger-saftkugler\/"]}]},{"@type":"ImageObject","inLanguage":"de","@id":"https:\/\/insektenliebe.com\/de\/shop\/produkt\/glomeris-hexasticha-schraegstreifiger-saftkugler\/#primaryimage","url":"https:\/\/insektenliebe.com\/wp-content\/uploads\/2025\/05\/Glomeris-hexasticha-6-bearbeitet-2.jpg","contentUrl":"https:\/\/insektenliebe.com\/wp-content\/uploads\/2025\/05\/Glomeris-hexasticha-6-bearbeitet-2.jpg","width":2391,"height":1594,"caption":"Glomeris-hexasticha-6-bearbeitet-2.jpg"},{"@type":"BreadcrumbList","@id":"https:\/\/insektenliebe.com\/de\/shop\/produkt\/glomeris-hexasticha-schraegstreifiger-saftkugler\/#breadcrumb","itemListElement":[{"@type":"ListItem","position":1,"name":"Startseite","item":"https:\/\/insektenliebe.com\/de\/"},{"@type":"ListItem","position":2,"name":"Shop","item":"https:\/\/insektenliebe.com\/de\/shop\/"},{"@type":"ListItem","position":3,"name":"Glomeris hexasticha &#8222;Schr\u00e4gstreifiger Saftkugler&#8220;"}]},{"@type":"WebSite","@id":"https:\/\/insektenliebe.com\/de\/#website","url":"https:\/\/insektenliebe.com\/de\/","name":"Insektenliebe","description":"Dein Zuhause f\u00fcr die kleinen Lebewesen","publisher":{"@id":"https:\/\/insektenliebe.com\/de\/#organization"},"potentialAction":[{"@type":"SearchAction","target":{"@type":"EntryPoint","urlTemplate":"https:\/\/insektenliebe.com\/de\/?s={search_term_string}"},"query-input":{"@type":"PropertyValueSpecification","valueRequired":true,"valueName":"search_term_string"}}],"inLanguage":"de"},{"@type":"Organization","@id":"https:\/\/insektenliebe.com\/de\/#organization","name":"Insektenliebe","url":"https:\/\/insektenliebe.com\/de\/","logo":{"@type":"ImageObject","inLanguage":"de","@id":"https:\/\/insektenliebe.com\/de\/#\/schema\/logo\/image\/","url":"https:\/\/insektenliebe.com\/wp-content\/uploads\/2025\/03\/logo-white.png","contentUrl":"https:\/\/insektenliebe.com\/wp-content\/uploads\/2025\/03\/logo-white.png","width":288,"height":188,"caption":"Insektenliebe"},"image":{"@id":"https:\/\/insektenliebe.com\/de\/#\/schema\/logo\/image\/"}}]}},"_links":{"self":[{"href":"https:\/\/insektenliebe.com\/de\/wp-json\/wp\/v2\/product\/4648","targetHints":{"allow":["GET"]}}],"collection":[{"href":"https:\/\/insektenliebe.com\/de\/wp-json\/wp\/v2\/product"}],"about":[{"href":"https:\/\/insektenliebe.com\/de\/wp-json\/wp\/v2\/types\/product"}],"wp:featuredmedia":[{"embeddable":true,"href":"https:\/\/insektenliebe.com\/de\/wp-json\/wp\/v2\/media\/4677"}],"wp:attachment":[{"href":"https:\/\/insektenliebe.com\/de\/wp-json\/wp\/v2\/media?parent=4648"}],"wp:term":[{"taxonomy":"product-supplier","embeddable":true,"href":"https:\/\/insektenliebe.com\/de\/wp-json\/wp\/v2\/product-supplier?post=4648"},{"taxonomy":"product_brand","embeddable":true,"href":"https:\/\/insektenliebe.com\/de\/wp-json\/wp\/v2\/product_brand?post=4648"},{"taxonomy":"product_cat","embeddable":true,"href":"https:\/\/insektenliebe.com\/de\/wp-json\/wp\/v2\/product_cat?post=4648"},{"taxonomy":"product_tag","embeddable":true,"href":"https:\/\/insektenliebe.com\/de\/wp-json\/wp\/v2\/product_tag?post=4648"},{"taxonomy":"lce-checkout-addons","embeddable":true,"href":"https:\/\/insektenliebe.com\/de\/wp-json\/wp\/v2\/lce-checkout-addons?post=4648"}],"curies":[{"name":"wp","href":"https:\/\/api.w.org\/{rel}","templated":true}]}}