{"id":4644,"date":"2019-08-21T08:03:00","date_gmt":"2019-08-21T06:03:00","guid":{"rendered":"http:\/\/localhost\/ins-test\/?post_type=product&#038;p=4644"},"modified":"2026-03-29T22:40:22","modified_gmt":"2026-03-29T20:40:22","slug":"anadenobolus-monilicornis-bumble-bee-tausendfuesser","status":"publish","type":"product","link":"https:\/\/insektenliebe.com\/de\/shop\/produkt\/anadenobolus-monilicornis-bumble-bee-tausendfuesser\/","title":{"rendered":"Anadenobolus monilicornis \"Bumble-Bee Tausendf\u00fc\u00dfer\""},"content":{"rendered":"<h3><span style=\"color: #99cc33\">Kurzbeschreibung zu Anadenobolus monilicornis:<\/span><\/h3>\n<p class=\"p2\">Die Fu\u0308hler und Beine sind bei Anadenobolus monilicornis rot gef\u00e4rbt. Der K\u00f6rper ist seitlich (lateral) gesehen silber und der Ru\u0308cken dorsal gesehen gelb. Der gesamte K\u00f6rper ist zudem mit schwarzen Querstreifen durchzogen. Anadenobolus monilicornis z\u00e4hlt zu den farbenpr\u00e4chtigsten Tausendfu\u0308sserarten u\u0308berhaupt. Das Geschlecht erkennt man, wie bei vielen anderen Tausendfu\u0308\u00dfern auch, daran, dass bei den M\u00e4nnchen am siebten Segment ein bis zwei Beinpaare zu dem Begattungsorgan (Gonopoden) umgewandelt wurden. Von der Seite betrachtet wirkt es so, als wu\u0308rden an dieser Stelle Beinpaare fehlen.<\/p>\n<p class=\"p2\">Die Art ist recht einfach zu halten und gilt als gute Einsteigerart. Manchmal werden sie auch unter den Synonymen \u201eBumble-Bee Tausendfu\u0308\u00dfer\u201c oder \u201eDiplopoda sp. Barbados neongelb\u201c angeboten. Sie gilt als relativ einfach nachzu\u0308chtbar. Das erreichbare Alter wird meist mit 2-2,5 Jahren angegeben, wobei die adulten Tiere relativ schnell nach der Paarung versterben. Anadenobolus monilicornis sind sie etwa mit 1,5\u20132 Jahren geschlechtsreif.<\/p>\n<p class=\"p2\">Auf Grund der relativ geringen Adultgr\u00f6\u00dfe dieser Art kann sie schon in Terrarien ab einer Kantenl\u00e4nge von 30 cm gehalten werden. Es sollte jedoch darauf geachtet werden, dass genug Platz fu\u0308r ein ausreichend hoch eingefu\u0308lltes Substrat zur Verfu\u0308gung steht. Die Substrath\u00f6he sollte bei dieser Art nicht unter 5 cm betragen! Der Bodengrund dient den Tieren als Lebensraum und Futter zugleich und sollte daher sorgf\u00e4ltig ausgew\u00e4hlt werden. Die Tiere sind haupts\u00e4chlich nachtaktiv, weshalb man auf eine zus\u00e4tzliche Lichtquelle verzichten kann. Der Bodengrund sollte stets halbfeucht gehalten werden, eine Luftfeuchtigkeit von 70-80% hat sich bei uns bew\u00e4hrt. Das Substrat kann man zus\u00e4tzlich mit Rindenstu\u0308cken oder Moos abdecken. Das hilft dabei, es vor dem Austrocknen zu schu\u0308tzen.<\/p>\n<div style=\"width: 1920px;\" class=\"wp-video\"><video class=\"wp-video-shortcode\" id=\"video-4644-1\" width=\"1920\" height=\"1080\" preload=\"metadata\" controls=\"controls\"><source type=\"video\/mp4\" src=\"https:\/\/insektenliebe.com\/wp-content\/uploads\/2019\/08\/anadenobolus-monilicornis-bumble-bee.mp4?_=1\" \/><a href=\"https:\/\/insektenliebe.com\/wp-content\/uploads\/2019\/08\/anadenobolus-monilicornis-bumble-bee.mp4\">https:\/\/insektenliebe.com\/wp-content\/uploads\/2019\/08\/anadenobolus-monilicornis-bumble-bee.mp4<\/a><\/video><\/div>\n","protected":false},"excerpt":{"rendered":"<p>Kurzbeschreibung zu Anadenobolus monilicornis: Die Fu\u0308hler und Beine sind bei Anadenobolus monilicornis rot gef\u00e4rbt. Der K\u00f6rper ist seitlich (lateral) gesehen silber und der Ru\u0308cken dorsal gesehen gelb. Der gesamte K\u00f6rper ist zudem mit schwarzen Querstreifen durchzogen. Anadenobolus monilicornis z\u00e4hlt zu den farbenpr\u00e4chtigsten Tausendfu\u0308sserarten u\u0308berhaupt. Das Geschlecht erkennt man, wie bei vielen anderen Tausendfu\u0308\u00dfern auch, daran, [&hellip;]<\/p>\n","protected":false},"featured_media":4674,"template":"","meta":{"_acf_changed":false},"product-supplier":[],"product_brand":[],"product_cat":[144],"product_tag":[],"lce-checkout-addons":[1202],"class_list":{"0":"post-4644","1":"product","2":"type-product","3":"status-publish","4":"has-post-thumbnail","6":"product_cat-tausendfuesser","7":"product_shipping_class-animal-shipping","8":"pa_herkunft-florida","9":"pa_kontinent-nordamerika","10":"lce-checkout-addons-winterverpackung","12":"first","13":"outofstock","14":"taxable","15":"shipping-taxable","16":"purchasable","17":"product-type-simple"},"acf":[],"yoast_head":"<!-- This site is optimized with the Yoast SEO plugin v27.3 - https:\/\/yoast.com\/product\/yoast-seo-wordpress\/ -->\n<title>Anadenobolus monilicornis &quot;Bumble-Bee Tausendf\u00fc\u00dfer&quot; - Insektenliebe<\/title>\n<meta name=\"description\" content=\"G\u00fcnstige Anadenobolus monilicornis &quot;Bumble-Bee Tausendf\u00fc\u00dfer&quot; online kaufen. Sehr farbenfroher und einfach zu haltender Tausendf\u00fc\u00dfer direkt vom Z\u00fcchter!\" \/>\n<meta name=\"robots\" content=\"index, follow, max-snippet:-1, max-image-preview:large, max-video-preview:-1\" \/>\n<link rel=\"canonical\" href=\"https:\/\/insektenliebe.com\/de\/shop\/produkt\/anadenobolus-monilicornis-bumble-bee-tausendfuesser\/\" \/>\n<meta property=\"og:locale\" content=\"de_DE\" \/>\n<meta property=\"og:type\" content=\"article\" \/>\n<meta property=\"og:title\" content=\"Anadenobolus monilicornis &quot;Bumble-Bee Tausendf\u00fc\u00dfer&quot; - Insektenliebe\" \/>\n<meta property=\"og:description\" content=\"G\u00fcnstige Anadenobolus monilicornis &quot;Bumble-Bee Tausendf\u00fc\u00dfer&quot; online kaufen. Sehr farbenfroher und einfach zu haltender Tausendf\u00fc\u00dfer direkt vom Z\u00fcchter!\" \/>\n<meta property=\"og:url\" content=\"https:\/\/insektenliebe.com\/de\/shop\/produkt\/anadenobolus-monilicornis-bumble-bee-tausendfuesser\/\" \/>\n<meta property=\"og:site_name\" content=\"Insektenliebe\" \/>\n<meta property=\"article:modified_time\" content=\"2026-03-29T20:40:22+00:00\" \/>\n<meta property=\"og:image\" content=\"https:\/\/insektenliebe.com\/wp-content\/uploads\/2025\/05\/Anadenobolus-monilicornis-_Bumble-Bee_-2.jpg\" \/>\n\t<meta property=\"og:image:width\" content=\"820\" \/>\n\t<meta property=\"og:image:height\" content=\"820\" \/>\n\t<meta property=\"og:image:type\" content=\"image\/jpeg\" \/>\n<meta name=\"twitter:card\" content=\"summary_large_image\" \/>\n<meta name=\"twitter:label1\" content=\"Gesch\u00e4tzte Lesezeit\" \/>\n\t<meta name=\"twitter:data1\" content=\"2\u00a0Minuten\" \/>\n<script type=\"application\/ld+json\" class=\"yoast-schema-graph\">{\"@context\":\"https:\\\/\\\/schema.org\",\"@graph\":[{\"@type\":\"WebPage\",\"@id\":\"https:\\\/\\\/insektenliebe.com\\\/de\\\/shop\\\/produkt\\\/anadenobolus-monilicornis-bumble-bee-tausendfuesser\\\/\",\"url\":\"https:\\\/\\\/insektenliebe.com\\\/de\\\/shop\\\/produkt\\\/anadenobolus-monilicornis-bumble-bee-tausendfuesser\\\/\",\"name\":\"Anadenobolus monilicornis \\\"Bumble-Bee Tausendf\u00fc\u00dfer\\\" - Insektenliebe\",\"isPartOf\":{\"@id\":\"https:\\\/\\\/insektenliebe.com\\\/de\\\/#website\"},\"primaryImageOfPage\":{\"@id\":\"https:\\\/\\\/insektenliebe.com\\\/de\\\/shop\\\/produkt\\\/anadenobolus-monilicornis-bumble-bee-tausendfuesser\\\/#primaryimage\"},\"image\":{\"@id\":\"https:\\\/\\\/insektenliebe.com\\\/de\\\/shop\\\/produkt\\\/anadenobolus-monilicornis-bumble-bee-tausendfuesser\\\/#primaryimage\"},\"thumbnailUrl\":\"https:\\\/\\\/insektenliebe.com\\\/wp-content\\\/uploads\\\/2025\\\/05\\\/Anadenobolus-monilicornis-_Bumble-Bee_-2.jpg\",\"datePublished\":\"2019-08-21T06:03:00+00:00\",\"dateModified\":\"2026-03-29T20:40:22+00:00\",\"description\":\"G\u00fcnstige Anadenobolus monilicornis \\\"Bumble-Bee Tausendf\u00fc\u00dfer\\\" online kaufen. Sehr farbenfroher und einfach zu haltender Tausendf\u00fc\u00dfer direkt vom Z\u00fcchter!\",\"breadcrumb\":{\"@id\":\"https:\\\/\\\/insektenliebe.com\\\/de\\\/shop\\\/produkt\\\/anadenobolus-monilicornis-bumble-bee-tausendfuesser\\\/#breadcrumb\"},\"inLanguage\":\"de\",\"potentialAction\":[{\"@type\":\"ReadAction\",\"target\":[\"https:\\\/\\\/insektenliebe.com\\\/de\\\/shop\\\/produkt\\\/anadenobolus-monilicornis-bumble-bee-tausendfuesser\\\/\"]}]},{\"@type\":\"ImageObject\",\"inLanguage\":\"de\",\"@id\":\"https:\\\/\\\/insektenliebe.com\\\/de\\\/shop\\\/produkt\\\/anadenobolus-monilicornis-bumble-bee-tausendfuesser\\\/#primaryimage\",\"url\":\"https:\\\/\\\/insektenliebe.com\\\/wp-content\\\/uploads\\\/2025\\\/05\\\/Anadenobolus-monilicornis-_Bumble-Bee_-2.jpg\",\"contentUrl\":\"https:\\\/\\\/insektenliebe.com\\\/wp-content\\\/uploads\\\/2025\\\/05\\\/Anadenobolus-monilicornis-_Bumble-Bee_-2.jpg\",\"width\":820,\"height\":820,\"caption\":\"Anadenobolus-monilicornis-_Bumble-Bee_-2.jpg\"},{\"@type\":\"BreadcrumbList\",\"@id\":\"https:\\\/\\\/insektenliebe.com\\\/de\\\/shop\\\/produkt\\\/anadenobolus-monilicornis-bumble-bee-tausendfuesser\\\/#breadcrumb\",\"itemListElement\":[{\"@type\":\"ListItem\",\"position\":1,\"name\":\"Startseite\",\"item\":\"https:\\\/\\\/insektenliebe.com\\\/de\\\/\"},{\"@type\":\"ListItem\",\"position\":2,\"name\":\"Shop\",\"item\":\"https:\\\/\\\/insektenliebe.com\\\/de\\\/shop\\\/\"},{\"@type\":\"ListItem\",\"position\":3,\"name\":\"Anadenobolus monilicornis &#8222;Bumble-Bee Tausendf\u00fc\u00dfer&#8220;\"}]},{\"@type\":\"WebSite\",\"@id\":\"https:\\\/\\\/insektenliebe.com\\\/de\\\/#website\",\"url\":\"https:\\\/\\\/insektenliebe.com\\\/de\\\/\",\"name\":\"Insektenliebe\",\"description\":\"Dein Zuhause f\u00fcr die kleinen Lebewesen\",\"publisher\":{\"@id\":\"https:\\\/\\\/insektenliebe.com\\\/de\\\/#organization\"},\"potentialAction\":[{\"@type\":\"SearchAction\",\"target\":{\"@type\":\"EntryPoint\",\"urlTemplate\":\"https:\\\/\\\/insektenliebe.com\\\/de\\\/?s={search_term_string}\"},\"query-input\":{\"@type\":\"PropertyValueSpecification\",\"valueRequired\":true,\"valueName\":\"search_term_string\"}}],\"inLanguage\":\"de\"},{\"@type\":\"Organization\",\"@id\":\"https:\\\/\\\/insektenliebe.com\\\/de\\\/#organization\",\"name\":\"Insektenliebe\",\"url\":\"https:\\\/\\\/insektenliebe.com\\\/de\\\/\",\"logo\":{\"@type\":\"ImageObject\",\"inLanguage\":\"de\",\"@id\":\"https:\\\/\\\/insektenliebe.com\\\/de\\\/#\\\/schema\\\/logo\\\/image\\\/\",\"url\":\"https:\\\/\\\/insektenliebe.com\\\/wp-content\\\/uploads\\\/2025\\\/03\\\/logo-white.png\",\"contentUrl\":\"https:\\\/\\\/insektenliebe.com\\\/wp-content\\\/uploads\\\/2025\\\/03\\\/logo-white.png\",\"width\":288,\"height\":188,\"caption\":\"Insektenliebe\"},\"image\":{\"@id\":\"https:\\\/\\\/insektenliebe.com\\\/de\\\/#\\\/schema\\\/logo\\\/image\\\/\"}}]}<\/script>\n<!-- \/ Yoast SEO plugin. -->","yoast_head_json":{"title":"Anadenobolus monilicornis \"Bumble-Bee Tausendf\u00fc\u00dfer\" - Insektenliebe","description":"G\u00fcnstige Anadenobolus monilicornis \"Bumble-Bee Tausendf\u00fc\u00dfer\" online kaufen. Sehr farbenfroher und einfach zu haltender Tausendf\u00fc\u00dfer direkt vom Z\u00fcchter!","robots":{"index":"index","follow":"follow","max-snippet":"max-snippet:-1","max-image-preview":"max-image-preview:large","max-video-preview":"max-video-preview:-1"},"canonical":"https:\/\/insektenliebe.com\/de\/shop\/produkt\/anadenobolus-monilicornis-bumble-bee-tausendfuesser\/","og_locale":"de_DE","og_type":"article","og_title":"Anadenobolus monilicornis \"Bumble-Bee Tausendf\u00fc\u00dfer\" - Insektenliebe","og_description":"G\u00fcnstige Anadenobolus monilicornis \"Bumble-Bee Tausendf\u00fc\u00dfer\" online kaufen. Sehr farbenfroher und einfach zu haltender Tausendf\u00fc\u00dfer direkt vom Z\u00fcchter!","og_url":"https:\/\/insektenliebe.com\/de\/shop\/produkt\/anadenobolus-monilicornis-bumble-bee-tausendfuesser\/","og_site_name":"Insektenliebe","article_modified_time":"2026-03-29T20:40:22+00:00","og_image":[{"width":820,"height":820,"url":"https:\/\/insektenliebe.com\/wp-content\/uploads\/2025\/05\/Anadenobolus-monilicornis-_Bumble-Bee_-2.jpg","type":"image\/jpeg"}],"twitter_card":"summary_large_image","twitter_misc":{"Gesch\u00e4tzte Lesezeit":"2\u00a0Minuten"},"schema":{"@context":"https:\/\/schema.org","@graph":[{"@type":"WebPage","@id":"https:\/\/insektenliebe.com\/de\/shop\/produkt\/anadenobolus-monilicornis-bumble-bee-tausendfuesser\/","url":"https:\/\/insektenliebe.com\/de\/shop\/produkt\/anadenobolus-monilicornis-bumble-bee-tausendfuesser\/","name":"Anadenobolus monilicornis \"Bumble-Bee Tausendf\u00fc\u00dfer\" - Insektenliebe","isPartOf":{"@id":"https:\/\/insektenliebe.com\/de\/#website"},"primaryImageOfPage":{"@id":"https:\/\/insektenliebe.com\/de\/shop\/produkt\/anadenobolus-monilicornis-bumble-bee-tausendfuesser\/#primaryimage"},"image":{"@id":"https:\/\/insektenliebe.com\/de\/shop\/produkt\/anadenobolus-monilicornis-bumble-bee-tausendfuesser\/#primaryimage"},"thumbnailUrl":"https:\/\/insektenliebe.com\/wp-content\/uploads\/2025\/05\/Anadenobolus-monilicornis-_Bumble-Bee_-2.jpg","datePublished":"2019-08-21T06:03:00+00:00","dateModified":"2026-03-29T20:40:22+00:00","description":"G\u00fcnstige Anadenobolus monilicornis \"Bumble-Bee Tausendf\u00fc\u00dfer\" online kaufen. Sehr farbenfroher und einfach zu haltender Tausendf\u00fc\u00dfer direkt vom Z\u00fcchter!","breadcrumb":{"@id":"https:\/\/insektenliebe.com\/de\/shop\/produkt\/anadenobolus-monilicornis-bumble-bee-tausendfuesser\/#breadcrumb"},"inLanguage":"de","potentialAction":[{"@type":"ReadAction","target":["https:\/\/insektenliebe.com\/de\/shop\/produkt\/anadenobolus-monilicornis-bumble-bee-tausendfuesser\/"]}]},{"@type":"ImageObject","inLanguage":"de","@id":"https:\/\/insektenliebe.com\/de\/shop\/produkt\/anadenobolus-monilicornis-bumble-bee-tausendfuesser\/#primaryimage","url":"https:\/\/insektenliebe.com\/wp-content\/uploads\/2025\/05\/Anadenobolus-monilicornis-_Bumble-Bee_-2.jpg","contentUrl":"https:\/\/insektenliebe.com\/wp-content\/uploads\/2025\/05\/Anadenobolus-monilicornis-_Bumble-Bee_-2.jpg","width":820,"height":820,"caption":"Anadenobolus-monilicornis-_Bumble-Bee_-2.jpg"},{"@type":"BreadcrumbList","@id":"https:\/\/insektenliebe.com\/de\/shop\/produkt\/anadenobolus-monilicornis-bumble-bee-tausendfuesser\/#breadcrumb","itemListElement":[{"@type":"ListItem","position":1,"name":"Startseite","item":"https:\/\/insektenliebe.com\/de\/"},{"@type":"ListItem","position":2,"name":"Shop","item":"https:\/\/insektenliebe.com\/de\/shop\/"},{"@type":"ListItem","position":3,"name":"Anadenobolus monilicornis &#8222;Bumble-Bee Tausendf\u00fc\u00dfer&#8220;"}]},{"@type":"WebSite","@id":"https:\/\/insektenliebe.com\/de\/#website","url":"https:\/\/insektenliebe.com\/de\/","name":"Insektenliebe","description":"Dein Zuhause f\u00fcr die kleinen Lebewesen","publisher":{"@id":"https:\/\/insektenliebe.com\/de\/#organization"},"potentialAction":[{"@type":"SearchAction","target":{"@type":"EntryPoint","urlTemplate":"https:\/\/insektenliebe.com\/de\/?s={search_term_string}"},"query-input":{"@type":"PropertyValueSpecification","valueRequired":true,"valueName":"search_term_string"}}],"inLanguage":"de"},{"@type":"Organization","@id":"https:\/\/insektenliebe.com\/de\/#organization","name":"Insektenliebe","url":"https:\/\/insektenliebe.com\/de\/","logo":{"@type":"ImageObject","inLanguage":"de","@id":"https:\/\/insektenliebe.com\/de\/#\/schema\/logo\/image\/","url":"https:\/\/insektenliebe.com\/wp-content\/uploads\/2025\/03\/logo-white.png","contentUrl":"https:\/\/insektenliebe.com\/wp-content\/uploads\/2025\/03\/logo-white.png","width":288,"height":188,"caption":"Insektenliebe"},"image":{"@id":"https:\/\/insektenliebe.com\/de\/#\/schema\/logo\/image\/"}}]}},"_links":{"self":[{"href":"https:\/\/insektenliebe.com\/de\/wp-json\/wp\/v2\/product\/4644","targetHints":{"allow":["GET"]}}],"collection":[{"href":"https:\/\/insektenliebe.com\/de\/wp-json\/wp\/v2\/product"}],"about":[{"href":"https:\/\/insektenliebe.com\/de\/wp-json\/wp\/v2\/types\/product"}],"wp:featuredmedia":[{"embeddable":true,"href":"https:\/\/insektenliebe.com\/de\/wp-json\/wp\/v2\/media\/4674"}],"wp:attachment":[{"href":"https:\/\/insektenliebe.com\/de\/wp-json\/wp\/v2\/media?parent=4644"}],"wp:term":[{"taxonomy":"product-supplier","embeddable":true,"href":"https:\/\/insektenliebe.com\/de\/wp-json\/wp\/v2\/product-supplier?post=4644"},{"taxonomy":"product_brand","embeddable":true,"href":"https:\/\/insektenliebe.com\/de\/wp-json\/wp\/v2\/product_brand?post=4644"},{"taxonomy":"product_cat","embeddable":true,"href":"https:\/\/insektenliebe.com\/de\/wp-json\/wp\/v2\/product_cat?post=4644"},{"taxonomy":"product_tag","embeddable":true,"href":"https:\/\/insektenliebe.com\/de\/wp-json\/wp\/v2\/product_tag?post=4644"},{"taxonomy":"lce-checkout-addons","embeddable":true,"href":"https:\/\/insektenliebe.com\/de\/wp-json\/wp\/v2\/lce-checkout-addons?post=4644"}],"curies":[{"name":"wp","href":"https:\/\/api.w.org\/{rel}","templated":true}]}}