{"id":4643,"date":"2019-07-28T18:43:00","date_gmt":"2019-07-28T16:43:00","guid":{"rendered":"http:\/\/localhost\/ins-test\/?post_type=product&#038;p=4643"},"modified":"2026-01-25T22:19:30","modified_gmt":"2026-01-25T21:19:30","slug":"armadillo-officinalis-israel","status":"publish","type":"product","link":"https:\/\/insektenliebe.com\/de\/shop\/produkt\/armadillo-officinalis-israel\/","title":{"rendered":"Armadillo officinalis \"Israel\""},"content":{"rendered":"<h3><span style=\"color: #99cc33\">Kurzbeschreibung:<\/span><\/h3>\n<p>Armadillo officinalis \"Israel\" ist eine sehr interessante Variante von Armadillo officinalis. Der K\u00f6rperbau ist exakt der gleiche, allerdings ist die Farbgebung eindrucksvoll. Die Grundfarbe ist Silber die marmoriert ins dunkelgrau geht. Dabei verlaufen die Farben wie in einem Aquarell-Bild ineinander.<\/p>\n<p>Armadillo officinalis \"Israel\" ist eine mittelgro\u00dfe Asselart aus dem Nahen Osten. Wie alle Armadillo officinalis Arten grenzen auch sie an den Mittelmeerraum. Die Tiere werden bis zu 2 cm gro\u00df. Vom Jungtier bis zum adulten Tier dauert es ca. 12-16 Monate. Diese relativ lange Entwicklungszeit macht die Art zu einer Rarit\u00e4t.<\/p>\n<p>Wie alle Rollasseln kann auch Armadillo officinalis sich bei Gefahr zu einer geschlossenen Kugel zusammenrollen. Zus\u00e4tzlich geben sie noch ein Brummen von sich!<\/p>\n<p>Die Haltung einer Gruppe Armadillo officinalis \"Israel\" ist bereits in Beh\u00e4ltern ab einem Fassungsverm\u00f6gen von 5l m\u00f6glich. Wichtig zu wissen ist hierbei, dass sich diese Asselart nicht weiter vermehrt, wenn das Platzangebot nicht ausreichend ist. Als Bodengrund eignet sich eine Mischung aus Erde, Laub, wei\u00dffaulem Holz und Kalk. Auf dieser Schicht Substrat sollte man Moose, Rindenst\u00fccke und Laub verteilen. Zum einen dienen diese Dinge als Unterschlupf, zum anderen als Futter und zum Halten der Feuchtigkeit im Becken. Das Becken f\u00fcr Armadillo officinalis \"Israel\" sollte stets leicht feucht gehalten werden. Staun\u00e4sse ist hierbei allerdings tunlichst zu vermeiden. Eine Luftfeuchtigkeit von 60-70 % pendelt sich bei regelm\u00e4\u00dfigem Spr\u00fchen im Normalfall schnell von selbst ein. Die Temperatur im Becken sollte zwischen 18 und 24\u00b0C betragen. Die Tiere ben\u00f6tigen f\u00fcr den Aufbau ihres Panzers Kalk, welcher in Form von Sepia, zerriebenen Eierschalen oder \u00e4hnlichem gereicht werden kann. Als Futter dient das wei\u00dffaule Holz, sowie das im Substrat befindliche Laub. Zus\u00e4tzlich dazu wird Gem\u00fcse, Obst, Bl\u00fcten und Asselfutter gerne angenommen. Armadillo officinalis sind d\u00e4mmerungs- und nachtaktiv und halten sich am Tage meist versteckt. H\u00e4ufig findet man sie zusammengerollt als Kugel auf dem Substrat.<\/p>\n<div><\/div>\n<div><\/div>\n","protected":false},"excerpt":{"rendered":"<p>Diese Assel-Art hat eine auff\u00e4llige \"Marmor-Optik\", die ihr an manchen Stellen einen edlen silber Metall-Effekt gibt.<\/p>\n","protected":false},"featured_media":4673,"template":"","meta":{"_acf_changed":false},"product-supplier":[],"product_brand":[],"product_cat":[627,125],"product_tag":[],"lce-checkout-addons":[1202],"class_list":{"0":"post-4643","1":"product","2":"type-product","3":"status-publish","4":"has-post-thumbnail","6":"product_cat-asseln","7":"product_cat-sonstige-asseln-merulanella-uvm","8":"product_shipping_class-animal-shipping","9":"pa_herkunft-israel","10":"pa_kontinent-asien","11":"lce-checkout-addons-winterverpackung","13":"first","14":"outofstock","15":"taxable","16":"shipping-taxable","17":"purchasable","18":"product-type-simple"},"acf":[],"yoast_head":"<!-- This site is optimized with the Yoast SEO plugin v27.3 - https:\/\/yoast.com\/product\/yoast-seo-wordpress\/ -->\n<title>Armadillo officinalis &quot;Israel&quot; - Insektenliebe<\/title>\n<meta name=\"description\" content=\"G\u00fcnstige Armadillo officinalis &quot;Israel&quot; online kaufen. Toll marmorierte Armadillo Art, die man direkt beim Z\u00fcchter kaufen kann!\" \/>\n<meta name=\"robots\" content=\"index, follow, max-snippet:-1, max-image-preview:large, max-video-preview:-1\" \/>\n<link rel=\"canonical\" href=\"https:\/\/insektenliebe.com\/de\/shop\/produkt\/armadillo-officinalis-israel\/\" \/>\n<meta property=\"og:locale\" content=\"de_DE\" \/>\n<meta property=\"og:type\" content=\"article\" \/>\n<meta property=\"og:title\" content=\"Armadillo officinalis &quot;Israel&quot; - Insektenliebe\" \/>\n<meta property=\"og:description\" content=\"G\u00fcnstige Armadillo officinalis &quot;Israel&quot; online kaufen. Toll marmorierte Armadillo Art, die man direkt beim Z\u00fcchter kaufen kann!\" \/>\n<meta property=\"og:url\" content=\"https:\/\/insektenliebe.com\/de\/shop\/produkt\/armadillo-officinalis-israel\/\" \/>\n<meta property=\"og:site_name\" content=\"Insektenliebe\" \/>\n<meta property=\"article:modified_time\" content=\"2026-01-25T21:19:30+00:00\" \/>\n<meta property=\"og:image\" content=\"https:\/\/insektenliebe.com\/wp-content\/uploads\/2025\/05\/Armadillo-officinalis-_Israel_-2.jpg\" \/>\n\t<meta property=\"og:image:width\" content=\"820\" \/>\n\t<meta property=\"og:image:height\" content=\"820\" \/>\n\t<meta property=\"og:image:type\" content=\"image\/jpeg\" \/>\n<meta name=\"twitter:card\" content=\"summary_large_image\" \/>\n<meta name=\"twitter:label1\" content=\"Gesch\u00e4tzte Lesezeit\" \/>\n\t<meta name=\"twitter:data1\" content=\"2\u00a0Minuten\" \/>\n<script type=\"application\/ld+json\" class=\"yoast-schema-graph\">{\"@context\":\"https:\\\/\\\/schema.org\",\"@graph\":[{\"@type\":\"WebPage\",\"@id\":\"https:\\\/\\\/insektenliebe.com\\\/de\\\/shop\\\/produkt\\\/armadillo-officinalis-israel\\\/\",\"url\":\"https:\\\/\\\/insektenliebe.com\\\/de\\\/shop\\\/produkt\\\/armadillo-officinalis-israel\\\/\",\"name\":\"Armadillo officinalis \\\"Israel\\\" - Insektenliebe\",\"isPartOf\":{\"@id\":\"https:\\\/\\\/insektenliebe.com\\\/de\\\/#website\"},\"primaryImageOfPage\":{\"@id\":\"https:\\\/\\\/insektenliebe.com\\\/de\\\/shop\\\/produkt\\\/armadillo-officinalis-israel\\\/#primaryimage\"},\"image\":{\"@id\":\"https:\\\/\\\/insektenliebe.com\\\/de\\\/shop\\\/produkt\\\/armadillo-officinalis-israel\\\/#primaryimage\"},\"thumbnailUrl\":\"https:\\\/\\\/insektenliebe.com\\\/wp-content\\\/uploads\\\/2025\\\/05\\\/Armadillo-officinalis-_Israel_-2.jpg\",\"datePublished\":\"2019-07-28T16:43:00+00:00\",\"dateModified\":\"2026-01-25T21:19:30+00:00\",\"description\":\"G\u00fcnstige Armadillo officinalis \\\"Israel\\\" online kaufen. Toll marmorierte Armadillo Art, die man direkt beim Z\u00fcchter kaufen kann!\",\"breadcrumb\":{\"@id\":\"https:\\\/\\\/insektenliebe.com\\\/de\\\/shop\\\/produkt\\\/armadillo-officinalis-israel\\\/#breadcrumb\"},\"inLanguage\":\"de\",\"potentialAction\":[{\"@type\":\"ReadAction\",\"target\":[\"https:\\\/\\\/insektenliebe.com\\\/de\\\/shop\\\/produkt\\\/armadillo-officinalis-israel\\\/\"]}]},{\"@type\":\"ImageObject\",\"inLanguage\":\"de\",\"@id\":\"https:\\\/\\\/insektenliebe.com\\\/de\\\/shop\\\/produkt\\\/armadillo-officinalis-israel\\\/#primaryimage\",\"url\":\"https:\\\/\\\/insektenliebe.com\\\/wp-content\\\/uploads\\\/2025\\\/05\\\/Armadillo-officinalis-_Israel_-2.jpg\",\"contentUrl\":\"https:\\\/\\\/insektenliebe.com\\\/wp-content\\\/uploads\\\/2025\\\/05\\\/Armadillo-officinalis-_Israel_-2.jpg\",\"width\":820,\"height\":820,\"caption\":\"Armadillo-officinalis-_Israel_-2.jpg\"},{\"@type\":\"BreadcrumbList\",\"@id\":\"https:\\\/\\\/insektenliebe.com\\\/de\\\/shop\\\/produkt\\\/armadillo-officinalis-israel\\\/#breadcrumb\",\"itemListElement\":[{\"@type\":\"ListItem\",\"position\":1,\"name\":\"Startseite\",\"item\":\"https:\\\/\\\/insektenliebe.com\\\/de\\\/\"},{\"@type\":\"ListItem\",\"position\":2,\"name\":\"Shop\",\"item\":\"https:\\\/\\\/insektenliebe.com\\\/de\\\/shop\\\/\"},{\"@type\":\"ListItem\",\"position\":3,\"name\":\"Armadillo officinalis &#8222;Israel&#8220;\"}]},{\"@type\":\"WebSite\",\"@id\":\"https:\\\/\\\/insektenliebe.com\\\/de\\\/#website\",\"url\":\"https:\\\/\\\/insektenliebe.com\\\/de\\\/\",\"name\":\"Insektenliebe\",\"description\":\"Dein Zuhause f\u00fcr die kleinen Lebewesen\",\"publisher\":{\"@id\":\"https:\\\/\\\/insektenliebe.com\\\/de\\\/#organization\"},\"potentialAction\":[{\"@type\":\"SearchAction\",\"target\":{\"@type\":\"EntryPoint\",\"urlTemplate\":\"https:\\\/\\\/insektenliebe.com\\\/de\\\/?s={search_term_string}\"},\"query-input\":{\"@type\":\"PropertyValueSpecification\",\"valueRequired\":true,\"valueName\":\"search_term_string\"}}],\"inLanguage\":\"de\"},{\"@type\":\"Organization\",\"@id\":\"https:\\\/\\\/insektenliebe.com\\\/de\\\/#organization\",\"name\":\"Insektenliebe\",\"url\":\"https:\\\/\\\/insektenliebe.com\\\/de\\\/\",\"logo\":{\"@type\":\"ImageObject\",\"inLanguage\":\"de\",\"@id\":\"https:\\\/\\\/insektenliebe.com\\\/de\\\/#\\\/schema\\\/logo\\\/image\\\/\",\"url\":\"https:\\\/\\\/insektenliebe.com\\\/wp-content\\\/uploads\\\/2025\\\/03\\\/logo-white.png\",\"contentUrl\":\"https:\\\/\\\/insektenliebe.com\\\/wp-content\\\/uploads\\\/2025\\\/03\\\/logo-white.png\",\"width\":288,\"height\":188,\"caption\":\"Insektenliebe\"},\"image\":{\"@id\":\"https:\\\/\\\/insektenliebe.com\\\/de\\\/#\\\/schema\\\/logo\\\/image\\\/\"}}]}<\/script>\n<!-- \/ Yoast SEO plugin. -->","yoast_head_json":{"title":"Armadillo officinalis \"Israel\" - Insektenliebe","description":"G\u00fcnstige Armadillo officinalis \"Israel\" online kaufen. Toll marmorierte Armadillo Art, die man direkt beim Z\u00fcchter kaufen kann!","robots":{"index":"index","follow":"follow","max-snippet":"max-snippet:-1","max-image-preview":"max-image-preview:large","max-video-preview":"max-video-preview:-1"},"canonical":"https:\/\/insektenliebe.com\/de\/shop\/produkt\/armadillo-officinalis-israel\/","og_locale":"de_DE","og_type":"article","og_title":"Armadillo officinalis \"Israel\" - Insektenliebe","og_description":"G\u00fcnstige Armadillo officinalis \"Israel\" online kaufen. Toll marmorierte Armadillo Art, die man direkt beim Z\u00fcchter kaufen kann!","og_url":"https:\/\/insektenliebe.com\/de\/shop\/produkt\/armadillo-officinalis-israel\/","og_site_name":"Insektenliebe","article_modified_time":"2026-01-25T21:19:30+00:00","og_image":[{"width":820,"height":820,"url":"https:\/\/insektenliebe.com\/wp-content\/uploads\/2025\/05\/Armadillo-officinalis-_Israel_-2.jpg","type":"image\/jpeg"}],"twitter_card":"summary_large_image","twitter_misc":{"Gesch\u00e4tzte Lesezeit":"2\u00a0Minuten"},"schema":{"@context":"https:\/\/schema.org","@graph":[{"@type":"WebPage","@id":"https:\/\/insektenliebe.com\/de\/shop\/produkt\/armadillo-officinalis-israel\/","url":"https:\/\/insektenliebe.com\/de\/shop\/produkt\/armadillo-officinalis-israel\/","name":"Armadillo officinalis \"Israel\" - Insektenliebe","isPartOf":{"@id":"https:\/\/insektenliebe.com\/de\/#website"},"primaryImageOfPage":{"@id":"https:\/\/insektenliebe.com\/de\/shop\/produkt\/armadillo-officinalis-israel\/#primaryimage"},"image":{"@id":"https:\/\/insektenliebe.com\/de\/shop\/produkt\/armadillo-officinalis-israel\/#primaryimage"},"thumbnailUrl":"https:\/\/insektenliebe.com\/wp-content\/uploads\/2025\/05\/Armadillo-officinalis-_Israel_-2.jpg","datePublished":"2019-07-28T16:43:00+00:00","dateModified":"2026-01-25T21:19:30+00:00","description":"G\u00fcnstige Armadillo officinalis \"Israel\" online kaufen. Toll marmorierte Armadillo Art, die man direkt beim Z\u00fcchter kaufen kann!","breadcrumb":{"@id":"https:\/\/insektenliebe.com\/de\/shop\/produkt\/armadillo-officinalis-israel\/#breadcrumb"},"inLanguage":"de","potentialAction":[{"@type":"ReadAction","target":["https:\/\/insektenliebe.com\/de\/shop\/produkt\/armadillo-officinalis-israel\/"]}]},{"@type":"ImageObject","inLanguage":"de","@id":"https:\/\/insektenliebe.com\/de\/shop\/produkt\/armadillo-officinalis-israel\/#primaryimage","url":"https:\/\/insektenliebe.com\/wp-content\/uploads\/2025\/05\/Armadillo-officinalis-_Israel_-2.jpg","contentUrl":"https:\/\/insektenliebe.com\/wp-content\/uploads\/2025\/05\/Armadillo-officinalis-_Israel_-2.jpg","width":820,"height":820,"caption":"Armadillo-officinalis-_Israel_-2.jpg"},{"@type":"BreadcrumbList","@id":"https:\/\/insektenliebe.com\/de\/shop\/produkt\/armadillo-officinalis-israel\/#breadcrumb","itemListElement":[{"@type":"ListItem","position":1,"name":"Startseite","item":"https:\/\/insektenliebe.com\/de\/"},{"@type":"ListItem","position":2,"name":"Shop","item":"https:\/\/insektenliebe.com\/de\/shop\/"},{"@type":"ListItem","position":3,"name":"Armadillo officinalis &#8222;Israel&#8220;"}]},{"@type":"WebSite","@id":"https:\/\/insektenliebe.com\/de\/#website","url":"https:\/\/insektenliebe.com\/de\/","name":"Insektenliebe","description":"Dein Zuhause f\u00fcr die kleinen Lebewesen","publisher":{"@id":"https:\/\/insektenliebe.com\/de\/#organization"},"potentialAction":[{"@type":"SearchAction","target":{"@type":"EntryPoint","urlTemplate":"https:\/\/insektenliebe.com\/de\/?s={search_term_string}"},"query-input":{"@type":"PropertyValueSpecification","valueRequired":true,"valueName":"search_term_string"}}],"inLanguage":"de"},{"@type":"Organization","@id":"https:\/\/insektenliebe.com\/de\/#organization","name":"Insektenliebe","url":"https:\/\/insektenliebe.com\/de\/","logo":{"@type":"ImageObject","inLanguage":"de","@id":"https:\/\/insektenliebe.com\/de\/#\/schema\/logo\/image\/","url":"https:\/\/insektenliebe.com\/wp-content\/uploads\/2025\/03\/logo-white.png","contentUrl":"https:\/\/insektenliebe.com\/wp-content\/uploads\/2025\/03\/logo-white.png","width":288,"height":188,"caption":"Insektenliebe"},"image":{"@id":"https:\/\/insektenliebe.com\/de\/#\/schema\/logo\/image\/"}}]}},"_links":{"self":[{"href":"https:\/\/insektenliebe.com\/de\/wp-json\/wp\/v2\/product\/4643","targetHints":{"allow":["GET"]}}],"collection":[{"href":"https:\/\/insektenliebe.com\/de\/wp-json\/wp\/v2\/product"}],"about":[{"href":"https:\/\/insektenliebe.com\/de\/wp-json\/wp\/v2\/types\/product"}],"wp:featuredmedia":[{"embeddable":true,"href":"https:\/\/insektenliebe.com\/de\/wp-json\/wp\/v2\/media\/4673"}],"wp:attachment":[{"href":"https:\/\/insektenliebe.com\/de\/wp-json\/wp\/v2\/media?parent=4643"}],"wp:term":[{"taxonomy":"product-supplier","embeddable":true,"href":"https:\/\/insektenliebe.com\/de\/wp-json\/wp\/v2\/product-supplier?post=4643"},{"taxonomy":"product_brand","embeddable":true,"href":"https:\/\/insektenliebe.com\/de\/wp-json\/wp\/v2\/product_brand?post=4643"},{"taxonomy":"product_cat","embeddable":true,"href":"https:\/\/insektenliebe.com\/de\/wp-json\/wp\/v2\/product_cat?post=4643"},{"taxonomy":"product_tag","embeddable":true,"href":"https:\/\/insektenliebe.com\/de\/wp-json\/wp\/v2\/product_tag?post=4643"},{"taxonomy":"lce-checkout-addons","embeddable":true,"href":"https:\/\/insektenliebe.com\/de\/wp-json\/wp\/v2\/lce-checkout-addons?post=4643"}],"curies":[{"name":"wp","href":"https:\/\/api.w.org\/{rel}","templated":true}]}}