{"id":4606,"date":"2019-05-20T19:35:48","date_gmt":"2019-05-20T19:35:48","guid":{"rendered":"http:\/\/localhost\/ins-test\/?post_type=product&#038;p=4606"},"modified":"2026-04-15T15:34:10","modified_gmt":"2026-04-15T13:34:10","slug":"spirostreptus-spec-9","status":"publish","type":"product","link":"https:\/\/insektenliebe.com\/de\/shop\/produkt\/spirostreptus-spec-9\/","title":{"rendered":"Spirostreptus spec. 9"},"content":{"rendered":"<h3><span style=\"color: #99cc33\">Kurzbeschreibung:<\/span><\/h3>\n<p class=\"font_8\">Spirostreptus spec. 9 ist der nahe verwandten Art Spirostreptus spec. 8 sehr \u00e4hnlich und unterscheidet sich mitunter nur in der F\u00e4rbung der Tiere. Wie S. spec. 8 auch bewohnt diese Art bevorzugt feuchte, schattige W\u00e4lder. Vor allem in Kamerun ist die Art zu finden. Mit einer maximalen L\u00e4nge von etwa 25 cm geh\u00f6rt sie zu den gr\u00f6\u00dferen Diplopodenarten.<\/p>\n<p class=\"font_8\">Die F\u00e4rbung ist wie oben schon erw\u00e4hnt der einzige Punkt, an dem ich Spirostreptus spec. 8 und Spirostreptus spec. 9 unterscheiden. Spirostreptus spec. 9 ist dunkelbraun, orange-gelb geringelt und hat graue Beine und Antennen. Der K\u00f6rper der Art gl\u00e4nzt stark und ist sehr glatt.<\/p>\n<p>Diese Art kann genau wie Spirostreptus spec. 8 gehalten werden.<\/p>\n<div style=\"width: 1920px;\" class=\"wp-video\"><video class=\"wp-video-shortcode\" id=\"video-4606-1\" width=\"1920\" height=\"1080\" preload=\"metadata\" controls=\"controls\"><source type=\"video\/mp4\" src=\"https:\/\/insektenliebe.com\/wp-content\/uploads\/2019\/05\/Spirostreptus-spec.-9-Produktvideo.mp4?_=1\" \/><a href=\"https:\/\/insektenliebe.com\/wp-content\/uploads\/2019\/05\/Spirostreptus-spec.-9-Produktvideo.mp4\">https:\/\/insektenliebe.com\/wp-content\/uploads\/2019\/05\/Spirostreptus-spec.-9-Produktvideo.mp4<\/a><\/video><\/div>\n","protected":false},"excerpt":{"rendered":"<p>Kurzbeschreibung: Spirostreptus spec. 9 ist der nahe verwandten Art Spirostreptus spec. 8 sehr \u00e4hnlich und unterscheidet sich mitunter nur in der F\u00e4rbung der Tiere. Wie S. spec. 8 auch bewohnt diese Art bevorzugt feuchte, schattige W\u00e4lder. Vor allem in Kamerun ist die Art zu finden. Mit einer maximalen L\u00e4nge von etwa 25 cm geh\u00f6rt sie [&hellip;]<\/p>\n","protected":false},"featured_media":4636,"template":"","meta":{"_acf_changed":false},"product-supplier":[],"product_brand":[],"product_cat":[144],"product_tag":[],"lce-checkout-addons":[1202],"class_list":{"0":"post-4606","1":"product","2":"type-product","3":"status-publish","4":"has-post-thumbnail","6":"product_cat-tausendfuesser","7":"product_shipping_class-animal-shipping","8":"pa_geschlecht-maennlich","9":"pa_geschlecht-unbestimmt","10":"pa_geschlecht-weiblich","11":"pa_herkunft-kamerun","12":"pa_kontinent-afrika","13":"lce-checkout-addons-winterverpackung","15":"first","16":"instock","17":"taxable","18":"shipping-taxable","19":"purchasable","20":"product-type-variable"},"acf":[],"yoast_head":"<!-- This site is optimized with the Yoast SEO plugin v27.3 - https:\/\/yoast.com\/product\/yoast-seo-wordpress\/ -->\n<title>Spirostreptus spec. 9 - Insektenliebe<\/title>\n<meta name=\"description\" content=\"G\u00fcnstige Spirostreptus spec. 9 online kaufen. Eine sehr gro\u00dfe Art, die im Vergleich zu anderen gro\u00dfen Diplopoden eine tolle Farberscheinung hat.\" \/>\n<meta name=\"robots\" content=\"index, follow, max-snippet:-1, max-image-preview:large, max-video-preview:-1\" \/>\n<link rel=\"canonical\" href=\"https:\/\/insektenliebe.com\/de\/shop\/produkt\/spirostreptus-spec-9\/\" \/>\n<meta property=\"og:locale\" content=\"de_DE\" \/>\n<meta property=\"og:type\" content=\"article\" \/>\n<meta property=\"og:title\" content=\"Spirostreptus spec. 9 - Insektenliebe\" \/>\n<meta property=\"og:description\" content=\"G\u00fcnstige Spirostreptus spec. 9 online kaufen. Eine sehr gro\u00dfe Art, die im Vergleich zu anderen gro\u00dfen Diplopoden eine tolle Farberscheinung hat.\" \/>\n<meta property=\"og:url\" content=\"https:\/\/insektenliebe.com\/de\/shop\/produkt\/spirostreptus-spec-9\/\" \/>\n<meta property=\"og:site_name\" content=\"Insektenliebe\" \/>\n<meta property=\"article:modified_time\" content=\"2026-04-15T13:34:10+00:00\" \/>\n<meta property=\"og:image\" content=\"https:\/\/insektenliebe.com\/wp-content\/uploads\/2025\/05\/Spirostreptus-spec.-9-1-2.jpg\" \/>\n\t<meta property=\"og:image:width\" content=\"820\" \/>\n\t<meta property=\"og:image:height\" content=\"820\" \/>\n\t<meta property=\"og:image:type\" content=\"image\/jpeg\" \/>\n<meta name=\"twitter:card\" content=\"summary_large_image\" \/>\n<meta name=\"twitter:label1\" content=\"Gesch\u00e4tzte Lesezeit\" \/>\n\t<meta name=\"twitter:data1\" content=\"1\u00a0Minute\" \/>\n<script type=\"application\/ld+json\" class=\"yoast-schema-graph\">{\"@context\":\"https:\\\/\\\/schema.org\",\"@graph\":[{\"@type\":\"WebPage\",\"@id\":\"https:\\\/\\\/insektenliebe.com\\\/de\\\/shop\\\/produkt\\\/spirostreptus-spec-9\\\/\",\"url\":\"https:\\\/\\\/insektenliebe.com\\\/de\\\/shop\\\/produkt\\\/spirostreptus-spec-9\\\/\",\"name\":\"Spirostreptus spec. 9 - Insektenliebe\",\"isPartOf\":{\"@id\":\"https:\\\/\\\/insektenliebe.com\\\/de\\\/#website\"},\"primaryImageOfPage\":{\"@id\":\"https:\\\/\\\/insektenliebe.com\\\/de\\\/shop\\\/produkt\\\/spirostreptus-spec-9\\\/#primaryimage\"},\"image\":{\"@id\":\"https:\\\/\\\/insektenliebe.com\\\/de\\\/shop\\\/produkt\\\/spirostreptus-spec-9\\\/#primaryimage\"},\"thumbnailUrl\":\"https:\\\/\\\/insektenliebe.com\\\/wp-content\\\/uploads\\\/2025\\\/05\\\/Spirostreptus-spec.-9-1-2.jpg\",\"datePublished\":\"2019-05-20T19:35:48+00:00\",\"dateModified\":\"2026-04-15T13:34:10+00:00\",\"description\":\"G\u00fcnstige Spirostreptus spec. 9 online kaufen. Eine sehr gro\u00dfe Art, die im Vergleich zu anderen gro\u00dfen Diplopoden eine tolle Farberscheinung hat.\",\"breadcrumb\":{\"@id\":\"https:\\\/\\\/insektenliebe.com\\\/de\\\/shop\\\/produkt\\\/spirostreptus-spec-9\\\/#breadcrumb\"},\"inLanguage\":\"de\",\"potentialAction\":[{\"@type\":\"ReadAction\",\"target\":[\"https:\\\/\\\/insektenliebe.com\\\/de\\\/shop\\\/produkt\\\/spirostreptus-spec-9\\\/\"]}]},{\"@type\":\"ImageObject\",\"inLanguage\":\"de\",\"@id\":\"https:\\\/\\\/insektenliebe.com\\\/de\\\/shop\\\/produkt\\\/spirostreptus-spec-9\\\/#primaryimage\",\"url\":\"https:\\\/\\\/insektenliebe.com\\\/wp-content\\\/uploads\\\/2025\\\/05\\\/Spirostreptus-spec.-9-1-2.jpg\",\"contentUrl\":\"https:\\\/\\\/insektenliebe.com\\\/wp-content\\\/uploads\\\/2025\\\/05\\\/Spirostreptus-spec.-9-1-2.jpg\",\"width\":820,\"height\":820,\"caption\":\"Spirostreptus-spec.-9-1-2.jpg\"},{\"@type\":\"BreadcrumbList\",\"@id\":\"https:\\\/\\\/insektenliebe.com\\\/de\\\/shop\\\/produkt\\\/spirostreptus-spec-9\\\/#breadcrumb\",\"itemListElement\":[{\"@type\":\"ListItem\",\"position\":1,\"name\":\"Startseite\",\"item\":\"https:\\\/\\\/insektenliebe.com\\\/de\\\/\"},{\"@type\":\"ListItem\",\"position\":2,\"name\":\"Shop\",\"item\":\"https:\\\/\\\/insektenliebe.com\\\/de\\\/shop\\\/\"},{\"@type\":\"ListItem\",\"position\":3,\"name\":\"Spirostreptus spec. 9\"}]},{\"@type\":\"WebSite\",\"@id\":\"https:\\\/\\\/insektenliebe.com\\\/de\\\/#website\",\"url\":\"https:\\\/\\\/insektenliebe.com\\\/de\\\/\",\"name\":\"Insektenliebe\",\"description\":\"Dein Zuhause f\u00fcr die kleinen Lebewesen\",\"publisher\":{\"@id\":\"https:\\\/\\\/insektenliebe.com\\\/de\\\/#organization\"},\"potentialAction\":[{\"@type\":\"SearchAction\",\"target\":{\"@type\":\"EntryPoint\",\"urlTemplate\":\"https:\\\/\\\/insektenliebe.com\\\/de\\\/?s={search_term_string}\"},\"query-input\":{\"@type\":\"PropertyValueSpecification\",\"valueRequired\":true,\"valueName\":\"search_term_string\"}}],\"inLanguage\":\"de\"},{\"@type\":\"Organization\",\"@id\":\"https:\\\/\\\/insektenliebe.com\\\/de\\\/#organization\",\"name\":\"Insektenliebe\",\"url\":\"https:\\\/\\\/insektenliebe.com\\\/de\\\/\",\"logo\":{\"@type\":\"ImageObject\",\"inLanguage\":\"de\",\"@id\":\"https:\\\/\\\/insektenliebe.com\\\/de\\\/#\\\/schema\\\/logo\\\/image\\\/\",\"url\":\"https:\\\/\\\/insektenliebe.com\\\/wp-content\\\/uploads\\\/2025\\\/03\\\/logo-white.png\",\"contentUrl\":\"https:\\\/\\\/insektenliebe.com\\\/wp-content\\\/uploads\\\/2025\\\/03\\\/logo-white.png\",\"width\":288,\"height\":188,\"caption\":\"Insektenliebe\"},\"image\":{\"@id\":\"https:\\\/\\\/insektenliebe.com\\\/de\\\/#\\\/schema\\\/logo\\\/image\\\/\"}}]}<\/script>\n<!-- \/ Yoast SEO plugin. -->","yoast_head_json":{"title":"Spirostreptus spec. 9 - Insektenliebe","description":"G\u00fcnstige Spirostreptus spec. 9 online kaufen. Eine sehr gro\u00dfe Art, die im Vergleich zu anderen gro\u00dfen Diplopoden eine tolle Farberscheinung hat.","robots":{"index":"index","follow":"follow","max-snippet":"max-snippet:-1","max-image-preview":"max-image-preview:large","max-video-preview":"max-video-preview:-1"},"canonical":"https:\/\/insektenliebe.com\/de\/shop\/produkt\/spirostreptus-spec-9\/","og_locale":"de_DE","og_type":"article","og_title":"Spirostreptus spec. 9 - Insektenliebe","og_description":"G\u00fcnstige Spirostreptus spec. 9 online kaufen. Eine sehr gro\u00dfe Art, die im Vergleich zu anderen gro\u00dfen Diplopoden eine tolle Farberscheinung hat.","og_url":"https:\/\/insektenliebe.com\/de\/shop\/produkt\/spirostreptus-spec-9\/","og_site_name":"Insektenliebe","article_modified_time":"2026-04-15T13:34:10+00:00","og_image":[{"width":820,"height":820,"url":"https:\/\/insektenliebe.com\/wp-content\/uploads\/2025\/05\/Spirostreptus-spec.-9-1-2.jpg","type":"image\/jpeg"}],"twitter_card":"summary_large_image","twitter_misc":{"Gesch\u00e4tzte Lesezeit":"1\u00a0Minute"},"schema":{"@context":"https:\/\/schema.org","@graph":[{"@type":"WebPage","@id":"https:\/\/insektenliebe.com\/de\/shop\/produkt\/spirostreptus-spec-9\/","url":"https:\/\/insektenliebe.com\/de\/shop\/produkt\/spirostreptus-spec-9\/","name":"Spirostreptus spec. 9 - Insektenliebe","isPartOf":{"@id":"https:\/\/insektenliebe.com\/de\/#website"},"primaryImageOfPage":{"@id":"https:\/\/insektenliebe.com\/de\/shop\/produkt\/spirostreptus-spec-9\/#primaryimage"},"image":{"@id":"https:\/\/insektenliebe.com\/de\/shop\/produkt\/spirostreptus-spec-9\/#primaryimage"},"thumbnailUrl":"https:\/\/insektenliebe.com\/wp-content\/uploads\/2025\/05\/Spirostreptus-spec.-9-1-2.jpg","datePublished":"2019-05-20T19:35:48+00:00","dateModified":"2026-04-15T13:34:10+00:00","description":"G\u00fcnstige Spirostreptus spec. 9 online kaufen. Eine sehr gro\u00dfe Art, die im Vergleich zu anderen gro\u00dfen Diplopoden eine tolle Farberscheinung hat.","breadcrumb":{"@id":"https:\/\/insektenliebe.com\/de\/shop\/produkt\/spirostreptus-spec-9\/#breadcrumb"},"inLanguage":"de","potentialAction":[{"@type":"ReadAction","target":["https:\/\/insektenliebe.com\/de\/shop\/produkt\/spirostreptus-spec-9\/"]}]},{"@type":"ImageObject","inLanguage":"de","@id":"https:\/\/insektenliebe.com\/de\/shop\/produkt\/spirostreptus-spec-9\/#primaryimage","url":"https:\/\/insektenliebe.com\/wp-content\/uploads\/2025\/05\/Spirostreptus-spec.-9-1-2.jpg","contentUrl":"https:\/\/insektenliebe.com\/wp-content\/uploads\/2025\/05\/Spirostreptus-spec.-9-1-2.jpg","width":820,"height":820,"caption":"Spirostreptus-spec.-9-1-2.jpg"},{"@type":"BreadcrumbList","@id":"https:\/\/insektenliebe.com\/de\/shop\/produkt\/spirostreptus-spec-9\/#breadcrumb","itemListElement":[{"@type":"ListItem","position":1,"name":"Startseite","item":"https:\/\/insektenliebe.com\/de\/"},{"@type":"ListItem","position":2,"name":"Shop","item":"https:\/\/insektenliebe.com\/de\/shop\/"},{"@type":"ListItem","position":3,"name":"Spirostreptus spec. 9"}]},{"@type":"WebSite","@id":"https:\/\/insektenliebe.com\/de\/#website","url":"https:\/\/insektenliebe.com\/de\/","name":"Insektenliebe","description":"Dein Zuhause f\u00fcr die kleinen Lebewesen","publisher":{"@id":"https:\/\/insektenliebe.com\/de\/#organization"},"potentialAction":[{"@type":"SearchAction","target":{"@type":"EntryPoint","urlTemplate":"https:\/\/insektenliebe.com\/de\/?s={search_term_string}"},"query-input":{"@type":"PropertyValueSpecification","valueRequired":true,"valueName":"search_term_string"}}],"inLanguage":"de"},{"@type":"Organization","@id":"https:\/\/insektenliebe.com\/de\/#organization","name":"Insektenliebe","url":"https:\/\/insektenliebe.com\/de\/","logo":{"@type":"ImageObject","inLanguage":"de","@id":"https:\/\/insektenliebe.com\/de\/#\/schema\/logo\/image\/","url":"https:\/\/insektenliebe.com\/wp-content\/uploads\/2025\/03\/logo-white.png","contentUrl":"https:\/\/insektenliebe.com\/wp-content\/uploads\/2025\/03\/logo-white.png","width":288,"height":188,"caption":"Insektenliebe"},"image":{"@id":"https:\/\/insektenliebe.com\/de\/#\/schema\/logo\/image\/"}}]}},"_links":{"self":[{"href":"https:\/\/insektenliebe.com\/de\/wp-json\/wp\/v2\/product\/4606","targetHints":{"allow":["GET"]}}],"collection":[{"href":"https:\/\/insektenliebe.com\/de\/wp-json\/wp\/v2\/product"}],"about":[{"href":"https:\/\/insektenliebe.com\/de\/wp-json\/wp\/v2\/types\/product"}],"wp:featuredmedia":[{"embeddable":true,"href":"https:\/\/insektenliebe.com\/de\/wp-json\/wp\/v2\/media\/4636"}],"wp:attachment":[{"href":"https:\/\/insektenliebe.com\/de\/wp-json\/wp\/v2\/media?parent=4606"}],"wp:term":[{"taxonomy":"product-supplier","embeddable":true,"href":"https:\/\/insektenliebe.com\/de\/wp-json\/wp\/v2\/product-supplier?post=4606"},{"taxonomy":"product_brand","embeddable":true,"href":"https:\/\/insektenliebe.com\/de\/wp-json\/wp\/v2\/product_brand?post=4606"},{"taxonomy":"product_cat","embeddable":true,"href":"https:\/\/insektenliebe.com\/de\/wp-json\/wp\/v2\/product_cat?post=4606"},{"taxonomy":"product_tag","embeddable":true,"href":"https:\/\/insektenliebe.com\/de\/wp-json\/wp\/v2\/product_tag?post=4606"},{"taxonomy":"lce-checkout-addons","embeddable":true,"href":"https:\/\/insektenliebe.com\/de\/wp-json\/wp\/v2\/lce-checkout-addons?post=4606"}],"curies":[{"name":"wp","href":"https:\/\/api.w.org\/{rel}","templated":true}]}}