{"id":4604,"date":"2019-04-13T21:09:43","date_gmt":"2019-04-13T21:09:43","guid":{"rendered":"http:\/\/localhost\/ins-test\/?post_type=product&#038;p=4604"},"modified":"2026-04-06T10:09:29","modified_gmt":"2026-04-06T08:09:29","slug":"unident-spec-african-grey","status":"publish","type":"product","link":"https:\/\/insektenliebe.com\/de\/shop\/produkt\/unident-spec-african-grey\/","title":{"rendered":"Unident. spec. \"African Grey\""},"content":{"rendered":"<h3 class=\"p1\"><span style=\"color: #99cc33;\"><strong><span class=\"s1\">Unident. spec. African \u201cGrey\u201d \u2013 Der elegante Grauton unter den Tausendf\u00fc\u00dfern<\/span><\/strong><\/span><\/h3>\n<p class=\"p1\"><span class=\"s1\">Mit seiner sanften, silbergrauen F\u00e4rbung bringt der <strong>Unident. spec. \"African Grey\"<\/strong><\/span><span class=\"s1\">\u00a0ein ruhiges und zugleich faszinierendes Erscheinungsbild ins Terrarium. Diese afrikanische Tausendf\u00fc\u00dferart z\u00e4hlt zu den mittelgro\u00dfen bis gro\u00dfen Arten und \u00fcberzeugt nicht nur optisch, sondern auch durch ihre robuste und anpassungsf\u00e4hige Natur. Der gleichm\u00e4\u00dfige K\u00f6rperbau, die ruhige Fortbewegung und das dezente, edle Farbspiel machen diesen Vertreter zu einem besonderen Blickfang f\u00fcr Sammler und Liebhaber exotischer Wirbelloser.<\/span><\/p>\n<p class=\"p1\"><span class=\"s1\">Die Haltung ist unkompliziert: Ein gut durchl\u00fcftetes Terrarium mit einem leicht feuchten, humusreichen Substrat (idealerweise Laubhumus mit Wei\u00dffaules Holz) bildet die Basis. Als Bodenpolizei und Dekomponisten tragen diese Tiere aktiv zur Zersetzung organischer Materialien bei und unterst\u00fctzen ein stabiles Mikroklima \u2013 ideal auch f\u00fcr bioaktive Setups.<\/span><\/p>\n<p class=\"p1\"><span class=\"s1\">Zur Ern\u00e4hrung eignen sich weichere Gem\u00fcsesorten wie Karotte, Zucchini, Pastinake oder S\u00fc\u00dfkartoffel, gerne erg\u00e4nzt durch Laub und gelegentlich Fischfutter oder Gammarus. Wichtig ist eine konstante Grundfeuchte, ohne Staun\u00e4sse, sowie ausreichend Versteckm\u00f6glichkeiten durch Korkst\u00fccke oder Moospolster.<\/span><\/p>\n<p class=\"p1\"><span class=\"s1\">Der <strong>Unident. spec. \"African Grey\"<\/strong><\/span><span class=\"s1\">\u00a0ist eine friedliche und sehr beobachtenswerte Art, die auch in Gruppen gut gehalten werden kann. Durch seine ruhige Art eignet er sich hervorragend f\u00fcr Einsteiger in die Welt der Diplopoden, ist aber auch f\u00fcr erfahrene Halter durch seine Herkunft und Farbgebung von gro\u00dfem Interesse.<\/span><\/p>\n<div style=\"width: 1920px;\" class=\"wp-video\"><video class=\"wp-video-shortcode\" id=\"video-4604-1\" width=\"1920\" height=\"1080\" preload=\"metadata\" controls=\"controls\"><source type=\"video\/mp4\" src=\"https:\/\/insektenliebe.com\/wp-content\/uploads\/2019\/04\/African-Grey-Millipede-Produktvideo.mp4?_=1\" \/><a href=\"https:\/\/insektenliebe.com\/wp-content\/uploads\/2019\/04\/African-Grey-Millipede-Produktvideo.mp4\">https:\/\/insektenliebe.com\/wp-content\/uploads\/2019\/04\/African-Grey-Millipede-Produktvideo.mp4<\/a><\/video><\/div>\n","protected":false},"excerpt":{"rendered":"<p>Unident. spec. African \u201cGrey\u201d \u2013 Der elegante Grauton unter den Tausendf\u00fc\u00dfern Mit seiner sanften, silbergrauen F\u00e4rbung bringt der Unident. spec. \"African Grey\"\u00a0ein ruhiges und zugleich faszinierendes Erscheinungsbild ins Terrarium. Diese afrikanische Tausendf\u00fc\u00dferart z\u00e4hlt zu den mittelgro\u00dfen bis gro\u00dfen Arten und \u00fcberzeugt nicht nur optisch, sondern auch durch ihre robuste und anpassungsf\u00e4hige Natur. Der gleichm\u00e4\u00dfige K\u00f6rperbau, [&hellip;]<\/p>\n","protected":false},"featured_media":179686,"template":"","meta":{"_acf_changed":false},"product-supplier":[],"product_brand":[],"product_cat":[144],"product_tag":[],"lce-checkout-addons":[1202],"class_list":{"0":"post-4604","1":"product","2":"type-product","3":"status-publish","4":"has-post-thumbnail","6":"product_cat-tausendfuesser","7":"product_shipping_class-animal-shipping","8":"pa_herkunft-nigeria","9":"pa_kontinent-afrika","10":"lce-checkout-addons-winterverpackung","12":"first","13":"instock","14":"taxable","15":"shipping-taxable","16":"purchasable","17":"product-type-simple"},"acf":[],"yoast_head":"<!-- This site is optimized with the Yoast SEO plugin v27.3 - https:\/\/yoast.com\/product\/yoast-seo-wordpress\/ -->\n<title>Unident. spec. &quot;African Grey&quot; - Insektenliebe<\/title>\n<meta name=\"description\" content=\"G\u00fcnstige Unident. spec. &quot;African Grey&quot; online kaufen. Die wei\u00dfen F\u00fc\u00dfe sind ein toller Kontrast zu ihrem sch\u00f6nen matten Erscheinungsbild.\" \/>\n<meta name=\"robots\" content=\"index, follow, max-snippet:-1, max-image-preview:large, max-video-preview:-1\" \/>\n<link rel=\"canonical\" href=\"https:\/\/insektenliebe.com\/de\/shop\/produkt\/unident-spec-african-grey\/\" \/>\n<meta property=\"og:locale\" content=\"de_DE\" \/>\n<meta property=\"og:type\" content=\"article\" \/>\n<meta property=\"og:title\" content=\"Unident. spec. &quot;African Grey&quot; - Insektenliebe\" \/>\n<meta property=\"og:description\" content=\"G\u00fcnstige Unident. spec. &quot;African Grey&quot; online kaufen. Die wei\u00dfen F\u00fc\u00dfe sind ein toller Kontrast zu ihrem sch\u00f6nen matten Erscheinungsbild.\" \/>\n<meta property=\"og:url\" content=\"https:\/\/insektenliebe.com\/de\/shop\/produkt\/unident-spec-african-grey\/\" \/>\n<meta property=\"og:site_name\" content=\"Insektenliebe\" \/>\n<meta property=\"article:modified_time\" content=\"2026-04-06T08:09:29+00:00\" \/>\n<meta property=\"og:image\" content=\"https:\/\/insektenliebe.com\/wp-content\/uploads\/2019\/04\/Unident.-spec.-22African-Grey22.jpg\" \/>\n\t<meta property=\"og:image:width\" content=\"820\" \/>\n\t<meta property=\"og:image:height\" content=\"820\" \/>\n\t<meta property=\"og:image:type\" content=\"image\/jpeg\" \/>\n<meta name=\"twitter:card\" content=\"summary_large_image\" \/>\n<meta name=\"twitter:label1\" content=\"Gesch\u00e4tzte Lesezeit\" \/>\n\t<meta name=\"twitter:data1\" content=\"2\u00a0Minuten\" \/>\n<script type=\"application\/ld+json\" class=\"yoast-schema-graph\">{\"@context\":\"https:\\\/\\\/schema.org\",\"@graph\":[{\"@type\":\"WebPage\",\"@id\":\"https:\\\/\\\/insektenliebe.com\\\/de\\\/shop\\\/produkt\\\/unident-spec-african-grey\\\/\",\"url\":\"https:\\\/\\\/insektenliebe.com\\\/de\\\/shop\\\/produkt\\\/unident-spec-african-grey\\\/\",\"name\":\"Unident. spec. \\\"African Grey\\\" - Insektenliebe\",\"isPartOf\":{\"@id\":\"https:\\\/\\\/insektenliebe.com\\\/de\\\/#website\"},\"primaryImageOfPage\":{\"@id\":\"https:\\\/\\\/insektenliebe.com\\\/de\\\/shop\\\/produkt\\\/unident-spec-african-grey\\\/#primaryimage\"},\"image\":{\"@id\":\"https:\\\/\\\/insektenliebe.com\\\/de\\\/shop\\\/produkt\\\/unident-spec-african-grey\\\/#primaryimage\"},\"thumbnailUrl\":\"https:\\\/\\\/insektenliebe.com\\\/wp-content\\\/uploads\\\/2019\\\/04\\\/Unident.-spec.-22African-Grey22.jpg\",\"datePublished\":\"2019-04-13T21:09:43+00:00\",\"dateModified\":\"2026-04-06T08:09:29+00:00\",\"description\":\"G\u00fcnstige Unident. spec. \\\"African Grey\\\" online kaufen. Die wei\u00dfen F\u00fc\u00dfe sind ein toller Kontrast zu ihrem sch\u00f6nen matten Erscheinungsbild.\",\"breadcrumb\":{\"@id\":\"https:\\\/\\\/insektenliebe.com\\\/de\\\/shop\\\/produkt\\\/unident-spec-african-grey\\\/#breadcrumb\"},\"inLanguage\":\"de\",\"potentialAction\":[{\"@type\":\"ReadAction\",\"target\":[\"https:\\\/\\\/insektenliebe.com\\\/de\\\/shop\\\/produkt\\\/unident-spec-african-grey\\\/\"]}]},{\"@type\":\"ImageObject\",\"inLanguage\":\"de\",\"@id\":\"https:\\\/\\\/insektenliebe.com\\\/de\\\/shop\\\/produkt\\\/unident-spec-african-grey\\\/#primaryimage\",\"url\":\"https:\\\/\\\/insektenliebe.com\\\/wp-content\\\/uploads\\\/2019\\\/04\\\/Unident.-spec.-22African-Grey22.jpg\",\"contentUrl\":\"https:\\\/\\\/insektenliebe.com\\\/wp-content\\\/uploads\\\/2019\\\/04\\\/Unident.-spec.-22African-Grey22.jpg\",\"width\":820,\"height\":820,\"caption\":\"Unident. spec. \\\"African Grey\\\"\"},{\"@type\":\"BreadcrumbList\",\"@id\":\"https:\\\/\\\/insektenliebe.com\\\/de\\\/shop\\\/produkt\\\/unident-spec-african-grey\\\/#breadcrumb\",\"itemListElement\":[{\"@type\":\"ListItem\",\"position\":1,\"name\":\"Startseite\",\"item\":\"https:\\\/\\\/insektenliebe.com\\\/de\\\/\"},{\"@type\":\"ListItem\",\"position\":2,\"name\":\"Shop\",\"item\":\"https:\\\/\\\/insektenliebe.com\\\/de\\\/shop\\\/\"},{\"@type\":\"ListItem\",\"position\":3,\"name\":\"Unident. spec. &#8222;African Grey&#8220;\"}]},{\"@type\":\"WebSite\",\"@id\":\"https:\\\/\\\/insektenliebe.com\\\/de\\\/#website\",\"url\":\"https:\\\/\\\/insektenliebe.com\\\/de\\\/\",\"name\":\"Insektenliebe\",\"description\":\"Dein Zuhause f\u00fcr die kleinen Lebewesen\",\"publisher\":{\"@id\":\"https:\\\/\\\/insektenliebe.com\\\/de\\\/#organization\"},\"potentialAction\":[{\"@type\":\"SearchAction\",\"target\":{\"@type\":\"EntryPoint\",\"urlTemplate\":\"https:\\\/\\\/insektenliebe.com\\\/de\\\/?s={search_term_string}\"},\"query-input\":{\"@type\":\"PropertyValueSpecification\",\"valueRequired\":true,\"valueName\":\"search_term_string\"}}],\"inLanguage\":\"de\"},{\"@type\":\"Organization\",\"@id\":\"https:\\\/\\\/insektenliebe.com\\\/de\\\/#organization\",\"name\":\"Insektenliebe\",\"url\":\"https:\\\/\\\/insektenliebe.com\\\/de\\\/\",\"logo\":{\"@type\":\"ImageObject\",\"inLanguage\":\"de\",\"@id\":\"https:\\\/\\\/insektenliebe.com\\\/de\\\/#\\\/schema\\\/logo\\\/image\\\/\",\"url\":\"https:\\\/\\\/insektenliebe.com\\\/wp-content\\\/uploads\\\/2025\\\/03\\\/logo-white.png\",\"contentUrl\":\"https:\\\/\\\/insektenliebe.com\\\/wp-content\\\/uploads\\\/2025\\\/03\\\/logo-white.png\",\"width\":288,\"height\":188,\"caption\":\"Insektenliebe\"},\"image\":{\"@id\":\"https:\\\/\\\/insektenliebe.com\\\/de\\\/#\\\/schema\\\/logo\\\/image\\\/\"}}]}<\/script>\n<!-- \/ Yoast SEO plugin. -->","yoast_head_json":{"title":"Unident. spec. \"African Grey\" - Insektenliebe","description":"G\u00fcnstige Unident. spec. \"African Grey\" online kaufen. Die wei\u00dfen F\u00fc\u00dfe sind ein toller Kontrast zu ihrem sch\u00f6nen matten Erscheinungsbild.","robots":{"index":"index","follow":"follow","max-snippet":"max-snippet:-1","max-image-preview":"max-image-preview:large","max-video-preview":"max-video-preview:-1"},"canonical":"https:\/\/insektenliebe.com\/de\/shop\/produkt\/unident-spec-african-grey\/","og_locale":"de_DE","og_type":"article","og_title":"Unident. spec. \"African Grey\" - Insektenliebe","og_description":"G\u00fcnstige Unident. spec. \"African Grey\" online kaufen. Die wei\u00dfen F\u00fc\u00dfe sind ein toller Kontrast zu ihrem sch\u00f6nen matten Erscheinungsbild.","og_url":"https:\/\/insektenliebe.com\/de\/shop\/produkt\/unident-spec-african-grey\/","og_site_name":"Insektenliebe","article_modified_time":"2026-04-06T08:09:29+00:00","og_image":[{"width":820,"height":820,"url":"https:\/\/insektenliebe.com\/wp-content\/uploads\/2019\/04\/Unident.-spec.-22African-Grey22.jpg","type":"image\/jpeg"}],"twitter_card":"summary_large_image","twitter_misc":{"Gesch\u00e4tzte Lesezeit":"2\u00a0Minuten"},"schema":{"@context":"https:\/\/schema.org","@graph":[{"@type":"WebPage","@id":"https:\/\/insektenliebe.com\/de\/shop\/produkt\/unident-spec-african-grey\/","url":"https:\/\/insektenliebe.com\/de\/shop\/produkt\/unident-spec-african-grey\/","name":"Unident. spec. \"African Grey\" - Insektenliebe","isPartOf":{"@id":"https:\/\/insektenliebe.com\/de\/#website"},"primaryImageOfPage":{"@id":"https:\/\/insektenliebe.com\/de\/shop\/produkt\/unident-spec-african-grey\/#primaryimage"},"image":{"@id":"https:\/\/insektenliebe.com\/de\/shop\/produkt\/unident-spec-african-grey\/#primaryimage"},"thumbnailUrl":"https:\/\/insektenliebe.com\/wp-content\/uploads\/2019\/04\/Unident.-spec.-22African-Grey22.jpg","datePublished":"2019-04-13T21:09:43+00:00","dateModified":"2026-04-06T08:09:29+00:00","description":"G\u00fcnstige Unident. spec. \"African Grey\" online kaufen. Die wei\u00dfen F\u00fc\u00dfe sind ein toller Kontrast zu ihrem sch\u00f6nen matten Erscheinungsbild.","breadcrumb":{"@id":"https:\/\/insektenliebe.com\/de\/shop\/produkt\/unident-spec-african-grey\/#breadcrumb"},"inLanguage":"de","potentialAction":[{"@type":"ReadAction","target":["https:\/\/insektenliebe.com\/de\/shop\/produkt\/unident-spec-african-grey\/"]}]},{"@type":"ImageObject","inLanguage":"de","@id":"https:\/\/insektenliebe.com\/de\/shop\/produkt\/unident-spec-african-grey\/#primaryimage","url":"https:\/\/insektenliebe.com\/wp-content\/uploads\/2019\/04\/Unident.-spec.-22African-Grey22.jpg","contentUrl":"https:\/\/insektenliebe.com\/wp-content\/uploads\/2019\/04\/Unident.-spec.-22African-Grey22.jpg","width":820,"height":820,"caption":"Unident. spec. \"African Grey\""},{"@type":"BreadcrumbList","@id":"https:\/\/insektenliebe.com\/de\/shop\/produkt\/unident-spec-african-grey\/#breadcrumb","itemListElement":[{"@type":"ListItem","position":1,"name":"Startseite","item":"https:\/\/insektenliebe.com\/de\/"},{"@type":"ListItem","position":2,"name":"Shop","item":"https:\/\/insektenliebe.com\/de\/shop\/"},{"@type":"ListItem","position":3,"name":"Unident. spec. &#8222;African Grey&#8220;"}]},{"@type":"WebSite","@id":"https:\/\/insektenliebe.com\/de\/#website","url":"https:\/\/insektenliebe.com\/de\/","name":"Insektenliebe","description":"Dein Zuhause f\u00fcr die kleinen Lebewesen","publisher":{"@id":"https:\/\/insektenliebe.com\/de\/#organization"},"potentialAction":[{"@type":"SearchAction","target":{"@type":"EntryPoint","urlTemplate":"https:\/\/insektenliebe.com\/de\/?s={search_term_string}"},"query-input":{"@type":"PropertyValueSpecification","valueRequired":true,"valueName":"search_term_string"}}],"inLanguage":"de"},{"@type":"Organization","@id":"https:\/\/insektenliebe.com\/de\/#organization","name":"Insektenliebe","url":"https:\/\/insektenliebe.com\/de\/","logo":{"@type":"ImageObject","inLanguage":"de","@id":"https:\/\/insektenliebe.com\/de\/#\/schema\/logo\/image\/","url":"https:\/\/insektenliebe.com\/wp-content\/uploads\/2025\/03\/logo-white.png","contentUrl":"https:\/\/insektenliebe.com\/wp-content\/uploads\/2025\/03\/logo-white.png","width":288,"height":188,"caption":"Insektenliebe"},"image":{"@id":"https:\/\/insektenliebe.com\/de\/#\/schema\/logo\/image\/"}}]}},"_links":{"self":[{"href":"https:\/\/insektenliebe.com\/de\/wp-json\/wp\/v2\/product\/4604","targetHints":{"allow":["GET"]}}],"collection":[{"href":"https:\/\/insektenliebe.com\/de\/wp-json\/wp\/v2\/product"}],"about":[{"href":"https:\/\/insektenliebe.com\/de\/wp-json\/wp\/v2\/types\/product"}],"wp:featuredmedia":[{"embeddable":true,"href":"https:\/\/insektenliebe.com\/de\/wp-json\/wp\/v2\/media\/179686"}],"wp:attachment":[{"href":"https:\/\/insektenliebe.com\/de\/wp-json\/wp\/v2\/media?parent=4604"}],"wp:term":[{"taxonomy":"product-supplier","embeddable":true,"href":"https:\/\/insektenliebe.com\/de\/wp-json\/wp\/v2\/product-supplier?post=4604"},{"taxonomy":"product_brand","embeddable":true,"href":"https:\/\/insektenliebe.com\/de\/wp-json\/wp\/v2\/product_brand?post=4604"},{"taxonomy":"product_cat","embeddable":true,"href":"https:\/\/insektenliebe.com\/de\/wp-json\/wp\/v2\/product_cat?post=4604"},{"taxonomy":"product_tag","embeddable":true,"href":"https:\/\/insektenliebe.com\/de\/wp-json\/wp\/v2\/product_tag?post=4604"},{"taxonomy":"lce-checkout-addons","embeddable":true,"href":"https:\/\/insektenliebe.com\/de\/wp-json\/wp\/v2\/lce-checkout-addons?post=4604"}],"curies":[{"name":"wp","href":"https:\/\/api.w.org\/{rel}","templated":true}]}}