{"id":4601,"date":"2019-04-02T11:35:08","date_gmt":"2019-04-02T11:35:08","guid":{"rendered":"http:\/\/localhost\/ins-test\/?post_type=product&#038;p=4601"},"modified":"2026-02-21T15:48:23","modified_gmt":"2026-02-21T14:48:23","slug":"atopochetus-dollfusi","status":"publish","type":"product","link":"https:\/\/insektenliebe.com\/de\/shop\/produkt\/atopochetus-dollfusi\/","title":{"rendered":"Atopochetus dollfusi"},"content":{"rendered":"<h3 class=\"p1\"><span style=\"color: #99cc33\"><strong><span class=\"s1\">Atopochetus dollfusi \u2013 Wenn Natur zum Erlebnis wird<\/span><\/strong><\/span><\/h3>\n<p class=\"p1\"><strong>Atopochetus dollfusi<\/strong> ehemals Tonkinbolus dollfusi besitzt einen grau und schwarz geringelten K\u00f6rper mit einem blassroten Streifen auf dem R\u00fccken. Das Kopfschild (Collum), die Antennen, sowie auch die Beine dieser Art sind rot gef\u00e4rbt. Der Telsondorn ist ebenfalls rot. Auf den Wehrdr\u00fcsenausg\u00e4ngen besitzen sie schwarze Punkte.<\/p>\n<p class=\"p1\">Atopochetus dollfusi ist eine aus Thailand und Vietnam stammende, bis zu 110 mm gro\u00df werdende Art. Sie beeindrucken vor allem mit ihrer sch\u00f6nen F\u00e4rbung, der sie auch den deutschen Namen Regenbogentausendf\u00fc\u00dfer zu verdanken haben. Die Art gilt als schwer zu halten und nicht f\u00fcr Anf\u00e4nger geeignet. Die Nachzucht von Tonkinbolus dollfusi ist recht schwer. Die Tiere werden unter vielen verschiedenen Namen wie beispielsweise silberner Rotstreifen Tausendf\u00fc\u00dfer oder blauroter Vietnamtausendf\u00fc\u00dfer angeboten. In der Natur leben die Tiere in Bodenn\u00e4he vor allem in W\u00e4ldern, aber auch auf Plantagen sind sie zu finden. Bei guter Haltung k\u00f6nnen sie ein Alter von bis zu 5 Jahren erreichen.<\/p>\n<p class=\"p1\">Die Grundfl\u00e4che f\u00fcr ein Terrarium f\u00fcr Atopochetus dollfusi sollte 40 mm x 30 mm nicht unterschreiten. Das Substrat sollte mindestens 10 cm hoch eingestreut sein, besser mehr.<\/p>\n<p class=\"p1\">Temperaturen um die 23-25\u00b0C haben sich bei dieser Art genauso bew\u00e4hrt, wie eine Luftfeuchtigkeit von dauerhaft \u00fcber 75%. Die Tiere sind, wie fast alle Tausendf\u00fc\u00dferarten, \u00fcberwiegend d\u00e4mmerungs- und nachtaktiv. Deshalb kann auf eine zus\u00e4tzliche Beleuchtung verzichtet werden. Die W\u00e4rme sollte immer von oben in das Terrarium eingebracht werde. Um die Feuchtigkeit im Substrat zu halten, kann man es mit einer Rinde, Moosen oder Laub abdecken. Atopochetus dollfusi ist im Gegensatz zu den meisten anderen Arten nur selten an der Oberfl\u00e4che zu sehen und h\u00e4lt sich vorwiegend im Substrat auf. Unterschl\u00fcpfe in Form von Rindenst\u00fccken, kleinen H\u00f6hlen usw. werden gerne angenommen. Gurken, \u00c4pfel, Fischfutter und vieles mehr k\u00f6nnen als Futter angeboten werden, die Hauptnahrungsquelle stellt bei dieser Art allerdings das Substrat dar.<\/p>\n<div style=\"width: 1920px;\" class=\"wp-video\"><video class=\"wp-video-shortcode\" id=\"video-4601-1\" width=\"1920\" height=\"1080\" preload=\"metadata\" controls=\"controls\"><source type=\"video\/mp4\" src=\"https:\/\/insektenliebe.com\/wp-content\/uploads\/2019\/04\/Tonkinbolus-dollfusi-Produktvideo.mp4?_=1\" \/><a href=\"https:\/\/insektenliebe.com\/wp-content\/uploads\/2019\/04\/Tonkinbolus-dollfusi-Produktvideo.mp4\">https:\/\/insektenliebe.com\/wp-content\/uploads\/2019\/04\/Tonkinbolus-dollfusi-Produktvideo.mp4<\/a><\/video><\/div>\n","protected":false},"excerpt":{"rendered":"<p>Atopochetus dollfusi \u2013 Wenn Natur zum Erlebnis wird Atopochetus dollfusi ehemals Tonkinbolus dollfusi besitzt einen grau und schwarz geringelten K\u00f6rper mit einem blassroten Streifen auf dem R\u00fccken. Das Kopfschild (Collum), die Antennen, sowie auch die Beine dieser Art sind rot gef\u00e4rbt. Der Telsondorn ist ebenfalls rot. Auf den Wehrdr\u00fcsenausg\u00e4ngen besitzen sie schwarze Punkte. Atopochetus dollfusi [&hellip;]<\/p>\n","protected":false},"featured_media":166557,"template":"","meta":{"_acf_changed":false},"product-supplier":[],"product_brand":[],"product_cat":[144],"product_tag":[],"lce-checkout-addons":[1202],"class_list":{"0":"post-4601","1":"product","2":"type-product","3":"status-publish","4":"has-post-thumbnail","6":"product_cat-tausendfuesser","7":"product_shipping_class-animal-shipping","8":"pa_herkunft-thailand","9":"pa_kontinent-asien","10":"lce-checkout-addons-winterverpackung","12":"first","13":"instock","14":"taxable","15":"shipping-taxable","16":"purchasable","17":"product-type-simple"},"acf":[],"yoast_head":"<!-- This site is optimized with the Yoast SEO plugin v27.3 - https:\/\/yoast.com\/product\/yoast-seo-wordpress\/ -->\n<title>Atopochetus dollfusi - Insektenliebe<\/title>\n<meta name=\"description\" content=\"G\u00fcnstige Atopochetus dollfusi online kaufen. Ein absolutes Highlight in jedem tropischen Terrarium! Direkt vom Z\u00fcchter kaufen!\" \/>\n<meta name=\"robots\" content=\"index, follow, max-snippet:-1, max-image-preview:large, max-video-preview:-1\" \/>\n<link rel=\"canonical\" href=\"https:\/\/insektenliebe.com\/de\/shop\/produkt\/atopochetus-dollfusi\/\" \/>\n<meta property=\"og:locale\" content=\"de_DE\" \/>\n<meta property=\"og:type\" content=\"article\" \/>\n<meta property=\"og:title\" content=\"Atopochetus dollfusi - Insektenliebe\" \/>\n<meta property=\"og:description\" content=\"G\u00fcnstige Atopochetus dollfusi online kaufen. Ein absolutes Highlight in jedem tropischen Terrarium! Direkt vom Z\u00fcchter kaufen!\" \/>\n<meta property=\"og:url\" content=\"https:\/\/insektenliebe.com\/de\/shop\/produkt\/atopochetus-dollfusi\/\" \/>\n<meta property=\"og:site_name\" content=\"Insektenliebe\" \/>\n<meta property=\"article:modified_time\" content=\"2026-02-21T14:48:23+00:00\" \/>\n<meta property=\"og:image\" content=\"https:\/\/insektenliebe.com\/wp-content\/uploads\/2019\/04\/Atopochetus-dollfusi-Wurzel.jpg\" \/>\n\t<meta property=\"og:image:width\" content=\"820\" \/>\n\t<meta property=\"og:image:height\" content=\"820\" \/>\n\t<meta property=\"og:image:type\" content=\"image\/jpeg\" \/>\n<meta name=\"twitter:card\" content=\"summary_large_image\" \/>\n<meta name=\"twitter:label1\" content=\"Gesch\u00e4tzte Lesezeit\" \/>\n\t<meta name=\"twitter:data1\" content=\"2\u00a0Minuten\" \/>\n<script type=\"application\/ld+json\" class=\"yoast-schema-graph\">{\"@context\":\"https:\\\/\\\/schema.org\",\"@graph\":[{\"@type\":\"WebPage\",\"@id\":\"https:\\\/\\\/insektenliebe.com\\\/de\\\/shop\\\/produkt\\\/atopochetus-dollfusi\\\/\",\"url\":\"https:\\\/\\\/insektenliebe.com\\\/de\\\/shop\\\/produkt\\\/atopochetus-dollfusi\\\/\",\"name\":\"Atopochetus dollfusi - Insektenliebe\",\"isPartOf\":{\"@id\":\"https:\\\/\\\/insektenliebe.com\\\/de\\\/#website\"},\"primaryImageOfPage\":{\"@id\":\"https:\\\/\\\/insektenliebe.com\\\/de\\\/shop\\\/produkt\\\/atopochetus-dollfusi\\\/#primaryimage\"},\"image\":{\"@id\":\"https:\\\/\\\/insektenliebe.com\\\/de\\\/shop\\\/produkt\\\/atopochetus-dollfusi\\\/#primaryimage\"},\"thumbnailUrl\":\"https:\\\/\\\/insektenliebe.com\\\/wp-content\\\/uploads\\\/2019\\\/04\\\/Atopochetus-dollfusi-Wurzel.jpg\",\"datePublished\":\"2019-04-02T11:35:08+00:00\",\"dateModified\":\"2026-02-21T14:48:23+00:00\",\"description\":\"G\u00fcnstige Atopochetus dollfusi online kaufen. Ein absolutes Highlight in jedem tropischen Terrarium! Direkt vom Z\u00fcchter kaufen!\",\"breadcrumb\":{\"@id\":\"https:\\\/\\\/insektenliebe.com\\\/de\\\/shop\\\/produkt\\\/atopochetus-dollfusi\\\/#breadcrumb\"},\"inLanguage\":\"de\",\"potentialAction\":[{\"@type\":\"ReadAction\",\"target\":[\"https:\\\/\\\/insektenliebe.com\\\/de\\\/shop\\\/produkt\\\/atopochetus-dollfusi\\\/\"]}]},{\"@type\":\"ImageObject\",\"inLanguage\":\"de\",\"@id\":\"https:\\\/\\\/insektenliebe.com\\\/de\\\/shop\\\/produkt\\\/atopochetus-dollfusi\\\/#primaryimage\",\"url\":\"https:\\\/\\\/insektenliebe.com\\\/wp-content\\\/uploads\\\/2019\\\/04\\\/Atopochetus-dollfusi-Wurzel.jpg\",\"contentUrl\":\"https:\\\/\\\/insektenliebe.com\\\/wp-content\\\/uploads\\\/2019\\\/04\\\/Atopochetus-dollfusi-Wurzel.jpg\",\"width\":820,\"height\":820,\"caption\":\"Atopochetus dollfusi Wurzel\"},{\"@type\":\"BreadcrumbList\",\"@id\":\"https:\\\/\\\/insektenliebe.com\\\/de\\\/shop\\\/produkt\\\/atopochetus-dollfusi\\\/#breadcrumb\",\"itemListElement\":[{\"@type\":\"ListItem\",\"position\":1,\"name\":\"Startseite\",\"item\":\"https:\\\/\\\/insektenliebe.com\\\/de\\\/\"},{\"@type\":\"ListItem\",\"position\":2,\"name\":\"Shop\",\"item\":\"https:\\\/\\\/insektenliebe.com\\\/de\\\/shop\\\/\"},{\"@type\":\"ListItem\",\"position\":3,\"name\":\"Atopochetus dollfusi\"}]},{\"@type\":\"WebSite\",\"@id\":\"https:\\\/\\\/insektenliebe.com\\\/de\\\/#website\",\"url\":\"https:\\\/\\\/insektenliebe.com\\\/de\\\/\",\"name\":\"Insektenliebe\",\"description\":\"Dein Zuhause f\u00fcr die kleinen Lebewesen\",\"publisher\":{\"@id\":\"https:\\\/\\\/insektenliebe.com\\\/de\\\/#organization\"},\"potentialAction\":[{\"@type\":\"SearchAction\",\"target\":{\"@type\":\"EntryPoint\",\"urlTemplate\":\"https:\\\/\\\/insektenliebe.com\\\/de\\\/?s={search_term_string}\"},\"query-input\":{\"@type\":\"PropertyValueSpecification\",\"valueRequired\":true,\"valueName\":\"search_term_string\"}}],\"inLanguage\":\"de\"},{\"@type\":\"Organization\",\"@id\":\"https:\\\/\\\/insektenliebe.com\\\/de\\\/#organization\",\"name\":\"Insektenliebe\",\"url\":\"https:\\\/\\\/insektenliebe.com\\\/de\\\/\",\"logo\":{\"@type\":\"ImageObject\",\"inLanguage\":\"de\",\"@id\":\"https:\\\/\\\/insektenliebe.com\\\/de\\\/#\\\/schema\\\/logo\\\/image\\\/\",\"url\":\"https:\\\/\\\/insektenliebe.com\\\/wp-content\\\/uploads\\\/2025\\\/03\\\/logo-white.png\",\"contentUrl\":\"https:\\\/\\\/insektenliebe.com\\\/wp-content\\\/uploads\\\/2025\\\/03\\\/logo-white.png\",\"width\":288,\"height\":188,\"caption\":\"Insektenliebe\"},\"image\":{\"@id\":\"https:\\\/\\\/insektenliebe.com\\\/de\\\/#\\\/schema\\\/logo\\\/image\\\/\"}}]}<\/script>\n<!-- \/ Yoast SEO plugin. -->","yoast_head_json":{"title":"Atopochetus dollfusi - Insektenliebe","description":"G\u00fcnstige Atopochetus dollfusi online kaufen. Ein absolutes Highlight in jedem tropischen Terrarium! Direkt vom Z\u00fcchter kaufen!","robots":{"index":"index","follow":"follow","max-snippet":"max-snippet:-1","max-image-preview":"max-image-preview:large","max-video-preview":"max-video-preview:-1"},"canonical":"https:\/\/insektenliebe.com\/de\/shop\/produkt\/atopochetus-dollfusi\/","og_locale":"de_DE","og_type":"article","og_title":"Atopochetus dollfusi - Insektenliebe","og_description":"G\u00fcnstige Atopochetus dollfusi online kaufen. Ein absolutes Highlight in jedem tropischen Terrarium! Direkt vom Z\u00fcchter kaufen!","og_url":"https:\/\/insektenliebe.com\/de\/shop\/produkt\/atopochetus-dollfusi\/","og_site_name":"Insektenliebe","article_modified_time":"2026-02-21T14:48:23+00:00","og_image":[{"width":820,"height":820,"url":"https:\/\/insektenliebe.com\/wp-content\/uploads\/2019\/04\/Atopochetus-dollfusi-Wurzel.jpg","type":"image\/jpeg"}],"twitter_card":"summary_large_image","twitter_misc":{"Gesch\u00e4tzte Lesezeit":"2\u00a0Minuten"},"schema":{"@context":"https:\/\/schema.org","@graph":[{"@type":"WebPage","@id":"https:\/\/insektenliebe.com\/de\/shop\/produkt\/atopochetus-dollfusi\/","url":"https:\/\/insektenliebe.com\/de\/shop\/produkt\/atopochetus-dollfusi\/","name":"Atopochetus dollfusi - Insektenliebe","isPartOf":{"@id":"https:\/\/insektenliebe.com\/de\/#website"},"primaryImageOfPage":{"@id":"https:\/\/insektenliebe.com\/de\/shop\/produkt\/atopochetus-dollfusi\/#primaryimage"},"image":{"@id":"https:\/\/insektenliebe.com\/de\/shop\/produkt\/atopochetus-dollfusi\/#primaryimage"},"thumbnailUrl":"https:\/\/insektenliebe.com\/wp-content\/uploads\/2019\/04\/Atopochetus-dollfusi-Wurzel.jpg","datePublished":"2019-04-02T11:35:08+00:00","dateModified":"2026-02-21T14:48:23+00:00","description":"G\u00fcnstige Atopochetus dollfusi online kaufen. Ein absolutes Highlight in jedem tropischen Terrarium! Direkt vom Z\u00fcchter kaufen!","breadcrumb":{"@id":"https:\/\/insektenliebe.com\/de\/shop\/produkt\/atopochetus-dollfusi\/#breadcrumb"},"inLanguage":"de","potentialAction":[{"@type":"ReadAction","target":["https:\/\/insektenliebe.com\/de\/shop\/produkt\/atopochetus-dollfusi\/"]}]},{"@type":"ImageObject","inLanguage":"de","@id":"https:\/\/insektenliebe.com\/de\/shop\/produkt\/atopochetus-dollfusi\/#primaryimage","url":"https:\/\/insektenliebe.com\/wp-content\/uploads\/2019\/04\/Atopochetus-dollfusi-Wurzel.jpg","contentUrl":"https:\/\/insektenliebe.com\/wp-content\/uploads\/2019\/04\/Atopochetus-dollfusi-Wurzel.jpg","width":820,"height":820,"caption":"Atopochetus dollfusi Wurzel"},{"@type":"BreadcrumbList","@id":"https:\/\/insektenliebe.com\/de\/shop\/produkt\/atopochetus-dollfusi\/#breadcrumb","itemListElement":[{"@type":"ListItem","position":1,"name":"Startseite","item":"https:\/\/insektenliebe.com\/de\/"},{"@type":"ListItem","position":2,"name":"Shop","item":"https:\/\/insektenliebe.com\/de\/shop\/"},{"@type":"ListItem","position":3,"name":"Atopochetus dollfusi"}]},{"@type":"WebSite","@id":"https:\/\/insektenliebe.com\/de\/#website","url":"https:\/\/insektenliebe.com\/de\/","name":"Insektenliebe","description":"Dein Zuhause f\u00fcr die kleinen Lebewesen","publisher":{"@id":"https:\/\/insektenliebe.com\/de\/#organization"},"potentialAction":[{"@type":"SearchAction","target":{"@type":"EntryPoint","urlTemplate":"https:\/\/insektenliebe.com\/de\/?s={search_term_string}"},"query-input":{"@type":"PropertyValueSpecification","valueRequired":true,"valueName":"search_term_string"}}],"inLanguage":"de"},{"@type":"Organization","@id":"https:\/\/insektenliebe.com\/de\/#organization","name":"Insektenliebe","url":"https:\/\/insektenliebe.com\/de\/","logo":{"@type":"ImageObject","inLanguage":"de","@id":"https:\/\/insektenliebe.com\/de\/#\/schema\/logo\/image\/","url":"https:\/\/insektenliebe.com\/wp-content\/uploads\/2025\/03\/logo-white.png","contentUrl":"https:\/\/insektenliebe.com\/wp-content\/uploads\/2025\/03\/logo-white.png","width":288,"height":188,"caption":"Insektenliebe"},"image":{"@id":"https:\/\/insektenliebe.com\/de\/#\/schema\/logo\/image\/"}}]}},"_links":{"self":[{"href":"https:\/\/insektenliebe.com\/de\/wp-json\/wp\/v2\/product\/4601","targetHints":{"allow":["GET"]}}],"collection":[{"href":"https:\/\/insektenliebe.com\/de\/wp-json\/wp\/v2\/product"}],"about":[{"href":"https:\/\/insektenliebe.com\/de\/wp-json\/wp\/v2\/types\/product"}],"wp:featuredmedia":[{"embeddable":true,"href":"https:\/\/insektenliebe.com\/de\/wp-json\/wp\/v2\/media\/166557"}],"wp:attachment":[{"href":"https:\/\/insektenliebe.com\/de\/wp-json\/wp\/v2\/media?parent=4601"}],"wp:term":[{"taxonomy":"product-supplier","embeddable":true,"href":"https:\/\/insektenliebe.com\/de\/wp-json\/wp\/v2\/product-supplier?post=4601"},{"taxonomy":"product_brand","embeddable":true,"href":"https:\/\/insektenliebe.com\/de\/wp-json\/wp\/v2\/product_brand?post=4601"},{"taxonomy":"product_cat","embeddable":true,"href":"https:\/\/insektenliebe.com\/de\/wp-json\/wp\/v2\/product_cat?post=4601"},{"taxonomy":"product_tag","embeddable":true,"href":"https:\/\/insektenliebe.com\/de\/wp-json\/wp\/v2\/product_tag?post=4601"},{"taxonomy":"lce-checkout-addons","embeddable":true,"href":"https:\/\/insektenliebe.com\/de\/wp-json\/wp\/v2\/lce-checkout-addons?post=4601"}],"curies":[{"name":"wp","href":"https:\/\/api.w.org\/{rel}","templated":true}]}}