{"id":4573,"date":"2018-04-18T15:14:00","date_gmt":"2018-04-18T13:14:00","guid":{"rendered":"http:\/\/localhost\/ins-test\/?post_type=product&#038;p=4573"},"modified":"2026-01-28T21:12:07","modified_gmt":"2026-01-28T20:12:07","slug":"porcellio-laevis-black","status":"publish","type":"product","link":"https:\/\/insektenliebe.com\/de\/shop\/produkt\/porcellio-laevis-black\/","title":{"rendered":"Porcellio laevis \"Black\""},"content":{"rendered":"<h3 class=\"p1\"><span style=\"color: #99cc33\"><strong><span class=\"s1\">Porcellio laevis \"Black\" \u2013 ideale Art f\u00fcr Einsteiger:innen<\/span><\/strong><\/span><\/h3>\n<p>Die Zuchtbox in der wir die <strong>Porcellio laevis \"Black\"<\/strong>\u00a0halten ist die farbenreichste in unserem ganzen Bestand. Die Tiere sind heterozygot \"Milkback\" und \"Panda\". Das bedeutet, sie tragen die Gene der anderen P. laevis Farbmorphen in sich drin und ihr Nachwuchs ist dadurch total unterschiedlich. Porcellio laevis \"Black\" kann bis zu 2,3 cm gro\u00df werden und hat eine Entwicklungszeit von etwa 7-8 Monaten. Sie ist sehr vermehrungsfreudig!<\/p>\n<p class=\"font_8\"><strong>Porcellio laevis \"Black\"<\/strong> besitzt einen flachen, breiten K\u00f6rper. Die Grundfarbe ist dunkelgrau bis schwarz. Sie haben graue Antennen und wei\u00dfe Beine.<\/p>\n<p class=\"font_8\">Die Tiere leben in der Streuschicht von Laubw\u00e4ldern, weshalb auch im Terrarium versucht werden sollte, diesen Lebensraum nachzustellen. Als Substrat dient ein Gemisch aus Laub, Erde, wei\u00dffaulem Holz und Kalk. Auf das Substrat kommt eine Schicht aus Moosen, Rindenst\u00fccken und Laub, damit die Tiere einerseits Unterschl\u00fcpfe vorfinden k\u00f6nnen und andererseits das Substrat nicht so schnell austrocknet. Die Feuchtigkeit im Becken sollte bei etwa 50-70% liegen, wobei darauf zu achten ist, dass das Substrat stets feucht, nicht aber nass gehalten werden sollte. <strong>Porcellio laevis \"Black\"<\/strong> ist eine sehr robuste Asselart und kann, wenn Staun\u00e4sse vermieden wird auch bei h\u00f6heren Luftfeuchtigkeiten gehalten werden. Bei Temperaturen zwischen 18 und 26\u00b0C sind die Asseln am aktivsten. <strong>Porcellio laevis \"Black\"<\/strong> kann man generell oft beobachten, da diese Asselart tagaktiv ist. Bei entsprechender Besatzungsdichte kann man immer welche entdecken wenn man in das Becken blickt.<\/p>\n<p class=\"font_8\"><strong>Porcellio laevis \"Black\"<\/strong> eignen sich hervorragend als Beibesatz in verschiedenen Becken. So kann man sie zum Beispiel bedenkenlos mit Schnecken, Tausendf\u00fc\u00dfern, Phasmiden, K\u00e4fern und Co. vergesellschaften. Viele Leute halten sich die Tiere als Gesundheitspolizei auch in Reptilienbecken, da sie Futterreste vertilgen und den Reptilien ab und an auch mal als Futter dienen. Als Futter f\u00fcr die Asseln w\u00fcrde theoretisch das im Substrat enthaltene organische Material ausreichen, da dies auch in der Natur das Hauptfutter der Tiere darstellt. Im Terrarium nehmen sie aber auch sehr gerne Gem\u00fcse, Bl\u00fcten, Obst und Asselfutter an.<\/p>\n","protected":false},"excerpt":{"rendered":"<p>Porcellio laevis \"Black\" \u2013 ideale Art f\u00fcr Einsteiger:innen Die Zuchtbox in der wir die Porcellio laevis \"Black\"\u00a0halten ist die farbenreichste in unserem ganzen Bestand. Die Tiere sind heterozygot \"Milkback\" und \"Panda\". Das bedeutet, sie tragen die Gene der anderen P. laevis Farbmorphen in sich drin und ihr Nachwuchs ist dadurch total unterschiedlich. Porcellio laevis \"Black\" [&hellip;]<\/p>\n","protected":false},"featured_media":4625,"template":"","meta":{"_acf_changed":false},"product-supplier":[],"product_brand":[],"product_cat":[627,124],"product_tag":[],"lce-checkout-addons":[1202],"class_list":{"0":"post-4573","1":"product","2":"type-product","3":"status-publish","4":"has-post-thumbnail","6":"product_cat-asseln","7":"product_cat-landasseln-porcellio","8":"product_shipping_class-animal-shipping","9":"pa_einsatz-food","10":"pa_einsatz-show","11":"pa_haltung-single","12":"pa_haltung-group","13":"pa_herkunft-kosmopolitisch","14":"pa_kontinent-afrika","15":"pa_kontinent-asien","16":"pa_kontinent-australien","17":"pa_kontinent-europa","18":"pa_kontinent-nordamerika","19":"pa_kontinent-suedamerika","20":"lce-checkout-addons-winterverpackung","22":"first","23":"instock","24":"taxable","25":"shipping-taxable","26":"purchasable","27":"product-type-simple"},"acf":[],"yoast_head":"<!-- This site is optimized with the Yoast SEO plugin v27.3 - https:\/\/yoast.com\/product\/yoast-seo-wordpress\/ -->\n<title>Porcellio laevis &quot;Black&quot; - Insektenliebe<\/title>\n<meta name=\"description\" content=\"G\u00fcnstige Porcellio laevis &quot;Black&quot; online kaufen. F\u00fcr alle die gerne sortieren und experimentieren m\u00f6chten ist das der perfekte Zuchtansatz.\" \/>\n<meta name=\"robots\" content=\"index, follow, max-snippet:-1, max-image-preview:large, max-video-preview:-1\" \/>\n<link rel=\"canonical\" href=\"https:\/\/insektenliebe.com\/de\/shop\/produkt\/porcellio-laevis-black\/\" \/>\n<meta property=\"og:locale\" content=\"de_DE\" \/>\n<meta property=\"og:type\" content=\"article\" \/>\n<meta property=\"og:title\" content=\"Porcellio laevis &quot;Black&quot; - Insektenliebe\" \/>\n<meta property=\"og:description\" content=\"G\u00fcnstige Porcellio laevis &quot;Black&quot; online kaufen. F\u00fcr alle die gerne sortieren und experimentieren m\u00f6chten ist das der perfekte Zuchtansatz.\" \/>\n<meta property=\"og:url\" content=\"https:\/\/insektenliebe.com\/de\/shop\/produkt\/porcellio-laevis-black\/\" \/>\n<meta property=\"og:site_name\" content=\"Insektenliebe\" \/>\n<meta property=\"article:modified_time\" content=\"2026-01-28T20:12:07+00:00\" \/>\n<meta property=\"og:image\" content=\"https:\/\/insektenliebe.com\/wp-content\/uploads\/2025\/05\/Porcellio-laevis-_Black_-2.jpg\" \/>\n\t<meta property=\"og:image:width\" content=\"820\" \/>\n\t<meta property=\"og:image:height\" content=\"820\" \/>\n\t<meta property=\"og:image:type\" content=\"image\/jpeg\" \/>\n<meta name=\"twitter:card\" content=\"summary_large_image\" \/>\n<meta name=\"twitter:label1\" content=\"Gesch\u00e4tzte Lesezeit\" \/>\n\t<meta name=\"twitter:data1\" content=\"3\u00a0Minuten\" \/>\n<script type=\"application\/ld+json\" class=\"yoast-schema-graph\">{\"@context\":\"https:\\\/\\\/schema.org\",\"@graph\":[{\"@type\":\"WebPage\",\"@id\":\"https:\\\/\\\/insektenliebe.com\\\/de\\\/shop\\\/produkt\\\/porcellio-laevis-black\\\/\",\"url\":\"https:\\\/\\\/insektenliebe.com\\\/de\\\/shop\\\/produkt\\\/porcellio-laevis-black\\\/\",\"name\":\"Porcellio laevis \\\"Black\\\" - Insektenliebe\",\"isPartOf\":{\"@id\":\"https:\\\/\\\/insektenliebe.com\\\/de\\\/#website\"},\"primaryImageOfPage\":{\"@id\":\"https:\\\/\\\/insektenliebe.com\\\/de\\\/shop\\\/produkt\\\/porcellio-laevis-black\\\/#primaryimage\"},\"image\":{\"@id\":\"https:\\\/\\\/insektenliebe.com\\\/de\\\/shop\\\/produkt\\\/porcellio-laevis-black\\\/#primaryimage\"},\"thumbnailUrl\":\"https:\\\/\\\/insektenliebe.com\\\/wp-content\\\/uploads\\\/2025\\\/05\\\/Porcellio-laevis-_Black_-2.jpg\",\"datePublished\":\"2018-04-18T13:14:00+00:00\",\"dateModified\":\"2026-01-28T20:12:07+00:00\",\"description\":\"G\u00fcnstige Porcellio laevis \\\"Black\\\" online kaufen. F\u00fcr alle die gerne sortieren und experimentieren m\u00f6chten ist das der perfekte Zuchtansatz.\",\"breadcrumb\":{\"@id\":\"https:\\\/\\\/insektenliebe.com\\\/de\\\/shop\\\/produkt\\\/porcellio-laevis-black\\\/#breadcrumb\"},\"inLanguage\":\"de\",\"potentialAction\":[{\"@type\":\"ReadAction\",\"target\":[\"https:\\\/\\\/insektenliebe.com\\\/de\\\/shop\\\/produkt\\\/porcellio-laevis-black\\\/\"]}]},{\"@type\":\"ImageObject\",\"inLanguage\":\"de\",\"@id\":\"https:\\\/\\\/insektenliebe.com\\\/de\\\/shop\\\/produkt\\\/porcellio-laevis-black\\\/#primaryimage\",\"url\":\"https:\\\/\\\/insektenliebe.com\\\/wp-content\\\/uploads\\\/2025\\\/05\\\/Porcellio-laevis-_Black_-2.jpg\",\"contentUrl\":\"https:\\\/\\\/insektenliebe.com\\\/wp-content\\\/uploads\\\/2025\\\/05\\\/Porcellio-laevis-_Black_-2.jpg\",\"width\":820,\"height\":820,\"caption\":\"Porcellio-laevis-_Black_-2.jpg\"},{\"@type\":\"BreadcrumbList\",\"@id\":\"https:\\\/\\\/insektenliebe.com\\\/de\\\/shop\\\/produkt\\\/porcellio-laevis-black\\\/#breadcrumb\",\"itemListElement\":[{\"@type\":\"ListItem\",\"position\":1,\"name\":\"Startseite\",\"item\":\"https:\\\/\\\/insektenliebe.com\\\/de\\\/\"},{\"@type\":\"ListItem\",\"position\":2,\"name\":\"Shop\",\"item\":\"https:\\\/\\\/insektenliebe.com\\\/de\\\/shop\\\/\"},{\"@type\":\"ListItem\",\"position\":3,\"name\":\"Porcellio laevis &#8222;Black&#8220;\"}]},{\"@type\":\"WebSite\",\"@id\":\"https:\\\/\\\/insektenliebe.com\\\/de\\\/#website\",\"url\":\"https:\\\/\\\/insektenliebe.com\\\/de\\\/\",\"name\":\"Insektenliebe\",\"description\":\"Dein Zuhause f\u00fcr die kleinen Lebewesen\",\"publisher\":{\"@id\":\"https:\\\/\\\/insektenliebe.com\\\/de\\\/#organization\"},\"potentialAction\":[{\"@type\":\"SearchAction\",\"target\":{\"@type\":\"EntryPoint\",\"urlTemplate\":\"https:\\\/\\\/insektenliebe.com\\\/de\\\/?s={search_term_string}\"},\"query-input\":{\"@type\":\"PropertyValueSpecification\",\"valueRequired\":true,\"valueName\":\"search_term_string\"}}],\"inLanguage\":\"de\"},{\"@type\":\"Organization\",\"@id\":\"https:\\\/\\\/insektenliebe.com\\\/de\\\/#organization\",\"name\":\"Insektenliebe\",\"url\":\"https:\\\/\\\/insektenliebe.com\\\/de\\\/\",\"logo\":{\"@type\":\"ImageObject\",\"inLanguage\":\"de\",\"@id\":\"https:\\\/\\\/insektenliebe.com\\\/de\\\/#\\\/schema\\\/logo\\\/image\\\/\",\"url\":\"https:\\\/\\\/insektenliebe.com\\\/wp-content\\\/uploads\\\/2025\\\/03\\\/logo-white.png\",\"contentUrl\":\"https:\\\/\\\/insektenliebe.com\\\/wp-content\\\/uploads\\\/2025\\\/03\\\/logo-white.png\",\"width\":288,\"height\":188,\"caption\":\"Insektenliebe\"},\"image\":{\"@id\":\"https:\\\/\\\/insektenliebe.com\\\/de\\\/#\\\/schema\\\/logo\\\/image\\\/\"}}]}<\/script>\n<!-- \/ Yoast SEO plugin. -->","yoast_head_json":{"title":"Porcellio laevis \"Black\" - Insektenliebe","description":"G\u00fcnstige Porcellio laevis \"Black\" online kaufen. F\u00fcr alle die gerne sortieren und experimentieren m\u00f6chten ist das der perfekte Zuchtansatz.","robots":{"index":"index","follow":"follow","max-snippet":"max-snippet:-1","max-image-preview":"max-image-preview:large","max-video-preview":"max-video-preview:-1"},"canonical":"https:\/\/insektenliebe.com\/de\/shop\/produkt\/porcellio-laevis-black\/","og_locale":"de_DE","og_type":"article","og_title":"Porcellio laevis \"Black\" - Insektenliebe","og_description":"G\u00fcnstige Porcellio laevis \"Black\" online kaufen. F\u00fcr alle die gerne sortieren und experimentieren m\u00f6chten ist das der perfekte Zuchtansatz.","og_url":"https:\/\/insektenliebe.com\/de\/shop\/produkt\/porcellio-laevis-black\/","og_site_name":"Insektenliebe","article_modified_time":"2026-01-28T20:12:07+00:00","og_image":[{"width":820,"height":820,"url":"https:\/\/insektenliebe.com\/wp-content\/uploads\/2025\/05\/Porcellio-laevis-_Black_-2.jpg","type":"image\/jpeg"}],"twitter_card":"summary_large_image","twitter_misc":{"Gesch\u00e4tzte Lesezeit":"3\u00a0Minuten"},"schema":{"@context":"https:\/\/schema.org","@graph":[{"@type":"WebPage","@id":"https:\/\/insektenliebe.com\/de\/shop\/produkt\/porcellio-laevis-black\/","url":"https:\/\/insektenliebe.com\/de\/shop\/produkt\/porcellio-laevis-black\/","name":"Porcellio laevis \"Black\" - Insektenliebe","isPartOf":{"@id":"https:\/\/insektenliebe.com\/de\/#website"},"primaryImageOfPage":{"@id":"https:\/\/insektenliebe.com\/de\/shop\/produkt\/porcellio-laevis-black\/#primaryimage"},"image":{"@id":"https:\/\/insektenliebe.com\/de\/shop\/produkt\/porcellio-laevis-black\/#primaryimage"},"thumbnailUrl":"https:\/\/insektenliebe.com\/wp-content\/uploads\/2025\/05\/Porcellio-laevis-_Black_-2.jpg","datePublished":"2018-04-18T13:14:00+00:00","dateModified":"2026-01-28T20:12:07+00:00","description":"G\u00fcnstige Porcellio laevis \"Black\" online kaufen. F\u00fcr alle die gerne sortieren und experimentieren m\u00f6chten ist das der perfekte Zuchtansatz.","breadcrumb":{"@id":"https:\/\/insektenliebe.com\/de\/shop\/produkt\/porcellio-laevis-black\/#breadcrumb"},"inLanguage":"de","potentialAction":[{"@type":"ReadAction","target":["https:\/\/insektenliebe.com\/de\/shop\/produkt\/porcellio-laevis-black\/"]}]},{"@type":"ImageObject","inLanguage":"de","@id":"https:\/\/insektenliebe.com\/de\/shop\/produkt\/porcellio-laevis-black\/#primaryimage","url":"https:\/\/insektenliebe.com\/wp-content\/uploads\/2025\/05\/Porcellio-laevis-_Black_-2.jpg","contentUrl":"https:\/\/insektenliebe.com\/wp-content\/uploads\/2025\/05\/Porcellio-laevis-_Black_-2.jpg","width":820,"height":820,"caption":"Porcellio-laevis-_Black_-2.jpg"},{"@type":"BreadcrumbList","@id":"https:\/\/insektenliebe.com\/de\/shop\/produkt\/porcellio-laevis-black\/#breadcrumb","itemListElement":[{"@type":"ListItem","position":1,"name":"Startseite","item":"https:\/\/insektenliebe.com\/de\/"},{"@type":"ListItem","position":2,"name":"Shop","item":"https:\/\/insektenliebe.com\/de\/shop\/"},{"@type":"ListItem","position":3,"name":"Porcellio laevis &#8222;Black&#8220;"}]},{"@type":"WebSite","@id":"https:\/\/insektenliebe.com\/de\/#website","url":"https:\/\/insektenliebe.com\/de\/","name":"Insektenliebe","description":"Dein Zuhause f\u00fcr die kleinen Lebewesen","publisher":{"@id":"https:\/\/insektenliebe.com\/de\/#organization"},"potentialAction":[{"@type":"SearchAction","target":{"@type":"EntryPoint","urlTemplate":"https:\/\/insektenliebe.com\/de\/?s={search_term_string}"},"query-input":{"@type":"PropertyValueSpecification","valueRequired":true,"valueName":"search_term_string"}}],"inLanguage":"de"},{"@type":"Organization","@id":"https:\/\/insektenliebe.com\/de\/#organization","name":"Insektenliebe","url":"https:\/\/insektenliebe.com\/de\/","logo":{"@type":"ImageObject","inLanguage":"de","@id":"https:\/\/insektenliebe.com\/de\/#\/schema\/logo\/image\/","url":"https:\/\/insektenliebe.com\/wp-content\/uploads\/2025\/03\/logo-white.png","contentUrl":"https:\/\/insektenliebe.com\/wp-content\/uploads\/2025\/03\/logo-white.png","width":288,"height":188,"caption":"Insektenliebe"},"image":{"@id":"https:\/\/insektenliebe.com\/de\/#\/schema\/logo\/image\/"}}]}},"_links":{"self":[{"href":"https:\/\/insektenliebe.com\/de\/wp-json\/wp\/v2\/product\/4573","targetHints":{"allow":["GET"]}}],"collection":[{"href":"https:\/\/insektenliebe.com\/de\/wp-json\/wp\/v2\/product"}],"about":[{"href":"https:\/\/insektenliebe.com\/de\/wp-json\/wp\/v2\/types\/product"}],"wp:featuredmedia":[{"embeddable":true,"href":"https:\/\/insektenliebe.com\/de\/wp-json\/wp\/v2\/media\/4625"}],"wp:attachment":[{"href":"https:\/\/insektenliebe.com\/de\/wp-json\/wp\/v2\/media?parent=4573"}],"wp:term":[{"taxonomy":"product-supplier","embeddable":true,"href":"https:\/\/insektenliebe.com\/de\/wp-json\/wp\/v2\/product-supplier?post=4573"},{"taxonomy":"product_brand","embeddable":true,"href":"https:\/\/insektenliebe.com\/de\/wp-json\/wp\/v2\/product_brand?post=4573"},{"taxonomy":"product_cat","embeddable":true,"href":"https:\/\/insektenliebe.com\/de\/wp-json\/wp\/v2\/product_cat?post=4573"},{"taxonomy":"product_tag","embeddable":true,"href":"https:\/\/insektenliebe.com\/de\/wp-json\/wp\/v2\/product_tag?post=4573"},{"taxonomy":"lce-checkout-addons","embeddable":true,"href":"https:\/\/insektenliebe.com\/de\/wp-json\/wp\/v2\/lce-checkout-addons?post=4573"}],"curies":[{"name":"wp","href":"https:\/\/api.w.org\/{rel}","templated":true}]}}