{"id":4562,"date":"2018-11-05T15:40:13","date_gmt":"2018-11-05T15:40:13","guid":{"rendered":"http:\/\/localhost\/ins-test\/?post_type=product&#038;p=4562"},"modified":"2026-02-07T22:24:19","modified_gmt":"2026-02-07T21:24:19","slug":"spirostreptus-gregorius","status":"publish","type":"product","link":"https:\/\/insektenliebe.com\/de\/shop\/produkt\/spirostreptus-gregorius\/","title":{"rendered":"Spirostreptus gregorius"},"content":{"rendered":"<h3><span style=\"color: #99cc33\">Kurzbeschreibung:<\/span><\/h3>\n<p class=\"font_8\">Spirostreptus gregorius ist eine schlanke, bis zu 120 mm lange, aus dem Kongo und Angola stammende Art. S. gregorius werden des \u00f6fteren auch als Spirostreptus spec. 2 angeboten. Sie gelten als relativ einfach nachzuziehen und einfach zu halten. In ihrer Heimat bewohnen sie \u00fcberwiegend offene Waldgebiete. Das erreichbare Alter wird oft mit 4-5 Jahren angegeben, die Geschlechtsreife tritt mit etwa 2,5-3 Jahren ein. Nachzuchten werden oft als Anf\u00e4ngerart genannt und sind regelm\u00e4\u00dfig im Handel zu finden.<\/p>\n<p class=\"font_8\">Spirostreptus gregorius ist oliv- bis gr\u00fcngeringelt. Sein K\u00f6rper ist au\u00dferordentlich schlank und so\u00a0wirkt er auch noch mit 120 mm l\u00e4nge sehr grazil. Das Collum (Kopfschild) ist ebenfalls oliv bis gr\u00fcn\u00a0gef\u00e4rbt. Die F\u00fchler sind meist braun. Seine langen Beine sind rotbraun gef\u00e4rbt. Bei den m\u00e4nnlichen Tieren ist das 7. Segment stark verdickt.<\/p>\n<p>Spirostreptus gregorius kann ab einer Kantenl\u00e4nge von 40 cm x 30 cm gehalten werden. Wichtig ist, dass das Terrarium ausreichend hoch ist, um Kletter\u00e4ste unterzubringen, da S. gregorius gute Kletterer sind. Wie fast alle Diplopodenarten sind auch sie d\u00e4mmerungs- bzw. nachtaktiv. Auf eine zus\u00e4tzliche Beleuchtung kann daher verzichtet werden. Das Substrat sollte mindestens 10 cm hoch eingestreut sein, besser h\u00f6her. Eine Temperatur im Terrarium von 22\u00b0C - 26\u00b0C hat sich bei uns bew\u00e4hrt. Die Luftfeuchtigkeit sollte bei 60-70% liegen. Um den Boden vor dem Austrocknen zu sch\u00fctzen, kann man Laub, Rindenst\u00fccke oder Moose darauf verteilen. Hier ist auch der Lieblingsplatz von Spirostreptus gregorius. Als Futter dient ihnen haupts\u00e4chlich das, im Substrat enthaltene, organische Material. Zusatzfutter jeglicher Art wird dennoch sehr gerne angenommen.<\/p>\n","protected":false},"excerpt":{"rendered":"<p>Kurzbeschreibung: Spirostreptus gregorius ist eine schlanke, bis zu 120 mm lange, aus dem Kongo und Angola stammende Art. S. gregorius werden des \u00f6fteren auch als Spirostreptus spec. 2 angeboten. Sie gelten als relativ einfach nachzuziehen und einfach zu halten. In ihrer Heimat bewohnen sie \u00fcberwiegend offene Waldgebiete. Das erreichbare Alter wird oft mit 4-5 Jahren [&hellip;]<\/p>\n","protected":false},"featured_media":4592,"template":"","meta":{"_acf_changed":false},"product-supplier":[],"product_brand":[],"product_cat":[144],"product_tag":[],"lce-checkout-addons":[1202],"class_list":{"0":"post-4562","1":"product","2":"type-product","3":"status-publish","4":"has-post-thumbnail","6":"product_cat-tausendfuesser","7":"product_shipping_class-animal-shipping","8":"pa_herkunft-kongo","9":"pa_kontinent-afrika","10":"lce-checkout-addons-winterverpackung","12":"first","13":"outofstock","14":"taxable","15":"shipping-taxable","16":"purchasable","17":"product-type-simple"},"acf":[],"yoast_head":"<!-- This site is optimized with the Yoast SEO plugin v27.3 - https:\/\/yoast.com\/product\/yoast-seo-wordpress\/ -->\n<title>Spirostreptus gregorius - Insektenliebe<\/title>\n<meta name=\"description\" content=\"G\u00fcnstige Spirostreptus gregorius online kaufen. Sehr h\u00fcbscher und einfach zu haltender Tausendf\u00fc\u00dfer direkt vom Z\u00fcchter kaufen!\" \/>\n<meta name=\"robots\" content=\"index, follow, max-snippet:-1, max-image-preview:large, max-video-preview:-1\" \/>\n<link rel=\"canonical\" href=\"https:\/\/insektenliebe.com\/de\/shop\/produkt\/spirostreptus-gregorius\/\" \/>\n<meta property=\"og:locale\" content=\"de_DE\" \/>\n<meta property=\"og:type\" content=\"article\" \/>\n<meta property=\"og:title\" content=\"Spirostreptus gregorius - Insektenliebe\" \/>\n<meta property=\"og:description\" content=\"G\u00fcnstige Spirostreptus gregorius online kaufen. Sehr h\u00fcbscher und einfach zu haltender Tausendf\u00fc\u00dfer direkt vom Z\u00fcchter kaufen!\" \/>\n<meta property=\"og:url\" content=\"https:\/\/insektenliebe.com\/de\/shop\/produkt\/spirostreptus-gregorius\/\" \/>\n<meta property=\"og:site_name\" content=\"Insektenliebe\" \/>\n<meta property=\"article:modified_time\" content=\"2026-02-07T21:24:19+00:00\" \/>\n<meta property=\"og:image\" content=\"https:\/\/insektenliebe.com\/wp-content\/uploads\/2025\/05\/Spirostreptus-gregorius-1-2.jpg\" \/>\n\t<meta property=\"og:image:width\" content=\"820\" \/>\n\t<meta property=\"og:image:height\" content=\"820\" \/>\n\t<meta property=\"og:image:type\" content=\"image\/jpeg\" \/>\n<meta name=\"twitter:card\" content=\"summary_large_image\" \/>\n<meta name=\"twitter:label1\" content=\"Gesch\u00e4tzte Lesezeit\" \/>\n\t<meta name=\"twitter:data1\" content=\"2\u00a0Minuten\" \/>\n<script type=\"application\/ld+json\" class=\"yoast-schema-graph\">{\"@context\":\"https:\\\/\\\/schema.org\",\"@graph\":[{\"@type\":\"WebPage\",\"@id\":\"https:\\\/\\\/insektenliebe.com\\\/de\\\/shop\\\/produkt\\\/spirostreptus-gregorius\\\/\",\"url\":\"https:\\\/\\\/insektenliebe.com\\\/de\\\/shop\\\/produkt\\\/spirostreptus-gregorius\\\/\",\"name\":\"Spirostreptus gregorius - Insektenliebe\",\"isPartOf\":{\"@id\":\"https:\\\/\\\/insektenliebe.com\\\/de\\\/#website\"},\"primaryImageOfPage\":{\"@id\":\"https:\\\/\\\/insektenliebe.com\\\/de\\\/shop\\\/produkt\\\/spirostreptus-gregorius\\\/#primaryimage\"},\"image\":{\"@id\":\"https:\\\/\\\/insektenliebe.com\\\/de\\\/shop\\\/produkt\\\/spirostreptus-gregorius\\\/#primaryimage\"},\"thumbnailUrl\":\"https:\\\/\\\/insektenliebe.com\\\/wp-content\\\/uploads\\\/2025\\\/05\\\/Spirostreptus-gregorius-1-2.jpg\",\"datePublished\":\"2018-11-05T15:40:13+00:00\",\"dateModified\":\"2026-02-07T21:24:19+00:00\",\"description\":\"G\u00fcnstige Spirostreptus gregorius online kaufen. Sehr h\u00fcbscher und einfach zu haltender Tausendf\u00fc\u00dfer direkt vom Z\u00fcchter kaufen!\",\"breadcrumb\":{\"@id\":\"https:\\\/\\\/insektenliebe.com\\\/de\\\/shop\\\/produkt\\\/spirostreptus-gregorius\\\/#breadcrumb\"},\"inLanguage\":\"de\",\"potentialAction\":[{\"@type\":\"ReadAction\",\"target\":[\"https:\\\/\\\/insektenliebe.com\\\/de\\\/shop\\\/produkt\\\/spirostreptus-gregorius\\\/\"]}]},{\"@type\":\"ImageObject\",\"inLanguage\":\"de\",\"@id\":\"https:\\\/\\\/insektenliebe.com\\\/de\\\/shop\\\/produkt\\\/spirostreptus-gregorius\\\/#primaryimage\",\"url\":\"https:\\\/\\\/insektenliebe.com\\\/wp-content\\\/uploads\\\/2025\\\/05\\\/Spirostreptus-gregorius-1-2.jpg\",\"contentUrl\":\"https:\\\/\\\/insektenliebe.com\\\/wp-content\\\/uploads\\\/2025\\\/05\\\/Spirostreptus-gregorius-1-2.jpg\",\"width\":820,\"height\":820,\"caption\":\"Spirostreptus-gregorius-1-2.jpg\"},{\"@type\":\"BreadcrumbList\",\"@id\":\"https:\\\/\\\/insektenliebe.com\\\/de\\\/shop\\\/produkt\\\/spirostreptus-gregorius\\\/#breadcrumb\",\"itemListElement\":[{\"@type\":\"ListItem\",\"position\":1,\"name\":\"Startseite\",\"item\":\"https:\\\/\\\/insektenliebe.com\\\/de\\\/\"},{\"@type\":\"ListItem\",\"position\":2,\"name\":\"Shop\",\"item\":\"https:\\\/\\\/insektenliebe.com\\\/de\\\/shop\\\/\"},{\"@type\":\"ListItem\",\"position\":3,\"name\":\"Spirostreptus gregorius\"}]},{\"@type\":\"WebSite\",\"@id\":\"https:\\\/\\\/insektenliebe.com\\\/de\\\/#website\",\"url\":\"https:\\\/\\\/insektenliebe.com\\\/de\\\/\",\"name\":\"Insektenliebe\",\"description\":\"Dein Zuhause f\u00fcr die kleinen Lebewesen\",\"publisher\":{\"@id\":\"https:\\\/\\\/insektenliebe.com\\\/de\\\/#organization\"},\"potentialAction\":[{\"@type\":\"SearchAction\",\"target\":{\"@type\":\"EntryPoint\",\"urlTemplate\":\"https:\\\/\\\/insektenliebe.com\\\/de\\\/?s={search_term_string}\"},\"query-input\":{\"@type\":\"PropertyValueSpecification\",\"valueRequired\":true,\"valueName\":\"search_term_string\"}}],\"inLanguage\":\"de\"},{\"@type\":\"Organization\",\"@id\":\"https:\\\/\\\/insektenliebe.com\\\/de\\\/#organization\",\"name\":\"Insektenliebe\",\"url\":\"https:\\\/\\\/insektenliebe.com\\\/de\\\/\",\"logo\":{\"@type\":\"ImageObject\",\"inLanguage\":\"de\",\"@id\":\"https:\\\/\\\/insektenliebe.com\\\/de\\\/#\\\/schema\\\/logo\\\/image\\\/\",\"url\":\"https:\\\/\\\/insektenliebe.com\\\/wp-content\\\/uploads\\\/2025\\\/03\\\/logo-white.png\",\"contentUrl\":\"https:\\\/\\\/insektenliebe.com\\\/wp-content\\\/uploads\\\/2025\\\/03\\\/logo-white.png\",\"width\":288,\"height\":188,\"caption\":\"Insektenliebe\"},\"image\":{\"@id\":\"https:\\\/\\\/insektenliebe.com\\\/de\\\/#\\\/schema\\\/logo\\\/image\\\/\"}}]}<\/script>\n<!-- \/ Yoast SEO plugin. -->","yoast_head_json":{"title":"Spirostreptus gregorius - Insektenliebe","description":"G\u00fcnstige Spirostreptus gregorius online kaufen. Sehr h\u00fcbscher und einfach zu haltender Tausendf\u00fc\u00dfer direkt vom Z\u00fcchter kaufen!","robots":{"index":"index","follow":"follow","max-snippet":"max-snippet:-1","max-image-preview":"max-image-preview:large","max-video-preview":"max-video-preview:-1"},"canonical":"https:\/\/insektenliebe.com\/de\/shop\/produkt\/spirostreptus-gregorius\/","og_locale":"de_DE","og_type":"article","og_title":"Spirostreptus gregorius - Insektenliebe","og_description":"G\u00fcnstige Spirostreptus gregorius online kaufen. Sehr h\u00fcbscher und einfach zu haltender Tausendf\u00fc\u00dfer direkt vom Z\u00fcchter kaufen!","og_url":"https:\/\/insektenliebe.com\/de\/shop\/produkt\/spirostreptus-gregorius\/","og_site_name":"Insektenliebe","article_modified_time":"2026-02-07T21:24:19+00:00","og_image":[{"width":820,"height":820,"url":"https:\/\/insektenliebe.com\/wp-content\/uploads\/2025\/05\/Spirostreptus-gregorius-1-2.jpg","type":"image\/jpeg"}],"twitter_card":"summary_large_image","twitter_misc":{"Gesch\u00e4tzte Lesezeit":"2\u00a0Minuten"},"schema":{"@context":"https:\/\/schema.org","@graph":[{"@type":"WebPage","@id":"https:\/\/insektenliebe.com\/de\/shop\/produkt\/spirostreptus-gregorius\/","url":"https:\/\/insektenliebe.com\/de\/shop\/produkt\/spirostreptus-gregorius\/","name":"Spirostreptus gregorius - Insektenliebe","isPartOf":{"@id":"https:\/\/insektenliebe.com\/de\/#website"},"primaryImageOfPage":{"@id":"https:\/\/insektenliebe.com\/de\/shop\/produkt\/spirostreptus-gregorius\/#primaryimage"},"image":{"@id":"https:\/\/insektenliebe.com\/de\/shop\/produkt\/spirostreptus-gregorius\/#primaryimage"},"thumbnailUrl":"https:\/\/insektenliebe.com\/wp-content\/uploads\/2025\/05\/Spirostreptus-gregorius-1-2.jpg","datePublished":"2018-11-05T15:40:13+00:00","dateModified":"2026-02-07T21:24:19+00:00","description":"G\u00fcnstige Spirostreptus gregorius online kaufen. Sehr h\u00fcbscher und einfach zu haltender Tausendf\u00fc\u00dfer direkt vom Z\u00fcchter kaufen!","breadcrumb":{"@id":"https:\/\/insektenliebe.com\/de\/shop\/produkt\/spirostreptus-gregorius\/#breadcrumb"},"inLanguage":"de","potentialAction":[{"@type":"ReadAction","target":["https:\/\/insektenliebe.com\/de\/shop\/produkt\/spirostreptus-gregorius\/"]}]},{"@type":"ImageObject","inLanguage":"de","@id":"https:\/\/insektenliebe.com\/de\/shop\/produkt\/spirostreptus-gregorius\/#primaryimage","url":"https:\/\/insektenliebe.com\/wp-content\/uploads\/2025\/05\/Spirostreptus-gregorius-1-2.jpg","contentUrl":"https:\/\/insektenliebe.com\/wp-content\/uploads\/2025\/05\/Spirostreptus-gregorius-1-2.jpg","width":820,"height":820,"caption":"Spirostreptus-gregorius-1-2.jpg"},{"@type":"BreadcrumbList","@id":"https:\/\/insektenliebe.com\/de\/shop\/produkt\/spirostreptus-gregorius\/#breadcrumb","itemListElement":[{"@type":"ListItem","position":1,"name":"Startseite","item":"https:\/\/insektenliebe.com\/de\/"},{"@type":"ListItem","position":2,"name":"Shop","item":"https:\/\/insektenliebe.com\/de\/shop\/"},{"@type":"ListItem","position":3,"name":"Spirostreptus gregorius"}]},{"@type":"WebSite","@id":"https:\/\/insektenliebe.com\/de\/#website","url":"https:\/\/insektenliebe.com\/de\/","name":"Insektenliebe","description":"Dein Zuhause f\u00fcr die kleinen Lebewesen","publisher":{"@id":"https:\/\/insektenliebe.com\/de\/#organization"},"potentialAction":[{"@type":"SearchAction","target":{"@type":"EntryPoint","urlTemplate":"https:\/\/insektenliebe.com\/de\/?s={search_term_string}"},"query-input":{"@type":"PropertyValueSpecification","valueRequired":true,"valueName":"search_term_string"}}],"inLanguage":"de"},{"@type":"Organization","@id":"https:\/\/insektenliebe.com\/de\/#organization","name":"Insektenliebe","url":"https:\/\/insektenliebe.com\/de\/","logo":{"@type":"ImageObject","inLanguage":"de","@id":"https:\/\/insektenliebe.com\/de\/#\/schema\/logo\/image\/","url":"https:\/\/insektenliebe.com\/wp-content\/uploads\/2025\/03\/logo-white.png","contentUrl":"https:\/\/insektenliebe.com\/wp-content\/uploads\/2025\/03\/logo-white.png","width":288,"height":188,"caption":"Insektenliebe"},"image":{"@id":"https:\/\/insektenliebe.com\/de\/#\/schema\/logo\/image\/"}}]}},"_links":{"self":[{"href":"https:\/\/insektenliebe.com\/de\/wp-json\/wp\/v2\/product\/4562","targetHints":{"allow":["GET"]}}],"collection":[{"href":"https:\/\/insektenliebe.com\/de\/wp-json\/wp\/v2\/product"}],"about":[{"href":"https:\/\/insektenliebe.com\/de\/wp-json\/wp\/v2\/types\/product"}],"wp:featuredmedia":[{"embeddable":true,"href":"https:\/\/insektenliebe.com\/de\/wp-json\/wp\/v2\/media\/4592"}],"wp:attachment":[{"href":"https:\/\/insektenliebe.com\/de\/wp-json\/wp\/v2\/media?parent=4562"}],"wp:term":[{"taxonomy":"product-supplier","embeddable":true,"href":"https:\/\/insektenliebe.com\/de\/wp-json\/wp\/v2\/product-supplier?post=4562"},{"taxonomy":"product_brand","embeddable":true,"href":"https:\/\/insektenliebe.com\/de\/wp-json\/wp\/v2\/product_brand?post=4562"},{"taxonomy":"product_cat","embeddable":true,"href":"https:\/\/insektenliebe.com\/de\/wp-json\/wp\/v2\/product_cat?post=4562"},{"taxonomy":"product_tag","embeddable":true,"href":"https:\/\/insektenliebe.com\/de\/wp-json\/wp\/v2\/product_tag?post=4562"},{"taxonomy":"lce-checkout-addons","embeddable":true,"href":"https:\/\/insektenliebe.com\/de\/wp-json\/wp\/v2\/lce-checkout-addons?post=4562"}],"curies":[{"name":"wp","href":"https:\/\/api.w.org\/{rel}","templated":true}]}}