{"id":4561,"date":"2018-11-05T15:21:47","date_gmt":"2018-11-05T15:21:47","guid":{"rendered":"http:\/\/localhost\/ins-test\/?post_type=product&#038;p=4561"},"modified":"2026-02-07T22:25:24","modified_gmt":"2026-02-07T21:25:24","slug":"centrobolus-spec-mosambik","status":"publish","type":"product","link":"https:\/\/insektenliebe.com\/de\/shop\/produkt\/centrobolus-spec-mosambik\/","title":{"rendered":"Centrobolus spec. \"Mosambik\""},"content":{"rendered":"<h3><span style=\"color: #99cc33\">Kurzbeschreibung:<\/span><\/h3>\n<p class=\"font_8\">Die Grundfarbe ist dunkelrot. Ab dem 6. Segment befinden sich auf den\u00a0Wehrdr\u00fcsenausg\u00e4ngen schwarze Punkte. Auf dem vorderen Abschnitt der Segmente befinden sich mehr oder weniger deutliche schwarze Flecken. Von der Basis der Beine befinden sich auf dem hinteren Abschnitt der Segmente (Metazonit) ein schwarzes Band, welches bis unterhalb der Wehrdr\u00fcsen reicht, in den hinteren Segmenten diese teilweise auch\u00a0erreicht. Das Kopfschild (Collum) ist schwarz, stellenweise dunkelrot marmoriert, mit einem roten Band am hinteren Rand, vorne schmal rot ges\u00e4umt. Kopf, Beine und Antennen sind schwarz.<\/p>\n<p class=\"font_8\">Centrobolus spec. \"Mosambik\" leben vermehrt auf B\u00e4umen und sind daher sehr gute Kletterer. Auch im Terrarium sollten gen\u00fcgend \u00c4ste zum Klettern angeboten werden. Das Substrat sollte mindestens 10 cm hoch eingef\u00fcllt sein, besser nat\u00fcrlich mehr.<\/p>\n<p class=\"font_8\">Eine Beleuchtung kann auch bei dieser Art verzichtet werden, es sollten aber dennoch einen Tag-Nacht-Rhythmus eingehalten werden. Also bitte nicht komplett dunkel stellen. Eine Temperatur von 22-26\u00b0C hat sich bei der Haltung dieser Tiere bew\u00e4hrt. Wir halten unsere Tiere bei durchgehend 60-80% Luftfeuchtigkeit. Um die Feuchtigkeit zu halten, kann man das Substrat mit Laub, Moos, Rinde oder \u00e4hnlichem abdecken. Als Futter dient sowohl das im Substrat enthaltene organische Material, als auch Zusatzfutter wie beispielsweise Gurken, Champignons oder Tausendf\u00fc\u00dfer-Futter. Die Art h\u00e4lt sich im adulten Status regelm\u00e4\u00dfig auf der Oberfl\u00e4che auf und kann super beobachtet werden. Die Nachzucht dieser Art ist relativ einfach und sie verzeiht auch mal den ein oder anderen Haltungsfehler, was sie zu einer guten Einsteigerart macht.<\/p>\n<p>Weitere Informationen findest du in unserem <a href=\"https:\/\/insektenliebe.com\/haltungsberichte\/diplopoden\/centrobolus-spec-mosambik\/\">Haltungsbericht!<\/a><\/p>\n<div style=\"width: 1920px;\" class=\"wp-video\"><video class=\"wp-video-shortcode\" id=\"video-4561-1\" width=\"1920\" height=\"1080\" preload=\"metadata\" controls=\"controls\"><source type=\"video\/mp4\" src=\"https:\/\/insektenliebe.com\/wp-content\/uploads\/2018\/11\/Centrobolus-spec.-Mosambik-Produktvideo.mp4?_=1\" \/><a href=\"https:\/\/insektenliebe.com\/wp-content\/uploads\/2018\/11\/Centrobolus-spec.-Mosambik-Produktvideo.mp4\">https:\/\/insektenliebe.com\/wp-content\/uploads\/2018\/11\/Centrobolus-spec.-Mosambik-Produktvideo.mp4<\/a><\/video><\/div>\n","protected":false},"excerpt":{"rendered":"<p>Klein bleibender, knallig roter Tausendf\u00fc\u00dfer der auch f\u00fcr kleine Terrarien geeignet ist.<\/p>\n","protected":false},"featured_media":4591,"template":"","meta":{"_acf_changed":false},"product-supplier":[],"product_brand":[],"product_cat":[144],"product_tag":[],"lce-checkout-addons":[1202],"class_list":{"0":"post-4561","1":"product","2":"type-product","3":"status-publish","4":"has-post-thumbnail","6":"product_cat-tausendfuesser","7":"product_shipping_class-animal-shipping","8":"pa_herkunft-mosambik","9":"pa_kontinent-afrika","10":"lce-checkout-addons-winterverpackung","12":"first","13":"outofstock","14":"taxable","15":"shipping-taxable","16":"purchasable","17":"product-type-simple"},"acf":[],"yoast_head":"<!-- This site is optimized with the Yoast SEO Premium plugin v26.8 (Yoast SEO v27.3) - https:\/\/yoast.com\/product\/yoast-seo-premium-wordpress\/ -->\n<title>Centrobolus spec. &quot;Mosambik&quot; - Insektenliebe<\/title>\n<meta name=\"description\" content=\"G\u00fcnstige Centrobolus spec. &quot;Mosambik&quot; online kaufen. Klein bleibender, knallig roter Tausendf\u00fc\u00dfer der auch f\u00fcr kleine Terrarien geeignet ist.\" \/>\n<meta name=\"robots\" content=\"index, follow, max-snippet:-1, max-image-preview:large, max-video-preview:-1\" \/>\n<link rel=\"canonical\" href=\"https:\/\/insektenliebe.com\/de\/shop\/produkt\/centrobolus-spec-mosambik\/\" \/>\n<meta property=\"og:locale\" content=\"de_DE\" \/>\n<meta property=\"og:type\" content=\"article\" \/>\n<meta property=\"og:title\" content=\"Centrobolus spec. &quot;Mosambik&quot;\" \/>\n<meta property=\"og:description\" content=\"G\u00fcnstige Centrobolus spec. &quot;Mosambik&quot; online kaufen. Klein bleibender, knallig roter Tausendf\u00fc\u00dfer der auch f\u00fcr kleine Terrarien geeignet ist.\" \/>\n<meta property=\"og:url\" content=\"https:\/\/insektenliebe.com\/de\/shop\/produkt\/centrobolus-spec-mosambik\/\" \/>\n<meta property=\"og:site_name\" content=\"Insektenliebe\" \/>\n<meta property=\"article:modified_time\" content=\"2026-02-07T21:25:24+00:00\" \/>\n<meta property=\"og:image\" content=\"https:\/\/insektenliebe.com\/wp-content\/uploads\/2025\/05\/Centrobolus-spec.-_Mosambik_-2.jpg\" \/>\n\t<meta property=\"og:image:width\" content=\"820\" \/>\n\t<meta property=\"og:image:height\" content=\"820\" \/>\n\t<meta property=\"og:image:type\" content=\"image\/jpeg\" \/>\n<meta name=\"twitter:card\" content=\"summary_large_image\" \/>\n<meta name=\"twitter:label1\" content=\"Preis\" \/>\n\t<meta name=\"twitter:data1\" content=\"16,95&nbsp;&euro; inkl. MwSt. zzgl. Versand\" \/>\n\t<meta name=\"twitter:label2\" content=\"Verf\u00fcgbarkeit\" \/>\n\t<meta name=\"twitter:data2\" content=\"ausverkauft\" \/>\n<script type=\"application\/ld+json\" class=\"yoast-schema-graph\">{\"@context\":\"https:\\\/\\\/schema.org\",\"@graph\":[{\"@type\":\"WebPage\",\"@id\":\"https:\\\/\\\/insektenliebe.com\\\/de\\\/shop\\\/produkt\\\/centrobolus-spec-mosambik\\\/\",\"url\":\"https:\\\/\\\/insektenliebe.com\\\/de\\\/shop\\\/produkt\\\/centrobolus-spec-mosambik\\\/\",\"name\":\"Centrobolus spec. \\\"Mosambik\\\" - Insektenliebe\",\"isPartOf\":{\"@id\":\"https:\\\/\\\/insektenliebe.com\\\/de\\\/#website\"},\"primaryImageOfPage\":{\"@id\":\"https:\\\/\\\/insektenliebe.com\\\/de\\\/shop\\\/produkt\\\/centrobolus-spec-mosambik\\\/#primaryimage\"},\"image\":{\"@id\":\"https:\\\/\\\/insektenliebe.com\\\/de\\\/shop\\\/produkt\\\/centrobolus-spec-mosambik\\\/#primaryimage\"},\"thumbnailUrl\":\"https:\\\/\\\/insektenliebe.com\\\/wp-content\\\/uploads\\\/2025\\\/05\\\/Centrobolus-spec.-_Mosambik_-2.jpg\",\"datePublished\":\"2018-11-05T15:21:47+00:00\",\"dateModified\":\"2026-02-07T21:25:24+00:00\",\"description\":\"G\u00fcnstige Centrobolus spec. \\\"Mosambik\\\" online kaufen. Klein bleibender, knallig roter Tausendf\u00fc\u00dfer der auch f\u00fcr kleine Terrarien geeignet ist.\",\"breadcrumb\":{\"@id\":\"https:\\\/\\\/insektenliebe.com\\\/de\\\/shop\\\/produkt\\\/centrobolus-spec-mosambik\\\/#breadcrumb\"},\"inLanguage\":\"de\",\"potentialAction\":[{\"@type\":\"ReadAction\",\"target\":[\"https:\\\/\\\/insektenliebe.com\\\/de\\\/shop\\\/produkt\\\/centrobolus-spec-mosambik\\\/\"]}]},{\"@type\":\"ImageObject\",\"inLanguage\":\"de\",\"@id\":\"https:\\\/\\\/insektenliebe.com\\\/de\\\/shop\\\/produkt\\\/centrobolus-spec-mosambik\\\/#primaryimage\",\"url\":\"https:\\\/\\\/insektenliebe.com\\\/wp-content\\\/uploads\\\/2025\\\/05\\\/Centrobolus-spec.-_Mosambik_-2.jpg\",\"contentUrl\":\"https:\\\/\\\/insektenliebe.com\\\/wp-content\\\/uploads\\\/2025\\\/05\\\/Centrobolus-spec.-_Mosambik_-2.jpg\",\"width\":820,\"height\":820,\"caption\":\"Centrobolus-spec.-_Mosambik_-2.jpg\"},{\"@type\":\"BreadcrumbList\",\"@id\":\"https:\\\/\\\/insektenliebe.com\\\/de\\\/shop\\\/produkt\\\/centrobolus-spec-mosambik\\\/#breadcrumb\",\"itemListElement\":[{\"@type\":\"ListItem\",\"position\":1,\"name\":\"Startseite\",\"item\":\"https:\\\/\\\/insektenliebe.com\\\/de\\\/\"},{\"@type\":\"ListItem\",\"position\":2,\"name\":\"Shop\",\"item\":\"https:\\\/\\\/insektenliebe.com\\\/de\\\/shop\\\/\"},{\"@type\":\"ListItem\",\"position\":3,\"name\":\"Centrobolus spec. &#8222;Mosambik&#8220;\"}]},{\"@type\":\"WebSite\",\"@id\":\"https:\\\/\\\/insektenliebe.com\\\/de\\\/#website\",\"url\":\"https:\\\/\\\/insektenliebe.com\\\/de\\\/\",\"name\":\"Insektenliebe\",\"description\":\"Dein Zuhause f\u00fcr die kleinen Lebewesen\",\"publisher\":{\"@id\":\"https:\\\/\\\/insektenliebe.com\\\/de\\\/#organization\"},\"potentialAction\":[{\"@type\":\"SearchAction\",\"target\":{\"@type\":\"EntryPoint\",\"urlTemplate\":\"https:\\\/\\\/insektenliebe.com\\\/de\\\/?s={search_term_string}\"},\"query-input\":{\"@type\":\"PropertyValueSpecification\",\"valueRequired\":true,\"valueName\":\"search_term_string\"}}],\"inLanguage\":\"de\"},{\"@type\":\"Organization\",\"@id\":\"https:\\\/\\\/insektenliebe.com\\\/de\\\/#organization\",\"name\":\"Insektenliebe\",\"url\":\"https:\\\/\\\/insektenliebe.com\\\/de\\\/\",\"logo\":{\"@type\":\"ImageObject\",\"inLanguage\":\"de\",\"@id\":\"https:\\\/\\\/insektenliebe.com\\\/de\\\/#\\\/schema\\\/logo\\\/image\\\/\",\"url\":\"https:\\\/\\\/insektenliebe.com\\\/wp-content\\\/uploads\\\/2025\\\/03\\\/logo-white.png\",\"contentUrl\":\"https:\\\/\\\/insektenliebe.com\\\/wp-content\\\/uploads\\\/2025\\\/03\\\/logo-white.png\",\"width\":288,\"height\":188,\"caption\":\"Insektenliebe\"},\"image\":{\"@id\":\"https:\\\/\\\/insektenliebe.com\\\/de\\\/#\\\/schema\\\/logo\\\/image\\\/\"}}]}<\/script>\n<meta property=\"product:price:amount\" content=\"16.95\" \/>\n<meta property=\"product:price:currency\" content=\"EUR\" \/>\n<meta property=\"og:availability\" content=\"out of stock\" \/>\n<meta property=\"product:availability\" content=\"out of stock\" \/>\n<meta property=\"product:retailer_item_id\" content=\"064\" \/>\n<meta property=\"product:condition\" content=\"new\" \/>\n<!-- \/ Yoast SEO Premium plugin. -->","yoast_head_json":{"title":"Centrobolus spec. \"Mosambik\" - Insektenliebe","description":"G\u00fcnstige Centrobolus spec. \"Mosambik\" online kaufen. Klein bleibender, knallig roter Tausendf\u00fc\u00dfer der auch f\u00fcr kleine Terrarien geeignet ist.","robots":{"index":"index","follow":"follow","max-snippet":"max-snippet:-1","max-image-preview":"max-image-preview:large","max-video-preview":"max-video-preview:-1"},"canonical":"https:\/\/insektenliebe.com\/de\/shop\/produkt\/centrobolus-spec-mosambik\/","og_locale":"de_DE","og_type":"article","og_title":"Centrobolus spec. \"Mosambik\"","og_description":"G\u00fcnstige Centrobolus spec. \"Mosambik\" online kaufen. Klein bleibender, knallig roter Tausendf\u00fc\u00dfer der auch f\u00fcr kleine Terrarien geeignet ist.","og_url":"https:\/\/insektenliebe.com\/de\/shop\/produkt\/centrobolus-spec-mosambik\/","og_site_name":"Insektenliebe","article_modified_time":"2026-02-07T21:25:24+00:00","og_image":[{"width":820,"height":820,"url":"https:\/\/insektenliebe.com\/wp-content\/uploads\/2025\/05\/Centrobolus-spec.-_Mosambik_-2.jpg","type":"image\/jpeg"}],"twitter_card":"summary_large_image","twitter_misc":{"Preis":"16,95&nbsp;&euro; inkl. MwSt. zzgl. Versand","Verf\u00fcgbarkeit":"ausverkauft"},"schema":{"@context":"https:\/\/schema.org","@graph":[{"@type":"WebPage","@id":"https:\/\/insektenliebe.com\/de\/shop\/produkt\/centrobolus-spec-mosambik\/","url":"https:\/\/insektenliebe.com\/de\/shop\/produkt\/centrobolus-spec-mosambik\/","name":"Centrobolus spec. \"Mosambik\" - Insektenliebe","isPartOf":{"@id":"https:\/\/insektenliebe.com\/de\/#website"},"primaryImageOfPage":{"@id":"https:\/\/insektenliebe.com\/de\/shop\/produkt\/centrobolus-spec-mosambik\/#primaryimage"},"image":{"@id":"https:\/\/insektenliebe.com\/de\/shop\/produkt\/centrobolus-spec-mosambik\/#primaryimage"},"thumbnailUrl":"https:\/\/insektenliebe.com\/wp-content\/uploads\/2025\/05\/Centrobolus-spec.-_Mosambik_-2.jpg","datePublished":"2018-11-05T15:21:47+00:00","dateModified":"2026-02-07T21:25:24+00:00","description":"G\u00fcnstige Centrobolus spec. \"Mosambik\" online kaufen. Klein bleibender, knallig roter Tausendf\u00fc\u00dfer der auch f\u00fcr kleine Terrarien geeignet ist.","breadcrumb":{"@id":"https:\/\/insektenliebe.com\/de\/shop\/produkt\/centrobolus-spec-mosambik\/#breadcrumb"},"inLanguage":"de","potentialAction":[{"@type":"ReadAction","target":["https:\/\/insektenliebe.com\/de\/shop\/produkt\/centrobolus-spec-mosambik\/"]}]},{"@type":"ImageObject","inLanguage":"de","@id":"https:\/\/insektenliebe.com\/de\/shop\/produkt\/centrobolus-spec-mosambik\/#primaryimage","url":"https:\/\/insektenliebe.com\/wp-content\/uploads\/2025\/05\/Centrobolus-spec.-_Mosambik_-2.jpg","contentUrl":"https:\/\/insektenliebe.com\/wp-content\/uploads\/2025\/05\/Centrobolus-spec.-_Mosambik_-2.jpg","width":820,"height":820,"caption":"Centrobolus-spec.-_Mosambik_-2.jpg"},{"@type":"BreadcrumbList","@id":"https:\/\/insektenliebe.com\/de\/shop\/produkt\/centrobolus-spec-mosambik\/#breadcrumb","itemListElement":[{"@type":"ListItem","position":1,"name":"Startseite","item":"https:\/\/insektenliebe.com\/de\/"},{"@type":"ListItem","position":2,"name":"Shop","item":"https:\/\/insektenliebe.com\/de\/shop\/"},{"@type":"ListItem","position":3,"name":"Centrobolus spec. &#8222;Mosambik&#8220;"}]},{"@type":"WebSite","@id":"https:\/\/insektenliebe.com\/de\/#website","url":"https:\/\/insektenliebe.com\/de\/","name":"Insektenliebe","description":"Dein Zuhause f\u00fcr die kleinen Lebewesen","publisher":{"@id":"https:\/\/insektenliebe.com\/de\/#organization"},"potentialAction":[{"@type":"SearchAction","target":{"@type":"EntryPoint","urlTemplate":"https:\/\/insektenliebe.com\/de\/?s={search_term_string}"},"query-input":{"@type":"PropertyValueSpecification","valueRequired":true,"valueName":"search_term_string"}}],"inLanguage":"de"},{"@type":"Organization","@id":"https:\/\/insektenliebe.com\/de\/#organization","name":"Insektenliebe","url":"https:\/\/insektenliebe.com\/de\/","logo":{"@type":"ImageObject","inLanguage":"de","@id":"https:\/\/insektenliebe.com\/de\/#\/schema\/logo\/image\/","url":"https:\/\/insektenliebe.com\/wp-content\/uploads\/2025\/03\/logo-white.png","contentUrl":"https:\/\/insektenliebe.com\/wp-content\/uploads\/2025\/03\/logo-white.png","width":288,"height":188,"caption":"Insektenliebe"},"image":{"@id":"https:\/\/insektenliebe.com\/de\/#\/schema\/logo\/image\/"}}]},"product_price_amount":"16.95","product_price_currency":"EUR","og_availability":"out of stock","product_availability":"out of stock","product_retailer_item_id":"064","product_condition":"new"},"_links":{"self":[{"href":"https:\/\/insektenliebe.com\/de\/wp-json\/wp\/v2\/product\/4561","targetHints":{"allow":["GET"]}}],"collection":[{"href":"https:\/\/insektenliebe.com\/de\/wp-json\/wp\/v2\/product"}],"about":[{"href":"https:\/\/insektenliebe.com\/de\/wp-json\/wp\/v2\/types\/product"}],"wp:featuredmedia":[{"embeddable":true,"href":"https:\/\/insektenliebe.com\/de\/wp-json\/wp\/v2\/media\/4591"}],"wp:attachment":[{"href":"https:\/\/insektenliebe.com\/de\/wp-json\/wp\/v2\/media?parent=4561"}],"wp:term":[{"taxonomy":"product-supplier","embeddable":true,"href":"https:\/\/insektenliebe.com\/de\/wp-json\/wp\/v2\/product-supplier?post=4561"},{"taxonomy":"product_brand","embeddable":true,"href":"https:\/\/insektenliebe.com\/de\/wp-json\/wp\/v2\/product_brand?post=4561"},{"taxonomy":"product_cat","embeddable":true,"href":"https:\/\/insektenliebe.com\/de\/wp-json\/wp\/v2\/product_cat?post=4561"},{"taxonomy":"product_tag","embeddable":true,"href":"https:\/\/insektenliebe.com\/de\/wp-json\/wp\/v2\/product_tag?post=4561"},{"taxonomy":"lce-checkout-addons","embeddable":true,"href":"https:\/\/insektenliebe.com\/de\/wp-json\/wp\/v2\/lce-checkout-addons?post=4561"}],"curies":[{"name":"wp","href":"https:\/\/api.w.org\/{rel}","templated":true}]}}