{"id":4532,"date":"2018-09-23T14:12:00","date_gmt":"2018-09-23T12:12:00","guid":{"rendered":"http:\/\/localhost\/ins-test\/?post_type=product&#038;p=4532"},"modified":"2025-12-22T14:16:39","modified_gmt":"2025-12-22T13:16:39","slug":"porcellio-flavomarginatus","status":"publish","type":"product","link":"https:\/\/insektenliebe.com\/de\/shop\/produkt\/porcellio-flavomarginatus\/","title":{"rendered":"Porcellio flavomarginatus"},"content":{"rendered":"<div class=\"vc_row wpb_row vc_row-fluid prrow\">\n<div class=\"wpb_column vc_column_container vc_col-sm-3\">\n<div class=\"vc_column-inner \">\n<div class=\"wpb_wrapper\">\n<div class=\"wpb_text_column wpb_content_element \">\n<div class=\"wpb_wrapper\">\n<h3 class=\"p1\"><span style=\"color: #99cc33\"><strong><span class=\"s1\">Tagaktiv \u2013 Porcellio flavomarginatus im Terrarium<\/span><\/strong><\/span><\/h3>\n<p class=\"p1\"><strong><span class=\"s1\">Porcellio flavomarginatus<\/span><\/strong><span class=\"s2\"> z\u00e4hlt zu den farblich auff\u00e4lligsten Asselarten Europas. Besonders das auff\u00e4llige Muster, dass sich kontrastreich vom dunkelgrauen K\u00f6rper abhebt, macht diese Art zu einem echten Blickfang. Ob im Artterrarium oder als funktionale Erg\u00e4nzung im Bio-Team \u2013 diese Asseln ziehen sofort Aufmerksamkeit auf sich.<\/span><\/p>\n<p class=\"p1\"><span class=\"s2\">Sie stammen urspr\u00fcnglich aus S\u00fcdeuropa, vor allem Griechenland, und bevorzugen ein warm-trockenes Klima. Im Gegensatz zu tropischen Arten brauchen sie keine durchgehend hohe Luftfeuchtigkeit. Ein trockener Grundbereich kombiniert mit einem feuchten R\u00fcckzugsort \u2013 etwa unter Moos oder Rinde \u2013 reicht v\u00f6llig aus. Diese Bedingungen lassen sich einfach umsetzen und machen die Art auch f\u00fcr Einsteiger:innen interessant.<\/span><\/p>\n<p class=\"p1\"><span class=\"s2\"><strong><span class=\"s1\">Porcellio flavomarginatus<\/span><\/strong> ist tags\u00fcber aktiv und zeigt sich h\u00e4ufig. Besonders bei F\u00fctterung oder nach dem Bespr\u00fchen laufen die Tiere neugierig durch das Terrarium. Ihr Verhalten l\u00e4sst sich hervorragend beobachten \u2013 das macht sie zur idealen Wahl f\u00fcr alle, die nicht nur versteckte Tiere halten m\u00f6chten.<\/span><\/p>\n<p class=\"p1\"><span class=\"s2\">Mit Laub, Rinde, Gem\u00fcse oder speziellem Asselfutter sind sie leicht zu versorgen. Auch in der Zucht sind sie unkompliziert. Sie vermehren sich zuverl\u00e4ssig und behalten ihr auff\u00e4lliges Aussehen vom Jungtier bis ins Erwachsenenalter. Durch ihre robuste Art und die geringe Scheu eignen sie sich bestens f\u00fcr Schaubecken oder strukturierte Setups, in denen man ihr Sozialverhalten gut erkennen kann.<\/span><\/p>\n<\/div>\n<\/div>\n<\/div>\n<\/div>\n<\/div>\n<\/div>\n","protected":false},"excerpt":{"rendered":"<p>Tagaktiv \u2013 Porcellio flavomarginatus im Terrarium Porcellio flavomarginatus z\u00e4hlt zu den farblich auff\u00e4lligsten Asselarten Europas. Besonders das auff\u00e4llige Muster, dass sich kontrastreich vom dunkelgrauen K\u00f6rper abhebt, macht diese Art zu einem echten Blickfang. Ob im Artterrarium oder als funktionale Erg\u00e4nzung im Bio-Team \u2013 diese Asseln ziehen sofort Aufmerksamkeit auf sich. Sie stammen urspr\u00fcnglich aus S\u00fcdeuropa, [&hellip;]<\/p>\n","protected":false},"featured_media":170973,"template":"","meta":{"_acf_changed":false},"product-supplier":[],"product_brand":[],"product_cat":[627,124],"product_tag":[],"lce-checkout-addons":[1202],"class_list":{"0":"post-4532","1":"product","2":"type-product","3":"status-publish","4":"has-post-thumbnail","6":"product_cat-asseln","7":"product_cat-landasseln-porcellio","8":"product_shipping_class-animal-shipping","9":"pa_einsatz-show","10":"pa_haltung-single","11":"pa_haltung-group","12":"pa_herkunft-griechenland","13":"pa_kontinent-europa","14":"lce-checkout-addons-winterverpackung","16":"first","17":"instock","18":"taxable","19":"shipping-taxable","20":"purchasable","21":"product-type-simple"},"acf":[],"yoast_head":"<!-- This site is optimized with the Yoast SEO plugin v27.3 - https:\/\/yoast.com\/product\/yoast-seo-wordpress\/ -->\n<title>Porcellio flavomarginatus - Insektenliebe<\/title>\n<meta name=\"description\" content=\"G\u00fcnstige Porcellio flavomarginatus online kaufen. Eine sehr auch am Tag aktive und attraktive Asselart direkt vom Z\u00fcchter kaufen!\" \/>\n<meta name=\"robots\" content=\"index, follow, max-snippet:-1, max-image-preview:large, max-video-preview:-1\" \/>\n<link rel=\"canonical\" href=\"https:\/\/insektenliebe.com\/de\/shop\/produkt\/porcellio-flavomarginatus\/\" \/>\n<meta property=\"og:locale\" content=\"de_DE\" \/>\n<meta property=\"og:type\" content=\"article\" \/>\n<meta property=\"og:title\" content=\"Porcellio flavomarginatus - Insektenliebe\" \/>\n<meta property=\"og:description\" content=\"G\u00fcnstige Porcellio flavomarginatus online kaufen. Eine sehr auch am Tag aktive und attraktive Asselart direkt vom Z\u00fcchter kaufen!\" \/>\n<meta property=\"og:url\" content=\"https:\/\/insektenliebe.com\/de\/shop\/produkt\/porcellio-flavomarginatus\/\" \/>\n<meta property=\"og:site_name\" content=\"Insektenliebe\" \/>\n<meta property=\"article:modified_time\" content=\"2025-12-22T13:16:39+00:00\" \/>\n<meta property=\"og:image\" content=\"https:\/\/insektenliebe.com\/wp-content\/uploads\/2018\/09\/Porcellio-flavomarginatus-2.jpg\" \/>\n\t<meta property=\"og:image:width\" content=\"820\" \/>\n\t<meta property=\"og:image:height\" content=\"820\" \/>\n\t<meta property=\"og:image:type\" content=\"image\/jpeg\" \/>\n<meta name=\"twitter:card\" content=\"summary_large_image\" \/>\n<meta name=\"twitter:label1\" content=\"Gesch\u00e4tzte Lesezeit\" \/>\n\t<meta name=\"twitter:data1\" content=\"2\u00a0Minuten\" \/>\n<script type=\"application\/ld+json\" class=\"yoast-schema-graph\">{\"@context\":\"https:\\\/\\\/schema.org\",\"@graph\":[{\"@type\":\"WebPage\",\"@id\":\"https:\\\/\\\/insektenliebe.com\\\/de\\\/shop\\\/produkt\\\/porcellio-flavomarginatus\\\/\",\"url\":\"https:\\\/\\\/insektenliebe.com\\\/de\\\/shop\\\/produkt\\\/porcellio-flavomarginatus\\\/\",\"name\":\"Porcellio flavomarginatus - Insektenliebe\",\"isPartOf\":{\"@id\":\"https:\\\/\\\/insektenliebe.com\\\/de\\\/#website\"},\"primaryImageOfPage\":{\"@id\":\"https:\\\/\\\/insektenliebe.com\\\/de\\\/shop\\\/produkt\\\/porcellio-flavomarginatus\\\/#primaryimage\"},\"image\":{\"@id\":\"https:\\\/\\\/insektenliebe.com\\\/de\\\/shop\\\/produkt\\\/porcellio-flavomarginatus\\\/#primaryimage\"},\"thumbnailUrl\":\"https:\\\/\\\/insektenliebe.com\\\/wp-content\\\/uploads\\\/2018\\\/09\\\/Porcellio-flavomarginatus-2.jpg\",\"datePublished\":\"2018-09-23T12:12:00+00:00\",\"dateModified\":\"2025-12-22T13:16:39+00:00\",\"description\":\"G\u00fcnstige Porcellio flavomarginatus online kaufen. Eine sehr auch am Tag aktive und attraktive Asselart direkt vom Z\u00fcchter kaufen!\",\"breadcrumb\":{\"@id\":\"https:\\\/\\\/insektenliebe.com\\\/de\\\/shop\\\/produkt\\\/porcellio-flavomarginatus\\\/#breadcrumb\"},\"inLanguage\":\"de\",\"potentialAction\":[{\"@type\":\"ReadAction\",\"target\":[\"https:\\\/\\\/insektenliebe.com\\\/de\\\/shop\\\/produkt\\\/porcellio-flavomarginatus\\\/\"]}]},{\"@type\":\"ImageObject\",\"inLanguage\":\"de\",\"@id\":\"https:\\\/\\\/insektenliebe.com\\\/de\\\/shop\\\/produkt\\\/porcellio-flavomarginatus\\\/#primaryimage\",\"url\":\"https:\\\/\\\/insektenliebe.com\\\/wp-content\\\/uploads\\\/2018\\\/09\\\/Porcellio-flavomarginatus-2.jpg\",\"contentUrl\":\"https:\\\/\\\/insektenliebe.com\\\/wp-content\\\/uploads\\\/2018\\\/09\\\/Porcellio-flavomarginatus-2.jpg\",\"width\":820,\"height\":820,\"caption\":\"Porcellio flavomarginatus\"},{\"@type\":\"BreadcrumbList\",\"@id\":\"https:\\\/\\\/insektenliebe.com\\\/de\\\/shop\\\/produkt\\\/porcellio-flavomarginatus\\\/#breadcrumb\",\"itemListElement\":[{\"@type\":\"ListItem\",\"position\":1,\"name\":\"Startseite\",\"item\":\"https:\\\/\\\/insektenliebe.com\\\/de\\\/\"},{\"@type\":\"ListItem\",\"position\":2,\"name\":\"Shop\",\"item\":\"https:\\\/\\\/insektenliebe.com\\\/de\\\/shop\\\/\"},{\"@type\":\"ListItem\",\"position\":3,\"name\":\"Porcellio flavomarginatus\"}]},{\"@type\":\"WebSite\",\"@id\":\"https:\\\/\\\/insektenliebe.com\\\/de\\\/#website\",\"url\":\"https:\\\/\\\/insektenliebe.com\\\/de\\\/\",\"name\":\"Insektenliebe\",\"description\":\"Dein Zuhause f\u00fcr die kleinen Lebewesen\",\"publisher\":{\"@id\":\"https:\\\/\\\/insektenliebe.com\\\/de\\\/#organization\"},\"potentialAction\":[{\"@type\":\"SearchAction\",\"target\":{\"@type\":\"EntryPoint\",\"urlTemplate\":\"https:\\\/\\\/insektenliebe.com\\\/de\\\/?s={search_term_string}\"},\"query-input\":{\"@type\":\"PropertyValueSpecification\",\"valueRequired\":true,\"valueName\":\"search_term_string\"}}],\"inLanguage\":\"de\"},{\"@type\":\"Organization\",\"@id\":\"https:\\\/\\\/insektenliebe.com\\\/de\\\/#organization\",\"name\":\"Insektenliebe\",\"url\":\"https:\\\/\\\/insektenliebe.com\\\/de\\\/\",\"logo\":{\"@type\":\"ImageObject\",\"inLanguage\":\"de\",\"@id\":\"https:\\\/\\\/insektenliebe.com\\\/de\\\/#\\\/schema\\\/logo\\\/image\\\/\",\"url\":\"https:\\\/\\\/insektenliebe.com\\\/wp-content\\\/uploads\\\/2025\\\/03\\\/logo-white.png\",\"contentUrl\":\"https:\\\/\\\/insektenliebe.com\\\/wp-content\\\/uploads\\\/2025\\\/03\\\/logo-white.png\",\"width\":288,\"height\":188,\"caption\":\"Insektenliebe\"},\"image\":{\"@id\":\"https:\\\/\\\/insektenliebe.com\\\/de\\\/#\\\/schema\\\/logo\\\/image\\\/\"}}]}<\/script>\n<!-- \/ Yoast SEO plugin. -->","yoast_head_json":{"title":"Porcellio flavomarginatus - Insektenliebe","description":"G\u00fcnstige Porcellio flavomarginatus online kaufen. Eine sehr auch am Tag aktive und attraktive Asselart direkt vom Z\u00fcchter kaufen!","robots":{"index":"index","follow":"follow","max-snippet":"max-snippet:-1","max-image-preview":"max-image-preview:large","max-video-preview":"max-video-preview:-1"},"canonical":"https:\/\/insektenliebe.com\/de\/shop\/produkt\/porcellio-flavomarginatus\/","og_locale":"de_DE","og_type":"article","og_title":"Porcellio flavomarginatus - Insektenliebe","og_description":"G\u00fcnstige Porcellio flavomarginatus online kaufen. Eine sehr auch am Tag aktive und attraktive Asselart direkt vom Z\u00fcchter kaufen!","og_url":"https:\/\/insektenliebe.com\/de\/shop\/produkt\/porcellio-flavomarginatus\/","og_site_name":"Insektenliebe","article_modified_time":"2025-12-22T13:16:39+00:00","og_image":[{"width":820,"height":820,"url":"https:\/\/insektenliebe.com\/wp-content\/uploads\/2018\/09\/Porcellio-flavomarginatus-2.jpg","type":"image\/jpeg"}],"twitter_card":"summary_large_image","twitter_misc":{"Gesch\u00e4tzte Lesezeit":"2\u00a0Minuten"},"schema":{"@context":"https:\/\/schema.org","@graph":[{"@type":"WebPage","@id":"https:\/\/insektenliebe.com\/de\/shop\/produkt\/porcellio-flavomarginatus\/","url":"https:\/\/insektenliebe.com\/de\/shop\/produkt\/porcellio-flavomarginatus\/","name":"Porcellio flavomarginatus - Insektenliebe","isPartOf":{"@id":"https:\/\/insektenliebe.com\/de\/#website"},"primaryImageOfPage":{"@id":"https:\/\/insektenliebe.com\/de\/shop\/produkt\/porcellio-flavomarginatus\/#primaryimage"},"image":{"@id":"https:\/\/insektenliebe.com\/de\/shop\/produkt\/porcellio-flavomarginatus\/#primaryimage"},"thumbnailUrl":"https:\/\/insektenliebe.com\/wp-content\/uploads\/2018\/09\/Porcellio-flavomarginatus-2.jpg","datePublished":"2018-09-23T12:12:00+00:00","dateModified":"2025-12-22T13:16:39+00:00","description":"G\u00fcnstige Porcellio flavomarginatus online kaufen. Eine sehr auch am Tag aktive und attraktive Asselart direkt vom Z\u00fcchter kaufen!","breadcrumb":{"@id":"https:\/\/insektenliebe.com\/de\/shop\/produkt\/porcellio-flavomarginatus\/#breadcrumb"},"inLanguage":"de","potentialAction":[{"@type":"ReadAction","target":["https:\/\/insektenliebe.com\/de\/shop\/produkt\/porcellio-flavomarginatus\/"]}]},{"@type":"ImageObject","inLanguage":"de","@id":"https:\/\/insektenliebe.com\/de\/shop\/produkt\/porcellio-flavomarginatus\/#primaryimage","url":"https:\/\/insektenliebe.com\/wp-content\/uploads\/2018\/09\/Porcellio-flavomarginatus-2.jpg","contentUrl":"https:\/\/insektenliebe.com\/wp-content\/uploads\/2018\/09\/Porcellio-flavomarginatus-2.jpg","width":820,"height":820,"caption":"Porcellio flavomarginatus"},{"@type":"BreadcrumbList","@id":"https:\/\/insektenliebe.com\/de\/shop\/produkt\/porcellio-flavomarginatus\/#breadcrumb","itemListElement":[{"@type":"ListItem","position":1,"name":"Startseite","item":"https:\/\/insektenliebe.com\/de\/"},{"@type":"ListItem","position":2,"name":"Shop","item":"https:\/\/insektenliebe.com\/de\/shop\/"},{"@type":"ListItem","position":3,"name":"Porcellio flavomarginatus"}]},{"@type":"WebSite","@id":"https:\/\/insektenliebe.com\/de\/#website","url":"https:\/\/insektenliebe.com\/de\/","name":"Insektenliebe","description":"Dein Zuhause f\u00fcr die kleinen Lebewesen","publisher":{"@id":"https:\/\/insektenliebe.com\/de\/#organization"},"potentialAction":[{"@type":"SearchAction","target":{"@type":"EntryPoint","urlTemplate":"https:\/\/insektenliebe.com\/de\/?s={search_term_string}"},"query-input":{"@type":"PropertyValueSpecification","valueRequired":true,"valueName":"search_term_string"}}],"inLanguage":"de"},{"@type":"Organization","@id":"https:\/\/insektenliebe.com\/de\/#organization","name":"Insektenliebe","url":"https:\/\/insektenliebe.com\/de\/","logo":{"@type":"ImageObject","inLanguage":"de","@id":"https:\/\/insektenliebe.com\/de\/#\/schema\/logo\/image\/","url":"https:\/\/insektenliebe.com\/wp-content\/uploads\/2025\/03\/logo-white.png","contentUrl":"https:\/\/insektenliebe.com\/wp-content\/uploads\/2025\/03\/logo-white.png","width":288,"height":188,"caption":"Insektenliebe"},"image":{"@id":"https:\/\/insektenliebe.com\/de\/#\/schema\/logo\/image\/"}}]}},"_links":{"self":[{"href":"https:\/\/insektenliebe.com\/de\/wp-json\/wp\/v2\/product\/4532","targetHints":{"allow":["GET"]}}],"collection":[{"href":"https:\/\/insektenliebe.com\/de\/wp-json\/wp\/v2\/product"}],"about":[{"href":"https:\/\/insektenliebe.com\/de\/wp-json\/wp\/v2\/types\/product"}],"wp:featuredmedia":[{"embeddable":true,"href":"https:\/\/insektenliebe.com\/de\/wp-json\/wp\/v2\/media\/170973"}],"wp:attachment":[{"href":"https:\/\/insektenliebe.com\/de\/wp-json\/wp\/v2\/media?parent=4532"}],"wp:term":[{"taxonomy":"product-supplier","embeddable":true,"href":"https:\/\/insektenliebe.com\/de\/wp-json\/wp\/v2\/product-supplier?post=4532"},{"taxonomy":"product_brand","embeddable":true,"href":"https:\/\/insektenliebe.com\/de\/wp-json\/wp\/v2\/product_brand?post=4532"},{"taxonomy":"product_cat","embeddable":true,"href":"https:\/\/insektenliebe.com\/de\/wp-json\/wp\/v2\/product_cat?post=4532"},{"taxonomy":"product_tag","embeddable":true,"href":"https:\/\/insektenliebe.com\/de\/wp-json\/wp\/v2\/product_tag?post=4532"},{"taxonomy":"lce-checkout-addons","embeddable":true,"href":"https:\/\/insektenliebe.com\/de\/wp-json\/wp\/v2\/lce-checkout-addons?post=4532"}],"curies":[{"name":"wp","href":"https:\/\/api.w.org\/{rel}","templated":true}]}}