{"id":4530,"date":"2018-09-23T13:43:00","date_gmt":"2018-09-23T11:43:00","guid":{"rendered":"http:\/\/localhost\/ins-test\/?post_type=product&#038;p=4530"},"modified":"2026-02-10T17:40:37","modified_gmt":"2026-02-10T16:40:37","slug":"spirostreptus-spec-1-tansania","status":"publish","type":"product","link":"https:\/\/insektenliebe.com\/de\/shop\/produkt\/spirostreptus-spec-1-tansania\/","title":{"rendered":"Spirostreptus spec. 1 \"Tansania\""},"content":{"rendered":"<h3><span style=\"color: #99cc33;\">Kurzbeschreibung:<\/span><\/h3>\n<p class=\"font_8\">Spirostreptus spec. 1 ist wohl die am h\u00e4ufigsten in Deutschland gehaltene Tausendf\u00fc\u00dfer-Art, was nicht zuletzt an der einfach Nachzucht und unkomplizierten Haltung liegt. Pro Gelege k\u00f6nnen es schonmal gut und gerne \u00fcber 150 Jungtiere sein. Spirostreptus spec. 1 ist sehr gen\u00fcgsam und ist die Anf\u00e4ngerart schlechthin. Er kann bis zu 5 Jahre alt werden und erreicht die Geschlechtsreife mit ca. 2-3 Jahren.<\/p>\n<p class=\"font_8\">Diese Art ist orange und gr\u00fcn geringelt. Sie besitzt einen schlanken K\u00f6rper. Das Collum (Kopfschild) ist orange gef\u00e4rbt. Ebenso sind die Antennen und Beine von Spirostreptus spec. 1 orange. Bei den m\u00e4nnlichen Tieren ist das 7. Segment stark verdickt.<\/p>\n<p>Ein Becken f\u00fcr Spirostreptus spec. 1 sollte eine Mindestgrundfl\u00e4che von 40 cm x 40 cm aufweisen und sollte auch mindestens 40 cm hoch sein. Das Substrat sollte hierbei 10 cm hoch eingestreut werden, besser h\u00f6her. Die Tiere sind \u00fcberwiegend d\u00e4mmerungs- und nachtaktiv, weshalb auf eine zus\u00e4tzliche Beleuchtung verzichtet werden kann. Diese Art gilt als sehr gen\u00fcgsam, dennoch sollten eine Temperatur von 21\u00b0C-26\u00b0C und eine Luftfeuchtigkeit von 60-80% angestrebt werden. Die Temperatur sollte, wie bei den anderen Arten auch, von oben in das Terrarium eingebracht werden. Um die Feuchtigkeit im Bodengrund zu halten, empfiehlt es sich, diesen mit Laub, Rindenst\u00fccken oder Moosen abzudecken. Kletter\u00e4ste sollten im Becken nicht fehlen. Als Futter dient haupts\u00e4chlich das im Substrat enthaltene, organische Material, aber auch Zusatzfutter wie Gem\u00fcse, Obst und Tausendf\u00fc\u00dfer-Futter werden gerne angenommen. Als adulte Tiere halten sie sich auch tags\u00fcber oft auf der Oberfl\u00e4che auf und k\u00f6nnen gut beobachtet werden.<\/p>\n<div style=\"width: 1920px;\" class=\"wp-video\"><video class=\"wp-video-shortcode\" id=\"video-4530-1\" width=\"1920\" height=\"1080\" preload=\"metadata\" controls=\"controls\"><source type=\"video\/mp4\" src=\"https:\/\/insektenliebe.com\/wp-content\/uploads\/2018\/09\/Spyrostreptus.spec1_.Produktvideo.mp4?_=1\" \/><a href=\"https:\/\/insektenliebe.com\/wp-content\/uploads\/2018\/09\/Spyrostreptus.spec1_.Produktvideo.mp4\">https:\/\/insektenliebe.com\/wp-content\/uploads\/2018\/09\/Spyrostreptus.spec1_.Produktvideo.mp4<\/a><\/video><\/div>\n","protected":false},"excerpt":{"rendered":"<p>Sehr einfach zu haltender Tausendf\u00fc\u00dfer mit beeindruckendem Aussehen.<\/p>\n","protected":false},"featured_media":179440,"template":"","meta":{"_acf_changed":false},"product-supplier":[],"product_brand":[],"product_cat":[144],"product_tag":[],"lce-checkout-addons":[1202],"class_list":{"0":"post-4530","1":"product","2":"type-product","3":"status-publish","4":"has-post-thumbnail","6":"product_cat-tausendfuesser","7":"product_shipping_class-animal-shipping","8":"pa_herkunft-tansania","9":"pa_kontinent-afrika","10":"lce-checkout-addons-winterverpackung","12":"first","13":"instock","14":"taxable","15":"shipping-taxable","16":"purchasable","17":"product-type-simple"},"acf":[],"yoast_head":"<!-- This site is optimized with the Yoast SEO plugin v27.3 - https:\/\/yoast.com\/product\/yoast-seo-wordpress\/ -->\n<title>Spirostreptus spec. 1 &quot;Tansania&quot; - Insektenliebe<\/title>\n<meta name=\"description\" content=\"G\u00fcnstige Spirostreptus spec. 1 online kaufen. Sehr einfach zu haltender Tausendf\u00fc\u00dfer mit beeindruckendem Aussehen. Spirostreptus spec. 1 direkt vom Z\u00fcchter!\" \/>\n<meta name=\"robots\" content=\"index, follow, max-snippet:-1, max-image-preview:large, max-video-preview:-1\" \/>\n<link rel=\"canonical\" href=\"https:\/\/insektenliebe.com\/de\/shop\/produkt\/spirostreptus-spec-1-tansania\/\" \/>\n<meta property=\"og:locale\" content=\"de_DE\" \/>\n<meta property=\"og:type\" content=\"article\" \/>\n<meta property=\"og:title\" content=\"Spirostreptus spec. 1 &quot;Tansania&quot; - Insektenliebe\" \/>\n<meta property=\"og:description\" content=\"G\u00fcnstige Spirostreptus spec. 1 online kaufen. Sehr einfach zu haltender Tausendf\u00fc\u00dfer mit beeindruckendem Aussehen. Spirostreptus spec. 1 direkt vom Z\u00fcchter!\" \/>\n<meta property=\"og:url\" content=\"https:\/\/insektenliebe.com\/de\/shop\/produkt\/spirostreptus-spec-1-tansania\/\" \/>\n<meta property=\"og:site_name\" content=\"Insektenliebe\" \/>\n<meta property=\"article:modified_time\" content=\"2026-02-10T16:40:37+00:00\" \/>\n<meta property=\"og:image\" content=\"https:\/\/insektenliebe.com\/wp-content\/uploads\/2018\/09\/Spirostreptus-spec.-1-22Tansania22.jpg\" \/>\n\t<meta property=\"og:image:width\" content=\"820\" \/>\n\t<meta property=\"og:image:height\" content=\"820\" \/>\n\t<meta property=\"og:image:type\" content=\"image\/jpeg\" \/>\n<meta name=\"twitter:card\" content=\"summary_large_image\" \/>\n<meta name=\"twitter:label1\" content=\"Gesch\u00e4tzte Lesezeit\" \/>\n\t<meta name=\"twitter:data1\" content=\"2\u00a0Minuten\" \/>\n<script type=\"application\/ld+json\" class=\"yoast-schema-graph\">{\"@context\":\"https:\\\/\\\/schema.org\",\"@graph\":[{\"@type\":\"WebPage\",\"@id\":\"https:\\\/\\\/insektenliebe.com\\\/de\\\/shop\\\/produkt\\\/spirostreptus-spec-1-tansania\\\/\",\"url\":\"https:\\\/\\\/insektenliebe.com\\\/de\\\/shop\\\/produkt\\\/spirostreptus-spec-1-tansania\\\/\",\"name\":\"Spirostreptus spec. 1 \\\"Tansania\\\" - Insektenliebe\",\"isPartOf\":{\"@id\":\"https:\\\/\\\/insektenliebe.com\\\/de\\\/#website\"},\"primaryImageOfPage\":{\"@id\":\"https:\\\/\\\/insektenliebe.com\\\/de\\\/shop\\\/produkt\\\/spirostreptus-spec-1-tansania\\\/#primaryimage\"},\"image\":{\"@id\":\"https:\\\/\\\/insektenliebe.com\\\/de\\\/shop\\\/produkt\\\/spirostreptus-spec-1-tansania\\\/#primaryimage\"},\"thumbnailUrl\":\"https:\\\/\\\/insektenliebe.com\\\/wp-content\\\/uploads\\\/2018\\\/09\\\/Spirostreptus-spec.-1-22Tansania22.jpg\",\"datePublished\":\"2018-09-23T11:43:00+00:00\",\"dateModified\":\"2026-02-10T16:40:37+00:00\",\"description\":\"G\u00fcnstige Spirostreptus spec. 1 online kaufen. Sehr einfach zu haltender Tausendf\u00fc\u00dfer mit beeindruckendem Aussehen. Spirostreptus spec. 1 direkt vom Z\u00fcchter!\",\"breadcrumb\":{\"@id\":\"https:\\\/\\\/insektenliebe.com\\\/de\\\/shop\\\/produkt\\\/spirostreptus-spec-1-tansania\\\/#breadcrumb\"},\"inLanguage\":\"de\",\"potentialAction\":[{\"@type\":\"ReadAction\",\"target\":[\"https:\\\/\\\/insektenliebe.com\\\/de\\\/shop\\\/produkt\\\/spirostreptus-spec-1-tansania\\\/\"]}]},{\"@type\":\"ImageObject\",\"inLanguage\":\"de\",\"@id\":\"https:\\\/\\\/insektenliebe.com\\\/de\\\/shop\\\/produkt\\\/spirostreptus-spec-1-tansania\\\/#primaryimage\",\"url\":\"https:\\\/\\\/insektenliebe.com\\\/wp-content\\\/uploads\\\/2018\\\/09\\\/Spirostreptus-spec.-1-22Tansania22.jpg\",\"contentUrl\":\"https:\\\/\\\/insektenliebe.com\\\/wp-content\\\/uploads\\\/2018\\\/09\\\/Spirostreptus-spec.-1-22Tansania22.jpg\",\"width\":820,\"height\":820,\"caption\":\"Spirostreptus spec. 1 \\\"Tansania\\\"\"},{\"@type\":\"BreadcrumbList\",\"@id\":\"https:\\\/\\\/insektenliebe.com\\\/de\\\/shop\\\/produkt\\\/spirostreptus-spec-1-tansania\\\/#breadcrumb\",\"itemListElement\":[{\"@type\":\"ListItem\",\"position\":1,\"name\":\"Startseite\",\"item\":\"https:\\\/\\\/insektenliebe.com\\\/de\\\/\"},{\"@type\":\"ListItem\",\"position\":2,\"name\":\"Shop\",\"item\":\"https:\\\/\\\/insektenliebe.com\\\/de\\\/shop\\\/\"},{\"@type\":\"ListItem\",\"position\":3,\"name\":\"Spirostreptus spec. 1 &#8222;Tansania&#8220;\"}]},{\"@type\":\"WebSite\",\"@id\":\"https:\\\/\\\/insektenliebe.com\\\/de\\\/#website\",\"url\":\"https:\\\/\\\/insektenliebe.com\\\/de\\\/\",\"name\":\"Insektenliebe\",\"description\":\"Dein Zuhause f\u00fcr die kleinen Lebewesen\",\"publisher\":{\"@id\":\"https:\\\/\\\/insektenliebe.com\\\/de\\\/#organization\"},\"potentialAction\":[{\"@type\":\"SearchAction\",\"target\":{\"@type\":\"EntryPoint\",\"urlTemplate\":\"https:\\\/\\\/insektenliebe.com\\\/de\\\/?s={search_term_string}\"},\"query-input\":{\"@type\":\"PropertyValueSpecification\",\"valueRequired\":true,\"valueName\":\"search_term_string\"}}],\"inLanguage\":\"de\"},{\"@type\":\"Organization\",\"@id\":\"https:\\\/\\\/insektenliebe.com\\\/de\\\/#organization\",\"name\":\"Insektenliebe\",\"url\":\"https:\\\/\\\/insektenliebe.com\\\/de\\\/\",\"logo\":{\"@type\":\"ImageObject\",\"inLanguage\":\"de\",\"@id\":\"https:\\\/\\\/insektenliebe.com\\\/de\\\/#\\\/schema\\\/logo\\\/image\\\/\",\"url\":\"https:\\\/\\\/insektenliebe.com\\\/wp-content\\\/uploads\\\/2025\\\/03\\\/logo-white.png\",\"contentUrl\":\"https:\\\/\\\/insektenliebe.com\\\/wp-content\\\/uploads\\\/2025\\\/03\\\/logo-white.png\",\"width\":288,\"height\":188,\"caption\":\"Insektenliebe\"},\"image\":{\"@id\":\"https:\\\/\\\/insektenliebe.com\\\/de\\\/#\\\/schema\\\/logo\\\/image\\\/\"}}]}<\/script>\n<!-- \/ Yoast SEO plugin. -->","yoast_head_json":{"title":"Spirostreptus spec. 1 \"Tansania\" - Insektenliebe","description":"G\u00fcnstige Spirostreptus spec. 1 online kaufen. Sehr einfach zu haltender Tausendf\u00fc\u00dfer mit beeindruckendem Aussehen. Spirostreptus spec. 1 direkt vom Z\u00fcchter!","robots":{"index":"index","follow":"follow","max-snippet":"max-snippet:-1","max-image-preview":"max-image-preview:large","max-video-preview":"max-video-preview:-1"},"canonical":"https:\/\/insektenliebe.com\/de\/shop\/produkt\/spirostreptus-spec-1-tansania\/","og_locale":"de_DE","og_type":"article","og_title":"Spirostreptus spec. 1 \"Tansania\" - Insektenliebe","og_description":"G\u00fcnstige Spirostreptus spec. 1 online kaufen. Sehr einfach zu haltender Tausendf\u00fc\u00dfer mit beeindruckendem Aussehen. Spirostreptus spec. 1 direkt vom Z\u00fcchter!","og_url":"https:\/\/insektenliebe.com\/de\/shop\/produkt\/spirostreptus-spec-1-tansania\/","og_site_name":"Insektenliebe","article_modified_time":"2026-02-10T16:40:37+00:00","og_image":[{"width":820,"height":820,"url":"https:\/\/insektenliebe.com\/wp-content\/uploads\/2018\/09\/Spirostreptus-spec.-1-22Tansania22.jpg","type":"image\/jpeg"}],"twitter_card":"summary_large_image","twitter_misc":{"Gesch\u00e4tzte Lesezeit":"2\u00a0Minuten"},"schema":{"@context":"https:\/\/schema.org","@graph":[{"@type":"WebPage","@id":"https:\/\/insektenliebe.com\/de\/shop\/produkt\/spirostreptus-spec-1-tansania\/","url":"https:\/\/insektenliebe.com\/de\/shop\/produkt\/spirostreptus-spec-1-tansania\/","name":"Spirostreptus spec. 1 \"Tansania\" - Insektenliebe","isPartOf":{"@id":"https:\/\/insektenliebe.com\/de\/#website"},"primaryImageOfPage":{"@id":"https:\/\/insektenliebe.com\/de\/shop\/produkt\/spirostreptus-spec-1-tansania\/#primaryimage"},"image":{"@id":"https:\/\/insektenliebe.com\/de\/shop\/produkt\/spirostreptus-spec-1-tansania\/#primaryimage"},"thumbnailUrl":"https:\/\/insektenliebe.com\/wp-content\/uploads\/2018\/09\/Spirostreptus-spec.-1-22Tansania22.jpg","datePublished":"2018-09-23T11:43:00+00:00","dateModified":"2026-02-10T16:40:37+00:00","description":"G\u00fcnstige Spirostreptus spec. 1 online kaufen. Sehr einfach zu haltender Tausendf\u00fc\u00dfer mit beeindruckendem Aussehen. Spirostreptus spec. 1 direkt vom Z\u00fcchter!","breadcrumb":{"@id":"https:\/\/insektenliebe.com\/de\/shop\/produkt\/spirostreptus-spec-1-tansania\/#breadcrumb"},"inLanguage":"de","potentialAction":[{"@type":"ReadAction","target":["https:\/\/insektenliebe.com\/de\/shop\/produkt\/spirostreptus-spec-1-tansania\/"]}]},{"@type":"ImageObject","inLanguage":"de","@id":"https:\/\/insektenliebe.com\/de\/shop\/produkt\/spirostreptus-spec-1-tansania\/#primaryimage","url":"https:\/\/insektenliebe.com\/wp-content\/uploads\/2018\/09\/Spirostreptus-spec.-1-22Tansania22.jpg","contentUrl":"https:\/\/insektenliebe.com\/wp-content\/uploads\/2018\/09\/Spirostreptus-spec.-1-22Tansania22.jpg","width":820,"height":820,"caption":"Spirostreptus spec. 1 \"Tansania\""},{"@type":"BreadcrumbList","@id":"https:\/\/insektenliebe.com\/de\/shop\/produkt\/spirostreptus-spec-1-tansania\/#breadcrumb","itemListElement":[{"@type":"ListItem","position":1,"name":"Startseite","item":"https:\/\/insektenliebe.com\/de\/"},{"@type":"ListItem","position":2,"name":"Shop","item":"https:\/\/insektenliebe.com\/de\/shop\/"},{"@type":"ListItem","position":3,"name":"Spirostreptus spec. 1 &#8222;Tansania&#8220;"}]},{"@type":"WebSite","@id":"https:\/\/insektenliebe.com\/de\/#website","url":"https:\/\/insektenliebe.com\/de\/","name":"Insektenliebe","description":"Dein Zuhause f\u00fcr die kleinen Lebewesen","publisher":{"@id":"https:\/\/insektenliebe.com\/de\/#organization"},"potentialAction":[{"@type":"SearchAction","target":{"@type":"EntryPoint","urlTemplate":"https:\/\/insektenliebe.com\/de\/?s={search_term_string}"},"query-input":{"@type":"PropertyValueSpecification","valueRequired":true,"valueName":"search_term_string"}}],"inLanguage":"de"},{"@type":"Organization","@id":"https:\/\/insektenliebe.com\/de\/#organization","name":"Insektenliebe","url":"https:\/\/insektenliebe.com\/de\/","logo":{"@type":"ImageObject","inLanguage":"de","@id":"https:\/\/insektenliebe.com\/de\/#\/schema\/logo\/image\/","url":"https:\/\/insektenliebe.com\/wp-content\/uploads\/2025\/03\/logo-white.png","contentUrl":"https:\/\/insektenliebe.com\/wp-content\/uploads\/2025\/03\/logo-white.png","width":288,"height":188,"caption":"Insektenliebe"},"image":{"@id":"https:\/\/insektenliebe.com\/de\/#\/schema\/logo\/image\/"}}]}},"_links":{"self":[{"href":"https:\/\/insektenliebe.com\/de\/wp-json\/wp\/v2\/product\/4530","targetHints":{"allow":["GET"]}}],"collection":[{"href":"https:\/\/insektenliebe.com\/de\/wp-json\/wp\/v2\/product"}],"about":[{"href":"https:\/\/insektenliebe.com\/de\/wp-json\/wp\/v2\/types\/product"}],"wp:featuredmedia":[{"embeddable":true,"href":"https:\/\/insektenliebe.com\/de\/wp-json\/wp\/v2\/media\/179440"}],"wp:attachment":[{"href":"https:\/\/insektenliebe.com\/de\/wp-json\/wp\/v2\/media?parent=4530"}],"wp:term":[{"taxonomy":"product-supplier","embeddable":true,"href":"https:\/\/insektenliebe.com\/de\/wp-json\/wp\/v2\/product-supplier?post=4530"},{"taxonomy":"product_brand","embeddable":true,"href":"https:\/\/insektenliebe.com\/de\/wp-json\/wp\/v2\/product_brand?post=4530"},{"taxonomy":"product_cat","embeddable":true,"href":"https:\/\/insektenliebe.com\/de\/wp-json\/wp\/v2\/product_cat?post=4530"},{"taxonomy":"product_tag","embeddable":true,"href":"https:\/\/insektenliebe.com\/de\/wp-json\/wp\/v2\/product_tag?post=4530"},{"taxonomy":"lce-checkout-addons","embeddable":true,"href":"https:\/\/insektenliebe.com\/de\/wp-json\/wp\/v2\/lce-checkout-addons?post=4530"}],"curies":[{"name":"wp","href":"https:\/\/api.w.org\/{rel}","templated":true}]}}