{"id":4528,"date":"2019-05-20T16:51:55","date_gmt":"2019-05-20T16:51:55","guid":{"rendered":"http:\/\/localhost\/ins-test\/?post_type=product&#038;p=4528"},"modified":"2026-01-19T08:37:01","modified_gmt":"2026-01-19T07:37:01","slug":"gesundheitspolizei","status":"publish","type":"product","link":"https:\/\/insektenliebe.com\/de\/shop\/produkt\/gesundheitspolizei\/","title":{"rendered":"Gesundheitspolizei"},"content":{"rendered":"<h3><span style=\"color: #99cc33;\">Kurzbeschreibung Gesundheitspolizei:<\/span><\/h3>\n<p>Mit unserer <strong>Gesundheitspolizei<\/strong> bringst du wertvolle N\u00fctzlinge in deinen Terrarienboden, die f\u00fcr eine tadellose Hygiene sorgen und deinen Terrarienbewohnern eine optimale Grundlage bieten. Diese kleinen Helfer k\u00fcmmern sich leidenschaftlich um totes Pflanzenmaterial, Tierreste wie H\u00e4utungsabf\u00e4lle, Kot, verstorbene Futtertiere, Pilze und sogar Schimmel. Dabei helfen sie dir, auf ganz nat\u00fcrliche Weise einem Milbenbefall vorzubeugen, der in Terrarien schnell zum Problem werden kann.<\/p>\n<p>Zudem verleiht die <strong>Gesundheitspolizei<\/strong> deinem Terrarium ein interessanteres und \u00e4sthetischeres Erscheinungsbild. Anstatt unsch\u00f6nen Abfallresten auf dem Boden kannst du aktive und attraktive Asseln beobachten, die sich intensiv um die Sauberkeit k\u00fcmmern. Unsere <strong>Gesundheitspolizei<\/strong> in der Verkaufsdose ist speziell darauf abgestimmt, dass sich die N\u00fctzlinge in deinem Terrarium erfolgreich vermehren.<\/p>\n<p>Ein echter Pluspunkt f\u00fcr dein Terrarium!<\/p>\n<p>Um die perfekte <strong>Gesundheitspolizei<\/strong> f\u00fcr dein individuelles Terrarium zu gew\u00e4hrleisten, haben wir unser Sortiment in drei verschiedene Klimazonen unterteilt. Dies erm\u00f6glicht es dir, schnell und einfach die passenden N\u00fctzlinge f\u00fcr deine spezifischen Bedingungen auszuw\u00e4hlen. Bei der Wahl der richtigen <strong>Gesundheitspolizei<\/strong> sind insbesondere die Klimazone und die damit verbundene Luftfeuchtigkeit in deinem Terrarium entscheidend. So garantieren wir, dass jeder das passende Set f\u00fcr sein Terrarium findet und die kleinen Helfer optimal ihre Arbeit verrichten k\u00f6nnen.<\/p>\n<p>Es ist wichtig zu wissen, dass die <strong>Gesundheitspolizei<\/strong> eine bemerkenswerte Anpassungsf\u00e4higkeit aufweist. Falls die genauen Werte f\u00fcr Luftfeuchtigkeit und Temperatur in deinem Terrarium nicht exakt mit unseren Angaben \u00fcbereinstimmen, ist das kein Grund zur Sorge. Ein paar Grad Temperaturunterschied oder geringf\u00fcgige Abweichungen in der Luftfeuchtigkeit sind f\u00fcr diese robusten N\u00fctzlinge kein Problem. Sie passen sich den Bedingungen in deinem Terrarium flexibel an und erledigen ihre Arbeit weiterhin effizient und zuverl\u00e4ssig.<\/p>\n<p class=\"p1\" style=\"text-align: left;\"><span style=\"font-size: 130%;\"><strong>Mediterranes Klima<\/strong><\/span><\/p>\n<p class=\"p1\" style=\"text-align: left;\">Relativ trockene Luftfeuchtigkeit von rund<br \/>\n60 % und Temperaturen um die 30 \u00b0C.<br \/>\nTypisch sind viele sonnige Tage und milde Winter. Griechenland ist ein gutes Beispiel f\u00fcr diese Klimazone.<\/p>\n<p style=\"text-align: left;\"><span style=\"font-size: 130%;\">Zusammensetzung<\/span><\/p>\n<p class=\"p1\" style=\"text-align: left;\">Hier setzen wir auf eine Kombination aus Springschw\u00e4nzen und Porcellio echinatus. Diese Zusammenstellung ist ideal f\u00fcr relativ trockene Terrarien mit einer hohen Temperatur.<\/p>\n<p class=\"p1\" style=\"text-align: left;\"><strong><span style=\"font-size: 130%;\">Gem\u00e4\u00dfigtes Klima<\/span><\/strong><\/p>\n<p class=\"p1\" style=\"text-align: left;\">In dieser Klimazone herrscht eine durchschnittliche Luftfeuchtigkeit von ca. 75 %. Die Temperaturen bewegen sich zumeist im Bereich von 25 \u00b0C. Frankreich ist repr\u00e4sentativ f\u00fcr dieses Klima.<\/p>\n<p class=\"p1\" style=\"text-align: left;\"><span style=\"font-size: 130%;\">Zusammensetzung<\/span><\/p>\n<p class=\"p1\" style=\"text-align: left;\">F\u00fcr die ausgewogene, moderate Luftfeuchtigkeit und die gem\u00e4\u00dfigte Temperatur ist die Mischung aus Springschw\u00e4nzen und Armadillidium nasatum ausgezeichnet.<\/p>\n<p class=\"p1\" style=\"text-align: left;\"><strong><span style=\"font-size: 130%;\">Tropisches Klima<\/span><\/strong><\/p>\n<p class=\"p1\" style=\"text-align: left;\">Bekannt f\u00fcr seine hohe Luftfeuchtigkeit von etwa 90 % und Temperaturen zwischen 26 und 28 \u00b0C. Charakteristisch sind Regenzeiten und konstante Temperaturen. Thailand veranschaulicht dieses Klima.<\/p>\n<p class=\"p1\" style=\"text-align: left;\"><span style=\"font-size: 130%;\">Zusammensetzung<\/span><\/p>\n<p class=\"p1\" style=\"text-align: left;\">F\u00fcr das feuchte und warme tropische Klima setzen wir auf Springschw\u00e4nze in Kombination mit Cubaris murina. Diese Mixtur ist ideal angepasst f\u00fcr die konstant tropischen Bedingungen.<\/p>\n<p>&nbsp;<\/p>\n<h3><span style=\"color: #99cc33;\"><strong>Dosierung und Empfehlung:<\/strong><\/span><\/h3>\n<p>Das richtige Ma\u00df macht den Unterschied! Die Menge der <strong>Gesundheitspolizei<\/strong>, die du in deinem Terrarium ben\u00f6tigst, h\u00e4ngt stark von dessen Gr\u00f6\u00dfe ab. Um sicherzustellen, dass dein Terrarium rundum gepflegt wird, empfehlen wir eine Dose <strong>Gesundheitspolizei<\/strong> f\u00fcr eine Fl\u00e4chenabdeckung von 30 x 30 cm. Damit sorgst du f\u00fcr eine optimale Besiedelung und Verteilung der kleinen Helfer in deinem Terrarienboden.<\/p>\n","protected":false},"excerpt":{"rendered":"<p>Kurzbeschreibung Gesundheitspolizei: Mit unserer Gesundheitspolizei bringst du wertvolle N\u00fctzlinge in deinen Terrarienboden, die f\u00fcr eine tadellose Hygiene sorgen und deinen Terrarienbewohnern eine optimale Grundlage bieten. Diese kleinen Helfer k\u00fcmmern sich leidenschaftlich um totes Pflanzenmaterial, Tierreste wie H\u00e4utungsabf\u00e4lle, Kot, verstorbene Futtertiere, Pilze und sogar Schimmel. Dabei helfen sie dir, auf ganz nat\u00fcrliche Weise einem Milbenbefall vorzubeugen, [&hellip;]<\/p>\n","protected":false},"featured_media":4635,"template":"","meta":{"_acf_changed":false},"product-supplier":[],"product_brand":[],"product_cat":[143],"product_tag":[],"lce-checkout-addons":[1202],"class_list":{"0":"post-4528","1":"product","2":"type-product","3":"status-publish","4":"has-post-thumbnail","6":"product_cat-sonstige-wirbellose","7":"product_shipping_class-animal-shipping","8":"lce-checkout-addons-winterverpackung","10":"first","11":"instock","12":"taxable","13":"shipping-taxable","14":"purchasable","15":"product-type-variable"},"acf":[],"yoast_head":"<!-- This site is optimized with the Yoast SEO Premium plugin v26.8 (Yoast SEO v27.3) - https:\/\/yoast.com\/product\/yoast-seo-premium-wordpress\/ -->\n<title>Gesundheitspolizei - Insektenliebe<\/title>\n<meta name=\"description\" content=\"G\u00fcnstige Gesundheitspolizei online kaufen. Jeder kann sie individuell f\u00fcr sein Terrarium mit Springschw\u00e4nzen und den passenden Asseln best\u00fccken.\" \/>\n<meta name=\"robots\" content=\"index, follow, max-snippet:-1, max-image-preview:large, max-video-preview:-1\" \/>\n<link rel=\"canonical\" href=\"https:\/\/insektenliebe.com\/de\/shop\/produkt\/gesundheitspolizei\/\" \/>\n<meta property=\"og:locale\" content=\"de_DE\" \/>\n<meta property=\"og:type\" content=\"article\" \/>\n<meta property=\"og:title\" content=\"Gesundheitspolizei\" \/>\n<meta property=\"og:description\" content=\"G\u00fcnstige Gesundheitspolizei online kaufen. Jeder kann sie individuell f\u00fcr sein Terrarium mit Springschw\u00e4nzen und den passenden Asseln best\u00fccken.\" \/>\n<meta property=\"og:url\" content=\"https:\/\/insektenliebe.com\/de\/shop\/produkt\/gesundheitspolizei\/\" \/>\n<meta property=\"og:site_name\" content=\"Insektenliebe\" \/>\n<meta property=\"article:modified_time\" content=\"2026-01-19T07:37:01+00:00\" \/>\n<meta property=\"og:image\" content=\"https:\/\/insektenliebe.com\/wp-content\/uploads\/2025\/05\/IMG_7385-2-min-2.jpg\" \/>\n\t<meta property=\"og:image:width\" content=\"1366\" \/>\n\t<meta property=\"og:image:height\" content=\"768\" \/>\n\t<meta property=\"og:image:type\" content=\"image\/jpeg\" \/>\n<meta name=\"twitter:card\" content=\"summary_large_image\" \/>\n<meta name=\"twitter:label1\" content=\"Verf\u00fcgbarkeit\" \/>\n\t<meta name=\"twitter:data1\" content=\"Auf Lager\" \/>\n<script type=\"application\/ld+json\" class=\"yoast-schema-graph\">{\"@context\":\"https:\\\/\\\/schema.org\",\"@graph\":[{\"@type\":\"WebPage\",\"@id\":\"https:\\\/\\\/insektenliebe.com\\\/de\\\/shop\\\/produkt\\\/gesundheitspolizei\\\/\",\"url\":\"https:\\\/\\\/insektenliebe.com\\\/de\\\/shop\\\/produkt\\\/gesundheitspolizei\\\/\",\"name\":\"Gesundheitspolizei - Insektenliebe\",\"isPartOf\":{\"@id\":\"https:\\\/\\\/insektenliebe.com\\\/de\\\/#website\"},\"primaryImageOfPage\":{\"@id\":\"https:\\\/\\\/insektenliebe.com\\\/de\\\/shop\\\/produkt\\\/gesundheitspolizei\\\/#primaryimage\"},\"image\":{\"@id\":\"https:\\\/\\\/insektenliebe.com\\\/de\\\/shop\\\/produkt\\\/gesundheitspolizei\\\/#primaryimage\"},\"thumbnailUrl\":\"https:\\\/\\\/insektenliebe.com\\\/wp-content\\\/uploads\\\/2025\\\/05\\\/IMG_7385-2-min-2.jpg\",\"datePublished\":\"2019-05-20T16:51:55+00:00\",\"dateModified\":\"2026-01-19T07:37:01+00:00\",\"description\":\"G\u00fcnstige Gesundheitspolizei online kaufen. Jeder kann sie individuell f\u00fcr sein Terrarium mit Springschw\u00e4nzen und den passenden Asseln best\u00fccken.\",\"breadcrumb\":{\"@id\":\"https:\\\/\\\/insektenliebe.com\\\/de\\\/shop\\\/produkt\\\/gesundheitspolizei\\\/#breadcrumb\"},\"inLanguage\":\"de\",\"potentialAction\":[{\"@type\":\"ReadAction\",\"target\":[\"https:\\\/\\\/insektenliebe.com\\\/de\\\/shop\\\/produkt\\\/gesundheitspolizei\\\/\"]}]},{\"@type\":\"ImageObject\",\"inLanguage\":\"de\",\"@id\":\"https:\\\/\\\/insektenliebe.com\\\/de\\\/shop\\\/produkt\\\/gesundheitspolizei\\\/#primaryimage\",\"url\":\"https:\\\/\\\/insektenliebe.com\\\/wp-content\\\/uploads\\\/2025\\\/05\\\/IMG_7385-2-min-2.jpg\",\"contentUrl\":\"https:\\\/\\\/insektenliebe.com\\\/wp-content\\\/uploads\\\/2025\\\/05\\\/IMG_7385-2-min-2.jpg\",\"width\":1366,\"height\":768,\"caption\":\"IMG_7385-2-min-2.jpg\"},{\"@type\":\"BreadcrumbList\",\"@id\":\"https:\\\/\\\/insektenliebe.com\\\/de\\\/shop\\\/produkt\\\/gesundheitspolizei\\\/#breadcrumb\",\"itemListElement\":[{\"@type\":\"ListItem\",\"position\":1,\"name\":\"Startseite\",\"item\":\"https:\\\/\\\/insektenliebe.com\\\/de\\\/\"},{\"@type\":\"ListItem\",\"position\":2,\"name\":\"Shop\",\"item\":\"https:\\\/\\\/insektenliebe.com\\\/de\\\/shop\\\/\"},{\"@type\":\"ListItem\",\"position\":3,\"name\":\"Gesundheitspolizei\"}]},{\"@type\":\"WebSite\",\"@id\":\"https:\\\/\\\/insektenliebe.com\\\/de\\\/#website\",\"url\":\"https:\\\/\\\/insektenliebe.com\\\/de\\\/\",\"name\":\"Insektenliebe\",\"description\":\"Dein Zuhause f\u00fcr die kleinen Lebewesen\",\"publisher\":{\"@id\":\"https:\\\/\\\/insektenliebe.com\\\/de\\\/#organization\"},\"potentialAction\":[{\"@type\":\"SearchAction\",\"target\":{\"@type\":\"EntryPoint\",\"urlTemplate\":\"https:\\\/\\\/insektenliebe.com\\\/de\\\/?s={search_term_string}\"},\"query-input\":{\"@type\":\"PropertyValueSpecification\",\"valueRequired\":true,\"valueName\":\"search_term_string\"}}],\"inLanguage\":\"de\"},{\"@type\":\"Organization\",\"@id\":\"https:\\\/\\\/insektenliebe.com\\\/de\\\/#organization\",\"name\":\"Insektenliebe\",\"url\":\"https:\\\/\\\/insektenliebe.com\\\/de\\\/\",\"logo\":{\"@type\":\"ImageObject\",\"inLanguage\":\"de\",\"@id\":\"https:\\\/\\\/insektenliebe.com\\\/de\\\/#\\\/schema\\\/logo\\\/image\\\/\",\"url\":\"https:\\\/\\\/insektenliebe.com\\\/wp-content\\\/uploads\\\/2025\\\/03\\\/logo-white.png\",\"contentUrl\":\"https:\\\/\\\/insektenliebe.com\\\/wp-content\\\/uploads\\\/2025\\\/03\\\/logo-white.png\",\"width\":288,\"height\":188,\"caption\":\"Insektenliebe\"},\"image\":{\"@id\":\"https:\\\/\\\/insektenliebe.com\\\/de\\\/#\\\/schema\\\/logo\\\/image\\\/\"}}]}<\/script>\n<meta property=\"og:availability\" content=\"instock\" \/>\n<meta property=\"product:availability\" content=\"instock\" \/>\n<meta property=\"product:retailer_item_id\" content=\"205\" \/>\n<meta property=\"product:condition\" content=\"new\" \/>\n<!-- \/ Yoast SEO Premium plugin. -->","yoast_head_json":{"title":"Gesundheitspolizei - Insektenliebe","description":"G\u00fcnstige Gesundheitspolizei online kaufen. Jeder kann sie individuell f\u00fcr sein Terrarium mit Springschw\u00e4nzen und den passenden Asseln best\u00fccken.","robots":{"index":"index","follow":"follow","max-snippet":"max-snippet:-1","max-image-preview":"max-image-preview:large","max-video-preview":"max-video-preview:-1"},"canonical":"https:\/\/insektenliebe.com\/de\/shop\/produkt\/gesundheitspolizei\/","og_locale":"de_DE","og_type":"article","og_title":"Gesundheitspolizei","og_description":"G\u00fcnstige Gesundheitspolizei online kaufen. Jeder kann sie individuell f\u00fcr sein Terrarium mit Springschw\u00e4nzen und den passenden Asseln best\u00fccken.","og_url":"https:\/\/insektenliebe.com\/de\/shop\/produkt\/gesundheitspolizei\/","og_site_name":"Insektenliebe","article_modified_time":"2026-01-19T07:37:01+00:00","og_image":[{"width":1366,"height":768,"url":"https:\/\/insektenliebe.com\/wp-content\/uploads\/2025\/05\/IMG_7385-2-min-2.jpg","type":"image\/jpeg"}],"twitter_card":"summary_large_image","twitter_misc":{"Verf\u00fcgbarkeit":"Auf Lager"},"schema":{"@context":"https:\/\/schema.org","@graph":[{"@type":"WebPage","@id":"https:\/\/insektenliebe.com\/de\/shop\/produkt\/gesundheitspolizei\/","url":"https:\/\/insektenliebe.com\/de\/shop\/produkt\/gesundheitspolizei\/","name":"Gesundheitspolizei - Insektenliebe","isPartOf":{"@id":"https:\/\/insektenliebe.com\/de\/#website"},"primaryImageOfPage":{"@id":"https:\/\/insektenliebe.com\/de\/shop\/produkt\/gesundheitspolizei\/#primaryimage"},"image":{"@id":"https:\/\/insektenliebe.com\/de\/shop\/produkt\/gesundheitspolizei\/#primaryimage"},"thumbnailUrl":"https:\/\/insektenliebe.com\/wp-content\/uploads\/2025\/05\/IMG_7385-2-min-2.jpg","datePublished":"2019-05-20T16:51:55+00:00","dateModified":"2026-01-19T07:37:01+00:00","description":"G\u00fcnstige Gesundheitspolizei online kaufen. Jeder kann sie individuell f\u00fcr sein Terrarium mit Springschw\u00e4nzen und den passenden Asseln best\u00fccken.","breadcrumb":{"@id":"https:\/\/insektenliebe.com\/de\/shop\/produkt\/gesundheitspolizei\/#breadcrumb"},"inLanguage":"de","potentialAction":[{"@type":"ReadAction","target":["https:\/\/insektenliebe.com\/de\/shop\/produkt\/gesundheitspolizei\/"]}]},{"@type":"ImageObject","inLanguage":"de","@id":"https:\/\/insektenliebe.com\/de\/shop\/produkt\/gesundheitspolizei\/#primaryimage","url":"https:\/\/insektenliebe.com\/wp-content\/uploads\/2025\/05\/IMG_7385-2-min-2.jpg","contentUrl":"https:\/\/insektenliebe.com\/wp-content\/uploads\/2025\/05\/IMG_7385-2-min-2.jpg","width":1366,"height":768,"caption":"IMG_7385-2-min-2.jpg"},{"@type":"BreadcrumbList","@id":"https:\/\/insektenliebe.com\/de\/shop\/produkt\/gesundheitspolizei\/#breadcrumb","itemListElement":[{"@type":"ListItem","position":1,"name":"Startseite","item":"https:\/\/insektenliebe.com\/de\/"},{"@type":"ListItem","position":2,"name":"Shop","item":"https:\/\/insektenliebe.com\/de\/shop\/"},{"@type":"ListItem","position":3,"name":"Gesundheitspolizei"}]},{"@type":"WebSite","@id":"https:\/\/insektenliebe.com\/de\/#website","url":"https:\/\/insektenliebe.com\/de\/","name":"Insektenliebe","description":"Dein Zuhause f\u00fcr die kleinen Lebewesen","publisher":{"@id":"https:\/\/insektenliebe.com\/de\/#organization"},"potentialAction":[{"@type":"SearchAction","target":{"@type":"EntryPoint","urlTemplate":"https:\/\/insektenliebe.com\/de\/?s={search_term_string}"},"query-input":{"@type":"PropertyValueSpecification","valueRequired":true,"valueName":"search_term_string"}}],"inLanguage":"de"},{"@type":"Organization","@id":"https:\/\/insektenliebe.com\/de\/#organization","name":"Insektenliebe","url":"https:\/\/insektenliebe.com\/de\/","logo":{"@type":"ImageObject","inLanguage":"de","@id":"https:\/\/insektenliebe.com\/de\/#\/schema\/logo\/image\/","url":"https:\/\/insektenliebe.com\/wp-content\/uploads\/2025\/03\/logo-white.png","contentUrl":"https:\/\/insektenliebe.com\/wp-content\/uploads\/2025\/03\/logo-white.png","width":288,"height":188,"caption":"Insektenliebe"},"image":{"@id":"https:\/\/insektenliebe.com\/de\/#\/schema\/logo\/image\/"}}]},"og_availability":"instock","product_availability":"instock","product_retailer_item_id":"205","product_condition":"new"},"_links":{"self":[{"href":"https:\/\/insektenliebe.com\/de\/wp-json\/wp\/v2\/product\/4528","targetHints":{"allow":["GET"]}}],"collection":[{"href":"https:\/\/insektenliebe.com\/de\/wp-json\/wp\/v2\/product"}],"about":[{"href":"https:\/\/insektenliebe.com\/de\/wp-json\/wp\/v2\/types\/product"}],"wp:featuredmedia":[{"embeddable":true,"href":"https:\/\/insektenliebe.com\/de\/wp-json\/wp\/v2\/media\/4635"}],"wp:attachment":[{"href":"https:\/\/insektenliebe.com\/de\/wp-json\/wp\/v2\/media?parent=4528"}],"wp:term":[{"taxonomy":"product-supplier","embeddable":true,"href":"https:\/\/insektenliebe.com\/de\/wp-json\/wp\/v2\/product-supplier?post=4528"},{"taxonomy":"product_brand","embeddable":true,"href":"https:\/\/insektenliebe.com\/de\/wp-json\/wp\/v2\/product_brand?post=4528"},{"taxonomy":"product_cat","embeddable":true,"href":"https:\/\/insektenliebe.com\/de\/wp-json\/wp\/v2\/product_cat?post=4528"},{"taxonomy":"product_tag","embeddable":true,"href":"https:\/\/insektenliebe.com\/de\/wp-json\/wp\/v2\/product_tag?post=4528"},{"taxonomy":"lce-checkout-addons","embeddable":true,"href":"https:\/\/insektenliebe.com\/de\/wp-json\/wp\/v2\/lce-checkout-addons?post=4528"}],"curies":[{"name":"wp","href":"https:\/\/api.w.org\/{rel}","templated":true}]}}