{"id":4527,"date":"2018-09-13T07:23:28","date_gmt":"2018-09-13T05:23:28","guid":{"rendered":"http:\/\/localhost\/ins-test\/?post_type=product&#038;p=4527"},"modified":"2026-01-19T08:37:42","modified_gmt":"2026-01-19T07:37:42","slug":"bodenpolizei-starter-fuer-ein-biologisches-terrarium","status":"publish","type":"product","link":"https:\/\/insektenliebe.com\/de\/shop\/produkt\/bodenpolizei-starter-fuer-ein-biologisches-terrarium\/","title":{"rendered":"Bodenpolizei- Starter f\u00fcr ein biologisches Terrarium"},"content":{"rendered":"<h3><span style=\"color: #99cc33;\">Kurzbeschreibung Bodenpolizei<\/span><\/h3>\n<p>F\u00fcr ein gesundes und hygienisches Terrarienmilieu: Mit unserer <strong>Bodenpolizei<\/strong> sorgst du daf\u00fcr, dass N\u00fctzlinge im Bodengrund deines Terrariums aktiv zur Sauberkeit und zum Wohlbefinden deiner Terrarienbewohner beitragen.<\/p>\n<p>Jedes Reagenzglas, mit den Ma\u00dfen von 110 mm x \u00d8 16 mm, ist perfekt portioniert, um ein Terrarium anzuimpfen. So hast du stets die richtige Menge an N\u00fctzlingen und vermeidest eine \u00dcberpopulation.<\/p>\n<p><strong>Beachte:<\/strong> Bei jeder Bodenpolizei Auswahl erh\u00e4ltst du genau ein Reagenzglas.<\/p>\n<p>Diese kleinen Helfer gehen effizient gegen tote Pflanzen, H\u00e4utungsreste, Kot, verstorbenes Futter, Pilze und sogar Schimmel vor. Sie bieten zudem einen nat\u00fcrlichen Schutz vor Milbenbefall, der schnell zu einer Herausforderung werden kann. Nicht nur sorgen sie f\u00fcr ein sauberes Terrarium, sie machen den Anblick deines Terrariums auch faszinierender.<\/p>\n<p>Ohne Abfall am Boden kannst du stattdessen attraktive und spannende Bewohner wie Asseln und Springschw\u00e4nze beobachten. Und keine Sorge: Der Besatz ist so konzipiert, dass eine erfolgreiche Vermehrung im Terrarium sichergestellt ist.<\/p>\n<p>&nbsp;<\/p>\n<p><strong>Wei\u00dfe Asseln (Trichorhina tomentosa):<\/strong><\/p>\n<p>Sie geh\u00f6ren zu den Erstzersetzern und sind h\u00e4ufig im Bodengrund aufzufinden. Erst wenn Abfall auf der Oberfl\u00e4che liegt kommen sie zum Vorschein. F\u00fcr alle Terrarien geeignet in denen es mindestens eine feuchte Ecke gibt.<\/p>\n<p><a href=\"https:\/\/insektenliebe.com\/haltungsberichte\/asseln\/trichorhina-tomentosa-weisse-asseln\/\">Zum Haltungsbericht<\/a><\/p>\n<p>&nbsp;<\/p>\n<p><strong>Springschw\u00e4nze (Collembola):<\/strong><\/p>\n<p>Sie geh\u00f6ren zu den Zweitzersetzern und verarbeiten somit die Exkremente der Asseln. Sie perfektionieren den nat\u00fcrlichen Kreislauf im Bodengrund.\u00a0F\u00fcr alle Terrarien geeignet in denen es mindestens eine feuchte Ecke gibt.<\/p>\n<p><a href=\"https:\/\/insektenliebe.com\/haltungsberichte\/futtertiere\/collembola-springschwaenze\/\">Zum Haltungsbericht<\/a><\/p>\n<p>Du bist bereits von der Effizienz unserer <strong>Bodenpolizei<\/strong> \u00fcberzeugt, bestehend aus Springschw\u00e4nzen und wei\u00dfen Asseln? Dann lass dich von unserer <strong>Gesundheitspolizei<\/strong> begeistern!<\/p>\n<p>Mit einem h\u00f6heren Anteil an Springschw\u00e4nzen und sorgf\u00e4ltig ausgew\u00e4hlten Asselarten, die individuell an die jeweiligen Terrarienbedingungen angepasst sind, bietet sie einen noch intensiveren Schutz und Pflege f\u00fcr dein Terrarium.<\/p>\n<p>Schau dir die Gesundheitspolizei jetzt in unserem Shop an und bring dein Terrarium auf das n\u00e4chste Level der Pflege!<\/p>\n","protected":false},"excerpt":{"rendered":"<p>Kurzbeschreibung Bodenpolizei F\u00fcr ein gesundes und hygienisches Terrarienmilieu: Mit unserer Bodenpolizei sorgst du daf\u00fcr, dass N\u00fctzlinge im Bodengrund deines Terrariums aktiv zur Sauberkeit und zum Wohlbefinden deiner Terrarienbewohner beitragen. Jedes Reagenzglas, mit den Ma\u00dfen von 110 mm x \u00d8 16 mm, ist perfekt portioniert, um ein Terrarium anzuimpfen. So hast du stets die richtige Menge [&hellip;]<\/p>\n","protected":false},"featured_media":4581,"template":"","meta":{"_acf_changed":false},"product-supplier":[],"product_brand":[],"product_cat":[143],"product_tag":[],"lce-checkout-addons":[1202],"class_list":{"0":"post-4527","1":"product","2":"type-product","3":"status-publish","4":"has-post-thumbnail","6":"product_cat-sonstige-wirbellose","7":"product_shipping_class-animal-shipping","8":"lce-checkout-addons-winterverpackung","10":"first","11":"instock","12":"taxable","13":"shipping-taxable","14":"purchasable","15":"product-type-variable"},"acf":[],"yoast_head":"<!-- This site is optimized with the Yoast SEO Premium plugin v26.8 (Yoast SEO v27.3) - https:\/\/yoast.com\/product\/yoast-seo-premium-wordpress\/ -->\n<title>Bodenpolizei- Starter f\u00fcr ein biologisches Terrarium - Insektenliebe<\/title>\n<meta name=\"description\" content=\"G\u00fcnstige Bodenpolizei online kaufen. Ein Reagenzglas reicht f\u00fcr ein Terrarium in allen Gr\u00f6\u00dfen und kann direkt vom Z\u00fcchter gekauft werden!\" \/>\n<meta name=\"robots\" content=\"index, follow, max-snippet:-1, max-image-preview:large, max-video-preview:-1\" \/>\n<link rel=\"canonical\" href=\"https:\/\/insektenliebe.com\/de\/shop\/produkt\/bodenpolizei-starter-fuer-ein-biologisches-terrarium\/\" \/>\n<meta property=\"og:locale\" content=\"de_DE\" \/>\n<meta property=\"og:type\" content=\"article\" \/>\n<meta property=\"og:title\" content=\"Bodenpolizei- Starter f\u00fcr ein biologisches Terrarium\" \/>\n<meta property=\"og:description\" content=\"G\u00fcnstige Bodenpolizei online kaufen. Ein Reagenzglas reicht f\u00fcr ein Terrarium in allen Gr\u00f6\u00dfen und kann direkt vom Z\u00fcchter gekauft werden!\" \/>\n<meta property=\"og:url\" content=\"https:\/\/insektenliebe.com\/de\/shop\/produkt\/bodenpolizei-starter-fuer-ein-biologisches-terrarium\/\" \/>\n<meta property=\"og:site_name\" content=\"Insektenliebe\" \/>\n<meta property=\"article:modified_time\" content=\"2026-01-19T07:37:42+00:00\" \/>\n<meta property=\"og:image\" content=\"https:\/\/insektenliebe.com\/wp-content\/uploads\/2025\/05\/Bodenpolizei-2-2.jpg\" \/>\n\t<meta property=\"og:image:width\" content=\"820\" \/>\n\t<meta property=\"og:image:height\" content=\"820\" \/>\n\t<meta property=\"og:image:type\" content=\"image\/jpeg\" \/>\n<meta name=\"twitter:card\" content=\"summary_large_image\" \/>\n<meta name=\"twitter:label1\" content=\"Verf\u00fcgbarkeit\" \/>\n\t<meta name=\"twitter:data1\" content=\"Auf Lager\" \/>\n<script type=\"application\/ld+json\" class=\"yoast-schema-graph\">{\"@context\":\"https:\\\/\\\/schema.org\",\"@graph\":[{\"@type\":\"WebPage\",\"@id\":\"https:\\\/\\\/insektenliebe.com\\\/de\\\/shop\\\/produkt\\\/bodenpolizei-starter-fuer-ein-biologisches-terrarium\\\/\",\"url\":\"https:\\\/\\\/insektenliebe.com\\\/de\\\/shop\\\/produkt\\\/bodenpolizei-starter-fuer-ein-biologisches-terrarium\\\/\",\"name\":\"Bodenpolizei- Starter f\u00fcr ein biologisches Terrarium - Insektenliebe\",\"isPartOf\":{\"@id\":\"https:\\\/\\\/insektenliebe.com\\\/de\\\/#website\"},\"primaryImageOfPage\":{\"@id\":\"https:\\\/\\\/insektenliebe.com\\\/de\\\/shop\\\/produkt\\\/bodenpolizei-starter-fuer-ein-biologisches-terrarium\\\/#primaryimage\"},\"image\":{\"@id\":\"https:\\\/\\\/insektenliebe.com\\\/de\\\/shop\\\/produkt\\\/bodenpolizei-starter-fuer-ein-biologisches-terrarium\\\/#primaryimage\"},\"thumbnailUrl\":\"https:\\\/\\\/insektenliebe.com\\\/wp-content\\\/uploads\\\/2025\\\/05\\\/Bodenpolizei-2-2.jpg\",\"datePublished\":\"2018-09-13T05:23:28+00:00\",\"dateModified\":\"2026-01-19T07:37:42+00:00\",\"description\":\"G\u00fcnstige Bodenpolizei online kaufen. Ein Reagenzglas reicht f\u00fcr ein Terrarium in allen Gr\u00f6\u00dfen und kann direkt vom Z\u00fcchter gekauft werden!\",\"breadcrumb\":{\"@id\":\"https:\\\/\\\/insektenliebe.com\\\/de\\\/shop\\\/produkt\\\/bodenpolizei-starter-fuer-ein-biologisches-terrarium\\\/#breadcrumb\"},\"inLanguage\":\"de\",\"potentialAction\":[{\"@type\":\"ReadAction\",\"target\":[\"https:\\\/\\\/insektenliebe.com\\\/de\\\/shop\\\/produkt\\\/bodenpolizei-starter-fuer-ein-biologisches-terrarium\\\/\"]}]},{\"@type\":\"ImageObject\",\"inLanguage\":\"de\",\"@id\":\"https:\\\/\\\/insektenliebe.com\\\/de\\\/shop\\\/produkt\\\/bodenpolizei-starter-fuer-ein-biologisches-terrarium\\\/#primaryimage\",\"url\":\"https:\\\/\\\/insektenliebe.com\\\/wp-content\\\/uploads\\\/2025\\\/05\\\/Bodenpolizei-2-2.jpg\",\"contentUrl\":\"https:\\\/\\\/insektenliebe.com\\\/wp-content\\\/uploads\\\/2025\\\/05\\\/Bodenpolizei-2-2.jpg\",\"width\":820,\"height\":820,\"caption\":\"Bodenpolizei-2-2.jpg\"},{\"@type\":\"BreadcrumbList\",\"@id\":\"https:\\\/\\\/insektenliebe.com\\\/de\\\/shop\\\/produkt\\\/bodenpolizei-starter-fuer-ein-biologisches-terrarium\\\/#breadcrumb\",\"itemListElement\":[{\"@type\":\"ListItem\",\"position\":1,\"name\":\"Startseite\",\"item\":\"https:\\\/\\\/insektenliebe.com\\\/de\\\/\"},{\"@type\":\"ListItem\",\"position\":2,\"name\":\"Shop\",\"item\":\"https:\\\/\\\/insektenliebe.com\\\/de\\\/shop\\\/\"},{\"@type\":\"ListItem\",\"position\":3,\"name\":\"Bodenpolizei- Starter f\u00fcr ein biologisches Terrarium\"}]},{\"@type\":\"WebSite\",\"@id\":\"https:\\\/\\\/insektenliebe.com\\\/de\\\/#website\",\"url\":\"https:\\\/\\\/insektenliebe.com\\\/de\\\/\",\"name\":\"Insektenliebe\",\"description\":\"Dein Zuhause f\u00fcr die kleinen Lebewesen\",\"publisher\":{\"@id\":\"https:\\\/\\\/insektenliebe.com\\\/de\\\/#organization\"},\"potentialAction\":[{\"@type\":\"SearchAction\",\"target\":{\"@type\":\"EntryPoint\",\"urlTemplate\":\"https:\\\/\\\/insektenliebe.com\\\/de\\\/?s={search_term_string}\"},\"query-input\":{\"@type\":\"PropertyValueSpecification\",\"valueRequired\":true,\"valueName\":\"search_term_string\"}}],\"inLanguage\":\"de\"},{\"@type\":\"Organization\",\"@id\":\"https:\\\/\\\/insektenliebe.com\\\/de\\\/#organization\",\"name\":\"Insektenliebe\",\"url\":\"https:\\\/\\\/insektenliebe.com\\\/de\\\/\",\"logo\":{\"@type\":\"ImageObject\",\"inLanguage\":\"de\",\"@id\":\"https:\\\/\\\/insektenliebe.com\\\/de\\\/#\\\/schema\\\/logo\\\/image\\\/\",\"url\":\"https:\\\/\\\/insektenliebe.com\\\/wp-content\\\/uploads\\\/2025\\\/03\\\/logo-white.png\",\"contentUrl\":\"https:\\\/\\\/insektenliebe.com\\\/wp-content\\\/uploads\\\/2025\\\/03\\\/logo-white.png\",\"width\":288,\"height\":188,\"caption\":\"Insektenliebe\"},\"image\":{\"@id\":\"https:\\\/\\\/insektenliebe.com\\\/de\\\/#\\\/schema\\\/logo\\\/image\\\/\"}}]}<\/script>\n<meta property=\"og:availability\" content=\"instock\" \/>\n<meta property=\"product:availability\" content=\"instock\" \/>\n<meta property=\"product:retailer_item_id\" content=\"053\" \/>\n<meta property=\"product:condition\" content=\"new\" \/>\n<!-- \/ Yoast SEO Premium plugin. -->","yoast_head_json":{"title":"Bodenpolizei- Starter f\u00fcr ein biologisches Terrarium - Insektenliebe","description":"G\u00fcnstige Bodenpolizei online kaufen. Ein Reagenzglas reicht f\u00fcr ein Terrarium in allen Gr\u00f6\u00dfen und kann direkt vom Z\u00fcchter gekauft werden!","robots":{"index":"index","follow":"follow","max-snippet":"max-snippet:-1","max-image-preview":"max-image-preview:large","max-video-preview":"max-video-preview:-1"},"canonical":"https:\/\/insektenliebe.com\/de\/shop\/produkt\/bodenpolizei-starter-fuer-ein-biologisches-terrarium\/","og_locale":"de_DE","og_type":"article","og_title":"Bodenpolizei- Starter f\u00fcr ein biologisches Terrarium","og_description":"G\u00fcnstige Bodenpolizei online kaufen. Ein Reagenzglas reicht f\u00fcr ein Terrarium in allen Gr\u00f6\u00dfen und kann direkt vom Z\u00fcchter gekauft werden!","og_url":"https:\/\/insektenliebe.com\/de\/shop\/produkt\/bodenpolizei-starter-fuer-ein-biologisches-terrarium\/","og_site_name":"Insektenliebe","article_modified_time":"2026-01-19T07:37:42+00:00","og_image":[{"width":820,"height":820,"url":"https:\/\/insektenliebe.com\/wp-content\/uploads\/2025\/05\/Bodenpolizei-2-2.jpg","type":"image\/jpeg"}],"twitter_card":"summary_large_image","twitter_misc":{"Verf\u00fcgbarkeit":"Auf Lager"},"schema":{"@context":"https:\/\/schema.org","@graph":[{"@type":"WebPage","@id":"https:\/\/insektenliebe.com\/de\/shop\/produkt\/bodenpolizei-starter-fuer-ein-biologisches-terrarium\/","url":"https:\/\/insektenliebe.com\/de\/shop\/produkt\/bodenpolizei-starter-fuer-ein-biologisches-terrarium\/","name":"Bodenpolizei- Starter f\u00fcr ein biologisches Terrarium - Insektenliebe","isPartOf":{"@id":"https:\/\/insektenliebe.com\/de\/#website"},"primaryImageOfPage":{"@id":"https:\/\/insektenliebe.com\/de\/shop\/produkt\/bodenpolizei-starter-fuer-ein-biologisches-terrarium\/#primaryimage"},"image":{"@id":"https:\/\/insektenliebe.com\/de\/shop\/produkt\/bodenpolizei-starter-fuer-ein-biologisches-terrarium\/#primaryimage"},"thumbnailUrl":"https:\/\/insektenliebe.com\/wp-content\/uploads\/2025\/05\/Bodenpolizei-2-2.jpg","datePublished":"2018-09-13T05:23:28+00:00","dateModified":"2026-01-19T07:37:42+00:00","description":"G\u00fcnstige Bodenpolizei online kaufen. Ein Reagenzglas reicht f\u00fcr ein Terrarium in allen Gr\u00f6\u00dfen und kann direkt vom Z\u00fcchter gekauft werden!","breadcrumb":{"@id":"https:\/\/insektenliebe.com\/de\/shop\/produkt\/bodenpolizei-starter-fuer-ein-biologisches-terrarium\/#breadcrumb"},"inLanguage":"de","potentialAction":[{"@type":"ReadAction","target":["https:\/\/insektenliebe.com\/de\/shop\/produkt\/bodenpolizei-starter-fuer-ein-biologisches-terrarium\/"]}]},{"@type":"ImageObject","inLanguage":"de","@id":"https:\/\/insektenliebe.com\/de\/shop\/produkt\/bodenpolizei-starter-fuer-ein-biologisches-terrarium\/#primaryimage","url":"https:\/\/insektenliebe.com\/wp-content\/uploads\/2025\/05\/Bodenpolizei-2-2.jpg","contentUrl":"https:\/\/insektenliebe.com\/wp-content\/uploads\/2025\/05\/Bodenpolizei-2-2.jpg","width":820,"height":820,"caption":"Bodenpolizei-2-2.jpg"},{"@type":"BreadcrumbList","@id":"https:\/\/insektenliebe.com\/de\/shop\/produkt\/bodenpolizei-starter-fuer-ein-biologisches-terrarium\/#breadcrumb","itemListElement":[{"@type":"ListItem","position":1,"name":"Startseite","item":"https:\/\/insektenliebe.com\/de\/"},{"@type":"ListItem","position":2,"name":"Shop","item":"https:\/\/insektenliebe.com\/de\/shop\/"},{"@type":"ListItem","position":3,"name":"Bodenpolizei- Starter f\u00fcr ein biologisches Terrarium"}]},{"@type":"WebSite","@id":"https:\/\/insektenliebe.com\/de\/#website","url":"https:\/\/insektenliebe.com\/de\/","name":"Insektenliebe","description":"Dein Zuhause f\u00fcr die kleinen Lebewesen","publisher":{"@id":"https:\/\/insektenliebe.com\/de\/#organization"},"potentialAction":[{"@type":"SearchAction","target":{"@type":"EntryPoint","urlTemplate":"https:\/\/insektenliebe.com\/de\/?s={search_term_string}"},"query-input":{"@type":"PropertyValueSpecification","valueRequired":true,"valueName":"search_term_string"}}],"inLanguage":"de"},{"@type":"Organization","@id":"https:\/\/insektenliebe.com\/de\/#organization","name":"Insektenliebe","url":"https:\/\/insektenliebe.com\/de\/","logo":{"@type":"ImageObject","inLanguage":"de","@id":"https:\/\/insektenliebe.com\/de\/#\/schema\/logo\/image\/","url":"https:\/\/insektenliebe.com\/wp-content\/uploads\/2025\/03\/logo-white.png","contentUrl":"https:\/\/insektenliebe.com\/wp-content\/uploads\/2025\/03\/logo-white.png","width":288,"height":188,"caption":"Insektenliebe"},"image":{"@id":"https:\/\/insektenliebe.com\/de\/#\/schema\/logo\/image\/"}}]},"og_availability":"instock","product_availability":"instock","product_retailer_item_id":"053","product_condition":"new"},"_links":{"self":[{"href":"https:\/\/insektenliebe.com\/de\/wp-json\/wp\/v2\/product\/4527","targetHints":{"allow":["GET"]}}],"collection":[{"href":"https:\/\/insektenliebe.com\/de\/wp-json\/wp\/v2\/product"}],"about":[{"href":"https:\/\/insektenliebe.com\/de\/wp-json\/wp\/v2\/types\/product"}],"wp:featuredmedia":[{"embeddable":true,"href":"https:\/\/insektenliebe.com\/de\/wp-json\/wp\/v2\/media\/4581"}],"wp:attachment":[{"href":"https:\/\/insektenliebe.com\/de\/wp-json\/wp\/v2\/media?parent=4527"}],"wp:term":[{"taxonomy":"product-supplier","embeddable":true,"href":"https:\/\/insektenliebe.com\/de\/wp-json\/wp\/v2\/product-supplier?post=4527"},{"taxonomy":"product_brand","embeddable":true,"href":"https:\/\/insektenliebe.com\/de\/wp-json\/wp\/v2\/product_brand?post=4527"},{"taxonomy":"product_cat","embeddable":true,"href":"https:\/\/insektenliebe.com\/de\/wp-json\/wp\/v2\/product_cat?post=4527"},{"taxonomy":"product_tag","embeddable":true,"href":"https:\/\/insektenliebe.com\/de\/wp-json\/wp\/v2\/product_tag?post=4527"},{"taxonomy":"lce-checkout-addons","embeddable":true,"href":"https:\/\/insektenliebe.com\/de\/wp-json\/wp\/v2\/lce-checkout-addons?post=4527"}],"curies":[{"name":"wp","href":"https:\/\/api.w.org\/{rel}","templated":true}]}}