{"id":4523,"date":"2018-08-10T11:34:20","date_gmt":"2018-08-10T11:34:20","guid":{"rendered":"http:\/\/localhost\/ins-test\/?post_type=product&#038;p=4523"},"modified":"2026-03-09T19:04:33","modified_gmt":"2026-03-09T18:04:33","slug":"assel-futter-vorratspack","status":"publish","type":"product","link":"https:\/\/insektenliebe.com\/de\/shop\/produkt\/assel-futter-vorratspack\/","title":{"rendered":"Assel Futter Vorratspack"},"content":{"rendered":"<h3><span class=\"s1\" style=\"color: #99cc33;\">Assel-Futter Vorratspack \u2013 Nat\u00fcrlich, abwechslungsreich und praktisch<\/span><\/h3>\n<p class=\"p1\"><span class=\"s1\">Mit unserem <strong><span class=\"s2\">Assel-Futter Vorratspack<\/span><\/strong><\/span><span class=\"s1\">\u00a0versorgst du deine Tiere dauerhaft mit einer abwechslungsreichen und ausgewogenen Ern\u00e4hrung. Das Set kombiniert verschiedene Futtermittel aus <\/span><span class=\"s2\">100 % nat\u00fcrlichen Zutaten<\/span><span class=\"s1\">, sodass deine Asseln ein vielseitiges Nahrungsangebot erhalten.<\/span><\/p>\n<p class=\"p1\"><span class=\"s1\">Asseln geh\u00f6ren zu den wichtigsten Zersetzer im Terrarium. Sie verwerten organisches Material, zersetzen Pflanzenreste und tragen zu einem stabilen Mikroklima im Bodensubstrat bei. Damit sich eine Kolonie dauerhaft gesund entwickelt, profitieren die Tiere jedoch von <\/span><span class=\"s2\">abwechslungsreicher Nahrung<\/span><span class=\"s1\">.<\/span><\/p>\n<p class=\"p1\"><span class=\"s1\">Genau daf\u00fcr eignet sich unser Vorratspack besonders gut. Die Mischung bietet verschiedene nat\u00fcrliche Futterquellen und sorgt daf\u00fcr, dass deine Asseln regelm\u00e4\u00dfig unterschiedliche N\u00e4hrstoffe aufnehmen k\u00f6nnen. Diese Vielfalt unterst\u00fctzt <\/span><span class=\"s2\">Wachstum, H\u00e4utung und Vermehrung<\/span><span class=\"s1\"> deiner Tiere.<\/span><\/p>\n<p class=\"p1\"><span class=\"s1\">Durch die nat\u00fcrlichen Zutaten passt das Futter ideal in <\/span><span class=\"s2\">bioaktive Terrarien<\/span><span class=\"s1\">. Gleichzeitig eignet sich das Vorratspack auch hervorragend f\u00fcr <\/span><span class=\"s2\">Zuchtboxen und Asselkolonien<\/span><span class=\"s1\">, da du mehrere Futtersorten griffbereit hast und deine Tiere regelm\u00e4\u00dfig abwechslungsreich versorgen kannst.<\/span><\/p>\n<p class=\"p1\"><span class=\"s1\">Ein weiterer Vorteil liegt in der praktischen Vorratsgr\u00f6\u00dfe. Du musst nicht st\u00e4ndig neues Futter nachkaufen und kannst deine Tiere \u00fcber l\u00e4ngere Zeit zuverl\u00e4ssig versorgen. So bleibt die F\u00fctterung unkompliziert und gleichzeitig abwechslungsreich.<\/span><\/p>\n<p class=\"p1\"><span class=\"s1\">Mit dem <\/span><strong><span class=\"s2\">Assel-Futter Vorratspack<\/span><\/strong><span class=\"s1\"> bietest du deinen Tieren eine <\/span><span class=\"s2\">nat\u00fcrliche, vielseitige und ausgewogene Ern\u00e4hrung<\/span><span class=\"s1\">, die perfekt auf die Bed\u00fcrfnisse von Asseln und anderen Zersetzer abgestimmt ist.<\/span><\/p>\n","protected":false},"excerpt":{"rendered":"<p>Assel-Futter Vorratspack \u2013 Nat\u00fcrlich, abwechslungsreich und praktisch Mit unserem Assel-Futter Vorratspack\u00a0versorgst du deine Tiere dauerhaft mit einer abwechslungsreichen und ausgewogenen Ern\u00e4hrung. Das Set kombiniert verschiedene Futtermittel aus 100 % nat\u00fcrlichen Zutaten, sodass deine Asseln ein vielseitiges Nahrungsangebot erhalten. Asseln geh\u00f6ren zu den wichtigsten Zersetzer im Terrarium. Sie verwerten organisches Material, zersetzen Pflanzenreste und tragen zu [&hellip;]<\/p>\n","protected":false},"featured_media":4577,"template":"","meta":{"_acf_changed":false},"product-supplier":[],"product_brand":[],"product_cat":[129],"product_tag":[],"lce-checkout-addons":[],"class_list":{"0":"post-4523","1":"product","2":"type-product","3":"status-publish","4":"has-post-thumbnail","6":"product_cat-futter-kalzium","7":"product_shipping_class-equipment-shipping","9":"first","10":"instock","11":"taxable","12":"shipping-taxable","13":"purchasable","14":"product-type-variable"},"acf":[],"yoast_head":"<!-- This site is optimized with the Yoast SEO plugin v27.3 - https:\/\/yoast.com\/product\/yoast-seo-wordpress\/ -->\n<title>Assel Futter Vorratspack - Insektenliebe<\/title>\n<meta name=\"description\" content=\"Assel Futter Vorratspack \u2013 abwechslungsreiches Naturfutter f\u00fcr Asseln. 100 % nat\u00fcrliche Zutaten f\u00fcr eine ausgewogene Ern\u00e4hrung.\" \/>\n<meta name=\"robots\" content=\"index, follow, max-snippet:-1, max-image-preview:large, max-video-preview:-1\" \/>\n<link rel=\"canonical\" href=\"https:\/\/insektenliebe.com\/de\/shop\/produkt\/assel-futter-vorratspack\/\" \/>\n<meta property=\"og:locale\" content=\"de_DE\" \/>\n<meta property=\"og:type\" content=\"article\" \/>\n<meta property=\"og:title\" content=\"Assel Futter Vorratspack - Insektenliebe\" \/>\n<meta property=\"og:description\" content=\"Assel Futter Vorratspack \u2013 abwechslungsreiches Naturfutter f\u00fcr Asseln. 100 % nat\u00fcrliche Zutaten f\u00fcr eine ausgewogene Ern\u00e4hrung.\" \/>\n<meta property=\"og:url\" content=\"https:\/\/insektenliebe.com\/de\/shop\/produkt\/assel-futter-vorratspack\/\" \/>\n<meta property=\"og:site_name\" content=\"Insektenliebe\" \/>\n<meta property=\"article:modified_time\" content=\"2026-03-09T18:04:33+00:00\" \/>\n<meta property=\"og:image\" content=\"https:\/\/insektenliebe.com\/wp-content\/uploads\/2025\/05\/6.-Asselfutter-Gesamt-scaled-3.jpg\" \/>\n\t<meta property=\"og:image:width\" content=\"2560\" \/>\n\t<meta property=\"og:image:height\" content=\"2560\" \/>\n\t<meta property=\"og:image:type\" content=\"image\/jpeg\" \/>\n<meta name=\"twitter:card\" content=\"summary_large_image\" \/>\n<meta name=\"twitter:label1\" content=\"Gesch\u00e4tzte Lesezeit\" \/>\n\t<meta name=\"twitter:data1\" content=\"2\u00a0Minuten\" \/>\n<script type=\"application\/ld+json\" class=\"yoast-schema-graph\">{\"@context\":\"https:\\\/\\\/schema.org\",\"@graph\":[{\"@type\":\"WebPage\",\"@id\":\"https:\\\/\\\/insektenliebe.com\\\/de\\\/shop\\\/produkt\\\/assel-futter-vorratspack\\\/\",\"url\":\"https:\\\/\\\/insektenliebe.com\\\/de\\\/shop\\\/produkt\\\/assel-futter-vorratspack\\\/\",\"name\":\"Assel Futter Vorratspack - Insektenliebe\",\"isPartOf\":{\"@id\":\"https:\\\/\\\/insektenliebe.com\\\/de\\\/#website\"},\"primaryImageOfPage\":{\"@id\":\"https:\\\/\\\/insektenliebe.com\\\/de\\\/shop\\\/produkt\\\/assel-futter-vorratspack\\\/#primaryimage\"},\"image\":{\"@id\":\"https:\\\/\\\/insektenliebe.com\\\/de\\\/shop\\\/produkt\\\/assel-futter-vorratspack\\\/#primaryimage\"},\"thumbnailUrl\":\"https:\\\/\\\/insektenliebe.com\\\/wp-content\\\/uploads\\\/2025\\\/05\\\/6.-Asselfutter-Gesamt-scaled-3.jpg\",\"datePublished\":\"2018-08-10T11:34:20+00:00\",\"dateModified\":\"2026-03-09T18:04:33+00:00\",\"description\":\"Assel Futter Vorratspack \u2013 abwechslungsreiches Naturfutter f\u00fcr Asseln. 100 % nat\u00fcrliche Zutaten f\u00fcr eine ausgewogene Ern\u00e4hrung.\",\"breadcrumb\":{\"@id\":\"https:\\\/\\\/insektenliebe.com\\\/de\\\/shop\\\/produkt\\\/assel-futter-vorratspack\\\/#breadcrumb\"},\"inLanguage\":\"de\",\"potentialAction\":[{\"@type\":\"ReadAction\",\"target\":[\"https:\\\/\\\/insektenliebe.com\\\/de\\\/shop\\\/produkt\\\/assel-futter-vorratspack\\\/\"]}]},{\"@type\":\"ImageObject\",\"inLanguage\":\"de\",\"@id\":\"https:\\\/\\\/insektenliebe.com\\\/de\\\/shop\\\/produkt\\\/assel-futter-vorratspack\\\/#primaryimage\",\"url\":\"https:\\\/\\\/insektenliebe.com\\\/wp-content\\\/uploads\\\/2025\\\/05\\\/6.-Asselfutter-Gesamt-scaled-3.jpg\",\"contentUrl\":\"https:\\\/\\\/insektenliebe.com\\\/wp-content\\\/uploads\\\/2025\\\/05\\\/6.-Asselfutter-Gesamt-scaled-3.jpg\",\"width\":2560,\"height\":2560,\"caption\":\"6.-Asselfutter-Gesamt-scaled-3.jpg\"},{\"@type\":\"BreadcrumbList\",\"@id\":\"https:\\\/\\\/insektenliebe.com\\\/de\\\/shop\\\/produkt\\\/assel-futter-vorratspack\\\/#breadcrumb\",\"itemListElement\":[{\"@type\":\"ListItem\",\"position\":1,\"name\":\"Startseite\",\"item\":\"https:\\\/\\\/insektenliebe.com\\\/de\\\/\"},{\"@type\":\"ListItem\",\"position\":2,\"name\":\"Shop\",\"item\":\"https:\\\/\\\/insektenliebe.com\\\/de\\\/shop\\\/\"},{\"@type\":\"ListItem\",\"position\":3,\"name\":\"Assel Futter Vorratspack\"}]},{\"@type\":\"WebSite\",\"@id\":\"https:\\\/\\\/insektenliebe.com\\\/de\\\/#website\",\"url\":\"https:\\\/\\\/insektenliebe.com\\\/de\\\/\",\"name\":\"Insektenliebe\",\"description\":\"Dein Zuhause f\u00fcr die kleinen Lebewesen\",\"publisher\":{\"@id\":\"https:\\\/\\\/insektenliebe.com\\\/de\\\/#organization\"},\"potentialAction\":[{\"@type\":\"SearchAction\",\"target\":{\"@type\":\"EntryPoint\",\"urlTemplate\":\"https:\\\/\\\/insektenliebe.com\\\/de\\\/?s={search_term_string}\"},\"query-input\":{\"@type\":\"PropertyValueSpecification\",\"valueRequired\":true,\"valueName\":\"search_term_string\"}}],\"inLanguage\":\"de\"},{\"@type\":\"Organization\",\"@id\":\"https:\\\/\\\/insektenliebe.com\\\/de\\\/#organization\",\"name\":\"Insektenliebe\",\"url\":\"https:\\\/\\\/insektenliebe.com\\\/de\\\/\",\"logo\":{\"@type\":\"ImageObject\",\"inLanguage\":\"de\",\"@id\":\"https:\\\/\\\/insektenliebe.com\\\/de\\\/#\\\/schema\\\/logo\\\/image\\\/\",\"url\":\"https:\\\/\\\/insektenliebe.com\\\/wp-content\\\/uploads\\\/2025\\\/03\\\/logo-white.png\",\"contentUrl\":\"https:\\\/\\\/insektenliebe.com\\\/wp-content\\\/uploads\\\/2025\\\/03\\\/logo-white.png\",\"width\":288,\"height\":188,\"caption\":\"Insektenliebe\"},\"image\":{\"@id\":\"https:\\\/\\\/insektenliebe.com\\\/de\\\/#\\\/schema\\\/logo\\\/image\\\/\"}}]}<\/script>\n<!-- \/ Yoast SEO plugin. -->","yoast_head_json":{"title":"Assel Futter Vorratspack - Insektenliebe","description":"Assel Futter Vorratspack \u2013 abwechslungsreiches Naturfutter f\u00fcr Asseln. 100 % nat\u00fcrliche Zutaten f\u00fcr eine ausgewogene Ern\u00e4hrung.","robots":{"index":"index","follow":"follow","max-snippet":"max-snippet:-1","max-image-preview":"max-image-preview:large","max-video-preview":"max-video-preview:-1"},"canonical":"https:\/\/insektenliebe.com\/de\/shop\/produkt\/assel-futter-vorratspack\/","og_locale":"de_DE","og_type":"article","og_title":"Assel Futter Vorratspack - Insektenliebe","og_description":"Assel Futter Vorratspack \u2013 abwechslungsreiches Naturfutter f\u00fcr Asseln. 100 % nat\u00fcrliche Zutaten f\u00fcr eine ausgewogene Ern\u00e4hrung.","og_url":"https:\/\/insektenliebe.com\/de\/shop\/produkt\/assel-futter-vorratspack\/","og_site_name":"Insektenliebe","article_modified_time":"2026-03-09T18:04:33+00:00","og_image":[{"width":2560,"height":2560,"url":"https:\/\/insektenliebe.com\/wp-content\/uploads\/2025\/05\/6.-Asselfutter-Gesamt-scaled-3.jpg","type":"image\/jpeg"}],"twitter_card":"summary_large_image","twitter_misc":{"Gesch\u00e4tzte Lesezeit":"2\u00a0Minuten"},"schema":{"@context":"https:\/\/schema.org","@graph":[{"@type":"WebPage","@id":"https:\/\/insektenliebe.com\/de\/shop\/produkt\/assel-futter-vorratspack\/","url":"https:\/\/insektenliebe.com\/de\/shop\/produkt\/assel-futter-vorratspack\/","name":"Assel Futter Vorratspack - Insektenliebe","isPartOf":{"@id":"https:\/\/insektenliebe.com\/de\/#website"},"primaryImageOfPage":{"@id":"https:\/\/insektenliebe.com\/de\/shop\/produkt\/assel-futter-vorratspack\/#primaryimage"},"image":{"@id":"https:\/\/insektenliebe.com\/de\/shop\/produkt\/assel-futter-vorratspack\/#primaryimage"},"thumbnailUrl":"https:\/\/insektenliebe.com\/wp-content\/uploads\/2025\/05\/6.-Asselfutter-Gesamt-scaled-3.jpg","datePublished":"2018-08-10T11:34:20+00:00","dateModified":"2026-03-09T18:04:33+00:00","description":"Assel Futter Vorratspack \u2013 abwechslungsreiches Naturfutter f\u00fcr Asseln. 100 % nat\u00fcrliche Zutaten f\u00fcr eine ausgewogene Ern\u00e4hrung.","breadcrumb":{"@id":"https:\/\/insektenliebe.com\/de\/shop\/produkt\/assel-futter-vorratspack\/#breadcrumb"},"inLanguage":"de","potentialAction":[{"@type":"ReadAction","target":["https:\/\/insektenliebe.com\/de\/shop\/produkt\/assel-futter-vorratspack\/"]}]},{"@type":"ImageObject","inLanguage":"de","@id":"https:\/\/insektenliebe.com\/de\/shop\/produkt\/assel-futter-vorratspack\/#primaryimage","url":"https:\/\/insektenliebe.com\/wp-content\/uploads\/2025\/05\/6.-Asselfutter-Gesamt-scaled-3.jpg","contentUrl":"https:\/\/insektenliebe.com\/wp-content\/uploads\/2025\/05\/6.-Asselfutter-Gesamt-scaled-3.jpg","width":2560,"height":2560,"caption":"6.-Asselfutter-Gesamt-scaled-3.jpg"},{"@type":"BreadcrumbList","@id":"https:\/\/insektenliebe.com\/de\/shop\/produkt\/assel-futter-vorratspack\/#breadcrumb","itemListElement":[{"@type":"ListItem","position":1,"name":"Startseite","item":"https:\/\/insektenliebe.com\/de\/"},{"@type":"ListItem","position":2,"name":"Shop","item":"https:\/\/insektenliebe.com\/de\/shop\/"},{"@type":"ListItem","position":3,"name":"Assel Futter Vorratspack"}]},{"@type":"WebSite","@id":"https:\/\/insektenliebe.com\/de\/#website","url":"https:\/\/insektenliebe.com\/de\/","name":"Insektenliebe","description":"Dein Zuhause f\u00fcr die kleinen Lebewesen","publisher":{"@id":"https:\/\/insektenliebe.com\/de\/#organization"},"potentialAction":[{"@type":"SearchAction","target":{"@type":"EntryPoint","urlTemplate":"https:\/\/insektenliebe.com\/de\/?s={search_term_string}"},"query-input":{"@type":"PropertyValueSpecification","valueRequired":true,"valueName":"search_term_string"}}],"inLanguage":"de"},{"@type":"Organization","@id":"https:\/\/insektenliebe.com\/de\/#organization","name":"Insektenliebe","url":"https:\/\/insektenliebe.com\/de\/","logo":{"@type":"ImageObject","inLanguage":"de","@id":"https:\/\/insektenliebe.com\/de\/#\/schema\/logo\/image\/","url":"https:\/\/insektenliebe.com\/wp-content\/uploads\/2025\/03\/logo-white.png","contentUrl":"https:\/\/insektenliebe.com\/wp-content\/uploads\/2025\/03\/logo-white.png","width":288,"height":188,"caption":"Insektenliebe"},"image":{"@id":"https:\/\/insektenliebe.com\/de\/#\/schema\/logo\/image\/"}}]}},"_links":{"self":[{"href":"https:\/\/insektenliebe.com\/de\/wp-json\/wp\/v2\/product\/4523","targetHints":{"allow":["GET"]}}],"collection":[{"href":"https:\/\/insektenliebe.com\/de\/wp-json\/wp\/v2\/product"}],"about":[{"href":"https:\/\/insektenliebe.com\/de\/wp-json\/wp\/v2\/types\/product"}],"wp:featuredmedia":[{"embeddable":true,"href":"https:\/\/insektenliebe.com\/de\/wp-json\/wp\/v2\/media\/4577"}],"wp:attachment":[{"href":"https:\/\/insektenliebe.com\/de\/wp-json\/wp\/v2\/media?parent=4523"}],"wp:term":[{"taxonomy":"product-supplier","embeddable":true,"href":"https:\/\/insektenliebe.com\/de\/wp-json\/wp\/v2\/product-supplier?post=4523"},{"taxonomy":"product_brand","embeddable":true,"href":"https:\/\/insektenliebe.com\/de\/wp-json\/wp\/v2\/product_brand?post=4523"},{"taxonomy":"product_cat","embeddable":true,"href":"https:\/\/insektenliebe.com\/de\/wp-json\/wp\/v2\/product_cat?post=4523"},{"taxonomy":"product_tag","embeddable":true,"href":"https:\/\/insektenliebe.com\/de\/wp-json\/wp\/v2\/product_tag?post=4523"},{"taxonomy":"lce-checkout-addons","embeddable":true,"href":"https:\/\/insektenliebe.com\/de\/wp-json\/wp\/v2\/lce-checkout-addons?post=4523"}],"curies":[{"name":"wp","href":"https:\/\/api.w.org\/{rel}","templated":true}]}}