{"id":4522,"date":"2018-08-10T09:25:12","date_gmt":"2018-08-10T09:25:12","guid":{"rendered":"http:\/\/localhost\/ins-test\/?post_type=product&#038;p=4522"},"modified":"2025-12-11T22:09:37","modified_gmt":"2025-12-11T21:09:37","slug":"assel-futter","status":"publish","type":"product","link":"https:\/\/insektenliebe.com\/de\/shop\/produkt\/assel-futter\/","title":{"rendered":"Assel Futter"},"content":{"rendered":"<p><!--more-->Wertvolles Erg\u00e4nzungsfuttermittel f\u00fcr alle Asselarten in einem 100 ml wiederverschlie\u00dfbarem Standbeutel.<\/p>\n<p>Es kann unter folgenden Futtersorten ausgew\u00e4hlt werden:<\/p>\n<p><strong>GAMMARUS<\/strong><\/p>\n<p>Bachflohkrebse sind ein nat\u00fcrliches, getrocknetes Futter, das sich wunderbar zur F\u00fctterung von Asseln eignet. Sie stellen eine reichhaltige Energiequelle dar und sind ein ideales Erg\u00e4nzungsfutter. Gammarus beinhalten besonders viele Mineralien und Vitamine, die durch schonende Gefriertrocknung voll erhalten bleiben. Wird von allen Assel-Arten, auch kleinen, gerne gefressen, da man die Bachflohkrebse ganz leicht von Hand zerreiben und zerkleinern kann.<\/p>\n<p><em>Inhaltsstoffe: Rohprotein: ca. 50 %, Rohfett: ca. 3 %, Rohfaser: ca. 13 %, Rohasche: ca. 22%, Feuchtigkeit: ca. 10 %<\/em><\/p>\n<p>&nbsp;<\/p>\n<p><strong>ALGEA SNACK<\/strong><\/p>\n<p>Unser ALGEA SNACK ist schlichtweg der Leckerbissen f\u00fcr viele Asselarten im Terrarium. In der nat\u00fcrlichen Form ist Spirulina eine blaugr\u00fcne Mikroalge. Sie geh\u00f6rt zu den n\u00e4hrstoffreichsten pflanzenartigen Lebewesen, die bekannt sind. Man kann die Algen Wafers entweder einfach so als Chip in das Asselbecken geben oder vorher mit etwas Wasser anr\u00fchren.<\/p>\n<p><em>Inhaltsstoffe: Rohprotein 37%, Rohfett 6%, Rohfaser 4%, Rohasche 7,5%, Vitamin A 30000IE\/kg, Vitamin D3 2000IE\/kg, Vitamin E 100mg\/kg, Vitamin C 50mg\/kg Zusammensetzung: Fisch und Fischnebenerzeugnisse, pflanzliche Nebenerzeugnisse, Getreide, Fleisch und tierische Nebenerzeugnisse, Weich- und Krebstiere, Algen 2%, Gem\u00fcse<\/em><\/p>\n<p>&nbsp;<\/p>\n<p><strong>BALANCE FLAKES<\/strong><\/p>\n<p>Unsere BALANCE FLAKES haben ein optimales\u00a0Protein-\/Fett-Verh\u00e4ltnis. Protein (Rohprotein\/Eiwei\u00df) dient vor allem dem Wachstum, der Zellregeneration und der Bildung von Geschlechtsprodukten. Fett (Rohfett) dagegen ist der haupts\u00e4chliche Energielieferant. Asselfutter muss ein bestm\u00f6gliches Verh\u00e4ltnis Protein zu Fett aufweisen. Denn beide Stoffe beeinflussen sich gegenseitig.\u00a0Bei schonender Verarbeitung k\u00f6nnen viele nat\u00fcrliche Bestandteile im Futter zwar weitgehend erhalten bleiben. Doch um Defizite auszuschlie\u00dfen, werden bei diesem Futter Vitamine, Mineralien und Spurenelemente beigemengt.<\/p>\n<p><em>Inhaltsstoffe: Rohprotein 40%, Rohfett 4%, Rohfaser 3%, Rohasche 6,5%, Vitamin A 30000IE\/kg, Vitamin D3 2000IE\/kg, Vitamin E 150mg\/kg, Vitamin C 50mg\/kg Zusammensetzung: Getreide und pflanzliche Nebenerzeugnisse, Fisch und Fischnebenerzeugnisse, Fleisch und tierische Nebenerzeugnisse, Hefen, Algen, Weich- und Krebstiere<\/em><\/p>\n<p>&nbsp;<\/p>\n<p><strong>PRAWN COCKTAIL<\/strong><\/p>\n<p>Die \u201eHauptbestandteile\u201c von Shrimps sind Eiwei\u00dfe und Fette. Garnelen sind sehr gehaltvoll und enthalten viel Omega-3-Fetts\u00e4uren.\u00a0Nicht nur Vitamine, auch gute Fette und vor allem Eiwei\u00df liefern die Garnelen. Somit tragen sie nicht nur zur Gesundheitserhaltung unserer Asseln bei sondern werden von ihnen auch sehr gut angenommen. Ein weiterer Vorteil der getrockneten Garnelen ist, selbst nach mehreren Tagen im Asselbecken schimmeln sie so gut wie nie.<\/p>\n<p><em>Inhaltstoffe: Rohprotein 52%, Rohfett 10%, Rohfaser 7%, Rohasche 14%, Feuchtigkeit 5%<\/em><\/p>\n<p>&nbsp;<\/p>\n<p><strong>PROTEIN PEARLS<\/strong><\/p>\n<p>Diesem Futter kann durch die Aufspr\u00fchmethode ein h\u00f6herer Fettgehalt beigemischt werden als Flockenfutter, welches den Asseln so f\u00fcr den Energiestoffwechsel zur Verf\u00fcgung gestellt wird. Dadurch wird der Proteinumsatz f\u00fcr energetische Zwecke vermindert.<br \/>\nAu\u00dferdem besitzt dieses Futter durch den Aufschluss der St\u00e4rke eine\u00a0hohe Verdaulichkeit\u00a0und Reduzierung von nicht adsorbierbaren St\u00e4rkeresten. Der Grund liegt in der Herstellungsweise. Da Extrudate somit meist einen\u00a0h\u00f6heren Energiegehalt\u00a0bzw. eine verbesserte St\u00e4rkeverwertbarkeit haben als Flockenfutter, kann bzw. muss die zu gebende Futtermenge verringert werden. Die Verf\u00fctterung von PROTEIN PEARLS hat also einen direkten Spareffekt!<\/p>\n<p><em>Inhaltsstoffe: Rohprotein 30%, Rohfett 5%, Rohfaser 6,3%, Rohasche 6,3%, Calcium 0,5%, Vitamin A 10000IE\/kg, Vitamin D3 2000IE\/kg, Vitamin E 200mg\/kg, Vitamin C 150mg\/kg Zusammensetzung: Sojaextraktionsschrot, dampferhitzt, Weizenkleie, Sonnenblumenextraktionsschrot, Fisch\u00f6l, Fischmehl<\/em><\/p>\n","protected":false},"excerpt":{"rendered":"<p id=\"title\" class=\"a-size-large a-spacing-none\">Perfekt erg\u00e4nzendes Assel Futter in einem wiederverschlie\u00dfbarem Zipp-Beutel!<\/p>\n","protected":false},"featured_media":4554,"template":"","meta":{"_acf_changed":false},"product-supplier":[],"product_brand":[],"product_cat":[129],"product_tag":[],"lce-checkout-addons":[],"class_list":{"0":"post-4522","1":"product","2":"type-product","3":"status-publish","4":"has-post-thumbnail","6":"product_cat-futter-kalzium","7":"product_shipping_class-equipment-shipping","9":"first","10":"instock","11":"sale","12":"taxable","13":"shipping-taxable","14":"purchasable","15":"product-type-variable"},"acf":[],"yoast_head":"<!-- This site is optimized with the Yoast SEO Premium plugin v26.8 (Yoast SEO v27.3) - https:\/\/yoast.com\/product\/yoast-seo-premium-wordpress\/ -->\n<title>Assel Futter - Insektenliebe<\/title>\n<meta name=\"description\" content=\"G\u00fcnstiges Assel Futter online kaufen. Proteinreiche Futtersorten f\u00fcr Asseln in hochwertigen Aludosen die von uns auch zur Zucht verwendet werden.\" \/>\n<meta name=\"robots\" content=\"index, follow, max-snippet:-1, max-image-preview:large, max-video-preview:-1\" \/>\n<link rel=\"canonical\" href=\"https:\/\/insektenliebe.com\/de\/shop\/produkt\/assel-futter\/\" \/>\n<meta property=\"og:locale\" content=\"de_DE\" \/>\n<meta property=\"og:type\" content=\"article\" \/>\n<meta property=\"og:title\" content=\"Assel Futter\" \/>\n<meta property=\"og:description\" content=\"G\u00fcnstiges Assel Futter online kaufen. Proteinreiche Futtersorten f\u00fcr Asseln in hochwertigen Aludosen die von uns auch zur Zucht verwendet werden.\" \/>\n<meta property=\"og:url\" content=\"https:\/\/insektenliebe.com\/de\/shop\/produkt\/assel-futter\/\" \/>\n<meta property=\"og:site_name\" content=\"Insektenliebe\" \/>\n<meta property=\"article:modified_time\" content=\"2025-12-11T21:09:37+00:00\" \/>\n<meta property=\"og:image\" content=\"https:\/\/insektenliebe.com\/wp-content\/uploads\/2025\/05\/Assel-Futter-scaled-3.jpg\" \/>\n\t<meta property=\"og:image:width\" content=\"2560\" \/>\n\t<meta property=\"og:image:height\" content=\"2560\" \/>\n\t<meta property=\"og:image:type\" content=\"image\/jpeg\" \/>\n<meta name=\"twitter:card\" content=\"summary_large_image\" \/>\n<meta name=\"twitter:label1\" content=\"Verf\u00fcgbarkeit\" \/>\n\t<meta name=\"twitter:data1\" content=\"Auf Lager\" \/>\n<script type=\"application\/ld+json\" class=\"yoast-schema-graph\">{\"@context\":\"https:\\\/\\\/schema.org\",\"@graph\":[{\"@type\":\"WebPage\",\"@id\":\"https:\\\/\\\/insektenliebe.com\\\/de\\\/shop\\\/produkt\\\/assel-futter\\\/\",\"url\":\"https:\\\/\\\/insektenliebe.com\\\/de\\\/shop\\\/produkt\\\/assel-futter\\\/\",\"name\":\"Assel Futter - Insektenliebe\",\"isPartOf\":{\"@id\":\"https:\\\/\\\/insektenliebe.com\\\/de\\\/#website\"},\"primaryImageOfPage\":{\"@id\":\"https:\\\/\\\/insektenliebe.com\\\/de\\\/shop\\\/produkt\\\/assel-futter\\\/#primaryimage\"},\"image\":{\"@id\":\"https:\\\/\\\/insektenliebe.com\\\/de\\\/shop\\\/produkt\\\/assel-futter\\\/#primaryimage\"},\"thumbnailUrl\":\"https:\\\/\\\/insektenliebe.com\\\/wp-content\\\/uploads\\\/2025\\\/05\\\/Assel-Futter-scaled-3.jpg\",\"datePublished\":\"2018-08-10T09:25:12+00:00\",\"dateModified\":\"2025-12-11T21:09:37+00:00\",\"description\":\"G\u00fcnstiges Assel Futter online kaufen. Proteinreiche Futtersorten f\u00fcr Asseln in hochwertigen Aludosen die von uns auch zur Zucht verwendet werden.\",\"breadcrumb\":{\"@id\":\"https:\\\/\\\/insektenliebe.com\\\/de\\\/shop\\\/produkt\\\/assel-futter\\\/#breadcrumb\"},\"inLanguage\":\"de\",\"potentialAction\":[{\"@type\":\"ReadAction\",\"target\":[\"https:\\\/\\\/insektenliebe.com\\\/de\\\/shop\\\/produkt\\\/assel-futter\\\/\"]}]},{\"@type\":\"ImageObject\",\"inLanguage\":\"de\",\"@id\":\"https:\\\/\\\/insektenliebe.com\\\/de\\\/shop\\\/produkt\\\/assel-futter\\\/#primaryimage\",\"url\":\"https:\\\/\\\/insektenliebe.com\\\/wp-content\\\/uploads\\\/2025\\\/05\\\/Assel-Futter-scaled-3.jpg\",\"contentUrl\":\"https:\\\/\\\/insektenliebe.com\\\/wp-content\\\/uploads\\\/2025\\\/05\\\/Assel-Futter-scaled-3.jpg\",\"width\":2560,\"height\":2560,\"caption\":\"Assel-Futter-scaled-3.jpg\"},{\"@type\":\"BreadcrumbList\",\"@id\":\"https:\\\/\\\/insektenliebe.com\\\/de\\\/shop\\\/produkt\\\/assel-futter\\\/#breadcrumb\",\"itemListElement\":[{\"@type\":\"ListItem\",\"position\":1,\"name\":\"Startseite\",\"item\":\"https:\\\/\\\/insektenliebe.com\\\/de\\\/\"},{\"@type\":\"ListItem\",\"position\":2,\"name\":\"Shop\",\"item\":\"https:\\\/\\\/insektenliebe.com\\\/de\\\/shop\\\/\"},{\"@type\":\"ListItem\",\"position\":3,\"name\":\"Assel Futter\"}]},{\"@type\":\"WebSite\",\"@id\":\"https:\\\/\\\/insektenliebe.com\\\/de\\\/#website\",\"url\":\"https:\\\/\\\/insektenliebe.com\\\/de\\\/\",\"name\":\"Insektenliebe\",\"description\":\"Dein Zuhause f\u00fcr die kleinen Lebewesen\",\"publisher\":{\"@id\":\"https:\\\/\\\/insektenliebe.com\\\/de\\\/#organization\"},\"potentialAction\":[{\"@type\":\"SearchAction\",\"target\":{\"@type\":\"EntryPoint\",\"urlTemplate\":\"https:\\\/\\\/insektenliebe.com\\\/de\\\/?s={search_term_string}\"},\"query-input\":{\"@type\":\"PropertyValueSpecification\",\"valueRequired\":true,\"valueName\":\"search_term_string\"}}],\"inLanguage\":\"de\"},{\"@type\":\"Organization\",\"@id\":\"https:\\\/\\\/insektenliebe.com\\\/de\\\/#organization\",\"name\":\"Insektenliebe\",\"url\":\"https:\\\/\\\/insektenliebe.com\\\/de\\\/\",\"logo\":{\"@type\":\"ImageObject\",\"inLanguage\":\"de\",\"@id\":\"https:\\\/\\\/insektenliebe.com\\\/de\\\/#\\\/schema\\\/logo\\\/image\\\/\",\"url\":\"https:\\\/\\\/insektenliebe.com\\\/wp-content\\\/uploads\\\/2025\\\/03\\\/logo-white.png\",\"contentUrl\":\"https:\\\/\\\/insektenliebe.com\\\/wp-content\\\/uploads\\\/2025\\\/03\\\/logo-white.png\",\"width\":288,\"height\":188,\"caption\":\"Insektenliebe\"},\"image\":{\"@id\":\"https:\\\/\\\/insektenliebe.com\\\/de\\\/#\\\/schema\\\/logo\\\/image\\\/\"}}]}<\/script>\n<meta property=\"og:availability\" content=\"instock\" \/>\n<meta property=\"product:availability\" content=\"instock\" \/>\n<meta property=\"product:retailer_item_id\" content=\"045\" \/>\n<meta property=\"product:condition\" content=\"new\" \/>\n<!-- \/ Yoast SEO Premium plugin. -->","yoast_head_json":{"title":"Assel Futter - Insektenliebe","description":"G\u00fcnstiges Assel Futter online kaufen. Proteinreiche Futtersorten f\u00fcr Asseln in hochwertigen Aludosen die von uns auch zur Zucht verwendet werden.","robots":{"index":"index","follow":"follow","max-snippet":"max-snippet:-1","max-image-preview":"max-image-preview:large","max-video-preview":"max-video-preview:-1"},"canonical":"https:\/\/insektenliebe.com\/de\/shop\/produkt\/assel-futter\/","og_locale":"de_DE","og_type":"article","og_title":"Assel Futter","og_description":"G\u00fcnstiges Assel Futter online kaufen. Proteinreiche Futtersorten f\u00fcr Asseln in hochwertigen Aludosen die von uns auch zur Zucht verwendet werden.","og_url":"https:\/\/insektenliebe.com\/de\/shop\/produkt\/assel-futter\/","og_site_name":"Insektenliebe","article_modified_time":"2025-12-11T21:09:37+00:00","og_image":[{"width":2560,"height":2560,"url":"https:\/\/insektenliebe.com\/wp-content\/uploads\/2025\/05\/Assel-Futter-scaled-3.jpg","type":"image\/jpeg"}],"twitter_card":"summary_large_image","twitter_misc":{"Verf\u00fcgbarkeit":"Auf Lager"},"schema":{"@context":"https:\/\/schema.org","@graph":[{"@type":"WebPage","@id":"https:\/\/insektenliebe.com\/de\/shop\/produkt\/assel-futter\/","url":"https:\/\/insektenliebe.com\/de\/shop\/produkt\/assel-futter\/","name":"Assel Futter - Insektenliebe","isPartOf":{"@id":"https:\/\/insektenliebe.com\/de\/#website"},"primaryImageOfPage":{"@id":"https:\/\/insektenliebe.com\/de\/shop\/produkt\/assel-futter\/#primaryimage"},"image":{"@id":"https:\/\/insektenliebe.com\/de\/shop\/produkt\/assel-futter\/#primaryimage"},"thumbnailUrl":"https:\/\/insektenliebe.com\/wp-content\/uploads\/2025\/05\/Assel-Futter-scaled-3.jpg","datePublished":"2018-08-10T09:25:12+00:00","dateModified":"2025-12-11T21:09:37+00:00","description":"G\u00fcnstiges Assel Futter online kaufen. Proteinreiche Futtersorten f\u00fcr Asseln in hochwertigen Aludosen die von uns auch zur Zucht verwendet werden.","breadcrumb":{"@id":"https:\/\/insektenliebe.com\/de\/shop\/produkt\/assel-futter\/#breadcrumb"},"inLanguage":"de","potentialAction":[{"@type":"ReadAction","target":["https:\/\/insektenliebe.com\/de\/shop\/produkt\/assel-futter\/"]}]},{"@type":"ImageObject","inLanguage":"de","@id":"https:\/\/insektenliebe.com\/de\/shop\/produkt\/assel-futter\/#primaryimage","url":"https:\/\/insektenliebe.com\/wp-content\/uploads\/2025\/05\/Assel-Futter-scaled-3.jpg","contentUrl":"https:\/\/insektenliebe.com\/wp-content\/uploads\/2025\/05\/Assel-Futter-scaled-3.jpg","width":2560,"height":2560,"caption":"Assel-Futter-scaled-3.jpg"},{"@type":"BreadcrumbList","@id":"https:\/\/insektenliebe.com\/de\/shop\/produkt\/assel-futter\/#breadcrumb","itemListElement":[{"@type":"ListItem","position":1,"name":"Startseite","item":"https:\/\/insektenliebe.com\/de\/"},{"@type":"ListItem","position":2,"name":"Shop","item":"https:\/\/insektenliebe.com\/de\/shop\/"},{"@type":"ListItem","position":3,"name":"Assel Futter"}]},{"@type":"WebSite","@id":"https:\/\/insektenliebe.com\/de\/#website","url":"https:\/\/insektenliebe.com\/de\/","name":"Insektenliebe","description":"Dein Zuhause f\u00fcr die kleinen Lebewesen","publisher":{"@id":"https:\/\/insektenliebe.com\/de\/#organization"},"potentialAction":[{"@type":"SearchAction","target":{"@type":"EntryPoint","urlTemplate":"https:\/\/insektenliebe.com\/de\/?s={search_term_string}"},"query-input":{"@type":"PropertyValueSpecification","valueRequired":true,"valueName":"search_term_string"}}],"inLanguage":"de"},{"@type":"Organization","@id":"https:\/\/insektenliebe.com\/de\/#organization","name":"Insektenliebe","url":"https:\/\/insektenliebe.com\/de\/","logo":{"@type":"ImageObject","inLanguage":"de","@id":"https:\/\/insektenliebe.com\/de\/#\/schema\/logo\/image\/","url":"https:\/\/insektenliebe.com\/wp-content\/uploads\/2025\/03\/logo-white.png","contentUrl":"https:\/\/insektenliebe.com\/wp-content\/uploads\/2025\/03\/logo-white.png","width":288,"height":188,"caption":"Insektenliebe"},"image":{"@id":"https:\/\/insektenliebe.com\/de\/#\/schema\/logo\/image\/"}}]},"og_availability":"instock","product_availability":"instock","product_retailer_item_id":"045","product_condition":"new"},"_links":{"self":[{"href":"https:\/\/insektenliebe.com\/de\/wp-json\/wp\/v2\/product\/4522","targetHints":{"allow":["GET"]}}],"collection":[{"href":"https:\/\/insektenliebe.com\/de\/wp-json\/wp\/v2\/product"}],"about":[{"href":"https:\/\/insektenliebe.com\/de\/wp-json\/wp\/v2\/types\/product"}],"wp:featuredmedia":[{"embeddable":true,"href":"https:\/\/insektenliebe.com\/de\/wp-json\/wp\/v2\/media\/4554"}],"wp:attachment":[{"href":"https:\/\/insektenliebe.com\/de\/wp-json\/wp\/v2\/media?parent=4522"}],"wp:term":[{"taxonomy":"product-supplier","embeddable":true,"href":"https:\/\/insektenliebe.com\/de\/wp-json\/wp\/v2\/product-supplier?post=4522"},{"taxonomy":"product_brand","embeddable":true,"href":"https:\/\/insektenliebe.com\/de\/wp-json\/wp\/v2\/product_brand?post=4522"},{"taxonomy":"product_cat","embeddable":true,"href":"https:\/\/insektenliebe.com\/de\/wp-json\/wp\/v2\/product_cat?post=4522"},{"taxonomy":"product_tag","embeddable":true,"href":"https:\/\/insektenliebe.com\/de\/wp-json\/wp\/v2\/product_tag?post=4522"},{"taxonomy":"lce-checkout-addons","embeddable":true,"href":"https:\/\/insektenliebe.com\/de\/wp-json\/wp\/v2\/lce-checkout-addons?post=4522"}],"curies":[{"name":"wp","href":"https:\/\/api.w.org\/{rel}","templated":true}]}}