{"id":4519,"date":"2018-06-20T12:43:40","date_gmt":"2018-06-20T12:43:40","guid":{"rendered":"http:\/\/localhost\/ins-test\/?post_type=product&#038;p=4519"},"modified":"2026-01-25T22:16:55","modified_gmt":"2026-01-25T21:16:55","slug":"weisse-asseln","status":"publish","type":"product","link":"https:\/\/insektenliebe.com\/de\/shop\/produkt\/weisse-asseln\/","title":{"rendered":"Wei\u00dfe Asseln"},"content":{"rendered":"<h3><span style=\"color: #99cc33\">Kurzbeschreibung:<\/span><\/h3>\n<p class=\"p2\">Wei\u00dfe Asseln sind mittlerweile nicht mehr wegzudenken aus der Terraristik. Die kleinen Helfer haben sich vollkommen zurecht einen festen Platz als Bodenpolizei erarbeitet. Aber auch als Futtertiere sind sie mittlerweile sehr beliebt. Im Gegensatz zu anderen Assel-Arten haben sie einen relativ weichen Chitinpanzer und sind eine willkommene Abwechslung bei vielen Amphibien und Reptilien.<\/p>\n<p>Zahlreiche Tipps f\u00fcr eine gut funktionierende Zucht findet ihr in unserem YouTube-Video.<\/p>\n","protected":false},"excerpt":{"rendered":"<p>Pro 500ml Dose sind 30-40 \"Wei\u00dfe Asseln\" enthalten.<\/p>\n","protected":false},"featured_media":4552,"template":"","meta":{"_acf_changed":false},"product-supplier":[],"product_brand":[],"product_cat":[627,2351,125],"product_tag":[],"lce-checkout-addons":[1202],"class_list":{"0":"post-4519","1":"product","2":"type-product","3":"status-publish","4":"has-post-thumbnail","6":"product_cat-asseln","7":"product_cat-futtertiere","8":"product_cat-sonstige-asseln-merulanella-uvm","9":"product_shipping_class-animal-shipping","10":"pa_einsatz-food","11":"pa_haltung-single","12":"pa_haltung-group","13":"pa_herkunft-kosmopolitisch","14":"pa_kontinent-afrika","15":"pa_kontinent-asien","16":"pa_kontinent-australien","17":"pa_kontinent-europa","18":"pa_kontinent-nordamerika","19":"pa_kontinent-suedamerika","20":"lce-checkout-addons-winterverpackung","22":"first","23":"instock","24":"taxable","25":"shipping-taxable","26":"purchasable","27":"product-type-simple"},"acf":[],"yoast_head":"<!-- This site is optimized with the Yoast SEO Premium plugin v26.8 (Yoast SEO v27.3) - https:\/\/yoast.com\/product\/yoast-seo-premium-wordpress\/ -->\n<title>Wei\u00dfe Asseln - Insektenliebe<\/title>\n<meta name=\"description\" content=\"G\u00fcnstige Wei\u00dfe Asseln (Trichorhina tomentosa) online kaufen. Sie sind als Bodenpolizei oder Futtertiere bestens geeignet. Wei\u00dfe Asseln direkt vom Z\u00fcchter!\" \/>\n<meta name=\"robots\" content=\"index, follow, max-snippet:-1, max-image-preview:large, max-video-preview:-1\" \/>\n<link rel=\"canonical\" href=\"https:\/\/insektenliebe.com\/de\/shop\/produkt\/weisse-asseln\/\" \/>\n<meta property=\"og:locale\" content=\"de_DE\" \/>\n<meta property=\"og:type\" content=\"article\" \/>\n<meta property=\"og:title\" content=\"Wei\u00dfe Asseln\" \/>\n<meta property=\"og:description\" content=\"G\u00fcnstige Wei\u00dfe Asseln (Trichorhina tomentosa) online kaufen. Sie sind als Bodenpolizei oder Futtertiere bestens geeignet. Wei\u00dfe Asseln direkt vom Z\u00fcchter!\" \/>\n<meta property=\"og:url\" content=\"https:\/\/insektenliebe.com\/de\/shop\/produkt\/weisse-asseln\/\" \/>\n<meta property=\"og:site_name\" content=\"Insektenliebe\" \/>\n<meta property=\"article:modified_time\" content=\"2026-01-25T21:16:55+00:00\" \/>\n<meta property=\"og:image\" content=\"https:\/\/insektenliebe.com\/wp-content\/uploads\/2025\/05\/Weisse-Asseln-3.jpg\" \/>\n\t<meta property=\"og:image:width\" content=\"820\" \/>\n\t<meta property=\"og:image:height\" content=\"820\" \/>\n\t<meta property=\"og:image:type\" content=\"image\/jpeg\" \/>\n<meta name=\"twitter:card\" content=\"summary_large_image\" \/>\n<meta name=\"twitter:label1\" content=\"Preis\" \/>\n\t<meta name=\"twitter:data1\" content=\"4,25&nbsp;&euro; inkl. MwSt. zzgl. Versand\" \/>\n\t<meta name=\"twitter:label2\" content=\"Verf\u00fcgbarkeit\" \/>\n\t<meta name=\"twitter:data2\" content=\"Auf Lager\" \/>\n<script type=\"application\/ld+json\" class=\"yoast-schema-graph\">{\"@context\":\"https:\\\/\\\/schema.org\",\"@graph\":[{\"@type\":\"WebPage\",\"@id\":\"https:\\\/\\\/insektenliebe.com\\\/de\\\/shop\\\/produkt\\\/weisse-asseln\\\/\",\"url\":\"https:\\\/\\\/insektenliebe.com\\\/de\\\/shop\\\/produkt\\\/weisse-asseln\\\/\",\"name\":\"Wei\u00dfe Asseln - Insektenliebe\",\"isPartOf\":{\"@id\":\"https:\\\/\\\/insektenliebe.com\\\/de\\\/#website\"},\"primaryImageOfPage\":{\"@id\":\"https:\\\/\\\/insektenliebe.com\\\/de\\\/shop\\\/produkt\\\/weisse-asseln\\\/#primaryimage\"},\"image\":{\"@id\":\"https:\\\/\\\/insektenliebe.com\\\/de\\\/shop\\\/produkt\\\/weisse-asseln\\\/#primaryimage\"},\"thumbnailUrl\":\"https:\\\/\\\/insektenliebe.com\\\/wp-content\\\/uploads\\\/2025\\\/05\\\/Weisse-Asseln-3.jpg\",\"datePublished\":\"2018-06-20T12:43:40+00:00\",\"dateModified\":\"2026-01-25T21:16:55+00:00\",\"description\":\"G\u00fcnstige Wei\u00dfe Asseln (Trichorhina tomentosa) online kaufen. Sie sind als Bodenpolizei oder Futtertiere bestens geeignet. Wei\u00dfe Asseln direkt vom Z\u00fcchter!\",\"breadcrumb\":{\"@id\":\"https:\\\/\\\/insektenliebe.com\\\/de\\\/shop\\\/produkt\\\/weisse-asseln\\\/#breadcrumb\"},\"inLanguage\":\"de\",\"potentialAction\":[{\"@type\":\"ReadAction\",\"target\":[\"https:\\\/\\\/insektenliebe.com\\\/de\\\/shop\\\/produkt\\\/weisse-asseln\\\/\"]}]},{\"@type\":\"ImageObject\",\"inLanguage\":\"de\",\"@id\":\"https:\\\/\\\/insektenliebe.com\\\/de\\\/shop\\\/produkt\\\/weisse-asseln\\\/#primaryimage\",\"url\":\"https:\\\/\\\/insektenliebe.com\\\/wp-content\\\/uploads\\\/2025\\\/05\\\/Weisse-Asseln-3.jpg\",\"contentUrl\":\"https:\\\/\\\/insektenliebe.com\\\/wp-content\\\/uploads\\\/2025\\\/05\\\/Weisse-Asseln-3.jpg\",\"width\":820,\"height\":820,\"caption\":\"Weisse-Asseln-3.jpg\"},{\"@type\":\"BreadcrumbList\",\"@id\":\"https:\\\/\\\/insektenliebe.com\\\/de\\\/shop\\\/produkt\\\/weisse-asseln\\\/#breadcrumb\",\"itemListElement\":[{\"@type\":\"ListItem\",\"position\":1,\"name\":\"Startseite\",\"item\":\"https:\\\/\\\/insektenliebe.com\\\/de\\\/\"},{\"@type\":\"ListItem\",\"position\":2,\"name\":\"Shop\",\"item\":\"https:\\\/\\\/insektenliebe.com\\\/de\\\/shop\\\/\"},{\"@type\":\"ListItem\",\"position\":3,\"name\":\"Wei\u00dfe Asseln\"}]},{\"@type\":\"WebSite\",\"@id\":\"https:\\\/\\\/insektenliebe.com\\\/de\\\/#website\",\"url\":\"https:\\\/\\\/insektenliebe.com\\\/de\\\/\",\"name\":\"Insektenliebe\",\"description\":\"Dein Zuhause f\u00fcr die kleinen Lebewesen\",\"publisher\":{\"@id\":\"https:\\\/\\\/insektenliebe.com\\\/de\\\/#organization\"},\"potentialAction\":[{\"@type\":\"SearchAction\",\"target\":{\"@type\":\"EntryPoint\",\"urlTemplate\":\"https:\\\/\\\/insektenliebe.com\\\/de\\\/?s={search_term_string}\"},\"query-input\":{\"@type\":\"PropertyValueSpecification\",\"valueRequired\":true,\"valueName\":\"search_term_string\"}}],\"inLanguage\":\"de\"},{\"@type\":\"Organization\",\"@id\":\"https:\\\/\\\/insektenliebe.com\\\/de\\\/#organization\",\"name\":\"Insektenliebe\",\"url\":\"https:\\\/\\\/insektenliebe.com\\\/de\\\/\",\"logo\":{\"@type\":\"ImageObject\",\"inLanguage\":\"de\",\"@id\":\"https:\\\/\\\/insektenliebe.com\\\/de\\\/#\\\/schema\\\/logo\\\/image\\\/\",\"url\":\"https:\\\/\\\/insektenliebe.com\\\/wp-content\\\/uploads\\\/2025\\\/03\\\/logo-white.png\",\"contentUrl\":\"https:\\\/\\\/insektenliebe.com\\\/wp-content\\\/uploads\\\/2025\\\/03\\\/logo-white.png\",\"width\":288,\"height\":188,\"caption\":\"Insektenliebe\"},\"image\":{\"@id\":\"https:\\\/\\\/insektenliebe.com\\\/de\\\/#\\\/schema\\\/logo\\\/image\\\/\"}}]}<\/script>\n<meta property=\"product:price:amount\" content=\"4.25\" \/>\n<meta property=\"product:price:currency\" content=\"EUR\" \/>\n<meta property=\"og:availability\" content=\"instock\" \/>\n<meta property=\"product:availability\" content=\"instock\" \/>\n<meta property=\"product:retailer_item_id\" content=\"043\" \/>\n<meta property=\"product:condition\" content=\"new\" \/>\n<!-- \/ Yoast SEO Premium plugin. -->","yoast_head_json":{"title":"Wei\u00dfe Asseln - Insektenliebe","description":"G\u00fcnstige Wei\u00dfe Asseln (Trichorhina tomentosa) online kaufen. Sie sind als Bodenpolizei oder Futtertiere bestens geeignet. Wei\u00dfe Asseln direkt vom Z\u00fcchter!","robots":{"index":"index","follow":"follow","max-snippet":"max-snippet:-1","max-image-preview":"max-image-preview:large","max-video-preview":"max-video-preview:-1"},"canonical":"https:\/\/insektenliebe.com\/de\/shop\/produkt\/weisse-asseln\/","og_locale":"de_DE","og_type":"article","og_title":"Wei\u00dfe Asseln","og_description":"G\u00fcnstige Wei\u00dfe Asseln (Trichorhina tomentosa) online kaufen. Sie sind als Bodenpolizei oder Futtertiere bestens geeignet. Wei\u00dfe Asseln direkt vom Z\u00fcchter!","og_url":"https:\/\/insektenliebe.com\/de\/shop\/produkt\/weisse-asseln\/","og_site_name":"Insektenliebe","article_modified_time":"2026-01-25T21:16:55+00:00","og_image":[{"width":820,"height":820,"url":"https:\/\/insektenliebe.com\/wp-content\/uploads\/2025\/05\/Weisse-Asseln-3.jpg","type":"image\/jpeg"}],"twitter_card":"summary_large_image","twitter_misc":{"Preis":"4,25&nbsp;&euro; inkl. MwSt. zzgl. Versand","Verf\u00fcgbarkeit":"Auf Lager"},"schema":{"@context":"https:\/\/schema.org","@graph":[{"@type":"WebPage","@id":"https:\/\/insektenliebe.com\/de\/shop\/produkt\/weisse-asseln\/","url":"https:\/\/insektenliebe.com\/de\/shop\/produkt\/weisse-asseln\/","name":"Wei\u00dfe Asseln - Insektenliebe","isPartOf":{"@id":"https:\/\/insektenliebe.com\/de\/#website"},"primaryImageOfPage":{"@id":"https:\/\/insektenliebe.com\/de\/shop\/produkt\/weisse-asseln\/#primaryimage"},"image":{"@id":"https:\/\/insektenliebe.com\/de\/shop\/produkt\/weisse-asseln\/#primaryimage"},"thumbnailUrl":"https:\/\/insektenliebe.com\/wp-content\/uploads\/2025\/05\/Weisse-Asseln-3.jpg","datePublished":"2018-06-20T12:43:40+00:00","dateModified":"2026-01-25T21:16:55+00:00","description":"G\u00fcnstige Wei\u00dfe Asseln (Trichorhina tomentosa) online kaufen. Sie sind als Bodenpolizei oder Futtertiere bestens geeignet. Wei\u00dfe Asseln direkt vom Z\u00fcchter!","breadcrumb":{"@id":"https:\/\/insektenliebe.com\/de\/shop\/produkt\/weisse-asseln\/#breadcrumb"},"inLanguage":"de","potentialAction":[{"@type":"ReadAction","target":["https:\/\/insektenliebe.com\/de\/shop\/produkt\/weisse-asseln\/"]}]},{"@type":"ImageObject","inLanguage":"de","@id":"https:\/\/insektenliebe.com\/de\/shop\/produkt\/weisse-asseln\/#primaryimage","url":"https:\/\/insektenliebe.com\/wp-content\/uploads\/2025\/05\/Weisse-Asseln-3.jpg","contentUrl":"https:\/\/insektenliebe.com\/wp-content\/uploads\/2025\/05\/Weisse-Asseln-3.jpg","width":820,"height":820,"caption":"Weisse-Asseln-3.jpg"},{"@type":"BreadcrumbList","@id":"https:\/\/insektenliebe.com\/de\/shop\/produkt\/weisse-asseln\/#breadcrumb","itemListElement":[{"@type":"ListItem","position":1,"name":"Startseite","item":"https:\/\/insektenliebe.com\/de\/"},{"@type":"ListItem","position":2,"name":"Shop","item":"https:\/\/insektenliebe.com\/de\/shop\/"},{"@type":"ListItem","position":3,"name":"Wei\u00dfe Asseln"}]},{"@type":"WebSite","@id":"https:\/\/insektenliebe.com\/de\/#website","url":"https:\/\/insektenliebe.com\/de\/","name":"Insektenliebe","description":"Dein Zuhause f\u00fcr die kleinen Lebewesen","publisher":{"@id":"https:\/\/insektenliebe.com\/de\/#organization"},"potentialAction":[{"@type":"SearchAction","target":{"@type":"EntryPoint","urlTemplate":"https:\/\/insektenliebe.com\/de\/?s={search_term_string}"},"query-input":{"@type":"PropertyValueSpecification","valueRequired":true,"valueName":"search_term_string"}}],"inLanguage":"de"},{"@type":"Organization","@id":"https:\/\/insektenliebe.com\/de\/#organization","name":"Insektenliebe","url":"https:\/\/insektenliebe.com\/de\/","logo":{"@type":"ImageObject","inLanguage":"de","@id":"https:\/\/insektenliebe.com\/de\/#\/schema\/logo\/image\/","url":"https:\/\/insektenliebe.com\/wp-content\/uploads\/2025\/03\/logo-white.png","contentUrl":"https:\/\/insektenliebe.com\/wp-content\/uploads\/2025\/03\/logo-white.png","width":288,"height":188,"caption":"Insektenliebe"},"image":{"@id":"https:\/\/insektenliebe.com\/de\/#\/schema\/logo\/image\/"}}]},"product_price_amount":"4.25","product_price_currency":"EUR","og_availability":"instock","product_availability":"instock","product_retailer_item_id":"043","product_condition":"new"},"_links":{"self":[{"href":"https:\/\/insektenliebe.com\/de\/wp-json\/wp\/v2\/product\/4519","targetHints":{"allow":["GET"]}}],"collection":[{"href":"https:\/\/insektenliebe.com\/de\/wp-json\/wp\/v2\/product"}],"about":[{"href":"https:\/\/insektenliebe.com\/de\/wp-json\/wp\/v2\/types\/product"}],"wp:featuredmedia":[{"embeddable":true,"href":"https:\/\/insektenliebe.com\/de\/wp-json\/wp\/v2\/media\/4552"}],"wp:attachment":[{"href":"https:\/\/insektenliebe.com\/de\/wp-json\/wp\/v2\/media?parent=4519"}],"wp:term":[{"taxonomy":"product-supplier","embeddable":true,"href":"https:\/\/insektenliebe.com\/de\/wp-json\/wp\/v2\/product-supplier?post=4519"},{"taxonomy":"product_brand","embeddable":true,"href":"https:\/\/insektenliebe.com\/de\/wp-json\/wp\/v2\/product_brand?post=4519"},{"taxonomy":"product_cat","embeddable":true,"href":"https:\/\/insektenliebe.com\/de\/wp-json\/wp\/v2\/product_cat?post=4519"},{"taxonomy":"product_tag","embeddable":true,"href":"https:\/\/insektenliebe.com\/de\/wp-json\/wp\/v2\/product_tag?post=4519"},{"taxonomy":"lce-checkout-addons","embeddable":true,"href":"https:\/\/insektenliebe.com\/de\/wp-json\/wp\/v2\/lce-checkout-addons?post=4519"}],"curies":[{"name":"wp","href":"https:\/\/api.w.org\/{rel}","templated":true}]}}