{"id":4485,"date":"2023-04-18T11:43:00","date_gmt":"2023-04-18T09:43:00","guid":{"rendered":"http:\/\/localhost\/ins-test\/?post_type=product&#038;p=4485"},"modified":"2025-12-16T20:59:43","modified_gmt":"2025-12-16T19:59:43","slug":"verschluss-clips","status":"publish","type":"product","link":"https:\/\/insektenliebe.com\/de\/shop\/produkt\/verschluss-clips\/","title":{"rendered":"Verschluss Clips"},"content":{"rendered":"<p>Die <strong>Verschluss Clips<\/strong> f\u00fcr die Ikea Samla Kunststoffkisten sind eine tolle M\u00f6glichkeit, um defekte oder verloren gegangene Clips zu ersetzen. Auch wenn man einfach nur einen anderen Clip-Typen ausprobieren m\u00f6chte, sind diese Clips eine gute Wahl. Mit ihnen bleibt die volle Stapelbarkeit der Samla Kunststoffkisten erhalten und die Kisten k\u00f6nnen sicher aufeinander gestapelt werden.<\/p>\n<p>Ein weiterer Vorteil der <strong>Verschluss Clips<\/strong> ist, dass sie das Verrutschen der Kunststoffdeckel verhindern. Dies ist besonders praktisch, wenn man die Kisten f\u00fcr den Transport oder zur Aufbewahrung von Gegenst\u00e4nden benutzt, die nicht herausfallen sollen. Die <strong>Verschluss Clips<\/strong> sorgen daf\u00fcr, dass die Kisten dicht verschlossen sind und dass die darin enthaltenen Gegenst\u00e4nde sicher und gesch\u00fctzt sind.<\/p>\n<p>F\u00fcr Tierhalter sind diese Clips ebenfalls eine gute Wahl. Wenn man seine Tiere in den Samla Kunststoffkisten h\u00e4lt, m\u00fcssen diese nat\u00fcrlich sicher und dicht verschlossen sein. Die <strong>Verschluss Clips<\/strong> tragen dazu bei, dass die Tiere nicht ausbrechen k\u00f6nnen und dass sie in ihrer Umgebung sicher aufgehoben sind.<\/p>\n<p>Insgesamt sind die <strong>Verschluss Clips<\/strong> f\u00fcr Ikea Samla Kunststoffkisten eine praktische und n\u00fctzliche Erg\u00e4nzung f\u00fcr jeden Haushalt. Sie sind einfach zu installieren und k\u00f6nnen bei Bedarf ausgetauscht werden. Wenn du also deine Kisten sicher verschlie\u00dfen m\u00f6chtest, sind diese Clips eine gute Wahl.<\/p>\n<p><strong>Ausf\u00fchrung:<br \/>\n<\/strong>Transparente Clips, geeignet f\u00fcr SAMLA 5 l, 11 l und 22 l<\/p>\n","protected":false},"excerpt":{"rendered":"<p>Die Verschluss Clips f\u00fcr die Ikea Samla Kunststoffkisten sind eine tolle M\u00f6glichkeit, um defekte oder verloren gegangene Clips zu ersetzen. Auch wenn man einfach nur einen anderen Clip-Typen ausprobieren m\u00f6chte, sind diese Clips eine gute Wahl. Mit ihnen bleibt die volle Stapelbarkeit der Samla Kunststoffkisten erhalten und die Kisten k\u00f6nnen sicher aufeinander gestapelt werden. Ein [&hellip;]<\/p>\n","protected":false},"featured_media":5561,"template":"","meta":{"_acf_changed":false},"product-supplier":[],"product_brand":[],"product_cat":[130],"product_tag":[],"lce-checkout-addons":[],"class_list":{"0":"post-4485","1":"product","2":"type-product","3":"status-publish","4":"has-post-thumbnail","6":"product_cat-terrarien-behaelter","7":"product_shipping_class-equipment-shipping","9":"first","10":"instock","11":"taxable","12":"shipping-taxable","13":"purchasable","14":"product-type-simple"},"acf":[],"yoast_head":"<!-- This site is optimized with the Yoast SEO Premium plugin v26.8 (Yoast SEO v27.3) - https:\/\/yoast.com\/product\/yoast-seo-premium-wordpress\/ -->\n<title>Verschluss Clips - Insektenliebe<\/title>\n<meta name=\"description\" content=\"G\u00fcnstige Verschluss Clips direkt online kaufen. Die Verschluss Clips wurden speziell f\u00fcr die Ikea Samla Kunststoffboxen 5 l, 11 l und 22 l hergestellt.\" \/>\n<meta name=\"robots\" content=\"index, follow, max-snippet:-1, max-image-preview:large, max-video-preview:-1\" \/>\n<link rel=\"canonical\" href=\"https:\/\/insektenliebe.com\/de\/shop\/produkt\/verschluss-clips\/\" \/>\n<meta property=\"og:locale\" content=\"de_DE\" \/>\n<meta property=\"og:type\" content=\"article\" \/>\n<meta property=\"og:title\" content=\"Verschluss Clips\" \/>\n<meta property=\"og:description\" content=\"G\u00fcnstige Verschluss Clips direkt online kaufen. Die Verschluss Clips wurden speziell f\u00fcr die Ikea Samla Kunststoffboxen 5 l, 11 l und 22 l hergestellt.\" \/>\n<meta property=\"og:url\" content=\"https:\/\/insektenliebe.com\/de\/shop\/produkt\/verschluss-clips\/\" \/>\n<meta property=\"og:site_name\" content=\"Insektenliebe\" \/>\n<meta property=\"article:modified_time\" content=\"2025-12-16T19:59:43+00:00\" \/>\n<meta property=\"og:image\" content=\"https:\/\/insektenliebe.com\/wp-content\/uploads\/2025\/05\/Verschluss-Clips-1-2.jpg\" \/>\n\t<meta property=\"og:image:width\" content=\"820\" \/>\n\t<meta property=\"og:image:height\" content=\"820\" \/>\n\t<meta property=\"og:image:type\" content=\"image\/jpeg\" \/>\n<meta name=\"twitter:card\" content=\"summary_large_image\" \/>\n<meta name=\"twitter:label1\" content=\"Preis\" \/>\n\t<meta name=\"twitter:data1\" content=\"2,40&nbsp;&euro; inkl. MwSt. zzgl. Versand\" \/>\n\t<meta name=\"twitter:label2\" content=\"Verf\u00fcgbarkeit\" \/>\n\t<meta name=\"twitter:data2\" content=\"Auf Lager\" \/>\n<script type=\"application\/ld+json\" class=\"yoast-schema-graph\">{\"@context\":\"https:\\\/\\\/schema.org\",\"@graph\":[{\"@type\":\"WebPage\",\"@id\":\"https:\\\/\\\/insektenliebe.com\\\/de\\\/shop\\\/produkt\\\/verschluss-clips\\\/\",\"url\":\"https:\\\/\\\/insektenliebe.com\\\/de\\\/shop\\\/produkt\\\/verschluss-clips\\\/\",\"name\":\"Verschluss Clips - Insektenliebe\",\"isPartOf\":{\"@id\":\"https:\\\/\\\/insektenliebe.com\\\/de\\\/#website\"},\"primaryImageOfPage\":{\"@id\":\"https:\\\/\\\/insektenliebe.com\\\/de\\\/shop\\\/produkt\\\/verschluss-clips\\\/#primaryimage\"},\"image\":{\"@id\":\"https:\\\/\\\/insektenliebe.com\\\/de\\\/shop\\\/produkt\\\/verschluss-clips\\\/#primaryimage\"},\"thumbnailUrl\":\"https:\\\/\\\/insektenliebe.com\\\/wp-content\\\/uploads\\\/2025\\\/05\\\/Verschluss-Clips-1-2.jpg\",\"datePublished\":\"2023-04-18T09:43:00+00:00\",\"dateModified\":\"2025-12-16T19:59:43+00:00\",\"description\":\"G\u00fcnstige Verschluss Clips direkt online kaufen. Die Verschluss Clips wurden speziell f\u00fcr die Ikea Samla Kunststoffboxen 5 l, 11 l und 22 l hergestellt.\",\"breadcrumb\":{\"@id\":\"https:\\\/\\\/insektenliebe.com\\\/de\\\/shop\\\/produkt\\\/verschluss-clips\\\/#breadcrumb\"},\"inLanguage\":\"de\",\"potentialAction\":[{\"@type\":\"ReadAction\",\"target\":[\"https:\\\/\\\/insektenliebe.com\\\/de\\\/shop\\\/produkt\\\/verschluss-clips\\\/\"]}]},{\"@type\":\"ImageObject\",\"inLanguage\":\"de\",\"@id\":\"https:\\\/\\\/insektenliebe.com\\\/de\\\/shop\\\/produkt\\\/verschluss-clips\\\/#primaryimage\",\"url\":\"https:\\\/\\\/insektenliebe.com\\\/wp-content\\\/uploads\\\/2025\\\/05\\\/Verschluss-Clips-1-2.jpg\",\"contentUrl\":\"https:\\\/\\\/insektenliebe.com\\\/wp-content\\\/uploads\\\/2025\\\/05\\\/Verschluss-Clips-1-2.jpg\",\"width\":820,\"height\":820,\"caption\":\"Verschluss-Clips-1-2.jpg\"},{\"@type\":\"BreadcrumbList\",\"@id\":\"https:\\\/\\\/insektenliebe.com\\\/de\\\/shop\\\/produkt\\\/verschluss-clips\\\/#breadcrumb\",\"itemListElement\":[{\"@type\":\"ListItem\",\"position\":1,\"name\":\"Startseite\",\"item\":\"https:\\\/\\\/insektenliebe.com\\\/de\\\/\"},{\"@type\":\"ListItem\",\"position\":2,\"name\":\"Shop\",\"item\":\"https:\\\/\\\/insektenliebe.com\\\/de\\\/shop\\\/\"},{\"@type\":\"ListItem\",\"position\":3,\"name\":\"Verschluss Clips\"}]},{\"@type\":\"WebSite\",\"@id\":\"https:\\\/\\\/insektenliebe.com\\\/de\\\/#website\",\"url\":\"https:\\\/\\\/insektenliebe.com\\\/de\\\/\",\"name\":\"Insektenliebe\",\"description\":\"Dein Zuhause f\u00fcr die kleinen Lebewesen\",\"publisher\":{\"@id\":\"https:\\\/\\\/insektenliebe.com\\\/de\\\/#organization\"},\"potentialAction\":[{\"@type\":\"SearchAction\",\"target\":{\"@type\":\"EntryPoint\",\"urlTemplate\":\"https:\\\/\\\/insektenliebe.com\\\/de\\\/?s={search_term_string}\"},\"query-input\":{\"@type\":\"PropertyValueSpecification\",\"valueRequired\":true,\"valueName\":\"search_term_string\"}}],\"inLanguage\":\"de\"},{\"@type\":\"Organization\",\"@id\":\"https:\\\/\\\/insektenliebe.com\\\/de\\\/#organization\",\"name\":\"Insektenliebe\",\"url\":\"https:\\\/\\\/insektenliebe.com\\\/de\\\/\",\"logo\":{\"@type\":\"ImageObject\",\"inLanguage\":\"de\",\"@id\":\"https:\\\/\\\/insektenliebe.com\\\/de\\\/#\\\/schema\\\/logo\\\/image\\\/\",\"url\":\"https:\\\/\\\/insektenliebe.com\\\/wp-content\\\/uploads\\\/2025\\\/03\\\/logo-white.png\",\"contentUrl\":\"https:\\\/\\\/insektenliebe.com\\\/wp-content\\\/uploads\\\/2025\\\/03\\\/logo-white.png\",\"width\":288,\"height\":188,\"caption\":\"Insektenliebe\"},\"image\":{\"@id\":\"https:\\\/\\\/insektenliebe.com\\\/de\\\/#\\\/schema\\\/logo\\\/image\\\/\"}}]}<\/script>\n<meta property=\"product:price:amount\" content=\"2.40\" \/>\n<meta property=\"product:price:currency\" content=\"EUR\" \/>\n<meta property=\"og:availability\" content=\"instock\" \/>\n<meta property=\"product:availability\" content=\"instock\" \/>\n<meta property=\"product:retailer_item_id\" content=\"466\" \/>\n<meta property=\"product:condition\" content=\"new\" \/>\n<!-- \/ Yoast SEO Premium plugin. -->","yoast_head_json":{"title":"Verschluss Clips - Insektenliebe","description":"G\u00fcnstige Verschluss Clips direkt online kaufen. Die Verschluss Clips wurden speziell f\u00fcr die Ikea Samla Kunststoffboxen 5 l, 11 l und 22 l hergestellt.","robots":{"index":"index","follow":"follow","max-snippet":"max-snippet:-1","max-image-preview":"max-image-preview:large","max-video-preview":"max-video-preview:-1"},"canonical":"https:\/\/insektenliebe.com\/de\/shop\/produkt\/verschluss-clips\/","og_locale":"de_DE","og_type":"article","og_title":"Verschluss Clips","og_description":"G\u00fcnstige Verschluss Clips direkt online kaufen. Die Verschluss Clips wurden speziell f\u00fcr die Ikea Samla Kunststoffboxen 5 l, 11 l und 22 l hergestellt.","og_url":"https:\/\/insektenliebe.com\/de\/shop\/produkt\/verschluss-clips\/","og_site_name":"Insektenliebe","article_modified_time":"2025-12-16T19:59:43+00:00","og_image":[{"width":820,"height":820,"url":"https:\/\/insektenliebe.com\/wp-content\/uploads\/2025\/05\/Verschluss-Clips-1-2.jpg","type":"image\/jpeg"}],"twitter_card":"summary_large_image","twitter_misc":{"Preis":"2,40&nbsp;&euro; inkl. MwSt. zzgl. Versand","Verf\u00fcgbarkeit":"Auf Lager"},"schema":{"@context":"https:\/\/schema.org","@graph":[{"@type":"WebPage","@id":"https:\/\/insektenliebe.com\/de\/shop\/produkt\/verschluss-clips\/","url":"https:\/\/insektenliebe.com\/de\/shop\/produkt\/verschluss-clips\/","name":"Verschluss Clips - Insektenliebe","isPartOf":{"@id":"https:\/\/insektenliebe.com\/de\/#website"},"primaryImageOfPage":{"@id":"https:\/\/insektenliebe.com\/de\/shop\/produkt\/verschluss-clips\/#primaryimage"},"image":{"@id":"https:\/\/insektenliebe.com\/de\/shop\/produkt\/verschluss-clips\/#primaryimage"},"thumbnailUrl":"https:\/\/insektenliebe.com\/wp-content\/uploads\/2025\/05\/Verschluss-Clips-1-2.jpg","datePublished":"2023-04-18T09:43:00+00:00","dateModified":"2025-12-16T19:59:43+00:00","description":"G\u00fcnstige Verschluss Clips direkt online kaufen. Die Verschluss Clips wurden speziell f\u00fcr die Ikea Samla Kunststoffboxen 5 l, 11 l und 22 l hergestellt.","breadcrumb":{"@id":"https:\/\/insektenliebe.com\/de\/shop\/produkt\/verschluss-clips\/#breadcrumb"},"inLanguage":"de","potentialAction":[{"@type":"ReadAction","target":["https:\/\/insektenliebe.com\/de\/shop\/produkt\/verschluss-clips\/"]}]},{"@type":"ImageObject","inLanguage":"de","@id":"https:\/\/insektenliebe.com\/de\/shop\/produkt\/verschluss-clips\/#primaryimage","url":"https:\/\/insektenliebe.com\/wp-content\/uploads\/2025\/05\/Verschluss-Clips-1-2.jpg","contentUrl":"https:\/\/insektenliebe.com\/wp-content\/uploads\/2025\/05\/Verschluss-Clips-1-2.jpg","width":820,"height":820,"caption":"Verschluss-Clips-1-2.jpg"},{"@type":"BreadcrumbList","@id":"https:\/\/insektenliebe.com\/de\/shop\/produkt\/verschluss-clips\/#breadcrumb","itemListElement":[{"@type":"ListItem","position":1,"name":"Startseite","item":"https:\/\/insektenliebe.com\/de\/"},{"@type":"ListItem","position":2,"name":"Shop","item":"https:\/\/insektenliebe.com\/de\/shop\/"},{"@type":"ListItem","position":3,"name":"Verschluss Clips"}]},{"@type":"WebSite","@id":"https:\/\/insektenliebe.com\/de\/#website","url":"https:\/\/insektenliebe.com\/de\/","name":"Insektenliebe","description":"Dein Zuhause f\u00fcr die kleinen Lebewesen","publisher":{"@id":"https:\/\/insektenliebe.com\/de\/#organization"},"potentialAction":[{"@type":"SearchAction","target":{"@type":"EntryPoint","urlTemplate":"https:\/\/insektenliebe.com\/de\/?s={search_term_string}"},"query-input":{"@type":"PropertyValueSpecification","valueRequired":true,"valueName":"search_term_string"}}],"inLanguage":"de"},{"@type":"Organization","@id":"https:\/\/insektenliebe.com\/de\/#organization","name":"Insektenliebe","url":"https:\/\/insektenliebe.com\/de\/","logo":{"@type":"ImageObject","inLanguage":"de","@id":"https:\/\/insektenliebe.com\/de\/#\/schema\/logo\/image\/","url":"https:\/\/insektenliebe.com\/wp-content\/uploads\/2025\/03\/logo-white.png","contentUrl":"https:\/\/insektenliebe.com\/wp-content\/uploads\/2025\/03\/logo-white.png","width":288,"height":188,"caption":"Insektenliebe"},"image":{"@id":"https:\/\/insektenliebe.com\/de\/#\/schema\/logo\/image\/"}}]},"product_price_amount":"2.40","product_price_currency":"EUR","og_availability":"instock","product_availability":"instock","product_retailer_item_id":"466","product_condition":"new"},"_links":{"self":[{"href":"https:\/\/insektenliebe.com\/de\/wp-json\/wp\/v2\/product\/4485","targetHints":{"allow":["GET"]}}],"collection":[{"href":"https:\/\/insektenliebe.com\/de\/wp-json\/wp\/v2\/product"}],"about":[{"href":"https:\/\/insektenliebe.com\/de\/wp-json\/wp\/v2\/types\/product"}],"wp:featuredmedia":[{"embeddable":true,"href":"https:\/\/insektenliebe.com\/de\/wp-json\/wp\/v2\/media\/5561"}],"wp:attachment":[{"href":"https:\/\/insektenliebe.com\/de\/wp-json\/wp\/v2\/media?parent=4485"}],"wp:term":[{"taxonomy":"product-supplier","embeddable":true,"href":"https:\/\/insektenliebe.com\/de\/wp-json\/wp\/v2\/product-supplier?post=4485"},{"taxonomy":"product_brand","embeddable":true,"href":"https:\/\/insektenliebe.com\/de\/wp-json\/wp\/v2\/product_brand?post=4485"},{"taxonomy":"product_cat","embeddable":true,"href":"https:\/\/insektenliebe.com\/de\/wp-json\/wp\/v2\/product_cat?post=4485"},{"taxonomy":"product_tag","embeddable":true,"href":"https:\/\/insektenliebe.com\/de\/wp-json\/wp\/v2\/product_tag?post=4485"},{"taxonomy":"lce-checkout-addons","embeddable":true,"href":"https:\/\/insektenliebe.com\/de\/wp-json\/wp\/v2\/lce-checkout-addons?post=4485"}],"curies":[{"name":"wp","href":"https:\/\/api.w.org\/{rel}","templated":true}]}}