{"id":4481,"date":"2018-04-05T15:10:28","date_gmt":"2018-04-05T15:10:28","guid":{"rendered":"http:\/\/localhost\/ins-test\/?post_type=product&#038;p=4481"},"modified":"2026-03-12T07:45:11","modified_gmt":"2026-03-12T06:45:11","slug":"sepiaschalen","status":"publish","type":"product","link":"https:\/\/insektenliebe.com\/de\/shop\/produkt\/sepiaschalen\/","title":{"rendered":"Sepiaschalen"},"content":{"rendered":"<h3 class=\"p1\"><span style=\"color: #99cc33;\"><strong><span class=\"s1\">Sepiaschalen \u2013 Nat\u00fcrliche Kalziumquelle f\u00fcr starke Panzer &amp; gesunde H\u00e4utungen<\/span><\/strong><\/span><\/h3>\n<p>Sepiaschalen sind der R\u00fcckenknochen von Tintenfischen. Das Hauptmaterial des Schulps ist Aragonit (chemisch ein Calciumcarbonat, also Kalk). Zus\u00e4tzlich enth\u00e4lt es noch viele weitere Spurenelemente. Die Sepiaschale ist einer der besten nat\u00fcrlichen Kalziumlieferanten. Wir achten sehr penibel darauf, dass die Schale vom Hersteller gut gewaschen wurde, damit das eingelagerte Meersalz vollst\u00e4ndig ausgewaschen wird.<\/p>\n<p>Sepiaschalen sind reich an Kalzium und anderen wichtigen Mineralien. Besonders f\u00fcr V\u00f6gel zur Unterst\u00fctzung des Knochen- und Federwachstums, f\u00fcr Aquarienbewohner wie Schnecken aber auch anderen Wirbellosen bei der H\u00e4utung n\u00fctzlich. Vor allem in der Terraristik dient Sepia als nat\u00fcrlicher Kalziumlieferant und sorgt f\u00fcr ein gesundes Wachstum und einen reibungslosen Aufbau des Chitinpanzers.<br \/>\nEinfach kleine St\u00fccke von der Sepiaschale an den K\u00e4fig oder in das Aquarium oder Terrarium geben. Bitte die Schalenst\u00fccke nach einigen Wochen wieder aus dem Aquarium entfernen, da sie anfangen zu verrotten. V\u00f6geln sollte man dauerhaft Sepiaschalen zur Verf\u00fcgung stellen! Auch f\u00fcr Schildkr\u00f6ten ist unser Sepia prima geeignet, da diese f\u00fcr den Panzer viel Kalzium ben\u00f6tigen. V\u00f6gel benutzen die Sepia Schale ebenfalls zur Schnabelpflege.<\/p>\n<p>Die Gr\u00f6\u00dfenangabe der einzelnen Schalen steht im Vergleich zu einer handels\u00fcblichen Heimchendose.<\/p>\n","protected":false},"excerpt":{"rendered":"<p>Sepiaschalen \u2013 Nat\u00fcrliche Kalziumquelle f\u00fcr starke Panzer &amp; gesunde H\u00e4utungen Sepiaschalen sind der R\u00fcckenknochen von Tintenfischen. Das Hauptmaterial des Schulps ist Aragonit (chemisch ein Calciumcarbonat, also Kalk). Zus\u00e4tzlich enth\u00e4lt es noch viele weitere Spurenelemente. Die Sepiaschale ist einer der besten nat\u00fcrlichen Kalziumlieferanten. Wir achten sehr penibel darauf, dass die Schale vom Hersteller gut gewaschen wurde, [&hellip;]<\/p>\n","protected":false},"featured_media":4536,"template":"","meta":{"_acf_changed":false},"product-supplier":[],"product_brand":[],"product_cat":[129],"product_tag":[],"lce-checkout-addons":[],"class_list":{"0":"post-4481","1":"product","2":"type-product","3":"status-publish","4":"has-post-thumbnail","6":"product_cat-futter-kalzium","7":"product_shipping_class-equipment-shipping","9":"first","10":"instock","11":"taxable","12":"shipping-taxable","13":"purchasable","14":"product-type-variable"},"acf":[],"yoast_head":"<!-- This site is optimized with the Yoast SEO plugin v27.3 - https:\/\/yoast.com\/product\/yoast-seo-wordpress\/ -->\n<title>Sepiaschalen - Insektenliebe<\/title>\n<meta name=\"description\" content=\"G\u00fcnstige Sepiaschalen online kaufen. Unser Sepia bietet euch die perfekte Kalziumquelle f\u00fcr eure Tiere und wird von uns selber auch verwendet.\" \/>\n<meta name=\"robots\" content=\"index, follow, max-snippet:-1, max-image-preview:large, max-video-preview:-1\" \/>\n<link rel=\"canonical\" href=\"https:\/\/insektenliebe.com\/de\/shop\/produkt\/sepiaschalen\/\" \/>\n<meta property=\"og:locale\" content=\"de_DE\" \/>\n<meta property=\"og:type\" content=\"article\" \/>\n<meta property=\"og:title\" content=\"Sepiaschalen - Insektenliebe\" \/>\n<meta property=\"og:description\" content=\"G\u00fcnstige Sepiaschalen online kaufen. Unser Sepia bietet euch die perfekte Kalziumquelle f\u00fcr eure Tiere und wird von uns selber auch verwendet.\" \/>\n<meta property=\"og:url\" content=\"https:\/\/insektenliebe.com\/de\/shop\/produkt\/sepiaschalen\/\" \/>\n<meta property=\"og:site_name\" content=\"Insektenliebe\" \/>\n<meta property=\"article:modified_time\" content=\"2026-03-12T06:45:11+00:00\" \/>\n<meta property=\"og:image\" content=\"https:\/\/insektenliebe.com\/wp-content\/uploads\/2025\/05\/Sepiaschalen-2.jpg\" \/>\n\t<meta property=\"og:image:width\" content=\"820\" \/>\n\t<meta property=\"og:image:height\" content=\"820\" \/>\n\t<meta property=\"og:image:type\" content=\"image\/jpeg\" \/>\n<meta name=\"twitter:card\" content=\"summary_large_image\" \/>\n<meta name=\"twitter:label1\" content=\"Gesch\u00e4tzte Lesezeit\" \/>\n\t<meta name=\"twitter:data1\" content=\"2\u00a0Minuten\" \/>\n<script type=\"application\/ld+json\" class=\"yoast-schema-graph\">{\"@context\":\"https:\\\/\\\/schema.org\",\"@graph\":[{\"@type\":\"WebPage\",\"@id\":\"https:\\\/\\\/insektenliebe.com\\\/de\\\/shop\\\/produkt\\\/sepiaschalen\\\/\",\"url\":\"https:\\\/\\\/insektenliebe.com\\\/de\\\/shop\\\/produkt\\\/sepiaschalen\\\/\",\"name\":\"Sepiaschalen - Insektenliebe\",\"isPartOf\":{\"@id\":\"https:\\\/\\\/insektenliebe.com\\\/de\\\/#website\"},\"primaryImageOfPage\":{\"@id\":\"https:\\\/\\\/insektenliebe.com\\\/de\\\/shop\\\/produkt\\\/sepiaschalen\\\/#primaryimage\"},\"image\":{\"@id\":\"https:\\\/\\\/insektenliebe.com\\\/de\\\/shop\\\/produkt\\\/sepiaschalen\\\/#primaryimage\"},\"thumbnailUrl\":\"https:\\\/\\\/insektenliebe.com\\\/wp-content\\\/uploads\\\/2025\\\/05\\\/Sepiaschalen-2.jpg\",\"datePublished\":\"2018-04-05T15:10:28+00:00\",\"dateModified\":\"2026-03-12T06:45:11+00:00\",\"description\":\"G\u00fcnstige Sepiaschalen online kaufen. Unser Sepia bietet euch die perfekte Kalziumquelle f\u00fcr eure Tiere und wird von uns selber auch verwendet.\",\"breadcrumb\":{\"@id\":\"https:\\\/\\\/insektenliebe.com\\\/de\\\/shop\\\/produkt\\\/sepiaschalen\\\/#breadcrumb\"},\"inLanguage\":\"de\",\"potentialAction\":[{\"@type\":\"ReadAction\",\"target\":[\"https:\\\/\\\/insektenliebe.com\\\/de\\\/shop\\\/produkt\\\/sepiaschalen\\\/\"]}]},{\"@type\":\"ImageObject\",\"inLanguage\":\"de\",\"@id\":\"https:\\\/\\\/insektenliebe.com\\\/de\\\/shop\\\/produkt\\\/sepiaschalen\\\/#primaryimage\",\"url\":\"https:\\\/\\\/insektenliebe.com\\\/wp-content\\\/uploads\\\/2025\\\/05\\\/Sepiaschalen-2.jpg\",\"contentUrl\":\"https:\\\/\\\/insektenliebe.com\\\/wp-content\\\/uploads\\\/2025\\\/05\\\/Sepiaschalen-2.jpg\",\"width\":820,\"height\":820,\"caption\":\"Sepiaschalen\"},{\"@type\":\"BreadcrumbList\",\"@id\":\"https:\\\/\\\/insektenliebe.com\\\/de\\\/shop\\\/produkt\\\/sepiaschalen\\\/#breadcrumb\",\"itemListElement\":[{\"@type\":\"ListItem\",\"position\":1,\"name\":\"Startseite\",\"item\":\"https:\\\/\\\/insektenliebe.com\\\/de\\\/\"},{\"@type\":\"ListItem\",\"position\":2,\"name\":\"Shop\",\"item\":\"https:\\\/\\\/insektenliebe.com\\\/de\\\/shop\\\/\"},{\"@type\":\"ListItem\",\"position\":3,\"name\":\"Sepiaschalen\"}]},{\"@type\":\"WebSite\",\"@id\":\"https:\\\/\\\/insektenliebe.com\\\/de\\\/#website\",\"url\":\"https:\\\/\\\/insektenliebe.com\\\/de\\\/\",\"name\":\"Insektenliebe\",\"description\":\"Dein Zuhause f\u00fcr die kleinen Lebewesen\",\"publisher\":{\"@id\":\"https:\\\/\\\/insektenliebe.com\\\/de\\\/#organization\"},\"potentialAction\":[{\"@type\":\"SearchAction\",\"target\":{\"@type\":\"EntryPoint\",\"urlTemplate\":\"https:\\\/\\\/insektenliebe.com\\\/de\\\/?s={search_term_string}\"},\"query-input\":{\"@type\":\"PropertyValueSpecification\",\"valueRequired\":true,\"valueName\":\"search_term_string\"}}],\"inLanguage\":\"de\"},{\"@type\":\"Organization\",\"@id\":\"https:\\\/\\\/insektenliebe.com\\\/de\\\/#organization\",\"name\":\"Insektenliebe\",\"url\":\"https:\\\/\\\/insektenliebe.com\\\/de\\\/\",\"logo\":{\"@type\":\"ImageObject\",\"inLanguage\":\"de\",\"@id\":\"https:\\\/\\\/insektenliebe.com\\\/de\\\/#\\\/schema\\\/logo\\\/image\\\/\",\"url\":\"https:\\\/\\\/insektenliebe.com\\\/wp-content\\\/uploads\\\/2025\\\/03\\\/logo-white.png\",\"contentUrl\":\"https:\\\/\\\/insektenliebe.com\\\/wp-content\\\/uploads\\\/2025\\\/03\\\/logo-white.png\",\"width\":288,\"height\":188,\"caption\":\"Insektenliebe\"},\"image\":{\"@id\":\"https:\\\/\\\/insektenliebe.com\\\/de\\\/#\\\/schema\\\/logo\\\/image\\\/\"}}]}<\/script>\n<!-- \/ Yoast SEO plugin. -->","yoast_head_json":{"title":"Sepiaschalen - Insektenliebe","description":"G\u00fcnstige Sepiaschalen online kaufen. Unser Sepia bietet euch die perfekte Kalziumquelle f\u00fcr eure Tiere und wird von uns selber auch verwendet.","robots":{"index":"index","follow":"follow","max-snippet":"max-snippet:-1","max-image-preview":"max-image-preview:large","max-video-preview":"max-video-preview:-1"},"canonical":"https:\/\/insektenliebe.com\/de\/shop\/produkt\/sepiaschalen\/","og_locale":"de_DE","og_type":"article","og_title":"Sepiaschalen - Insektenliebe","og_description":"G\u00fcnstige Sepiaschalen online kaufen. Unser Sepia bietet euch die perfekte Kalziumquelle f\u00fcr eure Tiere und wird von uns selber auch verwendet.","og_url":"https:\/\/insektenliebe.com\/de\/shop\/produkt\/sepiaschalen\/","og_site_name":"Insektenliebe","article_modified_time":"2026-03-12T06:45:11+00:00","og_image":[{"width":820,"height":820,"url":"https:\/\/insektenliebe.com\/wp-content\/uploads\/2025\/05\/Sepiaschalen-2.jpg","type":"image\/jpeg"}],"twitter_card":"summary_large_image","twitter_misc":{"Gesch\u00e4tzte Lesezeit":"2\u00a0Minuten"},"schema":{"@context":"https:\/\/schema.org","@graph":[{"@type":"WebPage","@id":"https:\/\/insektenliebe.com\/de\/shop\/produkt\/sepiaschalen\/","url":"https:\/\/insektenliebe.com\/de\/shop\/produkt\/sepiaschalen\/","name":"Sepiaschalen - Insektenliebe","isPartOf":{"@id":"https:\/\/insektenliebe.com\/de\/#website"},"primaryImageOfPage":{"@id":"https:\/\/insektenliebe.com\/de\/shop\/produkt\/sepiaschalen\/#primaryimage"},"image":{"@id":"https:\/\/insektenliebe.com\/de\/shop\/produkt\/sepiaschalen\/#primaryimage"},"thumbnailUrl":"https:\/\/insektenliebe.com\/wp-content\/uploads\/2025\/05\/Sepiaschalen-2.jpg","datePublished":"2018-04-05T15:10:28+00:00","dateModified":"2026-03-12T06:45:11+00:00","description":"G\u00fcnstige Sepiaschalen online kaufen. Unser Sepia bietet euch die perfekte Kalziumquelle f\u00fcr eure Tiere und wird von uns selber auch verwendet.","breadcrumb":{"@id":"https:\/\/insektenliebe.com\/de\/shop\/produkt\/sepiaschalen\/#breadcrumb"},"inLanguage":"de","potentialAction":[{"@type":"ReadAction","target":["https:\/\/insektenliebe.com\/de\/shop\/produkt\/sepiaschalen\/"]}]},{"@type":"ImageObject","inLanguage":"de","@id":"https:\/\/insektenliebe.com\/de\/shop\/produkt\/sepiaschalen\/#primaryimage","url":"https:\/\/insektenliebe.com\/wp-content\/uploads\/2025\/05\/Sepiaschalen-2.jpg","contentUrl":"https:\/\/insektenliebe.com\/wp-content\/uploads\/2025\/05\/Sepiaschalen-2.jpg","width":820,"height":820,"caption":"Sepiaschalen"},{"@type":"BreadcrumbList","@id":"https:\/\/insektenliebe.com\/de\/shop\/produkt\/sepiaschalen\/#breadcrumb","itemListElement":[{"@type":"ListItem","position":1,"name":"Startseite","item":"https:\/\/insektenliebe.com\/de\/"},{"@type":"ListItem","position":2,"name":"Shop","item":"https:\/\/insektenliebe.com\/de\/shop\/"},{"@type":"ListItem","position":3,"name":"Sepiaschalen"}]},{"@type":"WebSite","@id":"https:\/\/insektenliebe.com\/de\/#website","url":"https:\/\/insektenliebe.com\/de\/","name":"Insektenliebe","description":"Dein Zuhause f\u00fcr die kleinen Lebewesen","publisher":{"@id":"https:\/\/insektenliebe.com\/de\/#organization"},"potentialAction":[{"@type":"SearchAction","target":{"@type":"EntryPoint","urlTemplate":"https:\/\/insektenliebe.com\/de\/?s={search_term_string}"},"query-input":{"@type":"PropertyValueSpecification","valueRequired":true,"valueName":"search_term_string"}}],"inLanguage":"de"},{"@type":"Organization","@id":"https:\/\/insektenliebe.com\/de\/#organization","name":"Insektenliebe","url":"https:\/\/insektenliebe.com\/de\/","logo":{"@type":"ImageObject","inLanguage":"de","@id":"https:\/\/insektenliebe.com\/de\/#\/schema\/logo\/image\/","url":"https:\/\/insektenliebe.com\/wp-content\/uploads\/2025\/03\/logo-white.png","contentUrl":"https:\/\/insektenliebe.com\/wp-content\/uploads\/2025\/03\/logo-white.png","width":288,"height":188,"caption":"Insektenliebe"},"image":{"@id":"https:\/\/insektenliebe.com\/de\/#\/schema\/logo\/image\/"}}]}},"_links":{"self":[{"href":"https:\/\/insektenliebe.com\/de\/wp-json\/wp\/v2\/product\/4481","targetHints":{"allow":["GET"]}}],"collection":[{"href":"https:\/\/insektenliebe.com\/de\/wp-json\/wp\/v2\/product"}],"about":[{"href":"https:\/\/insektenliebe.com\/de\/wp-json\/wp\/v2\/types\/product"}],"wp:featuredmedia":[{"embeddable":true,"href":"https:\/\/insektenliebe.com\/de\/wp-json\/wp\/v2\/media\/4536"}],"wp:attachment":[{"href":"https:\/\/insektenliebe.com\/de\/wp-json\/wp\/v2\/media?parent=4481"}],"wp:term":[{"taxonomy":"product-supplier","embeddable":true,"href":"https:\/\/insektenliebe.com\/de\/wp-json\/wp\/v2\/product-supplier?post=4481"},{"taxonomy":"product_brand","embeddable":true,"href":"https:\/\/insektenliebe.com\/de\/wp-json\/wp\/v2\/product_brand?post=4481"},{"taxonomy":"product_cat","embeddable":true,"href":"https:\/\/insektenliebe.com\/de\/wp-json\/wp\/v2\/product_cat?post=4481"},{"taxonomy":"product_tag","embeddable":true,"href":"https:\/\/insektenliebe.com\/de\/wp-json\/wp\/v2\/product_tag?post=4481"},{"taxonomy":"lce-checkout-addons","embeddable":true,"href":"https:\/\/insektenliebe.com\/de\/wp-json\/wp\/v2\/lce-checkout-addons?post=4481"}],"curies":[{"name":"wp","href":"https:\/\/api.w.org\/{rel}","templated":true}]}}