{"id":4478,"date":"2018-04-05T16:14:00","date_gmt":"2018-04-05T14:14:00","guid":{"rendered":"http:\/\/localhost\/ins-test\/?post_type=product&#038;p=4478"},"modified":"2025-12-22T22:18:01","modified_gmt":"2025-12-22T21:18:01","slug":"ueberraschungsbox","status":"publish","type":"product","link":"https:\/\/insektenliebe.com\/de\/shop\/produkt\/ueberraschungsbox\/","title":{"rendered":"\u00dcberraschungsbox"},"content":{"rendered":"<h3 class=\"p1\"><span style=\"color: #99cc33\"><strong><span class=\"s1\">Assel-\u00dcberraschung f\u00fcr Profis &amp; Neulinge \u2013 entdecke die Vielfalt<\/span><\/strong><\/span><\/h3>\n<p>Lass dich von unserer <strong>\u00dcberraschungsbox<\/strong> begeistern und tauche ein in die vielf\u00e4ltige Welt der Asseln! In jeder unserer Boxen versteckt sich eine sorgf\u00e4ltig ausgew\u00e4hlte Asselart aus unserem Bestand, sodass keine Box der anderen gleicht. Jedes Mal erwartet dich eine neue, spannende \u00dcberraschung, die deine Sammlung bereichern wird.<\/p>\n<p>Du hast die Wahl: Entscheide dich entweder f\u00fcr Rollasseln oder f\u00fcr normale Asselarten. Da sich die Haltungsbedingungen deutlich unterscheiden k\u00f6nnen, geben wir dir die M\u00f6glichkeit, deine Pr\u00e4ferenz anzugeben. M\u00f6chtest du jedoch das volle \u00dcberraschungserlebnis, kannst du dich nat\u00fcrlich auch ganz auf unser Expertenteam verlassen und dich komplett \u00fcberraschen lassen.<\/p>\n<p>Zu jeder Asselart in deiner Box f\u00fcgen wir die genauen Artennamen bei. So kannst du sicherstellen, dass du alle Informationen hast, um die Haltungsbedingungen perfekt auf deine neuen kleinen Bewohner abzustimmen. Ob du ein erfahrener Asselhalter bist oder gerade erst mit dem Hobby beginnst, unsere <strong>\u00dcberraschungsbox<\/strong> ist eine spannende M\u00f6glichkeit, die faszinierende Vielfalt dieser Tiere zu entdecken und dein Zuhause mit neuen, interessanten Lebensformen zu bereichern.<\/p>\n","protected":false},"excerpt":{"rendered":"<p>Ich w\u00fcnsche Euch\u00a0viel Spa\u00df beim Entdecken und \u00fcberraschen lassen!<\/p>\n","protected":false},"featured_media":4533,"template":"","meta":{"_acf_changed":false},"product-supplier":[],"product_brand":[],"product_cat":[627,124,126,125],"product_tag":[],"lce-checkout-addons":[1202],"class_list":{"0":"post-4478","1":"product","2":"type-product","3":"status-publish","4":"has-post-thumbnail","6":"product_cat-asseln","7":"product_cat-landasseln-porcellio","8":"product_cat-rollasseln-armadillidium","9":"product_cat-sonstige-asseln-merulanella-uvm","10":"product_shipping_class-animal-shipping","11":"pa_herkunft-kosmopolitisch","12":"pa_kontinent-afrika","13":"pa_kontinent-asien","14":"pa_kontinent-australien","15":"pa_kontinent-europa","16":"pa_kontinent-nordamerika","17":"pa_kontinent-suedamerika","18":"lce-checkout-addons-winterverpackung","20":"first","21":"instock","22":"sold-individually","23":"taxable","24":"shipping-taxable","25":"purchasable","26":"product-type-variable"},"acf":[],"yoast_head":"<!-- This site is optimized with the Yoast SEO plugin v27.3 - https:\/\/yoast.com\/product\/yoast-seo-wordpress\/ -->\n<title>\u00dcberraschungsbox - Insektenliebe<\/title>\n<meta name=\"description\" content=\"G\u00fcnstige \u00dcberraschungsbox online kaufen. Wir w\u00fcnschen euch viel Spa\u00df mit euren neuen Haustierchen. Direkt vom Z\u00fcchter kaufen!\" \/>\n<meta name=\"robots\" content=\"index, follow, max-snippet:-1, max-image-preview:large, max-video-preview:-1\" \/>\n<link rel=\"canonical\" href=\"https:\/\/insektenliebe.com\/de\/shop\/produkt\/ueberraschungsbox\/\" \/>\n<meta property=\"og:locale\" content=\"de_DE\" \/>\n<meta property=\"og:type\" content=\"article\" \/>\n<meta property=\"og:title\" content=\"\u00dcberraschungsbox - Insektenliebe\" \/>\n<meta property=\"og:description\" content=\"G\u00fcnstige \u00dcberraschungsbox online kaufen. Wir w\u00fcnschen euch viel Spa\u00df mit euren neuen Haustierchen. Direkt vom Z\u00fcchter kaufen!\" \/>\n<meta property=\"og:url\" content=\"https:\/\/insektenliebe.com\/de\/shop\/produkt\/ueberraschungsbox\/\" \/>\n<meta property=\"og:site_name\" content=\"Insektenliebe\" \/>\n<meta property=\"article:modified_time\" content=\"2025-12-22T21:18:01+00:00\" \/>\n<meta property=\"og:image\" content=\"https:\/\/insektenliebe.com\/wp-content\/uploads\/2025\/05\/Ueberraschungsbox-2.jpg\" \/>\n\t<meta property=\"og:image:width\" content=\"820\" \/>\n\t<meta property=\"og:image:height\" content=\"820\" \/>\n\t<meta property=\"og:image:type\" content=\"image\/jpeg\" \/>\n<meta name=\"twitter:card\" content=\"summary_large_image\" \/>\n<meta name=\"twitter:label1\" content=\"Gesch\u00e4tzte Lesezeit\" \/>\n\t<meta name=\"twitter:data1\" content=\"2\u00a0Minuten\" \/>\n<script type=\"application\/ld+json\" class=\"yoast-schema-graph\">{\"@context\":\"https:\\\/\\\/schema.org\",\"@graph\":[{\"@type\":\"WebPage\",\"@id\":\"https:\\\/\\\/insektenliebe.com\\\/de\\\/shop\\\/produkt\\\/ueberraschungsbox\\\/\",\"url\":\"https:\\\/\\\/insektenliebe.com\\\/de\\\/shop\\\/produkt\\\/ueberraschungsbox\\\/\",\"name\":\"\u00dcberraschungsbox - Insektenliebe\",\"isPartOf\":{\"@id\":\"https:\\\/\\\/insektenliebe.com\\\/de\\\/#website\"},\"primaryImageOfPage\":{\"@id\":\"https:\\\/\\\/insektenliebe.com\\\/de\\\/shop\\\/produkt\\\/ueberraschungsbox\\\/#primaryimage\"},\"image\":{\"@id\":\"https:\\\/\\\/insektenliebe.com\\\/de\\\/shop\\\/produkt\\\/ueberraschungsbox\\\/#primaryimage\"},\"thumbnailUrl\":\"https:\\\/\\\/insektenliebe.com\\\/wp-content\\\/uploads\\\/2025\\\/05\\\/Ueberraschungsbox-2.jpg\",\"datePublished\":\"2018-04-05T14:14:00+00:00\",\"dateModified\":\"2025-12-22T21:18:01+00:00\",\"description\":\"G\u00fcnstige \u00dcberraschungsbox online kaufen. Wir w\u00fcnschen euch viel Spa\u00df mit euren neuen Haustierchen. Direkt vom Z\u00fcchter kaufen!\",\"breadcrumb\":{\"@id\":\"https:\\\/\\\/insektenliebe.com\\\/de\\\/shop\\\/produkt\\\/ueberraschungsbox\\\/#breadcrumb\"},\"inLanguage\":\"de\",\"potentialAction\":[{\"@type\":\"ReadAction\",\"target\":[\"https:\\\/\\\/insektenliebe.com\\\/de\\\/shop\\\/produkt\\\/ueberraschungsbox\\\/\"]}]},{\"@type\":\"ImageObject\",\"inLanguage\":\"de\",\"@id\":\"https:\\\/\\\/insektenliebe.com\\\/de\\\/shop\\\/produkt\\\/ueberraschungsbox\\\/#primaryimage\",\"url\":\"https:\\\/\\\/insektenliebe.com\\\/wp-content\\\/uploads\\\/2025\\\/05\\\/Ueberraschungsbox-2.jpg\",\"contentUrl\":\"https:\\\/\\\/insektenliebe.com\\\/wp-content\\\/uploads\\\/2025\\\/05\\\/Ueberraschungsbox-2.jpg\",\"width\":820,\"height\":820,\"caption\":\"Ueberraschungsbox-2.jpg\"},{\"@type\":\"BreadcrumbList\",\"@id\":\"https:\\\/\\\/insektenliebe.com\\\/de\\\/shop\\\/produkt\\\/ueberraschungsbox\\\/#breadcrumb\",\"itemListElement\":[{\"@type\":\"ListItem\",\"position\":1,\"name\":\"Startseite\",\"item\":\"https:\\\/\\\/insektenliebe.com\\\/de\\\/\"},{\"@type\":\"ListItem\",\"position\":2,\"name\":\"Shop\",\"item\":\"https:\\\/\\\/insektenliebe.com\\\/de\\\/shop\\\/\"},{\"@type\":\"ListItem\",\"position\":3,\"name\":\"\u00dcberraschungsbox\"}]},{\"@type\":\"WebSite\",\"@id\":\"https:\\\/\\\/insektenliebe.com\\\/de\\\/#website\",\"url\":\"https:\\\/\\\/insektenliebe.com\\\/de\\\/\",\"name\":\"Insektenliebe\",\"description\":\"Dein Zuhause f\u00fcr die kleinen Lebewesen\",\"publisher\":{\"@id\":\"https:\\\/\\\/insektenliebe.com\\\/de\\\/#organization\"},\"potentialAction\":[{\"@type\":\"SearchAction\",\"target\":{\"@type\":\"EntryPoint\",\"urlTemplate\":\"https:\\\/\\\/insektenliebe.com\\\/de\\\/?s={search_term_string}\"},\"query-input\":{\"@type\":\"PropertyValueSpecification\",\"valueRequired\":true,\"valueName\":\"search_term_string\"}}],\"inLanguage\":\"de\"},{\"@type\":\"Organization\",\"@id\":\"https:\\\/\\\/insektenliebe.com\\\/de\\\/#organization\",\"name\":\"Insektenliebe\",\"url\":\"https:\\\/\\\/insektenliebe.com\\\/de\\\/\",\"logo\":{\"@type\":\"ImageObject\",\"inLanguage\":\"de\",\"@id\":\"https:\\\/\\\/insektenliebe.com\\\/de\\\/#\\\/schema\\\/logo\\\/image\\\/\",\"url\":\"https:\\\/\\\/insektenliebe.com\\\/wp-content\\\/uploads\\\/2025\\\/03\\\/logo-white.png\",\"contentUrl\":\"https:\\\/\\\/insektenliebe.com\\\/wp-content\\\/uploads\\\/2025\\\/03\\\/logo-white.png\",\"width\":288,\"height\":188,\"caption\":\"Insektenliebe\"},\"image\":{\"@id\":\"https:\\\/\\\/insektenliebe.com\\\/de\\\/#\\\/schema\\\/logo\\\/image\\\/\"}}]}<\/script>\n<!-- \/ Yoast SEO plugin. -->","yoast_head_json":{"title":"\u00dcberraschungsbox - Insektenliebe","description":"G\u00fcnstige \u00dcberraschungsbox online kaufen. Wir w\u00fcnschen euch viel Spa\u00df mit euren neuen Haustierchen. Direkt vom Z\u00fcchter kaufen!","robots":{"index":"index","follow":"follow","max-snippet":"max-snippet:-1","max-image-preview":"max-image-preview:large","max-video-preview":"max-video-preview:-1"},"canonical":"https:\/\/insektenliebe.com\/de\/shop\/produkt\/ueberraschungsbox\/","og_locale":"de_DE","og_type":"article","og_title":"\u00dcberraschungsbox - Insektenliebe","og_description":"G\u00fcnstige \u00dcberraschungsbox online kaufen. Wir w\u00fcnschen euch viel Spa\u00df mit euren neuen Haustierchen. Direkt vom Z\u00fcchter kaufen!","og_url":"https:\/\/insektenliebe.com\/de\/shop\/produkt\/ueberraschungsbox\/","og_site_name":"Insektenliebe","article_modified_time":"2025-12-22T21:18:01+00:00","og_image":[{"width":820,"height":820,"url":"https:\/\/insektenliebe.com\/wp-content\/uploads\/2025\/05\/Ueberraschungsbox-2.jpg","type":"image\/jpeg"}],"twitter_card":"summary_large_image","twitter_misc":{"Gesch\u00e4tzte Lesezeit":"2\u00a0Minuten"},"schema":{"@context":"https:\/\/schema.org","@graph":[{"@type":"WebPage","@id":"https:\/\/insektenliebe.com\/de\/shop\/produkt\/ueberraschungsbox\/","url":"https:\/\/insektenliebe.com\/de\/shop\/produkt\/ueberraschungsbox\/","name":"\u00dcberraschungsbox - Insektenliebe","isPartOf":{"@id":"https:\/\/insektenliebe.com\/de\/#website"},"primaryImageOfPage":{"@id":"https:\/\/insektenliebe.com\/de\/shop\/produkt\/ueberraschungsbox\/#primaryimage"},"image":{"@id":"https:\/\/insektenliebe.com\/de\/shop\/produkt\/ueberraschungsbox\/#primaryimage"},"thumbnailUrl":"https:\/\/insektenliebe.com\/wp-content\/uploads\/2025\/05\/Ueberraschungsbox-2.jpg","datePublished":"2018-04-05T14:14:00+00:00","dateModified":"2025-12-22T21:18:01+00:00","description":"G\u00fcnstige \u00dcberraschungsbox online kaufen. Wir w\u00fcnschen euch viel Spa\u00df mit euren neuen Haustierchen. Direkt vom Z\u00fcchter kaufen!","breadcrumb":{"@id":"https:\/\/insektenliebe.com\/de\/shop\/produkt\/ueberraschungsbox\/#breadcrumb"},"inLanguage":"de","potentialAction":[{"@type":"ReadAction","target":["https:\/\/insektenliebe.com\/de\/shop\/produkt\/ueberraschungsbox\/"]}]},{"@type":"ImageObject","inLanguage":"de","@id":"https:\/\/insektenliebe.com\/de\/shop\/produkt\/ueberraschungsbox\/#primaryimage","url":"https:\/\/insektenliebe.com\/wp-content\/uploads\/2025\/05\/Ueberraschungsbox-2.jpg","contentUrl":"https:\/\/insektenliebe.com\/wp-content\/uploads\/2025\/05\/Ueberraschungsbox-2.jpg","width":820,"height":820,"caption":"Ueberraschungsbox-2.jpg"},{"@type":"BreadcrumbList","@id":"https:\/\/insektenliebe.com\/de\/shop\/produkt\/ueberraschungsbox\/#breadcrumb","itemListElement":[{"@type":"ListItem","position":1,"name":"Startseite","item":"https:\/\/insektenliebe.com\/de\/"},{"@type":"ListItem","position":2,"name":"Shop","item":"https:\/\/insektenliebe.com\/de\/shop\/"},{"@type":"ListItem","position":3,"name":"\u00dcberraschungsbox"}]},{"@type":"WebSite","@id":"https:\/\/insektenliebe.com\/de\/#website","url":"https:\/\/insektenliebe.com\/de\/","name":"Insektenliebe","description":"Dein Zuhause f\u00fcr die kleinen Lebewesen","publisher":{"@id":"https:\/\/insektenliebe.com\/de\/#organization"},"potentialAction":[{"@type":"SearchAction","target":{"@type":"EntryPoint","urlTemplate":"https:\/\/insektenliebe.com\/de\/?s={search_term_string}"},"query-input":{"@type":"PropertyValueSpecification","valueRequired":true,"valueName":"search_term_string"}}],"inLanguage":"de"},{"@type":"Organization","@id":"https:\/\/insektenliebe.com\/de\/#organization","name":"Insektenliebe","url":"https:\/\/insektenliebe.com\/de\/","logo":{"@type":"ImageObject","inLanguage":"de","@id":"https:\/\/insektenliebe.com\/de\/#\/schema\/logo\/image\/","url":"https:\/\/insektenliebe.com\/wp-content\/uploads\/2025\/03\/logo-white.png","contentUrl":"https:\/\/insektenliebe.com\/wp-content\/uploads\/2025\/03\/logo-white.png","width":288,"height":188,"caption":"Insektenliebe"},"image":{"@id":"https:\/\/insektenliebe.com\/de\/#\/schema\/logo\/image\/"}}]}},"_links":{"self":[{"href":"https:\/\/insektenliebe.com\/de\/wp-json\/wp\/v2\/product\/4478","targetHints":{"allow":["GET"]}}],"collection":[{"href":"https:\/\/insektenliebe.com\/de\/wp-json\/wp\/v2\/product"}],"about":[{"href":"https:\/\/insektenliebe.com\/de\/wp-json\/wp\/v2\/types\/product"}],"wp:featuredmedia":[{"embeddable":true,"href":"https:\/\/insektenliebe.com\/de\/wp-json\/wp\/v2\/media\/4533"}],"wp:attachment":[{"href":"https:\/\/insektenliebe.com\/de\/wp-json\/wp\/v2\/media?parent=4478"}],"wp:term":[{"taxonomy":"product-supplier","embeddable":true,"href":"https:\/\/insektenliebe.com\/de\/wp-json\/wp\/v2\/product-supplier?post=4478"},{"taxonomy":"product_brand","embeddable":true,"href":"https:\/\/insektenliebe.com\/de\/wp-json\/wp\/v2\/product_brand?post=4478"},{"taxonomy":"product_cat","embeddable":true,"href":"https:\/\/insektenliebe.com\/de\/wp-json\/wp\/v2\/product_cat?post=4478"},{"taxonomy":"product_tag","embeddable":true,"href":"https:\/\/insektenliebe.com\/de\/wp-json\/wp\/v2\/product_tag?post=4478"},{"taxonomy":"lce-checkout-addons","embeddable":true,"href":"https:\/\/insektenliebe.com\/de\/wp-json\/wp\/v2\/lce-checkout-addons?post=4478"}],"curies":[{"name":"wp","href":"https:\/\/api.w.org\/{rel}","templated":true}]}}