{"id":4477,"date":"2018-03-25T10:16:00","date_gmt":"2018-03-25T08:16:00","guid":{"rendered":"http:\/\/localhost\/ins-test\/?post_type=product&#038;p=4477"},"modified":"2026-01-28T21:10:12","modified_gmt":"2026-01-28T20:10:12","slug":"porcellio-haasi-dark-form","status":"publish","type":"product","link":"https:\/\/insektenliebe.com\/de\/shop\/produkt\/porcellio-haasi-dark-form\/","title":{"rendered":"Porcellio haasi \"Dark Form\""},"content":{"rendered":"<h3 class=\"p1\"><span style=\"color: #99cc33\"><strong><span class=\"s1\">Porcellio haasi \u201eDark Form\u201c \u2013 seltene Hochlandassel f\u00fcr besondere Projekte<\/span><\/strong><\/span><\/h3>\n<p class=\"p1\"><span class=\"s1\"><strong>Porcellio haasi \u201eDark Form\u201c<\/strong> geh\u00f6rt zu den au\u00dfergew\u00f6hnlichsten und beeindruckendsten Asselarten, die man im Hobby finden kann. Diese imposante Porcellio-Art stammt urspr\u00fcnglich aus Spanien und ist f\u00fcr ihre besondere F\u00e4rbung ebenso bekannt wie f\u00fcr ihre Gr\u00f6\u00dfe und ihr selbstbewusstes Auftreten. Die \u201eDark Form\u201c zeigt ein intensives, tiefdunkles Farbkleid, das je nach Licht leicht schokoladenbraun bis fast schwarz wirken kann. Genau diese kr\u00e4ftige T\u00f6nung macht sie zu einer der optisch attraktivsten Varianten innerhalb der Art \u2013 v\u00f6llig nat\u00fcrlich entstanden und nicht nachtr\u00e4glich selektiert. Porcellio haasi besitzt eine robuste K\u00f6rperstruktur, kr\u00e4ftige Laufbeine und ein ausgepr\u00e4gtes Explorationsverhalten, was sie im Terrarium zu dynamischen und sehr sichtbaren Bewohnern macht.<\/span><\/p>\n<p class=\"p1\"><span class=\"s1\">In der Haltung zeigt <strong>Porcellio haasi \u201eDark Form\u201c<\/strong> einen mittleren Anspruch. Sie bevorzugt eine Umgebung, die sowohl trockene als auch feuchte Zonen bietet, wobei der Schwerpunkt klar auf einer trockeneren Grundfeuchte liegt. Gleichzeitig brauchen die Tiere stets eine dauerhaft feuchte R\u00fcckzugsecke, in der sie sich regenerieren und h\u00e4uten k\u00f6nnen. Diese Kombination sorgt daf\u00fcr, dass sich die Tiere sicher bewegen, aktiv bleiben und ihr nat\u00fcrliches Verhalten zeigen. Bei ausreichender Struktur und guter F\u00fctterung sind die Tiere ausgesprochen robust. Rindenst\u00fccke, grabf\u00e4hige Erde, Kork und Wurzeln geben ihnen die M\u00f6glichkeit zu klettern und sich zur\u00fcckzuziehen. Da Porcellio haasi eine der gr\u00f6\u00dferen Arten innerhalb der Gattung ist, wirkt sie in gut eingerichteten Bioactive-Setups besonders eindrucksvoll.<\/span><\/p>\n<p class=\"p1\"><span class=\"s1\">Ihre Aktivit\u00e4t ist ein weiterer Punkt, der diese Art so besonders macht. <strong>Porcellio haasi \u201eDark Form\u201c<\/strong> zeigt sich h\u00e4ufig am Tag und bewegt sich neugierig durch das Terrarium. Durch dieses Verhalten kann man die Tiere hervorragend beobachten. Eine abwechslungsreiche Ern\u00e4hrung aus Laub, Fischfutter, Sepiaschale, Pollen und Gem\u00fcse sorgt daf\u00fcr, dass sie schnell wachsen und ein gesundes, kr\u00e4ftiges Erscheinungsbild entwickeln. In der Zucht zeigen sie sich zuverl\u00e4ssig, sofern Temperatur, Feuchtigkeit und Futterangebot stimmen. Die Jungtiere wachsen deutlich langsamer als bei vielen anderen Arten, was der Art jedoch ihren besonderen Wert verleiht.<\/span><\/p>\n<p class=\"p1\"><span class=\"s1\"><strong>Porcellio haasi \u201eDark Form\u201c<\/strong> eignet sich ideal f\u00fcr Halter:innen, die eine gr\u00f6\u00dfere, optisch beeindruckende und gleichzeitig gut beobachtbare Assel suchen. Wer Freude an hochwertigen Bioactive-Setups hat oder ein markantes Highlight in seiner Asselsammlung m\u00f6chte, wird an dieser Art lange begeistert sein.<\/span><\/p>\n","protected":false},"excerpt":{"rendered":"<p>Porcellio haasi \u201eDark Form\u201c \u2013 seltene Hochlandassel f\u00fcr besondere Projekte Porcellio haasi \u201eDark Form\u201c geh\u00f6rt zu den au\u00dfergew\u00f6hnlichsten und beeindruckendsten Asselarten, die man im Hobby finden kann. Diese imposante Porcellio-Art stammt urspr\u00fcnglich aus Spanien und ist f\u00fcr ihre besondere F\u00e4rbung ebenso bekannt wie f\u00fcr ihre Gr\u00f6\u00dfe und ihr selbstbewusstes Auftreten. Die \u201eDark Form\u201c zeigt ein [&hellip;]<\/p>\n","protected":false},"featured_media":170949,"template":"","meta":{"_acf_changed":false},"product-supplier":[],"product_brand":[],"product_cat":[627,124],"product_tag":[],"lce-checkout-addons":[1202],"class_list":{"0":"post-4477","1":"product","2":"type-product","3":"status-publish","4":"has-post-thumbnail","6":"product_cat-asseln","7":"product_cat-landasseln-porcellio","8":"product_shipping_class-animal-shipping","9":"pa_einsatz-show","10":"pa_haltung-single","11":"pa_haltung-group","12":"pa_herkunft-spanien","13":"pa_kontinent-europa","14":"lce-checkout-addons-winterverpackung","16":"first","17":"instock","18":"taxable","19":"shipping-taxable","20":"purchasable","21":"product-type-simple"},"acf":[],"yoast_head":"<!-- This site is optimized with the Yoast SEO plugin v27.3 - https:\/\/yoast.com\/product\/yoast-seo-wordpress\/ -->\n<title>Porcellio haasi &quot;Dark Form&quot; - Insektenliebe<\/title>\n<meta name=\"description\" content=\"G\u00fcnstige Porcellio haasi &quot;Dark Form&quot; online kaufen. Wir z\u00fcchten diese Assel-Art schon seit Jahren und sind immer noch von ihrem Wesen begeistert.\" \/>\n<meta name=\"robots\" content=\"index, follow, max-snippet:-1, max-image-preview:large, max-video-preview:-1\" \/>\n<link rel=\"canonical\" href=\"https:\/\/insektenliebe.com\/de\/shop\/produkt\/porcellio-haasi-dark-form\/\" \/>\n<meta property=\"og:locale\" content=\"de_DE\" \/>\n<meta property=\"og:type\" content=\"article\" \/>\n<meta property=\"og:title\" content=\"Porcellio haasi &quot;Dark Form&quot; - Insektenliebe\" \/>\n<meta property=\"og:description\" content=\"G\u00fcnstige Porcellio haasi &quot;Dark Form&quot; online kaufen. Wir z\u00fcchten diese Assel-Art schon seit Jahren und sind immer noch von ihrem Wesen begeistert.\" \/>\n<meta property=\"og:url\" content=\"https:\/\/insektenliebe.com\/de\/shop\/produkt\/porcellio-haasi-dark-form\/\" \/>\n<meta property=\"og:site_name\" content=\"Insektenliebe\" \/>\n<meta property=\"article:modified_time\" content=\"2026-01-28T20:10:12+00:00\" \/>\n<meta property=\"og:image\" content=\"https:\/\/insektenliebe.com\/wp-content\/uploads\/2018\/03\/Porcellio-haasi-22Dark-Form22.jpg\" \/>\n\t<meta property=\"og:image:width\" content=\"820\" \/>\n\t<meta property=\"og:image:height\" content=\"820\" \/>\n\t<meta property=\"og:image:type\" content=\"image\/jpeg\" \/>\n<meta name=\"twitter:card\" content=\"summary_large_image\" \/>\n<meta name=\"twitter:label1\" content=\"Gesch\u00e4tzte Lesezeit\" \/>\n\t<meta name=\"twitter:data1\" content=\"3\u00a0Minuten\" \/>\n<script type=\"application\/ld+json\" class=\"yoast-schema-graph\">{\"@context\":\"https:\\\/\\\/schema.org\",\"@graph\":[{\"@type\":\"WebPage\",\"@id\":\"https:\\\/\\\/insektenliebe.com\\\/de\\\/shop\\\/produkt\\\/porcellio-haasi-dark-form\\\/\",\"url\":\"https:\\\/\\\/insektenliebe.com\\\/de\\\/shop\\\/produkt\\\/porcellio-haasi-dark-form\\\/\",\"name\":\"Porcellio haasi \\\"Dark Form\\\" - Insektenliebe\",\"isPartOf\":{\"@id\":\"https:\\\/\\\/insektenliebe.com\\\/de\\\/#website\"},\"primaryImageOfPage\":{\"@id\":\"https:\\\/\\\/insektenliebe.com\\\/de\\\/shop\\\/produkt\\\/porcellio-haasi-dark-form\\\/#primaryimage\"},\"image\":{\"@id\":\"https:\\\/\\\/insektenliebe.com\\\/de\\\/shop\\\/produkt\\\/porcellio-haasi-dark-form\\\/#primaryimage\"},\"thumbnailUrl\":\"https:\\\/\\\/insektenliebe.com\\\/wp-content\\\/uploads\\\/2018\\\/03\\\/Porcellio-haasi-22Dark-Form22.jpg\",\"datePublished\":\"2018-03-25T08:16:00+00:00\",\"dateModified\":\"2026-01-28T20:10:12+00:00\",\"description\":\"G\u00fcnstige Porcellio haasi \\\"Dark Form\\\" online kaufen. Wir z\u00fcchten diese Assel-Art schon seit Jahren und sind immer noch von ihrem Wesen begeistert.\",\"breadcrumb\":{\"@id\":\"https:\\\/\\\/insektenliebe.com\\\/de\\\/shop\\\/produkt\\\/porcellio-haasi-dark-form\\\/#breadcrumb\"},\"inLanguage\":\"de\",\"potentialAction\":[{\"@type\":\"ReadAction\",\"target\":[\"https:\\\/\\\/insektenliebe.com\\\/de\\\/shop\\\/produkt\\\/porcellio-haasi-dark-form\\\/\"]}]},{\"@type\":\"ImageObject\",\"inLanguage\":\"de\",\"@id\":\"https:\\\/\\\/insektenliebe.com\\\/de\\\/shop\\\/produkt\\\/porcellio-haasi-dark-form\\\/#primaryimage\",\"url\":\"https:\\\/\\\/insektenliebe.com\\\/wp-content\\\/uploads\\\/2018\\\/03\\\/Porcellio-haasi-22Dark-Form22.jpg\",\"contentUrl\":\"https:\\\/\\\/insektenliebe.com\\\/wp-content\\\/uploads\\\/2018\\\/03\\\/Porcellio-haasi-22Dark-Form22.jpg\",\"width\":820,\"height\":820,\"caption\":\"Porcellio haasi \\\"Dark Form\\\"\"},{\"@type\":\"BreadcrumbList\",\"@id\":\"https:\\\/\\\/insektenliebe.com\\\/de\\\/shop\\\/produkt\\\/porcellio-haasi-dark-form\\\/#breadcrumb\",\"itemListElement\":[{\"@type\":\"ListItem\",\"position\":1,\"name\":\"Startseite\",\"item\":\"https:\\\/\\\/insektenliebe.com\\\/de\\\/\"},{\"@type\":\"ListItem\",\"position\":2,\"name\":\"Shop\",\"item\":\"https:\\\/\\\/insektenliebe.com\\\/de\\\/shop\\\/\"},{\"@type\":\"ListItem\",\"position\":3,\"name\":\"Porcellio haasi &#8222;Dark Form&#8220;\"}]},{\"@type\":\"WebSite\",\"@id\":\"https:\\\/\\\/insektenliebe.com\\\/de\\\/#website\",\"url\":\"https:\\\/\\\/insektenliebe.com\\\/de\\\/\",\"name\":\"Insektenliebe\",\"description\":\"Dein Zuhause f\u00fcr die kleinen Lebewesen\",\"publisher\":{\"@id\":\"https:\\\/\\\/insektenliebe.com\\\/de\\\/#organization\"},\"potentialAction\":[{\"@type\":\"SearchAction\",\"target\":{\"@type\":\"EntryPoint\",\"urlTemplate\":\"https:\\\/\\\/insektenliebe.com\\\/de\\\/?s={search_term_string}\"},\"query-input\":{\"@type\":\"PropertyValueSpecification\",\"valueRequired\":true,\"valueName\":\"search_term_string\"}}],\"inLanguage\":\"de\"},{\"@type\":\"Organization\",\"@id\":\"https:\\\/\\\/insektenliebe.com\\\/de\\\/#organization\",\"name\":\"Insektenliebe\",\"url\":\"https:\\\/\\\/insektenliebe.com\\\/de\\\/\",\"logo\":{\"@type\":\"ImageObject\",\"inLanguage\":\"de\",\"@id\":\"https:\\\/\\\/insektenliebe.com\\\/de\\\/#\\\/schema\\\/logo\\\/image\\\/\",\"url\":\"https:\\\/\\\/insektenliebe.com\\\/wp-content\\\/uploads\\\/2025\\\/03\\\/logo-white.png\",\"contentUrl\":\"https:\\\/\\\/insektenliebe.com\\\/wp-content\\\/uploads\\\/2025\\\/03\\\/logo-white.png\",\"width\":288,\"height\":188,\"caption\":\"Insektenliebe\"},\"image\":{\"@id\":\"https:\\\/\\\/insektenliebe.com\\\/de\\\/#\\\/schema\\\/logo\\\/image\\\/\"}}]}<\/script>\n<!-- \/ Yoast SEO plugin. -->","yoast_head_json":{"title":"Porcellio haasi \"Dark Form\" - Insektenliebe","description":"G\u00fcnstige Porcellio haasi \"Dark Form\" online kaufen. Wir z\u00fcchten diese Assel-Art schon seit Jahren und sind immer noch von ihrem Wesen begeistert.","robots":{"index":"index","follow":"follow","max-snippet":"max-snippet:-1","max-image-preview":"max-image-preview:large","max-video-preview":"max-video-preview:-1"},"canonical":"https:\/\/insektenliebe.com\/de\/shop\/produkt\/porcellio-haasi-dark-form\/","og_locale":"de_DE","og_type":"article","og_title":"Porcellio haasi \"Dark Form\" - Insektenliebe","og_description":"G\u00fcnstige Porcellio haasi \"Dark Form\" online kaufen. Wir z\u00fcchten diese Assel-Art schon seit Jahren und sind immer noch von ihrem Wesen begeistert.","og_url":"https:\/\/insektenliebe.com\/de\/shop\/produkt\/porcellio-haasi-dark-form\/","og_site_name":"Insektenliebe","article_modified_time":"2026-01-28T20:10:12+00:00","og_image":[{"width":820,"height":820,"url":"https:\/\/insektenliebe.com\/wp-content\/uploads\/2018\/03\/Porcellio-haasi-22Dark-Form22.jpg","type":"image\/jpeg"}],"twitter_card":"summary_large_image","twitter_misc":{"Gesch\u00e4tzte Lesezeit":"3\u00a0Minuten"},"schema":{"@context":"https:\/\/schema.org","@graph":[{"@type":"WebPage","@id":"https:\/\/insektenliebe.com\/de\/shop\/produkt\/porcellio-haasi-dark-form\/","url":"https:\/\/insektenliebe.com\/de\/shop\/produkt\/porcellio-haasi-dark-form\/","name":"Porcellio haasi \"Dark Form\" - Insektenliebe","isPartOf":{"@id":"https:\/\/insektenliebe.com\/de\/#website"},"primaryImageOfPage":{"@id":"https:\/\/insektenliebe.com\/de\/shop\/produkt\/porcellio-haasi-dark-form\/#primaryimage"},"image":{"@id":"https:\/\/insektenliebe.com\/de\/shop\/produkt\/porcellio-haasi-dark-form\/#primaryimage"},"thumbnailUrl":"https:\/\/insektenliebe.com\/wp-content\/uploads\/2018\/03\/Porcellio-haasi-22Dark-Form22.jpg","datePublished":"2018-03-25T08:16:00+00:00","dateModified":"2026-01-28T20:10:12+00:00","description":"G\u00fcnstige Porcellio haasi \"Dark Form\" online kaufen. Wir z\u00fcchten diese Assel-Art schon seit Jahren und sind immer noch von ihrem Wesen begeistert.","breadcrumb":{"@id":"https:\/\/insektenliebe.com\/de\/shop\/produkt\/porcellio-haasi-dark-form\/#breadcrumb"},"inLanguage":"de","potentialAction":[{"@type":"ReadAction","target":["https:\/\/insektenliebe.com\/de\/shop\/produkt\/porcellio-haasi-dark-form\/"]}]},{"@type":"ImageObject","inLanguage":"de","@id":"https:\/\/insektenliebe.com\/de\/shop\/produkt\/porcellio-haasi-dark-form\/#primaryimage","url":"https:\/\/insektenliebe.com\/wp-content\/uploads\/2018\/03\/Porcellio-haasi-22Dark-Form22.jpg","contentUrl":"https:\/\/insektenliebe.com\/wp-content\/uploads\/2018\/03\/Porcellio-haasi-22Dark-Form22.jpg","width":820,"height":820,"caption":"Porcellio haasi \"Dark Form\""},{"@type":"BreadcrumbList","@id":"https:\/\/insektenliebe.com\/de\/shop\/produkt\/porcellio-haasi-dark-form\/#breadcrumb","itemListElement":[{"@type":"ListItem","position":1,"name":"Startseite","item":"https:\/\/insektenliebe.com\/de\/"},{"@type":"ListItem","position":2,"name":"Shop","item":"https:\/\/insektenliebe.com\/de\/shop\/"},{"@type":"ListItem","position":3,"name":"Porcellio haasi &#8222;Dark Form&#8220;"}]},{"@type":"WebSite","@id":"https:\/\/insektenliebe.com\/de\/#website","url":"https:\/\/insektenliebe.com\/de\/","name":"Insektenliebe","description":"Dein Zuhause f\u00fcr die kleinen Lebewesen","publisher":{"@id":"https:\/\/insektenliebe.com\/de\/#organization"},"potentialAction":[{"@type":"SearchAction","target":{"@type":"EntryPoint","urlTemplate":"https:\/\/insektenliebe.com\/de\/?s={search_term_string}"},"query-input":{"@type":"PropertyValueSpecification","valueRequired":true,"valueName":"search_term_string"}}],"inLanguage":"de"},{"@type":"Organization","@id":"https:\/\/insektenliebe.com\/de\/#organization","name":"Insektenliebe","url":"https:\/\/insektenliebe.com\/de\/","logo":{"@type":"ImageObject","inLanguage":"de","@id":"https:\/\/insektenliebe.com\/de\/#\/schema\/logo\/image\/","url":"https:\/\/insektenliebe.com\/wp-content\/uploads\/2025\/03\/logo-white.png","contentUrl":"https:\/\/insektenliebe.com\/wp-content\/uploads\/2025\/03\/logo-white.png","width":288,"height":188,"caption":"Insektenliebe"},"image":{"@id":"https:\/\/insektenliebe.com\/de\/#\/schema\/logo\/image\/"}}]}},"_links":{"self":[{"href":"https:\/\/insektenliebe.com\/de\/wp-json\/wp\/v2\/product\/4477","targetHints":{"allow":["GET"]}}],"collection":[{"href":"https:\/\/insektenliebe.com\/de\/wp-json\/wp\/v2\/product"}],"about":[{"href":"https:\/\/insektenliebe.com\/de\/wp-json\/wp\/v2\/types\/product"}],"wp:featuredmedia":[{"embeddable":true,"href":"https:\/\/insektenliebe.com\/de\/wp-json\/wp\/v2\/media\/170949"}],"wp:attachment":[{"href":"https:\/\/insektenliebe.com\/de\/wp-json\/wp\/v2\/media?parent=4477"}],"wp:term":[{"taxonomy":"product-supplier","embeddable":true,"href":"https:\/\/insektenliebe.com\/de\/wp-json\/wp\/v2\/product-supplier?post=4477"},{"taxonomy":"product_brand","embeddable":true,"href":"https:\/\/insektenliebe.com\/de\/wp-json\/wp\/v2\/product_brand?post=4477"},{"taxonomy":"product_cat","embeddable":true,"href":"https:\/\/insektenliebe.com\/de\/wp-json\/wp\/v2\/product_cat?post=4477"},{"taxonomy":"product_tag","embeddable":true,"href":"https:\/\/insektenliebe.com\/de\/wp-json\/wp\/v2\/product_tag?post=4477"},{"taxonomy":"lce-checkout-addons","embeddable":true,"href":"https:\/\/insektenliebe.com\/de\/wp-json\/wp\/v2\/lce-checkout-addons?post=4477"}],"curies":[{"name":"wp","href":"https:\/\/api.w.org\/{rel}","templated":true}]}}