{"id":4474,"date":"2018-03-23T15:39:00","date_gmt":"2018-03-23T14:39:00","guid":{"rendered":"http:\/\/localhost\/ins-test\/?post_type=product&#038;p=4474"},"modified":"2026-03-26T11:02:16","modified_gmt":"2026-03-26T10:02:16","slug":"porcellio-ornatus-high-yellow","status":"publish","type":"product","link":"https:\/\/insektenliebe.com\/de\/shop\/produkt\/porcellio-ornatus-high-yellow\/","title":{"rendered":"Porcellio ornatus \"High Yellow\""},"content":{"rendered":"<h3 class=\"p1\"><span style=\"color: #99cc33;\"><strong><span class=\"s1\">Strahlkraft pur \u2013 wenn Porcellio ornatus dein Terrarium vergoldet<\/span><\/strong><\/span><\/h3>\n<p class=\"p1\"><span class=\"s1\"><strong>Porcellio ornatus \u201eHigh Yellow\u201c<\/strong> geh\u00f6rt zu den farbintensivsten Asselvarianten \u00fcberhaupt. Die Tiere tragen ein leuchtendes Gelb, das sich wie kleine Sonnenpunkte durch das Laub bewegt. Diese Farbform ist deutlich kr\u00e4ftiger als die bekannte \u201eYellow\u201c-Varianten und wirkt im Terrarium fast schon tropisch. Viele Halter:innen lieben sie genau daf\u00fcr, denn \u201eHigh Yellow\u201c bringt Leben und W\u00e4rme in jedes Setup.<\/span><\/p>\n<p class=\"p1\"><span class=\"s1\">Die Art stammt urspr\u00fcnglich aus w\u00e4rmeren, eher trockenen Habitaten. Deshalb f\u00fchlt sie sich auch im Terrarium wohl, wenn man trockene und feuchtere Bereiche kombiniert. Eine stabile Struktur mit viel Waldhumus, Laub, Moos und Kork schafft ein ideales Mikroklima. Die Tiere nutzen diese Bereiche aktiv, denn sie wechseln je nach Bedarf zwischen warmen, trockenen Stellen und feuchten R\u00fcckzugsorten. So k\u00f6nnen sie ihren Wasserhaushalt gut regeln und zeigen viel Aktivit\u00e4t.<\/span><\/p>\n<p class=\"p1\"><span class=\"s1\"><strong>Porcellio ornatus \u201eHigh Yellow\u201c<\/strong> ist eine sehr mobile Art. Sie ist deutlich \u00f6fter zu sehen als viele andere Asseln, da sie tags\u00fcber und nachts unterwegs ist. Das macht sie ideal f\u00fcr alle, die gerne beobachten. Ihre Bewegungen sind schnell und elegant, w\u00e4hrend das kr\u00e4ftige Gelb zwischen dem Bodengrund sofort ins Auge f\u00e4llt. Die Tiere zeigen au\u00dferdem ein interessantes Sozialverhalten und sind meist in kleinen Gruppen unterwegs.<\/span><\/p>\n<p class=\"p1\"><span class=\"s1\">Beim Futter sind sie unkompliziert. Sie fressen abgestorbenes Laub, wei\u00dffaules Holz und verschiedene Proteinquellen. Zus\u00e4tzlich nehmen sie Gem\u00fcse und Asselfutter gerne an. Eine abwechslungsreiche Ern\u00e4hrung unterst\u00fctzt die intensive Gelbf\u00e4rbung. Das Wachstum der Kolonie verl\u00e4uft z\u00fcgig, denn Ornatus-Arten vermehren sich zuverl\u00e4ssig, wenn das Klima stimmt. Dadurch eignet sich \u201eHigh Yellow\u201c sowohl f\u00fcr erfahrene Halter als auch f\u00fcr Einsteiger, die eine stabile und farbenpr\u00e4chtige Asselart suchen.<\/span><\/p>\n<p class=\"p1\"><span class=\"s1\">Die Tiere lieben warme Temperaturen, doch extreme Hitze sollte man vermeiden. Eine gute Bel\u00fcftung ist wichtig, weil Ornatus-Arten etwas empfindlicher gegen\u00fcber Staun\u00e4sse sind. Mit einer klaren Feuchtzone, einer trockenen Zone und regelm\u00e4\u00dfigem Nachspr\u00fchen schafft man ideale Bedingungen. Die Tiere danken es mit hoher Aktivit\u00e4t, kr\u00e4ftigen Farben und einer schnellen Kolonieentwicklung.<\/span><\/p>\n<p class=\"p1\"><span class=\"s1\"><strong>Porcellio ornatus \u201eHigh Yellow\u201c<\/strong> ist damit eine echte Bereicherung f\u00fcr jedes Terrarium. Sie verbindet intensive Farben mit lebhaftem Verhalten und einfacher Haltung. Wer eine Art sucht, die sofort Aufmerksamkeit weckt und gleichzeitig robust bleibt, wird an dieser besonderen Farbform viel Freude haben.<\/span><\/p>\n","protected":false},"excerpt":{"rendered":"<p>Porcellio ornatus ist eine sehr aktive und auch zeig freudige Asselart die in keiner Sammlung fehlen darf.<\/p>\n","protected":false},"featured_media":171033,"template":"","meta":{"_acf_changed":false},"product-supplier":[],"product_brand":[],"product_cat":[627,124],"product_tag":[],"lce-checkout-addons":[1202],"class_list":{"0":"post-4474","1":"product","2":"type-product","3":"status-publish","4":"has-post-thumbnail","6":"product_cat-asseln","7":"product_cat-landasseln-porcellio","8":"product_shipping_class-animal-shipping","9":"pa_einsatz-show","10":"pa_haltung-single","11":"pa_herkunft-spanien","12":"pa_kontinent-europa","13":"lce-checkout-addons-winterverpackung","15":"first","16":"outofstock","17":"taxable","18":"shipping-taxable","19":"purchasable","20":"product-type-simple"},"acf":[],"yoast_head":"<!-- This site is optimized with the Yoast SEO plugin v27.3 - https:\/\/yoast.com\/product\/yoast-seo-wordpress\/ -->\n<title>Porcellio ornatus &quot;High Yellow&quot; - Insektenliebe<\/title>\n<meta name=\"description\" content=\"G\u00fcnstige Porcellio ornatus &quot;High Yellow&quot; online kaufen. Sie ist eine sehr aktive und auch zeig freudige Assel-Art die in keiner Sammlung fehlen sollte.\" \/>\n<meta name=\"robots\" content=\"index, follow, max-snippet:-1, max-image-preview:large, max-video-preview:-1\" \/>\n<link rel=\"canonical\" href=\"https:\/\/insektenliebe.com\/de\/shop\/produkt\/porcellio-ornatus-high-yellow\/\" \/>\n<meta property=\"og:locale\" content=\"de_DE\" \/>\n<meta property=\"og:type\" content=\"article\" \/>\n<meta property=\"og:title\" content=\"Porcellio ornatus &quot;High Yellow&quot; - Insektenliebe\" \/>\n<meta property=\"og:description\" content=\"G\u00fcnstige Porcellio ornatus &quot;High Yellow&quot; online kaufen. Sie ist eine sehr aktive und auch zeig freudige Assel-Art die in keiner Sammlung fehlen sollte.\" \/>\n<meta property=\"og:url\" content=\"https:\/\/insektenliebe.com\/de\/shop\/produkt\/porcellio-ornatus-high-yellow\/\" \/>\n<meta property=\"og:site_name\" content=\"Insektenliebe\" \/>\n<meta property=\"article:modified_time\" content=\"2026-03-26T10:02:16+00:00\" \/>\n<meta property=\"og:image\" content=\"https:\/\/insektenliebe.com\/wp-content\/uploads\/2018\/03\/Porcellio-ornatus-22High-Yellow22.jpg\" \/>\n\t<meta property=\"og:image:width\" content=\"820\" \/>\n\t<meta property=\"og:image:height\" content=\"820\" \/>\n\t<meta property=\"og:image:type\" content=\"image\/jpeg\" \/>\n<meta name=\"twitter:card\" content=\"summary_large_image\" \/>\n<meta name=\"twitter:label1\" content=\"Gesch\u00e4tzte Lesezeit\" \/>\n\t<meta name=\"twitter:data1\" content=\"3\u00a0Minuten\" \/>\n<script type=\"application\/ld+json\" class=\"yoast-schema-graph\">{\"@context\":\"https:\\\/\\\/schema.org\",\"@graph\":[{\"@type\":\"WebPage\",\"@id\":\"https:\\\/\\\/insektenliebe.com\\\/de\\\/shop\\\/produkt\\\/porcellio-ornatus-high-yellow\\\/\",\"url\":\"https:\\\/\\\/insektenliebe.com\\\/de\\\/shop\\\/produkt\\\/porcellio-ornatus-high-yellow\\\/\",\"name\":\"Porcellio ornatus \\\"High Yellow\\\" - Insektenliebe\",\"isPartOf\":{\"@id\":\"https:\\\/\\\/insektenliebe.com\\\/de\\\/#website\"},\"primaryImageOfPage\":{\"@id\":\"https:\\\/\\\/insektenliebe.com\\\/de\\\/shop\\\/produkt\\\/porcellio-ornatus-high-yellow\\\/#primaryimage\"},\"image\":{\"@id\":\"https:\\\/\\\/insektenliebe.com\\\/de\\\/shop\\\/produkt\\\/porcellio-ornatus-high-yellow\\\/#primaryimage\"},\"thumbnailUrl\":\"https:\\\/\\\/insektenliebe.com\\\/wp-content\\\/uploads\\\/2018\\\/03\\\/Porcellio-ornatus-22High-Yellow22.jpg\",\"datePublished\":\"2018-03-23T14:39:00+00:00\",\"dateModified\":\"2026-03-26T10:02:16+00:00\",\"description\":\"G\u00fcnstige Porcellio ornatus \\\"High Yellow\\\" online kaufen. Sie ist eine sehr aktive und auch zeig freudige Assel-Art die in keiner Sammlung fehlen sollte.\",\"breadcrumb\":{\"@id\":\"https:\\\/\\\/insektenliebe.com\\\/de\\\/shop\\\/produkt\\\/porcellio-ornatus-high-yellow\\\/#breadcrumb\"},\"inLanguage\":\"de\",\"potentialAction\":[{\"@type\":\"ReadAction\",\"target\":[\"https:\\\/\\\/insektenliebe.com\\\/de\\\/shop\\\/produkt\\\/porcellio-ornatus-high-yellow\\\/\"]}]},{\"@type\":\"ImageObject\",\"inLanguage\":\"de\",\"@id\":\"https:\\\/\\\/insektenliebe.com\\\/de\\\/shop\\\/produkt\\\/porcellio-ornatus-high-yellow\\\/#primaryimage\",\"url\":\"https:\\\/\\\/insektenliebe.com\\\/wp-content\\\/uploads\\\/2018\\\/03\\\/Porcellio-ornatus-22High-Yellow22.jpg\",\"contentUrl\":\"https:\\\/\\\/insektenliebe.com\\\/wp-content\\\/uploads\\\/2018\\\/03\\\/Porcellio-ornatus-22High-Yellow22.jpg\",\"width\":820,\"height\":820,\"caption\":\"Porcellio ornatus \\\"High Yellow\\\"\"},{\"@type\":\"BreadcrumbList\",\"@id\":\"https:\\\/\\\/insektenliebe.com\\\/de\\\/shop\\\/produkt\\\/porcellio-ornatus-high-yellow\\\/#breadcrumb\",\"itemListElement\":[{\"@type\":\"ListItem\",\"position\":1,\"name\":\"Startseite\",\"item\":\"https:\\\/\\\/insektenliebe.com\\\/de\\\/\"},{\"@type\":\"ListItem\",\"position\":2,\"name\":\"Shop\",\"item\":\"https:\\\/\\\/insektenliebe.com\\\/de\\\/shop\\\/\"},{\"@type\":\"ListItem\",\"position\":3,\"name\":\"Porcellio ornatus \\\"High Yellow\\\"\"}]},{\"@type\":\"WebSite\",\"@id\":\"https:\\\/\\\/insektenliebe.com\\\/de\\\/#website\",\"url\":\"https:\\\/\\\/insektenliebe.com\\\/de\\\/\",\"name\":\"Insektenliebe\",\"description\":\"Dein Zuhause f\u00fcr die kleinen Lebewesen\",\"publisher\":{\"@id\":\"https:\\\/\\\/insektenliebe.com\\\/de\\\/#organization\"},\"potentialAction\":[{\"@type\":\"SearchAction\",\"target\":{\"@type\":\"EntryPoint\",\"urlTemplate\":\"https:\\\/\\\/insektenliebe.com\\\/de\\\/?s={search_term_string}\"},\"query-input\":{\"@type\":\"PropertyValueSpecification\",\"valueRequired\":true,\"valueName\":\"search_term_string\"}}],\"inLanguage\":\"de\"},{\"@type\":\"Organization\",\"@id\":\"https:\\\/\\\/insektenliebe.com\\\/de\\\/#organization\",\"name\":\"Insektenliebe\",\"url\":\"https:\\\/\\\/insektenliebe.com\\\/de\\\/\",\"logo\":{\"@type\":\"ImageObject\",\"inLanguage\":\"de\",\"@id\":\"https:\\\/\\\/insektenliebe.com\\\/de\\\/#\\\/schema\\\/logo\\\/image\\\/\",\"url\":\"https:\\\/\\\/insektenliebe.com\\\/wp-content\\\/uploads\\\/2025\\\/03\\\/logo-white.png\",\"contentUrl\":\"https:\\\/\\\/insektenliebe.com\\\/wp-content\\\/uploads\\\/2025\\\/03\\\/logo-white.png\",\"width\":288,\"height\":188,\"caption\":\"Insektenliebe\"},\"image\":{\"@id\":\"https:\\\/\\\/insektenliebe.com\\\/de\\\/#\\\/schema\\\/logo\\\/image\\\/\"}}]}<\/script>\n<!-- \/ Yoast SEO plugin. -->","yoast_head_json":{"title":"Porcellio ornatus \"High Yellow\" - Insektenliebe","description":"G\u00fcnstige Porcellio ornatus \"High Yellow\" online kaufen. Sie ist eine sehr aktive und auch zeig freudige Assel-Art die in keiner Sammlung fehlen sollte.","robots":{"index":"index","follow":"follow","max-snippet":"max-snippet:-1","max-image-preview":"max-image-preview:large","max-video-preview":"max-video-preview:-1"},"canonical":"https:\/\/insektenliebe.com\/de\/shop\/produkt\/porcellio-ornatus-high-yellow\/","og_locale":"de_DE","og_type":"article","og_title":"Porcellio ornatus \"High Yellow\" - Insektenliebe","og_description":"G\u00fcnstige Porcellio ornatus \"High Yellow\" online kaufen. Sie ist eine sehr aktive und auch zeig freudige Assel-Art die in keiner Sammlung fehlen sollte.","og_url":"https:\/\/insektenliebe.com\/de\/shop\/produkt\/porcellio-ornatus-high-yellow\/","og_site_name":"Insektenliebe","article_modified_time":"2026-03-26T10:02:16+00:00","og_image":[{"width":820,"height":820,"url":"https:\/\/insektenliebe.com\/wp-content\/uploads\/2018\/03\/Porcellio-ornatus-22High-Yellow22.jpg","type":"image\/jpeg"}],"twitter_card":"summary_large_image","twitter_misc":{"Gesch\u00e4tzte Lesezeit":"3\u00a0Minuten"},"schema":{"@context":"https:\/\/schema.org","@graph":[{"@type":"WebPage","@id":"https:\/\/insektenliebe.com\/de\/shop\/produkt\/porcellio-ornatus-high-yellow\/","url":"https:\/\/insektenliebe.com\/de\/shop\/produkt\/porcellio-ornatus-high-yellow\/","name":"Porcellio ornatus \"High Yellow\" - Insektenliebe","isPartOf":{"@id":"https:\/\/insektenliebe.com\/de\/#website"},"primaryImageOfPage":{"@id":"https:\/\/insektenliebe.com\/de\/shop\/produkt\/porcellio-ornatus-high-yellow\/#primaryimage"},"image":{"@id":"https:\/\/insektenliebe.com\/de\/shop\/produkt\/porcellio-ornatus-high-yellow\/#primaryimage"},"thumbnailUrl":"https:\/\/insektenliebe.com\/wp-content\/uploads\/2018\/03\/Porcellio-ornatus-22High-Yellow22.jpg","datePublished":"2018-03-23T14:39:00+00:00","dateModified":"2026-03-26T10:02:16+00:00","description":"G\u00fcnstige Porcellio ornatus \"High Yellow\" online kaufen. Sie ist eine sehr aktive und auch zeig freudige Assel-Art die in keiner Sammlung fehlen sollte.","breadcrumb":{"@id":"https:\/\/insektenliebe.com\/de\/shop\/produkt\/porcellio-ornatus-high-yellow\/#breadcrumb"},"inLanguage":"de","potentialAction":[{"@type":"ReadAction","target":["https:\/\/insektenliebe.com\/de\/shop\/produkt\/porcellio-ornatus-high-yellow\/"]}]},{"@type":"ImageObject","inLanguage":"de","@id":"https:\/\/insektenliebe.com\/de\/shop\/produkt\/porcellio-ornatus-high-yellow\/#primaryimage","url":"https:\/\/insektenliebe.com\/wp-content\/uploads\/2018\/03\/Porcellio-ornatus-22High-Yellow22.jpg","contentUrl":"https:\/\/insektenliebe.com\/wp-content\/uploads\/2018\/03\/Porcellio-ornatus-22High-Yellow22.jpg","width":820,"height":820,"caption":"Porcellio ornatus \"High Yellow\""},{"@type":"BreadcrumbList","@id":"https:\/\/insektenliebe.com\/de\/shop\/produkt\/porcellio-ornatus-high-yellow\/#breadcrumb","itemListElement":[{"@type":"ListItem","position":1,"name":"Startseite","item":"https:\/\/insektenliebe.com\/de\/"},{"@type":"ListItem","position":2,"name":"Shop","item":"https:\/\/insektenliebe.com\/de\/shop\/"},{"@type":"ListItem","position":3,"name":"Porcellio ornatus \"High Yellow\""}]},{"@type":"WebSite","@id":"https:\/\/insektenliebe.com\/de\/#website","url":"https:\/\/insektenliebe.com\/de\/","name":"Insektenliebe","description":"Dein Zuhause f\u00fcr die kleinen Lebewesen","publisher":{"@id":"https:\/\/insektenliebe.com\/de\/#organization"},"potentialAction":[{"@type":"SearchAction","target":{"@type":"EntryPoint","urlTemplate":"https:\/\/insektenliebe.com\/de\/?s={search_term_string}"},"query-input":{"@type":"PropertyValueSpecification","valueRequired":true,"valueName":"search_term_string"}}],"inLanguage":"de"},{"@type":"Organization","@id":"https:\/\/insektenliebe.com\/de\/#organization","name":"Insektenliebe","url":"https:\/\/insektenliebe.com\/de\/","logo":{"@type":"ImageObject","inLanguage":"de","@id":"https:\/\/insektenliebe.com\/de\/#\/schema\/logo\/image\/","url":"https:\/\/insektenliebe.com\/wp-content\/uploads\/2025\/03\/logo-white.png","contentUrl":"https:\/\/insektenliebe.com\/wp-content\/uploads\/2025\/03\/logo-white.png","width":288,"height":188,"caption":"Insektenliebe"},"image":{"@id":"https:\/\/insektenliebe.com\/de\/#\/schema\/logo\/image\/"}}]}},"_links":{"self":[{"href":"https:\/\/insektenliebe.com\/de\/wp-json\/wp\/v2\/product\/4474","targetHints":{"allow":["GET"]}}],"collection":[{"href":"https:\/\/insektenliebe.com\/de\/wp-json\/wp\/v2\/product"}],"about":[{"href":"https:\/\/insektenliebe.com\/de\/wp-json\/wp\/v2\/types\/product"}],"wp:featuredmedia":[{"embeddable":true,"href":"https:\/\/insektenliebe.com\/de\/wp-json\/wp\/v2\/media\/171033"}],"wp:attachment":[{"href":"https:\/\/insektenliebe.com\/de\/wp-json\/wp\/v2\/media?parent=4474"}],"wp:term":[{"taxonomy":"product-supplier","embeddable":true,"href":"https:\/\/insektenliebe.com\/de\/wp-json\/wp\/v2\/product-supplier?post=4474"},{"taxonomy":"product_brand","embeddable":true,"href":"https:\/\/insektenliebe.com\/de\/wp-json\/wp\/v2\/product_brand?post=4474"},{"taxonomy":"product_cat","embeddable":true,"href":"https:\/\/insektenliebe.com\/de\/wp-json\/wp\/v2\/product_cat?post=4474"},{"taxonomy":"product_tag","embeddable":true,"href":"https:\/\/insektenliebe.com\/de\/wp-json\/wp\/v2\/product_tag?post=4474"},{"taxonomy":"lce-checkout-addons","embeddable":true,"href":"https:\/\/insektenliebe.com\/de\/wp-json\/wp\/v2\/lce-checkout-addons?post=4474"}],"curies":[{"name":"wp","href":"https:\/\/api.w.org\/{rel}","templated":true}]}}