{"id":4471,"date":"2018-03-22T12:41:57","date_gmt":"2018-03-22T12:41:57","guid":{"rendered":"http:\/\/localhost\/ins-test\/?post_type=product&#038;p=4471"},"modified":"2026-01-28T20:44:10","modified_gmt":"2026-01-28T19:44:10","slug":"porcellio-scaber-orange","status":"publish","type":"product","link":"https:\/\/insektenliebe.com\/de\/shop\/produkt\/porcellio-scaber-orange\/","title":{"rendered":"Porcellio scaber \"Orange\""},"content":{"rendered":"<h3><span class=\"s1\" style=\"color: #99cc33\">Porcellio scaber \u201cOrange\u201d \u2013 die kr\u00e4ftig gef\u00e4rbte Klassiker-Morph f\u00fcr jedes Terrarium<\/span><\/h3>\n<p class=\"p1\"><span class=\"s1\"><strong>Porcellio scaber \u201eOrange\u201c<\/strong> geh\u00f6rt zu den beliebtesten Farbformen der robusten Scaber-Asseln. Die warmen Oranget\u00f6ne machen diese Art zu einem echten Blickfang im Terrarium. Viele Halter:innen sch\u00e4tzen sie, weil sie aktiv, anpassungsf\u00e4hig und neugierig ist. Dadurch sieht man sie h\u00e4ufig auch tags\u00fcber, was sie besonders attraktiv f\u00fcr Einsteiger und f\u00fcr bioaktive Setups macht.<\/span><\/p>\n<p class=\"p1\"><span class=\"s1\">Die Haltung von \u201eOrange\u201c gestaltet sich sehr einfach. Die Tiere kommen mit wechselnden Bedingungen gut zurecht und reagieren tolerant auf kleinere Schwankungen. Ein feuchter R\u00fcckzugsbereich ist wichtig, da die Asseln dort Wasser aufnehmen und H\u00e4utungen durchf\u00fchren. Gleichzeitig sollte ein trockener Bereich vorhanden sein, denn so k\u00f6nnen sie selbst w\u00e4hlen, was sie gerade brauchen. Diese Struktur unterst\u00fctzt ein gesundes Verhalten und f\u00f6rdert stabile Kolonien.<\/span><\/p>\n<p class=\"p1\"><span class=\"s1\">Als Futter nehmen sie praktisch alles an, was man in einem Asselterrarium anbieten kann. Laub, Moos, etwas Holz und ein hochwertiges Proteinangebot bilden die Grundlage. Gem\u00fcse oder Fischfutter k\u00f6nnen gelegentlich erg\u00e4nzend gereicht werden. Ihre Aktivit\u00e4t ist hoch, weshalb sie organisches Material schnell zersetzen und damit eine wichtige Rolle im Bioaktiv-System \u00fcbernehmen.<\/span><\/p>\n<p class=\"p1\"><span class=\"s1\">\u201eOrange\u201c zeigt ein sch\u00f6nes Koloniewachstum und vermehrt sich regelm\u00e4\u00dfig. Die Jungtiere haben anfangs eine hellere F\u00e4rbung, die sich mit zunehmendem Alter intensiviert. Da die Tiere w\u00fcchsig und lebhaft sind, eignen sie sich gut f\u00fcr nat\u00fcrliche Terrarien mit Reptilien, Spinnen oder Tausendf\u00fc\u00dfern. Gleichzeitig sind sie robust genug, um auch von Anf\u00e4ngern problemlos gepflegt zu werden.<\/span><\/p>\n<p class=\"p1\"><span class=\"s1\">Wer eine dekorative, stabile und flei\u00dfige Asselart sucht, findet in <strong>Porcellio scaber \u201eOrange\u201c<\/strong> eine wunderbare Wahl. Ihre Farbe sorgt f\u00fcr Abwechslung im Bodengrund, und ihr Verhalten macht sie zu einer spannenden Art f\u00fcr jedes Terrarium \u2013 egal ob gro\u00df oder klein.<\/span><\/p>\n","protected":false},"excerpt":{"rendered":"<p>Porcellio scaber \"orange\" ist die orangene Farbmutation der Kellerassel.<\/p>\n","protected":false},"featured_media":171024,"template":"","meta":{"_acf_changed":false},"product-supplier":[],"product_brand":[],"product_cat":[627,124],"product_tag":[],"lce-checkout-addons":[1202],"class_list":{"0":"post-4471","1":"product","2":"type-product","3":"status-publish","4":"has-post-thumbnail","6":"product_cat-asseln","7":"product_cat-landasseln-porcellio","8":"product_shipping_class-animal-shipping","9":"pa_einsatz-show","10":"pa_haltung-single","11":"pa_herkunft-kosmopolitisch","12":"pa_kontinent-afrika","13":"pa_kontinent-asien","14":"pa_kontinent-australien","15":"pa_kontinent-europa","16":"pa_kontinent-nordamerika","17":"pa_kontinent-suedamerika","18":"lce-checkout-addons-winterverpackung","20":"first","21":"outofstock","22":"taxable","23":"shipping-taxable","24":"purchasable","25":"product-type-simple"},"acf":[],"yoast_head":"<!-- This site is optimized with the Yoast SEO plugin v27.3 - https:\/\/yoast.com\/product\/yoast-seo-wordpress\/ -->\n<title>Porcellio scaber &quot;Orange&quot; - Insektenliebe<\/title>\n<meta name=\"description\" content=\"G\u00fcnstige Porcellio scaber &quot;Orange&quot; online kaufen. Eine auff\u00e4llige Farbmutation der normalen Kellerassel. Direkt beim Z\u00fcchter kaufen!\" \/>\n<meta name=\"robots\" content=\"index, follow, max-snippet:-1, max-image-preview:large, max-video-preview:-1\" \/>\n<link rel=\"canonical\" href=\"https:\/\/insektenliebe.com\/de\/shop\/produkt\/porcellio-scaber-orange\/\" \/>\n<meta property=\"og:locale\" content=\"de_DE\" \/>\n<meta property=\"og:type\" content=\"article\" \/>\n<meta property=\"og:title\" content=\"Porcellio scaber &quot;Orange&quot; - Insektenliebe\" \/>\n<meta property=\"og:description\" content=\"G\u00fcnstige Porcellio scaber &quot;Orange&quot; online kaufen. Eine auff\u00e4llige Farbmutation der normalen Kellerassel. Direkt beim Z\u00fcchter kaufen!\" \/>\n<meta property=\"og:url\" content=\"https:\/\/insektenliebe.com\/de\/shop\/produkt\/porcellio-scaber-orange\/\" \/>\n<meta property=\"og:site_name\" content=\"Insektenliebe\" \/>\n<meta property=\"article:modified_time\" content=\"2026-01-28T19:44:10+00:00\" \/>\n<meta property=\"og:image\" content=\"https:\/\/insektenliebe.com\/wp-content\/uploads\/2018\/03\/Porcellio-scaber-22Orange22.jpg\" \/>\n\t<meta property=\"og:image:width\" content=\"820\" \/>\n\t<meta property=\"og:image:height\" content=\"820\" \/>\n\t<meta property=\"og:image:type\" content=\"image\/jpeg\" \/>\n<meta name=\"twitter:card\" content=\"summary_large_image\" \/>\n<meta name=\"twitter:label1\" content=\"Gesch\u00e4tzte Lesezeit\" \/>\n\t<meta name=\"twitter:data1\" content=\"2\u00a0Minuten\" \/>\n<script type=\"application\/ld+json\" class=\"yoast-schema-graph\">{\"@context\":\"https:\\\/\\\/schema.org\",\"@graph\":[{\"@type\":\"WebPage\",\"@id\":\"https:\\\/\\\/insektenliebe.com\\\/de\\\/shop\\\/produkt\\\/porcellio-scaber-orange\\\/\",\"url\":\"https:\\\/\\\/insektenliebe.com\\\/de\\\/shop\\\/produkt\\\/porcellio-scaber-orange\\\/\",\"name\":\"Porcellio scaber \\\"Orange\\\" - Insektenliebe\",\"isPartOf\":{\"@id\":\"https:\\\/\\\/insektenliebe.com\\\/de\\\/#website\"},\"primaryImageOfPage\":{\"@id\":\"https:\\\/\\\/insektenliebe.com\\\/de\\\/shop\\\/produkt\\\/porcellio-scaber-orange\\\/#primaryimage\"},\"image\":{\"@id\":\"https:\\\/\\\/insektenliebe.com\\\/de\\\/shop\\\/produkt\\\/porcellio-scaber-orange\\\/#primaryimage\"},\"thumbnailUrl\":\"https:\\\/\\\/insektenliebe.com\\\/wp-content\\\/uploads\\\/2018\\\/03\\\/Porcellio-scaber-22Orange22.jpg\",\"datePublished\":\"2018-03-22T12:41:57+00:00\",\"dateModified\":\"2026-01-28T19:44:10+00:00\",\"description\":\"G\u00fcnstige Porcellio scaber \\\"Orange\\\" online kaufen. Eine auff\u00e4llige Farbmutation der normalen Kellerassel. Direkt beim Z\u00fcchter kaufen!\",\"breadcrumb\":{\"@id\":\"https:\\\/\\\/insektenliebe.com\\\/de\\\/shop\\\/produkt\\\/porcellio-scaber-orange\\\/#breadcrumb\"},\"inLanguage\":\"de\",\"potentialAction\":[{\"@type\":\"ReadAction\",\"target\":[\"https:\\\/\\\/insektenliebe.com\\\/de\\\/shop\\\/produkt\\\/porcellio-scaber-orange\\\/\"]}]},{\"@type\":\"ImageObject\",\"inLanguage\":\"de\",\"@id\":\"https:\\\/\\\/insektenliebe.com\\\/de\\\/shop\\\/produkt\\\/porcellio-scaber-orange\\\/#primaryimage\",\"url\":\"https:\\\/\\\/insektenliebe.com\\\/wp-content\\\/uploads\\\/2018\\\/03\\\/Porcellio-scaber-22Orange22.jpg\",\"contentUrl\":\"https:\\\/\\\/insektenliebe.com\\\/wp-content\\\/uploads\\\/2018\\\/03\\\/Porcellio-scaber-22Orange22.jpg\",\"width\":820,\"height\":820,\"caption\":\"Porcellio scaber \\\"Orange\\\"\"},{\"@type\":\"BreadcrumbList\",\"@id\":\"https:\\\/\\\/insektenliebe.com\\\/de\\\/shop\\\/produkt\\\/porcellio-scaber-orange\\\/#breadcrumb\",\"itemListElement\":[{\"@type\":\"ListItem\",\"position\":1,\"name\":\"Startseite\",\"item\":\"https:\\\/\\\/insektenliebe.com\\\/de\\\/\"},{\"@type\":\"ListItem\",\"position\":2,\"name\":\"Shop\",\"item\":\"https:\\\/\\\/insektenliebe.com\\\/de\\\/shop\\\/\"},{\"@type\":\"ListItem\",\"position\":3,\"name\":\"Porcellio scaber &#8222;Orange&#8220;\"}]},{\"@type\":\"WebSite\",\"@id\":\"https:\\\/\\\/insektenliebe.com\\\/de\\\/#website\",\"url\":\"https:\\\/\\\/insektenliebe.com\\\/de\\\/\",\"name\":\"Insektenliebe\",\"description\":\"Dein Zuhause f\u00fcr die kleinen Lebewesen\",\"publisher\":{\"@id\":\"https:\\\/\\\/insektenliebe.com\\\/de\\\/#organization\"},\"potentialAction\":[{\"@type\":\"SearchAction\",\"target\":{\"@type\":\"EntryPoint\",\"urlTemplate\":\"https:\\\/\\\/insektenliebe.com\\\/de\\\/?s={search_term_string}\"},\"query-input\":{\"@type\":\"PropertyValueSpecification\",\"valueRequired\":true,\"valueName\":\"search_term_string\"}}],\"inLanguage\":\"de\"},{\"@type\":\"Organization\",\"@id\":\"https:\\\/\\\/insektenliebe.com\\\/de\\\/#organization\",\"name\":\"Insektenliebe\",\"url\":\"https:\\\/\\\/insektenliebe.com\\\/de\\\/\",\"logo\":{\"@type\":\"ImageObject\",\"inLanguage\":\"de\",\"@id\":\"https:\\\/\\\/insektenliebe.com\\\/de\\\/#\\\/schema\\\/logo\\\/image\\\/\",\"url\":\"https:\\\/\\\/insektenliebe.com\\\/wp-content\\\/uploads\\\/2025\\\/03\\\/logo-white.png\",\"contentUrl\":\"https:\\\/\\\/insektenliebe.com\\\/wp-content\\\/uploads\\\/2025\\\/03\\\/logo-white.png\",\"width\":288,\"height\":188,\"caption\":\"Insektenliebe\"},\"image\":{\"@id\":\"https:\\\/\\\/insektenliebe.com\\\/de\\\/#\\\/schema\\\/logo\\\/image\\\/\"}}]}<\/script>\n<!-- \/ Yoast SEO plugin. -->","yoast_head_json":{"title":"Porcellio scaber \"Orange\" - Insektenliebe","description":"G\u00fcnstige Porcellio scaber \"Orange\" online kaufen. Eine auff\u00e4llige Farbmutation der normalen Kellerassel. Direkt beim Z\u00fcchter kaufen!","robots":{"index":"index","follow":"follow","max-snippet":"max-snippet:-1","max-image-preview":"max-image-preview:large","max-video-preview":"max-video-preview:-1"},"canonical":"https:\/\/insektenliebe.com\/de\/shop\/produkt\/porcellio-scaber-orange\/","og_locale":"de_DE","og_type":"article","og_title":"Porcellio scaber \"Orange\" - Insektenliebe","og_description":"G\u00fcnstige Porcellio scaber \"Orange\" online kaufen. Eine auff\u00e4llige Farbmutation der normalen Kellerassel. Direkt beim Z\u00fcchter kaufen!","og_url":"https:\/\/insektenliebe.com\/de\/shop\/produkt\/porcellio-scaber-orange\/","og_site_name":"Insektenliebe","article_modified_time":"2026-01-28T19:44:10+00:00","og_image":[{"width":820,"height":820,"url":"https:\/\/insektenliebe.com\/wp-content\/uploads\/2018\/03\/Porcellio-scaber-22Orange22.jpg","type":"image\/jpeg"}],"twitter_card":"summary_large_image","twitter_misc":{"Gesch\u00e4tzte Lesezeit":"2\u00a0Minuten"},"schema":{"@context":"https:\/\/schema.org","@graph":[{"@type":"WebPage","@id":"https:\/\/insektenliebe.com\/de\/shop\/produkt\/porcellio-scaber-orange\/","url":"https:\/\/insektenliebe.com\/de\/shop\/produkt\/porcellio-scaber-orange\/","name":"Porcellio scaber \"Orange\" - Insektenliebe","isPartOf":{"@id":"https:\/\/insektenliebe.com\/de\/#website"},"primaryImageOfPage":{"@id":"https:\/\/insektenliebe.com\/de\/shop\/produkt\/porcellio-scaber-orange\/#primaryimage"},"image":{"@id":"https:\/\/insektenliebe.com\/de\/shop\/produkt\/porcellio-scaber-orange\/#primaryimage"},"thumbnailUrl":"https:\/\/insektenliebe.com\/wp-content\/uploads\/2018\/03\/Porcellio-scaber-22Orange22.jpg","datePublished":"2018-03-22T12:41:57+00:00","dateModified":"2026-01-28T19:44:10+00:00","description":"G\u00fcnstige Porcellio scaber \"Orange\" online kaufen. Eine auff\u00e4llige Farbmutation der normalen Kellerassel. Direkt beim Z\u00fcchter kaufen!","breadcrumb":{"@id":"https:\/\/insektenliebe.com\/de\/shop\/produkt\/porcellio-scaber-orange\/#breadcrumb"},"inLanguage":"de","potentialAction":[{"@type":"ReadAction","target":["https:\/\/insektenliebe.com\/de\/shop\/produkt\/porcellio-scaber-orange\/"]}]},{"@type":"ImageObject","inLanguage":"de","@id":"https:\/\/insektenliebe.com\/de\/shop\/produkt\/porcellio-scaber-orange\/#primaryimage","url":"https:\/\/insektenliebe.com\/wp-content\/uploads\/2018\/03\/Porcellio-scaber-22Orange22.jpg","contentUrl":"https:\/\/insektenliebe.com\/wp-content\/uploads\/2018\/03\/Porcellio-scaber-22Orange22.jpg","width":820,"height":820,"caption":"Porcellio scaber \"Orange\""},{"@type":"BreadcrumbList","@id":"https:\/\/insektenliebe.com\/de\/shop\/produkt\/porcellio-scaber-orange\/#breadcrumb","itemListElement":[{"@type":"ListItem","position":1,"name":"Startseite","item":"https:\/\/insektenliebe.com\/de\/"},{"@type":"ListItem","position":2,"name":"Shop","item":"https:\/\/insektenliebe.com\/de\/shop\/"},{"@type":"ListItem","position":3,"name":"Porcellio scaber &#8222;Orange&#8220;"}]},{"@type":"WebSite","@id":"https:\/\/insektenliebe.com\/de\/#website","url":"https:\/\/insektenliebe.com\/de\/","name":"Insektenliebe","description":"Dein Zuhause f\u00fcr die kleinen Lebewesen","publisher":{"@id":"https:\/\/insektenliebe.com\/de\/#organization"},"potentialAction":[{"@type":"SearchAction","target":{"@type":"EntryPoint","urlTemplate":"https:\/\/insektenliebe.com\/de\/?s={search_term_string}"},"query-input":{"@type":"PropertyValueSpecification","valueRequired":true,"valueName":"search_term_string"}}],"inLanguage":"de"},{"@type":"Organization","@id":"https:\/\/insektenliebe.com\/de\/#organization","name":"Insektenliebe","url":"https:\/\/insektenliebe.com\/de\/","logo":{"@type":"ImageObject","inLanguage":"de","@id":"https:\/\/insektenliebe.com\/de\/#\/schema\/logo\/image\/","url":"https:\/\/insektenliebe.com\/wp-content\/uploads\/2025\/03\/logo-white.png","contentUrl":"https:\/\/insektenliebe.com\/wp-content\/uploads\/2025\/03\/logo-white.png","width":288,"height":188,"caption":"Insektenliebe"},"image":{"@id":"https:\/\/insektenliebe.com\/de\/#\/schema\/logo\/image\/"}}]}},"_links":{"self":[{"href":"https:\/\/insektenliebe.com\/de\/wp-json\/wp\/v2\/product\/4471","targetHints":{"allow":["GET"]}}],"collection":[{"href":"https:\/\/insektenliebe.com\/de\/wp-json\/wp\/v2\/product"}],"about":[{"href":"https:\/\/insektenliebe.com\/de\/wp-json\/wp\/v2\/types\/product"}],"wp:featuredmedia":[{"embeddable":true,"href":"https:\/\/insektenliebe.com\/de\/wp-json\/wp\/v2\/media\/171024"}],"wp:attachment":[{"href":"https:\/\/insektenliebe.com\/de\/wp-json\/wp\/v2\/media?parent=4471"}],"wp:term":[{"taxonomy":"product-supplier","embeddable":true,"href":"https:\/\/insektenliebe.com\/de\/wp-json\/wp\/v2\/product-supplier?post=4471"},{"taxonomy":"product_brand","embeddable":true,"href":"https:\/\/insektenliebe.com\/de\/wp-json\/wp\/v2\/product_brand?post=4471"},{"taxonomy":"product_cat","embeddable":true,"href":"https:\/\/insektenliebe.com\/de\/wp-json\/wp\/v2\/product_cat?post=4471"},{"taxonomy":"product_tag","embeddable":true,"href":"https:\/\/insektenliebe.com\/de\/wp-json\/wp\/v2\/product_tag?post=4471"},{"taxonomy":"lce-checkout-addons","embeddable":true,"href":"https:\/\/insektenliebe.com\/de\/wp-json\/wp\/v2\/lce-checkout-addons?post=4471"}],"curies":[{"name":"wp","href":"https:\/\/api.w.org\/{rel}","templated":true}]}}