{"id":4463,"date":"2018-03-22T15:53:00","date_gmt":"2018-03-22T14:53:00","guid":{"rendered":"http:\/\/localhost\/ins-test\/?post_type=product&#038;p=4463"},"modified":"2026-01-28T20:54:51","modified_gmt":"2026-01-28T19:54:51","slug":"armadillidium-klugii-montenegro","status":"publish","type":"product","link":"https:\/\/insektenliebe.com\/de\/shop\/produkt\/armadillidium-klugii-montenegro\/","title":{"rendered":"Armadillidium klugii \"Montenegro\""},"content":{"rendered":"<h3><span style=\"color: #99cc33\">Kurzbeschreibung:<\/span><\/h3>\n<p>Die Art lebt sehr gesellig und kann mit ausreichend Versteckm\u00f6glichkeiten auch recht dicht besetzt werden. Die Nachzucht dieser Art ist einfach und gelingt regelm\u00e4\u00dfig auch Anf\u00e4ngern. Sie besticht besonders durch ihre sch\u00f6ne F\u00e4rbung. Die Entwicklungszeit dieser Asselart betr\u00e4gt in etwa 7 Monate.<\/p>\n<p class=\"font_8\">Armadillidium klugii \u201eMontenegro\u201c besitzt einen lila-grau gef\u00e4rbten Chitinpanzer, welcher orange umrandet ist. Auf diesem Panzer befinden sich in drei parallele Reihen wei\u00dfe Punkte. Die Antennen, sowie die Beine und nahezu die gesamte Unterseite dieser Rollassel ist grau gef\u00e4rbt.<\/p>\n<p>Die Haltung einer Gruppe Armadillidium klugii \u201eMontenegro\u201c ist bereits in Beh\u00e4ltern ab einem Fassungsverm\u00f6gen von 5l m\u00f6glich. Wichtig zu wissen ist hierbei, dass sich diese Asselart nicht weiter vermehrt, wenn das Platzangebot nicht ausreichend ist. Allerdings kann man ein wenig tricksen und durch reichlich Versteckm\u00f6glichkeiten die \u201eBev\u00f6lkerungsdichte\u201c erh\u00f6hen.<\/p>\n<p>Als Bodengrund eignet sich eine Mischung aus Erde, Laub, wei\u00dffaulem Holz und Kalk. Auf dieser Schicht Substrat sollte man Moose, Rindenst\u00fccke und Laub verteilen. Zum einen dienen diese Dinge als Unterschlupf, zum anderen als Futter und zum Halten der Feuchtigkeit im Becken. Im Gegensatz zu anderen Rollasseln k\u00f6nnen die Armadillidium klugii \u201eMontenegro\u201c etwas trockener gehalten werden. Eine Luftfeuchtigkeit von etwa 60% reicht den Tieren aus. Wichtig ist in diesem Zusammenhang nur darauf zu achten, dass das Substrat nicht austrocknet.<\/p>\n<p>Die Temperatur im Becken sollte zwischen 22 und 24\u00b0C betragen. Die Tiere ben\u00f6tigen f\u00fcr den Aufbau ihres Panzers Kalk, welcher in Form von Sepia, zerriebenen Eierschalen oder \u00e4hnlichem gereicht werden kann. Als Futter dient das wei\u00dffaule Holz, sowie das im Substrat befindliche Laub. Zus\u00e4tzlich dazu kann Gem\u00fcse, Obst, Bl\u00fcten und Asselfutter gereicht werden. Asseln verschiedener Arten lassen sich super mit Tausendf\u00fc\u00dfern vergesellschaften. Auch in Reptilienterrarium werden die kleinen Aufr\u00e4umer mittlerweile immer \u00f6fter eingesetzt. Armadillidium klugii \u201eMontenegro\u201c sind d\u00e4mmerungs- und nachtaktiv und halten sich am Tage meist versteckt.<\/p>\n<div><\/div>\n","protected":false},"excerpt":{"rendered":"<p>Kurzbeschreibung: Die Art lebt sehr gesellig und kann mit ausreichend Versteckm\u00f6glichkeiten auch recht dicht besetzt werden. Die Nachzucht dieser Art ist einfach und gelingt regelm\u00e4\u00dfig auch Anf\u00e4ngern. Sie besticht besonders durch ihre sch\u00f6ne F\u00e4rbung. Die Entwicklungszeit dieser Asselart betr\u00e4gt in etwa 7 Monate. Armadillidium klugii \u201eMontenegro\u201c besitzt einen lila-grau gef\u00e4rbten Chitinpanzer, welcher orange umrandet ist. [&hellip;]<\/p>\n","protected":false},"featured_media":4494,"template":"","meta":{"_acf_changed":false},"product-supplier":[],"product_brand":[],"product_cat":[627,126],"product_tag":[],"lce-checkout-addons":[1202],"class_list":{"0":"post-4463","1":"product","2":"type-product","3":"status-publish","4":"has-post-thumbnail","6":"product_cat-asseln","7":"product_cat-rollasseln-armadillidium","8":"product_shipping_class-animal-shipping","9":"pa_herkunft-montenegro","10":"pa_kontinent-europa","11":"lce-checkout-addons-winterverpackung","13":"first","14":"outofstock","15":"taxable","16":"shipping-taxable","17":"purchasable","18":"product-type-simple"},"acf":[],"yoast_head":"<!-- This site is optimized with the Yoast SEO plugin v27.3 - https:\/\/yoast.com\/product\/yoast-seo-wordpress\/ -->\n<title>Armadillidium klugii &quot;Montenegro&quot; - Insektenliebe<\/title>\n<meta name=\"description\" content=\"G\u00fcnstige Armadillidium klugii &quot;Montenegro&quot; online kaufen. Eine tolle Art f\u00fcr jeden Neueinsteiger. Direkt vom Z\u00fcchter kaufen!\" \/>\n<meta name=\"robots\" content=\"index, follow, max-snippet:-1, max-image-preview:large, max-video-preview:-1\" \/>\n<link rel=\"canonical\" href=\"https:\/\/insektenliebe.com\/de\/shop\/produkt\/armadillidium-klugii-montenegro\/\" \/>\n<meta property=\"og:locale\" content=\"de_DE\" \/>\n<meta property=\"og:type\" content=\"article\" \/>\n<meta property=\"og:title\" content=\"Armadillidium klugii &quot;Montenegro&quot; - Insektenliebe\" \/>\n<meta property=\"og:description\" content=\"G\u00fcnstige Armadillidium klugii &quot;Montenegro&quot; online kaufen. Eine tolle Art f\u00fcr jeden Neueinsteiger. Direkt vom Z\u00fcchter kaufen!\" \/>\n<meta property=\"og:url\" content=\"https:\/\/insektenliebe.com\/de\/shop\/produkt\/armadillidium-klugii-montenegro\/\" \/>\n<meta property=\"og:site_name\" content=\"Insektenliebe\" \/>\n<meta property=\"article:modified_time\" content=\"2026-01-28T19:54:51+00:00\" \/>\n<meta property=\"og:image\" content=\"https:\/\/insektenliebe.com\/wp-content\/uploads\/2025\/05\/Armadillidium-klugii-_Montenegro_-2.jpg\" \/>\n\t<meta property=\"og:image:width\" content=\"820\" \/>\n\t<meta property=\"og:image:height\" content=\"820\" \/>\n\t<meta property=\"og:image:type\" content=\"image\/jpeg\" \/>\n<meta name=\"twitter:card\" content=\"summary_large_image\" \/>\n<meta name=\"twitter:label1\" content=\"Gesch\u00e4tzte Lesezeit\" \/>\n\t<meta name=\"twitter:data1\" content=\"2\u00a0Minuten\" \/>\n<script type=\"application\/ld+json\" class=\"yoast-schema-graph\">{\"@context\":\"https:\\\/\\\/schema.org\",\"@graph\":[{\"@type\":\"WebPage\",\"@id\":\"https:\\\/\\\/insektenliebe.com\\\/de\\\/shop\\\/produkt\\\/armadillidium-klugii-montenegro\\\/\",\"url\":\"https:\\\/\\\/insektenliebe.com\\\/de\\\/shop\\\/produkt\\\/armadillidium-klugii-montenegro\\\/\",\"name\":\"Armadillidium klugii \\\"Montenegro\\\" - Insektenliebe\",\"isPartOf\":{\"@id\":\"https:\\\/\\\/insektenliebe.com\\\/de\\\/#website\"},\"primaryImageOfPage\":{\"@id\":\"https:\\\/\\\/insektenliebe.com\\\/de\\\/shop\\\/produkt\\\/armadillidium-klugii-montenegro\\\/#primaryimage\"},\"image\":{\"@id\":\"https:\\\/\\\/insektenliebe.com\\\/de\\\/shop\\\/produkt\\\/armadillidium-klugii-montenegro\\\/#primaryimage\"},\"thumbnailUrl\":\"https:\\\/\\\/insektenliebe.com\\\/wp-content\\\/uploads\\\/2025\\\/05\\\/Armadillidium-klugii-_Montenegro_-2.jpg\",\"datePublished\":\"2018-03-22T14:53:00+00:00\",\"dateModified\":\"2026-01-28T19:54:51+00:00\",\"description\":\"G\u00fcnstige Armadillidium klugii \\\"Montenegro\\\" online kaufen. Eine tolle Art f\u00fcr jeden Neueinsteiger. Direkt vom Z\u00fcchter kaufen!\",\"breadcrumb\":{\"@id\":\"https:\\\/\\\/insektenliebe.com\\\/de\\\/shop\\\/produkt\\\/armadillidium-klugii-montenegro\\\/#breadcrumb\"},\"inLanguage\":\"de\",\"potentialAction\":[{\"@type\":\"ReadAction\",\"target\":[\"https:\\\/\\\/insektenliebe.com\\\/de\\\/shop\\\/produkt\\\/armadillidium-klugii-montenegro\\\/\"]}]},{\"@type\":\"ImageObject\",\"inLanguage\":\"de\",\"@id\":\"https:\\\/\\\/insektenliebe.com\\\/de\\\/shop\\\/produkt\\\/armadillidium-klugii-montenegro\\\/#primaryimage\",\"url\":\"https:\\\/\\\/insektenliebe.com\\\/wp-content\\\/uploads\\\/2025\\\/05\\\/Armadillidium-klugii-_Montenegro_-2.jpg\",\"contentUrl\":\"https:\\\/\\\/insektenliebe.com\\\/wp-content\\\/uploads\\\/2025\\\/05\\\/Armadillidium-klugii-_Montenegro_-2.jpg\",\"width\":820,\"height\":820,\"caption\":\"Armadillidium-klugii-_Montenegro_-2.jpg\"},{\"@type\":\"BreadcrumbList\",\"@id\":\"https:\\\/\\\/insektenliebe.com\\\/de\\\/shop\\\/produkt\\\/armadillidium-klugii-montenegro\\\/#breadcrumb\",\"itemListElement\":[{\"@type\":\"ListItem\",\"position\":1,\"name\":\"Startseite\",\"item\":\"https:\\\/\\\/insektenliebe.com\\\/de\\\/\"},{\"@type\":\"ListItem\",\"position\":2,\"name\":\"Shop\",\"item\":\"https:\\\/\\\/insektenliebe.com\\\/de\\\/shop\\\/\"},{\"@type\":\"ListItem\",\"position\":3,\"name\":\"Armadillidium klugii &#8222;Montenegro&#8220;\"}]},{\"@type\":\"WebSite\",\"@id\":\"https:\\\/\\\/insektenliebe.com\\\/de\\\/#website\",\"url\":\"https:\\\/\\\/insektenliebe.com\\\/de\\\/\",\"name\":\"Insektenliebe\",\"description\":\"Dein Zuhause f\u00fcr die kleinen Lebewesen\",\"publisher\":{\"@id\":\"https:\\\/\\\/insektenliebe.com\\\/de\\\/#organization\"},\"potentialAction\":[{\"@type\":\"SearchAction\",\"target\":{\"@type\":\"EntryPoint\",\"urlTemplate\":\"https:\\\/\\\/insektenliebe.com\\\/de\\\/?s={search_term_string}\"},\"query-input\":{\"@type\":\"PropertyValueSpecification\",\"valueRequired\":true,\"valueName\":\"search_term_string\"}}],\"inLanguage\":\"de\"},{\"@type\":\"Organization\",\"@id\":\"https:\\\/\\\/insektenliebe.com\\\/de\\\/#organization\",\"name\":\"Insektenliebe\",\"url\":\"https:\\\/\\\/insektenliebe.com\\\/de\\\/\",\"logo\":{\"@type\":\"ImageObject\",\"inLanguage\":\"de\",\"@id\":\"https:\\\/\\\/insektenliebe.com\\\/de\\\/#\\\/schema\\\/logo\\\/image\\\/\",\"url\":\"https:\\\/\\\/insektenliebe.com\\\/wp-content\\\/uploads\\\/2025\\\/03\\\/logo-white.png\",\"contentUrl\":\"https:\\\/\\\/insektenliebe.com\\\/wp-content\\\/uploads\\\/2025\\\/03\\\/logo-white.png\",\"width\":288,\"height\":188,\"caption\":\"Insektenliebe\"},\"image\":{\"@id\":\"https:\\\/\\\/insektenliebe.com\\\/de\\\/#\\\/schema\\\/logo\\\/image\\\/\"}}]}<\/script>\n<!-- \/ Yoast SEO plugin. -->","yoast_head_json":{"title":"Armadillidium klugii \"Montenegro\" - Insektenliebe","description":"G\u00fcnstige Armadillidium klugii \"Montenegro\" online kaufen. Eine tolle Art f\u00fcr jeden Neueinsteiger. Direkt vom Z\u00fcchter kaufen!","robots":{"index":"index","follow":"follow","max-snippet":"max-snippet:-1","max-image-preview":"max-image-preview:large","max-video-preview":"max-video-preview:-1"},"canonical":"https:\/\/insektenliebe.com\/de\/shop\/produkt\/armadillidium-klugii-montenegro\/","og_locale":"de_DE","og_type":"article","og_title":"Armadillidium klugii \"Montenegro\" - Insektenliebe","og_description":"G\u00fcnstige Armadillidium klugii \"Montenegro\" online kaufen. Eine tolle Art f\u00fcr jeden Neueinsteiger. Direkt vom Z\u00fcchter kaufen!","og_url":"https:\/\/insektenliebe.com\/de\/shop\/produkt\/armadillidium-klugii-montenegro\/","og_site_name":"Insektenliebe","article_modified_time":"2026-01-28T19:54:51+00:00","og_image":[{"width":820,"height":820,"url":"https:\/\/insektenliebe.com\/wp-content\/uploads\/2025\/05\/Armadillidium-klugii-_Montenegro_-2.jpg","type":"image\/jpeg"}],"twitter_card":"summary_large_image","twitter_misc":{"Gesch\u00e4tzte Lesezeit":"2\u00a0Minuten"},"schema":{"@context":"https:\/\/schema.org","@graph":[{"@type":"WebPage","@id":"https:\/\/insektenliebe.com\/de\/shop\/produkt\/armadillidium-klugii-montenegro\/","url":"https:\/\/insektenliebe.com\/de\/shop\/produkt\/armadillidium-klugii-montenegro\/","name":"Armadillidium klugii \"Montenegro\" - Insektenliebe","isPartOf":{"@id":"https:\/\/insektenliebe.com\/de\/#website"},"primaryImageOfPage":{"@id":"https:\/\/insektenliebe.com\/de\/shop\/produkt\/armadillidium-klugii-montenegro\/#primaryimage"},"image":{"@id":"https:\/\/insektenliebe.com\/de\/shop\/produkt\/armadillidium-klugii-montenegro\/#primaryimage"},"thumbnailUrl":"https:\/\/insektenliebe.com\/wp-content\/uploads\/2025\/05\/Armadillidium-klugii-_Montenegro_-2.jpg","datePublished":"2018-03-22T14:53:00+00:00","dateModified":"2026-01-28T19:54:51+00:00","description":"G\u00fcnstige Armadillidium klugii \"Montenegro\" online kaufen. Eine tolle Art f\u00fcr jeden Neueinsteiger. Direkt vom Z\u00fcchter kaufen!","breadcrumb":{"@id":"https:\/\/insektenliebe.com\/de\/shop\/produkt\/armadillidium-klugii-montenegro\/#breadcrumb"},"inLanguage":"de","potentialAction":[{"@type":"ReadAction","target":["https:\/\/insektenliebe.com\/de\/shop\/produkt\/armadillidium-klugii-montenegro\/"]}]},{"@type":"ImageObject","inLanguage":"de","@id":"https:\/\/insektenliebe.com\/de\/shop\/produkt\/armadillidium-klugii-montenegro\/#primaryimage","url":"https:\/\/insektenliebe.com\/wp-content\/uploads\/2025\/05\/Armadillidium-klugii-_Montenegro_-2.jpg","contentUrl":"https:\/\/insektenliebe.com\/wp-content\/uploads\/2025\/05\/Armadillidium-klugii-_Montenegro_-2.jpg","width":820,"height":820,"caption":"Armadillidium-klugii-_Montenegro_-2.jpg"},{"@type":"BreadcrumbList","@id":"https:\/\/insektenliebe.com\/de\/shop\/produkt\/armadillidium-klugii-montenegro\/#breadcrumb","itemListElement":[{"@type":"ListItem","position":1,"name":"Startseite","item":"https:\/\/insektenliebe.com\/de\/"},{"@type":"ListItem","position":2,"name":"Shop","item":"https:\/\/insektenliebe.com\/de\/shop\/"},{"@type":"ListItem","position":3,"name":"Armadillidium klugii &#8222;Montenegro&#8220;"}]},{"@type":"WebSite","@id":"https:\/\/insektenliebe.com\/de\/#website","url":"https:\/\/insektenliebe.com\/de\/","name":"Insektenliebe","description":"Dein Zuhause f\u00fcr die kleinen Lebewesen","publisher":{"@id":"https:\/\/insektenliebe.com\/de\/#organization"},"potentialAction":[{"@type":"SearchAction","target":{"@type":"EntryPoint","urlTemplate":"https:\/\/insektenliebe.com\/de\/?s={search_term_string}"},"query-input":{"@type":"PropertyValueSpecification","valueRequired":true,"valueName":"search_term_string"}}],"inLanguage":"de"},{"@type":"Organization","@id":"https:\/\/insektenliebe.com\/de\/#organization","name":"Insektenliebe","url":"https:\/\/insektenliebe.com\/de\/","logo":{"@type":"ImageObject","inLanguage":"de","@id":"https:\/\/insektenliebe.com\/de\/#\/schema\/logo\/image\/","url":"https:\/\/insektenliebe.com\/wp-content\/uploads\/2025\/03\/logo-white.png","contentUrl":"https:\/\/insektenliebe.com\/wp-content\/uploads\/2025\/03\/logo-white.png","width":288,"height":188,"caption":"Insektenliebe"},"image":{"@id":"https:\/\/insektenliebe.com\/de\/#\/schema\/logo\/image\/"}}]}},"_links":{"self":[{"href":"https:\/\/insektenliebe.com\/de\/wp-json\/wp\/v2\/product\/4463","targetHints":{"allow":["GET"]}}],"collection":[{"href":"https:\/\/insektenliebe.com\/de\/wp-json\/wp\/v2\/product"}],"about":[{"href":"https:\/\/insektenliebe.com\/de\/wp-json\/wp\/v2\/types\/product"}],"wp:featuredmedia":[{"embeddable":true,"href":"https:\/\/insektenliebe.com\/de\/wp-json\/wp\/v2\/media\/4494"}],"wp:attachment":[{"href":"https:\/\/insektenliebe.com\/de\/wp-json\/wp\/v2\/media?parent=4463"}],"wp:term":[{"taxonomy":"product-supplier","embeddable":true,"href":"https:\/\/insektenliebe.com\/de\/wp-json\/wp\/v2\/product-supplier?post=4463"},{"taxonomy":"product_brand","embeddable":true,"href":"https:\/\/insektenliebe.com\/de\/wp-json\/wp\/v2\/product_brand?post=4463"},{"taxonomy":"product_cat","embeddable":true,"href":"https:\/\/insektenliebe.com\/de\/wp-json\/wp\/v2\/product_cat?post=4463"},{"taxonomy":"product_tag","embeddable":true,"href":"https:\/\/insektenliebe.com\/de\/wp-json\/wp\/v2\/product_tag?post=4463"},{"taxonomy":"lce-checkout-addons","embeddable":true,"href":"https:\/\/insektenliebe.com\/de\/wp-json\/wp\/v2\/lce-checkout-addons?post=4463"}],"curies":[{"name":"wp","href":"https:\/\/api.w.org\/{rel}","templated":true}]}}