{"id":4462,"date":"2018-03-22T15:59:00","date_gmt":"2018-03-22T14:59:00","guid":{"rendered":"http:\/\/localhost\/ins-test\/?post_type=product&#038;p=4462"},"modified":"2026-04-17T17:18:59","modified_gmt":"2026-04-17T15:18:59","slug":"armadillidium-maculatum-zebrarollassel","status":"publish","type":"product","link":"https:\/\/insektenliebe.com\/de\/shop\/produkt\/armadillidium-maculatum-zebrarollassel\/","title":{"rendered":"Armadillidium maculatum \"Zebrarollassel\""},"content":{"rendered":"<h3><span style=\"color: #99cc33\">Kurzbeschreibung:<\/span><\/h3>\n<p>Armadillidium maculatum, oder auch Zebra-Rollassel genannt ist eine mittelgro\u00dfe Asselart aus dem Mittelmeerraum und S\u00fcdfrankreich. Die Tiere werden bis zu 1,8 cm gro\u00df und verdanken ihren Namen ihrem Aussehen. Vom Jungtier bis zum adulten Tier dauert es ca. 6 Monate. Diese Art ist robust und leicht zu vermehren. Ein Weibchen kann pro Jahr bis zu 4 W\u00fcrfe mit jeweils bis zu 300 Jungasseln absetzen. Die Art ist recht zeigefreudig, in einem gro\u00dfen Becken sollte man jedoch auch einen dementsprechend h\u00f6heren Erstbesatz w\u00e4hlen, um die Tiere beobachten zu k\u00f6nnen. Wie alle Rollasseln kann auch Armadillidium maculatum sich bei Gefahr zu einer geschlossenen Kugel zusammenrollen.<\/p>\n<p class=\"font_8\">Armadillidium besticht durch ihr wirklich sch\u00f6n anzusehendes, namensgebendes \u00c4u\u00dferes. Die Panzer der Tiere sind schwarz wei\u00df gestreift. Die einzelnen Segmente des Panzers sind an den R\u00e4ndern abgerundet. F\u00fchler und Beinchen der Zebra-Rollasseln sind hell- bis dunkelgrau gef\u00e4rbt. Die Tiere wirken recht gedrungen und die Antennen\u00a0sind etwas k\u00fcrzer, als es bei anderen Asselarten der Fall ist.<\/p>\n<p>Die Haltung einer Gruppe Armadillidium maculatum ist bereits in Beh\u00e4ltern ab einem Fassungsverm\u00f6gen von 5l m\u00f6glich. Wichtig zu wissen ist hierbei, dass sich diese Asselart nicht weiter vermehrt, wenn das Platzangebot nicht ausreichend ist.\u00a0 Da der nat\u00fcrliche Lebensraum der Zebra-Rollassel die Streuschicht in Laubw\u00e4ldern ist, sollte hierauf besonders Wert gelegt werden. Will man das Terrarium naturnah gestalten, so w\u00e4hlt man als Substrat eine ca. 10 cm hohe Schicht aus Laubwaldhumus, Laub und wei\u00dffaulem Holz. Auf dieser Schicht Substrat sollte man Moose, Rindenst\u00fccke und Laub verteilen. Zum einen dienen diese Dinge als Unterschlupf, zum anderen als Futter und zum Halten der Feuchtigkeit im Becken. Das Becken f\u00fcr Armadillidium maculatum sollte stets feucht gehalten werden. Staun\u00e4sse ist hierbei allerdings tunlichst zu vermeiden. Eine Luftfeuchtigkeit von 60-80 % pendelt sich bei regelm\u00e4\u00dfigem Spr\u00fchen im Normalfall schnell von selbst ein. Die Temperatur im Becken sollte zwischen 22 und 26\u00b0C betragen. Die Tiere ben\u00f6tigen f\u00fcr den Aufbau ihres Panzers Kalk, welcher in Form von Sepia, zerriebenen Eierschalen oder \u00e4hnlichem gereicht werden kann. Als Futter dient das wei\u00dffaule Holz, sowie das im Substrat befindliche Laub. Zus\u00e4tzlich dazu wird Gem\u00fcse, Obst, Bl\u00fcten und Asselfutter gerne angenommen.<\/p>\n<div><\/div>\n<div><\/div>\n","protected":false},"excerpt":{"rendered":"<p>Kurzbeschreibung: Armadillidium maculatum, oder auch Zebra-Rollassel genannt ist eine mittelgro\u00dfe Asselart aus dem Mittelmeerraum und S\u00fcdfrankreich. Die Tiere werden bis zu 1,8 cm gro\u00df und verdanken ihren Namen ihrem Aussehen. Vom Jungtier bis zum adulten Tier dauert es ca. 6 Monate. Diese Art ist robust und leicht zu vermehren. Ein Weibchen kann pro Jahr bis [&hellip;]<\/p>\n","protected":false},"featured_media":4493,"template":"","meta":{"_acf_changed":false},"product-supplier":[],"product_brand":[],"product_cat":[627,126],"product_tag":[],"lce-checkout-addons":[1202],"class_list":{"0":"post-4462","1":"product","2":"type-product","3":"status-publish","4":"has-post-thumbnail","6":"product_cat-asseln","7":"product_cat-rollasseln-armadillidium","8":"product_shipping_class-animal-shipping","9":"pa_herkunft-frankreich","10":"pa_kontinent-europa","11":"lce-checkout-addons-winterverpackung","13":"first","14":"instock","15":"taxable","16":"shipping-taxable","17":"purchasable","18":"product-type-simple"},"acf":[],"yoast_head":"<!-- This site is optimized with the Yoast SEO plugin v27.3 - https:\/\/yoast.com\/product\/yoast-seo-wordpress\/ -->\n<title>Armadillidium maculatum &quot;Zebrarollassel&quot; - Insektenliebe<\/title>\n<meta name=\"description\" content=\"G\u00fcnstige Armadillidium maculatum &quot;Zebrarollassel&quot; online kaufen. Ein perfektes Einsteigertier direkt vom Z\u00fcchter kaufen!\" \/>\n<meta name=\"robots\" content=\"index, follow, max-snippet:-1, max-image-preview:large, max-video-preview:-1\" \/>\n<link rel=\"canonical\" href=\"https:\/\/insektenliebe.com\/de\/shop\/produkt\/armadillidium-maculatum-zebrarollassel\/\" \/>\n<meta property=\"og:locale\" content=\"de_DE\" \/>\n<meta property=\"og:type\" content=\"article\" \/>\n<meta property=\"og:title\" content=\"Armadillidium maculatum &quot;Zebrarollassel&quot; - Insektenliebe\" \/>\n<meta property=\"og:description\" content=\"G\u00fcnstige Armadillidium maculatum &quot;Zebrarollassel&quot; online kaufen. Ein perfektes Einsteigertier direkt vom Z\u00fcchter kaufen!\" \/>\n<meta property=\"og:url\" content=\"https:\/\/insektenliebe.com\/de\/shop\/produkt\/armadillidium-maculatum-zebrarollassel\/\" \/>\n<meta property=\"og:site_name\" content=\"Insektenliebe\" \/>\n<meta property=\"article:modified_time\" content=\"2026-04-17T15:18:59+00:00\" \/>\n<meta property=\"og:image\" content=\"https:\/\/insektenliebe.com\/wp-content\/uploads\/2025\/05\/Armadillidium-maculatum-_Zebrarollassel_-2.jpg\" \/>\n\t<meta property=\"og:image:width\" content=\"820\" \/>\n\t<meta property=\"og:image:height\" content=\"820\" \/>\n\t<meta property=\"og:image:type\" content=\"image\/jpeg\" \/>\n<meta name=\"twitter:card\" content=\"summary_large_image\" \/>\n<meta name=\"twitter:label1\" content=\"Gesch\u00e4tzte Lesezeit\" \/>\n\t<meta name=\"twitter:data1\" content=\"3\u00a0Minuten\" \/>\n<script type=\"application\/ld+json\" class=\"yoast-schema-graph\">{\"@context\":\"https:\\\/\\\/schema.org\",\"@graph\":[{\"@type\":\"WebPage\",\"@id\":\"https:\\\/\\\/insektenliebe.com\\\/de\\\/shop\\\/produkt\\\/armadillidium-maculatum-zebrarollassel\\\/\",\"url\":\"https:\\\/\\\/insektenliebe.com\\\/de\\\/shop\\\/produkt\\\/armadillidium-maculatum-zebrarollassel\\\/\",\"name\":\"Armadillidium maculatum \\\"Zebrarollassel\\\" - Insektenliebe\",\"isPartOf\":{\"@id\":\"https:\\\/\\\/insektenliebe.com\\\/de\\\/#website\"},\"primaryImageOfPage\":{\"@id\":\"https:\\\/\\\/insektenliebe.com\\\/de\\\/shop\\\/produkt\\\/armadillidium-maculatum-zebrarollassel\\\/#primaryimage\"},\"image\":{\"@id\":\"https:\\\/\\\/insektenliebe.com\\\/de\\\/shop\\\/produkt\\\/armadillidium-maculatum-zebrarollassel\\\/#primaryimage\"},\"thumbnailUrl\":\"https:\\\/\\\/insektenliebe.com\\\/wp-content\\\/uploads\\\/2025\\\/05\\\/Armadillidium-maculatum-_Zebrarollassel_-2.jpg\",\"datePublished\":\"2018-03-22T14:59:00+00:00\",\"dateModified\":\"2026-04-17T15:18:59+00:00\",\"description\":\"G\u00fcnstige Armadillidium maculatum \\\"Zebrarollassel\\\" online kaufen. Ein perfektes Einsteigertier direkt vom Z\u00fcchter kaufen!\",\"breadcrumb\":{\"@id\":\"https:\\\/\\\/insektenliebe.com\\\/de\\\/shop\\\/produkt\\\/armadillidium-maculatum-zebrarollassel\\\/#breadcrumb\"},\"inLanguage\":\"de\",\"potentialAction\":[{\"@type\":\"ReadAction\",\"target\":[\"https:\\\/\\\/insektenliebe.com\\\/de\\\/shop\\\/produkt\\\/armadillidium-maculatum-zebrarollassel\\\/\"]}]},{\"@type\":\"ImageObject\",\"inLanguage\":\"de\",\"@id\":\"https:\\\/\\\/insektenliebe.com\\\/de\\\/shop\\\/produkt\\\/armadillidium-maculatum-zebrarollassel\\\/#primaryimage\",\"url\":\"https:\\\/\\\/insektenliebe.com\\\/wp-content\\\/uploads\\\/2025\\\/05\\\/Armadillidium-maculatum-_Zebrarollassel_-2.jpg\",\"contentUrl\":\"https:\\\/\\\/insektenliebe.com\\\/wp-content\\\/uploads\\\/2025\\\/05\\\/Armadillidium-maculatum-_Zebrarollassel_-2.jpg\",\"width\":820,\"height\":820,\"caption\":\"Armadillidium-maculatum-_Zebrarollassel_-2.jpg\"},{\"@type\":\"BreadcrumbList\",\"@id\":\"https:\\\/\\\/insektenliebe.com\\\/de\\\/shop\\\/produkt\\\/armadillidium-maculatum-zebrarollassel\\\/#breadcrumb\",\"itemListElement\":[{\"@type\":\"ListItem\",\"position\":1,\"name\":\"Startseite\",\"item\":\"https:\\\/\\\/insektenliebe.com\\\/de\\\/\"},{\"@type\":\"ListItem\",\"position\":2,\"name\":\"Shop\",\"item\":\"https:\\\/\\\/insektenliebe.com\\\/de\\\/shop\\\/\"},{\"@type\":\"ListItem\",\"position\":3,\"name\":\"Armadillidium maculatum \\\"Zebrarollassel\\\"\"}]},{\"@type\":\"WebSite\",\"@id\":\"https:\\\/\\\/insektenliebe.com\\\/de\\\/#website\",\"url\":\"https:\\\/\\\/insektenliebe.com\\\/de\\\/\",\"name\":\"Insektenliebe\",\"description\":\"Dein Zuhause f\u00fcr die kleinen Lebewesen\",\"publisher\":{\"@id\":\"https:\\\/\\\/insektenliebe.com\\\/de\\\/#organization\"},\"potentialAction\":[{\"@type\":\"SearchAction\",\"target\":{\"@type\":\"EntryPoint\",\"urlTemplate\":\"https:\\\/\\\/insektenliebe.com\\\/de\\\/?s={search_term_string}\"},\"query-input\":{\"@type\":\"PropertyValueSpecification\",\"valueRequired\":true,\"valueName\":\"search_term_string\"}}],\"inLanguage\":\"de\"},{\"@type\":\"Organization\",\"@id\":\"https:\\\/\\\/insektenliebe.com\\\/de\\\/#organization\",\"name\":\"Insektenliebe\",\"url\":\"https:\\\/\\\/insektenliebe.com\\\/de\\\/\",\"logo\":{\"@type\":\"ImageObject\",\"inLanguage\":\"de\",\"@id\":\"https:\\\/\\\/insektenliebe.com\\\/de\\\/#\\\/schema\\\/logo\\\/image\\\/\",\"url\":\"https:\\\/\\\/insektenliebe.com\\\/wp-content\\\/uploads\\\/2025\\\/03\\\/logo-white.png\",\"contentUrl\":\"https:\\\/\\\/insektenliebe.com\\\/wp-content\\\/uploads\\\/2025\\\/03\\\/logo-white.png\",\"width\":288,\"height\":188,\"caption\":\"Insektenliebe\"},\"image\":{\"@id\":\"https:\\\/\\\/insektenliebe.com\\\/de\\\/#\\\/schema\\\/logo\\\/image\\\/\"}}]}<\/script>\n<!-- \/ Yoast SEO plugin. -->","yoast_head_json":{"title":"Armadillidium maculatum \"Zebrarollassel\" - Insektenliebe","description":"G\u00fcnstige Armadillidium maculatum \"Zebrarollassel\" online kaufen. Ein perfektes Einsteigertier direkt vom Z\u00fcchter kaufen!","robots":{"index":"index","follow":"follow","max-snippet":"max-snippet:-1","max-image-preview":"max-image-preview:large","max-video-preview":"max-video-preview:-1"},"canonical":"https:\/\/insektenliebe.com\/de\/shop\/produkt\/armadillidium-maculatum-zebrarollassel\/","og_locale":"de_DE","og_type":"article","og_title":"Armadillidium maculatum \"Zebrarollassel\" - Insektenliebe","og_description":"G\u00fcnstige Armadillidium maculatum \"Zebrarollassel\" online kaufen. Ein perfektes Einsteigertier direkt vom Z\u00fcchter kaufen!","og_url":"https:\/\/insektenliebe.com\/de\/shop\/produkt\/armadillidium-maculatum-zebrarollassel\/","og_site_name":"Insektenliebe","article_modified_time":"2026-04-17T15:18:59+00:00","og_image":[{"width":820,"height":820,"url":"https:\/\/insektenliebe.com\/wp-content\/uploads\/2025\/05\/Armadillidium-maculatum-_Zebrarollassel_-2.jpg","type":"image\/jpeg"}],"twitter_card":"summary_large_image","twitter_misc":{"Gesch\u00e4tzte Lesezeit":"3\u00a0Minuten"},"schema":{"@context":"https:\/\/schema.org","@graph":[{"@type":"WebPage","@id":"https:\/\/insektenliebe.com\/de\/shop\/produkt\/armadillidium-maculatum-zebrarollassel\/","url":"https:\/\/insektenliebe.com\/de\/shop\/produkt\/armadillidium-maculatum-zebrarollassel\/","name":"Armadillidium maculatum \"Zebrarollassel\" - Insektenliebe","isPartOf":{"@id":"https:\/\/insektenliebe.com\/de\/#website"},"primaryImageOfPage":{"@id":"https:\/\/insektenliebe.com\/de\/shop\/produkt\/armadillidium-maculatum-zebrarollassel\/#primaryimage"},"image":{"@id":"https:\/\/insektenliebe.com\/de\/shop\/produkt\/armadillidium-maculatum-zebrarollassel\/#primaryimage"},"thumbnailUrl":"https:\/\/insektenliebe.com\/wp-content\/uploads\/2025\/05\/Armadillidium-maculatum-_Zebrarollassel_-2.jpg","datePublished":"2018-03-22T14:59:00+00:00","dateModified":"2026-04-17T15:18:59+00:00","description":"G\u00fcnstige Armadillidium maculatum \"Zebrarollassel\" online kaufen. Ein perfektes Einsteigertier direkt vom Z\u00fcchter kaufen!","breadcrumb":{"@id":"https:\/\/insektenliebe.com\/de\/shop\/produkt\/armadillidium-maculatum-zebrarollassel\/#breadcrumb"},"inLanguage":"de","potentialAction":[{"@type":"ReadAction","target":["https:\/\/insektenliebe.com\/de\/shop\/produkt\/armadillidium-maculatum-zebrarollassel\/"]}]},{"@type":"ImageObject","inLanguage":"de","@id":"https:\/\/insektenliebe.com\/de\/shop\/produkt\/armadillidium-maculatum-zebrarollassel\/#primaryimage","url":"https:\/\/insektenliebe.com\/wp-content\/uploads\/2025\/05\/Armadillidium-maculatum-_Zebrarollassel_-2.jpg","contentUrl":"https:\/\/insektenliebe.com\/wp-content\/uploads\/2025\/05\/Armadillidium-maculatum-_Zebrarollassel_-2.jpg","width":820,"height":820,"caption":"Armadillidium-maculatum-_Zebrarollassel_-2.jpg"},{"@type":"BreadcrumbList","@id":"https:\/\/insektenliebe.com\/de\/shop\/produkt\/armadillidium-maculatum-zebrarollassel\/#breadcrumb","itemListElement":[{"@type":"ListItem","position":1,"name":"Startseite","item":"https:\/\/insektenliebe.com\/de\/"},{"@type":"ListItem","position":2,"name":"Shop","item":"https:\/\/insektenliebe.com\/de\/shop\/"},{"@type":"ListItem","position":3,"name":"Armadillidium maculatum \"Zebrarollassel\""}]},{"@type":"WebSite","@id":"https:\/\/insektenliebe.com\/de\/#website","url":"https:\/\/insektenliebe.com\/de\/","name":"Insektenliebe","description":"Dein Zuhause f\u00fcr die kleinen Lebewesen","publisher":{"@id":"https:\/\/insektenliebe.com\/de\/#organization"},"potentialAction":[{"@type":"SearchAction","target":{"@type":"EntryPoint","urlTemplate":"https:\/\/insektenliebe.com\/de\/?s={search_term_string}"},"query-input":{"@type":"PropertyValueSpecification","valueRequired":true,"valueName":"search_term_string"}}],"inLanguage":"de"},{"@type":"Organization","@id":"https:\/\/insektenliebe.com\/de\/#organization","name":"Insektenliebe","url":"https:\/\/insektenliebe.com\/de\/","logo":{"@type":"ImageObject","inLanguage":"de","@id":"https:\/\/insektenliebe.com\/de\/#\/schema\/logo\/image\/","url":"https:\/\/insektenliebe.com\/wp-content\/uploads\/2025\/03\/logo-white.png","contentUrl":"https:\/\/insektenliebe.com\/wp-content\/uploads\/2025\/03\/logo-white.png","width":288,"height":188,"caption":"Insektenliebe"},"image":{"@id":"https:\/\/insektenliebe.com\/de\/#\/schema\/logo\/image\/"}}]}},"_links":{"self":[{"href":"https:\/\/insektenliebe.com\/de\/wp-json\/wp\/v2\/product\/4462","targetHints":{"allow":["GET"]}}],"collection":[{"href":"https:\/\/insektenliebe.com\/de\/wp-json\/wp\/v2\/product"}],"about":[{"href":"https:\/\/insektenliebe.com\/de\/wp-json\/wp\/v2\/types\/product"}],"wp:featuredmedia":[{"embeddable":true,"href":"https:\/\/insektenliebe.com\/de\/wp-json\/wp\/v2\/media\/4493"}],"wp:attachment":[{"href":"https:\/\/insektenliebe.com\/de\/wp-json\/wp\/v2\/media?parent=4462"}],"wp:term":[{"taxonomy":"product-supplier","embeddable":true,"href":"https:\/\/insektenliebe.com\/de\/wp-json\/wp\/v2\/product-supplier?post=4462"},{"taxonomy":"product_brand","embeddable":true,"href":"https:\/\/insektenliebe.com\/de\/wp-json\/wp\/v2\/product_brand?post=4462"},{"taxonomy":"product_cat","embeddable":true,"href":"https:\/\/insektenliebe.com\/de\/wp-json\/wp\/v2\/product_cat?post=4462"},{"taxonomy":"product_tag","embeddable":true,"href":"https:\/\/insektenliebe.com\/de\/wp-json\/wp\/v2\/product_tag?post=4462"},{"taxonomy":"lce-checkout-addons","embeddable":true,"href":"https:\/\/insektenliebe.com\/de\/wp-json\/wp\/v2\/lce-checkout-addons?post=4462"}],"curies":[{"name":"wp","href":"https:\/\/api.w.org\/{rel}","templated":true}]}}