{"id":4459,"date":"2018-03-23T09:45:01","date_gmt":"2018-03-23T08:45:01","guid":{"rendered":"http:\/\/localhost\/ins-test\/?post_type=product&#038;p=4459"},"modified":"2026-01-28T21:05:57","modified_gmt":"2026-01-28T20:05:57","slug":"porcellionides-pruinosus-kubanische-assel","status":"publish","type":"product","link":"https:\/\/insektenliebe.com\/de\/shop\/produkt\/porcellionides-pruinosus-kubanische-assel\/","title":{"rendered":"Porcellionides pruinosus \"Kubanische Assel\""},"content":{"rendered":"<h3><span style=\"color: #99cc33\">Kurzbeschreibung:<\/span><\/h3>\n<p class=\"font_8\">Die Grundfarbe dieser Art ist grau. Die Beine und die Antennen sind wei\u00df-grau gef\u00e4rbt.<\/p>\n<p class=\"font_8\">Die \"Kubanische Assel\" war eine der ersten Assel-Arten, die in der Terraristik erh\u00e4ltlich war. Ihr guter Ruf als Bodenpolizei und Futtertier verdankt sie ihrer unkomplizierten Haltung und Vermehrung. Ihr Einsatzgebiet ist umfangreich und sie kommt in ganz unterschiedlichen Klimazonen hervorragend zurecht.<\/p>\n<p class=\"font_8\">Als Futter dient sowohl das im Substrat enthaltene organische Material, als auch Zusatzfutter wie beispielsweise Gem\u00fcse, Obst und Asselfutter. Eine gro\u00dffl\u00e4chige Laubschicht auf dem Bodensubstrat wird sehr gerne als Futter- und Versteckm\u00f6glichkeit genutzt. Die Art h\u00e4lt sich im adulten Status regelm\u00e4\u00dfig auf der Oberfl\u00e4che auf und kann gut beobachtet werden. Die Vermehrungsrate dieser Art ist enorm und sprengt manchmal etwas den Rahmen. Daher ist sie als Bodenpolizei bei nicht r\u00e4uberischen Pfleglingen nur bedingt einsetzbar.<\/p>\n<div><\/div>\n","protected":false},"excerpt":{"rendered":"<p>Kurzbeschreibung: Die Grundfarbe dieser Art ist grau. Die Beine und die Antennen sind wei\u00df-grau gef\u00e4rbt. Die \"Kubanische Assel\" war eine der ersten Assel-Arten, die in der Terraristik erh\u00e4ltlich war. Ihr guter Ruf als Bodenpolizei und Futtertier verdankt sie ihrer unkomplizierten Haltung und Vermehrung. Ihr Einsatzgebiet ist umfangreich und sie kommt in ganz unterschiedlichen Klimazonen hervorragend [&hellip;]<\/p>\n","protected":false},"featured_media":4490,"template":"","meta":{"_acf_changed":false},"product-supplier":[],"product_brand":[],"product_cat":[627,125],"product_tag":[],"lce-checkout-addons":[1202],"class_list":{"0":"post-4459","1":"product","2":"type-product","3":"status-publish","4":"has-post-thumbnail","6":"product_cat-asseln","7":"product_cat-sonstige-asseln-merulanella-uvm","8":"product_shipping_class-animal-shipping","9":"pa_einsatz-food","10":"pa_haltung-single","11":"pa_herkunft-kosmopolitisch","12":"pa_kontinent-afrika","13":"pa_kontinent-asien","14":"pa_kontinent-australien","15":"pa_kontinent-europa","16":"pa_kontinent-nordamerika","17":"pa_kontinent-suedamerika","18":"lce-checkout-addons-winterverpackung","20":"first","21":"outofstock","22":"taxable","23":"shipping-taxable","24":"purchasable","25":"product-type-variable"},"acf":[],"yoast_head":"<!-- This site is optimized with the Yoast SEO plugin v27.3 - https:\/\/yoast.com\/product\/yoast-seo-wordpress\/ -->\n<title>Porcellionides pruinosus &quot;Kubanische Assel&quot; - Insektenliebe<\/title>\n<meta name=\"description\" content=\"G\u00fcnstige Kubanische Asseln (Porcellionides pruinosus) online kaufen. Sie sind als Bodenpolizei oder Futtertiere bestens geeignet. Direkt vom Z\u00fcchter!\" \/>\n<meta name=\"robots\" content=\"index, follow, max-snippet:-1, max-image-preview:large, max-video-preview:-1\" \/>\n<link rel=\"canonical\" href=\"https:\/\/insektenliebe.com\/de\/shop\/produkt\/porcellionides-pruinosus-kubanische-assel\/\" \/>\n<meta property=\"og:locale\" content=\"de_DE\" \/>\n<meta property=\"og:type\" content=\"article\" \/>\n<meta property=\"og:title\" content=\"Porcellionides pruinosus &quot;Kubanische Assel&quot; - Insektenliebe\" \/>\n<meta property=\"og:description\" content=\"G\u00fcnstige Kubanische Asseln (Porcellionides pruinosus) online kaufen. Sie sind als Bodenpolizei oder Futtertiere bestens geeignet. Direkt vom Z\u00fcchter!\" \/>\n<meta property=\"og:url\" content=\"https:\/\/insektenliebe.com\/de\/shop\/produkt\/porcellionides-pruinosus-kubanische-assel\/\" \/>\n<meta property=\"og:site_name\" content=\"Insektenliebe\" \/>\n<meta property=\"article:modified_time\" content=\"2026-01-28T20:05:57+00:00\" \/>\n<meta property=\"og:image\" content=\"https:\/\/insektenliebe.com\/wp-content\/uploads\/2025\/05\/Kubanische-Assel-2-2.jpg\" \/>\n\t<meta property=\"og:image:width\" content=\"820\" \/>\n\t<meta property=\"og:image:height\" content=\"820\" \/>\n\t<meta property=\"og:image:type\" content=\"image\/jpeg\" \/>\n<meta name=\"twitter:card\" content=\"summary_large_image\" \/>\n<meta name=\"twitter:label1\" content=\"Gesch\u00e4tzte Lesezeit\" \/>\n\t<meta name=\"twitter:data1\" content=\"1\u00a0Minute\" \/>\n<script type=\"application\/ld+json\" class=\"yoast-schema-graph\">{\"@context\":\"https:\\\/\\\/schema.org\",\"@graph\":[{\"@type\":\"WebPage\",\"@id\":\"https:\\\/\\\/insektenliebe.com\\\/de\\\/shop\\\/produkt\\\/porcellionides-pruinosus-kubanische-assel\\\/\",\"url\":\"https:\\\/\\\/insektenliebe.com\\\/de\\\/shop\\\/produkt\\\/porcellionides-pruinosus-kubanische-assel\\\/\",\"name\":\"Porcellionides pruinosus \\\"Kubanische Assel\\\" - Insektenliebe\",\"isPartOf\":{\"@id\":\"https:\\\/\\\/insektenliebe.com\\\/de\\\/#website\"},\"primaryImageOfPage\":{\"@id\":\"https:\\\/\\\/insektenliebe.com\\\/de\\\/shop\\\/produkt\\\/porcellionides-pruinosus-kubanische-assel\\\/#primaryimage\"},\"image\":{\"@id\":\"https:\\\/\\\/insektenliebe.com\\\/de\\\/shop\\\/produkt\\\/porcellionides-pruinosus-kubanische-assel\\\/#primaryimage\"},\"thumbnailUrl\":\"https:\\\/\\\/insektenliebe.com\\\/wp-content\\\/uploads\\\/2025\\\/05\\\/Kubanische-Assel-2-2.jpg\",\"datePublished\":\"2018-03-23T08:45:01+00:00\",\"dateModified\":\"2026-01-28T20:05:57+00:00\",\"description\":\"G\u00fcnstige Kubanische Asseln (Porcellionides pruinosus) online kaufen. Sie sind als Bodenpolizei oder Futtertiere bestens geeignet. Direkt vom Z\u00fcchter!\",\"breadcrumb\":{\"@id\":\"https:\\\/\\\/insektenliebe.com\\\/de\\\/shop\\\/produkt\\\/porcellionides-pruinosus-kubanische-assel\\\/#breadcrumb\"},\"inLanguage\":\"de\",\"potentialAction\":[{\"@type\":\"ReadAction\",\"target\":[\"https:\\\/\\\/insektenliebe.com\\\/de\\\/shop\\\/produkt\\\/porcellionides-pruinosus-kubanische-assel\\\/\"]}]},{\"@type\":\"ImageObject\",\"inLanguage\":\"de\",\"@id\":\"https:\\\/\\\/insektenliebe.com\\\/de\\\/shop\\\/produkt\\\/porcellionides-pruinosus-kubanische-assel\\\/#primaryimage\",\"url\":\"https:\\\/\\\/insektenliebe.com\\\/wp-content\\\/uploads\\\/2025\\\/05\\\/Kubanische-Assel-2-2.jpg\",\"contentUrl\":\"https:\\\/\\\/insektenliebe.com\\\/wp-content\\\/uploads\\\/2025\\\/05\\\/Kubanische-Assel-2-2.jpg\",\"width\":820,\"height\":820,\"caption\":\"Kubanische-Assel-2-2.jpg\"},{\"@type\":\"BreadcrumbList\",\"@id\":\"https:\\\/\\\/insektenliebe.com\\\/de\\\/shop\\\/produkt\\\/porcellionides-pruinosus-kubanische-assel\\\/#breadcrumb\",\"itemListElement\":[{\"@type\":\"ListItem\",\"position\":1,\"name\":\"Startseite\",\"item\":\"https:\\\/\\\/insektenliebe.com\\\/de\\\/\"},{\"@type\":\"ListItem\",\"position\":2,\"name\":\"Shop\",\"item\":\"https:\\\/\\\/insektenliebe.com\\\/de\\\/shop\\\/\"},{\"@type\":\"ListItem\",\"position\":3,\"name\":\"Porcellionides pruinosus &#8222;Kubanische Assel&#8220;\"}]},{\"@type\":\"WebSite\",\"@id\":\"https:\\\/\\\/insektenliebe.com\\\/de\\\/#website\",\"url\":\"https:\\\/\\\/insektenliebe.com\\\/de\\\/\",\"name\":\"Insektenliebe\",\"description\":\"Dein Zuhause f\u00fcr die kleinen Lebewesen\",\"publisher\":{\"@id\":\"https:\\\/\\\/insektenliebe.com\\\/de\\\/#organization\"},\"potentialAction\":[{\"@type\":\"SearchAction\",\"target\":{\"@type\":\"EntryPoint\",\"urlTemplate\":\"https:\\\/\\\/insektenliebe.com\\\/de\\\/?s={search_term_string}\"},\"query-input\":{\"@type\":\"PropertyValueSpecification\",\"valueRequired\":true,\"valueName\":\"search_term_string\"}}],\"inLanguage\":\"de\"},{\"@type\":\"Organization\",\"@id\":\"https:\\\/\\\/insektenliebe.com\\\/de\\\/#organization\",\"name\":\"Insektenliebe\",\"url\":\"https:\\\/\\\/insektenliebe.com\\\/de\\\/\",\"logo\":{\"@type\":\"ImageObject\",\"inLanguage\":\"de\",\"@id\":\"https:\\\/\\\/insektenliebe.com\\\/de\\\/#\\\/schema\\\/logo\\\/image\\\/\",\"url\":\"https:\\\/\\\/insektenliebe.com\\\/wp-content\\\/uploads\\\/2025\\\/03\\\/logo-white.png\",\"contentUrl\":\"https:\\\/\\\/insektenliebe.com\\\/wp-content\\\/uploads\\\/2025\\\/03\\\/logo-white.png\",\"width\":288,\"height\":188,\"caption\":\"Insektenliebe\"},\"image\":{\"@id\":\"https:\\\/\\\/insektenliebe.com\\\/de\\\/#\\\/schema\\\/logo\\\/image\\\/\"}}]}<\/script>\n<!-- \/ Yoast SEO plugin. -->","yoast_head_json":{"title":"Porcellionides pruinosus \"Kubanische Assel\" - Insektenliebe","description":"G\u00fcnstige Kubanische Asseln (Porcellionides pruinosus) online kaufen. Sie sind als Bodenpolizei oder Futtertiere bestens geeignet. Direkt vom Z\u00fcchter!","robots":{"index":"index","follow":"follow","max-snippet":"max-snippet:-1","max-image-preview":"max-image-preview:large","max-video-preview":"max-video-preview:-1"},"canonical":"https:\/\/insektenliebe.com\/de\/shop\/produkt\/porcellionides-pruinosus-kubanische-assel\/","og_locale":"de_DE","og_type":"article","og_title":"Porcellionides pruinosus \"Kubanische Assel\" - Insektenliebe","og_description":"G\u00fcnstige Kubanische Asseln (Porcellionides pruinosus) online kaufen. Sie sind als Bodenpolizei oder Futtertiere bestens geeignet. Direkt vom Z\u00fcchter!","og_url":"https:\/\/insektenliebe.com\/de\/shop\/produkt\/porcellionides-pruinosus-kubanische-assel\/","og_site_name":"Insektenliebe","article_modified_time":"2026-01-28T20:05:57+00:00","og_image":[{"width":820,"height":820,"url":"https:\/\/insektenliebe.com\/wp-content\/uploads\/2025\/05\/Kubanische-Assel-2-2.jpg","type":"image\/jpeg"}],"twitter_card":"summary_large_image","twitter_misc":{"Gesch\u00e4tzte Lesezeit":"1\u00a0Minute"},"schema":{"@context":"https:\/\/schema.org","@graph":[{"@type":"WebPage","@id":"https:\/\/insektenliebe.com\/de\/shop\/produkt\/porcellionides-pruinosus-kubanische-assel\/","url":"https:\/\/insektenliebe.com\/de\/shop\/produkt\/porcellionides-pruinosus-kubanische-assel\/","name":"Porcellionides pruinosus \"Kubanische Assel\" - Insektenliebe","isPartOf":{"@id":"https:\/\/insektenliebe.com\/de\/#website"},"primaryImageOfPage":{"@id":"https:\/\/insektenliebe.com\/de\/shop\/produkt\/porcellionides-pruinosus-kubanische-assel\/#primaryimage"},"image":{"@id":"https:\/\/insektenliebe.com\/de\/shop\/produkt\/porcellionides-pruinosus-kubanische-assel\/#primaryimage"},"thumbnailUrl":"https:\/\/insektenliebe.com\/wp-content\/uploads\/2025\/05\/Kubanische-Assel-2-2.jpg","datePublished":"2018-03-23T08:45:01+00:00","dateModified":"2026-01-28T20:05:57+00:00","description":"G\u00fcnstige Kubanische Asseln (Porcellionides pruinosus) online kaufen. Sie sind als Bodenpolizei oder Futtertiere bestens geeignet. Direkt vom Z\u00fcchter!","breadcrumb":{"@id":"https:\/\/insektenliebe.com\/de\/shop\/produkt\/porcellionides-pruinosus-kubanische-assel\/#breadcrumb"},"inLanguage":"de","potentialAction":[{"@type":"ReadAction","target":["https:\/\/insektenliebe.com\/de\/shop\/produkt\/porcellionides-pruinosus-kubanische-assel\/"]}]},{"@type":"ImageObject","inLanguage":"de","@id":"https:\/\/insektenliebe.com\/de\/shop\/produkt\/porcellionides-pruinosus-kubanische-assel\/#primaryimage","url":"https:\/\/insektenliebe.com\/wp-content\/uploads\/2025\/05\/Kubanische-Assel-2-2.jpg","contentUrl":"https:\/\/insektenliebe.com\/wp-content\/uploads\/2025\/05\/Kubanische-Assel-2-2.jpg","width":820,"height":820,"caption":"Kubanische-Assel-2-2.jpg"},{"@type":"BreadcrumbList","@id":"https:\/\/insektenliebe.com\/de\/shop\/produkt\/porcellionides-pruinosus-kubanische-assel\/#breadcrumb","itemListElement":[{"@type":"ListItem","position":1,"name":"Startseite","item":"https:\/\/insektenliebe.com\/de\/"},{"@type":"ListItem","position":2,"name":"Shop","item":"https:\/\/insektenliebe.com\/de\/shop\/"},{"@type":"ListItem","position":3,"name":"Porcellionides pruinosus &#8222;Kubanische Assel&#8220;"}]},{"@type":"WebSite","@id":"https:\/\/insektenliebe.com\/de\/#website","url":"https:\/\/insektenliebe.com\/de\/","name":"Insektenliebe","description":"Dein Zuhause f\u00fcr die kleinen Lebewesen","publisher":{"@id":"https:\/\/insektenliebe.com\/de\/#organization"},"potentialAction":[{"@type":"SearchAction","target":{"@type":"EntryPoint","urlTemplate":"https:\/\/insektenliebe.com\/de\/?s={search_term_string}"},"query-input":{"@type":"PropertyValueSpecification","valueRequired":true,"valueName":"search_term_string"}}],"inLanguage":"de"},{"@type":"Organization","@id":"https:\/\/insektenliebe.com\/de\/#organization","name":"Insektenliebe","url":"https:\/\/insektenliebe.com\/de\/","logo":{"@type":"ImageObject","inLanguage":"de","@id":"https:\/\/insektenliebe.com\/de\/#\/schema\/logo\/image\/","url":"https:\/\/insektenliebe.com\/wp-content\/uploads\/2025\/03\/logo-white.png","contentUrl":"https:\/\/insektenliebe.com\/wp-content\/uploads\/2025\/03\/logo-white.png","width":288,"height":188,"caption":"Insektenliebe"},"image":{"@id":"https:\/\/insektenliebe.com\/de\/#\/schema\/logo\/image\/"}}]}},"_links":{"self":[{"href":"https:\/\/insektenliebe.com\/de\/wp-json\/wp\/v2\/product\/4459","targetHints":{"allow":["GET"]}}],"collection":[{"href":"https:\/\/insektenliebe.com\/de\/wp-json\/wp\/v2\/product"}],"about":[{"href":"https:\/\/insektenliebe.com\/de\/wp-json\/wp\/v2\/types\/product"}],"wp:featuredmedia":[{"embeddable":true,"href":"https:\/\/insektenliebe.com\/de\/wp-json\/wp\/v2\/media\/4490"}],"wp:attachment":[{"href":"https:\/\/insektenliebe.com\/de\/wp-json\/wp\/v2\/media?parent=4459"}],"wp:term":[{"taxonomy":"product-supplier","embeddable":true,"href":"https:\/\/insektenliebe.com\/de\/wp-json\/wp\/v2\/product-supplier?post=4459"},{"taxonomy":"product_brand","embeddable":true,"href":"https:\/\/insektenliebe.com\/de\/wp-json\/wp\/v2\/product_brand?post=4459"},{"taxonomy":"product_cat","embeddable":true,"href":"https:\/\/insektenliebe.com\/de\/wp-json\/wp\/v2\/product_cat?post=4459"},{"taxonomy":"product_tag","embeddable":true,"href":"https:\/\/insektenliebe.com\/de\/wp-json\/wp\/v2\/product_tag?post=4459"},{"taxonomy":"lce-checkout-addons","embeddable":true,"href":"https:\/\/insektenliebe.com\/de\/wp-json\/wp\/v2\/lce-checkout-addons?post=4459"}],"curies":[{"name":"wp","href":"https:\/\/api.w.org\/{rel}","templated":true}]}}