{"id":31,"date":"2018-10-10T11:42:53","date_gmt":"2018-10-10T11:42:53","guid":{"rendered":"https:\/\/insektenliebe.com\/?post_type=product&#038;p=31"},"modified":"2026-04-06T17:24:13","modified_gmt":"2026-04-06T15:24:13","slug":"winterverpackung","status":"publish","type":"product","link":"https:\/\/insektenliebe.com\/de\/shop\/produkt\/winterverpackung\/","title":{"rendered":"Winterverpackung"},"content":{"rendered":"<div id=\"wcom-237660f965896cf91f827843ca42580b\" class=\"wcom-default w300x250\">\n<p><strong>Informationen zur Winterverpackung<\/strong><\/p>\n<p>Grunds\u00e4tzliche empfehlen wir einen Winterversand von Oktober bis April. Sinken die Temperaturen dauerhaft unter 10\u00b0, ist eine Winterverpackung unerl\u00e4sslich.<\/p>\n<p>Sobald sich die Wetterlage dementsprechend \u00e4ndert, f\u00fcgt das Shopsystem bei einer Tierbestellung die Winterverpackung automatisch mit in den Warenkorb.<\/p>\n<p>Damit die Asseln und Insekten im Winter w\u00e4hrend des Versands keine Erfrierungen erhalten, m\u00fcssen wir sie besonders gesch\u00fctzt verpacken. Asseln, Spinnen, Tausendf\u00fc\u00dfer und Insekten sind wechselwarme Tiere, sie k\u00f6nnen keine eigene K\u00f6rperw\u00e4rme erzeugen und sind abh\u00e4ngig von der Umgebungstemperatur. Sinkt im Winter diese unter 10\u00b0, k\u00f6nnen die Insekten erfrieren. Um das zu vermeiden, benutzen wir unsere Winterverpackungen, die ein Ausk\u00fchlen der Versandbox verhindert.<\/p>\n<\/div>\n<div id=\"row-1659028452\" class=\"row\">\n<div id=\"col-888798218\" class=\"col medium-6 small-12 large-6\">\n<div class=\"col-inner\">\n<p><strong>Auf\u00fchrung:<\/strong><\/p>\n<p>Die Winterverpackung ist eine Kombination aus Isolierung und Heizung. Ein mehr-welliger Karton und spezielle Styroporplatten (30 mm), die passend in den Karton eingesteckt werden, sorgen f\u00fcr eine gute Isolierung und sch\u00fctzt somit den Inhalt vor der eindringenden K\u00e4lte. W\u00e4rme wird durch ein 48 Stunden und\/oder ein 72 Stunden Heatpack erzeugt, die bei Kontakt mit Luftsauerstoff reagieren und dabei W\u00e4rme abstrahlen. Die Dauer des Heatpack und die Anzahl bestimmen wir je nach Wetterlage. Auch die Gr\u00f6\u00dfe des Kartons passen wir der jeweiligen Bestellung an.<\/p>\n<p>So kommen deine neue Haustierchen gesund und munter bei dir an!<\/p>\n<\/div>\n<\/div>\n<\/div>\n","protected":false},"excerpt":{"rendered":"<p>Informationen zur Winterverpackung Grunds\u00e4tzliche empfehlen wir einen Winterversand von Oktober bis April. Sinken die Temperaturen dauerhaft unter 10\u00b0, ist eine Winterverpackung unerl\u00e4sslich. Sobald sich die Wetterlage dementsprechend \u00e4ndert, f\u00fcgt das Shopsystem bei einer Tierbestellung die Winterverpackung automatisch mit in den Warenkorb. Damit die Asseln und Insekten im Winter w\u00e4hrend des Versands keine Erfrierungen erhalten, m\u00fcssen [&hellip;]<\/p>\n","protected":false},"featured_media":135403,"template":"","meta":{"_acf_changed":false},"product-supplier":[],"product_brand":[],"product_cat":[130],"product_tag":[],"lce-checkout-addons":[],"class_list":{"0":"post-31","1":"product","2":"type-product","3":"status-publish","4":"has-post-thumbnail","6":"product_cat-terrarien-behaelter","7":"product_shipping_class-equipment-shipping","9":"first","10":"instock","11":"sold-individually","12":"taxable","13":"shipping-taxable","14":"purchasable","15":"product-type-variable","16":"has-default-attributes"},"acf":[],"yoast_head":"<!-- This site is optimized with the Yoast SEO plugin v27.3 - https:\/\/yoast.com\/product\/yoast-seo-wordpress\/ -->\n<title>Winterverpackung - Insektenliebe<\/title>\n<meta name=\"robots\" content=\"index, follow, max-snippet:-1, max-image-preview:large, max-video-preview:-1\" \/>\n<link rel=\"canonical\" href=\"https:\/\/insektenliebe.com\/de\/shop\/produkt\/winterverpackung\/\" \/>\n<meta property=\"og:locale\" content=\"de_DE\" \/>\n<meta property=\"og:type\" content=\"article\" \/>\n<meta property=\"og:title\" content=\"Winterverpackung - Insektenliebe\" \/>\n<meta property=\"og:description\" content=\"Informationen zur Winterverpackung Grunds\u00e4tzliche empfehlen wir einen Winterversand von Oktober bis April. Sinken die Temperaturen dauerhaft unter 10\u00b0, ist eine Winterverpackung unerl\u00e4sslich. Sobald sich die Wetterlage dementsprechend \u00e4ndert, f\u00fcgt das Shopsystem bei einer Tierbestellung die Winterverpackung automatisch mit in den Warenkorb. Damit die Asseln und Insekten im Winter w\u00e4hrend des Versands keine Erfrierungen erhalten, m\u00fcssen [&hellip;]\" \/>\n<meta property=\"og:url\" content=\"https:\/\/insektenliebe.com\/de\/shop\/produkt\/winterverpackung\/\" \/>\n<meta property=\"og:site_name\" content=\"Insektenliebe\" \/>\n<meta property=\"article:modified_time\" content=\"2026-04-06T15:24:13+00:00\" \/>\n<meta property=\"og:image\" content=\"https:\/\/insektenliebe.com\/wp-content\/uploads\/2021\/02\/Winterverpackung-1-scaled.jpg\" \/>\n\t<meta property=\"og:image:width\" content=\"2560\" \/>\n\t<meta property=\"og:image:height\" content=\"2560\" \/>\n\t<meta property=\"og:image:type\" content=\"image\/jpeg\" \/>\n<meta name=\"twitter:card\" content=\"summary_large_image\" \/>\n<meta name=\"twitter:label1\" content=\"Gesch\u00e4tzte Lesezeit\" \/>\n\t<meta name=\"twitter:data1\" content=\"2\u00a0Minuten\" \/>\n<script type=\"application\/ld+json\" class=\"yoast-schema-graph\">{\"@context\":\"https:\\\/\\\/schema.org\",\"@graph\":[{\"@type\":\"WebPage\",\"@id\":\"https:\\\/\\\/insektenliebe.com\\\/de\\\/shop\\\/produkt\\\/winterverpackung\\\/\",\"url\":\"https:\\\/\\\/insektenliebe.com\\\/de\\\/shop\\\/produkt\\\/winterverpackung\\\/\",\"name\":\"Winterverpackung - Insektenliebe\",\"isPartOf\":{\"@id\":\"https:\\\/\\\/insektenliebe.com\\\/de\\\/#website\"},\"primaryImageOfPage\":{\"@id\":\"https:\\\/\\\/insektenliebe.com\\\/de\\\/shop\\\/produkt\\\/winterverpackung\\\/#primaryimage\"},\"image\":{\"@id\":\"https:\\\/\\\/insektenliebe.com\\\/de\\\/shop\\\/produkt\\\/winterverpackung\\\/#primaryimage\"},\"thumbnailUrl\":\"https:\\\/\\\/insektenliebe.com\\\/wp-content\\\/uploads\\\/2021\\\/02\\\/Winterverpackung-1-scaled.jpg\",\"datePublished\":\"2018-10-10T11:42:53+00:00\",\"dateModified\":\"2026-04-06T15:24:13+00:00\",\"breadcrumb\":{\"@id\":\"https:\\\/\\\/insektenliebe.com\\\/de\\\/shop\\\/produkt\\\/winterverpackung\\\/#breadcrumb\"},\"inLanguage\":\"de\",\"potentialAction\":[{\"@type\":\"ReadAction\",\"target\":[\"https:\\\/\\\/insektenliebe.com\\\/de\\\/shop\\\/produkt\\\/winterverpackung\\\/\"]}]},{\"@type\":\"ImageObject\",\"inLanguage\":\"de\",\"@id\":\"https:\\\/\\\/insektenliebe.com\\\/de\\\/shop\\\/produkt\\\/winterverpackung\\\/#primaryimage\",\"url\":\"https:\\\/\\\/insektenliebe.com\\\/wp-content\\\/uploads\\\/2021\\\/02\\\/Winterverpackung-1-scaled.jpg\",\"contentUrl\":\"https:\\\/\\\/insektenliebe.com\\\/wp-content\\\/uploads\\\/2021\\\/02\\\/Winterverpackung-1-scaled.jpg\",\"width\":2560,\"height\":2560,\"caption\":\"Winterverpackung\"},{\"@type\":\"BreadcrumbList\",\"@id\":\"https:\\\/\\\/insektenliebe.com\\\/de\\\/shop\\\/produkt\\\/winterverpackung\\\/#breadcrumb\",\"itemListElement\":[{\"@type\":\"ListItem\",\"position\":1,\"name\":\"Startseite\",\"item\":\"https:\\\/\\\/insektenliebe.com\\\/de\\\/\"},{\"@type\":\"ListItem\",\"position\":2,\"name\":\"Shop\",\"item\":\"https:\\\/\\\/insektenliebe.com\\\/de\\\/shop\\\/\"},{\"@type\":\"ListItem\",\"position\":3,\"name\":\"Winterverpackung\"}]},{\"@type\":\"WebSite\",\"@id\":\"https:\\\/\\\/insektenliebe.com\\\/de\\\/#website\",\"url\":\"https:\\\/\\\/insektenliebe.com\\\/de\\\/\",\"name\":\"Insektenliebe\",\"description\":\"Dein Zuhause f\u00fcr die kleinen Lebewesen\",\"publisher\":{\"@id\":\"https:\\\/\\\/insektenliebe.com\\\/de\\\/#organization\"},\"potentialAction\":[{\"@type\":\"SearchAction\",\"target\":{\"@type\":\"EntryPoint\",\"urlTemplate\":\"https:\\\/\\\/insektenliebe.com\\\/de\\\/?s={search_term_string}\"},\"query-input\":{\"@type\":\"PropertyValueSpecification\",\"valueRequired\":true,\"valueName\":\"search_term_string\"}}],\"inLanguage\":\"de\"},{\"@type\":\"Organization\",\"@id\":\"https:\\\/\\\/insektenliebe.com\\\/de\\\/#organization\",\"name\":\"Insektenliebe\",\"url\":\"https:\\\/\\\/insektenliebe.com\\\/de\\\/\",\"logo\":{\"@type\":\"ImageObject\",\"inLanguage\":\"de\",\"@id\":\"https:\\\/\\\/insektenliebe.com\\\/de\\\/#\\\/schema\\\/logo\\\/image\\\/\",\"url\":\"https:\\\/\\\/insektenliebe.com\\\/wp-content\\\/uploads\\\/2025\\\/03\\\/logo-white.png\",\"contentUrl\":\"https:\\\/\\\/insektenliebe.com\\\/wp-content\\\/uploads\\\/2025\\\/03\\\/logo-white.png\",\"width\":288,\"height\":188,\"caption\":\"Insektenliebe\"},\"image\":{\"@id\":\"https:\\\/\\\/insektenliebe.com\\\/de\\\/#\\\/schema\\\/logo\\\/image\\\/\"}}]}<\/script>\n<!-- \/ Yoast SEO plugin. -->","yoast_head_json":{"title":"Winterverpackung - Insektenliebe","robots":{"index":"index","follow":"follow","max-snippet":"max-snippet:-1","max-image-preview":"max-image-preview:large","max-video-preview":"max-video-preview:-1"},"canonical":"https:\/\/insektenliebe.com\/de\/shop\/produkt\/winterverpackung\/","og_locale":"de_DE","og_type":"article","og_title":"Winterverpackung - Insektenliebe","og_description":"Informationen zur Winterverpackung Grunds\u00e4tzliche empfehlen wir einen Winterversand von Oktober bis April. Sinken die Temperaturen dauerhaft unter 10\u00b0, ist eine Winterverpackung unerl\u00e4sslich. Sobald sich die Wetterlage dementsprechend \u00e4ndert, f\u00fcgt das Shopsystem bei einer Tierbestellung die Winterverpackung automatisch mit in den Warenkorb. Damit die Asseln und Insekten im Winter w\u00e4hrend des Versands keine Erfrierungen erhalten, m\u00fcssen [&hellip;]","og_url":"https:\/\/insektenliebe.com\/de\/shop\/produkt\/winterverpackung\/","og_site_name":"Insektenliebe","article_modified_time":"2026-04-06T15:24:13+00:00","og_image":[{"width":2560,"height":2560,"url":"https:\/\/insektenliebe.com\/wp-content\/uploads\/2021\/02\/Winterverpackung-1-scaled.jpg","type":"image\/jpeg"}],"twitter_card":"summary_large_image","twitter_misc":{"Gesch\u00e4tzte Lesezeit":"2\u00a0Minuten"},"schema":{"@context":"https:\/\/schema.org","@graph":[{"@type":"WebPage","@id":"https:\/\/insektenliebe.com\/de\/shop\/produkt\/winterverpackung\/","url":"https:\/\/insektenliebe.com\/de\/shop\/produkt\/winterverpackung\/","name":"Winterverpackung - Insektenliebe","isPartOf":{"@id":"https:\/\/insektenliebe.com\/de\/#website"},"primaryImageOfPage":{"@id":"https:\/\/insektenliebe.com\/de\/shop\/produkt\/winterverpackung\/#primaryimage"},"image":{"@id":"https:\/\/insektenliebe.com\/de\/shop\/produkt\/winterverpackung\/#primaryimage"},"thumbnailUrl":"https:\/\/insektenliebe.com\/wp-content\/uploads\/2021\/02\/Winterverpackung-1-scaled.jpg","datePublished":"2018-10-10T11:42:53+00:00","dateModified":"2026-04-06T15:24:13+00:00","breadcrumb":{"@id":"https:\/\/insektenliebe.com\/de\/shop\/produkt\/winterverpackung\/#breadcrumb"},"inLanguage":"de","potentialAction":[{"@type":"ReadAction","target":["https:\/\/insektenliebe.com\/de\/shop\/produkt\/winterverpackung\/"]}]},{"@type":"ImageObject","inLanguage":"de","@id":"https:\/\/insektenliebe.com\/de\/shop\/produkt\/winterverpackung\/#primaryimage","url":"https:\/\/insektenliebe.com\/wp-content\/uploads\/2021\/02\/Winterverpackung-1-scaled.jpg","contentUrl":"https:\/\/insektenliebe.com\/wp-content\/uploads\/2021\/02\/Winterverpackung-1-scaled.jpg","width":2560,"height":2560,"caption":"Winterverpackung"},{"@type":"BreadcrumbList","@id":"https:\/\/insektenliebe.com\/de\/shop\/produkt\/winterverpackung\/#breadcrumb","itemListElement":[{"@type":"ListItem","position":1,"name":"Startseite","item":"https:\/\/insektenliebe.com\/de\/"},{"@type":"ListItem","position":2,"name":"Shop","item":"https:\/\/insektenliebe.com\/de\/shop\/"},{"@type":"ListItem","position":3,"name":"Winterverpackung"}]},{"@type":"WebSite","@id":"https:\/\/insektenliebe.com\/de\/#website","url":"https:\/\/insektenliebe.com\/de\/","name":"Insektenliebe","description":"Dein Zuhause f\u00fcr die kleinen Lebewesen","publisher":{"@id":"https:\/\/insektenliebe.com\/de\/#organization"},"potentialAction":[{"@type":"SearchAction","target":{"@type":"EntryPoint","urlTemplate":"https:\/\/insektenliebe.com\/de\/?s={search_term_string}"},"query-input":{"@type":"PropertyValueSpecification","valueRequired":true,"valueName":"search_term_string"}}],"inLanguage":"de"},{"@type":"Organization","@id":"https:\/\/insektenliebe.com\/de\/#organization","name":"Insektenliebe","url":"https:\/\/insektenliebe.com\/de\/","logo":{"@type":"ImageObject","inLanguage":"de","@id":"https:\/\/insektenliebe.com\/de\/#\/schema\/logo\/image\/","url":"https:\/\/insektenliebe.com\/wp-content\/uploads\/2025\/03\/logo-white.png","contentUrl":"https:\/\/insektenliebe.com\/wp-content\/uploads\/2025\/03\/logo-white.png","width":288,"height":188,"caption":"Insektenliebe"},"image":{"@id":"https:\/\/insektenliebe.com\/de\/#\/schema\/logo\/image\/"}}]}},"_links":{"self":[{"href":"https:\/\/insektenliebe.com\/de\/wp-json\/wp\/v2\/product\/31","targetHints":{"allow":["GET"]}}],"collection":[{"href":"https:\/\/insektenliebe.com\/de\/wp-json\/wp\/v2\/product"}],"about":[{"href":"https:\/\/insektenliebe.com\/de\/wp-json\/wp\/v2\/types\/product"}],"wp:featuredmedia":[{"embeddable":true,"href":"https:\/\/insektenliebe.com\/de\/wp-json\/wp\/v2\/media\/135403"}],"wp:attachment":[{"href":"https:\/\/insektenliebe.com\/de\/wp-json\/wp\/v2\/media?parent=31"}],"wp:term":[{"taxonomy":"product-supplier","embeddable":true,"href":"https:\/\/insektenliebe.com\/de\/wp-json\/wp\/v2\/product-supplier?post=31"},{"taxonomy":"product_brand","embeddable":true,"href":"https:\/\/insektenliebe.com\/de\/wp-json\/wp\/v2\/product_brand?post=31"},{"taxonomy":"product_cat","embeddable":true,"href":"https:\/\/insektenliebe.com\/de\/wp-json\/wp\/v2\/product_cat?post=31"},{"taxonomy":"product_tag","embeddable":true,"href":"https:\/\/insektenliebe.com\/de\/wp-json\/wp\/v2\/product_tag?post=31"},{"taxonomy":"lce-checkout-addons","embeddable":true,"href":"https:\/\/insektenliebe.com\/de\/wp-json\/wp\/v2\/lce-checkout-addons?post=31"}],"curies":[{"name":"wp","href":"https:\/\/api.w.org\/{rel}","templated":true}]}}