{"id":200124,"date":"2026-04-17T18:19:46","date_gmt":"2026-04-17T16:19:46","guid":{"rendered":"https:\/\/insektenliebe.com\/?post_type=product&#038;p=200124"},"modified":"2026-04-17T18:25:44","modified_gmt":"2026-04-17T16:25:44","slug":"siliquofera-grandis","status":"publish","type":"product","link":"https:\/\/insektenliebe.com\/de\/shop\/produkt\/siliquofera-grandis\/","title":{"rendered":"Siliquofera grandis"},"content":{"rendered":"<h3><span class=\"s1\" style=\"color: #99cc33;\">Gro\u00df, ruhig und faszinierend \u2013 Siliquofera grandis<\/span><\/h3>\n<p class=\"p1\"><strong><span class=\"s1\">Siliquofera grandis<\/span><\/strong><span class=\"s2\"> geh\u00f6rt zu den gr\u00f6\u00dften Riesenblattschrecken \u00fcberhaupt, und genau dadurch wirkt sie im Terrarium besonders beeindruckend. Gleichzeitig sorgt ihre nat\u00fcrliche Form daf\u00fcr, dass sie sich perfekt tarnt, sodass sie oft erst auf den zweiten Blick auff\u00e4llt.<\/span><\/p>\n<p class=\"p1\"><span class=\"s2\">Die Tiere zeigen eine blattartige Optik, w\u00e4hrend sie sich eng an \u00c4ste und Zweige anpassen. Dadurch entsteht ein sehr nat\u00fcrlicher Eindruck, und gleichzeitig wirkt das gesamte Terrarium deutlich lebendiger.<\/span><\/p>\n<p class=\"p1\"><span class=\"s2\">Tags\u00fcber bleiben die Tiere meist ruhig, w\u00e4hrend sie sich gut verstecken. Sobald es jedoch dunkler wird, werden sie aktiv, und dann beginnen sie zu fressen und sich zu bewegen. Dadurch kannst du vor allem abends spannende Beobachtungen machen.<\/span><\/p>\n<p class=\"p1\"><span class=\"s2\">F\u00fcr die Haltung solltest du unbedingt ein <\/span><span class=\"s1\">hoch gebautes Terrarium<\/span><span class=\"s2\"> w\u00e4hlen, da die Tiere die H\u00f6he aktiv nutzen. F\u00fcr ein adultes Tier empfehlen sich mindestens <\/span><span class=\"s1\">30 \u00d7 30 \u00d7 45 cm<\/span><span class=\"s2\">, wobei mehr H\u00f6he immer von Vorteil ist, da die Tiere sich so besser h\u00e4uten k\u00f6nnen.<\/span><\/p>\n<p class=\"p1\"><span class=\"s2\">Die Einrichtung sollte aus vielen <\/span><span class=\"s1\">senkrechten \u00c4sten bestehen<\/span><span class=\"s2\">, damit die Tiere klettern k\u00f6nnen. Gleichzeitig ben\u00f6tigen sie ausreichend Platz nach unten, damit sie sich problemlos h\u00e4uten k\u00f6nnen.<\/span><\/p>\n<p class=\"p1\"><span class=\"s2\">Die Temperaturen h\u00e4ltst du tags\u00fcber bei etwa <\/span><span class=\"s1\">25\u201328 \u00b0C<\/span><span class=\"s2\">, w\u00e4hrend du sie nachts einfach auf Zimmertemperatur absinken l\u00e4sst. Dadurch entsteht ein nat\u00fcrlicher Rhythmus, und gleichzeitig bleiben die Tiere aktiv und gesund.<\/span><\/p>\n<p class=\"p1\"><span class=\"s2\">Auch die Luftfeuchtigkeit spielt eine wichtige Rolle, weshalb du sie konstant zwischen <\/span><span class=\"s1\">60 und 80 %<\/span><span class=\"s2\"> h\u00e4ltst. Daf\u00fcr spr\u00fchst du das Terrarium regelm\u00e4\u00dfig leicht ein, und so entstehen kleine Wassertropfen auf den Bl\u00e4ttern.<\/span><\/p>\n<p class=\"p1\"><span class=\"s2\">Diese Tropfen nutzen die Tiere aktiv zur Fl\u00fcssigkeitsaufnahme, wodurch du keinen zus\u00e4tzlichen Wassernapf ben\u00f6tigst. Gleichzeitig unterst\u00fctzt das Spr\u00fchen ein stabiles Klima im Terrarium.<\/span><\/p>\n<p class=\"p1\"><span class=\"s2\">Bei der F\u00fctterung bleibt die Art angenehm unkompliziert, denn sie frisst zuverl\u00e4ssig <\/span><span class=\"s1\">Brombeerbl\u00e4tter<\/span><span class=\"s2\">, die die Hauptnahrung darstellen. Zus\u00e4tzlich kannst du <\/span><span class=\"s1\">Apfelst\u00fccke<\/span><span class=\"s2\"> anbieten, da diese zus\u00e4tzliche Feuchtigkeit liefern und gerne angenommen werden.<\/span><\/p>\n<p class=\"p1\"><span class=\"s2\">Wichtig ist jedoch, dass du das Futter regelm\u00e4\u00dfig austauschst, damit es frisch bleibt und die Tiere konstant gut versorgt sind.<\/span><\/p>\n<p class=\"p1\"><span class=\"s2\">Durch ihre <\/span><span class=\"s1\">Gr\u00f6\u00dfe, ihre ruhige Art und ihre einfache Haltung<\/span><span class=\"s2\"> eignet sich <\/span><span class=\"s1\">Siliquofera grandis<\/span><span class=\"s2\"> perfekt f\u00fcr Halter, die ein beeindruckendes, aber dennoch pflegeleichtes Tier suchen.<\/span><\/p>\n<p class=\"p1\"><span class=\"s2\">Mit dieser Art holst du dir ein echtes <\/span><span class=\"s1\">Naturhighlight in XXL<\/span><span class=\"s2\"> ins Terrarium, das durch seine Gr\u00f6\u00dfe, seine Tarnung und sein Verhalten dauerhaft begeistert. <\/span><\/p>\n","protected":false},"excerpt":{"rendered":"<p>Gro\u00df, ruhig und faszinierend \u2013 Siliquofera grandis Siliquofera grandis geh\u00f6rt zu den gr\u00f6\u00dften Riesenblattschrecken \u00fcberhaupt, und genau dadurch wirkt sie im Terrarium besonders beeindruckend. Gleichzeitig sorgt ihre nat\u00fcrliche Form daf\u00fcr, dass sie sich perfekt tarnt, sodass sie oft erst auf den zweiten Blick auff\u00e4llt. Die Tiere zeigen eine blattartige Optik, w\u00e4hrend sie sich eng an [&hellip;]<\/p>\n","protected":false},"featured_media":200212,"template":"","meta":{"_acf_changed":false},"product-supplier":[2689],"product_brand":[],"product_cat":[143],"product_tag":[],"lce-checkout-addons":[1202],"class_list":{"0":"post-200124","1":"product","2":"type-product","3":"status-publish","4":"has-post-thumbnail","6":"product_cat-sonstige-wirbellose","7":"product_shipping_class-animal-shipping","8":"pa_geschlecht-maennlich","9":"pa_geschlecht-unbestimmt","10":"pa_geschlecht-weiblich","11":"pa_herkunft-neuguinea","12":"pa_kontinent-australien","13":"lce-checkout-addons-winterverpackung","15":"first","16":"instock","17":"taxable","18":"shipping-taxable","19":"purchasable","20":"product-type-variable"},"acf":[],"yoast_head":"<!-- This site is optimized with the Yoast SEO plugin v27.3 - https:\/\/yoast.com\/product\/yoast-seo-wordpress\/ -->\n<title>Siliquofera grandis - Insektenliebe<\/title>\n<meta name=\"description\" content=\"Siliquofera grandis \u2013 beeindruckende Gespenstschrecke mit gro\u00dfer Spannweite. Haltung mit Brombeer-, Eichenbl\u00e4ttern und Apfel.\" \/>\n<meta name=\"robots\" content=\"index, follow, max-snippet:-1, max-image-preview:large, max-video-preview:-1\" \/>\n<link rel=\"canonical\" href=\"https:\/\/insektenliebe.com\/de\/shop\/produkt\/siliquofera-grandis\/\" \/>\n<meta property=\"og:locale\" content=\"de_DE\" \/>\n<meta property=\"og:type\" content=\"article\" \/>\n<meta property=\"og:title\" content=\"Siliquofera grandis - Insektenliebe\" \/>\n<meta property=\"og:description\" content=\"Siliquofera grandis \u2013 beeindruckende Gespenstschrecke mit gro\u00dfer Spannweite. Haltung mit Brombeer-, Eichenbl\u00e4ttern und Apfel.\" \/>\n<meta property=\"og:url\" content=\"https:\/\/insektenliebe.com\/de\/shop\/produkt\/siliquofera-grandis\/\" \/>\n<meta property=\"og:site_name\" content=\"Insektenliebe\" \/>\n<meta property=\"article:modified_time\" content=\"2026-04-17T16:25:44+00:00\" \/>\n<meta property=\"og:image\" content=\"https:\/\/insektenliebe.com\/wp-content\/uploads\/2026\/04\/Siliquofera-grandis.jpg\" \/>\n\t<meta property=\"og:image:width\" content=\"820\" \/>\n\t<meta property=\"og:image:height\" content=\"820\" \/>\n\t<meta property=\"og:image:type\" content=\"image\/jpeg\" \/>\n<meta name=\"twitter:card\" content=\"summary_large_image\" \/>\n<meta name=\"twitter:label1\" content=\"Gesch\u00e4tzte Lesezeit\" \/>\n\t<meta name=\"twitter:data1\" content=\"3\u00a0Minuten\" \/>\n<script type=\"application\/ld+json\" class=\"yoast-schema-graph\">{\"@context\":\"https:\\\/\\\/schema.org\",\"@graph\":[{\"@type\":\"WebPage\",\"@id\":\"https:\\\/\\\/insektenliebe.com\\\/de\\\/shop\\\/produkt\\\/siliquofera-grandis\\\/\",\"url\":\"https:\\\/\\\/insektenliebe.com\\\/de\\\/shop\\\/produkt\\\/siliquofera-grandis\\\/\",\"name\":\"Siliquofera grandis - Insektenliebe\",\"isPartOf\":{\"@id\":\"https:\\\/\\\/insektenliebe.com\\\/de\\\/#website\"},\"primaryImageOfPage\":{\"@id\":\"https:\\\/\\\/insektenliebe.com\\\/de\\\/shop\\\/produkt\\\/siliquofera-grandis\\\/#primaryimage\"},\"image\":{\"@id\":\"https:\\\/\\\/insektenliebe.com\\\/de\\\/shop\\\/produkt\\\/siliquofera-grandis\\\/#primaryimage\"},\"thumbnailUrl\":\"https:\\\/\\\/insektenliebe.com\\\/wp-content\\\/uploads\\\/2026\\\/04\\\/Siliquofera-grandis.jpg\",\"datePublished\":\"2026-04-17T16:19:46+00:00\",\"dateModified\":\"2026-04-17T16:25:44+00:00\",\"description\":\"Siliquofera grandis \u2013 beeindruckende Gespenstschrecke mit gro\u00dfer Spannweite. Haltung mit Brombeer-, Eichenbl\u00e4ttern und Apfel.\",\"breadcrumb\":{\"@id\":\"https:\\\/\\\/insektenliebe.com\\\/de\\\/shop\\\/produkt\\\/siliquofera-grandis\\\/#breadcrumb\"},\"inLanguage\":\"de\",\"potentialAction\":[{\"@type\":\"ReadAction\",\"target\":[\"https:\\\/\\\/insektenliebe.com\\\/de\\\/shop\\\/produkt\\\/siliquofera-grandis\\\/\"]}]},{\"@type\":\"ImageObject\",\"inLanguage\":\"de\",\"@id\":\"https:\\\/\\\/insektenliebe.com\\\/de\\\/shop\\\/produkt\\\/siliquofera-grandis\\\/#primaryimage\",\"url\":\"https:\\\/\\\/insektenliebe.com\\\/wp-content\\\/uploads\\\/2026\\\/04\\\/Siliquofera-grandis.jpg\",\"contentUrl\":\"https:\\\/\\\/insektenliebe.com\\\/wp-content\\\/uploads\\\/2026\\\/04\\\/Siliquofera-grandis.jpg\",\"width\":820,\"height\":820,\"caption\":\"Siliquofera grandis\"},{\"@type\":\"BreadcrumbList\",\"@id\":\"https:\\\/\\\/insektenliebe.com\\\/de\\\/shop\\\/produkt\\\/siliquofera-grandis\\\/#breadcrumb\",\"itemListElement\":[{\"@type\":\"ListItem\",\"position\":1,\"name\":\"Startseite\",\"item\":\"https:\\\/\\\/insektenliebe.com\\\/de\\\/\"},{\"@type\":\"ListItem\",\"position\":2,\"name\":\"Shop\",\"item\":\"https:\\\/\\\/insektenliebe.com\\\/de\\\/shop\\\/\"},{\"@type\":\"ListItem\",\"position\":3,\"name\":\"Siliquofera grandis\"}]},{\"@type\":\"WebSite\",\"@id\":\"https:\\\/\\\/insektenliebe.com\\\/de\\\/#website\",\"url\":\"https:\\\/\\\/insektenliebe.com\\\/de\\\/\",\"name\":\"Insektenliebe\",\"description\":\"Dein Zuhause f\u00fcr die kleinen Lebewesen\",\"publisher\":{\"@id\":\"https:\\\/\\\/insektenliebe.com\\\/de\\\/#organization\"},\"potentialAction\":[{\"@type\":\"SearchAction\",\"target\":{\"@type\":\"EntryPoint\",\"urlTemplate\":\"https:\\\/\\\/insektenliebe.com\\\/de\\\/?s={search_term_string}\"},\"query-input\":{\"@type\":\"PropertyValueSpecification\",\"valueRequired\":true,\"valueName\":\"search_term_string\"}}],\"inLanguage\":\"de\"},{\"@type\":\"Organization\",\"@id\":\"https:\\\/\\\/insektenliebe.com\\\/de\\\/#organization\",\"name\":\"Insektenliebe\",\"url\":\"https:\\\/\\\/insektenliebe.com\\\/de\\\/\",\"logo\":{\"@type\":\"ImageObject\",\"inLanguage\":\"de\",\"@id\":\"https:\\\/\\\/insektenliebe.com\\\/de\\\/#\\\/schema\\\/logo\\\/image\\\/\",\"url\":\"https:\\\/\\\/insektenliebe.com\\\/wp-content\\\/uploads\\\/2025\\\/03\\\/logo-white.png\",\"contentUrl\":\"https:\\\/\\\/insektenliebe.com\\\/wp-content\\\/uploads\\\/2025\\\/03\\\/logo-white.png\",\"width\":288,\"height\":188,\"caption\":\"Insektenliebe\"},\"image\":{\"@id\":\"https:\\\/\\\/insektenliebe.com\\\/de\\\/#\\\/schema\\\/logo\\\/image\\\/\"}}]}<\/script>\n<!-- \/ Yoast SEO plugin. -->","yoast_head_json":{"title":"Siliquofera grandis - Insektenliebe","description":"Siliquofera grandis \u2013 beeindruckende Gespenstschrecke mit gro\u00dfer Spannweite. Haltung mit Brombeer-, Eichenbl\u00e4ttern und Apfel.","robots":{"index":"index","follow":"follow","max-snippet":"max-snippet:-1","max-image-preview":"max-image-preview:large","max-video-preview":"max-video-preview:-1"},"canonical":"https:\/\/insektenliebe.com\/de\/shop\/produkt\/siliquofera-grandis\/","og_locale":"de_DE","og_type":"article","og_title":"Siliquofera grandis - Insektenliebe","og_description":"Siliquofera grandis \u2013 beeindruckende Gespenstschrecke mit gro\u00dfer Spannweite. Haltung mit Brombeer-, Eichenbl\u00e4ttern und Apfel.","og_url":"https:\/\/insektenliebe.com\/de\/shop\/produkt\/siliquofera-grandis\/","og_site_name":"Insektenliebe","article_modified_time":"2026-04-17T16:25:44+00:00","og_image":[{"width":820,"height":820,"url":"https:\/\/insektenliebe.com\/wp-content\/uploads\/2026\/04\/Siliquofera-grandis.jpg","type":"image\/jpeg"}],"twitter_card":"summary_large_image","twitter_misc":{"Gesch\u00e4tzte Lesezeit":"3\u00a0Minuten"},"schema":{"@context":"https:\/\/schema.org","@graph":[{"@type":"WebPage","@id":"https:\/\/insektenliebe.com\/de\/shop\/produkt\/siliquofera-grandis\/","url":"https:\/\/insektenliebe.com\/de\/shop\/produkt\/siliquofera-grandis\/","name":"Siliquofera grandis - Insektenliebe","isPartOf":{"@id":"https:\/\/insektenliebe.com\/de\/#website"},"primaryImageOfPage":{"@id":"https:\/\/insektenliebe.com\/de\/shop\/produkt\/siliquofera-grandis\/#primaryimage"},"image":{"@id":"https:\/\/insektenliebe.com\/de\/shop\/produkt\/siliquofera-grandis\/#primaryimage"},"thumbnailUrl":"https:\/\/insektenliebe.com\/wp-content\/uploads\/2026\/04\/Siliquofera-grandis.jpg","datePublished":"2026-04-17T16:19:46+00:00","dateModified":"2026-04-17T16:25:44+00:00","description":"Siliquofera grandis \u2013 beeindruckende Gespenstschrecke mit gro\u00dfer Spannweite. Haltung mit Brombeer-, Eichenbl\u00e4ttern und Apfel.","breadcrumb":{"@id":"https:\/\/insektenliebe.com\/de\/shop\/produkt\/siliquofera-grandis\/#breadcrumb"},"inLanguage":"de","potentialAction":[{"@type":"ReadAction","target":["https:\/\/insektenliebe.com\/de\/shop\/produkt\/siliquofera-grandis\/"]}]},{"@type":"ImageObject","inLanguage":"de","@id":"https:\/\/insektenliebe.com\/de\/shop\/produkt\/siliquofera-grandis\/#primaryimage","url":"https:\/\/insektenliebe.com\/wp-content\/uploads\/2026\/04\/Siliquofera-grandis.jpg","contentUrl":"https:\/\/insektenliebe.com\/wp-content\/uploads\/2026\/04\/Siliquofera-grandis.jpg","width":820,"height":820,"caption":"Siliquofera grandis"},{"@type":"BreadcrumbList","@id":"https:\/\/insektenliebe.com\/de\/shop\/produkt\/siliquofera-grandis\/#breadcrumb","itemListElement":[{"@type":"ListItem","position":1,"name":"Startseite","item":"https:\/\/insektenliebe.com\/de\/"},{"@type":"ListItem","position":2,"name":"Shop","item":"https:\/\/insektenliebe.com\/de\/shop\/"},{"@type":"ListItem","position":3,"name":"Siliquofera grandis"}]},{"@type":"WebSite","@id":"https:\/\/insektenliebe.com\/de\/#website","url":"https:\/\/insektenliebe.com\/de\/","name":"Insektenliebe","description":"Dein Zuhause f\u00fcr die kleinen Lebewesen","publisher":{"@id":"https:\/\/insektenliebe.com\/de\/#organization"},"potentialAction":[{"@type":"SearchAction","target":{"@type":"EntryPoint","urlTemplate":"https:\/\/insektenliebe.com\/de\/?s={search_term_string}"},"query-input":{"@type":"PropertyValueSpecification","valueRequired":true,"valueName":"search_term_string"}}],"inLanguage":"de"},{"@type":"Organization","@id":"https:\/\/insektenliebe.com\/de\/#organization","name":"Insektenliebe","url":"https:\/\/insektenliebe.com\/de\/","logo":{"@type":"ImageObject","inLanguage":"de","@id":"https:\/\/insektenliebe.com\/de\/#\/schema\/logo\/image\/","url":"https:\/\/insektenliebe.com\/wp-content\/uploads\/2025\/03\/logo-white.png","contentUrl":"https:\/\/insektenliebe.com\/wp-content\/uploads\/2025\/03\/logo-white.png","width":288,"height":188,"caption":"Insektenliebe"},"image":{"@id":"https:\/\/insektenliebe.com\/de\/#\/schema\/logo\/image\/"}}]}},"_links":{"self":[{"href":"https:\/\/insektenliebe.com\/de\/wp-json\/wp\/v2\/product\/200124","targetHints":{"allow":["GET"]}}],"collection":[{"href":"https:\/\/insektenliebe.com\/de\/wp-json\/wp\/v2\/product"}],"about":[{"href":"https:\/\/insektenliebe.com\/de\/wp-json\/wp\/v2\/types\/product"}],"wp:featuredmedia":[{"embeddable":true,"href":"https:\/\/insektenliebe.com\/de\/wp-json\/wp\/v2\/media\/200212"}],"wp:attachment":[{"href":"https:\/\/insektenliebe.com\/de\/wp-json\/wp\/v2\/media?parent=200124"}],"wp:term":[{"taxonomy":"product-supplier","embeddable":true,"href":"https:\/\/insektenliebe.com\/de\/wp-json\/wp\/v2\/product-supplier?post=200124"},{"taxonomy":"product_brand","embeddable":true,"href":"https:\/\/insektenliebe.com\/de\/wp-json\/wp\/v2\/product_brand?post=200124"},{"taxonomy":"product_cat","embeddable":true,"href":"https:\/\/insektenliebe.com\/de\/wp-json\/wp\/v2\/product_cat?post=200124"},{"taxonomy":"product_tag","embeddable":true,"href":"https:\/\/insektenliebe.com\/de\/wp-json\/wp\/v2\/product_tag?post=200124"},{"taxonomy":"lce-checkout-addons","embeddable":true,"href":"https:\/\/insektenliebe.com\/de\/wp-json\/wp\/v2\/lce-checkout-addons?post=200124"}],"curies":[{"name":"wp","href":"https:\/\/api.w.org\/{rel}","templated":true}]}}