{"id":193338,"date":"2026-03-11T16:49:19","date_gmt":"2026-03-11T15:49:19","guid":{"rendered":"https:\/\/insektenliebe.com\/?post_type=product&#038;p=193338"},"modified":"2026-04-17T17:02:44","modified_gmt":"2026-04-17T15:02:44","slug":"porcellio-scaber-moonstone","status":"publish","type":"product","link":"https:\/\/insektenliebe.com\/de\/shop\/produkt\/porcellio-scaber-moonstone\/","title":{"rendered":"Porcellio scaber \"Moonstone\""},"content":{"rendered":"<h3><span class=\"s1\" style=\"color: #99cc33\">Porcellio scaber \u201cMoonstone\u201d \u2013 Robuste Assel mit besonderem Look<\/span><\/h3>\n<p class=\"p1\"><strong><span class=\"s1\">Porcellio scaber \u201cMoonstone\u201d<\/span><\/strong><span class=\"s2\"> ist eine besonders auff\u00e4llige Farbform der bekannten Asselart <\/span><span class=\"s1\">Porcellio scaber<\/span><span class=\"s2\">. Diese Art stammt urspr\u00fcnglich aus Europa, jedoch hat sie sich inzwischen weltweit verbreitet. Gleichzeitig geh\u00f6rt sie zu den robustesten und anpassungsf\u00e4higsten Asseln in der Terraristik.<\/span><\/p>\n<p class=\"p1\"><span class=\"s2\">Die Farbform <\/span><span class=\"s1\">\u201cMoonstone\u201d<\/span><span class=\"s2\"> besitzt eine <\/span><span class=\"s1\">helle, silbrig bis beige gef\u00e4rbte Grundfarbe<\/span><span class=\"s2\">, wodurch sie sich deutlich von der wildfarbenen Form unterscheidet. Zus\u00e4tzlich zeigen viele Tiere eine <\/span><span class=\"s1\">marmorierte Zeichnung<\/span><span class=\"s2\">, wodurch jedes Tier ein individuelles Muster besitzt. Dadurch wirkt eine Gruppe dieser Asseln besonders abwechslungsreich im Terrarium.<\/span><\/p>\n<p class=\"p1\"><span class=\"s2\">Mit einer Gr\u00f6\u00dfe von etwa <\/span><span class=\"s1\">1,5 bis 2 cm<\/span><span class=\"s2\"> geh\u00f6rt <\/span><strong><span class=\"s1\">Porcellio scaber \u201cMoonstone\u201d<\/span><\/strong><span class=\"s2\"> zu den mittelgro\u00dfen Asselarten. Gleichzeitig sind die Tiere sehr aktiv und deshalb h\u00e4ufig im Terrarium zu beobachten. Im Gegensatz zu Rollasseln k\u00f6nnen sich diese Asseln <\/span><span class=\"s1\">nicht zu einer Kugel zusammenrollen<\/span><span class=\"s2\">, sondern sie fl\u00fcchten schnell unter Laub oder Rinde.<\/span><\/p>\n<p class=\"p1\"><span class=\"s2\">F\u00fcr die Haltung eignet sich sowohl ein <\/span><span class=\"s1\">Asselterrarium<\/span><span class=\"s2\"> als auch eine gut bel\u00fcftete <\/span><span class=\"s1\">Kunststoffbox<\/span><span class=\"s2\">. Bereits ein Beh\u00e4lter ab etwa <\/span><span class=\"s1\">5 Litern Volumen<\/span><span class=\"s2\"> reicht f\u00fcr eine kleine Gruppe aus. Gleichzeitig profitieren die Tiere jedoch von gr\u00f6\u00dferen Becken, da sie sich dort besser ausbreiten k\u00f6nnen.<\/span><\/p>\n<p class=\"p1\"><span class=\"s2\">Als Bodengrund empfiehlt sich ein <\/span><span class=\"s1\">n\u00e4hrstoffreiches Substrat<\/span><span class=\"s2\">, das beispielsweise aus Waldhumus, Laub und wei\u00dffaulem Holz besteht. Zus\u00e4tzlich sollte eine dicke <\/span><span class=\"s1\">Laubschicht<\/span><span class=\"s2\"> auf dem Bodengrund liegen. Einerseits dient sie als Nahrung und andererseits bietet sie viele Versteckm\u00f6glichkeiten.<\/span><\/p>\n<p class=\"p1\"><span class=\"s2\">Das Terrarium sollte <\/span><span class=\"s1\">teilweise feucht und teilweise trocken<\/span><span class=\"s2\"> gehalten werden. Dadurch k\u00f6nnen sich die Tiere ihren bevorzugten Aufenthaltsort selbst aussuchen. Gleichzeitig verhindert diese Methode, dass das gesamte Substrat zu nass wird. Temperaturen zwischen <\/span><span class=\"s1\">20 und 26 \u00b0C<\/span><span class=\"s2\"> sind f\u00fcr die Haltung ideal.<\/span><\/p>\n<p class=\"p1\"><span class=\"s2\">Wie viele andere Asseln ben\u00f6tigen auch <\/span><strong><span class=\"s1\">Porcellio scaber \u201cMoonstone\u201d<\/span><\/strong><span class=\"s2\"> eine <\/span><span class=\"s1\">Calciumquelle<\/span><span class=\"s2\">. Deshalb sollte immer <\/span><span class=\"s1\">Sepia oder zerkleinerte Eierschale<\/span><span class=\"s2\"> angeboten werden.<\/span><\/p>\n<p class=\"p1\"><span class=\"s2\">Als Hauptnahrung dient <\/span><span class=\"s1\">verrottetes Laub sowie wei\u00dffaules Holz<\/span><span class=\"s2\">, jedoch nehmen die Tiere zus\u00e4tzlich gerne <\/span><span class=\"s1\">Gem\u00fcse, Bl\u00fcten oder Asselfutter<\/span><span class=\"s2\"> an. Dadurch l\u00e4sst sich die Ern\u00e4hrung sehr abwechslungsreich gestalten.<\/span><\/p>\n<p class=\"p1\"><span class=\"s2\">Durch ihre <\/span><span class=\"s1\">robuste Natur<\/span><span class=\"s2\">, ihre <\/span><span class=\"s1\">interessante Zeichnung<\/span><span class=\"s2\"> und ihre <\/span><span class=\"s1\">einfache Haltung<\/span><span class=\"s2\"> eignet sich <\/span><strong><span class=\"s1\">Porcellio scaber \u201cMoonstone\u201d<\/span><\/strong><span class=\"s2\"> hervorragend f\u00fcr Einsteiger. Gleichzeitig ist sie auch f\u00fcr erfahrene Asselhalter eine spannende Farbvariante, die jedes Terrarium optisch bereichert.<\/span><\/p>\n","protected":false},"excerpt":{"rendered":"<p>Porcellio scaber \u201cMoonstone\u201d \u2013 Robuste Assel mit besonderem Look Porcellio scaber \u201cMoonstone\u201d ist eine besonders auff\u00e4llige Farbform der bekannten Asselart Porcellio scaber. Diese Art stammt urspr\u00fcnglich aus Europa, jedoch hat sie sich inzwischen weltweit verbreitet. Gleichzeitig geh\u00f6rt sie zu den robustesten und anpassungsf\u00e4higsten Asseln in der Terraristik. Die Farbform \u201cMoonstone\u201d besitzt eine helle, silbrig bis [&hellip;]<\/p>\n","protected":false},"featured_media":193345,"template":"","meta":{"_acf_changed":false},"product-supplier":[],"product_brand":[],"product_cat":[124],"product_tag":[],"lce-checkout-addons":[1202],"class_list":{"0":"post-193338","1":"product","2":"type-product","3":"status-publish","4":"has-post-thumbnail","6":"product_cat-landasseln-porcellio","7":"product_shipping_class-animal-shipping","8":"pa_herkunft-kosmopolitisch","9":"pa_kontinent-europa","10":"lce-checkout-addons-winterverpackung","12":"first","13":"instock","14":"taxable","15":"shipping-taxable","16":"purchasable","17":"product-type-simple"},"acf":[],"yoast_head":"<!-- This site is optimized with the Yoast SEO Premium plugin v26.8 (Yoast SEO v27.3) - https:\/\/yoast.com\/product\/yoast-seo-premium-wordpress\/ -->\n<title>Porcellio scaber &quot;Moonstone&quot; - Insektenliebe<\/title>\n<meta name=\"description\" content=\"Porcellio scaber \u201cMoonstone\u201d \u2013 au\u00dfergew\u00f6hnliche Assel mit heller, marmorierter Zeichnung. Infos zu Haltung, Terrarium, Feuchtigkeit, Futter und Zucht.\" \/>\n<meta name=\"robots\" content=\"index, follow, max-snippet:-1, max-image-preview:large, max-video-preview:-1\" \/>\n<link rel=\"canonical\" href=\"https:\/\/insektenliebe.com\/de\/shop\/produkt\/porcellio-scaber-moonstone\/\" \/>\n<meta property=\"og:locale\" content=\"de_DE\" \/>\n<meta property=\"og:type\" content=\"article\" \/>\n<meta property=\"og:title\" content=\"Porcellio scaber &quot;Moonstone&quot;\" \/>\n<meta property=\"og:description\" content=\"Porcellio scaber \u201cMoonstone\u201d \u2013 au\u00dfergew\u00f6hnliche Assel mit heller, marmorierter Zeichnung. Infos zu Haltung, Terrarium, Feuchtigkeit, Futter und Zucht.\" \/>\n<meta property=\"og:url\" content=\"https:\/\/insektenliebe.com\/de\/shop\/produkt\/porcellio-scaber-moonstone\/\" \/>\n<meta property=\"og:site_name\" content=\"Insektenliebe\" \/>\n<meta property=\"article:modified_time\" content=\"2026-04-17T15:02:44+00:00\" \/>\n<meta property=\"og:image\" content=\"https:\/\/insektenliebe.com\/wp-content\/uploads\/2026\/03\/Porcellio-scaber-22Moonstone22.jpg\" \/>\n\t<meta property=\"og:image:width\" content=\"820\" \/>\n\t<meta property=\"og:image:height\" content=\"820\" \/>\n\t<meta property=\"og:image:type\" content=\"image\/jpeg\" \/>\n<meta name=\"twitter:card\" content=\"summary_large_image\" \/>\n<meta name=\"twitter:label1\" content=\"Preis\" \/>\n\t<meta name=\"twitter:data1\" content=\"18,00&nbsp;&euro; inkl. MwSt. zzgl. Versand\" \/>\n\t<meta name=\"twitter:label2\" content=\"Verf\u00fcgbarkeit\" \/>\n\t<meta name=\"twitter:data2\" content=\"Auf Lager\" \/>\n<script type=\"application\/ld+json\" class=\"yoast-schema-graph\">{\"@context\":\"https:\\\/\\\/schema.org\",\"@graph\":[{\"@type\":\"WebPage\",\"@id\":\"https:\\\/\\\/insektenliebe.com\\\/de\\\/shop\\\/produkt\\\/porcellio-scaber-moonstone\\\/\",\"url\":\"https:\\\/\\\/insektenliebe.com\\\/de\\\/shop\\\/produkt\\\/porcellio-scaber-moonstone\\\/\",\"name\":\"Porcellio scaber \\\"Moonstone\\\" - Insektenliebe\",\"isPartOf\":{\"@id\":\"https:\\\/\\\/insektenliebe.com\\\/de\\\/#website\"},\"primaryImageOfPage\":{\"@id\":\"https:\\\/\\\/insektenliebe.com\\\/de\\\/shop\\\/produkt\\\/porcellio-scaber-moonstone\\\/#primaryimage\"},\"image\":{\"@id\":\"https:\\\/\\\/insektenliebe.com\\\/de\\\/shop\\\/produkt\\\/porcellio-scaber-moonstone\\\/#primaryimage\"},\"thumbnailUrl\":\"https:\\\/\\\/insektenliebe.com\\\/wp-content\\\/uploads\\\/2026\\\/03\\\/Porcellio-scaber-22Moonstone22.jpg\",\"datePublished\":\"2026-03-11T15:49:19+00:00\",\"dateModified\":\"2026-04-17T15:02:44+00:00\",\"description\":\"Porcellio scaber \u201cMoonstone\u201d \u2013 au\u00dfergew\u00f6hnliche Assel mit heller, marmorierter Zeichnung. Infos zu Haltung, Terrarium, Feuchtigkeit, Futter und Zucht.\",\"breadcrumb\":{\"@id\":\"https:\\\/\\\/insektenliebe.com\\\/de\\\/shop\\\/produkt\\\/porcellio-scaber-moonstone\\\/#breadcrumb\"},\"inLanguage\":\"de\",\"potentialAction\":[{\"@type\":\"ReadAction\",\"target\":[\"https:\\\/\\\/insektenliebe.com\\\/de\\\/shop\\\/produkt\\\/porcellio-scaber-moonstone\\\/\"]}]},{\"@type\":\"ImageObject\",\"inLanguage\":\"de\",\"@id\":\"https:\\\/\\\/insektenliebe.com\\\/de\\\/shop\\\/produkt\\\/porcellio-scaber-moonstone\\\/#primaryimage\",\"url\":\"https:\\\/\\\/insektenliebe.com\\\/wp-content\\\/uploads\\\/2026\\\/03\\\/Porcellio-scaber-22Moonstone22.jpg\",\"contentUrl\":\"https:\\\/\\\/insektenliebe.com\\\/wp-content\\\/uploads\\\/2026\\\/03\\\/Porcellio-scaber-22Moonstone22.jpg\",\"width\":820,\"height\":820,\"caption\":\"Porcellio scaber \\\"Moonstone\\\"\"},{\"@type\":\"BreadcrumbList\",\"@id\":\"https:\\\/\\\/insektenliebe.com\\\/de\\\/shop\\\/produkt\\\/porcellio-scaber-moonstone\\\/#breadcrumb\",\"itemListElement\":[{\"@type\":\"ListItem\",\"position\":1,\"name\":\"Startseite\",\"item\":\"https:\\\/\\\/insektenliebe.com\\\/de\\\/\"},{\"@type\":\"ListItem\",\"position\":2,\"name\":\"Shop\",\"item\":\"https:\\\/\\\/insektenliebe.com\\\/de\\\/shop\\\/\"},{\"@type\":\"ListItem\",\"position\":3,\"name\":\"Porcellio scaber \\\"Moonstone\\\"\"}]},{\"@type\":\"WebSite\",\"@id\":\"https:\\\/\\\/insektenliebe.com\\\/de\\\/#website\",\"url\":\"https:\\\/\\\/insektenliebe.com\\\/de\\\/\",\"name\":\"Insektenliebe\",\"description\":\"Dein Zuhause f\u00fcr die kleinen Lebewesen\",\"publisher\":{\"@id\":\"https:\\\/\\\/insektenliebe.com\\\/de\\\/#organization\"},\"potentialAction\":[{\"@type\":\"SearchAction\",\"target\":{\"@type\":\"EntryPoint\",\"urlTemplate\":\"https:\\\/\\\/insektenliebe.com\\\/de\\\/?s={search_term_string}\"},\"query-input\":{\"@type\":\"PropertyValueSpecification\",\"valueRequired\":true,\"valueName\":\"search_term_string\"}}],\"inLanguage\":\"de\"},{\"@type\":\"Organization\",\"@id\":\"https:\\\/\\\/insektenliebe.com\\\/de\\\/#organization\",\"name\":\"Insektenliebe\",\"url\":\"https:\\\/\\\/insektenliebe.com\\\/de\\\/\",\"logo\":{\"@type\":\"ImageObject\",\"inLanguage\":\"de\",\"@id\":\"https:\\\/\\\/insektenliebe.com\\\/de\\\/#\\\/schema\\\/logo\\\/image\\\/\",\"url\":\"https:\\\/\\\/insektenliebe.com\\\/wp-content\\\/uploads\\\/2025\\\/03\\\/logo-white.png\",\"contentUrl\":\"https:\\\/\\\/insektenliebe.com\\\/wp-content\\\/uploads\\\/2025\\\/03\\\/logo-white.png\",\"width\":288,\"height\":188,\"caption\":\"Insektenliebe\"},\"image\":{\"@id\":\"https:\\\/\\\/insektenliebe.com\\\/de\\\/#\\\/schema\\\/logo\\\/image\\\/\"}}]}<\/script>\n<meta property=\"product:price:amount\" content=\"18.00\" \/>\n<meta property=\"product:price:currency\" content=\"EUR\" \/>\n<meta property=\"og:availability\" content=\"instock\" \/>\n<meta property=\"product:availability\" content=\"instock\" \/>\n<meta property=\"product:retailer_item_id\" content=\"831\" \/>\n<meta property=\"product:condition\" content=\"new\" \/>\n<!-- \/ Yoast SEO Premium plugin. -->","yoast_head_json":{"title":"Porcellio scaber \"Moonstone\" - Insektenliebe","description":"Porcellio scaber \u201cMoonstone\u201d \u2013 au\u00dfergew\u00f6hnliche Assel mit heller, marmorierter Zeichnung. Infos zu Haltung, Terrarium, Feuchtigkeit, Futter und Zucht.","robots":{"index":"index","follow":"follow","max-snippet":"max-snippet:-1","max-image-preview":"max-image-preview:large","max-video-preview":"max-video-preview:-1"},"canonical":"https:\/\/insektenliebe.com\/de\/shop\/produkt\/porcellio-scaber-moonstone\/","og_locale":"de_DE","og_type":"article","og_title":"Porcellio scaber \"Moonstone\"","og_description":"Porcellio scaber \u201cMoonstone\u201d \u2013 au\u00dfergew\u00f6hnliche Assel mit heller, marmorierter Zeichnung. Infos zu Haltung, Terrarium, Feuchtigkeit, Futter und Zucht.","og_url":"https:\/\/insektenliebe.com\/de\/shop\/produkt\/porcellio-scaber-moonstone\/","og_site_name":"Insektenliebe","article_modified_time":"2026-04-17T15:02:44+00:00","og_image":[{"width":820,"height":820,"url":"https:\/\/insektenliebe.com\/wp-content\/uploads\/2026\/03\/Porcellio-scaber-22Moonstone22.jpg","type":"image\/jpeg"}],"twitter_card":"summary_large_image","twitter_misc":{"Preis":"18,00&nbsp;&euro; inkl. MwSt. zzgl. Versand","Verf\u00fcgbarkeit":"Auf Lager"},"schema":{"@context":"https:\/\/schema.org","@graph":[{"@type":"WebPage","@id":"https:\/\/insektenliebe.com\/de\/shop\/produkt\/porcellio-scaber-moonstone\/","url":"https:\/\/insektenliebe.com\/de\/shop\/produkt\/porcellio-scaber-moonstone\/","name":"Porcellio scaber \"Moonstone\" - Insektenliebe","isPartOf":{"@id":"https:\/\/insektenliebe.com\/de\/#website"},"primaryImageOfPage":{"@id":"https:\/\/insektenliebe.com\/de\/shop\/produkt\/porcellio-scaber-moonstone\/#primaryimage"},"image":{"@id":"https:\/\/insektenliebe.com\/de\/shop\/produkt\/porcellio-scaber-moonstone\/#primaryimage"},"thumbnailUrl":"https:\/\/insektenliebe.com\/wp-content\/uploads\/2026\/03\/Porcellio-scaber-22Moonstone22.jpg","datePublished":"2026-03-11T15:49:19+00:00","dateModified":"2026-04-17T15:02:44+00:00","description":"Porcellio scaber \u201cMoonstone\u201d \u2013 au\u00dfergew\u00f6hnliche Assel mit heller, marmorierter Zeichnung. Infos zu Haltung, Terrarium, Feuchtigkeit, Futter und Zucht.","breadcrumb":{"@id":"https:\/\/insektenliebe.com\/de\/shop\/produkt\/porcellio-scaber-moonstone\/#breadcrumb"},"inLanguage":"de","potentialAction":[{"@type":"ReadAction","target":["https:\/\/insektenliebe.com\/de\/shop\/produkt\/porcellio-scaber-moonstone\/"]}]},{"@type":"ImageObject","inLanguage":"de","@id":"https:\/\/insektenliebe.com\/de\/shop\/produkt\/porcellio-scaber-moonstone\/#primaryimage","url":"https:\/\/insektenliebe.com\/wp-content\/uploads\/2026\/03\/Porcellio-scaber-22Moonstone22.jpg","contentUrl":"https:\/\/insektenliebe.com\/wp-content\/uploads\/2026\/03\/Porcellio-scaber-22Moonstone22.jpg","width":820,"height":820,"caption":"Porcellio scaber \"Moonstone\""},{"@type":"BreadcrumbList","@id":"https:\/\/insektenliebe.com\/de\/shop\/produkt\/porcellio-scaber-moonstone\/#breadcrumb","itemListElement":[{"@type":"ListItem","position":1,"name":"Startseite","item":"https:\/\/insektenliebe.com\/de\/"},{"@type":"ListItem","position":2,"name":"Shop","item":"https:\/\/insektenliebe.com\/de\/shop\/"},{"@type":"ListItem","position":3,"name":"Porcellio scaber \"Moonstone\""}]},{"@type":"WebSite","@id":"https:\/\/insektenliebe.com\/de\/#website","url":"https:\/\/insektenliebe.com\/de\/","name":"Insektenliebe","description":"Dein Zuhause f\u00fcr die kleinen Lebewesen","publisher":{"@id":"https:\/\/insektenliebe.com\/de\/#organization"},"potentialAction":[{"@type":"SearchAction","target":{"@type":"EntryPoint","urlTemplate":"https:\/\/insektenliebe.com\/de\/?s={search_term_string}"},"query-input":{"@type":"PropertyValueSpecification","valueRequired":true,"valueName":"search_term_string"}}],"inLanguage":"de"},{"@type":"Organization","@id":"https:\/\/insektenliebe.com\/de\/#organization","name":"Insektenliebe","url":"https:\/\/insektenliebe.com\/de\/","logo":{"@type":"ImageObject","inLanguage":"de","@id":"https:\/\/insektenliebe.com\/de\/#\/schema\/logo\/image\/","url":"https:\/\/insektenliebe.com\/wp-content\/uploads\/2025\/03\/logo-white.png","contentUrl":"https:\/\/insektenliebe.com\/wp-content\/uploads\/2025\/03\/logo-white.png","width":288,"height":188,"caption":"Insektenliebe"},"image":{"@id":"https:\/\/insektenliebe.com\/de\/#\/schema\/logo\/image\/"}}]},"product_price_amount":"18.00","product_price_currency":"EUR","og_availability":"instock","product_availability":"instock","product_retailer_item_id":"831","product_condition":"new"},"_links":{"self":[{"href":"https:\/\/insektenliebe.com\/de\/wp-json\/wp\/v2\/product\/193338","targetHints":{"allow":["GET"]}}],"collection":[{"href":"https:\/\/insektenliebe.com\/de\/wp-json\/wp\/v2\/product"}],"about":[{"href":"https:\/\/insektenliebe.com\/de\/wp-json\/wp\/v2\/types\/product"}],"wp:featuredmedia":[{"embeddable":true,"href":"https:\/\/insektenliebe.com\/de\/wp-json\/wp\/v2\/media\/193345"}],"wp:attachment":[{"href":"https:\/\/insektenliebe.com\/de\/wp-json\/wp\/v2\/media?parent=193338"}],"wp:term":[{"taxonomy":"product-supplier","embeddable":true,"href":"https:\/\/insektenliebe.com\/de\/wp-json\/wp\/v2\/product-supplier?post=193338"},{"taxonomy":"product_brand","embeddable":true,"href":"https:\/\/insektenliebe.com\/de\/wp-json\/wp\/v2\/product_brand?post=193338"},{"taxonomy":"product_cat","embeddable":true,"href":"https:\/\/insektenliebe.com\/de\/wp-json\/wp\/v2\/product_cat?post=193338"},{"taxonomy":"product_tag","embeddable":true,"href":"https:\/\/insektenliebe.com\/de\/wp-json\/wp\/v2\/product_tag?post=193338"},{"taxonomy":"lce-checkout-addons","embeddable":true,"href":"https:\/\/insektenliebe.com\/de\/wp-json\/wp\/v2\/lce-checkout-addons?post=193338"}],"curies":[{"name":"wp","href":"https:\/\/api.w.org\/{rel}","templated":true}]}}