{"id":178010,"date":"2026-04-02T09:52:52","date_gmt":"2026-04-02T07:52:52","guid":{"rendered":"https:\/\/insektenliebe.com\/?post_type=product&#038;p=178010"},"modified":"2026-04-02T11:52:43","modified_gmt":"2026-04-02T09:52:43","slug":"insektenliebe-heimchen-und-grillenzucht-komplettset","status":"publish","type":"product","link":"https:\/\/insektenliebe.com\/de\/shop\/produkt\/insektenliebe-heimchen-und-grillenzucht-komplettset\/","title":{"rendered":"Insektenliebe Heimchen- und Grillenzucht Komplettset"},"content":{"rendered":"<h3 class=\"p1\"><span style=\"color: #99cc33;\"><strong><span class=\"s1\">Insektenliebe Heimchen &amp; Grillen Zucht Komplettset \u2013 Einfach z\u00fcchten, dauerhaft sparen<\/span><\/strong><\/span><\/h3>\n<p class=\"p1\"><span class=\"s1\">Mit dem <strong>Insektenliebe Heimchen- und Grillenzucht Komplettset<\/strong> erh\u00e4ltst du ein vollst\u00e4ndig durchdachtes System, mit dem du sofort in die eigene Futtertierzucht starten kannst. Alles ist aufeinander abgestimmt. Du musst nichts zusammensuchen. Du kannst direkt loslegen.<\/span><\/p>\n<p class=\"p1\"><span class=\"s1\">Das Herzst\u00fcck bildet der stabile Zuchtbeh\u00e4lter mit den Ma\u00dfen 39 \u00d7 28 \u00d7 28 cm. Vier integrierte Bel\u00fcftungsl\u00f6cher mit Kunststoff-L\u00fcftungsgitter sorgen f\u00fcr eine gute Luftzirkulation. Gleichzeitig bleibt die Box sicher verschlossen. Vier robuste Clips halten den Deckel zuverl\u00e4ssig an Ort und Stelle. So bleiben die Tiere dort, wo sie hingeh\u00f6ren.<\/span><\/p>\n<p class=\"p1\"><span class=\"s1\">Im Set enthalten ist hochwertiges Heimchen- und Grillenfutter. Damit versorgst du deine Zuchttiere optimal. Zus\u00e4tzlich liegt eine separate Rundschale bei. So bleibt das Futter sauber und trocken. Eine Magnettr\u00e4nke erm\u00f6glicht den Tieren jederzeit sicheren Zugang zu Wasser. Ein Bodensubstrat f\u00fcr die Heimchen ist nicht sinnvoll und ist auch nicht enthalten.\u00a0<\/span><\/p>\n<p class=\"p1\"><span class=\"s1\">Der beiliegende Eierkarton schafft Struktur und bietet viele Versteckm\u00f6glichkeiten. Das reduziert Stress. Gleichzeitig vergr\u00f6\u00dfert es die nutzbare Fl\u00e4che in der Box. Heimchen und Grillen f\u00fchlen sich dadurch deutlich wohler. Das f\u00f6rdert Aktivit\u00e4t und Paarungsverhalten.<\/span><\/p>\n<p class=\"p1\"><span class=\"s1\">F\u00fcr die Eiablage liegen zwei Kokoshumusstabs bei. Er dient als ideales Substrat f\u00fcr die Eiablage. Erg\u00e4nzt wird das System durch zwei 125 ml Dose mit Schutzgitter und Steg. \u00dcber diesen Steg laufen die Heimchen nach oben in die Dose. Dort legen sie ihre Eier ab. Das Gitter verhindert zuverl\u00e4ssig, dass die Tiere anschlie\u00dfend die eigenen Eier wieder auffressen. Dadurch steigen die Schlupfraten deutlich. Die zweite Dose und Kokoshumustab kann im Austausch verwendet werden. Die Inkubationszeit der Eier liegt je nach Temperatur zwischen 10-14 Tage.\u00a0\u00a0<\/span><\/p>\n<p class=\"p1\"><span class=\"s1\">Dieses Komplettset eignet sich perfekt f\u00fcr Einsteiger. Aber auch erfahrene Halter profitieren von der einfachen Handhabung. Du produzierst deine Futtertiere selbst. Du sparst Geld. Und du hast jederzeit frische, gesunde Futterinsekten zur Verf\u00fcgung.<\/span><\/p>\n<p class=\"p1\"><span class=\"s1\">Mit dem <strong>Insektenliebe Heimchen- und Grillenzucht Komplettset<\/strong> bekommst du ein durchdachtes System, das funktioniert. Einfach aufbauen. Tiere einsetzen. Und schon l\u00e4uft deine eigene Zucht.<\/span><\/p>\n<p><strong>Lieferumfang:<br \/>\n<\/strong>1x Beh\u00e4lter 39 x 28 x 28 cm \/ 22L<br \/>\n2x L\u00fcftungsgitter Kunststoff \u00d8 5 cm<br \/>\n4x Verschlussclips<br \/>\n1x Magnettr\u00e4nke 50 ml<br \/>\n1x Insektenliebe Rundschale 60 mm<br \/>\n1x Heimchen &amp; Grillenfutter<br \/>\n2x Kokoshumus Tab KT-250<br \/>\n1x Heimchen Eiablage-Set<br \/>\n2x 125 ml Beh\u00e4lter<br \/>\n2x halbierte Eierkartons<br \/>\n1x Aufkleber \"Artnamen\"<\/p>\n","protected":false},"excerpt":{"rendered":"<p>Insektenliebe Heimchen &amp; Grillen Zucht Komplettset \u2013 Einfach z\u00fcchten, dauerhaft sparen Mit dem Insektenliebe Heimchen- und Grillenzucht Komplettset erh\u00e4ltst du ein vollst\u00e4ndig durchdachtes System, mit dem du sofort in die eigene Futtertierzucht starten kannst. Alles ist aufeinander abgestimmt. Du musst nichts zusammensuchen. Du kannst direkt loslegen. Das Herzst\u00fcck bildet der stabile Zuchtbeh\u00e4lter mit den Ma\u00dfen [&hellip;]<\/p>\n","protected":false},"featured_media":194730,"template":"","meta":{"_acf_changed":false},"product-supplier":[2691],"product_brand":[1414],"product_cat":[2656],"product_tag":[],"lce-checkout-addons":[],"class_list":{"0":"post-178010","1":"product","2":"type-product","3":"status-publish","4":"has-post-thumbnail","6":"product_brand-insektenliebe","7":"product_cat-komplettsets","8":"product_shipping_class-equipment-shipping","10":"first","11":"instock","12":"sale","13":"taxable","14":"shipping-taxable","15":"purchasable","16":"product-type-simple"},"acf":[],"yoast_head":"<!-- This site is optimized with the Yoast SEO Premium plugin v26.8 (Yoast SEO v27.3) - https:\/\/yoast.com\/product\/yoast-seo-premium-wordpress\/ -->\n<title>Insektenliebe Heimchen- und Grillenzucht Komplettset - Insektenliebe<\/title>\n<meta name=\"description\" content=\"Insektenliebe Heimchen &amp; Grillen Zucht Komplettset \u2013 alles f\u00fcr den sofortigen Start der eigenen Futtertierzucht in einem Set.\" \/>\n<meta name=\"robots\" content=\"index, follow, max-snippet:-1, max-image-preview:large, max-video-preview:-1\" \/>\n<link rel=\"canonical\" href=\"https:\/\/insektenliebe.com\/de\/shop\/produkt\/insektenliebe-heimchen-und-grillenzucht-komplettset\/\" \/>\n<meta property=\"og:locale\" content=\"de_DE\" \/>\n<meta property=\"og:type\" content=\"article\" \/>\n<meta property=\"og:title\" content=\"Insektenliebe Heimchen- und Grillenzucht Komplettset\" \/>\n<meta property=\"og:description\" content=\"Insektenliebe Heimchen &amp; Grillen Zucht Komplettset \u2013 alles f\u00fcr den sofortigen Start der eigenen Futtertierzucht in einem Set.\" \/>\n<meta property=\"og:url\" content=\"https:\/\/insektenliebe.com\/de\/shop\/produkt\/insektenliebe-heimchen-und-grillenzucht-komplettset\/\" \/>\n<meta property=\"og:site_name\" content=\"Insektenliebe\" \/>\n<meta property=\"article:modified_time\" content=\"2026-04-02T09:52:43+00:00\" \/>\n<meta property=\"og:image\" content=\"https:\/\/insektenliebe.com\/wp-content\/uploads\/2026\/02\/Insektenliebe-Heimchen-und-Grillenzucht-Komplettset-1.jpg\" \/>\n\t<meta property=\"og:image:width\" content=\"820\" \/>\n\t<meta property=\"og:image:height\" content=\"820\" \/>\n\t<meta property=\"og:image:type\" content=\"image\/jpeg\" \/>\n<meta name=\"twitter:card\" content=\"summary_large_image\" \/>\n<meta name=\"twitter:label1\" content=\"Preis\" \/>\n\t<meta name=\"twitter:data1\" content=\"39,99&nbsp;&euro; inkl. MwSt. zzgl. Versand\" \/>\n\t<meta name=\"twitter:label2\" content=\"Verf\u00fcgbarkeit\" \/>\n\t<meta name=\"twitter:data2\" content=\"Auf Lager\" \/>\n<script type=\"application\/ld+json\" class=\"yoast-schema-graph\">{\"@context\":\"https:\\\/\\\/schema.org\",\"@graph\":[{\"@type\":\"WebPage\",\"@id\":\"https:\\\/\\\/insektenliebe.com\\\/de\\\/shop\\\/produkt\\\/insektenliebe-heimchen-und-grillenzucht-komplettset\\\/\",\"url\":\"https:\\\/\\\/insektenliebe.com\\\/de\\\/shop\\\/produkt\\\/insektenliebe-heimchen-und-grillenzucht-komplettset\\\/\",\"name\":\"Insektenliebe Heimchen- und Grillenzucht Komplettset - Insektenliebe\",\"isPartOf\":{\"@id\":\"https:\\\/\\\/insektenliebe.com\\\/de\\\/#website\"},\"primaryImageOfPage\":{\"@id\":\"https:\\\/\\\/insektenliebe.com\\\/de\\\/shop\\\/produkt\\\/insektenliebe-heimchen-und-grillenzucht-komplettset\\\/#primaryimage\"},\"image\":{\"@id\":\"https:\\\/\\\/insektenliebe.com\\\/de\\\/shop\\\/produkt\\\/insektenliebe-heimchen-und-grillenzucht-komplettset\\\/#primaryimage\"},\"thumbnailUrl\":\"https:\\\/\\\/insektenliebe.com\\\/wp-content\\\/uploads\\\/2026\\\/02\\\/Insektenliebe-Heimchen-und-Grillenzucht-Komplettset-1.jpg\",\"datePublished\":\"2026-04-02T07:52:52+00:00\",\"dateModified\":\"2026-04-02T09:52:43+00:00\",\"description\":\"Insektenliebe Heimchen & Grillen Zucht Komplettset \u2013 alles f\u00fcr den sofortigen Start der eigenen Futtertierzucht in einem Set.\",\"breadcrumb\":{\"@id\":\"https:\\\/\\\/insektenliebe.com\\\/de\\\/shop\\\/produkt\\\/insektenliebe-heimchen-und-grillenzucht-komplettset\\\/#breadcrumb\"},\"inLanguage\":\"de\",\"potentialAction\":[{\"@type\":\"ReadAction\",\"target\":[\"https:\\\/\\\/insektenliebe.com\\\/de\\\/shop\\\/produkt\\\/insektenliebe-heimchen-und-grillenzucht-komplettset\\\/\"]}]},{\"@type\":\"ImageObject\",\"inLanguage\":\"de\",\"@id\":\"https:\\\/\\\/insektenliebe.com\\\/de\\\/shop\\\/produkt\\\/insektenliebe-heimchen-und-grillenzucht-komplettset\\\/#primaryimage\",\"url\":\"https:\\\/\\\/insektenliebe.com\\\/wp-content\\\/uploads\\\/2026\\\/02\\\/Insektenliebe-Heimchen-und-Grillenzucht-Komplettset-1.jpg\",\"contentUrl\":\"https:\\\/\\\/insektenliebe.com\\\/wp-content\\\/uploads\\\/2026\\\/02\\\/Insektenliebe-Heimchen-und-Grillenzucht-Komplettset-1.jpg\",\"width\":820,\"height\":820,\"caption\":\"Insektenliebe Heimchen- und Grillenzucht Komplettset\"},{\"@type\":\"BreadcrumbList\",\"@id\":\"https:\\\/\\\/insektenliebe.com\\\/de\\\/shop\\\/produkt\\\/insektenliebe-heimchen-und-grillenzucht-komplettset\\\/#breadcrumb\",\"itemListElement\":[{\"@type\":\"ListItem\",\"position\":1,\"name\":\"Startseite\",\"item\":\"https:\\\/\\\/insektenliebe.com\\\/de\\\/\"},{\"@type\":\"ListItem\",\"position\":2,\"name\":\"Shop\",\"item\":\"https:\\\/\\\/insektenliebe.com\\\/de\\\/shop\\\/\"},{\"@type\":\"ListItem\",\"position\":3,\"name\":\"Insektenliebe Heimchen- und Grillenzucht Komplettset\"}]},{\"@type\":\"WebSite\",\"@id\":\"https:\\\/\\\/insektenliebe.com\\\/de\\\/#website\",\"url\":\"https:\\\/\\\/insektenliebe.com\\\/de\\\/\",\"name\":\"Insektenliebe\",\"description\":\"Dein Zuhause f\u00fcr die kleinen Lebewesen\",\"publisher\":{\"@id\":\"https:\\\/\\\/insektenliebe.com\\\/de\\\/#organization\"},\"potentialAction\":[{\"@type\":\"SearchAction\",\"target\":{\"@type\":\"EntryPoint\",\"urlTemplate\":\"https:\\\/\\\/insektenliebe.com\\\/de\\\/?s={search_term_string}\"},\"query-input\":{\"@type\":\"PropertyValueSpecification\",\"valueRequired\":true,\"valueName\":\"search_term_string\"}}],\"inLanguage\":\"de\"},{\"@type\":\"Organization\",\"@id\":\"https:\\\/\\\/insektenliebe.com\\\/de\\\/#organization\",\"name\":\"Insektenliebe\",\"url\":\"https:\\\/\\\/insektenliebe.com\\\/de\\\/\",\"logo\":{\"@type\":\"ImageObject\",\"inLanguage\":\"de\",\"@id\":\"https:\\\/\\\/insektenliebe.com\\\/de\\\/#\\\/schema\\\/logo\\\/image\\\/\",\"url\":\"https:\\\/\\\/insektenliebe.com\\\/wp-content\\\/uploads\\\/2025\\\/03\\\/logo-white.png\",\"contentUrl\":\"https:\\\/\\\/insektenliebe.com\\\/wp-content\\\/uploads\\\/2025\\\/03\\\/logo-white.png\",\"width\":288,\"height\":188,\"caption\":\"Insektenliebe\"},\"image\":{\"@id\":\"https:\\\/\\\/insektenliebe.com\\\/de\\\/#\\\/schema\\\/logo\\\/image\\\/\"}}]}<\/script>\n<meta property=\"product:price:amount\" content=\"39.99\" \/>\n<meta property=\"product:price:currency\" content=\"EUR\" \/>\n<meta property=\"og:availability\" content=\"instock\" \/>\n<meta property=\"product:availability\" content=\"instock\" \/>\n<meta property=\"product:retailer_item_id\" content=\"805\" \/>\n<meta property=\"product:condition\" content=\"new\" \/>\n<!-- \/ Yoast SEO Premium plugin. -->","yoast_head_json":{"title":"Insektenliebe Heimchen- und Grillenzucht Komplettset - Insektenliebe","description":"Insektenliebe Heimchen & Grillen Zucht Komplettset \u2013 alles f\u00fcr den sofortigen Start der eigenen Futtertierzucht in einem Set.","robots":{"index":"index","follow":"follow","max-snippet":"max-snippet:-1","max-image-preview":"max-image-preview:large","max-video-preview":"max-video-preview:-1"},"canonical":"https:\/\/insektenliebe.com\/de\/shop\/produkt\/insektenliebe-heimchen-und-grillenzucht-komplettset\/","og_locale":"de_DE","og_type":"article","og_title":"Insektenliebe Heimchen- und Grillenzucht Komplettset","og_description":"Insektenliebe Heimchen & Grillen Zucht Komplettset \u2013 alles f\u00fcr den sofortigen Start der eigenen Futtertierzucht in einem Set.","og_url":"https:\/\/insektenliebe.com\/de\/shop\/produkt\/insektenliebe-heimchen-und-grillenzucht-komplettset\/","og_site_name":"Insektenliebe","article_modified_time":"2026-04-02T09:52:43+00:00","og_image":[{"width":820,"height":820,"url":"https:\/\/insektenliebe.com\/wp-content\/uploads\/2026\/02\/Insektenliebe-Heimchen-und-Grillenzucht-Komplettset-1.jpg","type":"image\/jpeg"}],"twitter_card":"summary_large_image","twitter_misc":{"Preis":"39,99&nbsp;&euro; inkl. MwSt. zzgl. Versand","Verf\u00fcgbarkeit":"Auf Lager"},"schema":{"@context":"https:\/\/schema.org","@graph":[{"@type":"WebPage","@id":"https:\/\/insektenliebe.com\/de\/shop\/produkt\/insektenliebe-heimchen-und-grillenzucht-komplettset\/","url":"https:\/\/insektenliebe.com\/de\/shop\/produkt\/insektenliebe-heimchen-und-grillenzucht-komplettset\/","name":"Insektenliebe Heimchen- und Grillenzucht Komplettset - Insektenliebe","isPartOf":{"@id":"https:\/\/insektenliebe.com\/de\/#website"},"primaryImageOfPage":{"@id":"https:\/\/insektenliebe.com\/de\/shop\/produkt\/insektenliebe-heimchen-und-grillenzucht-komplettset\/#primaryimage"},"image":{"@id":"https:\/\/insektenliebe.com\/de\/shop\/produkt\/insektenliebe-heimchen-und-grillenzucht-komplettset\/#primaryimage"},"thumbnailUrl":"https:\/\/insektenliebe.com\/wp-content\/uploads\/2026\/02\/Insektenliebe-Heimchen-und-Grillenzucht-Komplettset-1.jpg","datePublished":"2026-04-02T07:52:52+00:00","dateModified":"2026-04-02T09:52:43+00:00","description":"Insektenliebe Heimchen & Grillen Zucht Komplettset \u2013 alles f\u00fcr den sofortigen Start der eigenen Futtertierzucht in einem Set.","breadcrumb":{"@id":"https:\/\/insektenliebe.com\/de\/shop\/produkt\/insektenliebe-heimchen-und-grillenzucht-komplettset\/#breadcrumb"},"inLanguage":"de","potentialAction":[{"@type":"ReadAction","target":["https:\/\/insektenliebe.com\/de\/shop\/produkt\/insektenliebe-heimchen-und-grillenzucht-komplettset\/"]}]},{"@type":"ImageObject","inLanguage":"de","@id":"https:\/\/insektenliebe.com\/de\/shop\/produkt\/insektenliebe-heimchen-und-grillenzucht-komplettset\/#primaryimage","url":"https:\/\/insektenliebe.com\/wp-content\/uploads\/2026\/02\/Insektenliebe-Heimchen-und-Grillenzucht-Komplettset-1.jpg","contentUrl":"https:\/\/insektenliebe.com\/wp-content\/uploads\/2026\/02\/Insektenliebe-Heimchen-und-Grillenzucht-Komplettset-1.jpg","width":820,"height":820,"caption":"Insektenliebe Heimchen- und Grillenzucht Komplettset"},{"@type":"BreadcrumbList","@id":"https:\/\/insektenliebe.com\/de\/shop\/produkt\/insektenliebe-heimchen-und-grillenzucht-komplettset\/#breadcrumb","itemListElement":[{"@type":"ListItem","position":1,"name":"Startseite","item":"https:\/\/insektenliebe.com\/de\/"},{"@type":"ListItem","position":2,"name":"Shop","item":"https:\/\/insektenliebe.com\/de\/shop\/"},{"@type":"ListItem","position":3,"name":"Insektenliebe Heimchen- und Grillenzucht Komplettset"}]},{"@type":"WebSite","@id":"https:\/\/insektenliebe.com\/de\/#website","url":"https:\/\/insektenliebe.com\/de\/","name":"Insektenliebe","description":"Dein Zuhause f\u00fcr die kleinen Lebewesen","publisher":{"@id":"https:\/\/insektenliebe.com\/de\/#organization"},"potentialAction":[{"@type":"SearchAction","target":{"@type":"EntryPoint","urlTemplate":"https:\/\/insektenliebe.com\/de\/?s={search_term_string}"},"query-input":{"@type":"PropertyValueSpecification","valueRequired":true,"valueName":"search_term_string"}}],"inLanguage":"de"},{"@type":"Organization","@id":"https:\/\/insektenliebe.com\/de\/#organization","name":"Insektenliebe","url":"https:\/\/insektenliebe.com\/de\/","logo":{"@type":"ImageObject","inLanguage":"de","@id":"https:\/\/insektenliebe.com\/de\/#\/schema\/logo\/image\/","url":"https:\/\/insektenliebe.com\/wp-content\/uploads\/2025\/03\/logo-white.png","contentUrl":"https:\/\/insektenliebe.com\/wp-content\/uploads\/2025\/03\/logo-white.png","width":288,"height":188,"caption":"Insektenliebe"},"image":{"@id":"https:\/\/insektenliebe.com\/de\/#\/schema\/logo\/image\/"}}]},"product_price_amount":"39.99","product_price_currency":"EUR","og_availability":"instock","product_availability":"instock","product_retailer_item_id":"805","product_condition":"new"},"_links":{"self":[{"href":"https:\/\/insektenliebe.com\/de\/wp-json\/wp\/v2\/product\/178010","targetHints":{"allow":["GET"]}}],"collection":[{"href":"https:\/\/insektenliebe.com\/de\/wp-json\/wp\/v2\/product"}],"about":[{"href":"https:\/\/insektenliebe.com\/de\/wp-json\/wp\/v2\/types\/product"}],"wp:featuredmedia":[{"embeddable":true,"href":"https:\/\/insektenliebe.com\/de\/wp-json\/wp\/v2\/media\/194730"}],"wp:attachment":[{"href":"https:\/\/insektenliebe.com\/de\/wp-json\/wp\/v2\/media?parent=178010"}],"wp:term":[{"taxonomy":"product-supplier","embeddable":true,"href":"https:\/\/insektenliebe.com\/de\/wp-json\/wp\/v2\/product-supplier?post=178010"},{"taxonomy":"product_brand","embeddable":true,"href":"https:\/\/insektenliebe.com\/de\/wp-json\/wp\/v2\/product_brand?post=178010"},{"taxonomy":"product_cat","embeddable":true,"href":"https:\/\/insektenliebe.com\/de\/wp-json\/wp\/v2\/product_cat?post=178010"},{"taxonomy":"product_tag","embeddable":true,"href":"https:\/\/insektenliebe.com\/de\/wp-json\/wp\/v2\/product_tag?post=178010"},{"taxonomy":"lce-checkout-addons","embeddable":true,"href":"https:\/\/insektenliebe.com\/de\/wp-json\/wp\/v2\/lce-checkout-addons?post=178010"}],"curies":[{"name":"wp","href":"https:\/\/api.w.org\/{rel}","templated":true}]}}